{"id":765,"date":"2020-10-15T13:54:26","date_gmt":"2020-10-15T13:54:26","guid":{"rendered":"https:\/\/praguetouristinformation.com\/es\/?page_id=765"},"modified":"2023-05-03T10:02:36","modified_gmt":"2023-05-03T10:02:36","slug":"compras","status":"publish","type":"page","link":"https:\/\/praguetouristinformation.com\/es\/compras","title":{"rendered":"Gu\u00eda de compras de Praga: \u00bfD\u00f3nde y qu\u00e9 comprar?"},"content":{"rendered":"<h1 style=\"\">Gu\u00eda de compras de Praga<\/h1>\n<p style=\"\">\u00bfD\u00f3nde y qu\u00e9 puedo comprar en Praga?<\/p>\n<p style=\"\">\n<p style=\"\">Aqu\u00ed est\u00e1 nuestra lista de las mejores calles comerciales, centros comerciales y mercados de Praga.&nbsp;<\/p>\n<h2 id=\"t-1594796653444\" style=\"\">Consejos de Compras&nbsp;<\/h2>\n<p>Praga es la metr\u00f3poli comercial de la Rep\u00fablica Checa. Grandes almacenes, calles comerciales, peque\u00f1as boutiques y mercados se dan cita aqu\u00ed.&nbsp;<\/p>\n<p>Todo est\u00e1 incluido entre ideas freaky, moda de dise\u00f1ador y marcas de lujo.&nbsp;<\/p>\n<p>La mayor densidad de direcciones de compras de moda se puede encontrar en la llamada \u00abCruz Dorada\u00bb, no lejos de la Plaza de <a href=\"https:\/\/praguetouristinformation.com\/es\/cosas-que-hacer\/ciudad-vieja\/plaza-de-wenceslao\" target=\"_blank\" style=\"outline: none;\" rel=\"noopener\">Wenceslao<\/a> y la Plaza de la <a href=\"https:\/\/praguetouristinformation.com\/es\/cosas-que-hacer\/ciudad-vieja\/anillo-de-la-ciudad-vieja\" target=\"_blank\" style=\"outline: none;\" rel=\"noopener\">Ciudad Vieja. <\/a>Las marcas de lujo se han instalado en Pariser Strasse, la famosa <a href=\"https:\/\/praguetouristinformation.com\/es\/compras\/centro-comercial\" target=\"_blank\" style=\"outline: none;\" rel=\"noopener\">calle comercial<\/a> que forma una transici\u00f3n entre el casco antiguo y el nuevo.<\/p>\n<p><!--[if !supportLineBreakNewLine]-->Justo en la Plaza de la Rep\u00fablica se encuentra el Palladium, el <a href=\"https:\/\/praguetouristinformation.com\/es\/compras\/centro-comercial\" target=\"_blank\" style=\"outline: none;\" rel=\"noopener\">centro comercial<\/a> m\u00e1s grande y famoso de Praga . Peque\u00f1as boutiques alrededor de Wenceslao Square venden moda individual.&nbsp;<\/p>\n<p>El mercado de Havel, el Havelsk\u00e9 tr\u017ei\u0161t\u011b, con sus puestos, caf\u00e9s y restaurantes es famoso.&nbsp;<\/p>\n<h3 id=\"t-1594796653445\">Horario de apertura en Praga<\/h3>\n<p>Las tiendas en Praga generalmente abren de lunes a s\u00e1bado, y muchas tambi\u00e9n abren los domingos. Los supermercados suelen abrir a partir de las 7:00 a. m., los minoristas de moda desde las 9:00 a. m. Los supermercados cierran a las 20:00 como muy tarde, a veces hasta las 19:00. Las tiendas normales cierran a las 20:00 como muy tarde.&nbsp;<\/p>\n<p><strong><span style=\"color: var(ca1c1);\">Fin de semana:<\/span><\/strong> Dado que no existe una ley de cierre de tiendas, las tiendas tambi\u00e9n pueden estar abiertas los domingos. Los grandes centros comerciales y las boutiques del centro de la ciudad en particular suelen estar abiertos desde el mediod\u00eda hasta bien entrada la noche.&nbsp;<\/p>\n<h2 style=\"text-align: center;\" id=\"t-1594796653446\">Lugares t\u00edpicos para ir de compras<\/h2>\n<p style=\"text-align: center;\">Resumen de las calles comerciales, centros comerciales y mercados.<\/p>\n<p><a href=\"https:\/\/praguetouristinformation.com\/es\/compras\/mercados\" dynamic-postlink=\"tcb_post_the_permalink\" data-shortcode-id=\"200\"><\/a><\/p>\n<h3 style=\"text-align: center; padding-top: 0px !important; margin-top: 0px !important;\" id=\"t-1670487019827\"><span data-attr-link=\"1\" data-attr-rel=\"0\" data-attr-target=\"0\" data-extra_key=\"\" data-option-inline=\"1\" data-shortcode=\"tcb_post_title\" data-shortcode-name=\"Post title\" data-attr-css=\"\" style=\"\" data-attr-static-link=\"{&quot;className&quot;:&quot;&quot;,&quot;href&quot;:&quot;https:\/\/praguetouristinformation.com\/es\/compras\/mercados&quot;,&quot;title&quot;:&quot;Los 5 mejores mercados de Praga: informaci\u00f3n, consejos y visitas&quot;,&quot;class&quot;:&quot;&quot;}\"><a href=\"https:\/\/praguetouristinformation.com\/es\/compras\/mercados\" title=\"Los 5 mejores mercados de Praga: informaci\u00f3n, consejos y visitas\" data-css=\"\">Los 5 mejores mercados de Praga: informaci\u00f3n, consejos y visitas<\/a><\/span><\/h3>\n<p>Los mercados de Praga tienen mucho que ofrecer: productos frescos, <a href=\"https:\/\/praguetouristinformation.com\/es\/compras\/mercados#more-1109\">&#8230;<\/a><\/p>\n<p><a href=\"https:\/\/praguetouristinformation.com\/es\/compras\/mercados\"><span style=\"\"><span style=\"\"><strong>sigue leyendo<\/strong><\/span><\/span><\/a><a href=\"https:\/\/praguetouristinformation.com\/es\/compras\/centro-comercial\" dynamic-postlink=\"tcb_post_the_permalink\" data-shortcode-id=\"200\"><\/a><\/p>\n<h3 style=\"text-align: center; padding-top: 0px !important; margin-top: 0px !important;\" id=\"t-1670487019827\"><span data-attr-link=\"1\" data-attr-rel=\"0\" data-attr-target=\"0\" data-extra_key=\"\" data-option-inline=\"1\" data-shortcode=\"tcb_post_title\" data-shortcode-name=\"Post title\" data-attr-css=\"\" style=\"\" data-attr-static-link=\"{&quot;className&quot;:&quot;&quot;,&quot;href&quot;:&quot;https:\/\/praguetouristinformation.com\/es\/compras\/mercados&quot;,&quot;title&quot;:&quot;Los 5 mejores mercados de Praga: informaci\u00f3n, consejos y visitas&quot;,&quot;class&quot;:&quot;&quot;}\"><a href=\"https:\/\/praguetouristinformation.com\/es\/compras\/centro-comercial\" title=\"9 Mejores Centros Comerciales en Praga [Con Mapa]\" data-css=\"\">9 Mejores Centros Comerciales en Praga [Con Mapa]<\/a><\/span><\/h3>\n<p>Aqu\u00ed hay una selecci\u00f3n de centros comerciales interesantes en Praga.Son <a href=\"https:\/\/praguetouristinformation.com\/es\/compras\/centro-comercial#more-200\">&#8230;<\/a><\/p>\n<p><a href=\"https:\/\/praguetouristinformation.com\/es\/compras\/centro-comercial\"><span style=\"\"><span style=\"\"><strong>sigue leyendo<\/strong><\/span><\/span><\/a><a href=\"https:\/\/praguetouristinformation.com\/es\/compras\/calles-comerciales\" dynamic-postlink=\"tcb_post_the_permalink\" data-shortcode-id=\"200\"><\/a><\/p>\n<h3 style=\"text-align: center; padding-top: 0px !important; margin-top: 0px !important;\" id=\"t-1670487019827\"><span data-attr-link=\"1\" data-attr-rel=\"0\" data-attr-target=\"0\" data-extra_key=\"\" data-option-inline=\"1\" data-shortcode=\"tcb_post_title\" data-shortcode-name=\"Post title\" data-attr-css=\"\" style=\"\" data-attr-static-link=\"{&quot;className&quot;:&quot;&quot;,&quot;href&quot;:&quot;https:\/\/praguetouristinformation.com\/es\/compras\/mercados&quot;,&quot;title&quot;:&quot;Los 5 mejores mercados de Praga: informaci\u00f3n, consejos y visitas&quot;,&quot;class&quot;:&quot;&quot;}\"><a href=\"https:\/\/praguetouristinformation.com\/es\/compras\/calles-comerciales\" title=\"6 Buenas calles comerciales en Praga [con mapa]\" data-css=\"\">6 Buenas calles comerciales en Praga [con mapa]<\/a><\/span><\/h3>\n<p>Puedes ir de compras a todas partes en Praga y <a href=\"https:\/\/praguetouristinformation.com\/es\/compras\/calles-comerciales#more-202\">&#8230;<\/a><\/p>\n<p><a href=\"https:\/\/praguetouristinformation.com\/es\/compras\/calles-comerciales\"><span style=\"\"><span style=\"\"><strong>sigue leyendo<\/strong><\/span><\/span><\/a><a href=\"javascript:void(0)\"><span style=\"\"><span style=\"\">Load More<\/span><\/span><\/a><\/p>\n<h2 style=\"text-align: center; font-size: 34px !important;\" id=\"t-1670487019830\">Recuerdos de Praga<\/h2>\n<p style=\"text-align: center;\">\u00bfQu\u00e9 puedo llevarme a casa desde Praga?<\/p>\n<h3 id=\"t-1594796653443\" style=\"\"><span data-attr-css=\"tve-u-1735135c571\" data-attr-link=\"1\" data-attr-rel=\"0\" data-attr-target=\"0\" data-extra_key=\"\" data-option-inline=\"1\" data-shortcode=\"tcb_post_title\" data-shortcode-name=\"Post title\" data-attr-static-link=\"{&quot;className&quot;:&quot;&quot;,&quot;href&quot;:&quot;https:\/\/praguetouristinformation.com\/es\/compras\/recuerdos&quot;,&quot;title&quot;:&quot;18 Mejores recuerdos de Praga&quot;,&quot;data-css&quot;:&quot;tve-u-1735135c571&quot;,&quot;class&quot;:&quot;&quot;}\" style=\"\"><a href=\"https:\/\/praguetouristinformation.com\/es\/compras\/recuerdos\" title=\"18 Mejores recuerdos de Praga\">18 Mejores recuerdos de Praga<\/a><\/span><\/h3>\n<p><a href=\"javascript:void(0)\"><span style=\"\"><span style=\"\">Load More<\/span><\/span><\/a><\/p>\n<h2 style=\"text-align: center; font-size: 34px !important;\" id=\"t-1594796653442\">Lugares conocidos para ir de compras.<\/h2>\n<p style=\"text-align: center;\">La calle comercial m\u00e1s grande. El centro comercial m\u00e1s famoso. El mercado principal.&nbsp;<\/p>\n<h4 style=\"\" id=\"t-1670487019831\">bien prikope<\/h4>\n<p>La principal <a href=\"https:\/\/praguetouristinformation.com\/es\/compras\/centro-comercial\" style=\"outline: none;\">calle comercial de Praga&nbsp;<\/a> con centros comerciales, tiendas de marcas internacionales y peque\u00f1as boutiques en las calles laterales.&nbsp;<\/p>\n<h4 style=\"\" id=\"t-1670487019832\">paladio<\/h4>\n<p>Con 170 tiendas, el Palladium es el <a href=\"https:\/\/praguetouristinformation.com\/es\/compras\/centro-comercial\" target=\"_blank\" style=\"outline: none;\" rel=\"noopener\">centro comercial<\/a> m\u00e1s grande de Praga y tambi\u00e9n uno de los m\u00e1s grandes de la Rep\u00fablica Checa. Sucursales de cadenas conocidas se mezclan con boutiques m\u00e1s peque\u00f1as. Numerosos restaurantes se ocupan del bienestar f\u00edsico de los visitantes.&nbsp;<\/p>\n<h4 id=\"t-1670487019833\">Mercado Havel<\/h4>\n<p>El Havelmarkt, cerca de la plaza de Wenceslao, es uno de los \u00aboriginales\u00bb de la capital. Data de 1232 y es el \u00fanico mercado permanente en el centro de la ciudad. El animado ambiente de mercado, as\u00ed como las ofertas gastron\u00f3micas nacionales e internacionales atraen a visitantes de todo el mundo. El Havelmarkt tambi\u00e9n se puede combinar f\u00e1cilmente con las vistas. Si est\u00e1 buscando un <a href=\"https:\/\/praguetouristinformation.com\/es\/compras\/recuerdos\" target=\"_blank\" style=\"outline: none;\" rel=\"noopener\">recuerdo t\u00edpico checo<\/a> , ha venido al lugar correcto.<\/p>\n<p><span><img decoding=\"async\" alt=\"Mercado semanal en Maybachufer en Berl\u00edn en Alemania\" data-id=\"884\" data-init-width=\"1000\" data-init-height=\"667\" title=\"Mercado semanal en Maybachufer en Berl\u00edn en Alemania\" src=\"https:\/\/praguetouristinformation.com\/es\/wp-content\/uploads\/2020\/10\/Wochenmarkt-am-Maybachufer-in-Berlin-in-Deutschland.jpg\" data-width=\"1000\" data-height=\"667\" loading=\"lazy\" width=\"1000\" height=\"667\" data-pin-media=\"https:\/\/praguetouristinformation.com\/es\/wp-content\/uploads\/2021\/02\/34.jpg\" data-pin-description=\"Shopping Guide - Prague Tourist Information\" data-pin-url=\"https:\/\/praguetouristinformation.com\/es\/shopping?tve=true&amp;tcbf=a654d9bcc3\"><\/span><\/p>\n<h2 style=\"text-align: center;\" id=\"t-1670487019834\">\u00bfQu\u00e9 puedo asociar con las compras?<\/h2>\n<p>Praga es una capital con casi 1,3 millones de habitantes. Es por eso que las calles comerciales, barrios y centros est\u00e1n repartidos por toda la ciudad, hay numerosas zonas peatonales en Praga. Esto hace que sea f\u00e1cil combinar una visita a los lugares de <a href=\"https:\/\/praguetouristinformation.com\/es\/cosas-que-hacer\" target=\"_blank\" style=\"outline: none;\" rel=\"noopener\">inter\u00e9s<\/a> m\u00e1s importantes con un breve descanso de las compras.&nbsp;<\/p>\n<p>Ejemplos de esto son el Graben cerca de la Plaza de Wenceslao y el N\u00e1rodn\u00ed T\u0159\u00edda con el Teatro Nacional y Pariser Strasse, que atraviesa el <a href=\"https:\/\/praguetouristinformation.com\/es\/cosas-que-hacer\/barrio-judio\" target=\"_blank\" style=\"outline: none;\" rel=\"noopener\">Barrio Jud\u00edo<\/a> .&nbsp;<\/p>\n<p><a href=\"https:\/\/praguetouristinformation.com\/es\/compras\/centro-comercial\" target=\"_blank\" style=\"outline: none;\" rel=\"noopener\">Luego est\u00e1n los centros comerciales<\/a> de Praga .&nbsp;<\/p>\n<h3 id=\"t-1670487019835\">Lugares para comprar cerca de las atracciones<\/h3>\n<ul>\n<li style=\"\"><span style=\"\"><strong>Goldenes Kreuz, Graben, Nationalallee y Pariser Strasse:<\/strong> la ubicaci\u00f3n en el centro de la ciudad hace que estas importantes zonas comerciales de Praga tambi\u00e9n sean el mejor lugar para comprar durante una escapada a la ciudad. Aquellos a los que les gusta buscar alternativas a las tiendas de marcas internacionales pueden pasear por las calles laterales.&nbsp;<\/span><\/li>\n<li><span><strong>Palladium:<\/strong> Los grandes almacenes Palladium se encuentran a pocos minutos a pie de la Plaza de la Rep\u00fablica. Est\u00e1 cerca de las principales atracciones del centro de Praga, lo que lo convierte en el lugar ideal para ir de compras en un centro comercial, especialmente cuando llueve.&nbsp;<\/span><\/li>\n<li><span><strong>Havelmarkt:<\/strong> Cerca de los lugares de inter\u00e9s del centro de Praga, Havelmarkt es un buen lugar para pasear entre artistas callejeros, comida callejera, puestos de artesan\u00eda y <a href=\"https:\/\/praguetouristinformation.com\/es\/compras\/recuerdos\" target=\"_blank\" style=\"outline: none;\" rel=\"noopener\">souvenirs t\u00edpicos de Praga<\/a> .&nbsp;<\/span><\/li>\n<\/ul>\n<h2 style=\"text-align: center; font-size: 34px !important;\" id=\"t-1670487019836\">M\u00e1s ideas<\/h2>\n<p style=\"text-align: center;\">\u00bfQue m\u00e1s puedo hacer?<\/p>\n<h3 style=\"\" id=\"t-1670487019837\"><span data-attr-css=\"tve-u-173517fc1cb\" data-attr-link=\"1\" data-attr-rel=\"0\" data-attr-target=\"0\" data-extra_key=\"\" data-option-inline=\"1\" data-shortcode=\"tcb_post_title\" data-shortcode-name=\"Post title\" data-attr-static-link=\"{&quot;className&quot;:&quot;&quot;,&quot;href&quot;:&quot;https:\/\/praguetouristinformation.com\/es\/cosas-que-hacer&quot;,&quot;title&quot;:&quot;50 Mejores cosas para hacer en Praga ((+ Entradas))&quot;,&quot;data-css&quot;:&quot;tve-u-173517fc1cb&quot;,&quot;class&quot;:&quot;&quot;}\"><a href=\"https:\/\/praguetouristinformation.com\/es\/cosas-que-hacer\" title=\"50 Mejores cosas para hacer en Praga [+ Entradas]\">50 Mejores cosas para hacer en Praga [+ Entradas]<\/a><\/span><\/h3>\n<p><a href=\"https:\/\/praguetouristinformation.com\/es\/cosas-que-hacer\/en-la-lluvia\" dynamic-postlink=\"tcb_post_the_permalink\" data-shortcode-id=\"249\"><\/a><\/p>\n<h3 id=\"t-1670487019838\" style=\"text-align: center; padding-top: 0px !important; margin-top: 0px !important;\"><span data-attr-link=\"1\" data-attr-rel=\"0\" data-attr-target=\"0\" data-extra_key=\"\" data-option-inline=\"1\" data-shortcode=\"tcb_post_title\" data-shortcode-name=\"Post title\" data-attr-css=\"\" style=\"\" data-attr-static-link=\"{&quot;className&quot;:&quot;&quot;,&quot;href&quot;:&quot;https:\/\/praguetouristinformation.com\/es\/cosas-que-hacer\/en-la-lluvia&quot;,&quot;title&quot;:&quot;Praga bajo la lluvia: 20 actividades para el mal tiempo ((+ Entradas))&quot;,&quot;class&quot;:&quot;&quot;}\"><a href=\"https:\/\/praguetouristinformation.com\/es\/cosas-que-hacer\/en-la-lluvia\" title=\"Praga bajo la lluvia: 20 actividades para el mal tiempo [+ Entradas]\" data-css=\"\">Praga bajo la lluvia: 20 actividades para el mal tiempo [+ Entradas]<\/a><\/span><\/h3>\n<p>\u00bfQu\u00e9 hacer en Praga cuando llueve?Para que no te caigas <a href=\"https:\/\/praguetouristinformation.com\/es\/cosas-que-hacer\/en-la-lluvia#more-249\">&#8230;<\/a><\/p>\n<p><a href=\"https:\/\/praguetouristinformation.com\/es\/cosas-que-hacer\/en-la-lluvia\"><span style=\"\"><span style=\"\"><strong>sigue leyendo<\/strong><\/span><\/span><\/a><a href=\"https:\/\/praguetouristinformation.com\/es\/cosas-que-hacer\/museos\" dynamic-postlink=\"tcb_post_the_permalink\" data-shortcode-id=\"249\"><\/a><\/p>\n<h3 id=\"t-1670487019838\" style=\"text-align: center; padding-top: 0px !important; margin-top: 0px !important;\"><span data-attr-link=\"1\" data-attr-rel=\"0\" data-attr-target=\"0\" data-extra_key=\"\" data-option-inline=\"1\" data-shortcode=\"tcb_post_title\" data-shortcode-name=\"Post title\" data-attr-css=\"\" style=\"\" data-attr-static-link=\"{&quot;className&quot;:&quot;&quot;,&quot;href&quot;:&quot;https:\/\/praguetouristinformation.com\/es\/cosas-que-hacer\/en-la-lluvia&quot;,&quot;title&quot;:&quot;Praga bajo la lluvia: 20 actividades para el mal tiempo ((+ Entradas))&quot;,&quot;class&quot;:&quot;&quot;}\"><a href=\"https:\/\/praguetouristinformation.com\/es\/cosas-que-hacer\/museos\" title=\"Los 20 mejores museos de Praga [con entradas]\" data-css=\"\">Los 20 mejores museos de Praga [con entradas]<\/a><\/span><\/h3>\n<p>La encantadora Praga est\u00e1 salpicada de interesantes museos que contienen <a href=\"https:\/\/praguetouristinformation.com\/es\/cosas-que-hacer\/museos#more-137\">&#8230;<\/a><\/p>\n<p><a href=\"https:\/\/praguetouristinformation.com\/es\/cosas-que-hacer\/museos\"><span style=\"\"><span style=\"\"><strong>sigue leyendo<\/strong><\/span><\/span><\/a><a href=\"https:\/\/praguetouristinformation.com\/es\/cosas-que-hacer\/para-los-ninos\" dynamic-postlink=\"tcb_post_the_permalink\" data-shortcode-id=\"249\"><\/a><\/p>\n<h3 id=\"t-1670487019838\" style=\"text-align: center; padding-top: 0px !important; margin-top: 0px !important;\"><span data-attr-link=\"1\" data-attr-rel=\"0\" data-attr-target=\"0\" data-extra_key=\"\" data-option-inline=\"1\" data-shortcode=\"tcb_post_title\" data-shortcode-name=\"Post title\" data-attr-css=\"\" style=\"\" data-attr-static-link=\"{&quot;className&quot;:&quot;&quot;,&quot;href&quot;:&quot;https:\/\/praguetouristinformation.com\/es\/cosas-que-hacer\/en-la-lluvia&quot;,&quot;title&quot;:&quot;Praga bajo la lluvia: 20 actividades para el mal tiempo ((+ Entradas))&quot;,&quot;class&quot;:&quot;&quot;}\"><a href=\"https:\/\/praguetouristinformation.com\/es\/cosas-que-hacer\/para-los-ninos\" title=\"15 Mejores cosas que hacer en Praga para ni\u00f1os [+ Entradas]\" data-css=\"\">15 Mejores cosas que hacer en Praga para ni\u00f1os [+ Entradas]<\/a><\/span><\/h3>\n<p>\u00bfQu\u00e9 hacer en Praga con ni\u00f1os?Durante unas vacaciones familiares en <a href=\"https:\/\/praguetouristinformation.com\/es\/cosas-que-hacer\/para-los-ninos#more-256\">&#8230;<\/a><\/p>\n<p><a href=\"https:\/\/praguetouristinformation.com\/es\/cosas-que-hacer\/para-los-ninos\"><span style=\"\"><span style=\"\"><strong>sigue leyendo<\/strong><\/span><\/span><\/a><a href=\"https:\/\/praguetouristinformation.com\/es\/cosas-que-hacer\/atracciones\" dynamic-postlink=\"tcb_post_the_permalink\" data-shortcode-id=\"249\"><\/a><\/p>\n<h3 id=\"t-1670487019838\" style=\"text-align: center; padding-top: 0px !important; margin-top: 0px !important;\"><span data-attr-link=\"1\" data-attr-rel=\"0\" data-attr-target=\"0\" data-extra_key=\"\" data-option-inline=\"1\" data-shortcode=\"tcb_post_title\" data-shortcode-name=\"Post title\" data-attr-css=\"\" style=\"\" data-attr-static-link=\"{&quot;className&quot;:&quot;&quot;,&quot;href&quot;:&quot;https:\/\/praguetouristinformation.com\/es\/cosas-que-hacer\/en-la-lluvia&quot;,&quot;title&quot;:&quot;Praga bajo la lluvia: 20 actividades para el mal tiempo ((+ Entradas))&quot;,&quot;class&quot;:&quot;&quot;}\"><a href=\"https:\/\/praguetouristinformation.com\/es\/cosas-que-hacer\/atracciones\" title=\"12 Mejores Atracciones en Praga [Con Mapa]\" data-css=\"\">12 Mejores Atracciones en Praga [Con Mapa]<\/a><\/span><\/h3>\n<p>\u00bfQu\u00e9 puedes hacer en Praga?Adem\u00e1s de las vistas cl\u00e1sicas de <a href=\"https:\/\/praguetouristinformation.com\/es\/cosas-que-hacer\/atracciones#more-1090\">&#8230;<\/a><\/p>\n<p><a href=\"https:\/\/praguetouristinformation.com\/es\/cosas-que-hacer\/atracciones\"><span style=\"\"><span style=\"\"><strong>sigue leyendo<\/strong><\/span><\/span><\/a><a href=\"javascript:void(0)\" style=\"\"><span style=\"\"><span style=\"\">Load More<\/span><\/span><\/a><\/p>\n<h2 style=\"text-align: center;\" id=\"t-1670487019841\">Preguntas frecuentes sobre compras (Preguntas frecuentes)<\/h2>\n","protected":false},"excerpt":{"rendered":"<p>Gu\u00eda de compras de Praga \u00bfD\u00f3nde y qu\u00e9 puedo comprar en Praga? Aqu\u00ed est\u00e1 nuestra lista de las mejores calles comerciales, centros comerciales y mercados de Praga.&nbsp; Consejos de Compras&nbsp; Praga es la metr\u00f3poli comercial de la Rep\u00fablica Checa. Grandes almacenes, calles comerciales, peque\u00f1as boutiques y mercados se dan cita aqu\u00ed.&nbsp; Todo est\u00e1 incluido entre [&hellip;]<\/p>\n","protected":false},"author":6,"featured_media":2465,"parent":0,"menu_order":0,"comment_status":"open","ping_status":"closed","template":"","meta":{"footnotes":""},"categories":[],"tags":[30,34],"class_list":["post-765","page","type-page","status-publish","has-post-thumbnail","hentry","tag-lifestyle","tag-shopping","post-wrapper","thrv_wrapper"],"_links":{"self":[{"href":"https:\/\/praguetouristinformation.com\/es\/wp-json\/wp\/v2\/pages\/765","targetHints":{"allow":["GET"]}}],"collection":[{"href":"https:\/\/praguetouristinformation.com\/es\/wp-json\/wp\/v2\/pages"}],"about":[{"href":"https:\/\/praguetouristinformation.com\/es\/wp-json\/wp\/v2\/types\/page"}],"author":[{"embeddable":true,"href":"https:\/\/praguetouristinformation.com\/es\/wp-json\/wp\/v2\/users\/6"}],"replies":[{"embeddable":true,"href":"https:\/\/praguetouristinformation.com\/es\/wp-json\/wp\/v2\/comments?post=765"}],"version-history":[{"count":5,"href":"https:\/\/praguetouristinformation.com\/es\/wp-json\/wp\/v2\/pages\/765\/revisions"}],"predecessor-version":[{"id":4788,"href":"https:\/\/praguetouristinformation.com\/es\/wp-json\/wp\/v2\/pages\/765\/revisions\/4788"}],"wp:featuredmedia":[{"embeddable":true,"href":"https:\/\/praguetouristinformation.com\/es\/wp-json\/wp\/v2\/media\/2465"}],"wp:attachment":[{"href":"https:\/\/praguetouristinformation.com\/es\/wp-json\/wp\/v2\/media?parent=765"}],"wp:term":[{"taxonomy":"category","embeddable":true,"href":"https:\/\/praguetouristinformation.com\/es\/wp-json\/wp\/v2\/categories?post=765"},{"taxonomy":"post_tag","embeddable":true,"href":"https:\/\/praguetouristinformation.com\/es\/wp-json\/wp\/v2\/tags?post=765"}],"curies":[{"name":"wp","href":"https:\/\/api.w.org\/{rel}","templated":true}]}}