{"id":763,"date":"2020-10-15T13:53:55","date_gmt":"2020-10-15T13:53:55","guid":{"rendered":"https:\/\/praguetouristinformation.com\/es\/?page_id=763"},"modified":"2023-05-03T10:22:11","modified_gmt":"2023-05-03T10:22:11","slug":"hoteles","status":"publish","type":"page","link":"https:\/\/praguetouristinformation.com\/es\/hoteles","title":{"rendered":"Hoteles recomendados en Praga: En el centro, hoteles wellness y m\u00e1s"},"content":{"rendered":"<h1>\u00bfD\u00f3nde puedo dormir en Praga?<\/h1>\n<p>Busque hoteles en todas las categor\u00edas, servicio de reserva confiable y soporte 24\/7.<\/p>\n<ul>\n<li style=\"\"><span><span data-attr-id=\"18\" data-extra_key=\"1\" data-option-inline=\"1\" data-shortcode=\"thrive_global_fields\" data-shortcode-name=\"[Company] Support E-Mail\"><\/span><\/span><\/li>\n<li style=\"\"><span><span data-attr-id=\"17\" data-extra_key=\"1\" data-option-inline=\"1\" data-shortcode=\"thrive_global_fields\" data-shortcode-name=\"[Company] Support Telephone\"><\/span><\/span><\/li>\n<\/ul>\n<h2 style=\"text-align: center;\" id=\"t-1670502370685\">Hoteles recomendados en Praga<\/h2>\n<p style=\"text-align: center;\">Hoteles c\u00e9ntricos de 3 a 5 estrellas<\/p>\n<p><a href=\"https:\/\/praguetouristinformation.com\/es\/hoteles\/5-estrellas\" dynamic-postlink=\"tcb_post_the_permalink\" data-shortcode-id=\"10\"><\/a><\/p>\n<h3 style=\"text-align: center; padding-top: 0px !important; margin-top: 0px !important;\" id=\"t-1670502370677\"><span data-attr-link=\"1\" data-attr-rel=\"0\" data-attr-target=\"0\" data-extra_key=\"\" data-option-inline=\"1\" data-shortcode=\"tcb_post_title\" data-shortcode-name=\"Post title\" data-attr-css=\"\" data-attr-static-link=\"{&quot;className&quot;:&quot;&quot;,&quot;href&quot;:&quot;https:\/\/praguetouristinformation.com\/es\/hoteles\/5-estrellas&quot;,&quot;title&quot;:&quot;Los 20 mejores hoteles de 5 estrellas de Praga&quot;,&quot;class&quot;:&quot;&quot;}\"><a href=\"https:\/\/praguetouristinformation.com\/es\/hoteles\/5-estrellas\" title=\"Los 20 mejores hoteles de 5 estrellas de Praga\" data-css=\"\">Los 20 mejores hoteles de 5 estrellas de Praga<\/a><\/span><\/h3>\n<p>En esta p\u00e1gina encontrar\u00e1 los mejores hoteles de <a href=\"https:\/\/praguetouristinformation.com\/es\/hoteles\/5-estrellas#more-10\">&#8230;<\/a><\/p>\n<p><a href=\"https:\/\/praguetouristinformation.com\/es\/hoteles\/5-estrellas\"><span style=\"\"><span style=\"\">sigue leyendo<\/span><\/span><\/a><a href=\"https:\/\/praguetouristinformation.com\/es\/hoteles\/bienestar\" dynamic-postlink=\"tcb_post_the_permalink\" data-shortcode-id=\"10\"><\/a><\/p>\n<h3 style=\"text-align: center; padding-top: 0px !important; margin-top: 0px !important;\" id=\"t-1670502370677\"><span data-attr-link=\"1\" data-attr-rel=\"0\" data-attr-target=\"0\" data-extra_key=\"\" data-option-inline=\"1\" data-shortcode=\"tcb_post_title\" data-shortcode-name=\"Post title\" data-attr-css=\"\" data-attr-static-link=\"{&quot;className&quot;:&quot;&quot;,&quot;href&quot;:&quot;https:\/\/praguetouristinformation.com\/es\/hoteles\/5-estrellas&quot;,&quot;title&quot;:&quot;Los 20 mejores hoteles de 5 estrellas de Praga&quot;,&quot;class&quot;:&quot;&quot;}\"><a href=\"https:\/\/praguetouristinformation.com\/es\/hoteles\/bienestar\" title=\"Los 15 mejores hoteles de bienestar de Praga\" data-css=\"\">Los 15 mejores hoteles de bienestar de Praga<\/a><\/span><\/h3>\n<p>Aqu\u00ed hemos seleccionado los mejores Wellness City Hotels <a href=\"https:\/\/praguetouristinformation.com\/es\/hoteles\/bienestar#more-13\">&#8230;<\/a><\/p>\n<p><a href=\"https:\/\/praguetouristinformation.com\/es\/hoteles\/bienestar\"><span style=\"\"><span style=\"\">sigue leyendo<\/span><\/span><\/a><a href=\"https:\/\/praguetouristinformation.com\/es\/hoteles\/4-estrellas\" dynamic-postlink=\"tcb_post_the_permalink\" data-shortcode-id=\"10\"><\/a><\/p>\n<h3 style=\"text-align: center; padding-top: 0px !important; margin-top: 0px !important;\" id=\"t-1670502370677\"><span data-attr-link=\"1\" data-attr-rel=\"0\" data-attr-target=\"0\" data-extra_key=\"\" data-option-inline=\"1\" data-shortcode=\"tcb_post_title\" data-shortcode-name=\"Post title\" data-attr-css=\"\" data-attr-static-link=\"{&quot;className&quot;:&quot;&quot;,&quot;href&quot;:&quot;https:\/\/praguetouristinformation.com\/es\/hoteles\/5-estrellas&quot;,&quot;title&quot;:&quot;Los 20 mejores hoteles de 5 estrellas de Praga&quot;,&quot;class&quot;:&quot;&quot;}\"><a href=\"https:\/\/praguetouristinformation.com\/es\/hoteles\/4-estrellas\" title=\"25 Buenos hoteles de 4 estrellas en Praga\" data-css=\"\">25 Buenos hoteles de 4 estrellas en Praga<\/a><\/span><\/h3>\n<p>En esta p\u00e1gina encontrar\u00e1 los mejores hoteles de <a href=\"https:\/\/praguetouristinformation.com\/es\/hoteles\/4-estrellas#more-19\">&#8230;<\/a><\/p>\n<p><a href=\"https:\/\/praguetouristinformation.com\/es\/hoteles\/4-estrellas\"><span style=\"\"><span style=\"\">sigue leyendo<\/span><\/span><\/a><a href=\"https:\/\/praguetouristinformation.com\/es\/hoteles\/3-estrellas\" dynamic-postlink=\"tcb_post_the_permalink\" data-shortcode-id=\"10\"><\/a><\/p>\n<h3 style=\"text-align: center; padding-top: 0px !important; margin-top: 0px !important;\" id=\"t-1670502370677\"><span data-attr-link=\"1\" data-attr-rel=\"0\" data-attr-target=\"0\" data-extra_key=\"\" data-option-inline=\"1\" data-shortcode=\"tcb_post_title\" data-shortcode-name=\"Post title\" data-attr-css=\"\" data-attr-static-link=\"{&quot;className&quot;:&quot;&quot;,&quot;href&quot;:&quot;https:\/\/praguetouristinformation.com\/es\/hoteles\/5-estrellas&quot;,&quot;title&quot;:&quot;Los 20 mejores hoteles de 5 estrellas de Praga&quot;,&quot;class&quot;:&quot;&quot;}\"><a href=\"https:\/\/praguetouristinformation.com\/es\/hoteles\/3-estrellas\" title=\"15 Hoteles econ\u00f3micos de 3 estrellas en Praga\" data-css=\"\">15 Hoteles econ\u00f3micos de 3 estrellas en Praga<\/a><\/span><\/h3>\n<p>En esta p\u00e1gina encontrar\u00e1 buenos hoteles de 3 <a href=\"https:\/\/praguetouristinformation.com\/es\/hoteles\/3-estrellas#more-6\">&#8230;<\/a><\/p>\n<p><a href=\"https:\/\/praguetouristinformation.com\/es\/hoteles\/3-estrellas\"><span style=\"\"><span style=\"\">sigue leyendo<\/span><\/span><\/a><a href=\"javascript:void(0)\"><span style=\"\"><span style=\"\">Load More<\/span><\/span><\/a><\/p>\n<h2 style=\"text-align: center;\" id=\"t-1670502370686\">Hoteles en el centro<\/h2>\n<p style=\"text-align: center;\">distritos para una escapada a la ciudad?<\/p>\n<h3 style=\"\" id=\"t-1670502370681\"><span data-attr-css=\"tve-u-1750c9f633d\" data-attr-link=\"1\" data-attr-rel=\"0\" data-attr-target=\"0\" data-extra_key=\"\" data-option-inline=\"1\" data-shortcode=\"tcb_post_title\" data-shortcode-name=\"Post title\" style=\"\" data-attr-static-link=\"{&quot;className&quot;:&quot;&quot;,&quot;href&quot;:&quot;https:\/\/praguetouristinformation.com\/es\/plan\/distritos&quot;,&quot;title&quot;:&quot;10 Distritos de Praga: gu\u00eda de alojamiento durante el viaje&quot;,&quot;data-css&quot;:&quot;tve-u-1750c9f633d&quot;,&quot;class&quot;:&quot;&quot;}\"><a href=\"https:\/\/praguetouristinformation.com\/es\/plan\/distritos\" title=\"10 Distritos de Praga: gu\u00eda de alojamiento durante el viaje\">10 Distritos de Praga: gu\u00eda de alojamiento durante el viaje<\/a><\/span><\/h3>\n<p><a href=\"https:\/\/praguetouristinformation.com\/es\/plan\/distritos\"><span style=\"\"><span style=\"\">sigue leyendo<\/span><\/span><\/a><a href=\"javascript:void(0)\"><span style=\"\"><span style=\"\">Load More<\/span><\/span><\/a><\/p>\n<h2 style=\"\" id=\"t-1670502370682\">servicio de reserva<\/h2>\n<p>Reserva de hoteles con Informaci\u00f3n Tur\u00edstica de Praga en l\u00ednea o a trav\u00e9s del formulario de contacto.&nbsp;<\/p>\n<ul>\n<li style=\"\"><span><span data-attr-id=\"18\" data-extra_key=\"1\" data-option-inline=\"1\" data-shortcode=\"thrive_global_fields\" data-shortcode-name=\"[Company] Support E-Mail\"><\/span><\/span><\/li>\n<li style=\"\"><span><span data-attr-id=\"17\" data-extra_key=\"1\" data-option-inline=\"1\" data-shortcode=\"thrive_global_fields\" data-shortcode-name=\"[Company] Support Telephone\"><\/span><\/span><\/li>\n<\/ul>\n<h2 style=\"text-align: center;\" id=\"t-1670502370687\">Viajes en grupo a Praga<\/h2>\n<p style=\"text-align: center;\">Reserva de hoteles para congresos<\/p>\n<h3 style=\"\" id=\"t-1670502370683\"><span data-attr-css=\"tve-u-1750ca32418\" data-attr-link=\"1\" data-attr-rel=\"0\" data-attr-target=\"0\" data-extra_key=\"\" data-option-inline=\"1\" data-shortcode=\"tcb_post_title\" data-shortcode-name=\"Post title\" style=\"\" data-attr-static-link=\"{&quot;className&quot;:&quot;&quot;,&quot;href&quot;:&quot;https:\/\/praguetouristinformation.com\/es\/viaje-en-grupo&quot;,&quot;title&quot;:&quot;Viaje en grupo a Praga: Full Service M.I.C.E.&quot;,&quot;data-css&quot;:&quot;tve-u-1750ca32418&quot;,&quot;class&quot;:&quot;&quot;}\"><a href=\"https:\/\/praguetouristinformation.com\/es\/viaje-en-grupo\" title=\"Viaje en grupo a Praga: Full Service M.I.C.E.\">Viaje en grupo a Praga: Full Service M.I.C.E.<\/a><\/span><\/h3>\n<p><a href=\"https:\/\/praguetouristinformation.com\/es\/viaje-en-grupo\"><span style=\"\"><span style=\"\">sigue leyendo<\/span><\/span><\/a><a href=\"javascript:void(0)\"><span style=\"\"><span style=\"\">Load More<\/span><\/span><\/a><\/p>\n<h2 style=\"text-align: center;\" id=\"t-1670502370684\">Consulta inicial gratuita<\/h2>\n<p style=\"text-align: center;\">Nos encantar\u00eda hablar sobre sus expectativas. El contacto es posible por tel\u00e9fono al&nbsp; <span data-shortcode=\"thrive_global_fields\" data-shortcode-name=\"[Company] MICE Telefonnummer\" data-extra_key=\"1\" data-attr-id=\"19\" data-option-inline=\"1\"><\/span> , correo electr\u00f3nico a <em>support@praguetouristinformation.com<\/em> o formulario de contacto.&nbsp;<\/p>\n","protected":false},"excerpt":{"rendered":"<p>\u00bfD\u00f3nde puedo dormir en Praga? Busque hoteles en todas las categor\u00edas, servicio de reserva confiable y soporte 24\/7. Hoteles recomendados en Praga Hoteles c\u00e9ntricos de 3 a 5 estrellas Los 20 mejores hoteles de 5 estrellas de Praga En esta p\u00e1gina encontrar\u00e1 los mejores hoteles de &#8230; sigue leyendo Los 15 mejores hoteles de bienestar [&hellip;]<\/p>\n","protected":false},"author":6,"featured_media":1920,"parent":0,"menu_order":0,"comment_status":"closed","ping_status":"closed","template":"","meta":{"footnotes":""},"categories":[],"tags":[27],"class_list":["post-763","page","type-page","status-publish","has-post-thumbnail","hentry","tag-hotel","post-wrapper","thrv_wrapper"],"_links":{"self":[{"href":"https:\/\/praguetouristinformation.com\/es\/wp-json\/wp\/v2\/pages\/763","targetHints":{"allow":["GET"]}}],"collection":[{"href":"https:\/\/praguetouristinformation.com\/es\/wp-json\/wp\/v2\/pages"}],"about":[{"href":"https:\/\/praguetouristinformation.com\/es\/wp-json\/wp\/v2\/types\/page"}],"author":[{"embeddable":true,"href":"https:\/\/praguetouristinformation.com\/es\/wp-json\/wp\/v2\/users\/6"}],"replies":[{"embeddable":true,"href":"https:\/\/praguetouristinformation.com\/es\/wp-json\/wp\/v2\/comments?post=763"}],"version-history":[{"count":5,"href":"https:\/\/praguetouristinformation.com\/es\/wp-json\/wp\/v2\/pages\/763\/revisions"}],"predecessor-version":[{"id":4801,"href":"https:\/\/praguetouristinformation.com\/es\/wp-json\/wp\/v2\/pages\/763\/revisions\/4801"}],"wp:featuredmedia":[{"embeddable":true,"href":"https:\/\/praguetouristinformation.com\/es\/wp-json\/wp\/v2\/media\/1920"}],"wp:attachment":[{"href":"https:\/\/praguetouristinformation.com\/es\/wp-json\/wp\/v2\/media?parent=763"}],"wp:term":[{"taxonomy":"category","embeddable":true,"href":"https:\/\/praguetouristinformation.com\/es\/wp-json\/wp\/v2\/categories?post=763"},{"taxonomy":"post_tag","embeddable":true,"href":"https:\/\/praguetouristinformation.com\/es\/wp-json\/wp\/v2\/tags?post=763"}],"curies":[{"name":"wp","href":"https:\/\/api.w.org\/{rel}","templated":true}]}}