{"id":761,"date":"2020-10-15T13:53:08","date_gmt":"2020-10-15T13:53:08","guid":{"rendered":"https:\/\/praguetouristinformation.com\/es\/?page_id=761"},"modified":"2023-05-03T10:08:04","modified_gmt":"2023-05-03T10:08:04","slug":"restaurantes","status":"publish","type":"page","link":"https:\/\/praguetouristinformation.com\/es\/restaurantes","title":{"rendered":"Gu\u00eda de restaurantes de Praga: \u00bfD\u00f3nde y qu\u00e9 comer?"},"content":{"rendered":"<h1>Gu\u00eda de restaurantes de Praga&nbsp;<\/h1>\n<p>Aqu\u00ed hay restaurantes, caf\u00e9s y platos t\u00edpicos checos para cada ocasi\u00f3n.<\/p>\n<h2 style=\"text-align: center;\" id=\"t-1670494482126\">\u00bfD\u00f3nde puedo comer en Praga?<\/h2>\n<p><a href=\"https:\/\/praguetouristinformation.com\/es\/compras\/mercados\" dynamic-postlink=\"tcb_post_the_permalink\" data-shortcode-id=\"724\"><\/a><\/p>\n<p style=\"text-align: center;\"><span data-attr-date-format=\"F j, Y\" data-attr-date-format-select=\"F j, Y\" data-attr-show-time=\"0\" data-attr-time-format=\"\" data-attr-time-format-select=\"g:i a\" data-attr-type=\"published\" data-extra_key=\"\" data-option-inline=\"1\" data-shortcode=\"tcb_post_published_date\" data-shortcode-name=\"Post date\">October 26, 2020 <\/span><\/p>\n<h3 style=\"text-align: center; padding-top: 0px !important; margin-top: 0px !important;\" id=\"t-1670494482127\"><span data-attr-link=\"1\" data-attr-rel=\"0\" data-attr-target=\"0\" data-extra_key=\"\" data-option-inline=\"1\" data-shortcode=\"tcb_post_title\" data-shortcode-name=\"Post title\" data-attr-css=\"\" data-attr-static-link=\"{&quot;className&quot;:&quot;&quot;,&quot;href&quot;:&quot;https:\/\/praguetouristinformation.com\/es\/compras\/mercados&quot;,&quot;title&quot;:&quot;Los 5 mejores mercados de Praga: informaci\u00f3n, consejos y visitas&quot;,&quot;class&quot;:&quot;&quot;}\" style=\"\"><a href=\"https:\/\/praguetouristinformation.com\/es\/compras\/mercados\" title=\"Los 5 mejores mercados de Praga: informaci\u00f3n, consejos y visitas\" data-css=\"\">Los 5 mejores mercados de Praga: informaci\u00f3n, consejos y visitas<\/a><\/span><\/h3>\n<p>Los mercados de Praga tienen mucho que ofrecer: <a href=\"https:\/\/praguetouristinformation.com\/es\/compras\/mercados#more-1109\">&#8230;<\/a><\/p>\n<p><a href=\"https:\/\/praguetouristinformation.com\/es\/compras\/mercados\" style=\"\"><span style=\"\"><span style=\"\">sigue leyendo<\/span><\/span><\/a><a href=\"https:\/\/praguetouristinformation.com\/es\/restaurantes\/cafes\" dynamic-postlink=\"tcb_post_the_permalink\" data-shortcode-id=\"724\"><\/a><\/p>\n<p style=\"text-align: center;\"><span data-attr-date-format=\"F j, Y\" data-attr-date-format-select=\"F j, Y\" data-attr-show-time=\"0\" data-attr-time-format=\"\" data-attr-time-format-select=\"g:i a\" data-attr-type=\"published\" data-extra_key=\"\" data-option-inline=\"1\" data-shortcode=\"tcb_post_published_date\" data-shortcode-name=\"Post date\">August 31, 2020 <\/span><\/p>\n<h3 style=\"text-align: center; padding-top: 0px !important; margin-top: 0px !important;\" id=\"t-1670494482127\"><span data-attr-link=\"1\" data-attr-rel=\"0\" data-attr-target=\"0\" data-extra_key=\"\" data-option-inline=\"1\" data-shortcode=\"tcb_post_title\" data-shortcode-name=\"Post title\" data-attr-css=\"\" data-attr-static-link=\"{&quot;className&quot;:&quot;&quot;,&quot;href&quot;:&quot;https:\/\/praguetouristinformation.com\/es\/compras\/mercados&quot;,&quot;title&quot;:&quot;Los 5 mejores mercados de Praga: informaci\u00f3n, consejos y visitas&quot;,&quot;class&quot;:&quot;&quot;}\" style=\"\"><a href=\"https:\/\/praguetouristinformation.com\/es\/restaurantes\/cafes\" title=\"14 Mejores cafeter\u00edas en Praga [con mapa]\" data-css=\"\">14 Mejores cafeter\u00edas en Praga [con mapa]<\/a><\/span><\/h3>\n<p>Los caf\u00e9s de Praga sol\u00edan ser lugares de <a href=\"https:\/\/praguetouristinformation.com\/es\/restaurantes\/cafes#more-258\">&#8230;<\/a><\/p>\n<p><a href=\"https:\/\/praguetouristinformation.com\/es\/restaurantes\/cafes\" style=\"\"><span style=\"\"><span style=\"\">sigue leyendo<\/span><\/span><\/a><a href=\"https:\/\/praguetouristinformation.com\/es\/restaurantes\/cocina-bohemia\" dynamic-postlink=\"tcb_post_the_permalink\" data-shortcode-id=\"724\"><\/a><\/p>\n<p style=\"text-align: center;\"><span data-attr-date-format=\"F j, Y\" data-attr-date-format-select=\"F j, Y\" data-attr-show-time=\"0\" data-attr-time-format=\"\" data-attr-time-format-select=\"g:i a\" data-attr-type=\"published\" data-extra_key=\"\" data-option-inline=\"1\" data-shortcode=\"tcb_post_published_date\" data-shortcode-name=\"Post date\">August 31, 2020 <\/span><\/p>\n<h3 style=\"text-align: center; padding-top: 0px !important; margin-top: 0px !important;\" id=\"t-1670494482127\"><span data-attr-link=\"1\" data-attr-rel=\"0\" data-attr-target=\"0\" data-extra_key=\"\" data-option-inline=\"1\" data-shortcode=\"tcb_post_title\" data-shortcode-name=\"Post title\" data-attr-css=\"\" data-attr-static-link=\"{&quot;className&quot;:&quot;&quot;,&quot;href&quot;:&quot;https:\/\/praguetouristinformation.com\/es\/compras\/mercados&quot;,&quot;title&quot;:&quot;Los 5 mejores mercados de Praga: informaci\u00f3n, consejos y visitas&quot;,&quot;class&quot;:&quot;&quot;}\" style=\"\"><a href=\"https:\/\/praguetouristinformation.com\/es\/restaurantes\/cocina-bohemia\" title=\"13 Mejores restaurantes en Praga con cocina bohemia\" data-css=\"\">13 Mejores restaurantes en Praga con cocina bohemia<\/a><\/span><\/h3>\n<p>Por supuesto, cualquiera que est\u00e9 en Praga tambi\u00e9n <a href=\"https:\/\/praguetouristinformation.com\/es\/restaurantes\/cocina-bohemia#more-253\">&#8230;<\/a><\/p>\n<p><a href=\"https:\/\/praguetouristinformation.com\/es\/restaurantes\/cocina-bohemia\" style=\"\"><span style=\"\"><span style=\"\">sigue leyendo<\/span><\/span><\/a><a href=\"https:\/\/praguetouristinformation.com\/es\/restaurantes\/cerveza\" dynamic-postlink=\"tcb_post_the_permalink\" data-shortcode-id=\"724\"><\/a><\/p>\n<p style=\"text-align: center;\"><span data-attr-date-format=\"F j, Y\" data-attr-date-format-select=\"F j, Y\" data-attr-show-time=\"0\" data-attr-time-format=\"\" data-attr-time-format-select=\"g:i a\" data-attr-type=\"published\" data-extra_key=\"\" data-option-inline=\"1\" data-shortcode=\"tcb_post_published_date\" data-shortcode-name=\"Post date\">October 15, 2020 <\/span><\/p>\n<h3 style=\"text-align: center; padding-top: 0px !important; margin-top: 0px !important;\" id=\"t-1670494482127\"><span data-attr-link=\"1\" data-attr-rel=\"0\" data-attr-target=\"0\" data-extra_key=\"\" data-option-inline=\"1\" data-shortcode=\"tcb_post_title\" data-shortcode-name=\"Post title\" data-attr-css=\"\" data-attr-static-link=\"{&quot;className&quot;:&quot;&quot;,&quot;href&quot;:&quot;https:\/\/praguetouristinformation.com\/es\/compras\/mercados&quot;,&quot;title&quot;:&quot;Los 5 mejores mercados de Praga: informaci\u00f3n, consejos y visitas&quot;,&quot;class&quot;:&quot;&quot;}\" style=\"\"><a href=\"https:\/\/praguetouristinformation.com\/es\/restaurantes\/cerveza\" title=\"\u00bfD\u00f3nde puedo tomar una buena cerveza en Praga?\" data-css=\"\">\u00bfD\u00f3nde puedo tomar una buena cerveza en Praga?<\/a><\/span><\/h3>\n<p>Se dice que la mejor cerveza se elabora <a href=\"https:\/\/praguetouristinformation.com\/es\/restaurantes\/cerveza#more-724\">&#8230;<\/a><\/p>\n<p><a href=\"https:\/\/praguetouristinformation.com\/es\/restaurantes\/cerveza\" style=\"\"><span style=\"\"><span style=\"\">sigue leyendo<\/span><\/span><\/a><a href=\"javascript:void(0)\" style=\"\"><span style=\"\"><span style=\"\">Load More<\/span><\/span><\/a><\/p>\n<h2 style=\"text-align: center;\" id=\"t-1673343719420\">\u00bfQu\u00e9 puedo comer en Praga?<\/h2>\n<p style=\"text-align: center;\">Jam\u00f3n de Praga, alb\u00f3ndigas, cerdo asado con salsa, Trdeln\u00edk, panqueques y cerveza checa son los primeros pensamientos. \u00bfPero qu\u00e9 m\u00e1s hay?<\/p>\n<h2 id=\"t-1670494482131\"><span data-attr-css=\"tve-u-173dcc0ebe5\" data-attr-link=\"1\" data-attr-rel=\"0\" data-attr-target=\"0\" data-extra_key=\"\" data-option-inline=\"1\" data-shortcode=\"tcb_post_title\" data-shortcode-name=\"Post title\" data-attr-static-link=\"{&quot;className&quot;:&quot;&quot;,&quot;href&quot;:&quot;https:\/\/praguetouristinformation.com\/es\/restaurantes\/cocina-checa&quot;,&quot;title&quot;:&quot;Cocina Checa: 25 Platos T\u00edpicos ((+Rutas Gastron\u00f3micas))&quot;,&quot;data-css&quot;:&quot;tve-u-173dcc0ebe5&quot;,&quot;class&quot;:&quot;&quot;}\"><a href=\"https:\/\/praguetouristinformation.com\/es\/restaurantes\/cocina-checa\" title=\"Cocina Checa: 25 Platos T\u00edpicos [+Rutas Gastron\u00f3micas]\">Cocina Checa: 25 Platos T\u00edpicos [+Rutas Gastron\u00f3micas]<\/a><\/span><\/h2>\n<p><a href=\"javascript:void(0)\" style=\"\"><span style=\"\"><span style=\"\">Load More<\/span><\/span><\/a><\/p>\n<h2 id=\"t-1670494482132\">Praga: alb\u00f3ndigas a la cerveza<\/h2>\n<p>Tradicional a Vegano, Kosher y Halal. La cocina de Praga puede con todo.&nbsp;<\/p>\n<p>Ahora hay muchos restaurantes de moda, caf\u00e9s y peque\u00f1os bares en la capital.&nbsp;<\/p>\n<p>Un viaje a Praga se puede combinar f\u00e1cilmente con un recorrido gourmet por los mejores restaurantes, un recorrido gastron\u00f3mico por los distritos de moda de Praga o los cl\u00e1sicos restaurantes tradicionales.&nbsp;<\/p>\n<p>Trdeln\u00edk, el famoso Baumkuchen y la cerveza checa son tan parte de Praga como visitar uno de los muchos pubs en el casco antiguo o un pub y cervecer\u00eda original de Parg.<\/p>\n<p>Platos de la India, Italia o M\u00e9xico ahora tambi\u00e9n forman parte de los platos diarios.<\/p>\n<h2 id=\"t-1670494482133\">El distrito correcto<\/h2>\n<ul>\n<li style=\"\"><span style=\"\">\u00bfCocina casera con platos cl\u00e1sicos de Praga? Los restaurantes t\u00edpicos de Praga se pueden encontrar en cada parte de la ciudad.<\/span><\/li>\n<li><span>\u00bfCocina internacional barata? Un desv\u00edo hacia las calles secundarias lejos del ajetreo y el bullicio de los turistas vale la pena tanto como una visita al mercado de alimentos Manifesto en Florenc o Smichov.<\/span><\/li>\n<li><span>\u00bfBuen desayuno? Mala Strana y Stare Mesto pueden hacer eso<\/span><\/li>\n<li><span>\u00bfCadera y moderno? Conduzca hasta el distrito 7, que ha pasado de ser un \u00e1rea industrial a un distrito de moda.<\/span><\/li>\n<li><span>\u00bfla vida nocturna? El \u00e1rea entre el Puente de Carlos y la Plaza de la Ciudad Vieja y la Plaza de Wenceslao es la direcci\u00f3n correcta.<\/span><\/li>\n<\/ul>\n<h2 style=\"text-align: center;\" id=\"t-1670494482134\">Tour gastron\u00f3mico en Praga<\/h2>\n<p><a href=\"\" dynamic-postlink=\"tcb_post_the_permalink\" data-shortcode-id=\"2395\"><\/a><\/p>\n<h3 style=\"text-align: center;\"><span data-attr-css=\"\" data-attr-link=\"1\" data-attr-rel=\"0\" data-attr-target=\"0\" data-extra_key=\"\" data-option-inline=\"1\" data-shortcode=\"tcb_post_title\" data-shortcode-name=\"Post title\" style=\"\" data-attr-static-link=\"{&quot;className&quot;:&quot;&quot;,&quot;href&quot;:&quot;#&quot;,&quot;title&quot;:&quot;Gu\u00eda de restaurantes de Praga: \u00bfd\u00f3nde y qu\u00e9 comer?&quot;,&quot;class&quot;:&quot;&quot;}\"><\/span><\/h3>\n<p><a href=\"#more-\"><\/a><\/p>\n<p><a href=\"\" style=\"\"><span style=\"\"><span style=\"\">Zum Ticket<\/span><\/span><\/a><\/p>\n<h2 style=\"\" id=\"t-1670494482135\">abastecimiento<\/h2>\n<p style=\"\">Para eventos de empresa, ferias comerciales y grandes eventos privados, estaremos encantados de encargarnos del catering en Praga.<\/p>\n<p style=\"\">\n<p style=\"\">Obtenga m\u00e1s informaci\u00f3n sobre nuestras <a href=\"https:\/\/praguetouristinformation.com\/es\/viaje-en-grupo\" style=\"outline: none;\">ofertas de viajes en grupo<\/a> aqu\u00ed .&nbsp;<\/p>\n<ul>\n<li style=\"\"><span style=\"\"><span data-attr-id=\"18\" data-extra_key=\"1\" data-option-inline=\"1\" data-shortcode=\"thrive_global_fields\" data-shortcode-name=\"[Company] MICE Telefon\" style=\"\"><\/span><\/span><\/li>\n<li style=\"\"><span style=\"\"><span data-attr-id=\"17\" data-extra_key=\"1\" data-option-inline=\"1\" data-shortcode=\"thrive_global_fields\" data-shortcode-name=\"[Company] MICE E-Mail\" style=\"\"><\/span><\/span><\/li>\n<\/ul>\n","protected":false},"excerpt":{"rendered":"<p>Gu\u00eda de restaurantes de Praga&nbsp; Aqu\u00ed hay restaurantes, caf\u00e9s y platos t\u00edpicos checos para cada ocasi\u00f3n. \u00bfD\u00f3nde puedo comer en Praga? October 26, 2020 Los 5 mejores mercados de Praga: informaci\u00f3n, consejos y visitas Los mercados de Praga tienen mucho que ofrecer: &#8230; sigue leyendo August 31, 2020 14 Mejores cafeter\u00edas en Praga [con mapa] [&hellip;]<\/p>\n","protected":false},"author":6,"featured_media":2411,"parent":0,"menu_order":0,"comment_status":"closed","ping_status":"closed","template":"","meta":{"footnotes":""},"categories":[],"tags":[31,30],"class_list":["post-761","page","type-page","status-publish","has-post-thumbnail","hentry","tag-essen","tag-lifestyle","post-wrapper","thrv_wrapper"],"_links":{"self":[{"href":"https:\/\/praguetouristinformation.com\/es\/wp-json\/wp\/v2\/pages\/761","targetHints":{"allow":["GET"]}}],"collection":[{"href":"https:\/\/praguetouristinformation.com\/es\/wp-json\/wp\/v2\/pages"}],"about":[{"href":"https:\/\/praguetouristinformation.com\/es\/wp-json\/wp\/v2\/types\/page"}],"author":[{"embeddable":true,"href":"https:\/\/praguetouristinformation.com\/es\/wp-json\/wp\/v2\/users\/6"}],"replies":[{"embeddable":true,"href":"https:\/\/praguetouristinformation.com\/es\/wp-json\/wp\/v2\/comments?post=761"}],"version-history":[{"count":5,"href":"https:\/\/praguetouristinformation.com\/es\/wp-json\/wp\/v2\/pages\/761\/revisions"}],"predecessor-version":[{"id":4795,"href":"https:\/\/praguetouristinformation.com\/es\/wp-json\/wp\/v2\/pages\/761\/revisions\/4795"}],"wp:featuredmedia":[{"embeddable":true,"href":"https:\/\/praguetouristinformation.com\/es\/wp-json\/wp\/v2\/media\/2411"}],"wp:attachment":[{"href":"https:\/\/praguetouristinformation.com\/es\/wp-json\/wp\/v2\/media?parent=761"}],"wp:term":[{"taxonomy":"category","embeddable":true,"href":"https:\/\/praguetouristinformation.com\/es\/wp-json\/wp\/v2\/categories?post=761"},{"taxonomy":"post_tag","embeddable":true,"href":"https:\/\/praguetouristinformation.com\/es\/wp-json\/wp\/v2\/tags?post=761"}],"curies":[{"name":"wp","href":"https:\/\/api.w.org\/{rel}","templated":true}]}}