{"id":751,"date":"2020-10-15T13:45:00","date_gmt":"2020-10-15T13:45:00","guid":{"rendered":"https:\/\/praguetouristinformation.com\/es\/?page_id=751"},"modified":"2023-05-03T08:50:13","modified_gmt":"2023-05-03T08:50:13","slug":"kampa","status":"publish","type":"page","link":"https:\/\/praguetouristinformation.com\/es\/cosas-que-hacer\/museos\/kampa","title":{"rendered":"Gu\u00eda del Museo Kampa: Informaci\u00f3n, exposici\u00f3n y entrada"},"content":{"rendered":"<h3>El Museo Kampa en la isla del mismo nombre exhibe arte moderno.<\/h3>\n<p>Es uno de los <a data-id=\"137\" data-type=\"page\" href=\"https:\/\/praguetouristinformation.com\/es\/cosas-que-hacer\/museos\" style=\"outline: none;\">mejores museos de Praga<\/a> y tambi\u00e9n una de las galer\u00edas de arte moderno m\u00e1s importantes de la ciudad.<\/p>\n<p>En esta gu\u00eda del Museo Kampa, aprender\u00e1 todo sobre la exposici\u00f3n, la historia e informaci\u00f3n \u00fatil sobre c\u00f3mo llegar, boletos y recorridos.<\/p>\n<h2 id=\"t-1670587657187\"><strong>\u00bfQu\u00e9 puedo hacer en el Museo Kampa?<\/strong><\/h2>\n<p><span><img decoding=\"async\" alt=\"\" data-id=\"4022\" width=\"688\" data-init-width=\"1000\" height=\"459\" data-init-height=\"667\" title=\"Moderno,Edificio,De,Kampa,Museo,,Praga,,Rep\u00fablica Checa\" loading=\"lazy\" src=\"https:\/\/praguetouristinformation.com\/es\/wp-content\/uploads\/2022\/12\/Kampa-Museum-Prague-Czech-Republic.jpg\" data-width=\"688\" data-height=\"459\" data-pin-media=\"https:\/\/praguetouristinformation.com\/es\/wp-content\/uploads\/2021\/03\/prag_juedisches_viertel_pinterest-6.jpg\" data-pin-description=\"Der komplette Guide zum Kampa Museum in Prag \u27a4 Hier sind alle Informationen zum Eintritt, den Tickets und der Ausstellung im Museum \u2714 Mehr hier ...\" data-pin-url=\"https:\/\/praguetouristinformation.com\/es\/cosas-que-hacer\/museos\/kampa?tve=true&amp;tcbf=3c0ae20cee\" data-pinpro-key=\"4xds19pm8\"><\/span><\/p>\n<p><span style=\"color: var(--tcb-skin-color-4); font-weight: var(--g-regular-weight,normal);\">Los visitantes pueden admirar las colecciones permanentes y rotativas alojadas en un molino harinero del siglo XV. Interesantes talleres completan la oferta del museo.<\/span><\/p>\n<h3 id=\"t-1670587657188\">exhibici\u00f3n permanente<\/h3>\n<p>La exposici\u00f3n permanente presenta obras de la colecci\u00f3n privada de Jan Ml\u00e1dek y Meda Ml\u00e1dkov\u00e1. La atenci\u00f3n se centra en el arte contempor\u00e1neo de Europa Central y Oriental de los siglos XX y XXI.<\/p>\n<p>Se presentan obras de importantes artistas de la Rep\u00fablica Checa, Polonia, Eslovaquia, Hungr\u00eda y la ex Yugoslavia.<\/p>\n<p>Merece la pena ver la extensa colecci\u00f3n de arte abstracto de Franti\u0161ek Kupka y las esculturas del escultor cubista Otto Gutfreund. Estos tambi\u00e9n forman el foco de la exposici\u00f3n.<\/p>\n<h3 id=\"t-1670587657189\">Exposiciones cambiantes<\/h3>\n<p>Puede encontrar una descripci\u00f3n general y una vista previa de las exhibiciones cambiantes <a href=\"http:\/\/www.museumkampa.cz\/exhibitions\/#now\" target=\"_blank\" style=\"outline: none;\" rel=\"noopener\">aqu\u00ed<\/a> .<\/p>\n<h3>Caf\u00e9 restaurante en el museo<\/h3>\n<p>En el museo se encuentra el Caf\u00e9 Restaurante Museo Kampa, donde los amantes del arte pueden darse un merecido descanso. Gracias a la maravillosa ubicaci\u00f3n justo a orillas del Vltava, los visitantes pueden recargar las pilas mientras disfrutan de la maravillosa vista del Vltava.<\/p>\n<h3 id=\"t-1670587657190\">Esculturas frente al museo<\/h3>\n<p>Tambi\u00e9n cabe destacar la escultura de una enorme silla frente al museo. Esto viene de la escultora checa Magdalena Jetelov\u00e1.<\/p>\n<p>Adem\u00e1s, frente al edificio del museo, los visitantes pueden conocer tres de las \u00abMiminkas\u00bb del famoso artista David \u010cern\u00fd. Este grupo escult\u00f3rico de beb\u00e9s que gatean forma parte de otro decorado de la Torre de Televisi\u00f3n de Praga.<\/p>\n<h2 id=\"t-1670587657191\"><strong>Entradas, entradas y visitas guiadas<\/strong><\/h2>\n<p><span><img decoding=\"async\" alt=\"\" data-id=\"4023\" width=\"688\" data-init-width=\"1000\" height=\"459\" data-init-height=\"667\" title=\"Praga,-,Museo,Kampa,Y,Charles,Puente\" loading=\"lazy\" src=\"https:\/\/praguetouristinformation.com\/es\/wp-content\/uploads\/2022\/12\/Kampa-Museum-Prague-Czech-Republic2.jpg\" data-width=\"688\" data-height=\"459\" data-pin-media=\"https:\/\/praguetouristinformation.com\/es\/wp-content\/uploads\/2021\/03\/prag_juedisches_viertel_pinterest-6.jpg\" data-pin-description=\"Der komplette Guide zum Kampa Museum in Prag \u27a4 Hier sind alle Informationen zum Eintritt, den Tickets und der Ausstellung im Museum \u2714 Mehr hier ...\" data-pin-url=\"https:\/\/praguetouristinformation.com\/es\/cosas-que-hacer\/museos\/kampa?tve=true&amp;tcbf=3c0ae20cee\" data-pinpro-key=\"evsdo9tnl\"><\/span><\/p>\n<ul>\n<li><strong>Entrada \u2013 Todas las Exposiciones:<\/strong> &nbsp; El museo ofrece una entrada para todas las exposiciones. M\u00e1s sobre esto <a href=\"http:\/\/www.museumkampa.cz\/visit\/#admission\" target=\"_blank\" rel=\"noopener\">aqu\u00ed<\/a> .<\/li>\n<li><strong>Entrada \u2013 exposici\u00f3n permanente:&nbsp;<\/strong> Para los visitantes que solo quieran visitar la exposici\u00f3n permanente, recomendamos la entrada <a href=\"http:\/\/www.museumkampa.cz\/visit\/#admission\" target=\"_blank\" rel=\"noopener\">\u00fanica<\/a> para la exposici\u00f3n permanente.<\/li>\n<li><strong>Visita guiada:<\/strong> las partes interesadas pueden obtener una visi\u00f3n m\u00e1s detallada en una visita guiada en ingl\u00e9s, alem\u00e1n o italiano. La informaci\u00f3n sobre los tours est\u00e1 disponible <a href=\"http:\/\/www.museumkampa.cz\/visit\/#admission\" target=\"_blank\" rel=\"noopener\">aqu\u00ed<\/a> .<\/li>\n<li><strong>Talleres:<\/strong> Varios talleres complementan la oferta del museo. Los detalles se pueden encontrar en el <a href=\"http:\/\/www.museumkampa.cz\/visit\/#admission\" target=\"_blank\" rel=\"noopener\">sitio web<\/a> del museo .<\/li>\n<\/ul>\n<h2 id=\"t-1670587657192\"><strong>\u00bfC\u00f3mo llego al <\/strong><strong>Museo Kampa?<\/strong><\/h2>\n<p>El Museo Kampa se encuentra en la isla de Kampa. La forma m\u00e1s f\u00e1cil de llegar es en <a data-id=\"775\" data-type=\"page\" href=\"https:\/\/praguetouristinformation.com\/es\/plan\/transporte-publico\" style=\"outline: none;\">transporte p\u00fablico<\/a> , desde el Casco Antiguo tomando el tranv\u00eda 9 o 22 hasta la estaci\u00f3n \u201c\u00dajezd\u201d y caminando otros 5 minutos hasta el museo.<\/p>\n<h2 id=\"t-1670587657194\"><strong>Historia del <\/strong><strong>Museo Kampa<\/strong><\/h2>\n<p><span><img decoding=\"async\" alt=\"Museo Kampa, Praga, Rep\u00fablica Checa\" data-id=\"1394\" width=\"688\" data-init-width=\"1000\" height=\"459\" data-init-height=\"667\" title=\"Museo Kampa, Praga, Rep\u00fablica Checa\" loading=\"lazy\" src=\"https:\/\/praguetouristinformation.com\/es\/wp-content\/uploads\/2020\/11\/Kampa-Museum.jpg\" data-width=\"688\" data-height=\"459\" data-pin-media=\"https:\/\/praguetouristinformation.com\/es\/wp-content\/uploads\/2021\/03\/prag_juedisches_viertel_pinterest-6.jpg\" data-pin-description=\"Der komplette Guide zum Kampa Museum in Prag \u27a4 Hier sind alle Informationen zum Eintritt, den Tickets und der Ausstellung im Museum \u2714 Mehr hier ...\" data-pin-url=\"https:\/\/praguetouristinformation.com\/es\/cosas-que-hacer\/museos\/kampa?tve=true&amp;tcbf=3c0ae20cee\" data-pinpro-key=\"v8vb64t3n\"><\/span><\/p>\n<p>El Museo Kampa, fundado en 2003, se remonta a la colecci\u00f3n privada de la pareja Meda Ml\u00e1dkov\u00e1 y Jan Ml\u00e1dek.<\/p>\n<p>La mecenas de arte Meda Ml\u00e1dkov\u00e1 comenz\u00f3 a coleccionar obras del pintor checo Franti\u0161ek Kupka en los Estados Unidos en la d\u00e9cada de 1950. A lo largo de los a\u00f1os se agregaron otras pinturas de artistas de Europa Central y Oriental. Z<\/p>\n<p>El objetivo era exhibirlos en Occidente y dar a conocer el arte moderno checo, especialmente para los dos artistas checos Franti\u0161ek Kupka y Otto Gutfreund, que son el centro de la colecci\u00f3n.<\/p>\n<p>Junto con su esposo, Meda Ml\u00e1dkov\u00e1 leg\u00f3 la colecci\u00f3n a la ciudad de Praga. Para presentar la colecci\u00f3n, el coleccionista de arte adquiri\u00f3 el edificio del antiguo molino Sova a fines de la d\u00e9cada de 1990. Las instalaciones hist\u00f3ricas del antiguo molino del siglo XV se convirtieron en 2001 y, a pesar de los devastadores da\u00f1os por inundaciones, se abrieron como museo en 2003.<\/p>\n<p>Desde entonces, el museo ha sido uno de los <a data-id=\"247\" data-type=\"page\" href=\"https:\/\/praguetouristinformation.com\/es\/cosas-que-hacer\" style=\"outline: none;\">lugares de inter\u00e9s cultural m\u00e1s importantes de Praga<\/a> .<\/p>\n<h2 id=\"t-1670587657195\"><strong>Contacto<\/strong><\/h2>\n<ul>\n<li><strong>Direcci\u00f3n:&nbsp;<\/strong> Museo Kampa, U Sovov\u00fdch ml\u00fdn\u016f 503\/2, 118 00 Praga 1 \u2013 Mal\u00e1 Strana<\/li>\n<li><strong style=\"color: var(--tcb-skin-color-4);\">Transporte p\u00fablico: <\/strong><span style=\"color: var(--tcb-skin-color-4); font-weight: var(--g-regular-weight,normal);\">Tranv\u00eda 9 o 22 hasta la estaci\u00f3n \u201c\u00dajezd\u201d<\/span><\/li>\n<li><strong>Horario<\/strong> de apertura : Los horarios de apertura actuales se pueden encontrar en el <a href=\"http:\/\/www.museumkampa.cz\/visit\/#hours\" target=\"_blank\" style=\"outline: none;\" data-lt-tmp-id=\"lt-266513\" spellcheck=\"false\" rel=\"noopener\">sitio web<\/a> del museo .<a href=\"http:\/\/www.museumkampa.cz\/visit\/#hours\" target=\"_blank\" style=\"outline: none;\" data-lt-tmp-id=\"lt-266513\" spellcheck=\"false\" rel=\"noopener\"><\/a><strong><\/strong><\/li>\n<li><strong>Sitio web: <\/strong>&nbsp;<a href=\"http:\/\/www.museumkampa.cz\/en\/\" style=\"outline: none;\" data-lt-tmp-id=\"lt-741303\" spellcheck=\"false\" target=\"_blank\" rel=\"noopener\">Museo Kampa en Praga<\/a><a href=\"http:\/\/www.museumkampa.cz\/en\/\" style=\"outline: none;\" data-lt-tmp-id=\"lt-741303\" spellcheck=\"false\" target=\"_blank\" rel=\"noopener\"><\/a><\/li>\n<\/ul>\n","protected":false},"excerpt":{"rendered":"<p>El Museo Kampa en la isla del mismo nombre exhibe arte moderno. Es uno de los mejores museos de Praga y tambi\u00e9n una de las galer\u00edas de arte moderno m\u00e1s importantes de la ciudad. En esta gu\u00eda del Museo Kampa, aprender\u00e1 todo sobre la exposici\u00f3n, la historia e informaci\u00f3n \u00fatil sobre c\u00f3mo llegar, boletos y [&hellip;]<\/p>\n","protected":false},"author":6,"featured_media":1510,"parent":137,"menu_order":0,"comment_status":"open","ping_status":"closed","template":"","meta":{"footnotes":""},"categories":[],"tags":[22,19],"class_list":["post-751","page","type-page","status-publish","has-post-thumbnail","hentry","tag-museum","tag-sehenswuerdigkeiten","post-wrapper","thrv_wrapper"],"_links":{"self":[{"href":"https:\/\/praguetouristinformation.com\/es\/wp-json\/wp\/v2\/pages\/751","targetHints":{"allow":["GET"]}}],"collection":[{"href":"https:\/\/praguetouristinformation.com\/es\/wp-json\/wp\/v2\/pages"}],"about":[{"href":"https:\/\/praguetouristinformation.com\/es\/wp-json\/wp\/v2\/types\/page"}],"author":[{"embeddable":true,"href":"https:\/\/praguetouristinformation.com\/es\/wp-json\/wp\/v2\/users\/6"}],"replies":[{"embeddable":true,"href":"https:\/\/praguetouristinformation.com\/es\/wp-json\/wp\/v2\/comments?post=751"}],"version-history":[{"count":9,"href":"https:\/\/praguetouristinformation.com\/es\/wp-json\/wp\/v2\/pages\/751\/revisions"}],"predecessor-version":[{"id":4765,"href":"https:\/\/praguetouristinformation.com\/es\/wp-json\/wp\/v2\/pages\/751\/revisions\/4765"}],"up":[{"embeddable":true,"href":"https:\/\/praguetouristinformation.com\/es\/wp-json\/wp\/v2\/pages\/137"}],"wp:featuredmedia":[{"embeddable":true,"href":"https:\/\/praguetouristinformation.com\/es\/wp-json\/wp\/v2\/media\/1510"}],"wp:attachment":[{"href":"https:\/\/praguetouristinformation.com\/es\/wp-json\/wp\/v2\/media?parent=751"}],"wp:term":[{"taxonomy":"category","embeddable":true,"href":"https:\/\/praguetouristinformation.com\/es\/wp-json\/wp\/v2\/categories?post=751"},{"taxonomy":"post_tag","embeddable":true,"href":"https:\/\/praguetouristinformation.com\/es\/wp-json\/wp\/v2\/tags?post=751"}],"curies":[{"name":"wp","href":"https:\/\/api.w.org\/{rel}","templated":true}]}}