{"id":746,"date":"2020-10-15T13:33:59","date_gmt":"2020-10-15T13:33:59","guid":{"rendered":"https:\/\/praguetouristinformation.com\/es\/?page_id=746"},"modified":"2023-05-03T08:49:27","modified_gmt":"2023-05-03T08:49:27","slug":"kafka","status":"publish","type":"page","link":"https:\/\/praguetouristinformation.com\/es\/cosas-que-hacer\/museos\/kafka","title":{"rendered":"Gu\u00eda del Museo Franz Kafka: Informaci\u00f3n, exposici\u00f3n y entradas"},"content":{"rendered":"<h3>El Museo Franz Kafka de Praga est\u00e1 dedicado a uno de los m\u00e1s grandes escritores del siglo XX: Franz Kafka (1883-1924).<\/h3>\n<p>Nuestra gu\u00eda completa del Museo Franz Kafka tiene todo lo que necesita saber sobre la exposici\u00f3n, la historia e informaci\u00f3n \u00fatil sobre c\u00f3mo llegar, boletos y recorridos.<\/p>\n<p>\u00a1Vamos a empezar!<\/p>\n<h2 id=\"t-1670587103333\"><strong>\u00bfQu\u00e9 puedo hacer en el <\/strong><strong>Museo Franz Kafka <\/strong><strong>?<\/strong><\/h2>\n<p><span><img decoding=\"async\" alt=\"\" data-id=\"4114\" width=\"688\" data-init-width=\"1000\" height=\"427\" data-init-height=\"620\" title=\"Franz,Kafky,Street,Sign.,One,Of,The,Most,Famous,Street\" loading=\"lazy\" src=\"https:\/\/praguetouristinformation.com\/es\/wp-content\/uploads\/2022\/12\/Franz-Kafka-Museum.jpg\" data-width=\"688\" data-height=\"427\" data-pin-media=\"https:\/\/praguetouristinformation.com\/es\/wp-content\/uploads\/2021\/02\/23.jpg\" data-pin-description=\"Gu\u00eda del Museo Franz Kafka: informaci\u00f3n, exposici\u00f3n y entradas\" data-pin-url=\"https:\/\/praguetouristinformation.com\/es\/cosas-que-hacer\/museos\/kafka?tve=true&amp;tcbf=3c0ae20cee\" data-pinpro-key=\"44txnsqjo\"><\/span><\/p>\n<p>El Museo Franz Kafka, cerca del <a data-id=\"664\" data-type=\"page\" href=\"https:\/\/praguetouristinformation.com\/es\/cosas-que-hacer\/puente-de-carlos\" style=\"outline: none;\">Puente de Carlos,<\/a> ofrece una visi\u00f3n del mundo del importante escritor. Franz Kafka, cuya vida est\u00e1 estrechamente relacionada con la capital checa, naci\u00f3 en Praga el 3 de julio de 1883.<\/p>\n<h3 id=\"t-1670587103334\">exhibici\u00f3n<\/h3>\n<p>La exposici\u00f3n permanente se divide en dos partes: \u00abEspacio existencial\u00bb y \u00abTopograf\u00eda imaginaria\u00bb.<\/p>\n<ul>\n<li><strong>Espacio Existencial:&nbsp;<\/strong> En esta \u00e1rea, se muestra al visitante c\u00f3mo la ciudad de Praga influy\u00f3 y dio forma a la vida de Franz Kafka. Las instalaciones de video, luz y sonido, as\u00ed como las pertenencias personales de Kafka, incluidos los diarios y la extensa correspondencia con amigos, familiares y su prometida, permiten a los visitantes aprender sobre la conexi\u00f3n especial entre Kafka y Praga. Tambi\u00e9n se exhiben fotograf\u00edas, manuscritos, recuerdos y dibujos del exc\u00e9ntrico escritor.<\/li>\n<li><strong>Topograf\u00eda Imaginaria:&nbsp;<\/strong> La \u00abTopograf\u00eda Imaginaria\u00bb se centra en las obras de Kafka. Esta parte del museo se ocupa de la topograf\u00eda f\u00edsica de Praga, que se puede sentir en las novelas y cuentos de Kafka, pero no se describe en detalle. Esta topograf\u00eda imaginaria y el significado de los edificios descritos como met\u00e1foras y lugares aleg\u00f3ricos se examinan aqu\u00ed con m\u00e1s detalle.<\/li>\n<\/ul>\n<h3 id=\"t-1670587103335\">tienda del museo<\/h3>\n<p>En la tienda del museo, los interesados pueden adquirir una amplia gama de <a data-id=\"326\" data-type=\"page\" href=\"https:\/\/praguetouristinformation.com\/es\/compras\/recuerdos\" style=\"outline: none;\">souvenirs<\/a> , libros, obras y postales relacionadas con Kafka. El mapa de la ciudad con la Praga de Kafka es particularmente popular.<\/p>\n<h3 id=\"t-1670587103336\">Estatua frente al museo<\/h3>\n<p>Tambi\u00e9n vale la pena ver la fuente en el patio del museo con la notoria escultura de David \u010cern\u00fd. Esto muestra a dos hombres parados uno frente al otro y orinando en un lago con el contorno de la Rep\u00fablica Checa. La estatua caus\u00f3 mucha emoci\u00f3n.<\/p>\n<h2 id=\"t-1670587103337\" data-alt-text=\"Eintritt, Tickets und F\u00fchrungen\"><strong>Entrada, entradas y visitas guiadas al Museo Franz Kafka<\/strong><\/h2>\n<ul>\n<li><strong>Entrada:<\/strong> &nbsp; Puede encontrar una descripci\u00f3n general de los precios actuales de las entradas en la <a href=\"https:\/\/kafkamuseum.cz\/de\/#vstupne\" target=\"_blank\" style=\"outline: none;\" data-lt-tmp-id=\"lt-285854\" spellcheck=\"false\" rel=\"noopener\">p\u00e1gina<\/a> de inicio del Museo Franz Kafka.<a href=\"https:\/\/kafkamuseum.cz\/de\/#vstupne\" target=\"_blank\" style=\"outline: none;\" data-lt-tmp-id=\"lt-285854\" spellcheck=\"false\" rel=\"noopener\"><\/a><\/li>\n<li><strong>Visita guiada:<\/strong> El museo se puede visitar con m\u00e1s detalle como parte de una visita guiada. Esto se ofrece en checo, ingl\u00e9s, alem\u00e1n, franc\u00e9s y ruso. Se requiere inscripci\u00f3n previa. M\u00e1s sobre esto <a href=\"https:\/\/kafkamuseum.cz\/de\/#vstupne\" target=\"_blank\" style=\"outline: none;\" data-lt-tmp-id=\"lt-401443\" spellcheck=\"false\" rel=\"noopener\">aqu\u00ed<\/a> .<a href=\"https:\/\/kafkamuseum.cz\/de\/#vstupne\" target=\"_blank\" style=\"outline: none;\" data-lt-tmp-id=\"lt-401443\" spellcheck=\"false\" rel=\"noopener\"><\/a><\/li>\n<li><strong>Consejo:<\/strong> el museo tambi\u00e9n ofrece un <a href=\"https:\/\/shop.kafkamuseum.cz\/en\/map-of-franz-kafka-s-prague\" target=\"_blank\" style=\"outline: none;\" data-lt-tmp-id=\"lt-378188\" spellcheck=\"false\" rel=\"noopener\">mapa<\/a> de la Praga de Franz Kafka, que muestra los lugares que tienen una conexi\u00f3n especial con la vida y obra de Kafka.<a href=\"https:\/\/shop.kafkamuseum.cz\/en\/map-of-franz-kafka-s-prague\" target=\"_blank\" style=\"outline: none;\" data-lt-tmp-id=\"lt-378188\" spellcheck=\"false\" rel=\"noopener\"><\/a><\/li>\n<\/ul>\n<h2 id=\"t-1670587103338\"><strong>\u00bfC\u00f3mo llego al <\/strong><strong>Museo Franz Kafka?<\/strong><\/h2>\n<p><span><img decoding=\"async\" alt=\"\" data-id=\"4115\" width=\"688\" data-init-width=\"1000\" height=\"458\" data-init-height=\"666\" title=\"Museo Franz Kafka Praga Rep\u00fablica Checa\" loading=\"lazy\" src=\"https:\/\/praguetouristinformation.com\/es\/wp-content\/uploads\/2022\/12\/Franz-Kafka-Museum1.jpg\" data-width=\"688\" data-height=\"458\" data-pin-media=\"https:\/\/praguetouristinformation.com\/es\/wp-content\/uploads\/2021\/02\/23.jpg\" data-pin-description=\"Gu\u00eda del Museo Franz Kafka: informaci\u00f3n, exposici\u00f3n y entradas\" data-pin-url=\"https:\/\/praguetouristinformation.com\/es\/cosas-que-hacer\/museos\/kafka?tve=true&amp;tcbf=3c0ae20cee\" data-pinpro-key=\"q24cqmmru\"><\/span><\/p>\n<p>El Museo Franz Kafka est\u00e1 ubicado en el terrapl\u00e9n de Vltava en <a data-id=\"740\" data-type=\"page\" href=\"https:\/\/praguetouristinformation.com\/es\/cosas-que-hacer\/lado-pequeno\" style=\"outline: none;\">la Ciudad Peque\u00f1a de Praga<\/a> .<\/p>\n<p>La mejor manera de llegar al museo a pie es cruzar el Puente de Carlos desde el casco antiguo y luego girar a la derecha. Despu\u00e9s de unos 5 minutos llegar\u00e1s al museo.<\/p>\n<p>Si desea viajar en <a data-id=\"775\" data-type=\"page\" href=\"https:\/\/praguetouristinformation.com\/es\/plan\/transporte-publico\" style=\"outline: none;\">transporte p\u00fablico<\/a> , lo mejor es tomar la l\u00ednea 2 o 18 del tranv\u00eda hasta la estaci\u00f3n \u00abMalostransk\u00e1\u00bb. Luego gire a la izquierda en Kl\u00e1rov y camine por U Lu\u017eick\u00e9ho semin\u00e1\u0159e hasta llegar a una bifurcaci\u00f3n. Aqu\u00ed se sigue por el lado izquierdo de la bifurcaci\u00f3n, la Ciheln\u00e1, hasta llegar al Museo Kafka.<\/p>\n<h2 id=\"t-1670587103339\" data-alt-text=\"Geschichte \"><strong>Historia del <\/strong><strong>Museo Franz Kafka<\/strong><\/h2>\n<p>El Museo Franz Kafka <a href=\"https:\/\/praguetouristinformation.com\/es\/cosas-que-hacer\/museos\" style=\"outline: none;\">de Praga<\/a> abri\u00f3 sus puertas en 2005.<\/p>\n<p>Sin embargo, los or\u00edgenes del museo se remontan a\u00fan m\u00e1s atr\u00e1s, ya que la muestra actual se concibi\u00f3 de hecho como una exposici\u00f3n itinerante en 1999 y se present\u00f3 por primera vez en Barcelona.<\/p>\n<p>En los a\u00f1os 2002 a 2003 se present\u00f3 luego en el Museo Jud\u00edo de Nueva York.<\/p>\n<p>Tras los \u00e9xitos en Barcelona y Nueva York, se desech\u00f3 la exposici\u00f3n de forma permanente en Praga. El impresionante edificio de una antigua f\u00e1brica de ladrillos se convirti\u00f3 para este prop\u00f3sito. Desde el verano de 2005, este ha servido como el Museo Franz Kafka y ha sido uno de los <a data-id=\"247\" data-type=\"page\" href=\"https:\/\/praguetouristinformation.com\/es\/cosas-que-hacer\" style=\"outline: none;\">lugares m\u00e1s importantes de Praga<\/a> desde entonces.<\/p>\n<h2 id=\"t-1670587103340\"><strong>Contacto<\/strong><\/h2>\n<ul>\n<li><strong>Direcci\u00f3n:&nbsp;<\/strong> Museo Franz Kafka, Ciheln\u00e1 2b, 118 00 Praga 1 \u2013 Ciudad Peque\u00f1a<\/li>\n<li><strong>Transporte p\u00fablico:<\/strong> Tranv\u00eda l\u00ednea 2 o 18 hasta la estaci\u00f3n \u00abMalostransk\u00e1\u00bb<\/li>\n<li><strong>Horario<\/strong> de apertura: Puede encontrar los horarios de apertura actuales en el <a href=\"https:\/\/kafkamuseum.cz\/en\/\" target=\"_blank\" style=\"outline: none;\" rel=\"noopener\">sitio web<\/a> del Museo Franz Kafka.<\/li>\n<li><strong>Sitio web: <\/strong>&nbsp;<a href=\"https:\/\/kafkamuseum.cz\/en\/\" style=\"outline: none;\" target=\"_blank\" rel=\"noopener\">Museo Franz Kafka de Praga<\/a><\/li>\n<\/ul>\n","protected":false},"excerpt":{"rendered":"<p>El Museo Franz Kafka de Praga est\u00e1 dedicado a uno de los m\u00e1s grandes escritores del siglo XX: Franz Kafka (1883-1924). Nuestra gu\u00eda completa del Museo Franz Kafka tiene todo lo que necesita saber sobre la exposici\u00f3n, la historia e informaci\u00f3n \u00fatil sobre c\u00f3mo llegar, boletos y recorridos. \u00a1Vamos a empezar! \u00bfQu\u00e9 puedo hacer en [&hellip;]<\/p>\n","protected":false},"author":6,"featured_media":1506,"parent":137,"menu_order":0,"comment_status":"open","ping_status":"closed","template":"","meta":{"footnotes":""},"categories":[],"tags":[22,19],"class_list":["post-746","page","type-page","status-publish","has-post-thumbnail","hentry","tag-museum","tag-sehenswuerdigkeiten","post-wrapper","thrv_wrapper"],"_links":{"self":[{"href":"https:\/\/praguetouristinformation.com\/es\/wp-json\/wp\/v2\/pages\/746","targetHints":{"allow":["GET"]}}],"collection":[{"href":"https:\/\/praguetouristinformation.com\/es\/wp-json\/wp\/v2\/pages"}],"about":[{"href":"https:\/\/praguetouristinformation.com\/es\/wp-json\/wp\/v2\/types\/page"}],"author":[{"embeddable":true,"href":"https:\/\/praguetouristinformation.com\/es\/wp-json\/wp\/v2\/users\/6"}],"replies":[{"embeddable":true,"href":"https:\/\/praguetouristinformation.com\/es\/wp-json\/wp\/v2\/comments?post=746"}],"version-history":[{"count":14,"href":"https:\/\/praguetouristinformation.com\/es\/wp-json\/wp\/v2\/pages\/746\/revisions"}],"predecessor-version":[{"id":4764,"href":"https:\/\/praguetouristinformation.com\/es\/wp-json\/wp\/v2\/pages\/746\/revisions\/4764"}],"up":[{"embeddable":true,"href":"https:\/\/praguetouristinformation.com\/es\/wp-json\/wp\/v2\/pages\/137"}],"wp:featuredmedia":[{"embeddable":true,"href":"https:\/\/praguetouristinformation.com\/es\/wp-json\/wp\/v2\/media\/1506"}],"wp:attachment":[{"href":"https:\/\/praguetouristinformation.com\/es\/wp-json\/wp\/v2\/media?parent=746"}],"wp:term":[{"taxonomy":"category","embeddable":true,"href":"https:\/\/praguetouristinformation.com\/es\/wp-json\/wp\/v2\/categories?post=746"},{"taxonomy":"post_tag","embeddable":true,"href":"https:\/\/praguetouristinformation.com\/es\/wp-json\/wp\/v2\/tags?post=746"}],"curies":[{"name":"wp","href":"https:\/\/api.w.org\/{rel}","templated":true}]}}