{"id":727,"date":"2020-10-15T13:23:12","date_gmt":"2020-10-15T13:23:12","guid":{"rendered":"https:\/\/praguetouristinformation.com\/es\/?page_id=727"},"modified":"2023-05-03T07:33:10","modified_gmt":"2023-05-03T07:33:10","slug":"parques","status":"publish","type":"page","link":"https:\/\/praguetouristinformation.com\/es\/cosas-que-hacer\/parques","title":{"rendered":"10 Parques m\u00e1s bonitos del centro de Praga [con mapa]"},"content":{"rendered":"<h3 id=\"t-1670585570804\">\u00bfQu\u00e9 parques hay en Praga?<\/h3>\n<p>Los lugare\u00f1os definitivamente conocen el Jard\u00edn Wallenstein, las Islas Vltava y el Jard\u00edn Franciscano.<\/p>\n<p>Hay muchas otras posibles alternativas verdes en toda la ciudad. Los espacios verdes constituyen casi la mitad del \u00e1rea urbana de Praga.<\/p>\n<p>Aqu\u00ed hemos recopilado una lista de los espacios verdes m\u00e1s interesantes de toda la ciudad.<\/p>\n<h2 id=\"t-1670585570805\">1. Jard\u00edn Wallenstein<\/h2>\n<p><span><img decoding=\"async\" alt=\"Jard\u00edn Wallenstein en Praga\" data-id=\"1308\" width=\"702\" data-init-width=\"1000\" height=\"468\" data-init-height=\"667\" title=\"Jard\u00edn Wallenstein en Praga\" loading=\"lazy\" src=\"https:\/\/praguetouristinformation.com\/es\/wp-content\/uploads\/2020\/11\/Wallenstein-Garten.jpg\" data-width=\"702\" data-height=\"468\" data-pin-media=\"https:\/\/praguetouristinformation.com\/es\/wp-content\/uploads\/2021\/01\/2.jpg\" data-pin-description=\"Los 10 parques m\u00e1s bonitos del centro de Praga [con mapa] - 2022\" data-pin-url=\"https:\/\/praguetouristinformation.com\/es\/cosas-que-hacer\/parques?tve=true&amp;tcbf=3c0ae20cee\" data-pinpro-key=\"zfepo5wsb\"><\/span><\/p>\n<p>El Jard\u00edn Wallenstein est\u00e1 justo al lado del Palacio Wallenstein, que es la sede del Parlamento checo. Los primeros jardines del barroco estrictamente geom\u00e9trico se construyeron a principios del siglo XVII.<\/p>\n<p>Adem\u00e1s de numerosas esculturas, encontrar\u00e1s una gruta, un aviario, un estanque artificial con isla y una sala terrena que conecta el palacio y los jardines. La vista del castillo de arriba es muy bonita.<\/p>\n<ul>\n<li><strong>Direcci\u00f3n: Letensk\u00e1, Mal\u00e1 Strana, 118 00 Praga<\/strong><\/li>\n<\/ul>\n<h2 id=\"t-1670585570806\">2. Colina de Petr\u00edn<\/h2>\n<p><span><img decoding=\"async\" alt=\"Colina de Petrin en Praga\" data-id=\"1312\" width=\"702\" data-init-width=\"1000\" height=\"468\" data-init-height=\"667\" title=\"Colina de Petrin en Praga\" loading=\"lazy\" src=\"https:\/\/praguetouristinformation.com\/es\/wp-content\/uploads\/2020\/11\/Petrin-Huegel.jpg\" data-width=\"702\" data-height=\"468\" data-pin-media=\"https:\/\/praguetouristinformation.com\/es\/wp-content\/uploads\/2021\/01\/2.jpg\" data-pin-description=\"Los 10 parques m\u00e1s bonitos del centro de Praga [con mapa] - 2022\" data-pin-url=\"https:\/\/praguetouristinformation.com\/es\/cosas-que-hacer\/parques?tve=true&amp;tcbf=3c0ae20cee\" data-pinpro-key=\"q0l8y0rgq\"><\/span><\/p>\n<p>La colina casi enteramente arbolada es una de las \u00e1reas recreativas favoritas de los residentes de Praga. Numerosos senderos conducen a la colina de 327 metros de altura. Aquellos que lo deseen pueden subir a la <a data-id=\"836\" data-type=\"page\" href=\"https:\/\/praguetouristinformation.com\/es\/cosas-que-hacer\/monte-petrino\/torre-de-observacion\" style=\"outline: none;\">torre de vigilancia de Pet\u0159\u00edn<\/a> del siglo XIX , que est\u00e1 inspirada en la Torre Eiffel. Desde arriba hay una vista panor\u00e1mica de Praga.<\/p>\n<p>Cerca est\u00e1 el Observatorio \u0160tef\u00e1nik y en el borde del parque est\u00e1 el <a data-id=\"828\" data-type=\"page\" href=\"https:\/\/praguetouristinformation.com\/es\/cosas-que-hacer\/lado-pequeno\/monasterio-de-strahov\" style=\"outline: none;\">Monasterio de Strahov<\/a> , que alberga una cervecer\u00eda centenaria.<\/p>\n<ul>\n<li><strong>Direcci\u00f3n: Petrin Hill, Mal\u00e1 Strana, 118 00 Praga<\/strong><\/li>\n<\/ul>\n<h2 id=\"t-1670585570807\">3. Vojanovy sady &#8211; Parque de Vojan<\/h2>\n<p><span><img decoding=\"async\" alt=\"Vojanovy sady \u2013 Parque Vojan en Praga\" data-id=\"1314\" width=\"702\" data-init-width=\"1000\" height=\"468\" data-init-height=\"667\" title=\"Vojanovy sady \u2013 Parque Vojan en Praga\" loading=\"lazy\" src=\"https:\/\/praguetouristinformation.com\/es\/wp-content\/uploads\/2020\/11\/Vojanovy-sady-\u2013-Vojan-Park.jpg\" data-width=\"702\" data-height=\"468\" data-pin-media=\"https:\/\/praguetouristinformation.com\/es\/wp-content\/uploads\/2021\/01\/2.jpg\" data-pin-description=\"Los 10 parques m\u00e1s bonitos del centro de Praga [con mapa] - 2022\" data-pin-url=\"https:\/\/praguetouristinformation.com\/es\/cosas-que-hacer\/parques?tve=true&amp;tcbf=3c0ae20cee\" data-pinpro-key=\"qd69mo3m3\"><\/span><\/p>\n<p>Vojan Park es el jard\u00edn parcialmente conservado m\u00e1s antiguo de Praga. El complejo del siglo XVII impresiona por su tranquilidad. Hay dos capillas, una cueva de estalactitas, un peque\u00f1o estanque y un invernadero. La terraza de rosas con el reloj de sol ofrece una hermosa vista de la ciudad. El parque es famoso por la cr\u00eda de pavos reales, entre otras cosas.<\/p>\n<ul>\n<li><strong>Direcci\u00f3n: Parque Vojan, U lu\u017eick\u00e9ho semin\u00e1\u0159e 17, 11800 Praga<\/strong><\/li>\n<\/ul>\n<h2 id=\"t-1670585570808\">4. Jard\u00edn del Para\u00edso<\/h2>\n<p><span><img decoding=\"async\" alt=\"Jard\u00edn del Para\u00edso en Praga\" data-id=\"1315\" width=\"702\" data-init-width=\"1000\" height=\"468\" data-init-height=\"667\" title=\"Jard\u00edn del Para\u00edso en Praga\" loading=\"lazy\" src=\"https:\/\/praguetouristinformation.com\/es\/wp-content\/uploads\/2020\/11\/Paradiesgarten.jpg\" data-width=\"702\" data-height=\"468\" data-pin-media=\"https:\/\/praguetouristinformation.com\/es\/wp-content\/uploads\/2021\/01\/2.jpg\" data-pin-description=\"Los 10 parques m\u00e1s bonitos del centro de Praga [con mapa] - 2022\" data-pin-url=\"https:\/\/praguetouristinformation.com\/es\/cosas-que-hacer\/parques?tve=true&amp;tcbf=3c0ae20cee\" data-pinpro-key=\"seb6hz8ls\"><\/span><\/p>\n<p>El Paradise Garden es parte del complejo de jardines del <a data-id=\"738\" data-type=\"page\" href=\"https:\/\/praguetouristinformation.com\/es\/cosas-que-hacer\/castillo\" style=\"outline: none;\">Castillo de Praga<\/a> , que incluye un total de 6 jardines y es uno de los 3 jardines del sur del Castillo de Praga. Los jardines privados de los gobernantes sol\u00edan estar aqu\u00ed.<\/p>\n<p>La escalera monumental y el enorme cuenco de granito en medio del c\u00e9sped dominan la apariencia. El tejo, que se estima tiene 400 a\u00f1os, es uno de los \u00e1rboles m\u00e1s antiguos del Castillo de Praga.<\/p>\n<ul>\n<li><strong>Direcci\u00f3n: Jard\u00edn del Para\u00edso, Z\u00e1meck\u00e9 schody, 118 00 Mal\u00e1 Strana, Praga<\/strong><\/li>\n<\/ul>\n<h2 id=\"t-1670585570809\">5. Parque Letna<\/h2>\n<p><span><img decoding=\"async\" alt=\"Parque Letna en Praga\" data-id=\"1316\" width=\"702\" data-init-width=\"1000\" height=\"468\" data-init-height=\"667\" title=\"Parque Letna en Praga\" loading=\"lazy\" src=\"https:\/\/praguetouristinformation.com\/es\/wp-content\/uploads\/2020\/11\/Letna-Park.jpg\" data-width=\"702\" data-height=\"468\" data-pin-media=\"https:\/\/praguetouristinformation.com\/es\/wp-content\/uploads\/2021\/01\/2.jpg\" data-pin-description=\"Los 10 parques m\u00e1s bonitos del centro de Praga [con mapa] - 2022\" data-pin-url=\"https:\/\/praguetouristinformation.com\/es\/cosas-que-hacer\/parques?tve=true&amp;tcbf=3c0ae20cee\" data-pinpro-key=\"9mskcypjp\"><\/span><\/p>\n<p>Con sus zonas verdes, su variedad de \u00e1rboles y sus largas avenidas de pl\u00e1tanos, Letna Park ofrece mucho espacio para paseos, actividades deportivas o picnics. El Pabell\u00f3n Hanavsk\u00fd ofrece una vista t\u00edpica del panorama cl\u00e1sico de los cinco puentes Vltava en el centro de Praga.<\/p>\n<p>Es uno de los <a data-id=\"713\" data-type=\"page\" href=\"https:\/\/praguetouristinformation.com\/es\/cosas-que-hacer\/puntos-de-vista\" style=\"outline: none;\">miradores m\u00e1s bonitos<\/a> de la ciudad. La vista del r\u00edo desde aqu\u00ed es una de las m\u00e1s hermosas de toda la ciudad.<\/p>\n<ul>\n<li><strong>Direcci\u00f3n: Parque Letn\u00e1, Hole\u0161ovice, 170 00 Praga<\/strong><\/li>\n<\/ul>\n<h2 id=\"t-1670585570810\">6. Islas de Moldavia<\/h2>\n<p><span><img decoding=\"async\" alt=\"Islas Vltava en Praga\" data-id=\"1318\" width=\"702\" data-init-width=\"1000\" height=\"468\" data-init-height=\"667\" title=\"Islas Vltava en Praga\" loading=\"lazy\" src=\"https:\/\/praguetouristinformation.com\/es\/wp-content\/uploads\/2020\/11\/Moldauinseln.jpg\" data-width=\"702\" data-height=\"468\" data-pin-media=\"https:\/\/praguetouristinformation.com\/es\/wp-content\/uploads\/2021\/01\/2.jpg\" data-pin-description=\"Los 10 parques m\u00e1s bonitos del centro de Praga [con mapa] - 2022\" data-pin-url=\"https:\/\/praguetouristinformation.com\/es\/cosas-que-hacer\/parques?tve=true&amp;tcbf=3c0ae20cee\" data-pinpro-key=\"1l0tnn87h\"><\/span><\/p>\n<p>Al sur del <a data-id=\"664\" data-type=\"page\" href=\"https:\/\/praguetouristinformation.com\/es\/cosas-que-hacer\/puente-de-carlos\" style=\"outline: none;\">Puente de Carlos<\/a> hay tres islas en el Vltava, que son \u00e1reas populares de recreaci\u00f3n local y destinos de excursiones para la gente de Praga.<\/p>\n<ul>\n<li><strong>Sch\u00fctzeninsel<\/strong> : se puede llegar a trav\u00e9s de una amplia escalera de piedra en medio de Legionenbr\u00fccke. Hay muchos casta\u00f1os viejos aqu\u00ed. Direcci\u00f3n: Sch\u00fctzeninsel, Star\u00e9 M\u011bsto, 110 00 Praga<\/li>\n<li><strong>Isla de los Ni\u00f1os<\/strong> : es la izquierda de las tres islas. Aqu\u00ed encontrar\u00e1 instalaciones deportivas para todas las edades, as\u00ed como parques infantiles. Direcci\u00f3n: Isla de los Ni\u00f1os, Jan\u00e1\u010dkovo n\u00e1b\u0159e\u017e\u00ed, Sm\u00edchov, 150 00 Praga<\/li>\n<li><strong>Sophieninsel,<\/strong> anteriormente conocida como la isla eslava, est\u00e1 conectada con la costa de Neustadt por un peque\u00f1o puente. El parque est\u00e1 dominado por el imponente palacio neorrenacentista \u017dof\u00edn, un lugar tradicional para bailes y conciertos. Si quieres, tambi\u00e9n puedes alquilar un barco. Direcci\u00f3n: Isla de Sof\u00eda, Slovansk\u00fd ostrov, Nov\u00e9 M\u011bsto 110 00 Praga<\/li>\n<\/ul>\n<h2 id=\"t-1670585570811\">7. V\u00edtkov<\/h2>\n<p><span><img decoding=\"async\" alt=\"Vitkov en Praga\" data-id=\"1319\" width=\"702\" data-init-width=\"1000\" height=\"468\" data-init-height=\"667\" title=\"Vitkov en Praga\" loading=\"lazy\" src=\"https:\/\/praguetouristinformation.com\/es\/wp-content\/uploads\/2020\/11\/Vitkov.jpg\" data-width=\"702\" data-height=\"468\" data-pin-media=\"https:\/\/praguetouristinformation.com\/es\/wp-content\/uploads\/2021\/01\/2.jpg\" data-pin-description=\"Los 10 parques m\u00e1s bonitos del centro de Praga [con mapa] - 2022\" data-pin-url=\"https:\/\/praguetouristinformation.com\/es\/cosas-que-hacer\/parques?tve=true&amp;tcbf=3c0ae20cee\" data-pinpro-key=\"jcrcff150\"><\/span><\/p>\n<p>V\u00edtkov, Veitsberg en alem\u00e1n, es una colina de 271 metros de altura cubierta en su mayor parte por bosques. Numerosos senderos recorren el complejo, donde antes hab\u00eda vi\u00f1edos. La estatua ecuestre de bronce del l\u00edder husita Jan \u017di\u017eka es una de las diez m\u00e1s grandes de su tipo en el mundo y es un monumento nacional.<\/p>\n<ul>\n<li><strong>Direcci\u00f3n: V\u00edtkov, \u017di\u017ekov -130 00 Praga<\/strong><\/li>\n<\/ul>\n<h2 id=\"t-1670585570812\">8. Jard\u00edn Real<\/h2>\n<p><span><img decoding=\"async\" alt=\"Jard\u00edn Real de Praga\" data-id=\"1320\" width=\"702\" data-init-width=\"1000\" height=\"468\" data-init-height=\"667\" title=\"Jard\u00edn Real de Praga\" loading=\"lazy\" src=\"https:\/\/praguetouristinformation.com\/es\/wp-content\/uploads\/2020\/11\/Koeniglicher-Garten.jpg\" data-width=\"702\" data-height=\"468\" data-pin-media=\"https:\/\/praguetouristinformation.com\/es\/wp-content\/uploads\/2021\/01\/2.jpg\" data-pin-description=\"Los 10 parques m\u00e1s bonitos del centro de Praga [con mapa] - 2022\" data-pin-url=\"https:\/\/praguetouristinformation.com\/es\/cosas-que-hacer\/parques?tve=true&amp;tcbf=3c0ae20cee\" data-pinpro-key=\"0ndh9sprh\"><\/span><\/p>\n<p>El Jard\u00edn Real es parte del complejo de jardines del <a data-id=\"738\" data-type=\"page\" href=\"https:\/\/praguetouristinformation.com\/es\/cosas-que-hacer\/castillo\" style=\"outline: none;\">Castillo de Praga<\/a> , que incluye un total de 6 jardines, y est\u00e1 ubicado al norte del castillo. Es el m\u00e1s grande de los jardines con 3,6 hect\u00e1reas. Fue creado en 1534 en estilo renacentista sobre tierras de vi\u00f1edos medievales.<\/p>\n<p>Aqu\u00ed puede ver la inusual vista norte del castillo y las torres de defensa del Hirschgraben. En el parque se encuentra la residencia de verano de la reina Ana, la Fuente Cantante, cuyo cuenco de bronce suena con gotas de agua, el invernadero y numerosas estatuas.<\/p>\n<ul>\n<li><strong>Direcci\u00f3n: Royal Garden, Pra\u017esk\u00fd hrad, Hrad\u010dany, 119 08 Praga<\/strong><\/li>\n<\/ul>\n<h2 id=\"t-1670585570813\">9. Vysehrad<\/h2>\n<p><span><img decoding=\"async\" alt=\"Vysehrad en Praga\" data-id=\"1321\" width=\"702\" data-init-width=\"1000\" height=\"468\" data-init-height=\"667\" title=\"Vysehrad en Praga\" loading=\"lazy\" src=\"https:\/\/praguetouristinformation.com\/es\/wp-content\/uploads\/2020\/11\/Vysehrad.jpg\" data-width=\"702\" data-height=\"468\" data-pin-media=\"https:\/\/praguetouristinformation.com\/es\/wp-content\/uploads\/2021\/01\/2.jpg\" data-pin-description=\"Los 10 parques m\u00e1s bonitos del centro de Praga [con mapa] - 2022\" data-pin-url=\"https:\/\/praguetouristinformation.com\/es\/cosas-que-hacer\/parques?tve=true&amp;tcbf=3c0ae20cee\" data-pinpro-key=\"gy9sn6mnm\"><\/span><\/p>\n<p>El parque Vy\u0161ehrad es parte del <a data-id=\"721\" data-type=\"page\" href=\"https:\/\/praguetouristinformation.com\/es\/cosas-que-hacer\/vysehrad\" style=\"outline: none;\">complejo del castillo de Vy\u0161ehrad<\/a> al sur de la Ciudad Nueva de Praga, en una colina empinada sobre la orilla derecha del Vltava. Las cafeter\u00edas y los restaurantes lo invitan a quedarse despu\u00e9s de un paseo.<\/p>\n<p>Vale la pena mencionar la estatua de San Wenceslao y las llamadas Columnas del Diablo, tres pilares de piedra de los antiguos eslavos de la \u00e9poca pagana, probablemente midiendo el tiempo. Hay una gran vista de Praga desde aqu\u00ed arriba.<\/p>\n<ul>\n<li><strong>Direcci\u00f3n: Parque Vy\u0161ehrader, Vy\u0161ehrad, 128 00 Praga<\/strong><\/li>\n<\/ul>\n<h2 id=\"t-1670585570814\">10. Jard\u00edn franciscano<\/h2>\n<p><span><img decoding=\"async\" alt=\"Jard\u00edn franciscano en Praga\" data-id=\"1322\" width=\"702\" data-init-width=\"1000\" height=\"395\" data-init-height=\"563\" title=\"Jard\u00edn franciscano en Praga\" loading=\"lazy\" src=\"https:\/\/praguetouristinformation.com\/es\/wp-content\/uploads\/2020\/11\/Franziskanergarten.jpg\" data-width=\"702\" data-height=\"395\" data-pin-media=\"https:\/\/praguetouristinformation.com\/es\/wp-content\/uploads\/2021\/01\/2.jpg\" data-pin-description=\"Los 10 parques m\u00e1s bonitos del centro de Praga [con mapa] - 2022\" data-pin-url=\"https:\/\/praguetouristinformation.com\/es\/cosas-que-hacer\/parques?tve=true&amp;tcbf=3c0ae20cee\" data-pinpro-key=\"ehdlc04va\"><\/span><\/p>\n<p>Aquellos que quieran llegar desde la Plaza de <a data-id=\"662\" data-type=\"page\" href=\"https:\/\/praguetouristinformation.com\/es\/cosas-que-hacer\/ciudad-vieja\/plaza-de-wenceslao\" style=\"outline: none;\">Wenceslao a la Plaza<\/a> de Jungmann pueden pasar por el Jard\u00edn Franciscano, un oasis verde en pleno centro de Praga. El jard\u00edn se dise\u00f1\u00f3 originalmente como un huerto, en el que los monjes cultivaban frutas, verduras y hierbas.<\/p>\n<p>Hoy en d\u00eda todav\u00eda se pueden encontrar numerosas zonas verdes, fuentes y esculturas, as\u00ed como \u00e1rboles frutales y macizos de hierbas. Los arcos de hierro sobre los numerosos bancos est\u00e1n entrelazados con rosas y ofrecen protecci\u00f3n solar natural.<\/p>\n<ul>\n<li><strong>Direcci\u00f3n: Jard\u00edn Franciscano, Jungmannovo n\u00e1m\u011bst\u00ed, Nov\u00e9 M\u011bsto 110 00 Praga<\/strong><\/li>\n<\/ul>\n<h2 style=\"\" id=\"t-1670585570825\">Mapa y ubicaciones<\/h2>\n<p style=\"text-align: center;\"><a href=\"https:\/\/www.google.com\/maps\/d\/u\/1\/viewer?hl=en&amp;mid=1mg7nQ3QzxsWPYBdBTkwpDyWcj9RVCARI&amp;ll=50.08025176475851%2C14.424378750000013&amp;z=14\" target=\"_blank\" style=\"outline: none;\" rel=\"noopener\">(enlace al mapa)<\/a><\/p>\n","protected":false},"excerpt":{"rendered":"<p>\u00bfQu\u00e9 parques hay en Praga? Los lugare\u00f1os definitivamente conocen el Jard\u00edn Wallenstein, las Islas Vltava y el Jard\u00edn Franciscano. Hay muchas otras posibles alternativas verdes en toda la ciudad. Los espacios verdes constituyen casi la mitad del \u00e1rea urbana de Praga. Aqu\u00ed hemos recopilado una lista de los espacios verdes m\u00e1s interesantes de toda la [&hellip;]<\/p>\n","protected":false},"author":6,"featured_media":1306,"parent":247,"menu_order":0,"comment_status":"closed","ping_status":"closed","template":"","meta":{"footnotes":""},"categories":[],"tags":[19],"class_list":["post-727","page","type-page","status-publish","has-post-thumbnail","hentry","tag-sehenswuerdigkeiten","post-wrapper","thrv_wrapper"],"_links":{"self":[{"href":"https:\/\/praguetouristinformation.com\/es\/wp-json\/wp\/v2\/pages\/727","targetHints":{"allow":["GET"]}}],"collection":[{"href":"https:\/\/praguetouristinformation.com\/es\/wp-json\/wp\/v2\/pages"}],"about":[{"href":"https:\/\/praguetouristinformation.com\/es\/wp-json\/wp\/v2\/types\/page"}],"author":[{"embeddable":true,"href":"https:\/\/praguetouristinformation.com\/es\/wp-json\/wp\/v2\/users\/6"}],"replies":[{"embeddable":true,"href":"https:\/\/praguetouristinformation.com\/es\/wp-json\/wp\/v2\/comments?post=727"}],"version-history":[{"count":12,"href":"https:\/\/praguetouristinformation.com\/es\/wp-json\/wp\/v2\/pages\/727\/revisions"}],"predecessor-version":[{"id":4755,"href":"https:\/\/praguetouristinformation.com\/es\/wp-json\/wp\/v2\/pages\/727\/revisions\/4755"}],"up":[{"embeddable":true,"href":"https:\/\/praguetouristinformation.com\/es\/wp-json\/wp\/v2\/pages\/247"}],"wp:featuredmedia":[{"embeddable":true,"href":"https:\/\/praguetouristinformation.com\/es\/wp-json\/wp\/v2\/media\/1306"}],"wp:attachment":[{"href":"https:\/\/praguetouristinformation.com\/es\/wp-json\/wp\/v2\/media?parent=727"}],"wp:term":[{"taxonomy":"category","embeddable":true,"href":"https:\/\/praguetouristinformation.com\/es\/wp-json\/wp\/v2\/categories?post=727"},{"taxonomy":"post_tag","embeddable":true,"href":"https:\/\/praguetouristinformation.com\/es\/wp-json\/wp\/v2\/tags?post=727"}],"curies":[{"name":"wp","href":"https:\/\/api.w.org\/{rel}","templated":true}]}}