{"id":724,"date":"2020-10-15T10:26:34","date_gmt":"2020-10-15T10:26:34","guid":{"rendered":"https:\/\/praguetouristinformation.com\/es\/?page_id=724"},"modified":"2025-08-07T09:25:09","modified_gmt":"2025-08-07T09:25:09","slug":"cerveza","status":"publish","type":"page","link":"https:\/\/praguetouristinformation.com\/es\/restaurantes\/cerveza","title":{"rendered":"\u00bfD\u00f3nde puedo tomar una buena cerveza en Praga?"},"content":{"rendered":"<h3 id=\"t-1670501563523\">Se dice que la mejor cerveza se elabora en la Rep\u00fablica Checa y hay alrededor de 40.000 pubs en todo el pa\u00eds donde se sirve.<\/h3>\n<p>Estad\u00edsticamente, cada habitante bebe 140 litros de cerveza al a\u00f1o, que es el consumo de cerveza m\u00e1s alto del mundo. El pub todav\u00eda se considera el lugar de reuni\u00f3n p\u00fablico m\u00e1s popular para los checos. Cualquiera que quiera probar una cerveza de la Rep\u00fablica Checa encontrar\u00e1 muchas oportunidades para hacerlo en Praga. Aqu\u00ed hemos reunido una peque\u00f1a selecci\u00f3n de cervecer\u00edas donde puedes tomar la mejor cerveza de Praga.<\/p>\n<h2 style=\"\">Prague Visitor Pass<\/h2>\n<p data-pm-slice=\"1 1 []\">El Prague Visitor Pass te da acceso a las principales atracciones, museos y al transporte p\u00fablico de la ciudad, ideal para explorar Praga con flexibilidad y eficiencia.<\/p>\n<p style=\"\">\u00a1Utiliza nuestro c\u00f3digo de descuento exclusivo <strong>pragueti5<\/strong> y obt\u00e9n un<strong> 5\u202f% de descuento!<\/strong><\/p>\n<p>__CONFIG_colors_palette__{\u00abactive_palette\u00bb:0,\u00bbconfig\u00bb:{\u00abcolors\u00bb:{\u00ab110d6\u00bb:{\u00abname\u00bb:\u00bbMain Accent\u00bb,\u00bbparent\u00bb:-1}},\u00bbgradients\u00bb:[]},\u00bbpalettes\u00bb:[{\u00abname\u00bb:\u00bbDefault Palette\u00bb,\u00bbvalue\u00bb:{\u00abcolors\u00bb:{\u00ab110d6\u00bb:{\u00abval\u00bb:\u00bbvar(e8c68)\u00bb}},\u00bbgradients\u00bb:[]},\u00bboriginal\u00bb:{\u00abcolors\u00bb:{\u00ab110d6\u00bb:{\u00abval\u00bb:\u00bbrgb(19, 114, 211)\u00bb,\u00bbhsl\u00bb:{\u00abh\u00bb:210,\u00bbs\u00bb:0.83,\u00bbl\u00bb:0.45}}},\u00bbgradients\u00bb:[]}}]}__CONFIG_colors_palette__ <a href=\"https:\/\/praguevisitorpass.eu\/?lang=es-es\" style=\"font-size: var(--tve-font-size, 14px) !important;\" rel=\"noopener\" target=\"_blank\"><span style=\"\">    <\/span> <span style=\"\"><span>M\u00e1s informaci\u00f3n<\/span><\/span> <\/a>  <\/p>\n<h2 id=\"t-1670501563524\">1. Cervecer\u00eda del Monasterio de Strahov<\/h2>\n<p>Est\u00e1s viendo un contenido de marcador de posici\u00f3n de <strong>Instagram<\/strong>. Para acceder al contenido real, haz clic en el siguiente bot\u00f3n. Ten en cuenta que al hacerlo compartir\u00e1s datos con terceros proveedores.<\/p>\n<p> <a href=\"#\" data-borlabs-cookie-show-provider-information=\"\" role=\"button\">M\u00e1s informaci\u00f3n<\/a>   <a href=\"#\" data-borlabs-cookie-unblock=\"\" role=\"button\">Desbloquear contenido<\/a> <a href=\"#\" data-borlabs-cookie-accept-service=\"\" role=\"button\" style=\"display: inherit\">Aceptar el servicio requerido y desbloquear los contenidos<\/a>    [tcb-script async=\u00bb\u00bb src=\u00bb\/\/www.instagram.com\/embed.js\u00bb][\/tcb-script]<\/p>\n<p>Muy cerca del <a data-id=\"738\" data-type=\"page\" href=\"https:\/\/praguetouristinformation.com\/es\/cosas-que-hacer\/castillo\" style=\"outline: none;\">Castillo de Praga se<\/a> encuentra la Cervecer\u00eda del Monasterio de Strahov, donde se elabora cerveza desde el siglo XIII. Aqu\u00ed, en el negocio familiar, la cerveza St. Norbert se produce en muchas variantes. La luz normal tiene una gravedad original de 13% y un contenido de alcohol de 5,3%.<\/p>\n<p>Es interesante la oferta de cervezas de temporada, entre las que destacan la St. Norbert Herbstbier, una cerveza bock con 6,3% de alcohol, que se sirve a partir de finales de septiembre, y la cerveza de Pascua con 5,3%, que se sirve el viernes anterior al Viernes Santo. Si te da hambre, prueba alguno de los platos bohemios.<\/p>\n<ul>\n<li>Lea <a data-id=\"828\" data-type=\"page\" href=\"https:\/\/praguetouristinformation.com\/es\/cosas-que-hacer\/lado-pequeno\/monasterio-de-strahov\" style=\"outline: none;\">m\u00e1s sobre el Monasterio de Strahov<\/a> aqu\u00ed .<\/li>\n<li><strong>Direcci\u00f3n: Cervecer\u00eda del Monasterio de Strahov, Strahovsk\u00e9 n\u00e1dvo\u0159\u00ed 1\/132, Strahov, 118 00 Praga<\/strong><\/li>\n<\/ul>\n<h2 id=\"t-1670501563525\">2. Museo de la Cerveza<\/h2>\n<p>Est\u00e1s viendo un contenido de marcador de posici\u00f3n de <strong>Instagram<\/strong>. Para acceder al contenido real, haz clic en el siguiente bot\u00f3n. Ten en cuenta que al hacerlo compartir\u00e1s datos con terceros proveedores.<\/p>\n<p> <a href=\"#\" data-borlabs-cookie-show-provider-information=\"\" role=\"button\">M\u00e1s informaci\u00f3n<\/a>   <a href=\"#\" data-borlabs-cookie-unblock=\"\" role=\"button\">Desbloquear contenido<\/a> <a href=\"#\" data-borlabs-cookie-accept-service=\"\" role=\"button\" style=\"display: inherit\">Aceptar el servicio requerido y desbloquear los contenidos<\/a>    [tcb-script async=\u00bb\u00bb src=\u00bb\/\/www.instagram.com\/embed.js\u00bb][\/tcb-script]<\/p>\n<p>En las salas de la bodega del siglo XIII, una maqueta de una cervecer\u00eda muestra c\u00f3mo se produce la malta y c\u00f3mo se procesa el l\u00fapulo.El olor del l\u00fapulo y la malta por s\u00ed solo es embriagador. Como <a data-id=\"326\" data-type=\"page\" href=\"https:\/\/praguetouristinformation.com\/es\/compras\/recuerdos\" style=\"outline: none;\">recuerdo t\u00edpico de Praga<\/a> , puedes llevarte a casa una botella de cerveza que hayas llenado t\u00fa mismo. La habitaci\u00f3n de invitados est\u00e1 en un s\u00f3tano abovedado y transmite una atm\u00f3sfera como la de hace 200 a\u00f1os.<\/p>\n<ul>\n<li><strong>Direcci\u00f3n: Museo de la Cerveza, Husova 7, Star\u00e9 M\u011bsto, 11000 Praga<\/strong><\/li>\n<\/ul>\n<h2 id=\"t-1670501563526\">3. U Medvidku &#8211; A los dos osos<\/h2>\n<p>Est\u00e1s viendo un contenido de marcador de posici\u00f3n de <strong>Instagram<\/strong>. Para acceder al contenido real, haz clic en el siguiente bot\u00f3n. Ten en cuenta que al hacerlo compartir\u00e1s datos con terceros proveedores.<\/p>\n<p> <a href=\"#\" data-borlabs-cookie-show-provider-information=\"\" role=\"button\">M\u00e1s informaci\u00f3n<\/a>   <a href=\"#\" data-borlabs-cookie-unblock=\"\" role=\"button\">Desbloquear contenido<\/a> <a href=\"#\" data-borlabs-cookie-accept-service=\"\" role=\"button\" style=\"display: inherit\">Aceptar el servicio requerido y desbloquear los contenidos<\/a>    [tcb-script async=\u00bb\u00bb src=\u00bb\/\/www.instagram.com\/embed.js\u00bb][\/tcb-script]<\/p>\n<p>La cervecer\u00eda U Medvidku con un restaurante integrado es uno de los pubs m\u00e1s grandes y antiguos de Praga y, adem\u00e1s de su excelente cocina, es conocida principalmente por su cerveza Budweiser.<\/p>\n<p>Aunque ahora tambi\u00e9n es muy popular entre los turistas, el restaurante ha conservado su encanto original. Aqu\u00ed se elabora la X-Beer 33, de la que se dice que es la cerveza m\u00e1s fuerte del mundo con un contenido alcoh\u00f3lico del 11,8%.<\/p>\n<ul>\n<li><strong>Direcci\u00f3n: U Medvidku, Na Per\u0161t\u00fdn\u011b 5, Star\u00e9 M\u011bsto, 110 00 Praga<\/strong><\/li>\n<\/ul>\n<h2 id=\"t-1670501563527\">4. Pivovarsk\u00fd d\u016fm \u2013 cervecer\u00eda<\/h2>\n<p>Est\u00e1s viendo un contenido de marcador de posici\u00f3n de <strong>Instagram<\/strong>. Para acceder al contenido real, haz clic en el siguiente bot\u00f3n. Ten en cuenta que al hacerlo compartir\u00e1s datos con terceros proveedores.<\/p>\n<p> <a href=\"#\" data-borlabs-cookie-show-provider-information=\"\" role=\"button\">M\u00e1s informaci\u00f3n<\/a>   <a href=\"#\" data-borlabs-cookie-unblock=\"\" role=\"button\">Desbloquear contenido<\/a> <a href=\"#\" data-borlabs-cookie-accept-service=\"\" role=\"button\" style=\"display: inherit\">Aceptar el servicio requerido y desbloquear los contenidos<\/a>    [tcb-script async=\u00bb\u00bb src=\u00bb\/\/www.instagram.com\/embed.js\u00bb][\/tcb-script]<\/p>\n<p>Pivovarsk\u00fd d\u016fm fue inaugurado en 1998. La mini cervecer\u00eda siempre tira al menos 8 tipos de cerveza, desde clara hasta oscura, cerveza de trigo y cervezas con sabores especiales. Una verdadera rareza es el vino espumoso de cerveza \u0160amp, la primera cerveza fermentada en botella.<\/p>\n<p>Se ofrece cocina tradicional checa, algunos platos se preparan con cerveza.<\/p>\n<ul>\n<li><strong>Direcci\u00f3n: Pivovarsk\u00fd d\u016fm, Je\u010dn\u00e1\/ Lipov\u00e1 15, Vinohrady, 120 00 Praga<\/strong><\/li>\n<\/ul>\n<h2 id=\"t-1670501563528\">5. U Flek\u016f \u2013 La mancha<\/h2>\n<p>Est\u00e1s viendo un contenido de marcador de posici\u00f3n de <strong>Instagram<\/strong>. Para acceder al contenido real, haz clic en el siguiente bot\u00f3n. Ten en cuenta que al hacerlo compartir\u00e1s datos con terceros proveedores.<\/p>\n<p> <a href=\"#\" data-borlabs-cookie-show-provider-information=\"\" role=\"button\">M\u00e1s informaci\u00f3n<\/a>   <a href=\"#\" data-borlabs-cookie-unblock=\"\" role=\"button\">Desbloquear contenido<\/a> <a href=\"#\" data-borlabs-cookie-accept-service=\"\" role=\"button\" style=\"display: inherit\">Aceptar el servicio requerido y desbloquear los contenidos<\/a>    [tcb-script async=\u00bb\u00bb src=\u00bb\/\/www.instagram.com\/embed.js\u00bb][\/tcb-script]<\/p>\n<p>Fundada en 1499, U Flek\u016f es una de las cervecer\u00edas m\u00e1s antiguas de Praga. El reloj hist\u00f3rico en la fachada es el punto de referencia. La cerveza lager oscura elaborada aqu\u00ed con un 13 % de mosto original se elabora y bebe exclusiva en Fleck.<\/p>\n<p>U Flek\u016f tiene 8 comedores, cada uno decorado con un estilo diferente, y en verano puedes sentarte al aire libre en la taberna al aire libre. El menu ofrece <a data-id=\"102\" data-type=\"page\" href=\"https:\/\/praguetouristinformation.com\/es\/restaurantes\/cocina-checa\" style=\"outline: none;\">platos de la cocina checa<\/a> . Hasta mediados de la d\u00e9cada de 1980, U Flek\u016f fue el lugar de encuentro de la escena del blues de Alemania Oriental, una mezcla de fan\u00e1ticos del blues, el rock y los ni\u00f1os de las flores.<\/p>\n<ul>\n<li><strong>Direcci\u00f3n: U Flek\u016f, K\u0159emencova 11, Nov\u00e9 M\u011bsto, 110 00 Praga<\/strong><\/li>\n<\/ul>\n<h2 id=\"t-1670501563529\">6. U T\u0159\u00ed r\u016f\u017e\u00ed \u2013 A las Tres Rosas<\/h2>\n<p>Est\u00e1s viendo un contenido de marcador de posici\u00f3n de <strong>Instagram<\/strong>. Para acceder al contenido real, haz clic en el siguiente bot\u00f3n. Ten en cuenta que al hacerlo compartir\u00e1s datos con terceros proveedores.<\/p>\n<p> <a href=\"#\" data-borlabs-cookie-show-provider-information=\"\" role=\"button\">M\u00e1s informaci\u00f3n<\/a>   <a href=\"#\" data-borlabs-cookie-unblock=\"\" role=\"button\">Desbloquear contenido<\/a> <a href=\"#\" data-borlabs-cookie-accept-service=\"\" role=\"button\" style=\"display: inherit\">Aceptar el servicio requerido y desbloquear los contenidos<\/a>    [tcb-script async=\u00bb\u00bb src=\u00bb\/\/www.instagram.com\/embed.js\u00bb][\/tcb-script]<\/p>\n<p>La historia de esta cervecer\u00eda, que es una de las m\u00e1s antiguas del pa\u00eds, se remonta a 1405. El interior est\u00e1 adaptado al trasfondo hist\u00f3rico, las pinturas murales cuentan con la agitada historia de la elaboraci\u00f3n de cerveza en la Rep\u00fablica Checa.<\/p>\n<p>Aqu\u00ed se elaboran varios tipos de cerveza y 6 cervezas especiales diferentes, siendo la m\u00e1s conocida la cerveza roja \u00abVienna red\u00bb.<\/p>\n<ul>\n<li><strong>Direcci\u00f3n: U T\u0159\u00ed r\u016f\u017e\u00ed, Husova 10\/232, Star\u00e9 M\u011bsto, 110 00 Praga<\/strong><\/li>\n<\/ul>\n<h2 id=\"t-1670501563530\">7. Casa de Artesan\u00eda de Praga<\/h2>\n<p>Est\u00e1s viendo un contenido de marcador de posici\u00f3n de <strong>Instagram<\/strong>. Para acceder al contenido real, haz clic en el siguiente bot\u00f3n. Ten en cuenta que al hacerlo compartir\u00e1s datos con terceros proveedores.<\/p>\n<p> <a href=\"#\" data-borlabs-cookie-show-provider-information=\"\" role=\"button\">M\u00e1s informaci\u00f3n<\/a>   <a href=\"#\" data-borlabs-cookie-unblock=\"\" role=\"button\">Desbloquear contenido<\/a> <a href=\"#\" data-borlabs-cookie-accept-service=\"\" role=\"button\" style=\"display: inherit\">Aceptar el servicio requerido y desbloquear los contenidos<\/a>    [tcb-script async=\u00bb\u00bb src=\u00bb\/\/www.instagram.com\/embed.js\u00bb][\/tcb-script]<\/p>\n<p>Craft House Prague es una ceremonia moderna de varios manejos en la Ciudad Nueva de Praga. Se entregan 27 cervezas de barril y m\u00e1s de 100 tipos de cerveza embotellada de todo el mundo. En el Imperial Bar independiente, con sus seis grifos, puedes en contra variedades m\u00e1s fuertes como Russian Imperial Stouts, Double IPA o Quadruples.<\/p>\n<p>que tengan hambre pueden probar uno de los 4 tipos de sandwiches abiertos escandinavos llamados aquellos Sm\u00f8rrebr\u00f8d.<\/p>\n<ul>\n<li><strong>Direcci\u00f3n: Craft House Prague, Navr\u00e1tilova 1421\/11, Nov\u00e9 M\u011bsto, 110 00 Praga<\/strong><\/li>\n<\/ul>\n<h2 id=\"t-1670501563531\">8. Cervecer\u00eda Brevnov<\/h2>\n<p>Est\u00e1s viendo un contenido de marcador de posici\u00f3n de <strong>Instagram<\/strong>. Para acceder al contenido real, haz clic en el siguiente bot\u00f3n. Ten en cuenta que al hacerlo compartir\u00e1s datos con terceros proveedores.<\/p>\n<p> <a href=\"#\" data-borlabs-cookie-show-provider-information=\"\" role=\"button\">M\u00e1s informaci\u00f3n<\/a>   <a href=\"#\" data-borlabs-cookie-unblock=\"\" role=\"button\">Desbloquear contenido<\/a> <a href=\"#\" data-borlabs-cookie-accept-service=\"\" role=\"button\" style=\"display: inherit\">Aceptar el servicio requerido y desbloquear los contenidos<\/a>    [tcb-script async=\u00bb\u00bb src=\u00bb\/\/www.instagram.com\/embed.js\u00bb][\/tcb-script]<\/p>\n<p>La cervecer\u00eda B\u0159evnov es la cervecer\u00eda m\u00e1s antigua de la Rep\u00fablica Checa. Su historia est\u00e1 indisolublemente unida a la del monasterio fundado en 993, y se cree que la cervecer\u00eda se restablecer\u00e1 poco despu\u00e9s de su fundaci\u00f3n.<\/p>\n<p>Hoy en d\u00eda, la cervecer\u00eda se encuentra en el edificio barroco de los antiguos establos. En la aut\u00e9ntica taberna del monasterio se sirven cervezas checas classics y cervezas especiales adem\u00e1s de la cerveza de la casa tipo Benedict.<\/p>\n<ul>\n<li><strong>Direcci\u00f3n: Cervecer\u00eda B\u0159enov, Marketsk\u00e1 1\/28, 169 00 Praga<\/strong><\/li>\n<\/ul>\n<h2 id=\"t-1670501563532\">9. Dno Pytle &#8211; El fondo del saco<\/h2>\n<p>Est\u00e1s viendo un contenido de marcador de posici\u00f3n de <strong>Instagram<\/strong>. Para acceder al contenido real, haz clic en el siguiente bot\u00f3n. Ten en cuenta que al hacerlo compartir\u00e1s datos con terceros proveedores.<\/p>\n<p> <a href=\"#\" data-borlabs-cookie-show-provider-information=\"\" role=\"button\">M\u00e1s informaci\u00f3n<\/a>   <a href=\"#\" data-borlabs-cookie-unblock=\"\" role=\"button\">Desbloquear contenido<\/a> <a href=\"#\" data-borlabs-cookie-accept-service=\"\" role=\"button\" style=\"display: inherit\">Aceptar el servicio requerido y desbloquear los contenidos<\/a>    [tcb-script async=\u00bb\u00bb src=\u00bb\/\/www.instagram.com\/embed.js\u00bb][\/tcb-script]<\/p>\n<p>El acogedor pub es \u00fanico, ya que es el \u00fanico pub del pa\u00eds donde la cerveza fluye de los barriles de madera a los grifos \u00fanicamente por su propia gravedad y gravedad. Adem\u00e1s de lagers y ales checas, tambi\u00e9n se ofrecen cervezas de bodega b\u00e1varas y cervezas de trigo.<\/p>\n<p>Hay peque\u00f1as cosas en el men\u00fa, incluidas las salchichas b\u00e1varas a la parrilla.<\/p>\n<ul>\n<li><strong>Direcci\u00f3n: Dno Pytle, Vinohradsk\u00e1 63, Vinohrady, 120 00 Praga<\/strong><\/li>\n<\/ul>\n<h2 id=\"t-1670501563533\">10. U Zlat\u00e9ho Tygra \u2013 Hacia el tigre dorado<\/h2>\n<p>Est\u00e1s viendo un contenido de marcador de posici\u00f3n de <strong>Instagram<\/strong>. Para acceder al contenido real, haz clic en el siguiente bot\u00f3n. Ten en cuenta que al hacerlo compartir\u00e1s datos con terceros proveedores.<\/p>\n<p> <a href=\"#\" data-borlabs-cookie-show-provider-information=\"\" role=\"button\">M\u00e1s informaci\u00f3n<\/a>   <a href=\"#\" data-borlabs-cookie-unblock=\"\" role=\"button\">Desbloquear contenido<\/a> <a href=\"#\" data-borlabs-cookie-accept-service=\"\" role=\"button\" style=\"display: inherit\">Aceptar el servicio requerido y desbloquear los contenidos<\/a>    [tcb-script async=\u00bb\u00bb src=\u00bb\/\/www.instagram.com\/embed.js\u00bb][\/tcb-script]<\/p>\n<p>No muy lejos de la Plaza de la <a data-id=\"621\" data-type=\"page\" href=\"https:\/\/praguetouristinformation.com\/es\/cosas-que-hacer\/ciudad-vieja\/anillo-de-la-ciudad-vieja\" style=\"outline: none;\">Ciudad Vieja,<\/a> cerca de la calle Charles, se encuentra el U Zlat\u00e9ho Tygra. El pub sol\u00eda ser un lugar de encuentro para la escena literaria, era el pub favorito de los famosos checos<\/p>\n<p>escritor Bohumil Hrabal. En 1994, el presidente V\u00e1clav Havel invit\u00f3 a Bill Clinton a tomar una copa aqu\u00ed. El \u00abTigre Dorado\u00bb consta de una habitaci\u00f3n individual con largas mesas y bancos de madera. Se sirve cerveza Pilsner y hay peque\u00f1os bocadillos en el men\u00fa.<\/p>\n<ul>\n<li><strong>Direcci\u00f3n: U Zlat\u00e9ho Tygra, Husova 17, 110 00 Praga<\/strong><\/li>\n<\/ul>\n","protected":false},"excerpt":{"rendered":"<p>Se dice que la mejor cerveza se elabora en la Rep\u00fablica Checa y hay alrededor de 40.000 pubs en todo el pa\u00eds donde se sirve. Estad\u00edsticamente, cada habitante bebe 140 litros de cerveza al a\u00f1o, que es el consumo de cerveza m\u00e1s alto del mundo. El pub todav\u00eda se considera el lugar de reuni\u00f3n p\u00fablico [&hellip;]<\/p>\n","protected":false},"author":6,"featured_media":2160,"parent":761,"menu_order":0,"comment_status":"closed","ping_status":"closed","template":"","meta":{"footnotes":""},"categories":[],"tags":[26,31,30],"class_list":["post-724","page","type-page","status-publish","has-post-thumbnail","hentry","tag-bier","tag-essen","tag-lifestyle","post-wrapper","thrv_wrapper"],"_links":{"self":[{"href":"https:\/\/praguetouristinformation.com\/es\/wp-json\/wp\/v2\/pages\/724","targetHints":{"allow":["GET"]}}],"collection":[{"href":"https:\/\/praguetouristinformation.com\/es\/wp-json\/wp\/v2\/pages"}],"about":[{"href":"https:\/\/praguetouristinformation.com\/es\/wp-json\/wp\/v2\/types\/page"}],"author":[{"embeddable":true,"href":"https:\/\/praguetouristinformation.com\/es\/wp-json\/wp\/v2\/users\/6"}],"replies":[{"embeddable":true,"href":"https:\/\/praguetouristinformation.com\/es\/wp-json\/wp\/v2\/comments?post=724"}],"version-history":[{"count":7,"href":"https:\/\/praguetouristinformation.com\/es\/wp-json\/wp\/v2\/pages\/724\/revisions"}],"predecessor-version":[{"id":5221,"href":"https:\/\/praguetouristinformation.com\/es\/wp-json\/wp\/v2\/pages\/724\/revisions\/5221"}],"up":[{"embeddable":true,"href":"https:\/\/praguetouristinformation.com\/es\/wp-json\/wp\/v2\/pages\/761"}],"wp:featuredmedia":[{"embeddable":true,"href":"https:\/\/praguetouristinformation.com\/es\/wp-json\/wp\/v2\/media\/2160"}],"wp:attachment":[{"href":"https:\/\/praguetouristinformation.com\/es\/wp-json\/wp\/v2\/media?parent=724"}],"wp:term":[{"taxonomy":"category","embeddable":true,"href":"https:\/\/praguetouristinformation.com\/es\/wp-json\/wp\/v2\/categories?post=724"},{"taxonomy":"post_tag","embeddable":true,"href":"https:\/\/praguetouristinformation.com\/es\/wp-json\/wp\/v2\/tags?post=724"}],"curies":[{"name":"wp","href":"https:\/\/api.w.org\/{rel}","templated":true}]}}