{"id":723,"date":"2020-10-15T13:37:16","date_gmt":"2020-10-15T13:37:16","guid":{"rendered":"https:\/\/praguetouristinformation.com\/es\/?page_id=723"},"modified":"2023-05-03T10:20:30","modified_gmt":"2023-05-03T10:20:30","slug":"cerveza-checa","status":"publish","type":"page","link":"https:\/\/praguetouristinformation.com\/es\/restaurantes\/cerveza-checa","title":{"rendered":"Cerveza checa: 8 Marcas famosas [+ Beer Tours]"},"content":{"rendered":"<h3 id=\"t-1670501067593\" data-hide=\"true\">Los checos tiemblan m\u00e1s cerveza del mundo.<\/h3>\n<p>Las cervecer\u00edas checas pueden contar con un incre\u00edble consumo de 140 litros por habitante al a\u00f1o.<\/p>\n<p>Cualquiera que quiera probar una cerveza de la Rep\u00fablica Checa encontrar\u00e1 muchas oportunidades para hacerlo en Praga.<\/p>\n<p>Aqu\u00ed hemos recopilado las marcas de cerveza checas m\u00e1s famosas como inspiraci\u00f3n.<\/p>\n<h2 id=\"t-1670239303294\">8 marcas de cerveza de la republica checa<\/h2>\n<p>La cerveza se llama \u00abpivo\u00bb en checo y se considera la bebida nacional.<\/p>\n<p>Quien pide una cerveza dice jedno pivo o velk\u00e9 pivo y se lleva un vaso de medio litro. Si quieres menos, dices mal\u00e9 pivo y te llevas un vaso de 0,3 litros.<\/p>\n<p><strong><em>\u00a1Pues zdrav\u00ed! &#8211; \u00a1Por el beneficio!<\/em><\/strong><\/p>\n<p><span><img decoding=\"async\" alt=\"Pilsner Urquell, Praga\" data-id=\"2175\" width=\"702\" data-init-width=\"1000\" height=\"468\" data-init-height=\"667\" title=\"Pilsner Urquell, Praga\" loading=\"lazy\" src=\"https:\/\/praguetouristinformation.com\/es\/wp-content\/uploads\/2020\/11\/Pilsner-Urquell.jpg\" data-width=\"702\" data-height=\"468\" data-pinpro-key=\"j0l9m7u4k\"><\/span><\/p>\n<h3 id=\"t-1670239303295\">1. Pilsen-Urquell<\/h3>\n<p>Pilsner Urquell se produce en Pilsen desde 1842. Debido a la mala calidad de la cerveza a principios del siglo XIX, los ciudadanos construyeron la cervecer\u00eda en Pilsen en 1842, que entonces se llamaba \u00abbourgeois brewery\u00bb. Hoy, la Cervecer\u00eda Pilsner Urquell es la m\u00e1s grande de la Rep\u00fablica Checa.<\/p>\n<p>Para la producci\u00f3n se utilizan l\u00fapulos de las zonas de cultivo tradicionales del norte de Bohemia. La cerveza ligera de fermentaci\u00f3n baja se elabora con una gravedad original del 11,75% y tiene un contenido de alcohol del 4,4%.<\/p>\n<p><span><img decoding=\"async\" alt=\"Budweiser, Praga\" data-id=\"2177\" width=\"702\" data-init-width=\"1000\" height=\"468\" data-init-height=\"667\" title=\"Budweiser, Praga\" loading=\"lazy\" src=\"https:\/\/praguetouristinformation.com\/es\/wp-content\/uploads\/2020\/11\/Budweiser.jpg\" data-width=\"702\" data-height=\"468\" data-pinpro-key=\"2av77t8s4\"><\/span><\/p>\n<h3 id=\"t-1670239303296\">2. Budweiser<\/h3>\n<p>La cerveza Budweiser se elabora en Budvar Brewery en \u010cesk\u00e9 Bud\u011bjovice, que fue fundada en 1895 por ciudadanos checos. Sin embargo, la tradici\u00f3n de elaborar cerveza en \u010cesk\u00e9 Bud\u011bjovice se remonta al siglo XIII, cuando los monjes elaboraban cerveza en los monasterios.<\/p>\n<p>The Budweiser de fermentaci\u00f3n baja se elabora con una gravedad original del 11,90% y tiene un contenido de alcohol del 5,0%. Es una cerveza ligera.<\/p>\n<p><span><img decoding=\"async\" alt=\"Gambrinus, Praga\" data-id=\"2178\" width=\"702\" data-init-width=\"1000\" height=\"468\" data-init-height=\"667\" title=\"Gambrinus, Praga\" loading=\"lazy\" src=\"https:\/\/praguetouristinformation.com\/es\/wp-content\/uploads\/2020\/11\/Gambrinus.jpg\" data-width=\"702\" data-height=\"468\" data-pinpro-key=\"xb2ymnk2q\"><\/span><\/p>\n<h3 id=\"t-1670239303297\">3. Gambrino<\/h3>\n<p>Gambrinus se elabora desde 1869, en Pilsen, en la misma cervecer\u00eda que produce Pilsner Urquell. La cerveza lleva el nombre de Gambrinus, un rey legendario al que se le atribuye la invenci\u00f3n de la elaboraci\u00f3n de cerveza.<\/p>\n<p>Gambrinus es una cerveza de baja fermentaci\u00f3n elaborada con una gravedad original del 11,00%. Tiene un grado alcoh\u00f3lico de 5,0% y es una cerveza ligera, pero de color m\u00e1s bien oscuro.<\/p>\n<p><span><img decoding=\"async\" alt=\"Cervecer\u00eda del Monasterio de Strahov, Praga\" data-id=\"2179\" width=\"702\" data-init-width=\"1000\" height=\"468\" data-init-height=\"667\" title=\"Cervecer\u00eda del Monasterio de Strahov, Praga\" loading=\"lazy\" src=\"https:\/\/praguetouristinformation.com\/es\/wp-content\/uploads\/2020\/11\/Klosterbrauerei-Strahov.jpg\" data-width=\"702\" data-height=\"468\" data-pinpro-key=\"b10l2icgc\"><\/span><\/p>\n<h3 id=\"t-1670239303298\">4. Cervecer\u00eda del Monasterio de Strahov<\/h3>\n<p>Muy cerca del <a data-id=\"738\" data-type=\"page\" href=\"https:\/\/praguetouristinformation.com\/es\/cosas-que-hacer\/castillo\" style=\"outline: none;\">Castillo de Praga se<\/a> encuentra la Cervecer\u00eda del Monasterio de Strahov, donde se elabora cerveza desde el siglo XIII. Aqu\u00ed it donde se elabora la cerveza St. Norbert en el negocio familiar. Tiene una gravedad original de 13% y un contenido de alcohol de 5,3%.<\/p>\n<p>Es interesante que las ofertas de cervezas de temporada, entre las que destacan la St. Norbert Herbstbier, una cerveza bock con 6.3% de alcohol, que se sirve a partir de finales de septiembre, y la cerveza de Pascua con 5.3% , que se sirve el viernes anterior al Viernes Santo.<\/p>\n<ul>\n<li>Lea <a data-id=\"828\" data-type=\"page\" href=\"https:\/\/praguetouristinformation.com\/es\/cosas-que-hacer\/lado-pequeno\/monasterio-de-strahov\" style=\"outline: none;\">m\u00e1s sobre el Monasterio de Strahov<\/a> aqu\u00ed.<\/li>\n<\/ul>\n<p><span><img decoding=\"async\" alt=\"Starobrno, Praga\" data-id=\"2180\" width=\"702\" data-init-width=\"1000\" height=\"468\" data-init-height=\"667\" title=\"Starobrno, Praga\" loading=\"lazy\" src=\"https:\/\/praguetouristinformation.com\/es\/wp-content\/uploads\/2020\/11\/Starobrno.jpg\" data-width=\"702\" data-height=\"468\" data-pinpro-key=\"2j8ubbe0y\"><\/span><\/p>\n<h3 id=\"t-1670239303299\">5. Starobrno<\/h3>\n<p>Ya en 1243, el rey checo Wenceslao I concedi\u00f3 a Brno el derecho a elaborar cerveza. En 1872, los propietarios de la antigua cervecer\u00eda del monasterio construyeron una cervecer\u00eda grande y moderna, a la que llamaron Old Brno Brewery.<\/p>\n<p>Starobrno todav\u00eda se elabora aqu\u00ed hoy por una subsidiaria de la cervecer\u00eda Heineken. La pale lager tiene una gravedad original del 11% y un contenido de alcohol del 4%.<\/p>\n<p><span><img decoding=\"async\" alt=\"Radegast, Praga\" data-id=\"2181\" width=\"702\" data-init-width=\"1000\" height=\"468\" data-init-height=\"667\" title=\"Radegast, Praga\" loading=\"lazy\" src=\"https:\/\/praguetouristinformation.com\/es\/wp-content\/uploads\/2020\/11\/Radegast.jpg\" data-width=\"702\" data-height=\"468\" data-pinpro-key=\"5p9m4warq\"><\/span><\/p>\n<h3 id=\"t-1670239303300\">6. Radegast<\/h3>\n<p>Radegast est\u00e1 trabajando en una cervecer\u00eda del mismo nombre en No\u0161ovice, un cerca de la frontera con Polonia. La cervecer\u00eda fue fundada en 1965. Radegast es una cerveza p\u00e1lida elaborada con una gravedad original del 10% y un grado alcoh\u00f3lico del 4%. Tiene un sabor ligeramente amargo.<\/p>\n<p><span><img decoding=\"async\" alt=\"Breznak, Praga\" data-id=\"2182\" width=\"702\" data-init-width=\"1000\" height=\"468\" data-init-height=\"667\" title=\"Breznak, Praga\" loading=\"lazy\" src=\"https:\/\/praguetouristinformation.com\/es\/wp-content\/uploads\/2020\/11\/Breznak.jpg\" data-width=\"702\" data-height=\"468\" data-pinpro-key=\"o3fbnkfzo\"><\/span><\/p>\n<h3 id=\"t-1670239303301\">7. Breznak<\/h3>\n<p>Breznak se elabora en la cervecer\u00eda Gro\u00dfpriesen en el norte de Bohemia, que fue construida en 1753. El retrato de Viktor Cibich, exjefe de estaci\u00f3n en Gro\u00dfpriesen, adorna las etiquetas y vasos de cerveza Breznak hasta el d\u00eda de hoy.<\/p>\n<p>Como compensaci\u00f3n por poder utilizar su imagen, Viktor Cibich recibi\u00f3 una pensi\u00f3n vitalicia en forma de 30 cervezas a la semana en un pub de Gro\u00dfprisen, lo que puede considerarse uno de los primeros contratos publicitarios.<\/p>\n<p>Breznak es una cerveza de baja fermentaci\u00f3n que se elabora con una gravedad original del 12,00 %. Tiene una graduaci\u00f3n alcoh\u00f3lica de 5,1% y es una cerveza ligera.<\/p>\n<p><span><img decoding=\"async\" alt=\"Staropramen, Praga\" data-id=\"2183\" width=\"702\" data-init-width=\"1000\" height=\"468\" data-init-height=\"667\" title=\"Staropramen, Praga\" loading=\"lazy\" src=\"https:\/\/praguetouristinformation.com\/es\/wp-content\/uploads\/2020\/11\/Staropramen.jpg\" data-width=\"702\" data-height=\"468\" data-pinpro-key=\"lxnjofj5c\"><\/span><\/p>\n<h3 id=\"t-1670239303302\">8. Staropramen<\/h3>\n<p>En 1869 se fund\u00f3 en Praga la que ahora es la segunda cervecer\u00eda m\u00e1s grande de la Rep\u00fablica Checa. Incluso el emperador Franz Josef I. estaba entusiasmado con el arte de los cerveceros aqu\u00ed.<\/p>\n<p>El logotipo de la cervecer\u00eda fue dise\u00f1ado por un artista de vanguardia checo. Staropramen significa \u00abvieja primavera\u00bb en alem\u00e1n. Es una cerveza ligera de baja fermentaci\u00f3n que se elabora con una gravedad original de 12,00% y un contenido de alcohol de 5,0%.<\/p>\n<h2 style=\"\" id=\"t-1670501067594\">Populares tours tem\u00e1ticos de cerveza en Praga<\/h2>\n<p><!-- GetYourGuide Analytics -->[tcb-script async=\u00bb\u00bb defer=\u00bb\u00bb src=\u00bbhttps:\/\/widget.getyourguide.com\/dist\/pa.umd.production.min.js\u00bb data-gyg-partner-id=\u00bb0F6NPGN\u00bb][\/tcb-script]<\/p>\n","protected":false},"excerpt":{"rendered":"<p>Los checos tiemblan m\u00e1s cerveza del mundo. Las cervecer\u00edas checas pueden contar con un incre\u00edble consumo de 140 litros por habitante al a\u00f1o. Cualquiera que quiera probar una cerveza de la Rep\u00fablica Checa encontrar\u00e1 muchas oportunidades para hacerlo en Praga. Aqu\u00ed hemos recopilado las marcas de cerveza checas m\u00e1s famosas como inspiraci\u00f3n. 8 marcas de [&hellip;]<\/p>\n","protected":false},"author":6,"featured_media":2172,"parent":761,"menu_order":0,"comment_status":"open","ping_status":"closed","template":"","meta":{"footnotes":""},"categories":[],"tags":[26,31,30],"class_list":["post-723","page","type-page","status-publish","has-post-thumbnail","hentry","tag-bier","tag-essen","tag-lifestyle","post-wrapper","thrv_wrapper"],"_links":{"self":[{"href":"https:\/\/praguetouristinformation.com\/es\/wp-json\/wp\/v2\/pages\/723","targetHints":{"allow":["GET"]}}],"collection":[{"href":"https:\/\/praguetouristinformation.com\/es\/wp-json\/wp\/v2\/pages"}],"about":[{"href":"https:\/\/praguetouristinformation.com\/es\/wp-json\/wp\/v2\/types\/page"}],"author":[{"embeddable":true,"href":"https:\/\/praguetouristinformation.com\/es\/wp-json\/wp\/v2\/users\/6"}],"replies":[{"embeddable":true,"href":"https:\/\/praguetouristinformation.com\/es\/wp-json\/wp\/v2\/comments?post=723"}],"version-history":[{"count":4,"href":"https:\/\/praguetouristinformation.com\/es\/wp-json\/wp\/v2\/pages\/723\/revisions"}],"predecessor-version":[{"id":4799,"href":"https:\/\/praguetouristinformation.com\/es\/wp-json\/wp\/v2\/pages\/723\/revisions\/4799"}],"up":[{"embeddable":true,"href":"https:\/\/praguetouristinformation.com\/es\/wp-json\/wp\/v2\/pages\/761"}],"wp:featuredmedia":[{"embeddable":true,"href":"https:\/\/praguetouristinformation.com\/es\/wp-json\/wp\/v2\/media\/2172"}],"wp:attachment":[{"href":"https:\/\/praguetouristinformation.com\/es\/wp-json\/wp\/v2\/media?parent=723"}],"wp:term":[{"taxonomy":"category","embeddable":true,"href":"https:\/\/praguetouristinformation.com\/es\/wp-json\/wp\/v2\/categories?post=723"},{"taxonomy":"post_tag","embeddable":true,"href":"https:\/\/praguetouristinformation.com\/es\/wp-json\/wp\/v2\/tags?post=723"}],"curies":[{"name":"wp","href":"https:\/\/api.w.org\/{rel}","templated":true}]}}