{"id":721,"date":"2020-10-15T10:19:22","date_gmt":"2020-10-15T10:19:22","guid":{"rendered":"https:\/\/praguetouristinformation.com\/es\/?page_id=721"},"modified":"2023-05-03T07:29:49","modified_gmt":"2023-05-03T07:29:49","slug":"vysehrad","status":"publish","type":"page","link":"https:\/\/praguetouristinformation.com\/es\/cosas-que-hacer\/vysehrad","title":{"rendered":"Gu\u00eda de Vysehrad: Lugares de inter\u00e9s, historia y precio de la entrada"},"content":{"rendered":"<h3 id=\"t-1670608960740\">Vysehrad es una vista fuera del centro de Praga. Es una de las murallas del castillo m\u00e1s famosas de la Alta Edad Media en Bohemia.<\/h3>\n<p>Hay una gran <a data-id=\"713\" data-type=\"page\" href=\"https:\/\/praguetouristinformation.com\/es\/cosas-que-hacer\/puntos-de-vista\" style=\"outline: none;\">vista<\/a> de Praga desde aqu\u00ed.<\/p>\n<p>Toda la informaci\u00f3n importante sobre Vysehrad se recopila aqu\u00ed, incluida la entrada, el historial y la direcci\u00f3n.<\/p>\n<h2 id=\"t-1670608960741\">\u00bfQu\u00e9 puedo hacer en Vysehrad?<\/h2>\n<p><span><img decoding=\"async\" alt=\"\u00bfQu\u00e9 puedo hacer en Vysehrad Praga?\" data-id=\"1906\" width=\"702\" data-init-width=\"1000\" height=\"468\" data-init-height=\"667\" title=\"\u00bfQu\u00e9 puedo hacer en Vysehrad Praga?\" loading=\"lazy\" src=\"https:\/\/praguetouristinformation.com\/es\/wp-content\/uploads\/2020\/11\/Was-kann-ich-in-Vysehrad-machen.jpg\" data-width=\"702\" data-height=\"468\" data-pin-media=\"https:\/\/praguetouristinformation.com\/es\/wp-content\/uploads\/2021\/02\/46.jpg\" data-pin-description=\"Vysehrad: Sehensw\u00fcrdigkeiten, Geschichte &amp; Eintritt - 2022\" data-pin-url=\"https:\/\/praguetouristinformation.com\/es\/cosas-que-hacer\/vysehrad?tve=true&amp;tcbf=3c0ae20cee\" data-pinpro-key=\"jv4pvv5p3\"><\/span><\/p>\n<p>Vysehrad, tambi\u00e9n conocida como la Fortaleza de Praga, se encuentra al sur de la Ciudad Nueva de Praga, en una colina que se eleva abruptamente sobre la orilla derecha del r\u00edo Vltava. Desde aqu\u00ed tiene una vista espectacular que se extiende hasta el <a data-id=\"738\" data-type=\"page\" href=\"https:\/\/praguetouristinformation.com\/es\/cosas-que-hacer\/castillo\" style=\"outline: none;\">Castillo de Praga<\/a> .<\/p>\n<p>Por lo tanto, Vysehrad es uno de los mejores miradores de Praga. Hay varios <a data-id=\"247\" data-type=\"page\" href=\"https:\/\/praguetouristinformation.com\/es\/cosas-que-hacer\" style=\"outline: none;\">lugares<\/a> de inter\u00e9s en Vysehrad, algunos de ellos tienen una tarifa de entrada.<\/p>\n<h3 id=\"t-1670608960742\">1. Lugares de inter\u00e9s en Vysehrad<\/h3>\n<ul>\n<li><strong>Cementerio de Slavin<\/strong> : alrededor de 600 personalidades checas importantes est\u00e1n enterradas aqu\u00ed, incluido el director de orquesta Raphael Kubelik y el compositor Bedrich Smetana. La tumba monumental, el Slavin, simboliza un lugar com\u00fan de descanso para estos grandes nacionales.<\/li>\n<\/ul>\n<ul>\n<li><strong>Catedral de San Pablo y San Pedro:&nbsp;<\/strong> Desde su construcci\u00f3n hace 950 a\u00f1os, la catedral ha sido reconstruida muchas veces para conseguir su aspecto neog\u00f3tico actual. En el interior se pueden ver muchos murales y adornos de estilo Art Nouveau. Un carill\u00f3n suena cada hora en punto. La entrada es <a data-id=\"https:\/\/www.praha-vysehrad.cz\/?l=9\" data-type=\"URL\" href=\"https:\/\/www.praha-vysehrad.cz\/en\" target=\"_blank\" style=\"outline: none;\" rel=\"noopener\">de pago<\/a> .<\/li>\n<\/ul>\n<ul>\n<li><strong>Galer\u00eda Vy\u0161ehrad:&nbsp;<\/strong> dentro de los restos de una torre de vigilancia medieval, la Galer\u00eda Vy\u0161ehrad alberga exposiciones temporales de arte contempor\u00e1neo. La entrada a la galer\u00eda es <a href=\"https:\/\/www.praha-vysehrad.cz\/en\" style=\"outline: none;\" target=\"_blank\" rel=\"noopener\">obligatoria<\/a> .<a href=\"https:\/\/www.praha-vysehrad.cz\/?l=9\" style=\"outline: none;\" target=\"_blank\" rel=\"noopener\"><\/a><\/li>\n<\/ul>\n<ul>\n<li><strong>Bodega g\u00f3tica:&nbsp;<\/strong> La bodega g\u00f3tica es un vestigio de uno de los cuatro edificios palaciegos que se construyeron en la segunda mitad del siglo XIV en la zona de la corte real. Los s\u00f3tanos destruidos han sido restaurados y ahora albergan una <a data-id=\"https:\/\/www.praha-vysehrad.cz\/?l=9\" data-type=\"URL\" href=\"https:\/\/www.praha-vysehrad.cz\/en\/whats-on\/actual\" target=\"_blank\" style=\"outline: none;\" rel=\"noopener\">exposici\u00f3n permanente<\/a> sobre la historia de Vy\u0161ehrad.<\/li>\n<\/ul>\n<ul>\n<li><strong>Casamatas:<\/strong> Se denominaban casamatas a los pasajes de las murallas que serv\u00edan para recoger tropas y trasladarlas sin que nadie las viera. Las casamatas que se ven aqu\u00ed tienen alrededor de 1 kil\u00f3metro de largo, 2 metros de alto y 1,5 metros de ancho. El espacio subterr\u00e1neo m\u00e1s grande es el llamado Gorlice. Hoy, seis estatuas originales del Puente de Carlos se conservan en la sala de 330 m\u00b2 y 13 metros de altura. La visita es <a data-id=\"721\" data-type=\"page\" href=\"https:\/\/praguetouristinformation.com\/es\/cosas-que-hacer\/vysehrad\" target=\"_blank\" style=\"outline: none;\" rel=\"noopener\">de pago<\/a> .<\/li>\n<\/ul>\n<ul>\n<li><strong>Rotonda de Mart\u00edn :<\/strong> La Rotonda de Mart\u00edn es uno de los edificios rom\u00e1nicos mejor conservados de Praga. Data del siglo XI y est\u00e1 dedicada a San Mart\u00edn. El altar de m\u00e1rmol y las pinturas de las paredes interiores, que retoman motivos del C\u00f3digo de Coronaci\u00f3n de Vysehrad, se han conservado en su forma original.<\/li>\n<\/ul>\n<h3 id=\"t-1670608960743\">2. Comer en el parque<\/h3>\n<p><span><img decoding=\"async\" alt=\"Lugares de inter\u00e9s en Vysehrad en Praga\" data-id=\"1907\" width=\"702\" data-init-width=\"1000\" height=\"468\" data-init-height=\"667\" title=\"Lugares de inter\u00e9s en Vysehrad en Praga\" loading=\"lazy\" src=\"https:\/\/praguetouristinformation.com\/es\/wp-content\/uploads\/2020\/11\/Sehenswuerdigkeiten-in-Vysehrad.jpg\" data-width=\"702\" data-height=\"468\" data-pin-media=\"https:\/\/praguetouristinformation.com\/es\/wp-content\/uploads\/2021\/02\/46.jpg\" data-pin-description=\"Vysehrad: Sehensw\u00fcrdigkeiten, Geschichte &amp; Eintritt - 2022\" data-pin-url=\"https:\/\/praguetouristinformation.com\/es\/cosas-que-hacer\/vysehrad?tve=true&amp;tcbf=3c0ae20cee\" data-pinpro-key=\"nyl50fw89\"><\/span><\/p>\n<p>El parque muy extenso con las antiguas fortificaciones, las casitas, las flores y las estatuas est\u00e1 un poco alejado de las multitudes de turistas de Praga y ofrece una vista maravillosa del <a data-id=\"738\" data-type=\"page\" href=\"https:\/\/praguetouristinformation.com\/es\/cosas-que-hacer\/castillo\" style=\"outline: none;\">Castillo de Praga<\/a> y otros lugares de inter\u00e9s de Praga.<\/p>\n<p>A muchos lugare\u00f1os les gusta hacer un picnic aqu\u00ed, pero tambi\u00e9n hay varios restaurantes en el parque y sus alrededores que ofrecen buena cocina checa. Solo deja que el aroma te gu\u00ede&#8230; Y la vista llega de inmediato&#8230;<\/p>\n<h2 id=\"t-1670608960744\">Entrada, entradas y visitas guiadas a Vysehrad<\/h2>\n<p><span><img decoding=\"async\" alt=\"Entrada, entradas y visitas guiadas en Vysehrad en Praga\" data-id=\"1909\" width=\"702\" data-init-width=\"1000\" height=\"468\" data-init-height=\"667\" title=\"Entrada, entradas y visitas guiadas en Vysehrad en Praga\" loading=\"lazy\" src=\"https:\/\/praguetouristinformation.com\/es\/wp-content\/uploads\/2020\/11\/Eintritt-Tickets-und-Fuehrungen-9.jpg\" data-width=\"702\" data-height=\"468\" data-pin-media=\"https:\/\/praguetouristinformation.com\/es\/wp-content\/uploads\/2021\/02\/46.jpg\" data-pin-description=\"Vysehrad: Sehensw\u00fcrdigkeiten, Geschichte &amp; Eintritt - 2022\" data-pin-url=\"https:\/\/praguetouristinformation.com\/es\/cosas-que-hacer\/vysehrad?tve=true&amp;tcbf=3c0ae20cee\" data-pinpro-key=\"5drv8v3ee\"><\/span><\/p>\n<ul>\n<li><strong>Boleto:&nbsp;<\/strong> Se deben comprar boletos individuales para cada atracci\u00f3n. Para evitar tiempos de espera, recomendamos comprar las entradas online aqu\u00ed.<\/li>\n<\/ul>\n<ul>\n<li><strong>Visita guiada:&nbsp;<\/strong> Vysehrad est\u00e1 abierto todo el a\u00f1o. Hay diferentes visitas guiadas. Para obtener m\u00e1s detalles sobre las tarifas de entrada y los detalles de la visita, haga clic aqu\u00ed y acceder\u00e1 al <a data-id=\"https:\/\/www.praha-vysehrad.cz\/Monuments-1#The-Casemates-and-Gorlice\" data-type=\"URL\" href=\"https:\/\/www.praha-vysehrad.cz\/en\" target=\"_blank\" style=\"outline: none;\" rel=\"noopener\">sitio web oficial del museo<\/a> .<\/li>\n<\/ul>\n<ul>\n<li><strong>Admisi\u00f3n:&nbsp;<\/strong> La entrada al \u00e1rea del parque es gratuita, pero la Galer\u00eda, las Bodegas G\u00f3ticas y la Catedral de San Pablo y San Pedro est\u00e1n sujetas a una tarifa. Los boletos se pueden comprar directamente en el sitio. Los detalles se pueden encontrar <a data-id=\"https:\/\/www.praha-vysehrad.cz\/Monuments-1#The-Casemates-and-Gorlice\" data-type=\"URL\" href=\"https:\/\/www.praha-vysehrad.cz\/en\/stranky\/145\" style=\"outline: none;\" target=\"_blank\" rel=\"noopener\">aqu\u00ed.<\/a><\/li>\n<\/ul>\n<h2 id=\"t-1670608960745\">\u00bfC\u00f3mo llegar a Vysehrad?<\/h2>\n<p><span><img decoding=\"async\" alt=\"C\u00f3mo llegar a Vysehrad en Praga\" data-id=\"1910\" width=\"702\" data-init-width=\"1000\" height=\"468\" data-init-height=\"667\" title=\"C\u00f3mo llegar a Vysehrad en Praga\" loading=\"lazy\" src=\"https:\/\/praguetouristinformation.com\/es\/wp-content\/uploads\/2020\/11\/Wie-komme-ich-nach-Vysehrad.jpg\" data-width=\"702\" data-height=\"468\" data-pin-media=\"https:\/\/praguetouristinformation.com\/es\/wp-content\/uploads\/2021\/02\/46.jpg\" data-pin-description=\"Vysehrad: Sehensw\u00fcrdigkeiten, Geschichte &amp; Eintritt - 2022\" data-pin-url=\"https:\/\/praguetouristinformation.com\/es\/cosas-que-hacer\/vysehrad?tve=true&amp;tcbf=3c0ae20cee\" data-pinpro-key=\"xbbcqynhy\"><\/span><\/p>\n<p>Vysehrad se encuentra a 2 paradas de metro de <a data-id=\"662\" data-type=\"page\" href=\"https:\/\/praguetouristinformation.com\/es\/cosas-que-hacer\/ciudad-vieja\/plaza-de-wenceslao\" style=\"outline: none;\">la Plaza de Wenceslao<\/a> y es f\u00e1cilmente accesible por la l\u00ednea C del metro, l\u00ednea roja, parada Vysehrad. Desde all\u00ed hay unos 10 minutos a pie hasta la fortaleza.<\/p>\n<p>Como alternativa, se puede utilizar el tranv\u00eda n\u00famero 17 desde el Teatro Nacional. La estaci\u00f3n est\u00e1 m\u00e1s cerca de la fortaleza que la estaci\u00f3n de metro, pero la colina es m\u00e1s empinada.<\/p>\n<h2 id=\"t-1670608960746\">Historia de Vysehrad<\/h2>\n<p><span><img decoding=\"async\" alt=\"Historia de Vysehrad en Praga\" data-id=\"1911\" width=\"702\" data-init-width=\"1000\" height=\"468\" data-init-height=\"667\" title=\"Historia de Vysehrad en Praga\" loading=\"lazy\" src=\"https:\/\/praguetouristinformation.com\/es\/wp-content\/uploads\/2020\/11\/Geschichte-Vysehrad.jpg\" data-width=\"702\" data-height=\"468\" data-pin-media=\"https:\/\/praguetouristinformation.com\/es\/wp-content\/uploads\/2021\/02\/46.jpg\" data-pin-description=\"Vysehrad: Sehensw\u00fcrdigkeiten, Geschichte &amp; Eintritt - 2022\" data-pin-url=\"https:\/\/praguetouristinformation.com\/es\/cosas-que-hacer\/vysehrad?tve=true&amp;tcbf=3c0ae20cee\" data-pinpro-key=\"mv6m5hnah\"><\/span><\/p>\n<p>Seg\u00fan la leyenda, Vy\u0161ehrad es la sede principesca m\u00e1s antigua de Bohemia, pero los primeros documentos fiables sobre la existencia de un fuerte en una colina datan de mediados del siglo X. Desde entonces, Vy\u0161ehrad ha cambiado su funci\u00f3n y apariencia varias veces.<\/p>\n<p>Fue un castillo real, incluso la sede de un monarca por un corto tiempo, cuando el primer rey checo, Vratislav II, traslad\u00f3 aqu\u00ed su sede de gobierno.<\/p>\n<p>Cuando los gobernantes regresaron al Castillo de Praga a principios del siglo XII, el castillo se deterior\u00f3. Experiment\u00f3 un auge bajo Carlos IV, quien hizo varias adiciones y transformaciones. Despu\u00e9s de su muerte, Vy\u0161ehrad fue principalmente una ciudad sacerdotal con m\u00e1s de 100 cl\u00e9rigos.<\/p>\n<p>Fue reconstruida en una fortaleza barroca, cuyo aspecto se ha conservado hasta el d\u00eda de hoy, tras sufrir graves da\u00f1os en un ataque a mediados del siglo XVII.<\/p>\n<p>A finales del siglo XIX, Vy\u0161ehrad se convirti\u00f3 en un s\u00edmbolo nacional y en el cementerio de los checos m\u00e1s famosos. Hoy en d\u00eda, la fortaleza de Praga es un destino popular para pasear y ofrece una vista impresionante de la ciudad de Praga.<\/p>\n<h2 id=\"t-1670608960747\">Contacto<\/h2>\n<ul>\n<li><strong>Direcci\u00f3n:<\/strong> V Pevnosti 159\/5b, Vy\u0161ehrad, 128 00 Praga<\/li>\n<\/ul>\n<ul>\n<li><strong>Transporte p\u00fablico<\/strong> : Metro l\u00ednea C, l\u00ednea roja o tranv\u00eda n\u00b0 17, parada Vysehrad<\/li>\n<\/ul>\n<ul>\n<li><strong>Horarios de apertura:<\/strong> los horarios exactos de apertura se pueden encontrar en este <a href=\"https:\/\/www.praha-vysehrad.cz\/en\/stranky\/145\/information-centers\" target=\"_blank\" style=\"outline: none;\" rel=\"noopener\">sitio web<\/a> .<\/li>\n<\/ul>\n","protected":false},"excerpt":{"rendered":"<p>Vysehrad es una vista fuera del centro de Praga. Es una de las murallas del castillo m\u00e1s famosas de la Alta Edad Media en Bohemia. Hay una gran vista de Praga desde aqu\u00ed. Toda la informaci\u00f3n importante sobre Vysehrad se recopila aqu\u00ed, incluida la entrada, el historial y la direcci\u00f3n. \u00bfQu\u00e9 puedo hacer en Vysehrad? [&hellip;]<\/p>\n","protected":false},"author":6,"featured_media":1904,"parent":247,"menu_order":0,"comment_status":"open","ping_status":"closed","template":"","meta":{"footnotes":""},"categories":[],"tags":[22,19],"class_list":["post-721","page","type-page","status-publish","has-post-thumbnail","hentry","tag-museum","tag-sehenswuerdigkeiten","post-wrapper","thrv_wrapper"],"_links":{"self":[{"href":"https:\/\/praguetouristinformation.com\/es\/wp-json\/wp\/v2\/pages\/721","targetHints":{"allow":["GET"]}}],"collection":[{"href":"https:\/\/praguetouristinformation.com\/es\/wp-json\/wp\/v2\/pages"}],"about":[{"href":"https:\/\/praguetouristinformation.com\/es\/wp-json\/wp\/v2\/types\/page"}],"author":[{"embeddable":true,"href":"https:\/\/praguetouristinformation.com\/es\/wp-json\/wp\/v2\/users\/6"}],"replies":[{"embeddable":true,"href":"https:\/\/praguetouristinformation.com\/es\/wp-json\/wp\/v2\/comments?post=721"}],"version-history":[{"count":12,"href":"https:\/\/praguetouristinformation.com\/es\/wp-json\/wp\/v2\/pages\/721\/revisions"}],"predecessor-version":[{"id":4751,"href":"https:\/\/praguetouristinformation.com\/es\/wp-json\/wp\/v2\/pages\/721\/revisions\/4751"}],"up":[{"embeddable":true,"href":"https:\/\/praguetouristinformation.com\/es\/wp-json\/wp\/v2\/pages\/247"}],"wp:featuredmedia":[{"embeddable":true,"href":"https:\/\/praguetouristinformation.com\/es\/wp-json\/wp\/v2\/media\/1904"}],"wp:attachment":[{"href":"https:\/\/praguetouristinformation.com\/es\/wp-json\/wp\/v2\/media?parent=721"}],"wp:term":[{"taxonomy":"category","embeddable":true,"href":"https:\/\/praguetouristinformation.com\/es\/wp-json\/wp\/v2\/categories?post=721"},{"taxonomy":"post_tag","embeddable":true,"href":"https:\/\/praguetouristinformation.com\/es\/wp-json\/wp\/v2\/tags?post=721"}],"curies":[{"name":"wp","href":"https:\/\/api.w.org\/{rel}","templated":true}]}}