{"id":713,"date":"2020-10-15T11:55:49","date_gmt":"2020-10-15T11:55:49","guid":{"rendered":"https:\/\/praguetouristinformation.com\/es\/?page_id=713"},"modified":"2023-05-02T11:19:59","modified_gmt":"2023-05-02T11:19:59","slug":"puntos-de-vista","status":"publish","type":"page","link":"https:\/\/praguetouristinformation.com\/es\/cosas-que-hacer\/puntos-de-vista","title":{"rendered":"12 Mejores miradores en Praga [con mapa]"},"content":{"rendered":"<h3 id=\"t-1670487494362\">\u00bfQu\u00e9 miradores hay en Praga?<\/h3>\n<p>Aqu\u00ed est\u00e1 nuestra respuesta con las vistas m\u00e1s hermosas del casco antiguo, los alrededores y el \u00e1rea metropolitana de Praga.<\/p>\n<p><a data-id=\"247\" data-type=\"page\" href=\"https:\/\/praguetouristinformation.com\/es\/cosas-que-hacer\/puntos-de-vista\" style=\"outline: none;\">Esto incluye la vista desde las vistas<\/a> cl\u00e1sicas de Praga , as\u00ed como la vista de Praga desde las afueras de la ciudad.<\/p>\n<h2 id=\"t-1670487494363\">1. Torre del Ayuntamiento<\/h2>\n<p><span><img decoding=\"async\" alt=\"Torre del Ayuntamiento, Praga, Rep\u00fablica Checa\" data-id=\"1349\" width=\"702\" data-init-width=\"1000\" height=\"468\" data-init-height=\"667\" title=\"Torre del Ayuntamiento, Praga, Rep\u00fablica Checa\" loading=\"lazy\" src=\"https:\/\/praguetouristinformation.com\/es\/wp-content\/uploads\/2020\/11\/Rathausturm.jpg\" data-width=\"702\" data-height=\"468\" data-pin-media=\"https:\/\/praguetouristinformation.com\/es\/wp-content\/uploads\/2021\/01\/15.jpg\" data-pin-description=\"12 mejores miradores en Praga [con mapa] - 2022\" data-pin-url=\"https:\/\/praguetouristinformation.com\/es\/cosas-que-hacer\/puntos-de-vista?tve=true&amp;tcbf=5a48c4570a\" data-pinpro-key=\"1avdof81c\"><\/span><\/p>\n<p>La torre g\u00f3tica del Ayuntamiento de la <a data-id=\"628\" data-type=\"page\" href=\"https:\/\/praguetouristinformation.com\/en\/sightseeing\/old-town\/astronomical-clock\" style=\"outline: none;\">Ciudad Vieja<\/a> en el centro de la Ciudad Vieja ofrece la mejor vista de la Ciudad Vieja y la Plaza de la <a data-id=\"621\" data-type=\"page\" href=\"https:\/\/praguetouristinformation.com\/es\/cosas-que-hacer\/ciudad-vieja\/anillo-de-la-ciudad-vieja\" style=\"outline: none;\">Ciudad Vieja<\/a> de Praga . A una altura de 41 metros hay un pasillo en espiral al que se puede llegar en ascensor.<\/p>\n<p>En el lado sur se encuentra el mundialmente famoso <a data-id=\"625\" data-type=\"page\" href=\"http:\/\/praguetouristinformation.com\/50-sehenswuerdigkeiten-in-prag\/altstadt\/astronomische-rathausuhr\" style=\"outline: none;\">Reloj Astron\u00f3mico,<\/a> que data de 1410, que suena cada hora entre las 9:00 am y las 11:00 pm y ofrece un espect\u00e1culo de 45 segundos de los ap\u00f3stoles.<\/p>\n<ul>\n<li><strong>Direcci\u00f3n: Antiguo Ayuntamiento, Starom\u011bstsk\u00e9 n\u00e1m. 1\/3, 110 00 Star\u00e9 M\u011bsto, Praga<\/strong><\/li>\n<\/ul>\n<h2 id=\"t-1670487494364\">2. Torre de la Ciudad Vieja del Puente de Carlos<\/h2>\n<p><span><img decoding=\"async\" alt=\"Torre de la Ciudad Vieja del Puente de Carlos, Praga, Rep\u00fablica Checa\" data-id=\"1350\" width=\"702\" data-init-width=\"1000\" height=\"468\" data-init-height=\"667\" title=\"Torre de la Ciudad Vieja del Puente de Carlos, Praga, Rep\u00fablica Checa\" loading=\"lazy\" src=\"https:\/\/praguetouristinformation.com\/es\/wp-content\/uploads\/2020\/11\/Altstaedter-Turm-der-Karlsbruecke.jpg\" data-width=\"702\" data-height=\"468\" data-pin-media=\"https:\/\/praguetouristinformation.com\/es\/wp-content\/uploads\/2021\/01\/15.jpg\" data-pin-description=\"12 mejores miradores en Praga [con mapa] - 2022\" data-pin-url=\"https:\/\/praguetouristinformation.com\/es\/cosas-que-hacer\/puntos-de-vista?tve=true&amp;tcbf=5a48c4570a\" data-pinpro-key=\"dad795i9z\"><\/span><\/p>\n<p>La Torre del Puente de la Ciudad Vieja del Puente de <a data-id=\"664\" data-type=\"page\" href=\"https:\/\/praguetouristinformation.com\/es\/cosas-que-hacer\/puente-de-carlos\" style=\"outline: none;\">Carlos<\/a> est\u00e1 en el lado de Star\u00e9 Mesto, es decir, en el lado de la Ciudad Vieja de Praga. Fue construido en 1370 bajo el emperador Carlos IV y ahora se considera una de las torres g\u00f3ticas m\u00e1s bellas de Europa.<\/p>\n<p>138 escalones conducen a la torre hasta la plataforma de observaci\u00f3n. All\u00ed tienes una vista fant\u00e1stica del Vltava y el casco antiguo de Praga.<\/p>\n<ul>\n<li><strong>Direcci\u00f3n: Puente de Carlos,&nbsp; <\/strong><strong>Karl\u016fv most, 110 00 Praga<\/strong><\/li>\n<\/ul>\n<h2 id=\"t-1670487494365\">3. Torre de Petrin en la colina de Petrin<\/h2>\n<p><span><img decoding=\"async\" alt=\"Torre de Petrin en la colina de Petrin, Praga, Rep\u00fablica Checa\" data-id=\"1351\" width=\"702\" data-init-width=\"1000\" height=\"468\" data-init-height=\"667\" title=\"Torre de Petrin en la colina de Petrin, Praga, Rep\u00fablica Checa\" loading=\"lazy\" src=\"https:\/\/praguetouristinformation.com\/es\/wp-content\/uploads\/2020\/11\/Petrin-Turm-am-Petrin-Huegel.jpg\" data-width=\"702\" data-height=\"468\" data-pin-media=\"https:\/\/praguetouristinformation.com\/es\/wp-content\/uploads\/2021\/01\/15.jpg\" data-pin-description=\"12 mejores miradores en Praga [con mapa] - 2022\" data-pin-url=\"https:\/\/praguetouristinformation.com\/es\/cosas-que-hacer\/puntos-de-vista?tve=true&amp;tcbf=5a48c4570a\" data-pinpro-key=\"6lglecm7s\"><\/span><\/p>\n<p>La <a data-id=\"836\" data-type=\"page\" href=\"https:\/\/praguetouristinformation.com\/es\/cosas-que-hacer\/monte-petrino\/torre-de-observacion\" style=\"outline: none;\">Torre de Petrin<\/a> se encuentra en la colina del mismo nombre de 318 metros de altura en Lesser Town. La torre de 63,5 metros de altura es una r\u00e9plica a escala reducida de la Torre Eiffel de Par\u00eds. Un telef\u00e9rico te lleva por la colina hasta la torre, pero para llegar a la plataforma de observaci\u00f3n tienes que subir 299 escalones de una escalera de caracol.<\/p>\n<p>Los visitantes son recompensados con una magn\u00edfica vista de Praga y el \u00e1rea m\u00e1s amplia.<\/p>\n<ul>\n<li><strong>Direcci\u00f3n: Petrin Hill,&nbsp; <\/strong><strong>Mal\u00e1 Strana, 118 00 Praga<\/strong><\/li>\n<\/ul>\n<h2 id=\"t-1670487494366\">4. Balc\u00f3n Antiguo Palacio Real en el Castillo<\/h2>\n<p><span><img decoding=\"async\" alt=\"Balc\u00f3n Antiguo Palacio Real en el Castillo, Praga, Rep\u00fablica Checa\" data-id=\"1353\" width=\"702\" data-init-width=\"1000\" height=\"468\" data-init-height=\"667\" title=\"Balc\u00f3n Antiguo Palacio Real en el Castillo, Praga, Rep\u00fablica Checa\" loading=\"lazy\" src=\"https:\/\/praguetouristinformation.com\/es\/wp-content\/uploads\/2020\/11\/Balkon-Alter-Koenigspalast-in-der-Burg.jpg\" data-width=\"702\" data-height=\"468\" data-pin-media=\"https:\/\/praguetouristinformation.com\/es\/wp-content\/uploads\/2021\/01\/15.jpg\" data-pin-description=\"12 mejores miradores en Praga [con mapa] - 2022\" data-pin-url=\"https:\/\/praguetouristinformation.com\/es\/cosas-que-hacer\/puntos-de-vista?tve=true&amp;tcbf=5a48c4570a\" data-pinpro-key=\"of6831wjw\"><\/span><\/p>\n<p>El Antiguo Palacio Real es parte del <a data-id=\"738\" data-type=\"page\" href=\"https:\/\/praguetouristinformation.com\/es\/cosas-que-hacer\/castillo\" style=\"outline: none;\">Castillo de Praga<\/a> . Su entrada est\u00e1 en el lado este del tercer patio.<\/p>\n<p>Desde el mirador en el lado sur del Sal\u00f3n Vladislav, el sal\u00f3n m\u00e1s magn\u00edfico del Antiguo Palacio Real, hay una hermosa vista del Jard\u00edn del Castillo y de Praga. Se sale del Sal\u00f3n Vladislav a trav\u00e9s de la escalera ecuestre, que se us\u00f3 originalmente en los torneos de caballeros para que los caballeros cabalgaran directamente al sal\u00f3n.<\/p>\n<ul>\n<li><strong>Direcci\u00f3n: Antiguo Palacio Real, T\u0159et\u00ed n\u00e1dvo\u0159\u00ed Pra\u017esk\u00e9ho <\/strong><strong>hradu 48\/2, 119 00 Praga<\/strong><\/li>\n<\/ul>\n<h2 id=\"t-1670487494367\">5. Pabell\u00f3n Hanavsk\u00fd en el Parque Letna<\/h2>\n<p><span><img decoding=\"async\" alt=\"Pabell\u00f3n Hanavsk\u00fd en el Parque Letna, Praga, Rep\u00fablica Checa\" data-id=\"1354\" width=\"702\" data-init-width=\"1000\" height=\"468\" data-init-height=\"667\" title=\"Pabell\u00f3n Hanavsk\u00fd en el Parque Letna, Praga, Rep\u00fablica Checa\" loading=\"lazy\" src=\"https:\/\/praguetouristinformation.com\/es\/wp-content\/uploads\/2020\/11\/Hanavsky-Pavillon-im-Letna-Park.jpg\" data-width=\"702\" data-height=\"468\" data-pin-media=\"https:\/\/praguetouristinformation.com\/es\/wp-content\/uploads\/2021\/01\/15.jpg\" data-pin-description=\"12 mejores miradores en Praga [con mapa] - 2022\" data-pin-url=\"https:\/\/praguetouristinformation.com\/es\/cosas-que-hacer\/puntos-de-vista?tve=true&amp;tcbf=5a48c4570a\" data-pinpro-key=\"dpmh4dyo7\"><\/span><\/p>\n<p>En 1891, el Pabell\u00f3n Hanavsk\u00fd en el Parque Letna, uno de los <a data-id=\"727\" data-type=\"page\" href=\"https:\/\/praguetouristinformation.com\/es\/cosas-que-hacer\/parques\" style=\"outline: none;\">muchos parques de Praga<\/a> , fue dise\u00f1ado para la Exposici\u00f3n del Jubileo de Praga. La construcci\u00f3n de hierro fundido Art Nouveau ahora alberga un restaurante de lujo.<\/p>\n<p>Aqu\u00ed puede ver el panorama cl\u00e1sico de los cinco puentes sobre el Vltava. La vista del r\u00edo desde aqu\u00ed es una de las m\u00e1s hermosas de toda la ciudad.<\/p>\n<ul>\n<li><strong>Direcci\u00f3n:&nbsp; <\/strong><strong>Parque Letn\u00e1, Hole\u0161ovice, 170 00 Praga<\/strong><\/li>\n<\/ul>\n<h2 id=\"t-1670487494368\">6. Torre de la p\u00f3lvora<\/h2>\n<p><span><img decoding=\"async\" alt=\"Torre de la P\u00f3lvora, Praga, Rep\u00fablica Checa\" data-id=\"1355\" width=\"702\" data-init-width=\"1000\" height=\"468\" data-init-height=\"667\" title=\"Torre de la P\u00f3lvora, Praga, Rep\u00fablica Checa\" loading=\"lazy\" src=\"https:\/\/praguetouristinformation.com\/es\/wp-content\/uploads\/2020\/11\/Pulverturm.jpg\" data-width=\"702\" data-height=\"468\" data-pin-media=\"https:\/\/praguetouristinformation.com\/es\/wp-content\/uploads\/2021\/01\/15.jpg\" data-pin-description=\"12 mejores miradores en Praga [con mapa] - 2022\" data-pin-url=\"https:\/\/praguetouristinformation.com\/es\/cosas-que-hacer\/puntos-de-vista?tve=true&amp;tcbf=5a48c4570a\" data-pinpro-key=\"735qklu89\"><\/span><\/p>\n<p><a data-id=\"594\" data-type=\"page\" href=\"https:\/\/praguetouristinformation.com\/es\/cosas-que-hacer\/ciudad-vieja\/torre-de-la-polvora\" style=\"outline: none;\">La Torre de la P\u00f3lvora<\/a> de aproximadamente 65 metros de altura formaba parte de las murallas de la ciudad de Praga y hoy en d\u00eda es uno de los miradores m\u00e1s populares <a data-id=\"742\" data-type=\"page\" href=\"https:\/\/praguetouristinformation.com\/es\/cosas-que-hacer\/ciudad-vieja\" style=\"outline: none;\">del casco antiguo de Praga<\/a> . A una altura de 44 metros hay una plataforma de observaci\u00f3n que ofrece una vista impresionante del casco antiguo de Praga.<\/p>\n<p>No hay ascensor, 186 escalones, algunos de los cuales son muy empinados, de la escalera de caracol que data de 1592 conducen a la plataforma de observaci\u00f3n.<\/p>\n<ul>\n<li><strong>Direcci\u00f3n: Torre de la P\u00f3lvora, N\u00e1m. Republiky 5, 110 00 Star\u00e9 M\u011bsto, Praga<\/strong><\/li>\n<\/ul>\n<h2 id=\"t-1670487494369\">7. Banco Vltava desde la estaci\u00f3n Karlovy l\u00e1zn\u011b<\/h2>\n<p><span><img decoding=\"async\" alt=\"R\u00edo Vltava desde la estaci\u00f3n Karlovy l\u00e1zn\u011b, Praga, Rep\u00fablica Checa\" data-id=\"1356\" width=\"702\" data-init-width=\"1000\" height=\"468\" data-init-height=\"667\" title=\"R\u00edo Vltava desde la estaci\u00f3n Karlovy l\u00e1zn\u011b, Praga, Rep\u00fablica Checa\" loading=\"lazy\" src=\"https:\/\/praguetouristinformation.com\/es\/wp-content\/uploads\/2020\/11\/Moldauufer-von-der-Station-Karlovy-lazne.jpg\" data-width=\"702\" data-height=\"468\" data-pin-media=\"https:\/\/praguetouristinformation.com\/es\/wp-content\/uploads\/2021\/01\/15.jpg\" data-pin-description=\"12 mejores miradores en Praga [con mapa] - 2022\" data-pin-url=\"https:\/\/praguetouristinformation.com\/es\/cosas-que-hacer\/puntos-de-vista?tve=true&amp;tcbf=5a48c4570a\" data-pinpro-key=\"sp4wotttx\"><\/span><\/p>\n<p>La parada de tranv\u00eda se llama Karlovy L\u00e1zn\u011b y cuenta con las l\u00edneas 17 y 18. Desde all\u00ed son solo unos minutos hasta las orillas del Vltava. Aqu\u00ed el hu\u00e9sped tiene una magn\u00edfica vista del Vltava y el <a data-id=\"664\" data-type=\"page\" href=\"https:\/\/praguetouristinformation.com\/es\/cosas-que-hacer\/puente-de-carlos\" style=\"outline: none;\">Puente de Carlos<\/a> con el Castillo de Praga al fondo.<\/p>\n<p><a data-id=\"780\" data-type=\"page\" href=\"https:\/\/praguetouristinformation.com\/es\/la-vida-nocturna\" style=\"outline: none;\">Est\u00e1s interesado en la vida nocturna<\/a> de Praga, el club es el grande de Europa Central, que toca un tipo diferente de m\u00fasica en cinco pisos, se llama Karlovy L\u00e1zn\u011b y tambi\u00e9n se encuentra aqu\u00ed directamente en el Vltava.<\/p>\n<ul>\n<li><strong>Direcci\u00f3n : Karlovy l\u00e1zn\u011b <\/strong><strong>, Novotn\u00e9ho l\u00e1vka 198\/13, Star\u00e9 M\u011bsto, 110 00 Praga<\/strong><\/li>\n<\/ul>\n<h2 id=\"t-1670487494370\">8. Naplavka<\/h2>\n<p><span><img decoding=\"async\" alt=\"Naplavka, Praga, Rep\u00fablica Checa\" data-id=\"1357\" width=\"702\" data-init-width=\"1000\" height=\"468\" data-init-height=\"667\" title=\"Naplavka, Praga, Rep\u00fablica Checa\" loading=\"lazy\" src=\"https:\/\/praguetouristinformation.com\/es\/wp-content\/uploads\/2020\/11\/Naplavka.jpg\" data-width=\"702\" data-height=\"468\" data-pin-media=\"https:\/\/praguetouristinformation.com\/es\/wp-content\/uploads\/2021\/01\/15.jpg\" data-pin-description=\"12 mejores miradores en Praga [con mapa] - 2022\" data-pin-url=\"https:\/\/praguetouristinformation.com\/es\/cosas-que-hacer\/puntos-de-vista?tve=true&amp;tcbf=5a48c4570a\" data-pinpro-key=\"fmciwvwv0\"><\/span><\/p>\n<p>Cerca del <a data-id=\"746\" data-type=\"page\" href=\"https:\/\/praguetouristinformation.com\/es\/cosas-que-hacer\/museos\/kafka\" style=\"outline: none;\">Museo Kafka<\/a> se encuentra Naplavka, un muelle en el rio Vltava que se ha convertido en un paseo popular en la ciudad. Un mercado de agricultores se lleva a cabo aqu\u00ed los s\u00e1bados.<\/p>\n<p>Los numerosos cisnes que retozan en el Naplavka son un motivo fotogr\u00e1fico tan atractivo como la fant\u00e1stica vista del Vltava.<\/p>\n<ul>\n<li><strong>Direcci\u00f3n: N\u00e1plavka, Ra\u0161\u00ednovo n\u00e1b\u0159e\u017e\u00ed, Nov\u00e9 M\u011bsto, 120 00 Praga<\/strong><\/li>\n<\/ul>\n<h2 id=\"t-1670487494371\">9. Museo Nacional hacia la Plaza de Wenceslao<\/h2>\n<p><span><img decoding=\"async\" alt=\"Museo Nacional hacia la Plaza de Wenceslao, Praga, Rep\u00fablica Checa\" data-id=\"1360\" width=\"702\" data-init-width=\"1000\" height=\"468\" data-init-height=\"667\" title=\"Museo Nacional hacia la Plaza de Wenceslao, Praga, Rep\u00fablica Checa\" loading=\"lazy\" src=\"https:\/\/praguetouristinformation.com\/es\/wp-content\/uploads\/2020\/11\/Nationalmuseum-Richtung-Wenzelsplatz.jpg\" data-width=\"702\" data-height=\"468\" data-pin-media=\"https:\/\/praguetouristinformation.com\/es\/wp-content\/uploads\/2021\/01\/15.jpg\" data-pin-description=\"12 mejores miradores en Praga [con mapa] - 2022\" data-pin-url=\"https:\/\/praguetouristinformation.com\/es\/cosas-que-hacer\/puntos-de-vista?tve=true&amp;tcbf=5a48c4570a\" data-pinpro-key=\"u8vkxlt0a\"><\/span><\/p>\n<p>El edificio hist\u00f3rico del <a data-id=\"654\" data-type=\"page\" href=\"https:\/\/praguetouristinformation.com\/es\/cosas-que-hacer\/museos\/nacional\" style=\"outline: none;\">Museo Nacional<\/a> Checo en la <a data-id=\"662\" data-type=\"page\" href=\"https:\/\/praguetouristinformation.com\/es\/cosas-que-hacer\/ciudad-vieja\/plaza-de-wenceslao\" style=\"outline: none;\">Plaza de Wenceslao<\/a> est\u00e1 ligeramente elevado. El edificio llama la atenci\u00f3n por su monumentalidad, se puede acceder al frente de m\u00e1s de 100 metros de largo a trav\u00e9s de una rampa. En lo alto de las escaleras que conducen al Museo Nacional hay una buena vista de la Plaza de Wenceslao.<\/p>\n<p>Jan Palach camin\u00f3 desde estas escaleras hasta la Plaza de Wenceslao como una antorcha humana en enero de 1969.<\/p>\n<ul>\n<li><strong>Direcci\u00f3n: V\u00e1clavsk\u00e9 n\u00e1m. 68, 110 00 Nov Mesto, Praga<\/strong><\/li>\n<\/ul>\n<h2 id=\"t-1670487494372\">10. Vysehrad direcci\u00f3n Vltava<\/h2>\n<p><span><img decoding=\"async\" alt=\"Vysehrad direcci\u00f3n Vltava, Praga, Rep\u00fablica Checa\" data-id=\"1361\" width=\"702\" data-init-width=\"1000\" height=\"468\" data-init-height=\"667\" title=\"Vysehrad direcci\u00f3n Vltava, Praga, Rep\u00fablica Checa\" loading=\"lazy\" src=\"https:\/\/praguetouristinformation.com\/es\/wp-content\/uploads\/2020\/11\/Vysehrad-Richtung-Moldau.jpg\" data-width=\"702\" data-height=\"468\" data-pin-media=\"https:\/\/praguetouristinformation.com\/es\/wp-content\/uploads\/2021\/01\/15.jpg\" data-pin-description=\"12 mejores miradores en Praga [con mapa] - 2022\" data-pin-url=\"https:\/\/praguetouristinformation.com\/es\/cosas-que-hacer\/puntos-de-vista?tve=true&amp;tcbf=5a48c4570a\" data-pinpro-key=\"is90xy4uy\"><\/span><\/p>\n<p><a data-id=\"721\" data-type=\"page\" href=\"https:\/\/praguetouristinformation.com\/es\/cosas-que-hacer\/vysehrad\" style=\"outline: none;\">Vysehrad,<\/a> tambi\u00e9n llamada la fortaleza de Praga, se encuentra al sur de la Ciudad Nueva de Praga, en una colina que se eleva abruptamente sobre la orilla derecha del Vltava. Est\u00e1 en los muros del Castillo m\u00e1s famoso de la Alta Edad Media en Bohemia.<\/p>\n<p>Hay una gran vista de Praga desde aqu\u00ed arriba.<\/p>\n<ul>\n<li><strong>Direcci\u00f3n: Castillo Alto de Praga,&nbsp; <\/strong><strong>Vy\u0161ehrad, 128 00 Praga<\/strong><\/li>\n<\/ul>\n<h2 id=\"t-1670487494373\">11. Terasa U Pr\u00edncipe<\/h2>\n<p><span><img decoding=\"async\" alt=\"Terasa U Prince, Praga, Rep\u00fablica Checa\" data-id=\"1362\" width=\"702\" data-init-width=\"1000\" height=\"468\" data-init-height=\"667\" title=\"Terasa U Prince, Praga, Rep\u00fablica Checa\" loading=\"lazy\" src=\"https:\/\/praguetouristinformation.com\/es\/wp-content\/uploads\/2020\/11\/Terasa-U-Prince.jpg\" data-width=\"702\" data-height=\"468\" data-pin-media=\"https:\/\/praguetouristinformation.com\/es\/wp-content\/uploads\/2021\/01\/15.jpg\" data-pin-description=\"12 mejores miradores en Praga [con mapa] - 2022\" data-pin-url=\"https:\/\/praguetouristinformation.com\/es\/cosas-que-hacer\/puntos-de-vista?tve=true&amp;tcbf=5a48c4570a\" data-pinpro-key=\"zp24qsweu\"><\/span><\/p>\n<p>El caf\u00e9 de la azotea est\u00e1 ubicado en el techo del U Price Hotel y ofrece una vista fant\u00e1stica de Praga. El <a data-id=\"625\" data-type=\"page\" href=\"https:\/\/praguetouristinformation.com\/es\/cosas-que-hacer\/ciudad-vieja\/reloj-astronomico-del-ayuntamiento\" style=\"outline: none;\">reloj astron\u00f3mico<\/a> en la torre del <a data-id=\"628\" data-type=\"page\" href=\"https:\/\/praguetouristinformation.com\/es\/cosas-que-hacer\/ciudad-vieja\/ayuntamiento-viejo\" style=\"outline: none;\">Ayuntamiento Viejo<\/a> por un lado, el Castillo de Praga por el otro, la vista panor\u00e1mica es dif\u00edcil de superar.<\/p>\n<p>El Terasa U Prince est\u00e1 disponible para el p\u00fablico y no solo reservado para los hu\u00e9spedes del hotel.<\/p>\n<ul>\n<li><strong>Direcci\u00f3n: Hotel U Prince, Starom\u011bstsk\u00e9 n\u00e1m. 29, Star\u00e9 M\u011bsto, 110 00 Praga<\/strong><\/li>\n<\/ul>\n<h2 id=\"t-1670487494374\">12. Torre del Puente de la Ciudad Peque\u00f1a<\/h2>\n<p><span><img decoding=\"async\" alt=\"Torre del Puente de la Ciudad Peque\u00f1a, Praga, Rep\u00fablica Checa\" data-id=\"1363\" width=\"702\" data-init-width=\"1000\" height=\"468\" data-init-height=\"667\" title=\"Torre del Puente de la Ciudad Peque\u00f1a, Praga, Rep\u00fablica Checa\" loading=\"lazy\" src=\"https:\/\/praguetouristinformation.com\/es\/wp-content\/uploads\/2020\/11\/Kleinseitner-Brueckenturm.jpg\" data-width=\"702\" data-height=\"468\" data-pin-media=\"https:\/\/praguetouristinformation.com\/es\/wp-content\/uploads\/2021\/01\/15.jpg\" data-pin-description=\"12 mejores miradores en Praga [con mapa] - 2022\" data-pin-url=\"https:\/\/praguetouristinformation.com\/es\/cosas-que-hacer\/puntos-de-vista?tve=true&amp;tcbf=5a48c4570a\" data-pinpro-key=\"zd5eavauw\"><\/span><\/p>\n<p>La Torre del Puente de la Ciudad Peque\u00f1a en el Puente de <a data-id=\"664\" data-type=\"page\" href=\"https:\/\/praguetouristinformation.com\/es\/cosas-que-hacer\/puente-de-carlos\" style=\"outline: none;\">Carlos<\/a> est\u00e1 conectada a la antigua Torre Judith por una puerta y forma la entrada al Puente de Carlos desde la <a data-id=\"740\" data-type=\"page\" href=\"https:\/\/praguetouristinformation.com\/es\/cosas-que-hacer\/lado-pequeno\" style=\"outline: none;\">Ciudad Peque\u00f1a<\/a> .<\/p>\n<p>La torre tiene 45 metros de altura y se puede subir. El mirador tiene 26 metros de altura y ofrece una magn\u00edfica vista del Vltava y la ciudad.<\/p>\n<ul>\n<li><strong>Direcci\u00f3n: Puente de Carlos,&nbsp; <\/strong><strong>Karl\u016fv most, 110 00 Praga<\/strong><\/li>\n<\/ul>\n<p style=\"text-align: center;\"><a href=\"https:\/\/www.google.com\/maps\/d\/u\/1\/viewer?hl=en&amp;mid=1XyBMGolvsarwYZ1LBZWrQV2WZlQ7L_7U&amp;ll=50.07901632265927%2C14.411436250000008&amp;z=14\" target=\"_blank\" rel=\"noopener\">(enlace al mapa)<\/a><\/p>\n","protected":false},"excerpt":{"rendered":"<p>\u00bfQu\u00e9 miradores hay en Praga? Aqu\u00ed est\u00e1 nuestra respuesta con las vistas m\u00e1s hermosas del casco antiguo, los alrededores y el \u00e1rea metropolitana de Praga. Esto incluye la vista desde las vistas cl\u00e1sicas de Praga , as\u00ed como la vista de Praga desde las afueras de la ciudad. 1. Torre del Ayuntamiento La torre g\u00f3tica [&hellip;]<\/p>\n","protected":false},"author":6,"featured_media":1347,"parent":247,"menu_order":0,"comment_status":"closed","ping_status":"closed","template":"","meta":{"footnotes":""},"categories":[],"tags":[20,19],"class_list":["post-713","page","type-page","status-publish","has-post-thumbnail","hentry","tag-featured","tag-sehenswuerdigkeiten","post-wrapper","thrv_wrapper"],"_links":{"self":[{"href":"https:\/\/praguetouristinformation.com\/es\/wp-json\/wp\/v2\/pages\/713","targetHints":{"allow":["GET"]}}],"collection":[{"href":"https:\/\/praguetouristinformation.com\/es\/wp-json\/wp\/v2\/pages"}],"about":[{"href":"https:\/\/praguetouristinformation.com\/es\/wp-json\/wp\/v2\/types\/page"}],"author":[{"embeddable":true,"href":"https:\/\/praguetouristinformation.com\/es\/wp-json\/wp\/v2\/users\/6"}],"replies":[{"embeddable":true,"href":"https:\/\/praguetouristinformation.com\/es\/wp-json\/wp\/v2\/comments?post=713"}],"version-history":[{"count":6,"href":"https:\/\/praguetouristinformation.com\/es\/wp-json\/wp\/v2\/pages\/713\/revisions"}],"predecessor-version":[{"id":4729,"href":"https:\/\/praguetouristinformation.com\/es\/wp-json\/wp\/v2\/pages\/713\/revisions\/4729"}],"up":[{"embeddable":true,"href":"https:\/\/praguetouristinformation.com\/es\/wp-json\/wp\/v2\/pages\/247"}],"wp:featuredmedia":[{"embeddable":true,"href":"https:\/\/praguetouristinformation.com\/es\/wp-json\/wp\/v2\/media\/1347"}],"wp:attachment":[{"href":"https:\/\/praguetouristinformation.com\/es\/wp-json\/wp\/v2\/media?parent=713"}],"wp:term":[{"taxonomy":"category","embeddable":true,"href":"https:\/\/praguetouristinformation.com\/es\/wp-json\/wp\/v2\/categories?post=713"},{"taxonomy":"post_tag","embeddable":true,"href":"https:\/\/praguetouristinformation.com\/es\/wp-json\/wp\/v2\/tags?post=713"}],"curies":[{"name":"wp","href":"https:\/\/api.w.org\/{rel}","templated":true}]}}