{"id":692,"date":"2020-10-12T14:35:31","date_gmt":"2020-10-12T14:35:31","guid":{"rendered":"https:\/\/praguetouristinformation.com\/es\/?page_id=692"},"modified":"2023-05-03T07:29:04","modified_gmt":"2023-05-03T07:29:04","slug":"rosenberg","status":"publish","type":"page","link":"https:\/\/praguetouristinformation.com\/es\/cosas-que-hacer\/castillo\/rosenberg","title":{"rendered":"Gu\u00eda del Palacio de Rosenberg: Exposici\u00f3n, entradas e historia"},"content":{"rendered":"<h3 id=\"t-1670604451212\">El Palacio Rosenberg en el Castillo de Praga es un antiguo monasterio para mujeres nobles.<\/h3>\n<p>Fundado a instancias de la emperatriz Mar\u00eda Teresa, el monasterio se dedic\u00f3 a la educaci\u00f3n de las hijas de familias nobles mayores de 23 a\u00f1os.<\/p>\n<p>En esta gu\u00eda del Palacio de Rosenberg, aprender\u00e1 todo sobre los lugares de inter\u00e9s, la historia e informaci\u00f3n \u00fatil sobre c\u00f3mo llegar, boletos y recorridos.<\/p>\n<h2 id=\"t-1670604451213\">\u00bfQu\u00e9 puedo hacer en el Palacio de Rosenberg?<\/h2>\n<p><span><img decoding=\"async\" alt=\"\" data-id=\"4130\" width=\"735\" data-init-width=\"1000\" height=\"490\" data-init-height=\"667\" title=\"Palacio Rosenberg Praga Rep\u00fablica Checa\" loading=\"lazy\" src=\"https:\/\/praguetouristinformation.com\/es\/wp-content\/uploads\/2022\/12\/Rosenberg-Palace-Prague-Czech-Republic.jpg\" data-width=\"735\" data-height=\"490\" data-pin-media=\"https:\/\/praguetouristinformation.com\/es\/wp-content\/uploads\/2021\/03\/prag_juedisches_viertel_pinterest-2.jpg\" data-pin-description=\"Der Rosenberg Palast in Prag\" data-pin-url=\"https:\/\/praguetouristinformation.com\/es\/cosas-que-hacer\/castillo\/rosenberg?tve=true&amp;tcbf=3c0ae20cee\" data-pinpro-key=\"7tpoilmaq\"><\/span><\/p>\n<p>El Palacio Rosenberg, que fue construido por la familia noble Rosenberg en el siglo XVI, una vez asignado como monasterio para damas nobles.<\/p>\n<h3><span style=\"color: var(--tcb-skin-color-4); font-family: Literata; font-size: 24px; font-weight: var(--g-bold-weight,bold);\">exhibici\u00f3n permanente<\/span><\/h3>\n<p>Hoy, los visitantes pueden visitar las salas del palacio renacentista en la exposici\u00f3n permanente. Dado que el palacio apenas ha cambiado desde que se convirti\u00f3 en un monasterio, ofrece una visi\u00f3n interesante del antiguo monasterio de mujeres y se destaca entre los lugares de inter\u00e9s de <a data-id=\"247\" data-type=\"page\" href=\"https:\/\/praguetouristinformation.com\/es\/cosas-que-hacer\" style=\"outline: none;\">Praga<\/a> .<\/p>\n<p>Puedes visitar las habitaciones de las hijas nobles, que se alojaban en la 1\u00aa y 2\u00aa planta del palacio. El apartamento de la abadesa, las salas sociales, la sala capitular, el coro y las instalaciones econ\u00f3micas formaban otra parte.<\/p>\n<p>Particularmente digno de ver es la capilla barroca de la Sant\u00edsima Trinidad y la Inmaculada Concepci\u00f3n de la Virgen Mar\u00eda. Magn\u00edficos murales de Josef Hager y Jan Petr Molitor adornan la iglesia.<\/p>\n<p>La pieza central es el magn\u00edfico Rosenberg Hall reconstruido, que data del per\u00edodo del Renacimiento.<\/p>\n<h2 id=\"t-1670604451214\">Entradas, entradas y visitas guiadas<\/h2>\n<ul>\n<li><strong>Entradas:&nbsp;<\/strong> La entrada est\u00e1 incluida en el Tour A del Castillo de Praga.<\/li>\n<li><strong>Visitas guiadas: Visita tur\u00edstica<\/strong> al Castillo de Praga A incluye las siguientes atracciones: Antiguo Palacio Real, exposici\u00f3n Historia del Castillo de Praga, Bas\u00edlica de San Jorge, Callejuela Dorada, Catedral de San Vito, Palacio Rosenberg<\/li>\n<li><strong>Consejo:<\/strong> Dado que siempre hay mucho ajetreo frente a los mostradores de boletos en el sitio, es recomendable comprar un boleto en l\u00ednea con anticipaci\u00f3n. Puedes saber m\u00e1s sobre las entradas <a href=\"https:\/\/www.lobkowicz.cz\/en\/visit\" target=\"_blank\" style=\"outline: none;\" rel=\"noopener\">aqu\u00ed<\/a> .<\/li>\n<li><strong>Tenga en cuenta:<\/strong> hay un control de seguridad en la entrada a los terrenos del Castillo de Praga, que todos los visitantes deben pasar.<\/li>\n<\/ul>\n<h2 id=\"t-1670604451215\">\u00bfC\u00f3mo llego al Palacio Rosenberg?<\/h2>\n<p>El Palacio de Rosenberg est\u00e1 ubicado en <a href=\"https:\/\/praguetouristinformation.com\/es\/cosas-que-hacer\/castillo\" style=\"outline: none;\">el Castillo de Praga<\/a> , que se encuentra en una colina en el centro de Praga. El palacio est\u00e1 ubicado en el sureste del Castillo de Praga.<\/p>\n<p>La forma m\u00e1s f\u00e1cil de llegar al castillo es en <a data-id=\"775\" data-type=\"page\" href=\"https:\/\/praguetouristinformation.com\/es\/plan\/transporte-publico\" style=\"outline: none;\">transporte p\u00fablico<\/a> , tomando la l\u00ednea 22 del tranv\u00eda. Esto le lleva desde el casco antiguo hasta la parada \u00abPra\u017esk\u00fd hrad\u00bb (Castillo de Praga).<\/p>\n<p><span style=\"color: var(--tcb-skin-color-4); font-family: Literata; font-size: 26px; font-weight: var(--g-bold-weight,bold);\">Historia del Palacio Rosenberg<\/span><\/p>\n<p><span><img decoding=\"async\" alt=\"\" data-id=\"4131\" width=\"735\" data-init-width=\"1000\" height=\"490\" data-init-height=\"667\" title=\"Palacio Rosenberg Praga Rep\u00fablica Checa\" loading=\"lazy\" src=\"https:\/\/praguetouristinformation.com\/es\/wp-content\/uploads\/2022\/12\/Rosenberg-Palace-Prague-Czech-Republic1.jpg\" data-width=\"735\" data-height=\"490\" data-pin-media=\"https:\/\/praguetouristinformation.com\/es\/wp-content\/uploads\/2021\/03\/prag_juedisches_viertel_pinterest-2.jpg\" data-pin-description=\"Der Rosenberg Palast in Prag\" data-pin-url=\"https:\/\/praguetouristinformation.com\/es\/cosas-que-hacer\/castillo\/rosenberg?tve=true&amp;tcbf=3c0ae20cee\" data-pinpro-key=\"wg4ejoaug\"><\/span><\/p>\n<p>La historia del Palacio Rosenberg se remonta al siglo XIV, cuando ya hab\u00eda algunas casas en el sitio.<\/p>\n<p>Despu\u00e9s de un devastador incendio en 1541, en el que se quem\u00f3 el Castillo de Praga, estas casas tambi\u00e9n sufrieron graves da\u00f1os. Como resultado, los Se\u00f1ores de Rosenberg hicieron construir un impresionante palacio de estilo renacentista entre 1545 y 1574.<\/p>\n<p>A principios del siglo XVII, el emperador Rodolfo II compr\u00f3 el palacio magn\u00edficamente amueblado y lo conect\u00f3 con el palacio real adyacente.<\/p>\n<p>Despu\u00e9s de que la emperatriz Mar\u00eda Teresa fundara el monasterio para damas nobles en 1753, hizo remodelar la residencia. Unas 30 mujeres pod\u00edan vivir en el monasterio, que estaba destinado a hijas de familias nobles mayores de 24 a\u00f1os.<\/p>\n<p>Una archiduquesa soltera de la familia Habsburgo-Lorena, que ostentaba el t\u00edtulo de abadesa, asumi\u00f3 la direcci\u00f3n. La primera abadesa fue la archiduquesa Mar\u00eda Ana, hija de la emperatriz Mar\u00eda Teresa.&nbsp;<\/p>\n<p>Tras el final de la Primera Guerra Mundial, el monasterio fue disuelto y perteneci\u00f3 al Ministerio del Interior hasta 1990. De 1996 a 2007 se reconstruy\u00f3 el Palacio Rosenberg. Desde 2010, el palacio ha brillado en su antiguo esplendor y una vez m\u00e1s est\u00e1 abierto al p\u00fablico como parte de la gira A del Castillo de Praga.<\/p>\n<h2 id=\"t-1670604451217\">Contacto<\/h2>\n<ul>\n<li><strong>Direcci\u00f3n:&nbsp;<\/strong> Palacio Rosenberg, Pra\u017esk\u00fd hrad, 119 01 Praha 1 \u2013 Hrad\u010dany<\/li>\n<li><strong>Transporte p\u00fablico:<\/strong> l\u00ednea de tranv\u00eda 22 hasta \u00abPra\u017esk\u00fd hrad\u00bb<\/li>\n<li><strong>Horario<\/strong> de apertura : para conocer los horarios de apertura del Palacio Rosenberg, consulte el <a href=\"https:\/\/www.hrad.cz\/en\/prague-castle-for-visitors\" target=\"_blank\" style=\"outline: none;\" rel=\"noopener\">sitio web<\/a> del Castillo de Praga .<\/li>\n<\/ul>\n","protected":false},"excerpt":{"rendered":"<p>El Palacio Rosenberg en el Castillo de Praga es un antiguo monasterio para mujeres nobles. Fundado a instancias de la emperatriz Mar\u00eda Teresa, el monasterio se dedic\u00f3 a la educaci\u00f3n de las hijas de familias nobles mayores de 23 a\u00f1os. En esta gu\u00eda del Palacio de Rosenberg, aprender\u00e1 todo sobre los lugares de inter\u00e9s, la [&hellip;]<\/p>\n","protected":false},"author":6,"featured_media":1751,"parent":738,"menu_order":0,"comment_status":"closed","ping_status":"closed","template":"","meta":{"footnotes":""},"categories":[],"tags":[22,19],"class_list":["post-692","page","type-page","status-publish","has-post-thumbnail","hentry","tag-museum","tag-sehenswuerdigkeiten","post-wrapper","thrv_wrapper"],"_links":{"self":[{"href":"https:\/\/praguetouristinformation.com\/es\/wp-json\/wp\/v2\/pages\/692","targetHints":{"allow":["GET"]}}],"collection":[{"href":"https:\/\/praguetouristinformation.com\/es\/wp-json\/wp\/v2\/pages"}],"about":[{"href":"https:\/\/praguetouristinformation.com\/es\/wp-json\/wp\/v2\/types\/page"}],"author":[{"embeddable":true,"href":"https:\/\/praguetouristinformation.com\/es\/wp-json\/wp\/v2\/users\/6"}],"replies":[{"embeddable":true,"href":"https:\/\/praguetouristinformation.com\/es\/wp-json\/wp\/v2\/comments?post=692"}],"version-history":[{"count":11,"href":"https:\/\/praguetouristinformation.com\/es\/wp-json\/wp\/v2\/pages\/692\/revisions"}],"predecessor-version":[{"id":4750,"href":"https:\/\/praguetouristinformation.com\/es\/wp-json\/wp\/v2\/pages\/692\/revisions\/4750"}],"up":[{"embeddable":true,"href":"https:\/\/praguetouristinformation.com\/es\/wp-json\/wp\/v2\/pages\/738"}],"wp:featuredmedia":[{"embeddable":true,"href":"https:\/\/praguetouristinformation.com\/es\/wp-json\/wp\/v2\/media\/1751"}],"wp:attachment":[{"href":"https:\/\/praguetouristinformation.com\/es\/wp-json\/wp\/v2\/media?parent=692"}],"wp:term":[{"taxonomy":"category","embeddable":true,"href":"https:\/\/praguetouristinformation.com\/es\/wp-json\/wp\/v2\/categories?post=692"},{"taxonomy":"post_tag","embeddable":true,"href":"https:\/\/praguetouristinformation.com\/es\/wp-json\/wp\/v2\/tags?post=692"}],"curies":[{"name":"wp","href":"https:\/\/api.w.org\/{rel}","templated":true}]}}