{"id":690,"date":"2020-10-08T12:37:18","date_gmt":"2020-10-08T12:37:18","guid":{"rendered":"https:\/\/praguetouristinformation.com\/es\/?page_id=690"},"modified":"2023-05-03T07:27:07","modified_gmt":"2023-05-03T07:27:07","slug":"basilica-de-san-jorge","status":"publish","type":"page","link":"https:\/\/praguetouristinformation.com\/es\/cosas-que-hacer\/castillo\/basilica-de-san-jorge","title":{"rendered":"Gu\u00eda de la Bas\u00edlica de San Jorge en el Castillo de Praga: Informaci\u00f3n, historia, entradas"},"content":{"rendered":"<h3 id=\"t-1670573997944\">La Bas\u00edlica de San Jorge de 920 es la segunda iglesia m\u00e1s antigua de Praga.<\/h3>\n<p><span style=\"color: var(--tcb-skin-color-4); font-weight: var(--g-regular-weight,normal);\">La Bas\u00edlica de San Jorge con el monasterio asociado es parte del Castillo de Praga y est\u00e1 dedicada a San Jorge.<\/span><\/p>\n<p>En esta gu\u00eda de la Bas\u00edlica de San Jorge, aprender\u00e1 todo sobre los lugares de inter\u00e9s, la historia e informaci\u00f3n \u00fatil sobre c\u00f3mo llegar, boletos y recorridos.<\/p>\n<h2 id=\"t-1670573997945\">\u00bfQu\u00e9 puedo hacer en la bas\u00edlica de San Jorge?<\/h2>\n<p><span><img decoding=\"async\" alt=\"\u00bfQu\u00e9 puedo hacer en la bas\u00edlica de San Jorge?\" data-id=\"1756\" width=\"702\" data-init-width=\"1000\" height=\"468\" data-init-height=\"667\" title=\"\u00bfQu\u00e9 puedo hacer en la bas\u00edlica de San Jorge?\" loading=\"lazy\" src=\"https:\/\/praguetouristinformation.com\/es\/wp-content\/uploads\/2020\/11\/Was-kann-ich-in-der-St.-Georgs-Basilika-machen.jpg\" data-width=\"702\" data-height=\"468\" data-pin-media=\"https:\/\/praguetouristinformation.com\/es\/wp-content\/uploads\/2021\/02\/30.jpg\" data-pin-description=\"St. Georgs Basilika in der Prager Burg: Infos &amp; Tickets 2022\" data-pin-url=\"https:\/\/praguetouristinformation.com\/es\/cosas-que-hacer\/castillo\/basilica-de-san-jorge?tve=true&amp;tcbf=3c0ae20cee\" data-pinpro-key=\"jahgcp4tl\"><\/span><\/p>\n<p>El edificio sacro es una de las partes m\u00e1s antiguas conservadas del&nbsp; <a data-id=\"738\" data-type=\"page\" href=\"https:\/\/praguetouristinformation.com\/es\/cosas-que-hacer\/castillo\" style=\"outline: none;\">Castillo de Praga<\/a> &nbsp;y, al mismo tiempo&nbsp; <span style=\"color: var(--tcb-skin-color-4); font-weight: var(--g-regular-weight,normal);\">, el edificio rom\u00e1nico mejor conservado de toda Bohemia. Por esta raz\u00f3n, se considera uno de los lugares de inter\u00e9s y monumentos rom\u00e1nicos m\u00e1s importantes&nbsp; <\/span><a data-id=\"247\" data-type=\"page\" href=\"https:\/\/praguetouristinformation.com\/es\/cosas-que-hacer\" style=\"font-weight: var(--g-regular-weight,normal); background-color: rgb(255, 255, 255); outline: none;\">de&nbsp; <\/a><span style=\"color: var(--tcb-skin-color-4); font-weight: var(--g-regular-weight,normal);\">la Rep\u00fablica Checa.<\/span><\/p>\n<p><span style=\"color: var(--tcb-skin-color-4); font-weight: var(--g-regular-weight,normal);\">Aqu\u00ed hay algunos aspectos destacados que no debe perderse:<\/span><\/p>\n<ul>\n<li><span style=\"color: var(--tcb-skin-color-4);\"><strong>Santuarios y Tumbas:<\/strong><\/span><span style=\"color: var(--tcb-skin-color-4); font-weight: var(--g-regular-weight,normal);\"> &nbsp;Debido a los santuarios y tumbas en su interior, la iglesia tiene una importancia hist\u00f3rica particular. Los restos de Santa Ludmila, la primera m\u00e1rtir de Bohemia, est\u00e1n enterrados en la <\/span><span style=\"color: var(--tcb-skin-color-4);\"><strong>Capilla g\u00f3tica de Ludmila<\/strong><\/span><span style=\"color: var(--tcb-skin-color-4); font-weight: var(--g-regular-weight,normal);\"> &nbsp;. Este es el principal atractivo para muchos visitantes. Tambi\u00e9n vale la pena mencionar los <\/span><span style=\"color: var(--tcb-skin-color-4);\"><strong>santuarios de Boleslao II<\/strong><\/span><span style=\"color: var(--tcb-skin-color-4); font-weight: var(--g-regular-weight,normal);\"> . y el <\/span><span style=\"color: var(--tcb-skin-color-4);\"><strong>fundador de la iglesia Vratislav I<\/strong><\/span><span style=\"color: var(--tcb-skin-color-4); font-weight: var(--g-regular-weight,normal);\"> , ubicado en la nave principal.<\/span><\/li>\n<li><strong>Interior:<\/strong> Los visitantes tambi\u00e9n pueden admirar el interior \u00fanico, que impresiona por su sencillez y monumentalidad. Esto contrasta con los <strong>preciosos <\/strong><strong>frescos<\/strong> que adornan la c\u00fapula y las intrincadas <strong>decoraciones <\/strong><strong>del altar<\/strong> .<\/li>\n<li><strong>Capilla de San Juan de Nepomuceno:<\/strong> La capilla barroca de San Juan de Nepomuceno alberga la notable <strong>estatua de San Juan de Nepomuceno<\/strong> , dise\u00f1ada por el escultor Ferdinand Maximilian Brokoff.<\/li>\n<li><strong>Colecci\u00f3n de Arte Checo:<\/strong> Hoy en d\u00eda, la Bas\u00edlica alberga la Colecci\u00f3n de Arte Checo de la Galer\u00eda Nacional.<\/li>\n<li><span style=\"color: var(--tcb-skin-color-4);\"><strong>Monasterio benedictino:<\/strong><\/span><span style=\"color: var(--tcb-skin-color-4); font-weight: var(--g-regular-weight,normal);\"> Tambi\u00e9n cabe destacar el monasterio benedictino del mismo nombre, que se encuentra justo <\/span><span style=\"color: var(--tcb-skin-color-4);\"><strong>al lado de la bas\u00edlica<\/strong><\/span><span style=\"color: var(--tcb-skin-color-4); font-weight: var(--g-regular-weight,normal);\"> . Durante muchos siglos fue considerado uno de los monasterios m\u00e1s importantes de Bohemia. Hoy, sin embargo, ya no est\u00e1 activo.<\/span><\/li>\n<\/ul>\n<h2 id=\"t-1670573997946\" data-alt-text=\"Eintritt, Tickets und F\u00fchrungen \">Entrada, entradas y visitas guiadas a la bas\u00edlica de San Jorge<\/h2>\n<p><span><img decoding=\"async\" alt=\"Entradas, entradas y visitas guiadas\" data-id=\"1757\" width=\"702\" data-init-width=\"1000\" height=\"468\" data-init-height=\"667\" title=\"Entrada, entradas y visitas guiadas a la bas\u00edlica de San Jorge\" loading=\"lazy\" src=\"https:\/\/praguetouristinformation.com\/es\/wp-content\/uploads\/2020\/11\/Eintritt-Tickets-und-Fuehrungen-6.jpg\" data-width=\"702\" data-height=\"468\" data-pin-media=\"https:\/\/praguetouristinformation.com\/es\/wp-content\/uploads\/2021\/02\/30.jpg\" data-pin-description=\"St. Georgs Basilika in der Prager Burg: Infos &amp; Tickets 2022\" data-pin-url=\"https:\/\/praguetouristinformation.com\/es\/cosas-que-hacer\/castillo\/basilica-de-san-jorge?tve=true&amp;tcbf=3c0ae20cee\" data-pinpro-key=\"orcdcdgry\"><\/span><\/p>\n<ul>\n<li><strong>Entrada:&nbsp;<\/strong> la bas\u00edlica de San Jorge se encuentra en el Castillo de Praga y se puede visitar con una entrada normal al Castillo de Praga. <strong>Tenga en cuenta:<\/strong> hay un control de seguridad en la entrada a los terrenos del Castillo de Praga, que todos los visitantes deben pasar.<\/li>\n<li><strong>Entradas:<\/strong> La entrada a la Bas\u00edlica de San Jorge est\u00e1 incluida en la entrada al Castillo de Praga. El billete es v\u00e1lido durante dos d\u00edas consecutivos. Sin embargo, cada atracci\u00f3n solo se puede visitar una vez. \u00a1 Compre su <a href=\"https:\/\/www.getyourguide.de\/prager-burg-l2720\/prag-prager-burg-ticket-t406279\/?partner_id=0F6NPGN&amp;utm_medium=suppliers&amp;placement=%22other%22&amp;cmp=Prag\" rel=\"nofollow noopener\" target=\"_blank\" style=\"outline: none;\"><strong>entrada al Castillo de Praga por adelantado aqu\u00ed<\/strong><\/a> y salte la fila!<\/li>\n<li><strong>Visita guiada<\/strong> : Varios organizadores ofrecen visitas guiadas por el Castillo de Praga. Reserve&nbsp; aqu\u00ed <a data-lt-tmp-id=\"lt-813471\" href=\"https:\/\/www.getyourguide.de\/altstadter-ring-l4827\/prager-burg-25-stundige-fuhrung-mit-eintrittskarte-t50046\/?partner_id=0F6NPGN&amp;utm_medium=suppliers&amp;placement=%22other%22&amp;cmp=Prag\" rel=\"nofollow noopener\" spellcheck=\"false\" target=\"_blank\" style=\"outline: none;\"><strong>la visita guiada m\u00e1s popular del Castillo de Praga,&nbsp;<\/strong> incluida la entrada<\/a> &nbsp;(tambi\u00e9n disponible en alem\u00e1n).<\/li>\n<li><strong>Consejo:<\/strong> &nbsp;dado que hay mucha gente frente a los mostradores de boletos en el lugar, incluso fuera de temporada, se recomienda&nbsp; comprar un <a href=\"https:\/\/www.getyourguide.de\/prager-burg-l2720\/prag-prager-burg-ticket-t406279\/?partner_id=0F6NPGN&amp;utm_medium=suppliers&amp;placement=%22other%22&amp;cmp=Prag\" rel=\"nofollow noopener\" target=\"_blank\" style=\"outline: none;\">boleto en l\u00ednea&nbsp; con anticipaci\u00f3n.<\/a><\/li>\n<\/ul>\n<h2 id=\"t-1670573997947\">\u00bfC\u00f3mo llego a la bas\u00edlica de San Jorge?<\/h2>\n<p><span><img decoding=\"async\" alt=\"C\u00f3mo llegar a la bas\u00edlica de San Jorge\" data-id=\"1758\" width=\"702\" data-init-width=\"1000\" height=\"468\" data-init-height=\"667\" title=\"C\u00f3mo llegar a la bas\u00edlica de San Jorge\" loading=\"lazy\" src=\"https:\/\/praguetouristinformation.com\/es\/wp-content\/uploads\/2020\/11\/Wie-komme-ich-zur-St.-Georgs-Basilika.jpg\" data-width=\"702\" data-height=\"468\" data-pin-media=\"https:\/\/praguetouristinformation.com\/es\/wp-content\/uploads\/2021\/02\/30.jpg\" data-pin-description=\"St. Georgs Basilika in der Prager Burg: Infos &amp; Tickets 2022\" data-pin-url=\"https:\/\/praguetouristinformation.com\/es\/cosas-que-hacer\/castillo\/basilica-de-san-jorge?tve=true&amp;tcbf=3c0ae20cee\" data-pinpro-key=\"pc1va604e\"><\/span><\/p>\n<p>La Bas\u00edlica de San Jorge se encuentra en el Castillo de Praga, que se encuentra en una colina en el centro de Praga. La bas\u00edlica se puede encontrar al este de <a data-id=\"678\" data-type=\"page\" href=\"https:\/\/praguetouristinformation.com\/es\/cosas-que-hacer\/castillo\/catedral-de-san-vito\" style=\"outline: none;\">la Catedral de San Vito&nbsp;<\/a> en Georgsplatz.<\/p>\n<p>La forma m\u00e1s f\u00e1cil de llegar al castillo es en <a href=\"https:\/\/praguetouristinformation.com\/es\/plan\/transporte-publico\" style=\"outline: none;\">transporte p\u00fablico<\/a> , tomando la l\u00ednea 22 del tranv\u00eda. Esto lo lleva desde el casco antiguo de Praga hasta la parada \u00abPra\u017esk\u00fd hrad\u00bb (Castillo de Praga).<\/p>\n<h2 id=\"t-1670573997950\" data-alt-text=\"Geschichte \"><span style=\"color: var(--tcb-skin-color-4); font-family: Literata; font-size: 26px; font-weight: var(--g-bold-weight,bold);\">Historia de la bas\u00edlica de San Jorge<\/span><\/h2>\n<p><span><img decoding=\"async\" alt=\"Historia\" data-id=\"1759\" width=\"702\" data-init-width=\"1000\" height=\"468\" data-init-height=\"667\" title=\"Historia\" loading=\"lazy\" src=\"https:\/\/praguetouristinformation.com\/es\/wp-content\/uploads\/2020\/11\/Geschichte-4.jpg\" data-width=\"702\" data-height=\"468\" data-pin-media=\"https:\/\/praguetouristinformation.com\/es\/wp-content\/uploads\/2021\/02\/30.jpg\" data-pin-description=\"St. Georgs Basilika in der Prager Burg: Infos &amp; Tickets 2022\" data-pin-url=\"https:\/\/praguetouristinformation.com\/es\/cosas-que-hacer\/castillo\/basilica-de-san-jorge?tve=true&amp;tcbf=3c0ae20cee\" data-pinpro-key=\"sb9luny1w\"><\/span><\/p>\n<p>La Bas\u00edlica de San Jorge fue construida en el a\u00f1o 920 como el segundo edificio de la iglesia en el Castillo de Praga. El edificio sagrado rom\u00e1nico fue fundado a instancias del pr\u00edncipe Vratislav I y ampliado en 973 por el monasterio benedictino del mismo nombre. Solo han sobrevivido los muros de cimentaci\u00f3n del edificio original.<\/p>\n<p>Despu\u00e9s de un incendio en 1142, la iglesia fue reconstruida. Durante esta reconstrucci\u00f3n adquiri\u00f3 su aspecto rom\u00e1nico actual con el \u00e1bside principal y dos torres. A lo largo de los siglos, se a\u00f1adieron la Capilla de Santa Ludmila, el p\u00f3rtico de entrada en el lado oeste, la fachada barroca y la Capilla de San Juan Nepomuceno.<\/p>\n<p>La iglesia fue renovada entre 1887 y 1908 despu\u00e9s de que los soldados la da\u00f1aran gravemente mientras permanec\u00edan en el monasterio. Se dio gran importancia a la restauraci\u00f3n de la forma rom\u00e1nica de la bas\u00edlica.<\/p>\n<p>En la actualidad, la bas\u00edlica de San Jorge alberga la exposici\u00f3n de arte bohemio antiguo de la Galer\u00eda Nacional. Ocasionalmente se llevan a cabo conciertos en las instalaciones de la iglesia.<\/p>\n<h2 id=\"t-1670573997949\">Contacto<\/h2>\n<ul>\n<li><strong>Direcci\u00f3n:&nbsp;<\/strong> Ji\u0159sk\u00e9 n\u00e1m\u011bst\u00ed, Pra\u017esk\u00fd hrad, 119 01 Praha 1 &#8211; Hrad\u010dany<\/li>\n<li><strong>Transporte p\u00fablico:<\/strong> l\u00ednea de tranv\u00eda 22 hasta \u00abPra\u017esk\u00fd hrad\u00bb<\/li>\n<li><strong>Horario<\/strong> de apertura : Para conocer los horarios de apertura de la Bas\u00edlica de San Jorge, visite el <a href=\"https:\/\/www.hrad.cz\/en\/prague-castle-for-visitors\" target=\"_blank\" style=\"outline: none;\" rel=\"noopener\">sitio web<\/a> del Castillo de Praga .<strong><\/strong><\/li>\n<li><strong>Sitio web:&nbsp; <\/strong><a href=\"https:\/\/www.hrad.cz\/en\/prague-castle-for-visitors#from-list\" style=\"outline: none;\" data-lt-tmp-id=\"lt-542796\" spellcheck=\"false\" target=\"_blank\" rel=\"noopener\">Bas\u00edlica de San Jorge en el Castillo de Praga<\/a><a href=\"https:\/\/www.hrad.cz\/de\/prager-burg-fur-besucher\/besucherobjekte\/die-st.-georgsbasilika-11463#from-list\" style=\"outline: none;\" data-lt-tmp-id=\"lt-542796\" spellcheck=\"false\" target=\"_blank\" rel=\"noopener\"><\/a><\/li>\n<\/ul>\n","protected":false},"excerpt":{"rendered":"<p>La Bas\u00edlica de San Jorge de 920 es la segunda iglesia m\u00e1s antigua de Praga. La Bas\u00edlica de San Jorge con el monasterio asociado es parte del Castillo de Praga y est\u00e1 dedicada a San Jorge. En esta gu\u00eda de la Bas\u00edlica de San Jorge, aprender\u00e1 todo sobre los lugares de inter\u00e9s, la historia e [&hellip;]<\/p>\n","protected":false},"author":6,"featured_media":1754,"parent":738,"menu_order":0,"comment_status":"open","ping_status":"closed","template":"","meta":{"footnotes":""},"categories":[],"tags":[25],"class_list":["post-690","page","type-page","status-publish","has-post-thumbnail","hentry","tag-sehenswuerdigkeit","post-wrapper","thrv_wrapper"],"_links":{"self":[{"href":"https:\/\/praguetouristinformation.com\/es\/wp-json\/wp\/v2\/pages\/690","targetHints":{"allow":["GET"]}}],"collection":[{"href":"https:\/\/praguetouristinformation.com\/es\/wp-json\/wp\/v2\/pages"}],"about":[{"href":"https:\/\/praguetouristinformation.com\/es\/wp-json\/wp\/v2\/types\/page"}],"author":[{"embeddable":true,"href":"https:\/\/praguetouristinformation.com\/es\/wp-json\/wp\/v2\/users\/6"}],"replies":[{"embeddable":true,"href":"https:\/\/praguetouristinformation.com\/es\/wp-json\/wp\/v2\/comments?post=690"}],"version-history":[{"count":13,"href":"https:\/\/praguetouristinformation.com\/es\/wp-json\/wp\/v2\/pages\/690\/revisions"}],"predecessor-version":[{"id":4748,"href":"https:\/\/praguetouristinformation.com\/es\/wp-json\/wp\/v2\/pages\/690\/revisions\/4748"}],"up":[{"embeddable":true,"href":"https:\/\/praguetouristinformation.com\/es\/wp-json\/wp\/v2\/pages\/738"}],"wp:featuredmedia":[{"embeddable":true,"href":"https:\/\/praguetouristinformation.com\/es\/wp-json\/wp\/v2\/media\/1754"}],"wp:attachment":[{"href":"https:\/\/praguetouristinformation.com\/es\/wp-json\/wp\/v2\/media?parent=690"}],"wp:term":[{"taxonomy":"category","embeddable":true,"href":"https:\/\/praguetouristinformation.com\/es\/wp-json\/wp\/v2\/categories?post=690"},{"taxonomy":"post_tag","embeddable":true,"href":"https:\/\/praguetouristinformation.com\/es\/wp-json\/wp\/v2\/tags?post=690"}],"curies":[{"name":"wp","href":"https:\/\/api.w.org\/{rel}","templated":true}]}}