{"id":685,"date":"2020-10-12T14:52:06","date_gmt":"2020-10-12T14:52:06","guid":{"rendered":"https:\/\/praguetouristinformation.com\/es\/?page_id=685"},"modified":"2023-05-03T07:24:31","modified_gmt":"2023-05-03T07:24:31","slug":"antiguo-palacio-real","status":"publish","type":"page","link":"https:\/\/praguetouristinformation.com\/es\/cosas-que-hacer\/castillo\/antiguo-palacio-real","title":{"rendered":"Antiguo Palacio Real en el Castillo de Praga: Gu\u00eda con informaci\u00f3n sobre lugares de inter\u00e9s, historia y entradas"},"content":{"rendered":"<h3 id=\"t-1670416140335\">El Antiguo Palacio Real fue la sede de los reyes checos hasta el siglo XVI.<\/h3>\n<p>El impresionante edificio con el famoso Vladislav Hall forma parte del complejo del <a href=\"https:\/\/praguetouristinformation.com\/es\/cosas-que-hacer\/castillo\" style=\"outline: none;\">Castillo de Praga<\/a> , s\u00edmbolo de la capital checa.<\/p>\n<p>En esta gu\u00eda completa del Antiguo Palacio Real, aprender\u00e1 todo sobre los lugares de inter\u00e9s, la historia e informaci\u00f3n \u00fatil sobre c\u00f3mo llegar, boletos y recorridos.<\/p>\n<p>\u00a1Empecemos!<\/p>\n<h2 id=\"t-1670416140336\">\u00bfQu\u00e9 puedo hacer en el Antiguo Palacio Real?<\/h2>\n<p><span><img decoding=\"async\" alt=\"\u00bfQu\u00e9 puedo hacer en el Antiguo Palacio Real?\" data-id=\"1735\" width=\"702\" data-init-width=\"1000\" height=\"468\" data-init-height=\"667\" title=\"\u00bfQu\u00e9 puedo hacer en el Antiguo Palacio Real?\" loading=\"lazy\" src=\"https:\/\/praguetouristinformation.com\/es\/wp-content\/uploads\/2020\/11\/Was-kann-ich-im-Alten-Koenigspalast-machen.jpg\" data-width=\"702\" data-height=\"468\" data-pin-media=\"https:\/\/praguetouristinformation.com\/es\/wp-content\/uploads\/2021\/02\/29.jpg\" data-pin-description=\"Alter K\u00f6nigspalast in der Prager Burg: Kompletter Guide 2022\" data-pin-url=\"https:\/\/praguetouristinformation.com\/es\/sehenswuerdigkeiten\/burg\/alter-konigspalast?tve=true&amp;tcbf=64a7f2c895\" data-pinpro-key=\"jtv17q96q\"><\/span><\/p>\n<p>En la antigua residencia de los pr\u00edncipes y reyes de Bohemia, los visitantes ahora pueden visitar numerosas salas magn\u00edficas y descubrir la exposici\u00f3n permanente sobre la historia del Castillo de Praga.<\/p>\n<p>Los siguientes aspectos destacados le esperan en el interior:<\/p>\n<ul>\n<li><strong>Vladislav Hall:<\/strong> El coraz\u00f3n y el punto culminante arquitect\u00f3nico del Antiguo Palacio Real es el impresionante Vladislav Hall de 60 metros de largo. Se utiliz\u00f3 con fines representativos, como ceremonias de coronaci\u00f3n, torneos de justas, bailes y banquetes. La sala monumental con el techo abovedado macizo todav\u00eda se usa hoy para ceremonias estatales.<\/li>\n<li><strong>Iglesia de Todos los Santos:<\/strong> La Iglesia de Todos los Santos del famoso maestro de obras Peter Parler reemplaza la capilla del palacio romanico de 1185. La iglesia sigue el modelo de la iglesia de la Sainte-Chapelle en Paris. Despu\u00e9s del incendio de 1541, la iglesia fue reconstruida en estilo renacentista y ampliada hasta la Sala Vladislav.<\/li>\n<li><strong>Landtagsaal:<\/strong> esta sala se obtuvo como sede del Tribunal Regional Supremo y del Landtag. Admira los retratos de los gobernantes Habsburgo que adornan las paredes.<\/li>\n<li><strong>Canciller\u00eda de Bohemia: los&nbsp;<\/strong> visitantes tambi\u00e9n deben ingresar a la infame c\u00e1mara donde tuvo lugar la Segunda Defenestraci\u00f3n de Praga de 1618. Es la trastienda de la Canciller\u00eda de Bohemia.<\/li>\n<li><strong>Ala Teresiana:<\/strong> El Ala Teresiana fue construida entre 1766 y 1768 bajo la emperatriz Maria Teresa. El ala estrecha relaci\u00f3n como conexi\u00f3n entre el ala Ludwig y el monasterio para damas nobles.<\/li>\n<li><strong><\/strong>Vista desde el balc\u00f3n <strong>: una vista impresionante de <\/strong><a data-id=\"713\" data-type=\"page\" href=\"https:\/\/praguetouristinformation.com\/es\/cosas-que-hacer\/puntos-de-vista\" style=\"outline: none;\">Praga<\/a> y el jard\u00edn Schanze espera a los visitantes desde el balc\u00f3n de observaci\u00f3n en el lado sur del Vladislav Hall.<\/li>\n<li><strong>Exposici\u00f3n permanente \u00abLa historia del Castillo de Praga\u00bb:&nbsp;<\/strong> La exposici\u00f3n presenta piezas originales de la colecci\u00f3n del castillo, as\u00ed como numerosas maquetas del Castillo de Praga. Los visitantes obtienen una visi\u00f3n profunda del desarrollo y la historia de la construcci\u00f3n del Castillo de Praga.<\/li>\n<\/ul>\n<h2 id=\"t-1670416140337\" data-alt-text=\"Eintritt, Tickets und F\u00fchrungen \">Entrada, entradas y visitas guiadas al Antiguo Palacio Real&nbsp;<\/h2>\n<p><span><img decoding=\"async\" alt=\"Entradas, entradas y visitas guiadas\" data-id=\"1736\" width=\"702\" data-init-width=\"1000\" height=\"468\" data-init-height=\"667\" title=\"Entradas, entradas y visitas guiadas\" loading=\"lazy\" src=\"https:\/\/praguetouristinformation.com\/es\/wp-content\/uploads\/2020\/11\/Eintritt-Tickets-und-Fuehrungen-5.jpg\" data-width=\"702\" data-height=\"468\" data-pin-media=\"https:\/\/praguetouristinformation.com\/es\/wp-content\/uploads\/2021\/02\/29.jpg\" data-pin-description=\"Alter K\u00f6nigspalast in der Prager Burg: Kompletter Guide 2022\" data-pin-url=\"https:\/\/praguetouristinformation.com\/es\/sehenswuerdigkeiten\/burg\/alter-konigspalast?tve=true&amp;tcbf=64a7f2c895\" data-pinpro-key=\"re8q9s5r1\"><\/span><\/p>\n<ul>\n<li><strong>Administraci\u00f3n:&nbsp;<\/strong> Es necesario llevar boleto de administraci\u00f3n para visitar el Antiguo Palacio Real. Tambi\u00e9n se requiere un boleto adicional para visitar la exposici\u00f3n permanente \u00abLa historia del Castillo de Praga\u00bb.&nbsp;<strong>Tenga en cuenta:<\/strong> hay un control de seguridad en la entrada al \u00e1rea del Castillo de Praga, que todos los visitantes deben pasar.<\/li>\n<li><strong>Entradas:&nbsp;<\/strong> La entrada al Antiguo Palacio Real esta incluida en la entrada al Castillo de Praga. El billete es v\u00e1lido durante dos d\u00edas consecutivos. Sin embargo, cada atracci\u00f3n solo se puede visitar una vez. Compra tu <a href=\"https:\/\/www.getyourguide.de\/prager-burg-l2720\/prag-prager-burg-ticket-t406279\/?partner_id=0F6NPGN&amp;utm_medium=suppliers&amp;placement=%22other%22&amp;cmp=Prag\" rel=\"nofollow noopener\" target=\"_blank\" style=\"outline: none;\"><strong>entrada al Castillo de Praga con antelaci\u00f3n aqu\u00ed<\/strong><\/a> y evita las colas.<a href=\"https:\/\/www.getyourguide.de\/prager-burg-l2720\/prag-prager-burg-ticket-t406279\/?partner_id=0F6NPGN&amp;utm_medium=suppliers&amp;placement=%22other%22&amp;cmp=Prag\" rel=\"nofollow noopener\" target=\"_blank\" style=\"outline: none;\"><strong><\/strong><\/a><\/li>\n<li><strong>Entrada para la exposici\u00f3n permanente La Historia del Castillo de Praga:<\/strong> Los visitantes que quieran visitar esta exposici\u00f3n permanente deben adquirir la entrada individual correspondiente.<\/li>\n<li><strong>Gu\u00eda<\/strong> de visitas : Varios organizadores ofrecen gu\u00edas de visitas por el Castillo de Praga. Reserve aqu\u00ed <a data-lt-tmp-id=\"lt-813471\" href=\"https:\/\/www.getyourguide.de\/altstadter-ring-l4827\/prager-burg-25-stundige-fuhrung-mit-eintrittskarte-t50046\/?partner_id=0F6NPGN&amp;utm_medium=suppliers&amp;placement=%22other%22&amp;cmp=Prag\" rel=\"nofollow noopener\" spellcheck=\"false\" target=\"_blank\" style=\"outline: none;\"><strong>la visita guiada m\u00e1s popular del Castillo de Praga,&nbsp;<\/strong> incluida la entrada<\/a> (tambi\u00e9n disponible en ingl\u00e9s).<\/li>\n<li><strong>Consejo:<\/strong> Dado que siempre hay mucho ajetreo frente a los mostradores de boletos en el sitio, es recomendable comprar un <a href=\"https:\/\/www.getyourguide.de\/prager-burg-l2720\/prag-prager-burg-ticket-t406279\/?partner_id=0F6NPGN&amp;utm_medium=suppliers&amp;placement=%22other%22&amp;cmp=Prag\" target=\"_blank\" rel=\"nofollow noopener\" style=\"outline: none;\">boleto en l\u00ednea para el Castillo de Praga con anticipaci\u00f3n.<\/a><\/li>\n<\/ul>\n<p><span style=\"color: var(--tcb-skin-color-4); font-family: Literata; font-size: 26px; font-weight: var(--g-bold-weight,bold);\">\u00bfC\u00f3mo llego al Antiguo Palacio Real?<\/span><\/p>\n<p><span><img decoding=\"async\" alt=\"C\u00f3mo llegar al Antiguo Palacio Real\" data-id=\"1737\" width=\"702\" data-init-width=\"1000\" height=\"468\" data-init-height=\"667\" title=\"C\u00f3mo llegar al Antiguo Palacio Real\" loading=\"lazy\" src=\"https:\/\/praguetouristinformation.com\/es\/wp-content\/uploads\/2020\/11\/Wie-komme-ich-zum-Alten-Koenigspalast.jpg\" data-width=\"702\" data-height=\"468\" data-pin-media=\"https:\/\/praguetouristinformation.com\/es\/wp-content\/uploads\/2021\/02\/29.jpg\" data-pin-description=\"Alter K\u00f6nigspalast in der Prager Burg: Kompletter Guide 2022\" data-pin-url=\"https:\/\/praguetouristinformation.com\/es\/sehenswuerdigkeiten\/burg\/alter-konigspalast?tve=true&amp;tcbf=64a7f2c895\" data-pinpro-key=\"q85w9pn7p\"><\/span><\/p>\n<p>El Antiguo Palacio Real se encuentra en el Castillo de Praga, que se encuentra en una colina en el centro de Praga. Est\u00e1 en el lado este del tercer patio.<\/p>\n<p>La forma m\u00e1s f\u00e1cil de llegar al castillo es en <a data-id=\"775\" data-type=\"page\" href=\"https:\/\/praguetouristinformation.com\/es\/plan\/transporte-publico\" style=\"outline: none;\">transporte p\u00fablico<\/a> , tomando la linea 22 del tranv\u00eda. Esto lo lleva desde el casco antiguo de Praga hasta la parada \u00abPra\u017esk\u00fd hrad\u00bb (Castillo de Praga).<\/p>\n<h2 id=\"t-1670416140339\" data-alt-text=\"Geschichte \">Historia del Antiguo Palacio Real<\/h2>\n<p><span><img decoding=\"async\" alt=\"Historia Antiguo Palacio Real\" data-id=\"1738\" width=\"702\" data-init-width=\"1000\" height=\"468\" data-init-height=\"667\" title=\"Historia Antiguo Palacio Real\" loading=\"lazy\" src=\"https:\/\/praguetouristinformation.com\/es\/wp-content\/uploads\/2020\/11\/Geschichte-des-Palasts.jpg\" data-width=\"702\" data-height=\"468\" style=\"\" data-pin-media=\"https:\/\/praguetouristinformation.com\/es\/wp-content\/uploads\/2021\/02\/29.jpg\" data-pin-description=\"Alter K\u00f6nigspalast in der Prager Burg: Kompletter Guide 2022\" data-pin-url=\"https:\/\/praguetouristinformation.com\/es\/sehenswuerdigkeiten\/burg\/alter-konigspalast?tve=true&amp;tcbf=64a7f2c895\" data-pinpro-key=\"sy2lro26l\"><\/span><\/p>\n<p>Los or\u00edgenes del Antiguo Palacio Real se remontan al siglo IX. En se momento, se construy\u00f3 por primera vez un asiento principesco dentro del Castillo de Praga, que consist\u00eda principalmente en madera.<\/p>\n<p>El Palacio Real de hoy est\u00e1 ubicado en el sitio del Palacio del Pr\u00edncipe romanico construido en el siglo XII por orden del Pr\u00edncipe Sob\u011bslav I. Los restos del Palacio de Sob\u011bslav se han conservado bajo tierra hasta el d\u00eda de hoy.<\/p>\n<p>En el siglo XIV, el edificio Sirvi\u00f3 como residencia imperial por primera vez bajo el emperador Carlos IV . Con la entrada del rey Vladislav en el Castillo de Praga en 1483, comenz\u00f3 la \u00faltima fase de reconstrucci\u00f3n del edificio. En este contexto, tambi\u00e9n es cierto de la imponente de Vladislav Hall.<\/p>\n<p>Despu\u00e9s del devastador incendio de 1541, gran parte del palacio, como la Iglesia de Todos los Santos y el Sal\u00f3n Vladislav, tuvieron que ser reconstruidos. Con la subida al trono y el posterior traslado de los Habsburgo a la parte occidental del castillo a mediados del siglo XVI, el Antiguo Palacio Real perdi\u00f3 su antigua importancia.<\/p>\n<p>Un evento hist\u00f3rico de gran alcance tuvo lugar en la Antigua Corte Real en 1618, cuando se convirti\u00f3 en el escenario de la Segunda Defenestraci\u00f3n de Praga.<\/p>\n<p>La sede del presidente checo se encuentra en el Antiguo Patio Real desde 1919. Hoy es uno de los <a data-id=\"247\" data-type=\"page\" href=\"https:\/\/praguetouristinformation.com\/es\/cosas-que-hacer\" style=\"outline: none;\">lugares m\u00e1s visitados de Praga<\/a> .<\/p>\n<h3 id=\"t-1670416140340\"><strong>Defenestraci\u00f3n de Praga<\/strong><\/h3>\n<p>El 23 de mayo de 1618 se produjo en el Antiguo Palacio Real un punto de inflexi\u00f3n decisivo en la historia europea.<\/p>\n<p>Despu\u00e9s de que aument\u00f3 la influencia de los cat\u00f3licos en la corte real y numerosos protestantes fueron despedidos de su servicio en la corte, los arist\u00f3cratas protestantes se dirigieron al emperador con una carta de protesta. Sin embargo, ignor\u00f3 la carta.<\/p>\n<p>Los enfurecidos protestantes checos entraron a la fuerza en el Castillo de Praga y arrojaron por la ventana a los gobernadores cat\u00f3licos del emperador Habsburgo y al secretario de la canciller\u00eda.<\/p>\n<p>Este evento hist\u00f3rico, tambi\u00e9n conocido como la Segunda Defenestraci\u00f3n de Praga, desencaden\u00f3 la Guerra de los Treinta A\u00f1os.<\/p>\n<h2 id=\"t-1670416140341\">Contacto<\/h2>\n<ul>\n<li><strong>Direcci\u00f3n:&nbsp;<\/strong> Antiguo Palacio Real, Pra\u017esk\u00fd hrad, 119 01 Praha 1 \u2013 Hrad\u010dany<\/li>\n<li><strong style=\"color: var(--tcb-skin-color-4);\">Transporte p\u00fablico: <\/strong><span style=\"color: var(--tcb-skin-color-4); font-weight: var(--g-regular-weight,normal);\">l\u00ednea de tranv\u00eda 22 hasta \u00abPra\u017esk\u00fd hrad\u00bb<\/span><\/li>\n<li><strong>Horario de apertura: Consulte el <\/strong><a data-id=\"https:\/\/www.hrad.cz\/de\/prager-burg-fur-besucher\/offnungszeiten\" data-type=\"URL\" href=\"https:\/\/www.hrad.cz\/en\/prague-castle-for-visitors\" target=\"_blank\" style=\"outline: none;\" rel=\"noopener\">sitio web<\/a> del Castillo de Praga para conocer los horarios de apertura del Antiguo Palacio Real .<\/li>\n<li><strong>Sitio web:&nbsp; <\/strong><a href=\"https:\/\/www.hrad.cz\/en\/prague-castle-for-visitors#from-list\" style=\"outline: none;\" target=\"_blank\" rel=\"noopener\">Antiguo Palacio Real de Praga<\/a><a href=\"https:\/\/www.hrad.cz\/de\/prager-burg-fur-besucher\/besucherobjekte\/alter-konigspalast-11460#from-list\" style=\"outline: none;\" target=\"_blank\" rel=\"noopener\"><\/a><\/li>\n<\/ul>\n","protected":false},"excerpt":{"rendered":"<p>El Antiguo Palacio Real fue la sede de los reyes checos hasta el siglo XVI. El impresionante edificio con el famoso Vladislav Hall forma parte del complejo del Castillo de Praga , s\u00edmbolo de la capital checa. En esta gu\u00eda completa del Antiguo Palacio Real, aprender\u00e1 todo sobre los lugares de inter\u00e9s, la historia e [&hellip;]<\/p>\n","protected":false},"author":6,"featured_media":1733,"parent":738,"menu_order":0,"comment_status":"open","ping_status":"closed","template":"","meta":{"footnotes":""},"categories":[],"tags":[22,19,24],"class_list":["post-685","page","type-page","status-publish","has-post-thumbnail","hentry","tag-museum","tag-sehenswuerdigkeiten","tag-top-10","post-wrapper","thrv_wrapper"],"_links":{"self":[{"href":"https:\/\/praguetouristinformation.com\/es\/wp-json\/wp\/v2\/pages\/685","targetHints":{"allow":["GET"]}}],"collection":[{"href":"https:\/\/praguetouristinformation.com\/es\/wp-json\/wp\/v2\/pages"}],"about":[{"href":"https:\/\/praguetouristinformation.com\/es\/wp-json\/wp\/v2\/types\/page"}],"author":[{"embeddable":true,"href":"https:\/\/praguetouristinformation.com\/es\/wp-json\/wp\/v2\/users\/6"}],"replies":[{"embeddable":true,"href":"https:\/\/praguetouristinformation.com\/es\/wp-json\/wp\/v2\/comments?post=685"}],"version-history":[{"count":4,"href":"https:\/\/praguetouristinformation.com\/es\/wp-json\/wp\/v2\/pages\/685\/revisions"}],"predecessor-version":[{"id":4745,"href":"https:\/\/praguetouristinformation.com\/es\/wp-json\/wp\/v2\/pages\/685\/revisions\/4745"}],"up":[{"embeddable":true,"href":"https:\/\/praguetouristinformation.com\/es\/wp-json\/wp\/v2\/pages\/738"}],"wp:featuredmedia":[{"embeddable":true,"href":"https:\/\/praguetouristinformation.com\/es\/wp-json\/wp\/v2\/media\/1733"}],"wp:attachment":[{"href":"https:\/\/praguetouristinformation.com\/es\/wp-json\/wp\/v2\/media?parent=685"}],"wp:term":[{"taxonomy":"category","embeddable":true,"href":"https:\/\/praguetouristinformation.com\/es\/wp-json\/wp\/v2\/categories?post=685"},{"taxonomy":"post_tag","embeddable":true,"href":"https:\/\/praguetouristinformation.com\/es\/wp-json\/wp\/v2\/tags?post=685"}],"curies":[{"name":"wp","href":"https:\/\/api.w.org\/{rel}","templated":true}]}}