{"id":681,"date":"2020-10-08T12:29:44","date_gmt":"2020-10-08T12:29:44","guid":{"rendered":"https:\/\/praguetouristinformation.com\/es\/?page_id=681"},"modified":"2023-05-03T07:25:48","modified_gmt":"2023-05-03T07:25:48","slug":"carril-dorado","status":"publish","type":"page","link":"https:\/\/praguetouristinformation.com\/es\/cosas-que-hacer\/castillo\/carril-dorado","title":{"rendered":"Golden Lane en el Castillo de Praga: Gu\u00eda con informaci\u00f3n sobre lugares de inter\u00e9s, entradas e historia"},"content":{"rendered":"<h3 id=\"t-1670415658119\">El Golden Lane, tambi\u00e9n conocido como Alchemist&#8217;s Lane o Gold Makers&#8217; Lane, es probablemente la calle m\u00e1s famosa de la capital checa.<\/h3>\n<p>Es parte del Castillo de Praga y ahora no solo es una de las atracciones m\u00e1s visitadas dentro del complejo del castillo, sino tambi\u00e9n uno de los 10 mejores <a data-id=\"247\" data-type=\"page\" href=\"https:\/\/praguetouristinformation.com\/es\/cosas-que-hacer\" style=\"outline: none;\">lugares de inter\u00e9s de Praga<\/a> .&nbsp;<a data-id=\"738\" data-type=\"page\" href=\"https:\/\/praguetouristinformation.com\/es\/sehenswuerdigkeiten\/burg\" style=\"outline: none;\" data-lt-tmp-id=\"lt-438856\" spellcheck=\"false\"><\/a><\/p>\n<p>En esta gu\u00eda completa de Golden Lane, aprender\u00e1 todo sobre los lugares de inter\u00e9s y la historia, as\u00ed como informaci\u00f3n \u00fatil sobre c\u00f3mo llegar all\u00ed, boletos y recorridos.<\/p>\n<h2 id=\"t-1670415658120\">\u00bfQu\u00e9 puedo hacer en el Golden Lane?<\/h2>\n<p><span><img decoding=\"async\" alt=\"Historia del Camino Dorado\" data-id=\"1747\" width=\"702\" data-init-width=\"1000\" height=\"468\" data-init-height=\"667\" title=\"Historia del Camino Dorado\" loading=\"lazy\" src=\"https:\/\/praguetouristinformation.com\/es\/wp-content\/uploads\/2020\/11\/Geschichte-der-Gasse.jpg\" data-width=\"702\" data-height=\"468\" data-pinpro-key=\"qgdzf7cbz\"><\/span><\/p>\n<p>La hist\u00f3rica calle del siglo XVI es particularmente famosa porque se dice que aqu\u00ed trabajaron los <strong>alquimistas apoyados por el emperador Rodolfo II . <\/strong>Se hab\u00edan propuesto la tarea de desentra\u00f1ar el secreto de la producci\u00f3n artificial de oro y encontrar la piedra filosofal.<\/p>\n<p>Los visitantes pueden ver la docena de casas que bordean la calle de casi 100 metros de largo. <strong>Paseando <\/strong><strong>por la pintoresca calle<\/strong> , puede seguir los pasos de los antiguos residentes y ver c\u00f3mo viv\u00eda la clase trabajadora de Praga en el siglo XVI.<\/p>\n<p>Admira los <strong>interiores medievales<\/strong> y las exposiciones presentadas en las coloridas casas que ilustran la vida en Alchemistengasse desde 1600 hasta 1956. <strong>La exhibici\u00f3n de armaduras medievales y objetos de tortura,<\/strong> que se muestra en la larga almena en el primer piso sobre el callej\u00f3n, es particularmente emocionante .<\/p>\n<p>Muchas de las casas hist\u00f3ricas ahora tambi\u00e9n sirven como tiendas de <strong><a data-id=\"326\" data-type=\"page\" href=\"https:\/\/praguetouristinformation.com\/es\/compras\/recuerdos\" style=\"outline: none;\">souvenirs<\/a><\/strong><strong> o artesan\u00edas<\/strong> . Algunos tambi\u00e9n ofrecen <strong>actividades<\/strong> medievales como el tiro con ballesta.<strong> <a data-id=\"326\" data-type=\"page\" href=\"https:\/\/praguetouristinformation.com\/es\/shopping\/souvenirs\" style=\"outline: none;\"><\/a><\/strong><strong><\/strong><\/p>\n<p>Si quieres, puedes usar las escaleras de la casa n\u00famero 12 para llegar a la terraza frente a la <strong>Torre Daliborka<\/strong> . La torre del ca\u00f1\u00f3n sirvi\u00f3 como prisi\u00f3n hasta 1781 y tambi\u00e9n se puede visitar como parte del recorrido tur\u00edstico.<\/p>\n<h3 id=\"t-1670415658121\">casas especiales<\/h3>\n<ul>\n<li><strong>Casa Franz Kafka:<\/strong> Una de las casas m\u00e1s famosas es la n\u00famero 22, donde vivi\u00f3 y trabaj\u00f3 el escritor Franz Kafka desde 1916 hasta 1917.<\/li>\n<li><strong>Edificio residencial Jaroslav Seifert:<\/strong> Jaroslav Seifert, que gan\u00f3 el Premio Nobel de Literatura en 1984, tambi\u00e9n es un antiguo residente de Golden Lane.<\/li>\n<li><strong>Casa No. 12:&nbsp;<\/strong> Poetas y escritores como V\u00edt\u011bzslav Nezval y Ji\u0159\u00edho Ma\u0159\u00e1nka, Franti\u0161ek Halas y Jaroslav Seifert sol\u00edan reunirse en esta casa.<\/li>\n<li><strong>Casa No. 13:&nbsp;<\/strong> La Casa No. 13 da una idea de la vida de un fusilero del castillo.<\/li>\n<li><strong>Casa No. 14:&nbsp;<\/strong> aqu\u00ed vivi\u00f3 la conocida adivina Matylda Pr\u016f\u0161ov\u00e1.<\/li>\n<\/ul>\n<h2 id=\"t-1670415658122\" data-alt-text=\"Eintritt, Tickets &amp; F\u00fchrungen\">Entrada, entradas y visitas guiadas al Golden Lane<\/h2>\n<p><span><img decoding=\"async\" alt=\"Entrada, entradas y visitas guiadas para el Golden Lane\" data-id=\"1743\" width=\"702\" data-init-width=\"1000\" height=\"468\" data-init-height=\"667\" title=\"Entrada, entradas y visitas guiadas para el Golden Lane\" loading=\"lazy\" src=\"https:\/\/praguetouristinformation.com\/es\/wp-content\/uploads\/2020\/11\/Eintritt-Tickets-Fuehrungen.jpg\" data-width=\"702\" data-height=\"468\" data-pinpro-key=\"yubfpergl\"><\/span><\/p>\n<ul>\n<li><strong>Entrada:&nbsp;<\/strong> Golden Lane se encuentra en el Castillo de Praga y se puede visitar con un boleto de entrada regular al Castillo de Praga. <strong>Nota<\/strong> : despu\u00e9s de las 18:00 la calle tambi\u00e9n hist\u00f3rica se puede visitar de forma gratuita; sin embargo, despu\u00e9s de las 6 pm todos los edificios est\u00e1n cerrados.<\/li>\n<li><strong>Entradas:<\/strong> La entrada al Golden Lane est\u00e1 incluida en la entrada al Castillo de Praga. El billete es v\u00e1lido durante dos d\u00edas consecutivos. Sin embargo, cada atracci\u00f3n solo se puede visitar una vez. \u00a1Compre su <a href=\"https:\/\/www.getyourguide.de\/prager-burg-l2720\/prag-prager-burg-ticket-t406279\/?partner_id=0F6NPGN&amp;utm_medium=suppliers&amp;placement=%22other%22&amp;cmp=Prag\" rel=\"nofollow noopener\" target=\"_blank\" style=\"outline: none;\"><strong>entrada al Castillo de Praga por adelantado aqu\u00ed<\/strong><\/a> y salte la fila!<\/li>\n<li><strong>Gu\u00eda<\/strong> de visitas : Varios organizadores ofrecen gu\u00edas de visitas por el Castillo de Praga. Reserve aqu\u00ed <a data-lt-tmp-id=\"lt-813471\" href=\"https:\/\/www.getyourguide.de\/altstadter-ring-l4827\/prager-burg-25-stundige-fuhrung-mit-eintrittskarte-t50046\/?partner_id=0F6NPGN&amp;utm_medium=suppliers&amp;placement=%22other%22&amp;cmp=Prag\" rel=\"nofollow noopener\" spellcheck=\"false\" target=\"_blank\" style=\"outline: none;\"><strong>la visita guiada m\u00e1s popular del Castillo de Praga,&nbsp;<\/strong> incluida la entrada<\/a> (tambi\u00e9n disponible en ingl\u00e9s).<\/li>\n<li><strong>Consejo:<\/strong> dado que hay mucha gente frente a los mostradores de pernos en el lugar, incluso fuera de temporada, se recomienda comprar un <a href=\"https:\/\/www.getyourguide.de\/prager-burg-l2720\/prag-prager-burg-ticket-t406279\/?partner_id=0F6NPGN&amp;utm_medium=suppliers&amp;placement=%22other%22&amp;cmp=Prag\" rel=\"nofollow noopener\" target=\"_blank\" style=\"outline: none;\">boleto en l\u00ednea con anticipaci\u00f3n.<\/a><\/li>\n<li><strong>Tenga en cuenta:<\/strong> hay un control de seguridad en la entrada a los terrenos del Castillo de Praga, que todos los visitantes deben pasar.<\/li>\n<\/ul>\n<h2 id=\"t-1670415658123\">\u00bfC\u00f3mo llego al Golden Lane?<\/h2>\n<p>El Golden Lane se encuentra en las paredes interiores del <a data-id=\"738\" data-lt-tmp-id=\"lt-438856\" data-type=\"page\" href=\"https:\/\/praguetouristinformation.com\/es\/cosas-que-hacer\/castillo\" spellcheck=\"false\" style=\"outline: none;\">Castillo de Praga<\/a> , que se encuentra en una colina en el centro de Praga.&nbsp;<\/p>\n<p>La forma m\u00e1s f\u00e1cil de llegar al castillo es en <a href=\"https:\/\/praguetouristinformation.com\/es\/plan\/transporte-publico\" style=\"outline: none;\">transporte p\u00fablico<\/a> , tomando la l\u00ednea 22 del tranv\u00eda. Esto lo lleva desde el casco antiguo de Praga hasta la parada \u00abPra\u017esk\u00fd hrad\u00bb (Castillo de Praga).<\/p>\n<p>El Golden Lane se encuentra en la muralla noreste del castillo, entre la Torre Blanca y la Torre Daliborka.<\/p>\n<h2 id=\"t-1670415658124\" data-alt-text=\"Geschichte \">Historia del Camino Dorado<\/h2>\n<p><span><img decoding=\"async\" alt=\"\u00bfC\u00f3mo llego al Golden Lane?\" data-id=\"1745\" width=\"702\" data-init-width=\"1000\" height=\"468\" data-init-height=\"667\" title=\"\u00bfC\u00f3mo llego al Golden Lane?\" loading=\"lazy\" src=\"https:\/\/praguetouristinformation.com\/es\/wp-content\/uploads\/2020\/11\/Wie-komme-ich-zum-Goldenen-Gaesschen.jpg\" data-width=\"702\" data-height=\"468\" data-pinpro-key=\"rzw5nx847\"><\/span><\/p>\n<p>Los inicios de Golden Lane se remontan a la construcci\u00f3n de las fortificaciones del norte en el siglo XV.<\/p>\n<p>Los 24 guardias del castillo del emperador Rodolfo II, los llamados fusileros rojos, necesitaban alojamiento. Por este motivo, el emperador dio orden de construir casas para sus guardias.<\/p>\n<p>A lo largo del siglo XVI, el callej\u00f3n se hizo cada vez m\u00e1s popular y los sirvientes, artesanos, mesoneros y orfebres del castillo se mudaron a las peque\u00f1as casas. El callej\u00f3n tambi\u00e9n debe su nombre actual a los orfebres. Seg\u00fan la leyenda, estos orfebres eran alquimistas del emperador Rodolfo II, apasionado por la alquimia. Bajo su gobierno, Praga se convirti\u00f3 en un basti\u00f3n de la alquimia.<\/p>\n<p>En el siglo XIX, sin embargo, las casas y la zona estaban muy deterioradas, por lo que solo estaban habitadas por personas en situaci\u00f3n de Pobreza. Sin embargo, el lugar se convirti\u00f3 en un lugar de encuentro popular para la escena intelectual. Los edificios todavia estaban habitados hasta la Segunda Guerra Mundial.<\/p>\n<p>Despu\u00e9s de un trabajo de renovaci\u00f3n posterior, en el que se pudo preservar el car\u00e1cter del callej\u00f3n, el encantador Golden Lane con sus peque\u00f1as y coloridas casas se convirti\u00f3 en un im\u00e1n tur\u00edstico.<\/p>\n<h2 id=\"t-1670415658125\">Contacto<\/h2>\n<ul>\n<li><strong>Direcci\u00f3n :<\/strong> Golden Lane, Zlat\u00e1 uli\u010dka 119 00 Praha 1-Hrad\u010dany<\/li>\n<li><strong>Transporte p\u00fablico:<\/strong> l\u00ednea de tranv\u00eda 22 hasta \u00abPra\u017esk\u00fd hrad\u00bb<\/li>\n<li><strong>Horario<\/strong> de apertura : para conocer los horarios de apertura de Golden Lane, consulte el <a href=\"https:\/\/www.hrad.cz\/en\/prague-castle-for-visitors\" target=\"_blank\" style=\"outline: none;\" rel=\"noopener\">sitio web<\/a> del Castillo de Praga .<\/li>\n<li><strong>Sitio web: <\/strong>&nbsp;<a href=\"https:\/\/www.hrad.cz\/en\/prague-castle-for-visitors#from-list\" style=\"outline: none;\" target=\"_blank\" rel=\"noopener\">Golden Lane<\/a><a href=\"https:\/\/www.hrad.cz\/de\/prager-burg-fur-besucher\/besucherobjekte\/goldenes-gasschen-11462#from-list\" style=\"outline: none;\" target=\"_blank\" rel=\"noopener\"><\/a><\/li>\n<\/ul>\n","protected":false},"excerpt":{"rendered":"<p>El Golden Lane, tambi\u00e9n conocido como Alchemist&#8217;s Lane o Gold Makers&#8217; Lane, es probablemente la calle m\u00e1s famosa de la capital checa. Es parte del Castillo de Praga y ahora no solo es una de las atracciones m\u00e1s visitadas dentro del complejo del castillo, sino tambi\u00e9n uno de los 10 mejores lugares de inter\u00e9s de [&hellip;]<\/p>\n","protected":false},"author":6,"featured_media":1742,"parent":738,"menu_order":0,"comment_status":"open","ping_status":"closed","template":"","meta":{"footnotes":""},"categories":[],"tags":[19,24],"class_list":["post-681","page","type-page","status-publish","has-post-thumbnail","hentry","tag-sehenswuerdigkeiten","tag-top-10","post-wrapper","thrv_wrapper"],"_links":{"self":[{"href":"https:\/\/praguetouristinformation.com\/es\/wp-json\/wp\/v2\/pages\/681","targetHints":{"allow":["GET"]}}],"collection":[{"href":"https:\/\/praguetouristinformation.com\/es\/wp-json\/wp\/v2\/pages"}],"about":[{"href":"https:\/\/praguetouristinformation.com\/es\/wp-json\/wp\/v2\/types\/page"}],"author":[{"embeddable":true,"href":"https:\/\/praguetouristinformation.com\/es\/wp-json\/wp\/v2\/users\/6"}],"replies":[{"embeddable":true,"href":"https:\/\/praguetouristinformation.com\/es\/wp-json\/wp\/v2\/comments?post=681"}],"version-history":[{"count":7,"href":"https:\/\/praguetouristinformation.com\/es\/wp-json\/wp\/v2\/pages\/681\/revisions"}],"predecessor-version":[{"id":4747,"href":"https:\/\/praguetouristinformation.com\/es\/wp-json\/wp\/v2\/pages\/681\/revisions\/4747"}],"up":[{"embeddable":true,"href":"https:\/\/praguetouristinformation.com\/es\/wp-json\/wp\/v2\/pages\/738"}],"wp:featuredmedia":[{"embeddable":true,"href":"https:\/\/praguetouristinformation.com\/es\/wp-json\/wp\/v2\/media\/1742"}],"wp:attachment":[{"href":"https:\/\/praguetouristinformation.com\/es\/wp-json\/wp\/v2\/media?parent=681"}],"wp:term":[{"taxonomy":"category","embeddable":true,"href":"https:\/\/praguetouristinformation.com\/es\/wp-json\/wp\/v2\/categories?post=681"},{"taxonomy":"post_tag","embeddable":true,"href":"https:\/\/praguetouristinformation.com\/es\/wp-json\/wp\/v2\/tags?post=681"}],"curies":[{"name":"wp","href":"https:\/\/api.w.org\/{rel}","templated":true}]}}