{"id":678,"date":"2020-10-12T08:55:43","date_gmt":"2020-10-12T08:55:43","guid":{"rendered":"https:\/\/praguetouristinformation.com\/es\/?page_id=678"},"modified":"2023-05-03T07:28:06","modified_gmt":"2023-05-03T07:28:06","slug":"catedral-de-san-vito","status":"publish","type":"page","link":"https:\/\/praguetouristinformation.com\/es\/cosas-que-hacer\/castillo\/catedral-de-san-vito","title":{"rendered":"Gu\u00eda de la Catedral de San Vito en el Castillo de Praga: Lugares de inter\u00e9s, historia y admisi\u00f3n"},"content":{"rendered":"<h3 id=\"t-1670409300078\">La Catedral de San Vito en el Castillo de Praga es uno de los 10 mejores <a data-id=\"247\" data-type=\"page\" href=\"https:\/\/praguetouristinformation.com\/es\/sehenswuerdigkeiten\" style=\"outline: none;\">lugares de inter\u00e9s de Praga<\/a> .<a data-id=\"247\" data-type=\"page\" href=\"https:\/\/praguetouristinformation.com\/es\/sehenswuerdigkeiten\" style=\"outline: none;\"><\/a><\/h3>\n<p>El imponente edificio sagrado no es solo la catedral de la Arquidi\u00f3cesis de Praga, sino tambi\u00e9n la iglesia m\u00e1s grande de la Rep\u00fablica Checa.<\/p>\n<p>En esta gu\u00eda completa de la Catedral de San Vito, aprender\u00e1 todo sobre sus lugares de inter\u00e9s, su historia e informaci\u00f3n \u00fatil sobre c\u00f3mo llegar, boletos y recorridos.<\/p>\n<p>\u00a1Aqu\u00ed vamos!<\/p>\n<h2 id=\"t-1670409300079\">\u00bfQu\u00e9 puedo hacer en la Catedral de San Vito?<\/h2>\n<p><span><img decoding=\"async\" alt=\"\u00bfQu\u00e9 puedo hacer en la Catedral de San Vito?\" data-id=\"1765\" width=\"702\" data-init-width=\"1000\" height=\"468\" data-init-height=\"667\" title=\"\u00bfQu\u00e9 puedo hacer en la Catedral de San Vito?\" loading=\"lazy\" src=\"https:\/\/praguetouristinformation.com\/es\/wp-content\/uploads\/2020\/11\/Was-kann-ich-im-Veitsdom-machen.jpg\" data-width=\"702\" data-height=\"468\" data-pin-media=\"https:\/\/praguetouristinformation.com\/es\/wp-content\/uploads\/2021\/02\/42.jpg\" data-pin-description=\"Guide zum Veitsdom in der Prager Burg - 2022\" data-pin-url=\"https:\/\/praguetouristinformation.com\/es\/sehenswuerdigkeiten\/burg\/veitsdom?tve=true&amp;tcbf=e8b25a02bb\" data-pinpro-key=\"0oyt8h1n7\"><\/span><\/p>\n<p><span style=\"color: var(--tcb-skin-color-4); font-weight: var(--g-regular-weight,normal);\">La monumental Catedral de San Vito se asienta majestuosamente en medio del&nbsp; <a data-id=\"738\" data-type=\"page\" href=\"https:\/\/praguetouristinformation.com\/es\/sehenswuerdigkeiten\/burg\" style=\"outline: none;\">Castillo de Praga<\/a> . La impresionante arquitectura g\u00f3tica de la catedral es solo una de sus caracter\u00edsticas distintivas. Los siguientes aspectos destacados le esperan en el interior magn\u00edficamente amueblado:<\/span><\/p>\n<h3 id=\"t-1670409300080\">1. Emperadores y tumbas reales<\/h3>\n<p>En la Catedral de San Vito no solo se llevaron a cabo las coronaciones de reyes y reinas de Bohemia, sino que tambi\u00e9n sirve como lugar de descanso final de numerosos reyes y emperadores y sus familiares.&nbsp;<\/p>\n<p>Los visitantes encontrar\u00e1n el mausoleo real de los Habsburgo frente al altar mayor. La cripta de los reyes checos se encuentra debajo.<\/p>\n<p>Aqu\u00ed no solo est\u00e1n enterradas las tumbas de los reyes y emperadores bohemios, tambi\u00e9n est\u00e1n enterrados los emperadores romano-alemanes como el emperador Maximiliano II y el emperador Rodolfo II.<\/p>\n<p>Otro punto destacado de la iglesia es la impresionante tumba alta del santo sacerdote bohemio Juan de Nepomuceno.<\/p>\n<h3 id=\"t-1670409300081\">2. Capilla de Wenceslao<\/h3>\n<p>Destaca la Capilla de Wenceslao, revestida de piedras semipreciosas y estuco dorado, una de las obras m\u00e1s importantes del maestro de obras Peter Parler.<\/p>\n<p>La Capilla de Wenceslao es la capilla m\u00e1s importante de la Catedral de San Vito e impresiona con su dise\u00f1o arquitect\u00f3nico \u00fanico y su decoraci\u00f3n grandiosa. Valiosos frescos que representan la Pasi\u00f3n de Cristo y escenas de la vida de San Wenceslao, patr\u00f3n del pa\u00eds, adornan la capilla. La tumba de San Wenceslao tambi\u00e9n se encuentra aqu\u00ed.<\/p>\n<p>Los visitantes encontrar\u00e1n la Capilla de Wenceslao en el pasillo sur de la catedral.<\/p>\n<h3 id=\"t-1670409300082\">3. Vista desde la torre<\/h3>\n<p>Otro punto a destacar es la sensacional <a data-id=\"713\" data-type=\"page\" href=\"https:\/\/praguetouristinformation.com\/es\/cosas-que-hacer\/puntos-de-vista\" style=\"outline: none;\">vista<\/a> desde la torre principal de 99 metros de altura de la iglesia monumental.<\/p>\n<p>Aquellos que suban los 287 escalones de la torre ser\u00e1n recompensados con un magn\u00edfico panorama de Praga y sus alrededores.<\/p>\n<p>Durante el ascenso, se pueden observar de cerca las campanas de la torre. La mayor de las siete campanas lleva el nombre de Sigmund y pesa alrededor de 15 toneladas. Tambi\u00e9n es la campana m\u00e1s grande del pa\u00eds. Se requieren seis timbres para llamar a Sigmund. La campana de 1549 tambi\u00e9n se caracteriza por una decoraci\u00f3n especial en relieve.<\/p>\n<h3 id=\"t-1670409300083\">4. Joyas de la corona bohemia<\/h3>\n<p>Adem\u00e1s, hay tesoros hist\u00f3ricos en la Catedral de San Vito.<\/p>\n<p>La C\u00e1mara de la Joya de la Corona est\u00e1 cerrada por siete cerraduras. No solo alberga las joyas de la corona de los reyes bohemios, sino tambi\u00e9n la insignia de coronaci\u00f3n con la corona de Wenceslao, la corona de coronaci\u00f3n del Reino de Bohemia, el orbe imperial y el cetro.<\/p>\n<p>Las siete llaves est\u00e1n en manos de siete altas figuras del pa\u00eds. Antes de que se pueda abrir la c\u00e1mara, se requiere el consentimiento de las siete personas.<\/p>\n<p>El tesoro de la catedral de Praga tambi\u00e9n se guarda en la catedral, uno de los tesoros catedralicios m\u00e1s grandes y valiosos de Europa. Este consta de m\u00e1s de 400 piezas, incluida la espada de San Wenceslao y la cabeza de San Vito. El tesoro est\u00e1 en la Capilla de la Santa Cruz.<\/p>\n<h2 id=\"t-1670409300084\" data-alt-text=\"Eintritt, Tickets und F\u00fchrungen\">Entrada, entradas y visitas guiadas a la Catedral de San Vito<\/h2>\n<p><span><img decoding=\"async\" alt=\"Entradas, entradas y visitas guiadas\" data-id=\"1766\" width=\"702\" data-init-width=\"1000\" height=\"468\" data-init-height=\"667\" title=\"Entrada, entradas y visitas guiadas a la Catedral de San Vito\" loading=\"lazy\" src=\"https:\/\/praguetouristinformation.com\/es\/wp-content\/uploads\/2020\/11\/Eintritt-Tickets-und-Fuehrungen-7.jpg\" data-width=\"702\" data-height=\"468\" data-pin-media=\"https:\/\/praguetouristinformation.com\/es\/wp-content\/uploads\/2021\/02\/42.jpg\" data-pin-description=\"Guide zum Veitsdom in der Prager Burg - 2022\" data-pin-url=\"https:\/\/praguetouristinformation.com\/es\/sehenswuerdigkeiten\/burg\/veitsdom?tve=true&amp;tcbf=e8b25a02bb\" data-pinpro-key=\"i3fvyaw0v\"><\/span><\/p>\n<ul>\n<li><strong>Entrada:<\/strong> Solo se puede visitar de forma gratuita la parte frontal, de estilo neog\u00f3tico, del edificio sacro. Se requiere un boleto de entrada para las otras \u00e1reas.&nbsp;<strong>Tenga en cuenta:<\/strong> hay un control de seguridad en la entrada a los terrenos del Castillo de Praga, que todos los visitantes deben pasar.<\/li>\n<li><strong>Entradas:<\/strong> La entrada a la Catedral de San Vito est\u00e1 incluida en la entrada al Castillo de Praga. El billete es v\u00e1lido durante dos d\u00edas consecutivos. Sin embargo, cada atracci\u00f3n solo se puede visitar una vez. \u00a1 Compre su <a href=\"https:\/\/www.getyourguide.de\/prager-burg-l2720\/prag-prager-burg-ticket-t406279\/?partner_id=0F6NPGN&amp;utm_medium=suppliers&amp;placement=%22other%22&amp;cmp=Prag\" target=\"_blank\" rel=\"nofollow noopener\" style=\"outline: none;\"><strong>entrada al Castillo de Praga por adelantado aqu\u00ed<\/strong><\/a> y salte la fila!<a href=\"https:\/\/www.getyourguide.de\/prager-burg-l2720\/prag-prager-burg-ticket-t406279\/?partner_id=0F6NPGN&amp;utm_medium=suppliers&amp;placement=%22other%22&amp;cmp=Prag\" target=\"_blank\" rel=\"nofollow noopener\" style=\"outline: none;\"><strong><\/strong><\/a><\/li>\n<li><strong>Entrada Torre:<\/strong> La entrada para subir a la torre no est\u00e1 incluida en la entrada. Por lo tanto, debe comprarse por separado.<\/li>\n<li><strong>Visita guiada<\/strong> : Varios organizadores ofrecen visitas guiadas por el Castillo de Praga. \u00a1 Reserve aqu\u00ed <a href=\"https:\/\/www.getyourguide.de\/altstadter-ring-l4827\/prager-burg-25-stundige-fuhrung-mit-eintrittskarte-t50046\/?partner_id=0F6NPGN&amp;utm_medium=suppliers&amp;placement=%22other%22&amp;cmp=Prag\" target=\"_blank\" rel=\"nofollow noopener\" style=\"outline: none;\"><strong>la visita guiada m\u00e1s popular del Castillo de Praga<\/strong><\/a><a href=\"https:\/\/www.getyourguide.de\/altstadter-ring-l4827\/prager-burg-25-stundige-fuhrung-mit-eintrittskarte-t50046\/?partner_id=0F6NPGN&amp;utm_medium=suppliers&amp;placement=%22other%22&amp;cmp=Prag\" target=\"_blank\" rel=\"nofollow noopener\" style=\"outline: none;\"> con entrada incluida<\/a> (tambi\u00e9n disponible en alem\u00e1n)!<a href=\"https:\/\/www.getyourguide.de\/altstadter-ring-l4827\/prager-burg-25-stundige-fuhrung-mit-eintrittskarte-t50046\/?partner_id=0F6NPGN&amp;utm_medium=suppliers&amp;placement=%22other%22&amp;cmp=Prag\" target=\"_blank\" rel=\"nofollow noopener\" style=\"outline: none;\"><strong><\/strong><\/a><\/li>\n<li><strong>Consejo:<\/strong> Dado que siempre hay mucho ajetreo frente a los mostradores de boletos en el sitio, es recomendable comprar un <a href=\"https:\/\/www.getyourguide.de\/prager-burg-l2720\/prag-prager-burg-ticket-t406279\/?partner_id=0F6NPGN&amp;utm_medium=suppliers&amp;placement=%22other%22&amp;cmp=Prag\" target=\"_blank\" rel=\"nofollow noopener\" style=\"outline: none;\" data-lt-tmp-id=\"lt-483526\" spellcheck=\"false\">boleto en l\u00ednea con anticipaci\u00f3n.<\/a><a href=\"https:\/\/www.getyourguide.de\/prager-burg-l2720\/prag-prager-burg-ticket-t406279\/?partner_id=0F6NPGN&amp;utm_medium=suppliers&amp;placement=%22other%22&amp;cmp=Prag\" target=\"_blank\" rel=\"nofollow noopener\" style=\"outline: none;\" data-lt-tmp-id=\"lt-483526\" spellcheck=\"false\"><\/a><\/li>\n<\/ul>\n<h2 id=\"t-1670409300097\"><span style=\"color: var(--tcb-skin-color-4); font-family: Literata; font-size: 26px; font-weight: var(--g-bold-weight,bold);\">\u00bfC\u00f3mo llego a la Catedral de San Vito?<\/span><\/h2>\n<p><span><img decoding=\"async\" alt=\"\u00bfC\u00f3mo llego a la Catedral de San Vito?\" data-id=\"1767\" width=\"702\" data-init-width=\"1000\" height=\"468\" data-init-height=\"667\" title=\"\u00bfC\u00f3mo llego a la Catedral de San Vito?\" loading=\"lazy\" src=\"https:\/\/praguetouristinformation.com\/es\/wp-content\/uploads\/2020\/11\/Wie-komme-ich-zum-Veitsdom.jpg\" data-width=\"702\" data-height=\"468\" data-pin-media=\"https:\/\/praguetouristinformation.com\/es\/wp-content\/uploads\/2021\/02\/42.jpg\" data-pin-description=\"Guide zum Veitsdom in der Prager Burg - 2022\" data-pin-url=\"https:\/\/praguetouristinformation.com\/es\/sehenswuerdigkeiten\/burg\/veitsdom?tve=true&amp;tcbf=e8b25a02bb\" data-pinpro-key=\"g7c0gviob\"><\/span><\/p>\n<p>La Catedral de San Vito se encuentra en el Castillo de Praga, que se encuentra en una colina en el centro de Praga.<\/p>\n<p>La forma m\u00e1s f\u00e1cil de llegar al castillo es en <a href=\"https:\/\/praguetouristinformation.com\/es\/plan\/transporte-publico\" style=\"outline: none;\">transporte p\u00fablico<\/a> , tomando la l\u00ednea 22 del tranv\u00eda. Esto lo lleva desde el casco antiguo de Praga hasta la parada \u00abPra\u017esk\u00fd hrad\u00bb (Castillo de Praga).<\/p>\n<h2 id=\"t-1670409300086\">Historia de la Catedral de Vito<\/h2>\n<p><span><img decoding=\"async\" alt=\"Historia de la Catedral de Vito\" data-id=\"1768\" width=\"702\" data-init-width=\"1000\" height=\"468\" data-init-height=\"667\" title=\"Historia de la Catedral de Vito\" loading=\"lazy\" src=\"https:\/\/praguetouristinformation.com\/es\/wp-content\/uploads\/2020\/11\/Geschichte-5.jpg\" data-width=\"702\" data-height=\"468\" data-pin-media=\"https:\/\/praguetouristinformation.com\/es\/wp-content\/uploads\/2021\/02\/42.jpg\" data-pin-description=\"Guide zum Veitsdom in der Prager Burg - 2022\" data-pin-url=\"https:\/\/praguetouristinformation.com\/es\/sehenswuerdigkeiten\/burg\/veitsdom?tve=true&amp;tcbf=e8b25a02bb\" data-pinpro-key=\"xz6xdk6ng\"><\/span><\/p>\n<p>La magn\u00edfica Catedral de San Vito tard\u00f3 casi 600 a\u00f1os en completarse. La construcci\u00f3n de la catedral g\u00f3tica comenz\u00f3 en 1344. Carlos IV la encarg\u00f3 despu\u00e9s de que Praga se convirtiera en arzobispado.<\/p>\n<p>Originalmente hab\u00eda una rotonda en el sitio, que San Wenceslao hab\u00eda construido en 925.&nbsp;<\/p>\n<p>El maestro de obras franc\u00e9s Matthias von Arras recibi\u00f3 el encargo de construir la iglesia. A esto le siguieron Peter Parler, sus hijos Wenzel y Johann Parler y muchos otros maestros constructores. Varias guerras a menudo provocaron interrupciones. La construcci\u00f3n no se complet\u00f3 hasta 1929 bajo la direcci\u00f3n de Kamil Hilbert y Joseph Kranner.<\/p>\n<p>Desde entonces, la catedral de tres naves ha sido la iglesia m\u00e1s grande del pa\u00eds con una longitud de 124 metros y un ancho de 60 metros. Hoy en d\u00eda, la Catedral de San Vito es uno de los lugares m\u00e1s populares de Praga, con su impresionante fachada y su suntuoso interior.<\/p>\n<h2 id=\"t-1670409300087\">Contacto<\/h2>\n<ul>\n<li><strong>Direcci\u00f3n:&nbsp;<\/strong> III. n\u00e1dvo\u0159\u00ed 48\/2, Pra\u017esk\u00fd hrad, 119 01 Praga 1 &#8211; Hrad\u010dany<\/li>\n<li><strong style=\"color: var(--tcb-skin-color-4);\">Transporte p\u00fablico: <\/strong><span style=\"color: var(--tcb-skin-color-4); font-weight: var(--g-regular-weight,normal);\">l\u00ednea de tranv\u00eda 22 hasta Pra\u017esk\u00fd hrad<\/span><\/li>\n<li><strong>Horario<\/strong> de apertura : Puede encontrar los horarios de apertura de la Catedral de San Vito en el <a href=\"https:\/\/www.katedralasvatehovita.cz\/en\/practical-information\" target=\"_blank\" style=\"outline: none;\" rel=\"noopener\">sitio web<\/a> de la Catedral de San Vito .<strong><\/strong><\/li>\n<li><strong>Sitio web:&nbsp; <\/strong><a href=\"https:\/\/www.katedralasvatehovita.cz\/en\" style=\"outline: none;\" data-lt-tmp-id=\"lt-596822\" spellcheck=\"false\" target=\"_blank\" rel=\"noopener\">Catedral de San Vito<\/a><a href=\"https:\/\/www.katedralasvatehovita.cz\/en\" style=\"outline: none;\" data-lt-tmp-id=\"lt-596822\" spellcheck=\"false\" target=\"_blank\" rel=\"noopener\"><\/a><\/li>\n<\/ul>\n","protected":false},"excerpt":{"rendered":"<p>La Catedral de San Vito en el Castillo de Praga es uno de los 10 mejores lugares de inter\u00e9s de Praga . El imponente edificio sagrado no es solo la catedral de la Arquidi\u00f3cesis de Praga, sino tambi\u00e9n la iglesia m\u00e1s grande de la Rep\u00fablica Checa. En esta gu\u00eda completa de la Catedral de San [&hellip;]<\/p>\n","protected":false},"author":6,"featured_media":1763,"parent":738,"menu_order":0,"comment_status":"open","ping_status":"closed","template":"","meta":{"footnotes":""},"categories":[],"tags":[25,24],"class_list":["post-678","page","type-page","status-publish","has-post-thumbnail","hentry","tag-sehenswuerdigkeit","tag-top-10","post-wrapper","thrv_wrapper"],"_links":{"self":[{"href":"https:\/\/praguetouristinformation.com\/es\/wp-json\/wp\/v2\/pages\/678","targetHints":{"allow":["GET"]}}],"collection":[{"href":"https:\/\/praguetouristinformation.com\/es\/wp-json\/wp\/v2\/pages"}],"about":[{"href":"https:\/\/praguetouristinformation.com\/es\/wp-json\/wp\/v2\/types\/page"}],"author":[{"embeddable":true,"href":"https:\/\/praguetouristinformation.com\/es\/wp-json\/wp\/v2\/users\/6"}],"replies":[{"embeddable":true,"href":"https:\/\/praguetouristinformation.com\/es\/wp-json\/wp\/v2\/comments?post=678"}],"version-history":[{"count":4,"href":"https:\/\/praguetouristinformation.com\/es\/wp-json\/wp\/v2\/pages\/678\/revisions"}],"predecessor-version":[{"id":4749,"href":"https:\/\/praguetouristinformation.com\/es\/wp-json\/wp\/v2\/pages\/678\/revisions\/4749"}],"up":[{"embeddable":true,"href":"https:\/\/praguetouristinformation.com\/es\/wp-json\/wp\/v2\/pages\/738"}],"wp:featuredmedia":[{"embeddable":true,"href":"https:\/\/praguetouristinformation.com\/es\/wp-json\/wp\/v2\/media\/1763"}],"wp:attachment":[{"href":"https:\/\/praguetouristinformation.com\/es\/wp-json\/wp\/v2\/media?parent=678"}],"wp:term":[{"taxonomy":"category","embeddable":true,"href":"https:\/\/praguetouristinformation.com\/es\/wp-json\/wp\/v2\/categories?post=678"},{"taxonomy":"post_tag","embeddable":true,"href":"https:\/\/praguetouristinformation.com\/es\/wp-json\/wp\/v2\/tags?post=678"}],"curies":[{"name":"wp","href":"https:\/\/api.w.org\/{rel}","templated":true}]}}