{"id":664,"date":"2020-10-04T19:34:05","date_gmt":"2020-10-04T19:34:05","guid":{"rendered":"https:\/\/praguetouristinformation.com\/es\/?page_id=664"},"modified":"2023-05-03T07:30:44","modified_gmt":"2023-05-03T07:30:44","slug":"puente-de-carlos","status":"publish","type":"page","link":"https:\/\/praguetouristinformation.com\/es\/cosas-que-hacer\/puente-de-carlos","title":{"rendered":"Gu\u00eda del puente de Carlos: Lugares de inter\u00e9s, historia y consejos"},"content":{"rendered":"<h3 id=\"t-1670484104896\">El Puente de Carlos es uno de los puentes de piedra m\u00e1s antiguos de Europa.<\/h3>\n<p>Conecta la Ciudad Vieja (Star\u00e9 Mesto) con la Ciudad Peque\u00f1a (Mal\u00e1 Strana).<\/p>\n<p>El puente sobre el Vltava est\u00e1 delimitado por dos torres y solo est\u00e1 abierto para peatones. Hay una animada actividad aqu\u00ed casi todo el d\u00eda.<\/p>\n<p>En esta p\u00e1gina encontrar\u00e1 todo lo que debe saber antes de visitar el Puente de Carlos. Esto incluye la historia, las estatuas famosas y otros lugares de inter\u00e9s a lo largo del Puente de Carlos.<\/p>\n<p>\u00a1Vamos a empezar!<\/p>\n<h2 id=\"t-1670484104897\">\u00bfQu\u00e9 puedo hacer en el Puente de Carlos?<\/h2>\n<p><span><img decoding=\"async\" alt=\"\u00bfQu\u00e9 puedo hacer en el Puente de Carlos en Praga?\" data-id=\"2272\" width=\"702\" data-init-width=\"1000\" height=\"468\" data-init-height=\"667\" title=\"\u00bfQu\u00e9 puedo hacer en el Puente de Carlos en Praga?\" loading=\"lazy\" src=\"https:\/\/praguetouristinformation.com\/es\/wp-content\/uploads\/2020\/12\/Was-kann-ich-auf-der-Karlsbruecke-machen.jpg\" data-width=\"702\" data-height=\"468\" data-pin-media=\"https:\/\/praguetouristinformation.com\/es\/wp-content\/uploads\/2021\/01\/prag_karlsbruecke_pinterest.jpg\" data-pin-description=\"Guide zur Karlsbr\u00fccke: Sehensw\u00fcrdigkeiten &amp; Geschichte 2022\" data-pin-url=\"https:\/\/praguetouristinformation.com\/es\/cosas-que-hacer\/puente-de-carlos?tve=true&amp;tcbf=5a48c4570a\" data-pinpro-key=\"lelvhmn4s\"><\/span><\/p>\n<h3 id=\"t-1670484104898\">Torre del puente de la ciudad vieja<\/h3>\n<p>La <a data-id=\"http:\/\/en.muzeumprahy.cz\/201-the-old-town-bridge-tower\/\" data-type=\"URL\" href=\"http:\/\/en.muzeumprahy.cz\/201-the-old-town-bridge-tower\/\" target=\"_blank\" style=\"outline: none;\" rel=\"noopener\">Torre del Puente de la Ciudad Vieja<\/a> est\u00e1 en el lado de Star\u00e9 Mesto, es decir, en el lado de la Ciudad Vieja de Praga. Fue construido en 1370 bajo el emperador Carlos IV y ahora se considera una de las torres g\u00f3ticas m\u00e1s bellas de Europa.<\/p>\n<p>138 escalones conducen a la torre hasta la plataforma de observaci\u00f3n. Hay una vista fant\u00e1stica del Vltava y el casco antiguo de Praga.<\/p>\n<p>En el lado este de la torre se encuentran los escudos de armas de todos los pa\u00edses que formaban parte del Reino Checo en el momento en que se construy\u00f3 el puente, el del emperador romano y un s\u00edmbolo de Wenceslao IV tallado en piedra arenisca. Una escultura sedente de Carlos IV adorna la torre.<\/p>\n<p>Una vez que la torre tambi\u00e9n sirvi\u00f3 como un tema pol\u00edtico. De 1621 a 1631, las cabezas de 27 rebeldes ejecutados contra los Habsburgo se colocaron en postes como medida disuasoria. Hoy una placa conmemora los hechos.<\/p>\n<h3 id=\"t-1670484104899\">Torre del puente de Lesser Town<\/h3>\n<p>La <a data-id=\"http:\/\/en.muzeumprahy.cz\/202-the-lesser-town-bridge-tower\/\" data-type=\"URL\" href=\"http:\/\/en.muzeumprahy.cz\/202-the-lesser-town-bridge-tower\/\" target=\"_blank\" style=\"outline: none;\" rel=\"noopener\">Torre del Puente de Lesser Town<\/a> es la m\u00e1s baja de las dos torres, est\u00e1 conectada a la antigua Torre Judith por una puerta y forma la entrada al Puente de Carlos desde Lesser Town. Fue construido en 1464 en estilo rom\u00e1nico, su dise\u00f1o era similar al de la Torre del Puente de la Ciudad Vieja. Fue reconstruido en estilo renacentista en 1591. En su lado este hay relieves arqueados con torreones estilizados en la parte superior.<\/p>\n<p>La torre tiene 45 metros de altura y tambi\u00e9n se puede subir. El mirador tiene 26 metros de altura y ofrece una magn\u00edfica vista del Vltava y la ciudad.<\/p>\n<h3 id=\"t-1670484104900\">estatua de la suerte<\/h3>\n<p>Una de las aproximadamente 30 estatuas de santos en el Puente de Carlos es la de San Juan de Nepomuceno, que fue erigida en 1683. Seg\u00fan la leyenda, el confesor de la reina incurre en la ira del rey Wenceslao IV porque no quiso revelar lo que la reina ten\u00eda que confesarle. Despu\u00e9s de un vergonzoso interrogatorio en 1393, Wenceslao IV hizo que lo arrojaran al Vltava para ocultar las se\u00f1ales de tortura.<\/p>\n<p>Hoy en d\u00eda, se dice que tocar el relieve del santo trae buena suerte. El perro a la izquierda y el torso y la falda de una mujer al otro lado de la figura son acariciados y relucientes.<\/p>\n<h3 id=\"t-1670484104901\">vendedor ambulante<\/h3>\n<p>El Puente de Carlos est\u00e1 muy ocupado durante casi 24 horas. Los m\u00fasicos tocan canciones y numerosos comerciantes venden souvenirs y arte, puedes retratarte o caricaturizarte con solo unos pocos trazos.<\/p>\n<h3 id=\"t-1670484104902\">Moldava y vista<\/h3>\n<p>Desde el Puente de Carlos tiene una vista \u00fanica del Vltava y el Castillo de Praga. Debajo del puente hay barcos hist\u00f3ricos, los \u00abVenice Ferries\u00bb de Praga. Cada a\u00f1o, el 15 de mayo, se celebra el festival Navalis en el agua alrededor del puente. San Nepomuceno, uno de los santos patronos de los gondoleros, se conmemora con m\u00fasica barroca, fuegos artificiales, g\u00f3ndolas y regatas. www.navalis.cz<\/p>\n<h3 id=\"t-1670484104903\">Museo del Puente de Carlos<\/h3>\n<p>En el lado de la Ciudad Vieja, en las inmediaciones del Puente de Carlos, hay un <a data-id=\"www.muzeumkarlovamostu.cz\" data-type=\"URL\" href=\"http:\/\/www.muzeumkarlovamostu.cz\" target=\"_blank\" style=\"outline: none;\" rel=\"noopener\">museo<\/a> del mismo nombre en las instalaciones de un antiguo hospital. Aqu\u00ed se cuenta v\u00edvidamente la historia y la construcci\u00f3n del Puente de Carlos.&nbsp;<\/p>\n<h2 id=\"t-1670484104904\">\u00bfC\u00f3mo llego al Puente de Carlos?<\/h2>\n<p><span><img decoding=\"async\" alt=\"C\u00f3mo llegar al Puente de Carlos en Praga\" data-id=\"2273\" width=\"702\" data-init-width=\"1000\" height=\"468\" data-init-height=\"667\" title=\"C\u00f3mo llegar al Puente de Carlos en Praga\" loading=\"lazy\" src=\"https:\/\/praguetouristinformation.com\/es\/wp-content\/uploads\/2020\/12\/Wie-komme-ich-zur-Karlsbruecke.jpg\" data-width=\"702\" data-height=\"468\" data-pin-media=\"https:\/\/praguetouristinformation.com\/es\/wp-content\/uploads\/2021\/01\/prag_karlsbruecke_pinterest.jpg\" data-pin-description=\"Guide zur Karlsbr\u00fccke: Sehensw\u00fcrdigkeiten &amp; Geschichte 2022\" data-pin-url=\"https:\/\/praguetouristinformation.com\/es\/cosas-que-hacer\/puente-de-carlos?tve=true&amp;tcbf=5a48c4570a\" data-pinpro-key=\"lbs17s43x\"><\/span><\/p>\n<p>Se puede llegar al Puente de Carlos en la l\u00ednea A del metro, l\u00ednea verde, a trav\u00e9s de la estaci\u00f3n Staromestsk\u00e1 en el casco antiguo y a trav\u00e9s de la estaci\u00f3n Malostansk\u00e1 en Lesser Town.<\/p>\n<p>Adem\u00e1s, las l\u00edneas de tranv\u00eda 17 y 18 van hasta el Puente de Carlos.<\/p>\n<h2 id=\"t-1670484104905\">Historia del Puente de Carlos<\/h2>\n<p><span><img decoding=\"async\" alt=\"Historia del Puente de Carlos en Praga\" data-id=\"3106\" width=\"702\" data-init-width=\"1200\" height=\"369\" data-init-height=\"630\" title=\"Historia del Puente de Carlos en Praga\" loading=\"lazy\" src=\"https:\/\/praguetouristinformation.com\/es\/wp-content\/uploads\/2021\/02\/Impressum-for-Prague.jpg\" data-width=\"702\" data-height=\"369\" data-pin-media=\"https:\/\/praguetouristinformation.com\/es\/wp-content\/uploads\/2021\/01\/prag_karlsbruecke_pinterest.jpg\" data-pin-description=\"Guide zur Karlsbr\u00fccke: Sehensw\u00fcrdigkeiten &amp; Geschichte 2022\" data-pin-url=\"https:\/\/praguetouristinformation.com\/es\/cosas-que-hacer\/puente-de-carlos?tve=true&amp;tcbf=5a48c4570a\" data-pinpro-key=\"yloiuc0pf\"><\/span><\/p>\n<p>El Puente de Carlos es el puente sobreviviente m\u00e1s antiguo sobre el r\u00edo Vltava y uno de los puentes de piedra m\u00e1s antiguos de Europa.<\/p>\n<p>La piedra angular fue colocada por el emperador Carlos IV el 9 de julio de 1357, una fecha que los astr\u00f3logos han calculado como particularmente auspiciosa. El puente de piedra de Ratisbona sirvi\u00f3 de modelo. Fue terminado en 1402.<\/p>\n<p>Est\u00e1 fortificado en ambos lados con torres de puente, Lesser Town Bridge Tower y Old Town Bridge Tower. El puente conecta el casco antiguo con el Barrio Peque\u00f1o a trav\u00e9s de 16 arcos. Tiene 520 metros de largo y 10 metros de ancho y representa una obra maestra arquitect\u00f3nica y est\u00e1tica.Hasta 1836 fue el \u00fanico puente sobre el Vltava.<\/p>\n<p>Entre 1683 y 1928, se erigieron 30 esculturas en los pilares del puente, siendo la m\u00e1s famosa la de San Juan Nepomuceno de 1683, que se dice que trae buena suerte si se toca.<\/p>\n<p>El camino real de los reyes checos tambi\u00e9n pasaba por el Puente de Carlos hasta el Castillo de Praga.<\/p>\n<p>El puente no obtuvo su nombre actual hasta 1870, hasta entonces se llamaba simplemente \u00abPuente de Piedra\u00bb. Hab\u00eda estado abierto a los tranv\u00edas tirados por caballos desde 1883 y tambi\u00e9n a los tranv\u00edas el\u00e9ctricos a principios del siglo XX.<\/p>\n<p>Hoy en d\u00eda solo es accesible para peatones.<\/p>\n<h2 id=\"t-1670484104906\">Contacto<\/h2>\n<ul>\n<li><strong>Direcci\u00f3n:<\/strong> Karl\u016fv most, 110 00 Praga<\/li>\n<li><strong>Transporte p\u00fablico<\/strong> : Metro, l\u00ednea verde A, estaci\u00f3n Staromestsk\u00e1 en Old Town y estaci\u00f3n Malostansk\u00e1 en Lesser Town <strong>Horario<\/strong> de apertura : El puente est\u00e1 abierto las 24 horas. Para conocer los horarios de apertura de la <strong>Torre del Puente de la Ciudad Vieja<\/strong> , haga clic <a data-id=\"http:\/\/en.muzeumprahy.cz\/201-the-old-town-bridge-tower\/\" data-type=\"URL\" href=\"http:\/\/en.muzeumprahy.cz\/201-the-old-town-bridge-tower\/\" target=\"_blank\" style=\"outline: none;\" data-lt-tmp-id=\"lt-920075\" spellcheck=\"false\" rel=\"noopener\">aqu\u00ed. <\/a>Para los de <strong>Lesser Town Bridge Tower<\/strong> , haga clic <a data-id=\"http:\/\/en.muzeumprahy.cz\/202-the-lesser-town-bridge-tower\/\" data-type=\"URL\" href=\"http:\/\/en.muzeumprahy.cz\/202-the-lesser-town-bridge-tower\/\" target=\"_blank\" style=\"outline: none;\" rel=\"noopener\">aqu\u00ed<\/a> . El horario de apertura del Museo del Puente de Carlos se puede encontrar <a data-id=\"www.muzeumkarlovamostu.cz\" data-type=\"URL\" href=\"http:\/\/www.muzeumkarlovamostu.cz\" target=\"_blank\" rel=\"noopener\">aqu\u00ed.<\/a><a data-id=\"http:\/\/en.muzeumprahy.cz\/201-the-old-town-bridge-tower\/\" data-type=\"URL\" href=\"http:\/\/en.muzeumprahy.cz\/201-the-old-town-bridge-tower\/\" target=\"_blank\" style=\"outline: none;\" data-lt-tmp-id=\"lt-920075\" spellcheck=\"false\" rel=\"noopener\"><\/a><strong><\/strong><a data-id=\"http:\/\/en.muzeumprahy.cz\/202-the-lesser-town-bridge-tower\/\" data-type=\"URL\" href=\"http:\/\/en.muzeumprahy.cz\/202-the-lesser-town-bridge-tower\/\" target=\"_blank\" style=\"outline: none;\" rel=\"noopener\"><\/a><a data-id=\"www.muzeumkarlovamostu.cz\" data-type=\"URL\" href=\"http:\/\/www.muzeumkarlovamostu.cz\" target=\"_blank\" rel=\"noopener\"><\/a><\/li>\n<\/ul>\n","protected":false},"excerpt":{"rendered":"<p>El Puente de Carlos es uno de los puentes de piedra m\u00e1s antiguos de Europa. Conecta la Ciudad Vieja (Star\u00e9 Mesto) con la Ciudad Peque\u00f1a (Mal\u00e1 Strana). El puente sobre el Vltava est\u00e1 delimitado por dos torres y solo est\u00e1 abierto para peatones. Hay una animada actividad aqu\u00ed casi todo el d\u00eda. En esta p\u00e1gina [&hellip;]<\/p>\n","protected":false},"author":6,"featured_media":2269,"parent":247,"menu_order":0,"comment_status":"closed","ping_status":"closed","template":"","meta":{"footnotes":""},"categories":[],"tags":[19,24],"class_list":["post-664","page","type-page","status-publish","has-post-thumbnail","hentry","tag-sehenswuerdigkeiten","tag-top-10","post-wrapper","thrv_wrapper"],"_links":{"self":[{"href":"https:\/\/praguetouristinformation.com\/es\/wp-json\/wp\/v2\/pages\/664","targetHints":{"allow":["GET"]}}],"collection":[{"href":"https:\/\/praguetouristinformation.com\/es\/wp-json\/wp\/v2\/pages"}],"about":[{"href":"https:\/\/praguetouristinformation.com\/es\/wp-json\/wp\/v2\/types\/page"}],"author":[{"embeddable":true,"href":"https:\/\/praguetouristinformation.com\/es\/wp-json\/wp\/v2\/users\/6"}],"replies":[{"embeddable":true,"href":"https:\/\/praguetouristinformation.com\/es\/wp-json\/wp\/v2\/comments?post=664"}],"version-history":[{"count":4,"href":"https:\/\/praguetouristinformation.com\/es\/wp-json\/wp\/v2\/pages\/664\/revisions"}],"predecessor-version":[{"id":4752,"href":"https:\/\/praguetouristinformation.com\/es\/wp-json\/wp\/v2\/pages\/664\/revisions\/4752"}],"up":[{"embeddable":true,"href":"https:\/\/praguetouristinformation.com\/es\/wp-json\/wp\/v2\/pages\/247"}],"wp:featuredmedia":[{"embeddable":true,"href":"https:\/\/praguetouristinformation.com\/es\/wp-json\/wp\/v2\/media\/2269"}],"wp:attachment":[{"href":"https:\/\/praguetouristinformation.com\/es\/wp-json\/wp\/v2\/media?parent=664"}],"wp:term":[{"taxonomy":"category","embeddable":true,"href":"https:\/\/praguetouristinformation.com\/es\/wp-json\/wp\/v2\/categories?post=664"},{"taxonomy":"post_tag","embeddable":true,"href":"https:\/\/praguetouristinformation.com\/es\/wp-json\/wp\/v2\/tags?post=664"}],"curies":[{"name":"wp","href":"https:\/\/api.w.org\/{rel}","templated":true}]}}