{"id":662,"date":"2020-10-04T19:20:26","date_gmt":"2020-10-04T19:20:26","guid":{"rendered":"https:\/\/praguetouristinformation.com\/es\/?page_id=662"},"modified":"2023-05-03T06:58:36","modified_gmt":"2023-05-03T06:58:36","slug":"plaza-de-wenceslao","status":"publish","type":"page","link":"https:\/\/praguetouristinformation.com\/es\/cosas-que-hacer\/ciudad-vieja\/plaza-de-wenceslao","title":{"rendered":"Gu\u00eda de la Plaza de Wenceslao: Lugares de inter\u00e9s, Mercado de Navidad &#038; Historia"},"content":{"rendered":"<h3 id=\"t-1670399031701\">La Plaza de Wenceslao se encuentra en la Ciudad Nueva de Praga. N\u00fameros de caf\u00e9s, restaurantes y hoteles se encuentran en la Plaza de Wenceslao y otros lugares.<\/h3>\n<p>En las calles adyacentes hay una gran selecci\u00f3n de tiendas y boutiques en diferentes rangos de precios.<\/p>\n<p>Con una longitud de 750 metros, es una de las plazas m\u00e1s grandes de Europa.<\/p>\n<p>En esta p\u00e1gina hay otra informaci\u00f3n importante sobre la Plaza de Wenceslao, incluyendo los principales de inter\u00e9s y la historia de la plaza.&nbsp;<\/p>\n<h2 id=\"t-1670399031702\">\u00bfQu\u00e9 puedo hacer en la Plaza de Wenceslao?<\/h2>\n<h3 id=\"t-1670399031703\">1. Museo Nacional<\/h3>\n<p><span><img decoding=\"async\" alt=\"\" data-id=\"3648\" width=\"688\" data-init-width=\"1000\" height=\"457\" data-init-height=\"664\" title=\"Museo Nacional de Praga en un d\u00eda soleado\" loading=\"lazy\" src=\"https:\/\/praguetouristinformation.com\/es\/wp-content\/uploads\/2022\/12\/prague-national-museum1.jpg\" data-width=\"688\" data-height=\"457\" data-pin-media=\"https:\/\/praguetouristinformation.com\/es\/wp-content\/uploads\/2021\/02\/36.jpg\" data-pin-description=\"Guide zum Wenzelsplatz 2022 | Infos &amp; Sehensw\u00fcrdigkeiten\" data-pin-url=\"https:\/\/praguetouristinformation.com\/es\/sehenswuerdigkeiten\/altstadt\/wenzelsplatz?tve=true&amp;tcbf=e8b25a02bb\" data-pinpro-key=\"xd97q1zo5\"><\/span><\/p>\n<p>El <a data-id=\"654\" data-type=\"page\" href=\"https:\/\/praguetouristinformation.com\/es\/cosas-que-hacer\/museos\/nacional\" style=\"outline: none;\">Museo Nacional<\/a> es el complejo de museos m\u00e1s grande y antiguo de la Rep\u00fablica Checa. Adem\u00e1s del edificio principal en la Plaza de Wenceslao, que consta de una parte antigua y una nueva, el museo cuenta con numerosos espacios de exposici\u00f3n en toda Praga. La entrada del Museo Nacional, que puedes comprar aqu\u00ed, valida tanto para la parte antigua como para la nueva.<\/p>\n<h3 id=\"t-1670399031704\">2. Museo de la Guerra Fr\u00eda<\/h3>\n<p>El Museo de la Guerra Fr\u00eda se encuentra en el s\u00f3tano del hotel de lujo Yalta. El antiguo refugio nuclear secreto de la d\u00e9cada de 1950 servir\u00eda como sede del equipo de gestion de crisis del Pacto de Varsovia en caso de guerra.<\/p>\n<p>En 2013 se inaugur\u00f3 aqu\u00ed el museo. Entre otras cosas, se pueden ver dispositivos de escucha de la polic\u00eda secreta, una antigua centralita telef\u00f3nica y m\u00e1quina de fax, m\u00e1scaras antig\u00e1s, peri\u00f3dicos, uniformes de guardias fronterizos y una ametralladora de los a\u00f1os 50.<\/p>\n<p>Las visitas guiadas se pueden reservar a trav\u00e9s de la recepci\u00f3n del <a href=\"https:\/\/www.hoteljalta.com\/de\/was-besuchen\/\" target=\"_blank\" style=\"outline: none;\" rel=\"noopener\">Hotel Yalta .<\/a><\/p>\n<h3 id=\"t-1670399031705\">3. Monumento a Jan Palach y Jan Zaj\u00edc<\/h3>\n<p><span><img decoding=\"async\" alt=\"\" data-id=\"3672\" width=\"688\" data-init-width=\"1000\" height=\"459\" data-init-height=\"667\" title=\"Memorial,Construido,En,P\u00fablico,Acera,En,Praga,Est\u00e1,Dedicado,A\" loading=\"lazy\" src=\"https:\/\/praguetouristinformation.com\/es\/wp-content\/uploads\/2022\/12\/Jan-Palach-and-Jan-Zajic-Monument.jpg\" data-width=\"688\" data-height=\"459\" data-pin-media=\"https:\/\/praguetouristinformation.com\/es\/wp-content\/uploads\/2021\/02\/36.jpg\" data-pin-description=\"Guide zum Wenzelsplatz 2022 | Infos &amp; Sehensw\u00fcrdigkeiten\" data-pin-url=\"https:\/\/praguetouristinformation.com\/es\/sehenswuerdigkeiten\/altstadt\/wenzelsplatz?tve=true&amp;tcbf=e8b25a02bb\" data-pinpro-key=\"qjxakvsev\"><\/span><\/p>\n<p>El 16 de enero de 1969, el estudiante de veinte a\u00f1os Jan Palach se roci\u00f3 con gasolina, encendi\u00f3 una cerilla y baj\u00f3 corriendo las escaleras del Museo Nacional hacia la Plaza de Wenceslao como una antorcha humana. Quer\u00eda protestar contra la represi\u00f3n de la Primavera de Praga y los dictados de la Uni\u00f3n Sovi\u00e9tica. Sucumbi\u00f3 a sus quemaduras cuatro d\u00edas despu\u00e9s.<\/p>\n<p>El 25 de febrero de 1969, Jan Zaj\u00edc, tambi\u00e9n conocido como \u00abAntorcha No. 2\u00bb, hizo lo mismo y muri\u00f3 de inmediato.<\/p>\n<p>Hay monumentos colocados a los estudiantes en el frente del Museo Nacional.<\/p>\n<h3 id=\"t-1670399031706\">4. La \u00d3pera Estatal de Praga &#8211; Statni Opera Praha<\/h3>\n<p><span><img decoding=\"async\" alt=\"\" data-id=\"3673\" width=\"688\" data-init-width=\"1000\" height=\"459\" data-init-height=\"667\" title=\"Foto,De,Estado,Opera,En,Checo,Ciudad,Praga\" loading=\"lazy\" src=\"https:\/\/praguetouristinformation.com\/es\/wp-content\/uploads\/2022\/12\/Prague-State-Opera.jpg\" data-width=\"688\" data-height=\"459\" data-pin-media=\"https:\/\/praguetouristinformation.com\/es\/wp-content\/uploads\/2021\/02\/36.jpg\" data-pin-description=\"Guide zum Wenzelsplatz 2022 | Infos &amp; Sehensw\u00fcrdigkeiten\" data-pin-url=\"https:\/\/praguetouristinformation.com\/es\/sehenswuerdigkeiten\/altstadt\/wenzelsplatz?tve=true&amp;tcbf=e8b25a02bb\" data-pinpro-key=\"o8pyogzqu\"><\/span><\/p>\n<p>La \u00d3pera Estatal de Praga es uno de los edificios theaterles m\u00e1s hermosos de Europa, con su gran auditorio, escenario espacioso y decoraciones neorrococ\u00f3.<\/p>\n<p>El teatro se inaugur\u00f3 en 1888 como el teatro alem\u00e1n de Praga con la \u00f3pera de Wagner Die Meistersinger von N\u00fcrnberg. La \u00d3pera Estatal forma parte del Teatro Nacional y en su escenario act\u00faan conjuntos de \u00f3pera y ballet.<\/p>\n<p>El programa de la \u00d3pera Estatal <a href=\"https:\/\/www.narodni-divadlo.cz\/cs\" target=\"_blank\" style=\"outline: none;\" rel=\"noopener\">se puede encontrar aqu\u00ed <\/a><a href=\"http:\/\/www.narodni-divadlo.cz\/\" style=\"outline: none;\" target=\"_blank\" rel=\"noopener\">.<\/a><\/p>\n<h3 id=\"t-1670399031707\">5. <strong>Monumento a San Wenceslao<\/strong><\/h3>\n<p><span><img decoding=\"async\" alt=\"\" data-id=\"3677\" width=\"688\" data-init-width=\"1000\" height=\"459\" data-init-height=\"667\" title=\"Estatua de San Wenceslao en Praga, un antiguo monumento a\" loading=\"lazy\" src=\"https:\/\/praguetouristinformation.com\/es\/wp-content\/uploads\/2022\/12\/St.-Wenceslas-Monument.jpg\" data-width=\"688\" data-height=\"459\" data-pin-media=\"https:\/\/praguetouristinformation.com\/es\/wp-content\/uploads\/2021\/02\/36.jpg\" data-pin-description=\"Guide zum Wenzelsplatz 2022 | Infos &amp; Sehensw\u00fcrdigkeiten\" data-pin-url=\"https:\/\/praguetouristinformation.com\/es\/sehenswuerdigkeiten\/altstadt\/wenzelsplatz?tve=true&amp;tcbf=e8b25a02bb\" data-pinpro-key=\"p2kfu3ssj\"><\/span><\/p>\n<p>San Wenceslao, que dio nombre a la plaza, ascendi\u00f3 al trono checo en 922 y fue asesinado por su hermano el 28 de septiembre de 935. Sus fechas exactas de nacimiento no se conocen hasta el d\u00eda de hoy.<\/p>\n<p>Una enorme estatua ecuestre de bronce conmemora al pol\u00edtico bohemio. Data de 1913 y fue creada por el artista Josef V\u00e1clav Myslbek. Adem\u00e1s de Svat\u00fd V\u00e1clav, San Wenceslao, que se representa como el santo patr\u00f3n con armadura y es considerado un h\u00e9roe nacional checo, tambi\u00e9n se modelaron los cuatro santos patronos: Ludmilla, Prokop, In\u00e9s y Adalberto.<\/p>\n<h3 id=\"t-1670399031708\">6. Arquitectura<\/h3>\n<p><span><img decoding=\"async\" alt=\"\" data-id=\"3675\" width=\"688\" data-init-width=\"1000\" height=\"459\" data-init-height=\"667\" title=\"Praga, Rep\u00fablica Checa-septiembre, 06, 2015:, Edificios, Gente, Noche, Vida, De\" loading=\"lazy\" src=\"https:\/\/praguetouristinformation.com\/es\/wp-content\/uploads\/2022\/12\/Wenceslas-Square.jpg\" data-width=\"688\" data-height=\"459\" data-pin-media=\"https:\/\/praguetouristinformation.com\/es\/wp-content\/uploads\/2021\/02\/36.jpg\" data-pin-description=\"Guide zum Wenzelsplatz 2022 | Infos &amp; Sehensw\u00fcrdigkeiten\" data-pin-url=\"https:\/\/praguetouristinformation.com\/es\/sehenswuerdigkeiten\/altstadt\/wenzelsplatz?tve=true&amp;tcbf=e8b25a02bb\" data-pinpro-key=\"kzlj6rvew\"><\/span><\/p>\n<p>Alrededor de la Plaza de Wenceslao hay muchas casas barrocas bien conservadas o edificios con fachadas Art Nouveau.<\/p>\n<p>Los numerosos caf\u00e9s y <a data-id=\"761\" data-type=\"page\" href=\"https:\/\/praguetouristinformation.com\/es\/restaurantes\" style=\"outline: none;\">restaurantes<\/a> de la plaza y sus alrededores invitan a quedarse.<\/p>\n<h2 id=\"t-1670399031709\" data-alt-text=\"Weihnachtsmarkt \">Mercado de Navidad en la Plaza de Wenceslao<\/h2>\n<p><span><img decoding=\"async\" alt=\"\" data-id=\"3597\" width=\"688\" data-init-width=\"1000\" height=\"460\" data-init-height=\"668\" title=\"Navidad, \u00c1rbol, Y, Hada, Cuento, Iglesia, De, Nuestra, Se\u00f1ora, Tyn\" loading=\"lazy\" src=\"https:\/\/praguetouristinformation.com\/es\/wp-content\/uploads\/2022\/12\/prague-christmas-market.jpg\" data-width=\"688\" data-height=\"460\" data-pin-media=\"https:\/\/praguetouristinformation.com\/es\/wp-content\/uploads\/2021\/02\/36.jpg\" data-pin-description=\"Guide zum Wenzelsplatz 2022 | Infos &amp; Sehensw\u00fcrdigkeiten\" data-pin-url=\"https:\/\/praguetouristinformation.com\/es\/sehenswuerdigkeiten\/altstadt\/wenzelsplatz?tve=true&amp;tcbf=e8b25a02bb\" data-pinpro-key=\"y63a85fr3\"><\/span><\/p>\n<p>Cada a\u00f1o, durante el Adviento, el segundo mercado navide\u00f1o m\u00e1s grande de Praga se lleva a cabo en el extremo inferior de la Plaza de Wenceslao.<\/p>\n<p>La mayor parte de los productos que se ofrecen est\u00e1n hechos a mano, destacando los juguetes de madera, la cristaler\u00eda y las obras de arte en hierro y acero realizadas por los artesanos herreros.<\/p>\n<p>Las cunas de madera o pan de jengibre, dise\u00f1adas con mucho cari\u00f1o, tambi\u00e9n son indispensables.<\/p>\n<p>Los \u00e1rboles que rodean la plaza de Wenceslao est\u00e1n decorados con innumerables luces de hadas y crean un ambiente navide\u00f1o.<\/p>\n<h2 id=\"t-1670399031710\" data-alt-text=\"Wie komme ich zum Wenzelsplatz?\">\u00bfC\u00f3mo llego a la Plaza de Wenceslao?<\/h2>\n<p>Se puede llegar a la plaza de Wenceslao en metro, l\u00ednea verde A o l\u00ednea amarilla B, parada M\u016fstek o a trav\u00e9s de la parada Muzeum, l\u00ednea amarilla A o l\u00ednea roja C.<\/p>\n<h2 id=\"t-1670399031711\">Revoluci\u00f3n de Terciopelo en la Plaza de Wenceslao<\/h2>\n<p>El \u00faltimo gran evento del siglo que tuvo lugar aqu\u00ed fue la llamada Revoluci\u00f3n de Terciopelo en noviembre de 1989.<\/p>\n<p>Tausende von Demonstranten dr\u00e4ngten auf den Wenzelsplatz um zusammen mit Vaclav Havel \u2013 dem sp\u00e4teren Pr\u00e4sidenten der tschechischen Republik &#8211;&nbsp; und Alexander Dubcek den R\u00fccktritt des Politb\u00fcros zu fordern. Ihre Rede, in der sie die politische Umgestaltung des Landes forderten, hielten sie vom Balkon des Hauses Nr. 56 am 24. November 1989.<\/p>\n<p>Klingende Schl\u00fcssel wurden zum Symbol der Freiheit und sollten im \u00fcbertragenem Sinn die eigene Wende einl\u00e4uten. Der sanfte Widerstand f\u00fchrte zum endg\u00fcltigen Sturz der kommunistischen Regierung und letztendlich zum Fall des \u201eEisernen Vorhangs\u201c.<\/p>\n<h2 id=\"t-1670399031712\" data-alt-text=\"Geschichte\">Geschichte des Wenzelsplatzes<\/h2>\n<p><span><img decoding=\"async\" alt=\"\" data-id=\"3676\" width=\"688\" data-init-width=\"1000\" height=\"458\" data-init-height=\"666\" title=\"Noche, Ver, De, Wenceslao, Plaza, Y, Nacional, Museo, En, Praga,\" loading=\"lazy\" src=\"https:\/\/praguetouristinformation.com\/es\/wp-content\/uploads\/2022\/12\/Wenceslas-Square2.jpg\" data-width=\"688\" data-height=\"458\" data-pin-media=\"https:\/\/praguetouristinformation.com\/es\/wp-content\/uploads\/2021\/02\/36.jpg\" data-pin-description=\"Guide zum Wenzelsplatz 2022 | Infos &amp; Sehensw\u00fcrdigkeiten\" data-pin-url=\"https:\/\/praguetouristinformation.com\/es\/sehenswuerdigkeiten\/altstadt\/wenzelsplatz?tve=true&amp;tcbf=e8b25a02bb\" data-pinpro-key=\"5m11yn0jt\"><\/span><\/p>\n<p>En realidad, la Plaza de Wenceslao no es una plaza, sino un bulevar de 60 metros de ancho y 750 metros de largo. Desde la fundaci\u00f3n de la nueva ciudad en 1348, ha sido su punto focal. Dado que aqu\u00ed sol\u00eda tener lugar un mercado de caballos, la plaza se llam\u00f3 originalmente \u00abRossmarkt\u00bb, y no se le dio su nombre actual hasta 1848.<\/p>\n<p>Las primeras ampliaciones estructurales tuvieron lugar en los siglos XVII y XVIII, y entre 1890 y 1930 aproximadamente se le dio a la plaza la forma que tiene hoy en d\u00eda. En esta \u00e9poca se construyeron numerosos palacios c\u00edvicos. Se intercalaron variados edificios residenciales entre los edificios comerciales.<\/p>\n<p>Como el lugar de reuni\u00f3n pol\u00edtica m\u00e1s importante de la rep\u00fablica, fue escenario de grandes manifestaciones y muchas veces sirvi\u00f3 como tel\u00f3n de fondo para manifestaciones y manifestaciones pol\u00edticas.<\/p>\n<p>El 16 de enero de 1969, el estudiante de veinte a\u00f1os Jan Palach baj\u00f3 corriendo las escaleras del Museo Nacional hacia la Plaza de Wenceslao como una antorcha humana para protestar por la represi\u00f3n de la Primavera de Praga. El 25 de febrero de 1969, Jan Zaj\u00edc hizo lo mismo, por lo que tambi\u00e9n se le conoce como \u00abAntorcha No. 2\u00bb.<\/p>\n<p>En noviembre de 1989, la Plaza de Wenceslao se convirti\u00f3 en el escenario de la Revoluci\u00f3n de Terciopelo que anunci\u00f3 el fin del r\u00e9gimen comunista en la Rep\u00fablica Checa.<\/p>\n<p>Hoy en d\u00eda, la Plaza de Wenceslao es una de las plazas m\u00e1s populares y concurridas de Praga. Numerosos restaurantes, <a data-id=\"258\" data-type=\"page\" href=\"https:\/\/praguetouristinformation.com\/es\/restaurantes\/cafes\" style=\"outline: none;\">caf\u00e9s<\/a> y bares lo invitan a quedarse, muchos hoteles est\u00e1n ubicados en la plaza central y sus alrededores, que es muy animada hasta altas horas de la noche.<\/p>\n<p>La Plaza de la Ciudad Vieja y la Plaza de la Rep\u00fablica est\u00e1n a solo 600 metros.<\/p>\n<h2 id=\"t-1670399031713\">Contacto<\/h2>\n<ul>\n<li><strong>Adresse:<\/strong> V\u00e1clavsk\u00e9 n\u00e1m\u011bst\u00ed, 110 000 Nov\u00e9 M\u011bsto, Prague<\/li>\n<li><strong>\u00d6ffentlicher Verkehr<\/strong>: U-Bahn, gr\u00fcne Linie A oder gelbe Linie B, Haltestelle M\u016fstek oder gelbe Linie A oder rote Linie C, Haltestelle Muzeum<\/li>\n<li><strong>\u00d6ffnungszeiten:<\/strong> Der Platz ist rund um die Uhr ge\u00f6ffnet.<\/li>\n<\/ul>\n","protected":false},"excerpt":{"rendered":"<p>La Plaza de Wenceslao se encuentra en la Ciudad Nueva de Praga. N\u00fameros de caf\u00e9s, restaurantes y hoteles se encuentran en la Plaza de Wenceslao y otros lugares. En las calles adyacentes hay una gran selecci\u00f3n de tiendas y boutiques en diferentes rangos de precios. Con una longitud de 750 metros, es una de las [&hellip;]<\/p>\n","protected":false},"author":6,"featured_media":1714,"parent":742,"menu_order":0,"comment_status":"open","ping_status":"closed","template":"","meta":{"footnotes":""},"categories":[],"tags":[19,24],"class_list":["post-662","page","type-page","status-publish","has-post-thumbnail","hentry","tag-sehenswuerdigkeiten","tag-top-10","post-wrapper","thrv_wrapper"],"_links":{"self":[{"href":"https:\/\/praguetouristinformation.com\/es\/wp-json\/wp\/v2\/pages\/662","targetHints":{"allow":["GET"]}}],"collection":[{"href":"https:\/\/praguetouristinformation.com\/es\/wp-json\/wp\/v2\/pages"}],"about":[{"href":"https:\/\/praguetouristinformation.com\/es\/wp-json\/wp\/v2\/types\/page"}],"author":[{"embeddable":true,"href":"https:\/\/praguetouristinformation.com\/es\/wp-json\/wp\/v2\/users\/6"}],"replies":[{"embeddable":true,"href":"https:\/\/praguetouristinformation.com\/es\/wp-json\/wp\/v2\/comments?post=662"}],"version-history":[{"count":5,"href":"https:\/\/praguetouristinformation.com\/es\/wp-json\/wp\/v2\/pages\/662\/revisions"}],"predecessor-version":[{"id":4737,"href":"https:\/\/praguetouristinformation.com\/es\/wp-json\/wp\/v2\/pages\/662\/revisions\/4737"}],"up":[{"embeddable":true,"href":"https:\/\/praguetouristinformation.com\/es\/wp-json\/wp\/v2\/pages\/742"}],"wp:featuredmedia":[{"embeddable":true,"href":"https:\/\/praguetouristinformation.com\/es\/wp-json\/wp\/v2\/media\/1714"}],"wp:attachment":[{"href":"https:\/\/praguetouristinformation.com\/es\/wp-json\/wp\/v2\/media?parent=662"}],"wp:term":[{"taxonomy":"category","embeddable":true,"href":"https:\/\/praguetouristinformation.com\/es\/wp-json\/wp\/v2\/categories?post=662"},{"taxonomy":"post_tag","embeddable":true,"href":"https:\/\/praguetouristinformation.com\/es\/wp-json\/wp\/v2\/tags?post=662"}],"curies":[{"name":"wp","href":"https:\/\/api.w.org\/{rel}","templated":true}]}}