{"id":660,"date":"2020-10-02T20:02:11","date_gmt":"2020-10-02T20:02:11","guid":{"rendered":"https:\/\/praguetouristinformation.com\/es\/?page_id=660"},"modified":"2023-05-03T12:15:00","modified_gmt":"2023-05-03T12:15:00","slug":"clementinum","status":"publish","type":"page","link":"https:\/\/praguetouristinformation.com\/es\/cosas-que-hacer\/ciudad-vieja\/clementinum","title":{"rendered":"Gu\u00eda del Clementinum: Monumentos, historia y visitas guiadas"},"content":{"rendered":"<h3 id=\"t-1670607483272\">El Clementinum sol\u00eda ser un colegio jesuita creado a partir de un antiguo monasterio.<\/h3>\n<p>Hoy la Biblioteca Nacional Checa se encuentra aqu\u00ed.<\/p>\n<p>Se encuentra justo al lado del <a data-id=\"664\" data-type=\"page\" href=\"https:\/\/praguetouristinformation.com\/es\/karlsbruecke\" style=\"outline: none;\">Puente de Carlos<\/a> en la orilla derecha del Vltava y cubre un \u00e1rea total de m\u00e1s de dos hect\u00e1reas.<\/p>\n<p>En 1837 se construy\u00f3 aqu\u00ed el primer monumento a Mozart del mundo.<\/p>\n<p>Toda la informaci\u00f3n importante sobre Clementinum se recopila aqu\u00ed, incluida la admisi\u00f3n, su historia y la direcci\u00f3n.<\/p>\n<h2 id=\"t-1670607483273\">\u00bfQu\u00e9 puedo ver en el Clementinum?<\/h2>\n<h3 id=\"t-1670607483274\">1. Capilla de los Espejos<\/h3>\n<p><span><img decoding=\"async\" alt=\"\" data-id=\"4135\" width=\"735\" data-init-width=\"1000\" height=\"414\" data-init-height=\"563\" title=\"Mirror Chapel Clementarium Praga, Rep\u00fablica Checa\" loading=\"lazy\" src=\"https:\/\/praguetouristinformation.com\/es\/wp-content\/uploads\/2022\/12\/Mirror-Chappel-Clementarium-Prague-Czech-Republic.jpg\" data-width=\"735\" data-height=\"414\" data-pin-media=\"https:\/\/praguetouristinformation.com\/es\/wp-content\/uploads\/2021\/02\/37-1.jpg\" data-pin-description=\"Clementinum: Sehensw\u00fcrdigkeiten, Geschichte &amp; F\u00fchrungen\" data-pin-url=\"https:\/\/praguetouristinformation.com\/es\/cosas-que-hacer\/ciudad-vieja\/clementinum?tve=true&amp;tcbf=3c0ae20cee\" data-pinpro-key=\"8p3r3mbjj\"><\/span><\/p>\n<p>La imponente capilla del espejo se complet\u00f3 en 1725. En el techo de espejos, el patr\u00f3n del piso se vuelve visible como un cielo estrellado. Estuco dorado, techos pintados y revestimientos de paredes de m\u00e1rmol complementan el opulento interior. Conciertos de m\u00fasica cl\u00e1sica se han celebrado aqu\u00ed regularmente desde 1936.<\/p>\n<h3 id=\"t-1670607483275\">2. Torre astron\u00f3mica con figura de Atlas<\/h3>\n<p><span><img decoding=\"async\" alt=\"\" data-id=\"4133\" width=\"735\" data-init-width=\"1000\" height=\"490\" data-init-height=\"667\" title=\"Reloj Astron\u00f3mico Clementarium Praga, Rep\u00fablica Checa\" loading=\"lazy\" src=\"https:\/\/praguetouristinformation.com\/es\/wp-content\/uploads\/2022\/12\/Astronomical-Clock-Clementarium-Prague-Czech-Republic.jpg\" data-width=\"735\" data-height=\"490\" data-pin-media=\"https:\/\/praguetouristinformation.com\/es\/wp-content\/uploads\/2021\/02\/37-1.jpg\" data-pin-description=\"Clementinum: Sehensw\u00fcrdigkeiten, Geschichte &amp; F\u00fchrungen\" data-pin-url=\"https:\/\/praguetouristinformation.com\/es\/cosas-que-hacer\/ciudad-vieja\/clementinum?tve=true&amp;tcbf=3c0ae20cee\" data-pinpro-key=\"zh3z3mv8f\"><\/span><\/p>\n<p>Los monjes jesuitas instalaron un observatorio en la torre de casi 70 metros de altura, y desde 1775 se llevan a cabo mediciones meteorol\u00f3gicas aqu\u00ed. A una altura de 52 metros, puede admirar instrumentos de medici\u00f3n del siglo XIX y disfrutar de la magn\u00edfica vista de Praga. Hay un ascensor hasta el tercer piso, luego son 87 tramos de escaleras. O puede subir directamente las escaleras, que tienen 170 escalones.<\/p>\n<p>En la parte superior de la torre se encuentra una figura de Atlas que lleva un globo terr\u00e1queo en la espalda.<\/p>\n<h3 id=\"t-1670607483276\">3. Biblioteca Nacional<\/h3>\n<p><span><img decoding=\"async\" alt=\"\" data-id=\"4136\" width=\"735\" data-init-width=\"1000\" height=\"543\" data-init-height=\"739\" title=\"Biblioteca Nacional Clementarium Praga, Rep\u00fablica Checa\" loading=\"lazy\" src=\"https:\/\/praguetouristinformation.com\/es\/wp-content\/uploads\/2022\/12\/National-Library-Clementarium-Prague-Czech-Republic.jpg\" data-width=\"735\" data-height=\"543\" data-pin-media=\"https:\/\/praguetouristinformation.com\/es\/wp-content\/uploads\/2021\/02\/37-1.jpg\" data-pin-description=\"Clementinum: Sehensw\u00fcrdigkeiten, Geschichte &amp; F\u00fchrungen\" data-pin-url=\"https:\/\/praguetouristinformation.com\/es\/cosas-que-hacer\/ciudad-vieja\/clementinum?tve=true&amp;tcbf=3c0ae20cee\" data-pinpro-key=\"6ehy3zhr5\"><\/span><\/p>\n<p>Los locales que ahora son la sede de la Biblioteca Nacional fueron terminados en 1722. 60 a\u00f1os despu\u00e9s, se estableci\u00f3 aqu\u00ed la Biblioteca Nacional, que contiene una gran colecci\u00f3n de literatura checa. Es considerada la precursora de la Biblioteca Nacional.<\/p>\n<p>En 1930 el edificio se convirti\u00f3 en la sede de la Biblioteca Nacional de los Checos. La sala de la biblioteca barroca del Clementinum alberga m\u00e1s de 20.000 libros hist\u00f3ricos de una amplia variedad de \u00e9pocas.<\/p>\n<p>La sala es un espect\u00e1culo en s\u00ed misma con sus frescos y globos terr\u00e1queos hist\u00f3ricamente valiosos.<\/p>\n<h2 id=\"t-1670607483277\">Visitas guiadas por el Clementinum<\/h2>\n<p>El Clementinum est\u00e1 abierto todo el a\u00f1o.<\/p>\n<p>Consulte el <a href=\"https:\/\/www.klementinum.com\/en\" target=\"_blank\" style=\"outline: none;\" rel=\"noopener\">sitio web<\/a> correspondiente para conocer los precios de admisi\u00f3n e informaci\u00f3n detallada sobre los recorridos .<\/p>\n<h2 id=\"t-1670607483278\">\u00bfC\u00f3mo llego a la Clementina?<\/h2>\n<p>El Clementinum est\u00e1 ubicado cerca del Puente de Carlos en el <a data-id=\"742\" data-type=\"page\" href=\"https:\/\/praguetouristinformation.com\/es\/cosas-que-hacer\/ciudad-vieja\" style=\"outline: none;\">casco antiguo de Praga<\/a> y es f\u00e1cilmente accesible por la l\u00ednea A del metro, L\u00ednea Verde, parada Starom\u0115stsk\u00e1.<\/p>\n<h2 id=\"t-1670607483279\">Historia como colegio jesuita<\/h2>\n<p><span><img decoding=\"async\" alt=\"\" data-id=\"4134\" width=\"735\" data-init-width=\"1000\" height=\"401\" data-init-height=\"545\" title=\"Clementinum Praga Rep\u00fablica Checa\" loading=\"lazy\" src=\"https:\/\/praguetouristinformation.com\/es\/wp-content\/uploads\/2022\/12\/Clementinum-Prague-Czech-Republic.jpg\" data-width=\"735\" data-height=\"401\" data-pin-media=\"https:\/\/praguetouristinformation.com\/es\/wp-content\/uploads\/2021\/02\/37-1.jpg\" data-pin-description=\"Clementinum: Sehensw\u00fcrdigkeiten, Geschichte &amp; F\u00fchrungen\" data-pin-url=\"https:\/\/praguetouristinformation.com\/es\/cosas-que-hacer\/ciudad-vieja\/clementinum?tve=true&amp;tcbf=3c0ae20cee\" data-pinpro-key=\"eu3v2xrlr\"><\/span><\/p>\n<p>Despu\u00e9s del <a data-id=\"738\" data-type=\"page\" href=\"https:\/\/praguetouristinformation.com\/es\/cosas-que-hacer\/castillo\" style=\"outline: none;\">Castillo de Praga<\/a> , el Clementinum es el complejo de edificios m\u00e1s grande de Praga y uno de los complejos de edificios hist\u00f3ricos m\u00e1s grandes de Europa. Cubre un \u00e1rea de m\u00e1s de dos hect\u00e1reas.<\/p>\n<p>Los jesuitas llegaron a Praga en 1556 por invitaci\u00f3n del emperador Fernando. El emperador les dio el antiguo y ruinoso monasterio dominicano de San Clemente para que se establecieran y fund\u00f3 una nueva universidad para competir con la Universidad Carlos. M\u00e1s tarde, la iglesia de San Clemente dio nombre a todo el complejo de edificios.<\/p>\n<p>No fue hasta mediados del siglo XVI que la orden recibi\u00f3 fondos para llevar a cabo trabajos de renovaci\u00f3n y construir nuevos edificios.El complejo de edificios actual se construy\u00f3 entre 1653 y 1726. Inclu\u00eda 3 iglesias, 2 torres, escuelas, una biblioteca, un teatro, un dormitorio y una imprenta.&nbsp;<\/p>\n<p>Emperador Fernando III. En 1654, hizo que Clementinum se fusionara con la Universidad Charles, a la que anteriormente hab\u00eda estado en competencia.<\/p>\n<p>Cuando se aboli\u00f3 la orden en 1773, los monjes tuvieron que abandonar el colegio y el monasterio, y el complejo de edificios pas\u00f3 a ser de propiedad estatal.<\/p>\n<p>En 1837 se construy\u00f3 aqu\u00ed el primer monumento a Mozart del mundo.<\/p>\n<p>Desde 1930 ha sido la sede de la Biblioteca Nacional de los Checos, que almacena aqu\u00ed m\u00e1s de 6 millones de documentos. Tambi\u00e9n alberga el Instituto Astron\u00f3mico de la Academia de Ciencias.<\/p>\n<h2 id=\"t-1670607483280\">Contacto<\/h2>\n<ul>\n<li><strong>Direcci\u00f3n:<\/strong> Marianske n\u00e1m. 5, 110 00 Star\u00e9 M\u011bsto, Praga<\/li>\n<li><strong>Transporte p\u00fablico:<\/strong> Metro l\u00ednea A, L\u00ednea verde, parada Starom\u0115stsk\u00e1<\/li>\n<li><strong>Horario de apertura:<\/strong> &nbsp;Consulte el <a href=\"https:\/\/www.klementinum.com\/en\" target=\"_blank\" style=\"outline: none;\" rel=\"noopener\">sitio web correspondiente para conocer los horarios de apertura exactos <\/a><a href=\"https:\/\/www.klementinum.com\/en\/\" style=\"outline: none;\" target=\"_blank\" rel=\"noopener\">.<\/a><\/li>\n<li><strong>Sitio web<\/strong> : <a href=\"https:\/\/www.klementinum.com\/en\" target=\"_blank\" style=\"outline: none;\" rel=\"noopener\">Klementinum Praga<\/a>&nbsp;<\/li>\n<\/ul>\n","protected":false},"excerpt":{"rendered":"<p>El Clementinum sol\u00eda ser un colegio jesuita creado a partir de un antiguo monasterio. Hoy la Biblioteca Nacional Checa se encuentra aqu\u00ed. Se encuentra justo al lado del Puente de Carlos en la orilla derecha del Vltava y cubre un \u00e1rea total de m\u00e1s de dos hect\u00e1reas. En 1837 se construy\u00f3 aqu\u00ed el primer monumento [&hellip;]<\/p>\n","protected":false},"author":6,"featured_media":1693,"parent":742,"menu_order":0,"comment_status":"closed","ping_status":"closed","template":"","meta":{"footnotes":""},"categories":[],"tags":[22,19],"class_list":["post-660","page","type-page","status-publish","has-post-thumbnail","hentry","tag-museum","tag-sehenswuerdigkeiten","post-wrapper","thrv_wrapper"],"_links":{"self":[{"href":"https:\/\/praguetouristinformation.com\/es\/wp-json\/wp\/v2\/pages\/660","targetHints":{"allow":["GET"]}}],"collection":[{"href":"https:\/\/praguetouristinformation.com\/es\/wp-json\/wp\/v2\/pages"}],"about":[{"href":"https:\/\/praguetouristinformation.com\/es\/wp-json\/wp\/v2\/types\/page"}],"author":[{"embeddable":true,"href":"https:\/\/praguetouristinformation.com\/es\/wp-json\/wp\/v2\/users\/6"}],"replies":[{"embeddable":true,"href":"https:\/\/praguetouristinformation.com\/es\/wp-json\/wp\/v2\/comments?post=660"}],"version-history":[{"count":11,"href":"https:\/\/praguetouristinformation.com\/es\/wp-json\/wp\/v2\/pages\/660\/revisions"}],"predecessor-version":[{"id":4842,"href":"https:\/\/praguetouristinformation.com\/es\/wp-json\/wp\/v2\/pages\/660\/revisions\/4842"}],"up":[{"embeddable":true,"href":"https:\/\/praguetouristinformation.com\/es\/wp-json\/wp\/v2\/pages\/742"}],"wp:featuredmedia":[{"embeddable":true,"href":"https:\/\/praguetouristinformation.com\/es\/wp-json\/wp\/v2\/media\/1693"}],"wp:attachment":[{"href":"https:\/\/praguetouristinformation.com\/es\/wp-json\/wp\/v2\/media?parent=660"}],"wp:term":[{"taxonomy":"category","embeddable":true,"href":"https:\/\/praguetouristinformation.com\/es\/wp-json\/wp\/v2\/categories?post=660"},{"taxonomy":"post_tag","embeddable":true,"href":"https:\/\/praguetouristinformation.com\/es\/wp-json\/wp\/v2\/tags?post=660"}],"curies":[{"name":"wp","href":"https:\/\/api.w.org\/{rel}","templated":true}]}}