{"id":657,"date":"2020-10-02T20:06:38","date_gmt":"2020-10-02T20:06:38","guid":{"rendered":"https:\/\/praguetouristinformation.com\/es\/?page_id=657"},"modified":"2023-05-03T08:51:00","modified_gmt":"2023-05-03T08:51:00","slug":"mucha","status":"publish","type":"page","link":"https:\/\/praguetouristinformation.com\/es\/cosas-que-hacer\/museos\/mucha","title":{"rendered":"Gu\u00eda del Museo Mucha: Exposici\u00f3n, entrada e historia"},"content":{"rendered":"<h3 id=\"t-1670589082321\">El Museo Mucha est\u00e1 ubicado en el centro de Praga en un antiguo palacio de la ciudad, el Palacio Kaunitz.<\/h3>\n<p>Aqu\u00ed se exhiben m\u00e1s de 100 obras del conocido artista Art Nouveau Alfons Mucha.<\/p>\n<p>Aqu\u00ed se recopila toda la informaci\u00f3n importante sobre el Museo Mucha, incluida la entrada, su historia y la direcci\u00f3n.<\/p>\n<h2 id=\"t-1670589082322\">\u00bfQu\u00e9 puedo hacer en el Museo Mucha?<\/h2>\n<p>El Museo Mucha muestra alrededor de 300 obras del conocido artista Art Nouveau Alfons Mucha.<\/p>\n<p>El museo est\u00e1 dividido en siete \u00e1reas tem\u00e1ticas:<\/p>\n<ul>\n<li>Panneaux Decoratifs<\/li>\n<li>carteles de Par\u00eds<\/li>\n<li>Documentos Decorativos<\/li>\n<li>carteles checos<\/li>\n<li>Dibujos a l\u00e1piz y pastel<\/li>\n<li>fotograf\u00edas y recuerdos<\/li>\n<li>La parte m\u00e1s importante de la exposici\u00f3n sobre la vida y obra art\u00edstica de Alfons Mucha es la parte \u201cCarteles de Par\u00eds\u201d.<\/li>\n<\/ul>\n<p>El estudio simulado, algunos de los cuales contienen muebles originales, pretende dar una idea de su vida.<\/p>\n<h3>tienda del museo<\/h3>\n<p>En la tienda del museo del Museo Mucha se puede encontrar una amplia gama de recuerdos inspirados en Mucha.<\/p>\n<h2 id=\"t-1670589082323\">Entradas, entradas y visitas guiadas<\/h2>\n<ul>\n<li><strong>Entrada:<\/strong> El Museo Mucha est\u00e1 abierto todo el a\u00f1o.<\/li>\n<li><strong>Entradas:<\/strong> Consulte el siguiente <a href=\"https:\/\/www.mucha.cz\/es\/\" target=\"_blank\" style=\"outline: none;\" rel=\"noopener\">sitio web<\/a> para conocer los precios de las entradas .<\/li>\n<\/ul>\n<h2 id=\"t-1670589082324\">\u00bfC\u00f3mo llego al Museo Mucha?<\/h2>\n<p>El Museo Mucha se encuentra en la margen derecha del r\u00edo Vltava en el Palacio Kaunitz en el centro de Praga y es f\u00e1cilmente accesible por la l\u00ednea A del metro, l\u00ednea verde, y la l\u00ednea B del metro, l\u00ednea amarilla, estaci\u00f3n M\u016fstek, desde all\u00ed es un pocos minutos a pie.<\/p>\n<h2 id=\"t-1670589082325\">Historia del Museo Mucha<\/h2>\n<p>El Museo Mucha est\u00e1 ubicado en el palacio barroco de Kaunitz en el centro de Praga, que fue reconstruido varias veces durante el siglo XIX. Desde el 13 de junio de 1998 sirve como espacio de exposici\u00f3n permanente de la obra del pintor y artista modernista Alfons Mucha.<\/p>\n<p>En el Museo Mucha se exhiben alrededor de 300 obras de Mucha, quien es considerado uno de los representantes destacados del Art Nouveau, en un \u00e1rea de 500 metros cuadrados.<\/p>\n<p>Nacido el 24 de julio de 1860 en Moravia, Alfons Mucha trabaj\u00f3 inicialmente como oficinista. Despu\u00e9s de unos a\u00f1os, sin embargo, recibi\u00f3 varios encargos de pinturas esc\u00e9nicas y as\u00ed comenz\u00f3 su carrera art\u00edstica.<\/p>\n<p>Se hizo famoso pr\u00e1cticamente de la noche a la ma\u00f1ana cuando pint\u00f3 a Sarah Bernhardt, la actriz occidental m\u00e1s famosa del cambio de siglo, como \u00abGismonda\u00bb en 1894. El cartel \u00abLa dama de las camelias\u00bb dise\u00f1ado en 1896 es ampliamente considerado como uno de los primeros momentos destacados. del arte del cartel Art Nouveau.<\/p>\n<p>En los a\u00f1os 1911 a 1928 cre\u00f3 una obra monumental sobre la historia de los pueblos eslavos, la \u00abEpopeya eslava\u00bb.<\/p>\n<p>Tambi\u00e9n redact\u00f3 documentos de acciones y bonos, sellos postales, billetes de banco y p\u00f3lizas de seguros. Las fotograf\u00edas que tom\u00f3 como fot\u00f3grafo aficionado sirvieron en parte como plantilla para sus gr\u00e1ficos. En 1901 Mucha se convirti\u00f3 en caballero y en 1934 en oficial de la Legi\u00f3n de Honor francesa. Mucha era miembro de la masoner\u00eda.<\/p>\n<p>Econ\u00f3micamente independiente, viv\u00eda con su esposa y sus dos hijos en un castillo al norte de Praga. Despu\u00e9s de la ocupaci\u00f3n alemana de la Rep\u00fablica Checa, fue encarcelado y muri\u00f3 poco despu\u00e9s de su liberaci\u00f3n de neumon\u00eda el 14 de julio de 1939 en Praga.<\/p>\n<h2 id=\"t-1670589082326\">Contacto<\/h2>\n<ul>\n<li><strong>Direcci\u00f3n:<\/strong> Pansk\u00e1 7, 110 00 Star\u00e9 M\u011bsto, Praga<\/li>\n<li><strong>Transporte p\u00fablico:<\/strong> Metro L\u00ednea A, L\u00ednea Verde y Metro L\u00ednea B, L\u00ednea Amarilla, parada M\u016fstek<\/li>\n<li><strong>Horario de apertura:<\/strong> para conocer los horarios de apertura exactos, haga clic en el <a href=\"https:\/\/www.mucha.cz\/es\/\" target=\"_blank\" style=\"outline: none;\" rel=\"noopener\">sitio web correspondiente <\/a><a href=\"https:\/\/www.mucha.cz\/de\/\" target=\"_blank\" rel=\"noopener\">.<\/a><\/li>\n<li><strong>Sitio web<\/strong> : <a href=\"https:\/\/www.mucha.cz\/es\/\" target=\"_blank\" style=\"outline: none;\" rel=\"noopener\">Museo Mucha de Praga<\/a><\/li>\n<\/ul>\n","protected":false},"excerpt":{"rendered":"<p>El Museo Mucha est\u00e1 ubicado en el centro de Praga en un antiguo palacio de la ciudad, el Palacio Kaunitz. Aqu\u00ed se exhiben m\u00e1s de 100 obras del conocido artista Art Nouveau Alfons Mucha. Aqu\u00ed se recopila toda la informaci\u00f3n importante sobre el Museo Mucha, incluida la entrada, su historia y la direcci\u00f3n. \u00bfQu\u00e9 puedo [&hellip;]<\/p>\n","protected":false},"author":6,"featured_media":2502,"parent":137,"menu_order":0,"comment_status":"open","ping_status":"closed","template":"","meta":{"footnotes":""},"categories":[],"tags":[22,19],"class_list":["post-657","page","type-page","status-publish","has-post-thumbnail","hentry","tag-museum","tag-sehenswuerdigkeiten","post-wrapper","thrv_wrapper"],"_links":{"self":[{"href":"https:\/\/praguetouristinformation.com\/es\/wp-json\/wp\/v2\/pages\/657","targetHints":{"allow":["GET"]}}],"collection":[{"href":"https:\/\/praguetouristinformation.com\/es\/wp-json\/wp\/v2\/pages"}],"about":[{"href":"https:\/\/praguetouristinformation.com\/es\/wp-json\/wp\/v2\/types\/page"}],"author":[{"embeddable":true,"href":"https:\/\/praguetouristinformation.com\/es\/wp-json\/wp\/v2\/users\/6"}],"replies":[{"embeddable":true,"href":"https:\/\/praguetouristinformation.com\/es\/wp-json\/wp\/v2\/comments?post=657"}],"version-history":[{"count":10,"href":"https:\/\/praguetouristinformation.com\/es\/wp-json\/wp\/v2\/pages\/657\/revisions"}],"predecessor-version":[{"id":4766,"href":"https:\/\/praguetouristinformation.com\/es\/wp-json\/wp\/v2\/pages\/657\/revisions\/4766"}],"up":[{"embeddable":true,"href":"https:\/\/praguetouristinformation.com\/es\/wp-json\/wp\/v2\/pages\/137"}],"wp:featuredmedia":[{"embeddable":true,"href":"https:\/\/praguetouristinformation.com\/es\/wp-json\/wp\/v2\/media\/2502"}],"wp:attachment":[{"href":"https:\/\/praguetouristinformation.com\/es\/wp-json\/wp\/v2\/media?parent=657"}],"wp:term":[{"taxonomy":"category","embeddable":true,"href":"https:\/\/praguetouristinformation.com\/es\/wp-json\/wp\/v2\/categories?post=657"},{"taxonomy":"post_tag","embeddable":true,"href":"https:\/\/praguetouristinformation.com\/es\/wp-json\/wp\/v2\/tags?post=657"}],"curies":[{"name":"wp","href":"https:\/\/api.w.org\/{rel}","templated":true}]}}