{"id":654,"date":"2020-10-04T19:15:36","date_gmt":"2020-10-04T19:15:36","guid":{"rendered":"https:\/\/praguetouristinformation.com\/es\/?page_id=654"},"modified":"2023-05-03T08:52:11","modified_gmt":"2023-05-03T08:52:11","slug":"nacional","status":"publish","type":"page","link":"https:\/\/praguetouristinformation.com\/es\/cosas-que-hacer\/museos\/nacional","title":{"rendered":"Gu\u00eda del Museo Nacional de Praga: Exposici\u00f3n, historia, precio de la entrada"},"content":{"rendered":"<h3 id=\"t-1670352292651\">El Museo Nacional de Praga se encuentra en la parte superior de la <a data-id=\"662\" data-type=\"page\" href=\"https:\/\/praguetouristinformation.com\/es\/sehenswuerdigkeiten\/altstadt\/wenzelsplatz\">Plaza de Wenceslao<\/a> .<\/h3>\n<p>Es el museo m\u00e1s antiguo y m\u00e1s grande de la Rep\u00fablica Checa. Consta de un Edificio Antiguo, fundado en 1818, y el Edificio Nuevo opuesto, que contrasta arquitect\u00f3nicamente con el mismo.<\/p>\n<p>Adem\u00e1s, el museo cuenta con numerosos edificios de exposiciones en Praga.<\/p>\n<p>Aqu\u00ed se recopila toda la informaci\u00f3n importante sobre el Museo Nacional de Praga, incluida la entrada, su historia y la direcci\u00f3n. La entrada es v\u00e1lida como entrada para ambos edificios del museo.<\/p>\n<h2 id=\"t-1670352292652\">\u00bfQu\u00e9 puedo hacer en el Museo Nacional de Praga?<\/h2>\n<p><span><img decoding=\"async\" alt=\"\" data-id=\"3648\" width=\"722\" data-init-width=\"1000\" height=\"479\" data-init-height=\"664\" title=\"Museo Nacional de Praga en un d\u00eda soleado\" loading=\"lazy\" src=\"https:\/\/praguetouristinformation.com\/es\/wp-content\/uploads\/2022\/12\/prague-national-museum1.jpg\" data-width=\"722\" data-height=\"479\" data-pin-media=\"https:\/\/praguetouristinformation.com\/es\/wp-content\/uploads\/2021\/01\/12.jpg\" data-pin-description=\"Nationalmuseum Prag: Ausstellung, Geschichte, Eintritt 2022\" data-pin-url=\"https:\/\/praguetouristinformation.com\/es\/sehenswuerdigkeiten\/museum\/nationalmuseum?tve=true&amp;tcbf=e8b25a02bb\" data-pinpro-key=\"j83d9349t\"><\/span><\/p>\n<h3 id=\"t-1670352292653\">El edificio antiguo<\/h3>\n<p>El edificio hist\u00f3rico del Museo Nacional en la parte superior de la Plaza de Wenceslao fue declarado monumento cultural nacional en 1962. Adem\u00e1s de las exposiciones temporales, alberga numerosas exposiciones permanentes, que se dividen por temas. Destacan especialmente los siguientes:<\/p>\n<ul>\n<li>Naturaleza: La colecci\u00f3n paleontol\u00f3gica muestra, entre otras cosas, un enorme hueso de dinosaurio, que se dice que es el \u00fanico excavado en la Rep\u00fablica Checa.<\/li>\n<li>Milagros de la evoluci\u00f3n: esta exposici\u00f3n se centra en la historia de la evoluci\u00f3n. Ella quiere rastrear el desarrollo de la vida prehist\u00f3rica hasta los mam\u00edferos.<\/li>\n<li>Historia del siglo XX: el tema de esta colecci\u00f3n multimedia es el entrelazamiento de la pol\u00edtica, la econom\u00eda y la historia cotidiana desde el comienzo de la Primera Rep\u00fablica hasta el siglo XXI.<\/li>\n<li>Humanos: esta exposici\u00f3n cubre la historia del desarrollo humano, desde los neandertales hasta las antiguas culturas mediterr\u00e1neas.<\/li>\n<li>Gabinete del Tesoro y Moneda: Aqu\u00ed se pueden ver joyas, piedras preciosas y una colecci\u00f3n numism\u00e1tica.<\/li>\n<\/ul>\n<h3 id=\"t-1670352292654\">corredor de conexi\u00f3n<\/h3>\n<p>El corredor de conexi\u00f3n entre el edificio hist\u00f3rico y el nuevo edificio alberga una exposici\u00f3n multimedia sobre la historia de la Plaza de Wenceslao entre 1918 y 2018.<\/p>\n<h3 id=\"t-1670352292655\">Nuevo edificio<\/h3>\n<p>Tambi\u00e9n hay numerosas exposiciones permanentes en la parte nueva del Museo Nacional, incluidas las siguientes:<\/p>\n<ul>\n<li><strong>Museo de los Ni\u00f1os:<\/strong> Los temas de la exposici\u00f3n incluyen el mar del Paleoceno, la caza del mamut, la Edad Media y el descubrimiento de las leyes naturales.<\/li>\n<li><strong>Historia:<\/strong> El desarrollo hist\u00f3rico de Bohemia desde el siglo IX hasta la Primera Guerra Mundial es el tema central de esta exposici\u00f3n.<\/li>\n<\/ul>\n<h3 id=\"t-1670352292656\">programas culturales y educativos<\/h3>\n<p>El Museo Nacional ofrece una variedad de programas culturales y educativos. Para obtener m\u00e1s detalles, haga clic aqu\u00ed, ser\u00e1 redirigido al sitio <a data-id=\"https:\/\/www.nm.cz\/en\" data-type=\"URL\" href=\"https:\/\/www.nm.cz\/en\" target=\"_blank\" style=\"outline: none;\" rel=\"noopener\">web<\/a> oficial del museo .<\/p>\n<h3 id=\"t-1670352292657\">Monumento a Jan Palach y Jan Zaj\u00edc<\/h3>\n<p>El 16 de enero de 1969, el estudiante de veinte a\u00f1os Jan Palach se roci\u00f3 con gasolina, encendi\u00f3 una cerilla y baj\u00f3 corriendo las escaleras del Museo Nacional hacia la Plaza de Wenceslao como una antorcha humana. Quer\u00eda protestar contra la represi\u00f3n de la Primavera de Praga y los dictados de la Uni\u00f3n Sovi\u00e9tica. Sucumbi\u00f3 a sus quemaduras cuatro d\u00edas despu\u00e9s.<\/p>\n<p>El 25 de febrero de 1969, Jan Zaj\u00edc, tambi\u00e9n conocido como \u00abAntorcha No. 2\u00bb, hizo lo mismo y muri\u00f3 de inmediato.<\/p>\n<p>Se han colocado monumentos a los dos estudiantes en el suelo frente al Museo Nacional.<\/p>\n<h2 id=\"t-1670352292658\" data-alt-text=\"Eintritt, Tickets und F\u00fchrungen\">Entrada, entradas y visitas guiadas al Museo Nacional de Praga<\/h2>\n<p><span><img decoding=\"async\" alt=\"\" data-id=\"3649\" width=\"722\" data-init-width=\"1000\" height=\"426\" data-init-height=\"590\" title=\"Ver,De,Checo,Nacional,Museo,En,Praga\" loading=\"lazy\" src=\"https:\/\/praguetouristinformation.com\/es\/wp-content\/uploads\/2022\/12\/prague-national-museum2.jpg\" data-width=\"722\" data-height=\"426\" data-pin-media=\"https:\/\/praguetouristinformation.com\/es\/wp-content\/uploads\/2021\/01\/12.jpg\" data-pin-description=\"Nationalmuseum Prag: Ausstellung, Geschichte, Eintritt 2022\" data-pin-url=\"https:\/\/praguetouristinformation.com\/es\/sehenswuerdigkeiten\/museum\/nationalmuseum?tve=true&amp;tcbf=e8b25a02bb\" data-pinpro-key=\"wu9zvrplq\"><\/span><\/p>\n<ul>\n<li><strong>Entrada :<\/strong> Suele haber largas colas frente a la entrada donde hay que esperar al menos 20-30 minutos para conseguir una entrada. Por lo tanto, recomendamos comprar boletos en l\u00ednea aqu\u00ed.<\/li>\n<li><strong>Visita guiada:<\/strong> El Museo Nacional est\u00e1 abierto todo el a\u00f1o. Para obtener m\u00e1s detalles sobre las tarifas de entrada y los detalles de la visita, haga clic aqu\u00ed y acceder\u00e1 al sitio <a data-id=\"https:\/\/www.nm.cz\/en\" data-type=\"URL\" href=\"https:\/\/www.nm.cz\/en\" target=\"_blank\" style=\"outline: none;\" rel=\"noopener\">web<\/a> oficial del museo .<\/li>\n<li><strong>Entrada:<\/strong> La entrada es v\u00e1lida para ambos edificios del Museo Nacional, la parte antigua y la parte nueva.<\/li>\n<\/ul>\n<h2 id=\"t-1670352292659\">\u00bfC\u00f3mo llego al Museo Nacional de Praga?<\/h2>\n<p>El Museo Nacional de Praga est\u00e1 a unos 15 minutos a pie desde la Plaza de la <a data-id=\"621\" data-type=\"page\" href=\"https:\/\/praguetouristinformation.com\/es\/cosas-que-hacer\/ciudad-vieja\/anillo-de-la-ciudad-vieja\" style=\"outline: none;\">Ciudad Vieja<\/a> y se puede llegar f\u00e1cilmente con la l\u00ednea A del metro, l\u00ednea verde, y la l\u00ednea C del metro, l\u00ednea roja, parada Muzeum.<\/p>\n<h2 id=\"t-1670352292660\" data-alt-text=\"Geschichte \">Historia del Museo Nacional de Praga<\/h2>\n<p><span><img decoding=\"async\" alt=\"\" data-id=\"3650\" width=\"722\" data-init-width=\"1000\" height=\"482\" data-init-height=\"667\" title=\"Edificios,Y,Casas,En,El,Centro,Hist\u00f3rico,De,Praga.,Wenceslao\" loading=\"lazy\" src=\"https:\/\/praguetouristinformation.com\/es\/wp-content\/uploads\/2022\/12\/prague-national-museum.jpg\" data-width=\"722\" data-height=\"482\" data-pin-media=\"https:\/\/praguetouristinformation.com\/es\/wp-content\/uploads\/2021\/01\/12.jpg\" data-pin-description=\"Nationalmuseum Prag: Ausstellung, Geschichte, Eintritt 2022\" data-pin-url=\"https:\/\/praguetouristinformation.com\/es\/sehenswuerdigkeiten\/museum\/nationalmuseum?tve=true&amp;tcbf=e8b25a02bb\" data-pinpro-key=\"lbuedex78\"><\/span><\/p>\n<p>El Museo Nacional de Praga fue fundado en 1818 como \u00abEl Museo de la Patria en Bohemia\u00bb por la llamada proclamaci\u00f3n de gala de la nobleza nacional, encabezada por el mineralogista y paleont\u00f3logo Kaspar Graf von Sternberg. En 1934 pas\u00f3 a ser propiedad del pa\u00eds y en 1949 pas\u00f3 a ser propiedad del Estado. Inicialmente, las colecciones ten\u00edan una orientaci\u00f3n principalmente cient\u00edfica.<\/p>\n<p>Hoy en d\u00eda, el edificio principal en la Plaza de Wenceslao alberga, entre otros, un departamento arqueol\u00f3gico-hist\u00f3rico, mineral\u00f3gico, zool\u00f3gico y antropol\u00f3gico. Ha sido renovado durante 7 a\u00f1os y reabierto en octubre de 2018.<\/p>\n<p>El edificio llama la atenci\u00f3n por su monumentalidad. Se puede acceder al frente de m\u00e1s de 100 metros de largo a trav\u00e9s de una rampa, losas de m\u00e1rmol dorado con los nombres de importantes personalidades checas est\u00e1n adosadas a la fachada, el vest\u00edbulo de entrada est\u00e1 decorado con estatuas de bronce y los lugares famosos de la historia checa est\u00e1n representados en los muros. La mayor parte de la decoraci\u00f3n interior proviene de artistas que tambi\u00e9n amueblaron el Teatro Nacional.<\/p>\n<p>La Parte Nueva del Museo Nacional fue construida en los a\u00f1os 1885-1891 en estilo neorrenacentista. Originalmente alberg\u00f3 la Bolsa de Valores de Praga, desde 1946 fue la sede del Parlamento hasta la disoluci\u00f3n de la Rep\u00fablica Checoslovaca en 1992. Forma parte del Museo Nacional desde 2015 y, adem\u00e1s de algunas exposiciones permanentes, alberga numerosas exposiciones especiales que cambiar con frecuencia.<\/p>\n<p>En el vest\u00edbulo hay una cafeter\u00eda y una tienda del museo.<\/p>\n<p>Ambos edificios estaban conectados por un corredor subterr\u00e1neo con una exposici\u00f3n multimedia \u00fanica.<\/p>\n<p>El Museo Nacional de Praga es el principal museo de historia cultural y natural de la Rep\u00fablica Checa y, adem\u00e1s del edificio principal en la Plaza de Wenceslao, cuenta con varias salas de exposiciones por toda Praga.<\/p>\n<h2 id=\"t-1670352292661\">Contacto<\/h2>\n<ul>\n<li><strong>Direcci\u00f3n:<\/strong> V\u00e1clavsk\u00e9 n\u00e1m. 68, 110 00 Nov Mesto, Praga<\/li>\n<li><strong>Transporte p\u00fablico:<\/strong> Metro l\u00ednea A, l\u00ednea verde y C, l\u00ednea roja, estaci\u00f3n Muzeum<\/li>\n<li><strong>Horario<\/strong> de apertura : Puede encontrar los horarios de apertura exactos <a href=\"https:\/\/www.nm.cz\/en\" target=\"_blank\" style=\"outline: none;\" data-lt-tmp-id=\"lt-683741\" spellcheck=\"false\" rel=\"noopener\">aqu\u00ed<\/a> .<a href=\"https:\/\/www.nm.cz\/en\" target=\"_blank\" style=\"outline: none;\" data-lt-tmp-id=\"lt-683741\" spellcheck=\"false\" rel=\"noopener\"><\/a><\/li>\n<li><strong>Sitio web<\/strong> : <a href=\"https:\/\/www.nm.cz\/en\" target=\"_blank\" style=\"outline: none;\" rel=\"noopener\">Museo Nacional de Praga<\/a><\/li>\n<\/ul>\n","protected":false},"excerpt":{"rendered":"<p>El Museo Nacional de Praga se encuentra en la parte superior de la Plaza de Wenceslao . Es el museo m\u00e1s antiguo y m\u00e1s grande de la Rep\u00fablica Checa. Consta de un Edificio Antiguo, fundado en 1818, y el Edificio Nuevo opuesto, que contrasta arquitect\u00f3nicamente con el mismo. Adem\u00e1s, el museo cuenta con numerosos edificios [&hellip;]<\/p>\n","protected":false},"author":6,"featured_media":1523,"parent":137,"menu_order":0,"comment_status":"closed","ping_status":"closed","template":"","meta":{"footnotes":""},"categories":[],"tags":[22,19],"class_list":["post-654","page","type-page","status-publish","has-post-thumbnail","hentry","tag-museum","tag-sehenswuerdigkeiten","post-wrapper","thrv_wrapper"],"_links":{"self":[{"href":"https:\/\/praguetouristinformation.com\/es\/wp-json\/wp\/v2\/pages\/654","targetHints":{"allow":["GET"]}}],"collection":[{"href":"https:\/\/praguetouristinformation.com\/es\/wp-json\/wp\/v2\/pages"}],"about":[{"href":"https:\/\/praguetouristinformation.com\/es\/wp-json\/wp\/v2\/types\/page"}],"author":[{"embeddable":true,"href":"https:\/\/praguetouristinformation.com\/es\/wp-json\/wp\/v2\/users\/6"}],"replies":[{"embeddable":true,"href":"https:\/\/praguetouristinformation.com\/es\/wp-json\/wp\/v2\/comments?post=654"}],"version-history":[{"count":4,"href":"https:\/\/praguetouristinformation.com\/es\/wp-json\/wp\/v2\/pages\/654\/revisions"}],"predecessor-version":[{"id":4767,"href":"https:\/\/praguetouristinformation.com\/es\/wp-json\/wp\/v2\/pages\/654\/revisions\/4767"}],"up":[{"embeddable":true,"href":"https:\/\/praguetouristinformation.com\/es\/wp-json\/wp\/v2\/pages\/137"}],"wp:featuredmedia":[{"embeddable":true,"href":"https:\/\/praguetouristinformation.com\/es\/wp-json\/wp\/v2\/media\/1523"}],"wp:attachment":[{"href":"https:\/\/praguetouristinformation.com\/es\/wp-json\/wp\/v2\/media?parent=654"}],"wp:term":[{"taxonomy":"category","embeddable":true,"href":"https:\/\/praguetouristinformation.com\/es\/wp-json\/wp\/v2\/categories?post=654"},{"taxonomy":"post_tag","embeddable":true,"href":"https:\/\/praguetouristinformation.com\/es\/wp-json\/wp\/v2\/tags?post=654"}],"curies":[{"name":"wp","href":"https:\/\/api.w.org\/{rel}","templated":true}]}}