{"id":631,"date":"2020-09-28T16:35:25","date_gmt":"2020-09-28T16:35:25","guid":{"rendered":"https:\/\/praguetouristinformation.com\/es\/?page_id=631"},"modified":"2023-05-03T12:15:27","modified_gmt":"2023-05-03T12:15:27","slug":"sinagoga-de-jerusalen","status":"publish","type":"page","link":"https:\/\/praguetouristinformation.com\/es\/cosas-que-hacer\/ciudad-vieja\/sinagoga-de-jerusalen","title":{"rendered":"Gu\u00eda de la sinagoga de Jerusal\u00e9n: Exposici\u00f3n, historia y admisi\u00f3n"},"content":{"rendered":"<h3 id=\"t-1670608073544\">La Sinagoga de Jerusal\u00e9n est\u00e1 ubicada en la Ciudad Nueva de Praga en Jerusalemer Strasse, por lo que recibe su nombre. Es la sinagoga m\u00e1s joven y al mismo tiempo la m\u00e1s grande de Praga.<\/h3>\n<p>Su colorida fachada, que recuerda a los monumentos moros en Espa\u00f1a, es tan llamativa como el interior de estilo Art Nouveau vien\u00e9s.<\/p>\n<p>La Sinagoga de Jerusal\u00e9n no forma parte del Cementerio Jud\u00edo de Praga, pero est\u00e1 abierta al p\u00fablico.<\/p>\n<h2 id=\"t-1670608073545\">\u00bfQu\u00e9 puedo hacer en la Sinagoga de Jerusal\u00e9n?<\/h2>\n<p><span><img decoding=\"async\" alt=\"\" data-id=\"4138\" width=\"735\" data-init-width=\"1000\" height=\"490\" data-init-height=\"667\" title=\"Jubileo, Sinagoga,,Conocido,Por,Su,Ubicaci\u00f3n,En,Jerusal\u00e9n,Calle,,Es\" loading=\"lazy\" src=\"https:\/\/praguetouristinformation.com\/es\/wp-content\/uploads\/2022\/12\/Jerusalem-Synagogue-Prague-Czech-Republic3.jpg\" data-width=\"735\" data-height=\"490\" data-pin-media=\"https:\/\/praguetouristinformation.com\/es\/wp-content\/uploads\/2021\/03\/prag_juedisches_viertel_pinterest-9.jpg\" data-pin-description=\"Der komplette Guide zur Jerusalem Synagoge in Prag \u27a4 Besuch der Synagoge, Eintritt &amp;amp; Tickets \u2714 Geschichte, Anreise &amp;amp; Informationen \u2714 Mehr hier ...\" data-pin-url=\"https:\/\/praguetouristinformation.com\/es\/cosas-que-hacer\/ciudad-vieja\/sinagoga-de-jerusalen?tve=true&amp;tcbf=3c0ae20cee\" data-pinpro-key=\"i9l7ldnq1\"><\/span><\/p>\n<h3 id=\"t-1670608073546\">1. Visita a la Sinagoga de Jerusal\u00e9n:<\/h3>\n<p>Aunque la sinagoga se usa activamente para el culto, tambi\u00e9n se puede visitar desde el interior, incluso como parte de una visita guiada. Adem\u00e1s del llamativo exterior y su impresionante tama\u00f1o, vale la pena ver el interior, que se mantiene en el estilo Art Nouveau vien\u00e9s.<\/p>\n<h3 id=\"t-1670608073547\">2. Exposiciones permanentes:<\/h3>\n<p>Hay 2 exposiciones permanentes en la sinagoga, una sobre la historia de la comunidad jud\u00eda en Praga desde 1945 hasta la actualidad y una segunda sobre los monumentos jud\u00edos en la Rep\u00fablica Checa y su restauraci\u00f3n desde 1989.<\/p>\n<h3 id=\"t-1670608073548\">3. Visita de concierto en la sinagoga:<\/h3>\n<p>Los conciertos se llevan a cabo regularmente en la sinagoga, especialmente conciertos de \u00f3rgano, donde se utiliza el \u00f3rgano incre\u00edblemente bien conservado.<\/p>\n<h3 id=\"t-1670608073549\">4. Museo de Arte Mucha:<\/h3>\n<p>El barroco Palais Kaunitz, que alberga el <a data-id=\"657\" data-type=\"page\" href=\"https:\/\/praguetouristinformation.com\/es\/cosas-que-hacer\/museos\/mucha\" style=\"outline: none;\">Museo de Arte Mucha<\/a> , est\u00e1 a unos 10 minutos a pie de la Sinagoga de Jerusal\u00e9n . Alfons Mucha (1860-1939) fue un artista checo del Art Nouveau m\u00e1s conocido por sus carteles de mujeres hermosas.<\/p>\n<h3 id=\"t-1670608073550\">5. Torre Heinrich:<\/h3>\n<p>El Heinrichsturm est\u00e1 a unos cinco minutos a pie de la sinagoga de Jerusal\u00e9n. La torre de casi 68 metros de altura del siglo XV est\u00e1 construida en estilo g\u00f3tico. En su interior hay un carill\u00f3n de diez campanas que solo se escucha dentro de la torre. El restaurante en el campanario impresiona con su <a data-id=\"713\" data-type=\"page\" href=\"https:\/\/praguetouristinformation.com\/es\/cosas-que-hacer\/puntos-de-vista\" style=\"outline: none;\">vista de Praga.<\/a><\/p>\n<h2 id=\"t-1670608073551\">Entradas, entradas y visitas guiadas<\/h2>\n<p><span><img decoding=\"async\" alt=\"\" data-id=\"4139\" width=\"735\" data-init-width=\"1000\" height=\"490\" data-init-height=\"667\" title=\"Sinagoga,en,Praga,,Rep\u00fablica Checa\" loading=\"lazy\" src=\"https:\/\/praguetouristinformation.com\/es\/wp-content\/uploads\/2022\/12\/Jerusalem-Synagogue-Prague-Czech-Republic.jpg\" data-width=\"735\" data-height=\"490\" data-pin-media=\"https:\/\/praguetouristinformation.com\/es\/wp-content\/uploads\/2021\/03\/prag_juedisches_viertel_pinterest-9.jpg\" data-pin-description=\"Der komplette Guide zur Jerusalem Synagoge in Prag \u27a4 Besuch der Synagoge, Eintritt &amp;amp; Tickets \u2714 Geschichte, Anreise &amp;amp; Informationen \u2714 Mehr hier ...\" data-pin-url=\"https:\/\/praguetouristinformation.com\/es\/cosas-que-hacer\/ciudad-vieja\/sinagoga-de-jerusalen?tve=true&amp;tcbf=3c0ae20cee\" data-pinpro-key=\"0znhaoloc\"><\/span><\/p>\n<ul>\n<li><strong>Entradas:<\/strong> Las entradas se pueden comprar directamente en la entrada de la Sinagoga de Jerusal\u00e9n.<\/li>\n<li><strong>Visitas guiadas<\/strong> : la sinagoga todav\u00eda se usa activamente para el culto, pero se puede visitar desde el exterior y el interior, incluso como parte de una visita guiada.<\/li>\n<li><strong>Entrada:<\/strong> No se requiere control de seguridad ni registro previo para ingresar a la sinagoga como en otras ciudades europeas.<\/li>\n<\/ul>\n<h2 id=\"t-1670608073552\">\u00bfC\u00f3mo llego a la Sinagoga de Jerusal\u00e9n?<\/h2>\n<p><span><img decoding=\"async\" alt=\"\" data-id=\"4141\" width=\"735\" data-init-width=\"1000\" height=\"490\" data-init-height=\"666\" title=\"Jubileo,\/,Jerusal\u00e9n,Sinagoga,(jubilejni,\/,Jeruzalemska),,Praga,,Rep\u00fablica Checa\" loading=\"lazy\" src=\"https:\/\/praguetouristinformation.com\/es\/wp-content\/uploads\/2022\/12\/Jerusalem-Synagogue-Prague-Czech-Republic1.jpg\" data-width=\"735\" data-height=\"490\" data-pin-media=\"https:\/\/praguetouristinformation.com\/es\/wp-content\/uploads\/2021\/03\/prag_juedisches_viertel_pinterest-9.jpg\" data-pin-description=\"Der komplette Guide zur Jerusalem Synagoge in Prag \u27a4 Besuch der Synagoge, Eintritt &amp;amp; Tickets \u2714 Geschichte, Anreise &amp;amp; Informationen \u2714 Mehr hier ...\" data-pin-url=\"https:\/\/praguetouristinformation.com\/es\/cosas-que-hacer\/ciudad-vieja\/sinagoga-de-jerusalen?tve=true&amp;tcbf=3c0ae20cee\" data-pinpro-key=\"pstmq4o7p\"><\/span><\/p>\n<p>La Sinagoga de Jerusal\u00e9n se encuentra en la Ciudad Nueva de Praga. La parada de tranv\u00eda de Jind\u0159i\u0161sk\u00e1 est\u00e1 en las inmediaciones y est\u00e1 a 500 metros de la estaci\u00f3n principal de trenes de Praga.<\/p>\n<p>La sinagoga de Jerusal\u00e9n se encuentra a 20 minutos a pie del <a data-id=\"612\" data-type=\"page\" href=\"https:\/\/praguetouristinformation.com\/es\/cosas-que-hacer\/barrio-judio\" style=\"outline: none;\">barrio jud\u00edo .<\/a><\/p>\n<h2 id=\"t-1670608073553\">Historia de la sinagoga de Jerusal\u00e9n<\/h2>\n<p><span><img decoding=\"async\" alt=\"\" data-id=\"4140\" width=\"735\" data-init-width=\"1000\" height=\"490\" data-init-height=\"667\" title=\"Detaill,De,El,Colorido,Morish,Fachada,De,El,Jubileo,Sinagoga,\" loading=\"lazy\" src=\"https:\/\/praguetouristinformation.com\/es\/wp-content\/uploads\/2022\/12\/Jerusalem-Synagogue-Prague-Czech-Republic2.jpg\" data-width=\"735\" data-height=\"490\" data-pin-media=\"https:\/\/praguetouristinformation.com\/es\/wp-content\/uploads\/2021\/03\/prag_juedisches_viertel_pinterest-9.jpg\" data-pin-description=\"Der komplette Guide zur Jerusalem Synagoge in Prag \u27a4 Besuch der Synagoge, Eintritt &amp;amp; Tickets \u2714 Geschichte, Anreise &amp;amp; Informationen \u2714 Mehr hier ...\" data-pin-url=\"https:\/\/praguetouristinformation.com\/es\/cosas-que-hacer\/ciudad-vieja\/sinagoga-de-jerusalen?tve=true&amp;tcbf=3c0ae20cee\" data-pinpro-key=\"qmgu12cgc\"><\/span><\/p>\n<p>Cuando Josefstadt de Praga, el Barrio Jud\u00edo, fue renovado en 1898, 3 sinagogas fueron v\u00edctimas de esta renovaci\u00f3n, la Sinagoga Gitana, la Sinagoga Grossenhof y la Sinagoga Nueva.<\/p>\n<p>Se iba a construir una nueva sinagoga como reemplazo. Los planos para esto fueron proporcionados por el arquitecto vien\u00e9s y director de construcci\u00f3n imperial Wilhelm Stiassny, quien tambi\u00e9n es el fundador del Museo Jud\u00edo de Viena. En 1906 se inaugur\u00f3 la sinagoga. La sinagoga tiene 850 asientos, las galer\u00edas laterales est\u00e1n destinadas a mujeres y tienen entradas separadas.<\/p>\n<p>Lleva el nombre de la calle en la que se encuentra, Jerusalemer Strasse.<\/p>\n<p>Originalmente, sin embargo, la Sinagoga de Jerusal\u00e9n se llamaba Sinagoga del Jubileo. El emperador Francisco Jos\u00e9 I celebr\u00f3 el 50 aniversario de su ascensi\u00f3n al trono cuando se estaba planificando y construyendo a finales del siglo XIX.<\/p>\n<p>Los servicios todav\u00eda se llevan a cabo regularmente en la sinagoga, solo en el per\u00edodo 1941-1945 se us\u00f3 como dep\u00f3sito de propiedades jud\u00edas confiscadas.<\/p>\n<h2 id=\"t-1670608073554\">Contacto<\/h2>\n<ul>\n<li><strong>Direcci\u00f3n:<\/strong> Jeruzal\u00e9msk\u00e1 1310\/7, 110 00 Praga 1<\/li>\n<li><strong>Transporte p\u00fablico:<\/strong> parada de tranv\u00eda Jind\u0159i\u0161sk\u00e1 = Neustadt<\/li>\n<li><strong>Horario de apertura:<\/strong> consulte <a href=\"http:\/\/www.synagogue.cz\/en\/jerusalem-synagogue?p=16\" style=\"outline: none;\" target=\"_blank\" rel=\"noopener\">este sitio web para conocer los horarios de apertura exactos<\/a><\/li>\n<\/ul>\n","protected":false},"excerpt":{"rendered":"<p>La Sinagoga de Jerusal\u00e9n est\u00e1 ubicada en la Ciudad Nueva de Praga en Jerusalemer Strasse, por lo que recibe su nombre. Es la sinagoga m\u00e1s joven y al mismo tiempo la m\u00e1s grande de Praga. Su colorida fachada, que recuerda a los monumentos moros en Espa\u00f1a, es tan llamativa como el interior de estilo Art [&hellip;]<\/p>\n","protected":false},"author":6,"featured_media":1697,"parent":742,"menu_order":0,"comment_status":"open","ping_status":"closed","template":"","meta":{"footnotes":""},"categories":[],"tags":[19],"class_list":["post-631","page","type-page","status-publish","has-post-thumbnail","hentry","tag-sehenswuerdigkeiten","post-wrapper","thrv_wrapper"],"_links":{"self":[{"href":"https:\/\/praguetouristinformation.com\/es\/wp-json\/wp\/v2\/pages\/631","targetHints":{"allow":["GET"]}}],"collection":[{"href":"https:\/\/praguetouristinformation.com\/es\/wp-json\/wp\/v2\/pages"}],"about":[{"href":"https:\/\/praguetouristinformation.com\/es\/wp-json\/wp\/v2\/types\/page"}],"author":[{"embeddable":true,"href":"https:\/\/praguetouristinformation.com\/es\/wp-json\/wp\/v2\/users\/6"}],"replies":[{"embeddable":true,"href":"https:\/\/praguetouristinformation.com\/es\/wp-json\/wp\/v2\/comments?post=631"}],"version-history":[{"count":11,"href":"https:\/\/praguetouristinformation.com\/es\/wp-json\/wp\/v2\/pages\/631\/revisions"}],"predecessor-version":[{"id":4844,"href":"https:\/\/praguetouristinformation.com\/es\/wp-json\/wp\/v2\/pages\/631\/revisions\/4844"}],"up":[{"embeddable":true,"href":"https:\/\/praguetouristinformation.com\/es\/wp-json\/wp\/v2\/pages\/742"}],"wp:featuredmedia":[{"embeddable":true,"href":"https:\/\/praguetouristinformation.com\/es\/wp-json\/wp\/v2\/media\/1697"}],"wp:attachment":[{"href":"https:\/\/praguetouristinformation.com\/es\/wp-json\/wp\/v2\/media?parent=631"}],"wp:term":[{"taxonomy":"category","embeddable":true,"href":"https:\/\/praguetouristinformation.com\/es\/wp-json\/wp\/v2\/categories?post=631"},{"taxonomy":"post_tag","embeddable":true,"href":"https:\/\/praguetouristinformation.com\/es\/wp-json\/wp\/v2\/tags?post=631"}],"curies":[{"name":"wp","href":"https:\/\/api.w.org\/{rel}","templated":true}]}}