{"id":628,"date":"2020-09-24T17:45:32","date_gmt":"2020-09-24T17:45:32","guid":{"rendered":"https:\/\/praguetouristinformation.com\/es\/?page_id=628"},"modified":"2023-04-24T06:58:47","modified_gmt":"2023-04-24T06:58:47","slug":"ayuntamiento-viejo","status":"publish","type":"page","link":"https:\/\/praguetouristinformation.com\/es\/cosas-que-hacer\/ciudad-vieja\/ayuntamiento-viejo","title":{"rendered":"Gu\u00eda del antiguo ayuntamiento: Historia, reloj astron\u00f3mico y m\u00e1s"},"content":{"rendered":"<h2>El impresionante edificio del Antiguo Ayuntamiento con el mundialmente famoso Reloj Astron\u00f3mico en su lado sur data de 1338.<\/h2>\n<p>Ubicado en la esquina sureste de la Plaza de la Ciudad Vieja en el coraz\u00f3n del centro de la ciudad, es una de las principales atracciones de Praga. Su torre ofrece la mejor vista de Praga.<\/p>\n<p>Hoy en d\u00eda, el Antiguo Ayuntamiento se utiliza con fines de representaci\u00f3n y como escenario de diversos actos culturales. A las parejas de novios les gusta ser fotografiadas aqu\u00ed. El centro de informaci\u00f3n tur\u00edstica tambi\u00e9n se encuentra en el ayuntamiento.<\/p>\n<p>En esta p\u00e1gina hemos recopilado informaci\u00f3n \u00fatil para su visita. Esto incluye lugares de inter\u00e9s del Ayuntamiento, historia, entradas y mucho m\u00e1s.<\/p>\n<h2>\u00bfQu\u00e9 puedo hacer en el Ayuntamiento Viejo?<\/h2>\n<p><span><img decoding=\"async\" alt=\"\u00bfQu\u00e9 puedo hacer en el Ayuntamiento de la Ciudad Vieja de Praga?\" data-id=\"1843\" width=\"702\" data-init-width=\"1000\" height=\"468\" data-init-height=\"667\" title=\"\u00bfQu\u00e9 puedo hacer en el Ayuntamiento de la Ciudad Vieja de Praga?\" src=\"https:\/\/praguetouristinformation.com\/es\/wp-content\/uploads\/2020\/11\/Was-kann-ich-im-Rathaus-machen-Altstadter-Rathaus.jpg\" data-width=\"702\" data-height=\"468\" loading=\"lazy\" data-pin-media=\"https:\/\/praguetouristinformation.com\/es\/wp-content\/uploads\/2021\/02\/9.jpg\" data-pin-description=\"Altst\u00e4dter Rathaus: Infos, Geschichte, Astronomische Uhr\" data-pin-url=\"https:\/\/praguetouristinformation.com\/es\/sehenswuerdigkeiten\/altstadt\/altstaedter-rathaus?tve=true&amp;tcbf=64a7f2c895\" data-pinpro-key=\"tbdsew1dz\"><\/span><\/p>\n<ul>\n<li style=\"\"><span style=\"\"><strong><strong>Torre del Ayuntamiento<\/strong> :<\/strong> la torre g\u00f3tica del Ayuntamiento ofrece la mejor vista del casco antiguo de Praga. A una altura de 41 metros hay un pasillo en espiral al que se puede llegar en ascensor.<\/span><\/li>\n<li style=\"\"><span style=\"\"><strong><a href=\"https:\/\/praguetouristinformation.com\/es\/cosas-que-hacer\/ciudad-vieja\/ayuntamiento-viejo\" style=\"outline: none;\"><strong>Reloj Astron\u00f3mico<\/strong> :<\/a><strong>&nbsp;<\/strong><\/strong> el mundialmente famoso Reloj Astron\u00f3mico de 1410 se encuentra en el lado sur del Ayuntamiento. Cada hora en punto entre las 9:00 am y las 11:00 pm anuncia un espect\u00e1culo de 45 segundos de los ap\u00f3stoles.<\/span><\/li>\n<li style=\"\"><span style=\"\"><strong>Capilla G\u00f3tica:<\/strong> ofrece una vista de las figuras de los Ap\u00f3stoles del Reloj Astron\u00f3mico desde el otro lado.<\/span><\/li>\n<li style=\"\"><span style=\"\"><strong><strong>Catacumbas:<\/strong> <\/strong> Antiguamente utilizadas como almac\u00e9n y prisi\u00f3n, ahora se pueden visitar con una visita guiada.<\/span><\/li>\n<li><span><strong><strong><strong>Exposiciones<\/strong> :<\/strong><\/strong> hay exposiciones que cambian regularmente en el ayuntamiento.<\/span><\/li>\n<li><span><strong><strong><strong><strong>Salas hist\u00f3ricas:<\/strong> <\/strong><\/strong><\/strong> est\u00e1n abiertas al p\u00fablico y tambi\u00e9n vale la pena verlas.<\/span><\/li>\n<\/ul>\n<p><span><img decoding=\"async\" alt=\"Entrada, entradas y visitas guiadas Ayuntamiento de la Ciudad Vieja de Praga\" data-id=\"1845\" width=\"702\" data-init-width=\"1000\" height=\"468\" data-init-height=\"667\" title=\"Entrada, entradas y visitas guiadas Ayuntamiento de la Ciudad Vieja de Praga\" src=\"https:\/\/praguetouristinformation.com\/es\/wp-content\/uploads\/2020\/11\/Eintritt-Tickets-und-Fuehrungen-Altstaedter-Rathaus.jpg\" data-width=\"702\" data-height=\"468\" loading=\"lazy\" data-pin-media=\"https:\/\/praguetouristinformation.com\/es\/wp-content\/uploads\/2021\/02\/9.jpg\" data-pin-description=\"Altst\u00e4dter Rathaus: Infos, Geschichte, Astronomische Uhr\" data-pin-url=\"https:\/\/praguetouristinformation.com\/es\/sehenswuerdigkeiten\/altstadt\/altstaedter-rathaus?tve=true&amp;tcbf=64a7f2c895\" data-pinpro-key=\"j1pwmxpac\"><\/span><\/p>\n<h2>Entrada, entradas y visitas guiadas al Ayuntamiento Viejo<\/h2>\n<ul>\n<li style=\"\"><span style=\"\"><strong>Entrada:<\/strong> Las entradas son v\u00e1lidas para todas las actividades mencionadas anteriormente.<strong><\/strong><\/span><\/li>\n<li style=\"\"><span style=\"\"><strong><strong>Entrada:&nbsp;<\/strong><\/strong> La entrada est\u00e1 en la Plaza de la Ciudad Vieja. La taquilla est\u00e1 en el lado sur del ayuntamiento. Alternativamente, puede reservar boletos en l\u00ednea con anticipaci\u00f3n.<\/span><\/li>\n<li><span><strong>Visita guiada:<\/strong> Es posible visitar el ayuntamiento con visitas en grupo.<strong><\/strong><\/span><\/li>\n<\/ul>\n<p><span><img decoding=\"async\" alt=\"C\u00f3mo llegar al Ayuntamiento de la Ciudad Vieja de Praga\" data-id=\"1846\" width=\"702\" data-init-width=\"1000\" height=\"468\" data-init-height=\"667\" title=\"C\u00f3mo llegar al Ayuntamiento de la Ciudad Vieja de Praga\" src=\"https:\/\/praguetouristinformation.com\/es\/wp-content\/uploads\/2020\/11\/Wie-komme-ich-zum-Altstaedter-Rathaus.jpg\" data-width=\"702\" data-height=\"468\" loading=\"lazy\" data-pin-media=\"https:\/\/praguetouristinformation.com\/es\/wp-content\/uploads\/2021\/02\/9.jpg\" data-pin-description=\"Altst\u00e4dter Rathaus: Infos, Geschichte, Astronomische Uhr\" data-pin-url=\"https:\/\/praguetouristinformation.com\/es\/sehenswuerdigkeiten\/altstadt\/altstaedter-rathaus?tve=true&amp;tcbf=64a7f2c895\" data-pinpro-key=\"9q7xc9v7j\"><\/span><\/p>\n<h2>\u00bfC\u00f3mo llego al Ayuntamiento Viejo?<\/h2>\n<p>El Ayuntamiento de la Ciudad Vieja se encuentra en el coraz\u00f3n del centro de Praga.<\/p>\n<p>Se puede llegar al Ayuntamiento Viejo en metro A, l\u00ednea verde, estaci\u00f3n Starom\u011bstsk\u00e1, que significa \u201cciudad vieja\u201d en alem\u00e1n.<\/p>\n<p><span><img decoding=\"async\" alt=\"Historia del Ayuntamiento de la Ciudad Vieja de Praga\" data-id=\"1847\" width=\"702\" data-init-width=\"1000\" height=\"468\" data-init-height=\"667\" title=\"Historia del Ayuntamiento de la Ciudad Vieja de Praga\" src=\"https:\/\/praguetouristinformation.com\/es\/wp-content\/uploads\/2020\/11\/Geschichte-des-Altstaedter-Rathaus.jpg\" data-width=\"702\" data-height=\"468\" loading=\"lazy\" data-pin-media=\"https:\/\/praguetouristinformation.com\/es\/wp-content\/uploads\/2021\/02\/9.jpg\" data-pin-description=\"Altst\u00e4dter Rathaus: Infos, Geschichte, Astronomische Uhr\" data-pin-url=\"https:\/\/praguetouristinformation.com\/es\/sehenswuerdigkeiten\/altstadt\/altstaedter-rathaus?tve=true&amp;tcbf=64a7f2c895\" data-pinpro-key=\"hefc0cpa8\"><\/span><\/p>\n<h2>Historia del Ayuntamiento Viejo<\/h2>\n<p>Cuando el rey Juan de Bohemia permiti\u00f3 a los ciudadanos construir un ayuntamiento en 1338, lo financiaron con el impuesto sobre el vino.<\/p>\n<p>El Tribunal de la Ciudad Vieja tuvo su sede aqu\u00ed, y en 1458 Jorge de Podebrady fue elegido Rey del Reino de Bohemia aqu\u00ed. 27 cruces en el pavimento conmemoran a los rebeldes bohemios que fueron ejecutados frente al ayuntamiento en 1621. Sin embargo, el Ayuntamiento de la Ciudad Vieja alcanz\u00f3 su mayor importancia en el siglo XVIII, cuando en 1784 se convirti\u00f3 en la sede administrativa de las cuatro ciudades de Praga anteriormente independientes de la Ciudad Vieja, la Ciudad Nueva, la Ciudad Peque\u00f1a y Hradcany.<\/p>\n<p>De las diversas salas hist\u00f3ricas del ayuntamiento, la Sala del Consejo del siglo XV es la m\u00e1s antigua, con su techo artesonado ricamente pintado. El consejo de la ciudad y el tribunal de la ciudad sol\u00edan reunirse aqu\u00ed. La sala m\u00e1s grande es la llamada Sala Bro\u017e\u00edk.<\/p>\n<p>Desde 1945 el ayuntamiento ya no sirve como tal. Una cruz hecha con vigas quemadas en el s\u00f3tano est\u00e1 destinada a conmemorar los \u00faltimos d\u00edas de la Segunda Guerra Mundial, cuando el antiguo ayuntamiento sufri\u00f3 graves da\u00f1os.<\/p>\n<p>Debajo del ayuntamiento se encuentran las catacumbas, que sol\u00edan usarse como almac\u00e9n y prisi\u00f3n y ahora se pueden visitar en una visita guiada.<\/p>\n<h2>Contacto<\/h2>\n<ul>\n<li><span style=\"\"><strong>Direcci\u00f3n:&nbsp;<\/strong> Starom\u011bstsk\u00e9 n\u00e1m. 1\/3, 110 00 Star\u00e9 M\u011bsto, Praga<\/span><\/li>\n<li><span style=\"\"><strong>Horarios de apertura:&nbsp;<\/strong> Los horarios de apertura exactos se pueden encontrar en el siguiente <a href=\"https:\/\/www.google.com\/search?q=rathaus%20prag&amp;oq=rathaus+prag&amp;aqs=chrome.0.0i20i263j0l4j69i60l3.1629j0j7&amp;sourceid=chrome&amp;ie=UTF-8&amp;tbs=lf:1,lf_ui:1&amp;tbm=lcl&amp;sxsrf=ALeKk00s8l5GdRHS7CaBrBWikBXCvYrOuA:1605607851071&amp;rflfq=1&amp;num=10&amp;rldimm=793689164428437717&amp;lqi=CgxyYXRoYXVzIHByYWdaFwoHcmF0aGF1cyIMcmF0aGF1cyBwcmFn&amp;phdesc=iukZGD0byf0&amp;ved=2ahUKEwjr4vGsq4ntAhVChlwKHQHhCLUQvS4wBXoECAsQKw&amp;rlst=f#rlfi=hd:;si:793689164428437717,l,CgxyYXRoYXVzIHByYWdaFwoHcmF0aGF1cyIMcmF0aGF1cyBwcmFn,y,iukZGD0byf0;mv:[[50.087641999999995,14.4214504],[50.077731299999996,14.4176446]];tbs:lrf:!1m4!1u3!2m2!3m1!1e1!1m4!1u2!2m2!2m1!1e1!2m1!1e2!2m1!1e3!3sIAE,lf:1,lf_ui:1\" target=\"_blank\" style=\"outline: none;\" rel=\"noopener\">sitio web<\/a> .&nbsp;<\/span><\/li>\n<li><span style=\"\"><strong>Transporte p\u00fablico:&nbsp;<\/strong> Metro l\u00ednea A, l\u00ednea verde, parada Starom\u011bstsk\u00e1<\/span><\/li>\n<\/ul>\n","protected":false},"excerpt":{"rendered":"<p>El impresionante edificio del Antiguo Ayuntamiento con el mundialmente famoso Reloj Astron\u00f3mico en su lado sur data de 1338. Ubicado en la esquina sureste de la Plaza de la Ciudad Vieja en el coraz\u00f3n del centro de la ciudad, es una de las principales atracciones de Praga. Su torre ofrece la mejor vista de Praga. [&hellip;]<\/p>\n","protected":false},"author":6,"featured_media":1841,"parent":742,"menu_order":0,"comment_status":"open","ping_status":"closed","template":"","meta":{"footnotes":""},"categories":[],"tags":[22,19,24],"class_list":["post-628","page","type-page","status-publish","has-post-thumbnail","hentry","tag-museum","tag-sehenswuerdigkeiten","tag-top-10","post-wrapper","thrv_wrapper"],"_links":{"self":[{"href":"https:\/\/praguetouristinformation.com\/es\/wp-json\/wp\/v2\/pages\/628","targetHints":{"allow":["GET"]}}],"collection":[{"href":"https:\/\/praguetouristinformation.com\/es\/wp-json\/wp\/v2\/pages"}],"about":[{"href":"https:\/\/praguetouristinformation.com\/es\/wp-json\/wp\/v2\/types\/page"}],"author":[{"embeddable":true,"href":"https:\/\/praguetouristinformation.com\/es\/wp-json\/wp\/v2\/users\/6"}],"replies":[{"embeddable":true,"href":"https:\/\/praguetouristinformation.com\/es\/wp-json\/wp\/v2\/comments?post=628"}],"version-history":[{"count":4,"href":"https:\/\/praguetouristinformation.com\/es\/wp-json\/wp\/v2\/pages\/628\/revisions"}],"predecessor-version":[{"id":4713,"href":"https:\/\/praguetouristinformation.com\/es\/wp-json\/wp\/v2\/pages\/628\/revisions\/4713"}],"up":[{"embeddable":true,"href":"https:\/\/praguetouristinformation.com\/es\/wp-json\/wp\/v2\/pages\/742"}],"wp:featuredmedia":[{"embeddable":true,"href":"https:\/\/praguetouristinformation.com\/es\/wp-json\/wp\/v2\/media\/1841"}],"wp:attachment":[{"href":"https:\/\/praguetouristinformation.com\/es\/wp-json\/wp\/v2\/media?parent=628"}],"wp:term":[{"taxonomy":"category","embeddable":true,"href":"https:\/\/praguetouristinformation.com\/es\/wp-json\/wp\/v2\/categories?post=628"},{"taxonomy":"post_tag","embeddable":true,"href":"https:\/\/praguetouristinformation.com\/es\/wp-json\/wp\/v2\/tags?post=628"}],"curies":[{"name":"wp","href":"https:\/\/api.w.org\/{rel}","templated":true}]}}