{"id":625,"date":"2020-09-24T17:47:43","date_gmt":"2020-09-24T17:47:43","guid":{"rendered":"https:\/\/praguetouristinformation.com\/es\/?page_id=625"},"modified":"2023-05-03T12:14:47","modified_gmt":"2023-05-03T12:14:47","slug":"reloj-astronomico-del-ayuntamiento","status":"publish","type":"page","link":"https:\/\/praguetouristinformation.com\/es\/cosas-que-hacer\/ciudad-vieja\/reloj-astronomico-del-ayuntamiento","title":{"rendered":"Gu\u00eda del reloj astron\u00f3mico de Praga: Informaci\u00f3n, historia y espect\u00e1culo"},"content":{"rendered":"<h3 id=\"t-1670418950862\">El Reloj Astron\u00f3mico de Praga tambi\u00e9n se conoce como el Reloj Astron\u00f3mico o el Reloj Astron\u00f3mico de la Ciudad Vieja.<\/h3>\n<p>Ver encuentra en el muro sur del <a data-id=\"628\" data-type=\"page\" href=\"https:\/\/praguetouristinformation.com\/es\/cosas-que-hacer\/ciudad-vieja\/reloj-astronomico-del-ayuntamiento\" style=\"outline: none;\">Ayuntamiento Viejo<\/a> .<\/p>\n<p>Es uno de los s\u00edmbolos de Praga, uno de los monumentos culturales m\u00e1s importantes y uno a tener en cuenta es la maestra de la ciudad y la tecnolog\u00eda g\u00f3tica.<\/p>\n<p>Hemos recopilado toda la informaci\u00f3n importante en esta p\u00e1gina. Esto incluye historia y todo lo relacionado con el famoso espect\u00e1culo en el reloj del ayuntamiento.<\/p>\n<p>\u00a1Aqu\u00ed vamos!<\/p>\n<h2 id=\"t-1670418950863\">\u00bfQu\u00e9 puedo hacer frente al Reloj Astron\u00f3mico de Praga?<\/h2>\n<p><span><img decoding=\"async\" alt=\"\u00bfQu\u00e9 puedo hacer frente al reloj del ayuntamiento?\" data-id=\"1703\" width=\"702\" data-init-width=\"1000\" height=\"468\" data-init-height=\"667\" title=\"\u00bfQu\u00e9 puedo hacer frente al Reloj Astron\u00f3mico de Praga?\" loading=\"lazy\" src=\"https:\/\/praguetouristinformation.com\/es\/wp-content\/uploads\/2020\/11\/Was-kann-ich-vor-der-Rathausuhr-machen.jpg\" data-width=\"702\" data-height=\"468\" style=\"\" data-pin-media=\"https:\/\/praguetouristinformation.com\/es\/wp-content\/uploads\/2021\/03\/prag_juedisches_viertel_pinterest-10.jpg\" data-pin-description=\"Der komplette Guide zur Prager Rathausuhr [Astronomische Uhr] \u27a4 Vorstellung, Lage und Legenden \u2714 Eintritt zum Uhrwerk im Altst\u00e4dter Rathaus \u2714 Mehr ...\" data-pin-url=\"https:\/\/praguetouristinformation.com\/es\/cosas-que-hacer\/ciudad-vieja\/reloj-astronomico-del-ayuntamiento?tve=true&amp;tcbf=5a48c4570a\" data-pinpro-key=\"spiramv2u\"><\/span><\/p>\n<p>Front al reloj astron\u00f3mico de Praga se puede admirar el espect\u00e1culo del impresionante reloj astron\u00f3mico cada hora.<\/p>\n<p>Posteriormente se recomienda la visita al antiguo ayuntamiento, cuyas salas hist\u00f3ricas se pueden visitar. Tambi\u00e9n es posible un ascenso a la torre.<\/p>\n<p>Se pueden reservar visitas a gu\u00edas.<\/p>\n<h2 id=\"t-1670418950864\">Hora del espect\u00e1culo en el reloj del ayuntamiento<\/h2>\n<p><span><img decoding=\"async\" alt=\"Hora del espect\u00e1culo en el reloj del ayuntamiento\" data-id=\"1704\" width=\"702\" data-init-width=\"1000\" height=\"468\" data-init-height=\"667\" title=\"Hora del espect\u00e1culo en el reloj astron\u00f3mico de Praga\" loading=\"lazy\" src=\"https:\/\/praguetouristinformation.com\/es\/wp-content\/uploads\/2020\/11\/Zeitpunkt-des-Schauspiels-an-der-Rathausuhr.jpg\" data-width=\"702\" data-height=\"468\" data-pin-media=\"https:\/\/praguetouristinformation.com\/es\/wp-content\/uploads\/2021\/03\/prag_juedisches_viertel_pinterest-10.jpg\" data-pin-description=\"Der komplette Guide zur Prager Rathausuhr [Astronomische Uhr] \u27a4 Vorstellung, Lage und Legenden \u2714 Eintritt zum Uhrwerk im Altst\u00e4dter Rathaus \u2714 Mehr ...\" data-pin-url=\"https:\/\/praguetouristinformation.com\/es\/cosas-que-hacer\/ciudad-vieja\/reloj-astronomico-del-ayuntamiento?tve=true&amp;tcbf=5a48c4570a\" data-pinpro-key=\"ju78sz6d7\"><\/span><\/p>\n<p>Cada hora en punto entre las 9:00 am y las 11:00 pm tiene lugar un peque\u00f1o espect\u00e1culo en el reloj del ayuntamiento, que dura exactamente 45 segundos.<\/p>\n<p>Se abren dos ventanas del reloj y pasan los doce ap\u00f3stoles mientras Grim Reaper toca el toque de difuntos mientras sostiene un reloj de arena en la otra mano.<\/p>\n<h2 id=\"t-1670418950865\">\u00bfComo llego al Reloj Astron\u00f3mico de Praga?<\/h2>\n<p><span><img decoding=\"async\" alt=\"\u00bfC\u00f3mo llego al reloj del ayuntamiento?\" data-id=\"1705\" width=\"702\" data-init-width=\"1000\" height=\"468\" data-init-height=\"667\" title=\"\u00bfC\u00f3mo llego al reloj del ayuntamiento?\" loading=\"lazy\" src=\"https:\/\/praguetouristinformation.com\/es\/wp-content\/uploads\/2020\/11\/Wie-komme-ich-zur-Rathausuhr.jpg\" data-width=\"702\" data-height=\"468\" data-pin-media=\"https:\/\/praguetouristinformation.com\/es\/wp-content\/uploads\/2021\/03\/prag_juedisches_viertel_pinterest-10.jpg\" data-pin-description=\"Der komplette Guide zur Prager Rathausuhr [Astronomische Uhr] \u27a4 Vorstellung, Lage und Legenden \u2714 Eintritt zum Uhrwerk im Altst\u00e4dter Rathaus \u2714 Mehr ...\" data-pin-url=\"https:\/\/praguetouristinformation.com\/es\/cosas-que-hacer\/ciudad-vieja\/reloj-astronomico-del-ayuntamiento?tve=true&amp;tcbf=5a48c4570a\" data-pinpro-key=\"xvhfoz6lu\"><\/span><\/p>\n<p>El Reloj Astron\u00f3mico est\u00e1 ubicado en el Ayuntamiento de la Ciudad Vieja en el coraz\u00f3n del centro de Praga en la Plaza de <a data-id=\"621\" data-type=\"page\" href=\"https:\/\/praguetouristinformation.com\/es\/cosas-que-hacer\/ciudad-vieja\/anillo-de-la-ciudad-vieja\" style=\"outline: none;\">la Ciudad Vieja<\/a> .<\/p>\n<p>Se puede llegar al Ayuntamiento Viejo en metro A, green line, estaci\u00f3n Starom\u011bstsk\u00e1, que significa \u201cciudad vieja\u201d en alem\u00e1n.<\/p>\n<h2 id=\"t-1670418950866\" data-alt-text=\"Geschichte \">Historia del Reloj Astron\u00f3mico<\/h2>\n<p><span><img decoding=\"async\" alt=\"Historia del Reloj Astron\u00f3mico\" data-id=\"1706\" width=\"702\" data-init-width=\"1000\" height=\"468\" data-init-height=\"667\" title=\"Historia del Reloj Astron\u00f3mico\" loading=\"lazy\" src=\"https:\/\/praguetouristinformation.com\/es\/wp-content\/uploads\/2020\/11\/Geschichte-der-Uhr.jpg\" data-width=\"702\" data-height=\"468\" data-pin-media=\"https:\/\/praguetouristinformation.com\/es\/wp-content\/uploads\/2021\/03\/prag_juedisches_viertel_pinterest-10.jpg\" data-pin-description=\"Der komplette Guide zur Prager Rathausuhr [Astronomische Uhr] \u27a4 Vorstellung, Lage und Legenden \u2714 Eintritt zum Uhrwerk im Altst\u00e4dter Rathaus \u2714 Mehr ...\" data-pin-url=\"https:\/\/praguetouristinformation.com\/es\/cosas-que-hacer\/ciudad-vieja\/reloj-astronomico-del-ayuntamiento?tve=true&amp;tcbf=5a48c4570a\" data-pinpro-key=\"iq1r9qtov\"><\/span><\/p>\n<p>El Ayuntamiento de Praga fue construido en 1338 en estilo g\u00f3tico, su parte m\u00e1s antigua es la torre con un mirador y un reloj astron\u00f3mico. Una de las partes m\u00e1s antiguas del reloj es el mecanismo mec\u00e1nico con esfera astron\u00f3mica, que data de 1410. Finalmente, fue terminado a finales del siglo XV por el magister Hanu\u0161 de Rosen.<\/p>\n<p>A lo largo de los siglos, el reloj tuvo que ser reparado varias veces, sufri\u00f3 graves da\u00f1os durante la Segunda Guerra Mundial, pero volvi\u00f3 a funcionar en 1948.<\/p>\n<p>El reloj tiene tres manecillas, la manecilla del sol, la manecilla de la luna y una manecilla que muestra en qu\u00e9 signo zodiacal est\u00e1 el sol. El c\u00edrculo inferior del reloj se divide en 365 pasos y sirve como calendario, avanzando un campo cada d\u00eda.<\/p>\n<p>El reloj est\u00e1 decorado con varias figuras, la de Grim Reaper es particularmente impresionante. Todos los d\u00edas a la hora hay un peque\u00f1o espect\u00e1culo.<\/p>\n<p>Cuenta la leyenda que una vez terminado el reloj, al maestro Hanu\u0161 le sacaron los ojos para que no pudiera crear otros relojes de este tipo. Guiado por el sonido de la campana, Hanu\u0161 fue nuevamente al reloj y puso su mano en el mecanismo, que luego se detuvo y no pudo ser reparado durante 100 a\u00f1os.<\/p>\n<p>Hoy en d\u00eda, el Reloj Astron\u00f3mico es uno de los <a data-id=\"247\" data-type=\"page\" href=\"https:\/\/praguetouristinformation.com\/es\/cosas-que-hacer\" style=\"outline: none;\">lugares m\u00e1s famosos de Praga<\/a> .<\/p>\n<h2 id=\"t-1670418950867\">Contacto<\/h2>\n<ul>\n<li><strong>Direcci\u00f3n:&nbsp;<\/strong> Starom\u011bstsk\u00e9 n\u00e1m. 1\/3, 110 00 Star\u00e9 M\u011bsto, Praga<\/li>\n<li><strong>Transporte p\u00fablico:&nbsp;<\/strong> Metro l\u00ednea A, l\u00ednea verde, parada Starom\u011bstsk\u00e1<\/li>\n<li><strong>Horarios de apertura:<\/strong> &nbsp;Los horarios de apertura exactos se pueden encontrar en el siguiente <a data-id=\"https:\/\/www.google.com\/maps\/place\/Altst%C3%A4dter+Rathaus\/@50.0870379,14.4183086,17z\/data=!3m1!4b1!4m5!3m4!1s0x470b94e930b83655:0xb03c01703d568d5!8m2!3d50.0870471!4d14.4205023\" data-type=\"URL\" href=\"https:\/\/www.google.com\/maps\/place\/Altst%C3%A4dter+Rathaus\/@50.0870379,14.4183086,17z\/data=!3m1!4b1!4m5!3m4!1s0x470b94e930b83655:0xb03c01703d568d5!8m2!3d50.0870471!4d14.4205023\" target=\"_blank\" style=\"outline: none;\" rel=\"noopener\">sitio web<\/a> .<\/li>\n<\/ul>\n","protected":false},"excerpt":{"rendered":"<p>El Reloj Astron\u00f3mico de Praga tambi\u00e9n se conoce como el Reloj Astron\u00f3mico o el Reloj Astron\u00f3mico de la Ciudad Vieja. Ver encuentra en el muro sur del Ayuntamiento Viejo . Es uno de los s\u00edmbolos de Praga, uno de los monumentos culturales m\u00e1s importantes y uno a tener en cuenta es la maestra de la [&hellip;]<\/p>\n","protected":false},"author":6,"featured_media":1701,"parent":742,"menu_order":0,"comment_status":"open","ping_status":"closed","template":"","meta":{"footnotes":""},"categories":[],"tags":[19],"class_list":["post-625","page","type-page","status-publish","has-post-thumbnail","hentry","tag-sehenswuerdigkeiten","post-wrapper","thrv_wrapper"],"_links":{"self":[{"href":"https:\/\/praguetouristinformation.com\/es\/wp-json\/wp\/v2\/pages\/625","targetHints":{"allow":["GET"]}}],"collection":[{"href":"https:\/\/praguetouristinformation.com\/es\/wp-json\/wp\/v2\/pages"}],"about":[{"href":"https:\/\/praguetouristinformation.com\/es\/wp-json\/wp\/v2\/types\/page"}],"author":[{"embeddable":true,"href":"https:\/\/praguetouristinformation.com\/es\/wp-json\/wp\/v2\/users\/6"}],"replies":[{"embeddable":true,"href":"https:\/\/praguetouristinformation.com\/es\/wp-json\/wp\/v2\/comments?post=625"}],"version-history":[{"count":5,"href":"https:\/\/praguetouristinformation.com\/es\/wp-json\/wp\/v2\/pages\/625\/revisions"}],"predecessor-version":[{"id":4841,"href":"https:\/\/praguetouristinformation.com\/es\/wp-json\/wp\/v2\/pages\/625\/revisions\/4841"}],"up":[{"embeddable":true,"href":"https:\/\/praguetouristinformation.com\/es\/wp-json\/wp\/v2\/pages\/742"}],"wp:featuredmedia":[{"embeddable":true,"href":"https:\/\/praguetouristinformation.com\/es\/wp-json\/wp\/v2\/media\/1701"}],"wp:attachment":[{"href":"https:\/\/praguetouristinformation.com\/es\/wp-json\/wp\/v2\/media?parent=625"}],"wp:term":[{"taxonomy":"category","embeddable":true,"href":"https:\/\/praguetouristinformation.com\/es\/wp-json\/wp\/v2\/categories?post=625"},{"taxonomy":"post_tag","embeddable":true,"href":"https:\/\/praguetouristinformation.com\/es\/wp-json\/wp\/v2\/tags?post=625"}],"curies":[{"name":"wp","href":"https:\/\/api.w.org\/{rel}","templated":true}]}}