{"id":621,"date":"2020-09-27T13:42:45","date_gmt":"2020-09-27T13:42:45","guid":{"rendered":"https:\/\/praguetouristinformation.com\/es\/?page_id=621"},"modified":"2023-05-03T12:14:34","modified_gmt":"2023-05-03T12:14:34","slug":"anillo-de-la-ciudad-vieja","status":"publish","type":"page","link":"https:\/\/praguetouristinformation.com\/es\/cosas-que-hacer\/ciudad-vieja\/anillo-de-la-ciudad-vieja","title":{"rendered":"Plaza de la Ciudad Vieja: Gu\u00eda con informaci\u00f3n sobre lugares de inter\u00e9s, compras e historia"},"content":{"rendered":"<h3 id=\"t-1670612636512\">La Plaza de la Ciudad Vieja es la plaza m\u00e1s c\u00e9ntrica de toda Praga, raz\u00f3n por la cual la mayor\u00eda de los recorridos por la ciudad comienzan aqu\u00ed.<\/h3>\n<p>La plaza de 9.000 metros cuadrados incluye algunos de los <a data-id=\"247\" data-type=\"page\" href=\"https:\/\/praguetouristinformation.com\/es\/cosas-que-hacer\" style=\"outline: none;\">lugares de inter\u00e9s m\u00e1s famosos de Praga<\/a> . Entre ellos se encuentran el Ayuntamiento de Praga, el Monumento a Jan Hus y el Reloj Astron\u00f3mico.<\/p>\n<p>Los artistas callejeros brindan entretenimiento en la plaza, que est\u00e1 rodeada de numerosos caf\u00e9s y restaurantes.<\/p>\n<p>Las casas tienen hermosas fachadas y est\u00e1n parcialmente construidas sobre cimientos del siglo XII.<\/p>\n<p>En esta p\u00e1gina te contamos lo que debes saber antes de visitar la Plaza de la Ciudad Vieja. Esto incluye lugares de inter\u00e9s, compras, historia y m\u00e1s.<\/p>\n<p>\u00a1Aqu\u00ed vamos!<\/p>\n<h2 id=\"t-1670612636544\"><span style=\"color: var(--tcb-skin-color-4); font-family: Literata; font-size: 26px; font-weight: var(--g-bold-weight,bold);\">\u00bfQu\u00e9 puedo hacer en la Plaza de la Ciudad Vieja?<\/span><\/h2>\n<h3 id=\"t-1670612636513\">1. Ayuntamiento y Torre del Ayuntamiento<\/h3>\n<p><span><img decoding=\"async\" alt=\"Ayuntamiento y Torre del Ayuntamiento de Praga\" data-id=\"1670\" width=\"702\" data-init-width=\"1000\" height=\"468\" data-init-height=\"667\" title=\"Ayuntamiento y Torre del Ayuntamiento de Praga\" loading=\"lazy\" src=\"https:\/\/praguetouristinformation.com\/es\/wp-content\/uploads\/2020\/11\/Rathaus-und-Rathausturm.jpg\" data-width=\"702\" data-height=\"468\" data-pin-media=\"https:\/\/praguetouristinformation.com\/es\/wp-content\/uploads\/2021\/01\/prag_atlstaedter_ring_pinterest.jpg\" data-pin-description=\"Altst\u00e4dter Ring: Sehensw\u00fcrdigkeiten, Shopping &amp; Geschichte\" data-pin-url=\"https:\/\/praguetouristinformation.com\/es\/cosas-que-hacer\/ciudad-vieja\/anillo-de-la-ciudad-vieja?tve=true&amp;tcbf=3c0ae20cee\" data-pinpro-key=\"4x2xgaxql\"><\/span><\/p>\n<p>Ubicado en la esquina sureste de la Plaza de la Ciudad Vieja, el <a data-id=\"628\" data-type=\"page\" href=\"https:\/\/praguetouristinformation.com\/es\/cosas-que-hacer\/ciudad-vieja\/ayuntamiento-viejo\" style=\"outline: none;\">Ayuntamiento<\/a> es una de las principales atracciones de Praga. Su torre ofrece la mejor vista de la ciudad. Fue construido en 1338 y los ciudadanos lo financiaron con el impuesto a la cerveza. Muy da\u00f1ado en la Segunda Guerra Mundial, no se ha utilizado como ayuntamiento desde 1945, pero se utiliza para diversos eventos culturales.<\/p>\n<p>Es de libre acceso al p\u00fablico. Destacan sus salones hist\u00f3ricos, las catacumbas bajo el ayuntamiento y la torre del ayuntamiento.<\/p>\n<h3 id=\"t-1670612636514\">2. Reloj astron\u00f3mico<\/h3>\n<p><span><img decoding=\"async\" alt=\"Reloj astron\u00f3mico en Praga\" data-id=\"1672\" width=\"702\" data-init-width=\"1000\" height=\"468\" data-init-height=\"667\" title=\"Reloj astron\u00f3mico en Praga\" loading=\"lazy\" src=\"https:\/\/praguetouristinformation.com\/es\/wp-content\/uploads\/2020\/11\/Astronomische-Uhr.jpg\" data-width=\"702\" data-height=\"468\" data-pin-media=\"https:\/\/praguetouristinformation.com\/es\/wp-content\/uploads\/2021\/01\/prag_atlstaedter_ring_pinterest.jpg\" data-pin-description=\"Altst\u00e4dter Ring: Sehensw\u00fcrdigkeiten, Shopping &amp; Geschichte\" data-pin-url=\"https:\/\/praguetouristinformation.com\/es\/cosas-que-hacer\/ciudad-vieja\/anillo-de-la-ciudad-vieja?tve=true&amp;tcbf=3c0ae20cee\" data-pinpro-key=\"zgcm739sl\"><\/span><\/p>\n<p>El <a data-id=\"625\" data-type=\"page\" href=\"https:\/\/praguetouristinformation.com\/es\/cosas-que-hacer\/ciudad-vieja\/reloj-astronomico-del-ayuntamiento\" style=\"outline: none;\">reloj astron\u00f3mico<\/a> del muro sur del Ayuntamiento Viejo se considera una obra maestra de la ciencia y la tecnolog\u00eda g\u00f3tica. Cada hora en punto entre las 9:00 am y las 11:00 pm tiene lugar un peque\u00f1o espect\u00e1culo en el reloj del ayuntamiento, que dura exactamente 45 segundos.<\/p>\n<p>Se abren dos ventanas del reloj y pasan los Doce Ap\u00f3stoles mientras Grim Reaper toca el toque de difuntos con una mano y sostiene un reloj de arena con la otra.<\/p>\n<h3 id=\"t-1670612636515\">3. Monumento a Jan Hu<\/h3>\n<p><span><img decoding=\"async\" alt=\"Monumento a Jan Hus en Praga\" data-id=\"1673\" width=\"702\" data-init-width=\"1000\" height=\"468\" data-init-height=\"667\" title=\"Monumento a Jan Hus en Praga\" loading=\"lazy\" src=\"https:\/\/praguetouristinformation.com\/es\/wp-content\/uploads\/2020\/11\/Jan-Hus-Denkmal.jpg\" data-width=\"702\" data-height=\"468\" data-pin-media=\"https:\/\/praguetouristinformation.com\/es\/wp-content\/uploads\/2021\/01\/prag_atlstaedter_ring_pinterest.jpg\" data-pin-description=\"Altst\u00e4dter Ring: Sehensw\u00fcrdigkeiten, Shopping &amp; Geschichte\" data-pin-url=\"https:\/\/praguetouristinformation.com\/es\/cosas-que-hacer\/ciudad-vieja\/anillo-de-la-ciudad-vieja?tve=true&amp;tcbf=3c0ae20cee\" data-pinpro-key=\"d2i91zc9d\"><\/span><\/p>\n<p>El monumento de piedra y bronce fue creado por Ladislav \u0160aloun (1870-1946) y es una de las esculturas Art Nouveau m\u00e1s importantes de Praga. Se complet\u00f3 en 1915 con motivo del 500 aniversario de la muerte del reformador checo Jan Hus y se considera un s\u00edmbolo de la independencia nacional del pueblo checo. Jan Hus predic\u00f3 la reforma de la Iglesia Cat\u00f3lica un siglo antes que Lutero y fue quemado vivo en la hoguera en 1415.<\/p>\n<p>Cuatro a\u00f1os m\u00e1s tarde, su martirio fue el detonante de la primera defenestraci\u00f3n de Praga y las posteriores guerras husitas de 18 a\u00f1os.&nbsp;<\/p>\n<h3 id=\"t-1670612636516\">4. Iglesia de Tyn<\/h3>\n<p><span><img decoding=\"async\" alt=\"Iglesia de Tyn en Praga\" data-id=\"1674\" width=\"702\" data-init-width=\"1000\" height=\"468\" data-init-height=\"667\" title=\"Iglesia de Tyn en Praga\" loading=\"lazy\" src=\"https:\/\/praguetouristinformation.com\/es\/wp-content\/uploads\/2020\/11\/Teynkirche.jpg\" data-width=\"702\" data-height=\"468\" data-pin-media=\"https:\/\/praguetouristinformation.com\/es\/wp-content\/uploads\/2021\/01\/prag_atlstaedter_ring_pinterest.jpg\" data-pin-description=\"Altst\u00e4dter Ring: Sehensw\u00fcrdigkeiten, Shopping &amp; Geschichte\" data-pin-url=\"https:\/\/praguetouristinformation.com\/es\/cosas-que-hacer\/ciudad-vieja\/anillo-de-la-ciudad-vieja?tve=true&amp;tcbf=3c0ae20cee\" data-pinpro-key=\"w4p0tslsc\"><\/span><\/p>\n<p>La iglesia de Tyn est\u00e1 justo enfrente del antiguo ayuntamiento. Fue construido entre mediados del siglo XIV y principios del XVI y es uno de los edificios sacros g\u00f3ticos m\u00e1s importantes de Praga.<\/p>\n<p>La finalizaci\u00f3n se retras\u00f3, entre otras cosas, porque la horca se hizo con las vigas de madera que estaban destinadas a la estructura del techo, y el techo solo se pudo completar 20 a\u00f1os despu\u00e9s. Las dos torres, llamadas Ad\u00e1n y Eva, no se completaron hasta principios del siglo XVI.<\/p>\n<p>La iglesia contiene numerosas obras g\u00f3ticas, barrocas tempranas y renacentistas, entre las que destacan los retablos de Karel \u0160kr\u00e9ta y la l\u00e1pida del astr\u00f3nomo Tycho Brahe.<\/p>\n<p>La pila bautismal de Praga de 1414 es la pila bautismal m\u00e1s antigua, el \u00f3rgano de 1673 es el \u00f3rgano m\u00e1s antiguo de Praga.<\/p>\n<h3 id=\"t-1670612636517\">5. Haus zur Minute (la casa de Franz Kafka)<\/h3>\n<p><span><img decoding=\"async\" alt=\"Haus zum Minute (la casa de Franz Kafka)\" data-id=\"1676\" width=\"702\" data-init-width=\"1000\" height=\"468\" data-init-height=\"667\" title=\"Haus zum Minute (la casa de Franz Kafka)\" loading=\"lazy\" src=\"https:\/\/praguetouristinformation.com\/es\/wp-content\/uploads\/2020\/11\/Haus-zur-Minute-Wohnhaus-von-Franz-Kafka.jpg\" data-width=\"702\" data-height=\"468\" data-pin-media=\"https:\/\/praguetouristinformation.com\/es\/wp-content\/uploads\/2021\/01\/prag_atlstaedter_ring_pinterest.jpg\" data-pin-description=\"Altst\u00e4dter Ring: Sehensw\u00fcrdigkeiten, Shopping &amp; Geschichte\" data-pin-url=\"https:\/\/praguetouristinformation.com\/es\/cosas-que-hacer\/ciudad-vieja\/anillo-de-la-ciudad-vieja?tve=true&amp;tcbf=3c0ae20cee\" data-pinpro-key=\"w3pc743tl\"><\/span><\/p>\n<p>La casa al minuto est\u00e1 muy cerca del antiguo ayuntamiento. La fachada est\u00e1 decorada con esgrafiados, que retoman temas b\u00edblicos y mitol\u00f3gicos, as\u00ed como leyendas renacentistas contempor\u00e1neas. La casa fue erigida como un edificio g\u00f3tico tard\u00edo en la primera mitad del siglo XV y se considera un representante t\u00edpico de la arquitectura renacentista checa burguesa. Esta protegido como monumento cultural.<\/p>\n<p>En los a\u00f1os 1889 &#8211; 1896 Franz Kafka tuvieron aqu\u00ed con sus padres, aqu\u00ed nacieron sus 3 hermanas.<\/p>\n<h3 id=\"t-1670612636518\">6. Conciertos en la Iglesia de San Nicol\u00e1s<\/h3>\n<p><span><img decoding=\"async\" alt=\"Conciertos en la Iglesia de San Nicol\u00e1s en Praga\" data-id=\"1677\" width=\"702\" data-init-width=\"1000\" height=\"468\" data-init-height=\"667\" title=\"Conciertos en la Iglesia de San Nicol\u00e1s en Praga\" loading=\"lazy\" src=\"https:\/\/praguetouristinformation.com\/es\/wp-content\/uploads\/2020\/11\/Konzerte-in-der-St.-Nikolaus-Kirche.jpg\" data-width=\"702\" data-height=\"468\" data-pin-media=\"https:\/\/praguetouristinformation.com\/es\/wp-content\/uploads\/2021\/01\/prag_atlstaedter_ring_pinterest.jpg\" data-pin-description=\"Altst\u00e4dter Ring: Sehensw\u00fcrdigkeiten, Shopping &amp; Geschichte\" data-pin-url=\"https:\/\/praguetouristinformation.com\/es\/cosas-que-hacer\/ciudad-vieja\/anillo-de-la-ciudad-vieja?tve=true&amp;tcbf=3c0ae20cee\" data-pinpro-key=\"lz9gqewsn\"><\/span><\/p>\n<p>Cerca del monumento a Jan Hus se encuentra la iglesia barroca de San Nicol\u00e1s, mencionada por primera vez en 1273. Los monjes benedictinos reconstruyeron la iglesia en el siglo XVIII en estilo barroco. Entre 1870 y 1914, la Iglesia de San Nicol\u00e1s fue lleg\u00f3 a la Iglesia Ortodoxa Rusa. El candelabro, que pesa 1400 kilogramos, fue un regalo del zar ruso Alejandro II.<\/p>\n<p>En la iglesia barroca m\u00e1s famosa de Praga tienen lugar casi todos los d\u00edas conciertos de m\u00fasica cl\u00e1sica con el \u00f3rgano del siglo XVIII. La iglesia no se calienta.<\/p>\n<p>No se confunde la Iglesia de San Nicol\u00e1s con la iglesia del mismo nombre en la Plaza de la Ciudad Peque\u00f1a al otro lado del r\u00edo Vltava.<\/p>\n<h3 id=\"t-1670612636519\">7. Compras en Par\u00eds<\/h3>\n<p><span><img decoding=\"async\" alt=\"Compras en Parizska\" data-id=\"1679\" width=\"702\" data-init-width=\"1000\" height=\"468\" data-init-height=\"667\" title=\"Compras en Parizska\" loading=\"lazy\" src=\"https:\/\/praguetouristinformation.com\/es\/wp-content\/uploads\/2020\/11\/Shopping-in-der-Parizska.jpg\" data-width=\"702\" data-height=\"468\" data-pin-media=\"https:\/\/praguetouristinformation.com\/es\/wp-content\/uploads\/2021\/01\/prag_atlstaedter_ring_pinterest.jpg\" data-pin-description=\"Altst\u00e4dter Ring: Sehensw\u00fcrdigkeiten, Shopping &amp; Geschichte\" data-pin-url=\"https:\/\/praguetouristinformation.com\/es\/cosas-que-hacer\/ciudad-vieja\/anillo-de-la-ciudad-vieja?tve=true&amp;tcbf=3c0ae20cee\" data-pinpro-key=\"394cvw9or\"><\/span><\/p>\n<p>El boulevard, de 24 metros de ancho y 660 metros de largo, atraviesa el Barrio Jud\u00edo y conecta la Plaza de la Ciudad Vieja con el r\u00edo Vltava.<\/p>\n<p>Parizska -en alem\u00e1n Pariser Strasse- es <a data-id=\"202\" data-type=\"page\" href=\"https:\/\/praguetouristinformation.com\/es\/compras\/centro-comercial\" style=\"outline: none;\">la calle comercial m\u00e1s cara y lujosa de Praga<\/a> . Las tiendas y boutiques de las casas Art Nouveau y Neobarroco ofrecen una mezcla de marcas internacionales y marcas de lujo como Cartier, Dior, Gucci, Burberry, Hermes, Rolex, Prada, Boss, Armani y Louis Vuitton, entre otras.<\/p>\n<p>Los numerosos restaurantes y caf\u00e9s alo largo del magn\u00edfico bulevar tambi\u00e9n se encuentran en el rango de precios m\u00e1s alto.<\/p>\n<h3 id=\"t-1670612636520\">8. Galer\u00eda Nacional de Praga<\/h3>\n<p><span><img decoding=\"async\" alt=\"Galer\u00eda Nacional de Praga\" data-id=\"1681\" width=\"702\" data-init-width=\"1000\" height=\"468\" data-init-height=\"667\" title=\"Galer\u00eda Nacional de Praga\" loading=\"lazy\" src=\"https:\/\/praguetouristinformation.com\/es\/wp-content\/uploads\/2020\/11\/Nationalgalerie-Prag.jpg\" data-width=\"702\" data-height=\"468\" data-pin-media=\"https:\/\/praguetouristinformation.com\/es\/wp-content\/uploads\/2021\/01\/prag_atlstaedter_ring_pinterest.jpg\" data-pin-description=\"Altst\u00e4dter Ring: Sehensw\u00fcrdigkeiten, Shopping &amp; Geschichte\" data-pin-url=\"https:\/\/praguetouristinformation.com\/es\/cosas-que-hacer\/ciudad-vieja\/anillo-de-la-ciudad-vieja?tve=true&amp;tcbf=3c0ae20cee\" data-pinpro-key=\"27u90aylm\"><\/span><\/p>\n<p>La Galer\u00eda Nacional de Praga es el museo de arte m\u00e1s importante de la Rep\u00fablica Checa. Despu\u00e9s del Louvre de Par\u00eds, es la segunda galer\u00eda m\u00e1s antigua de Europa. Sus exposiciones permanentes se muestran en varios edificios de Praga. Uno de ellos es el barroco Goltz-Kinsky Palais en la Plaza de la Ciudad Vieja, donde se exhiben obras de arte de Asia y \u00c1frica, as\u00ed como de las culturas isl\u00e1micas.<\/p>\n<p>El palacio sol\u00eda ser una escuela secundaria human\u00edstica de lengua alemana, a la que Franz Kafka y su viejo amigo Max Brod asistieron hace muchos a\u00f1os.<\/p>\n<h3 id=\"t-1670612636521\">9. Museo de Arte de la Ilusi\u00f3n de Praga<\/h3>\n<p><span><img decoding=\"async\" alt=\"Museo de Arte de la Ilusi\u00f3n, Praga, Rep\u00fablica Checa\" data-id=\"1383\" width=\"702\" data-init-width=\"1000\" height=\"468\" data-init-height=\"667\" title=\"Museo de Arte de la Ilusi\u00f3n, Praga, Rep\u00fablica Checa\" loading=\"lazy\" src=\"https:\/\/praguetouristinformation.com\/es\/wp-content\/uploads\/2020\/11\/Illusion-Art-Museum.jpg\" data-width=\"702\" data-height=\"468\" data-pin-media=\"https:\/\/praguetouristinformation.com\/es\/wp-content\/uploads\/2021\/01\/prag_atlstaedter_ring_pinterest.jpg\" data-pin-description=\"Altst\u00e4dter Ring: Sehensw\u00fcrdigkeiten, Shopping &amp; Geschichte\" data-pin-url=\"https:\/\/praguetouristinformation.com\/es\/cosas-que-hacer\/ciudad-vieja\/anillo-de-la-ciudad-vieja?tve=true&amp;tcbf=3c0ae20cee\" data-pinpro-key=\"jb60gj520\"><\/span><\/p>\n<p>El peque\u00f1o museo est\u00e1 ubicado en un edificio catalogado del siglo XV frente al antiguo ayuntamiento y se distribuye en 2 plantas. El arte de la ilusion de varios estilos, algunos historicos, algunos contemporaneos, el arte del truco y las ilusiones espaciales hacen de la visita una experiencia inolvidable donde los visitantes redescubren la perspectiva.<\/p>\n<p>Como est\u00e1 justo enfrente del ayuntamiento, tiene una vista fant\u00e1stica del reloj astron\u00f3mico desde ambos pisos.<\/p>\n<h3 id=\"t-1670612636522\">10. Madame Tussauds Praga<\/h3>\n<p><span><img decoding=\"async\" alt=\"La Praga de Madame Tussaud\" data-id=\"1683\" width=\"702\" data-init-width=\"1000\" height=\"468\" data-init-height=\"667\" title=\"La Praga de Madame Tussaud\" loading=\"lazy\" src=\"https:\/\/praguetouristinformation.com\/es\/wp-content\/uploads\/2020\/11\/Madame-Tussaud\u00b4s-Prag.jpg\" data-width=\"702\" data-height=\"468\" data-pin-media=\"https:\/\/praguetouristinformation.com\/es\/wp-content\/uploads\/2021\/01\/prag_atlstaedter_ring_pinterest.jpg\" data-pin-description=\"Altst\u00e4dter Ring: Sehensw\u00fcrdigkeiten, Shopping &amp; Geschichte\" data-pin-url=\"https:\/\/praguetouristinformation.com\/es\/cosas-que-hacer\/ciudad-vieja\/anillo-de-la-ciudad-vieja?tve=true&amp;tcbf=3c0ae20cee\" data-pinpro-key=\"pskwz01ab\"><\/span><\/p>\n<p>Desde 2019, el museo de cera de Madame Tussaud tiene una sucursal en Praga. La entrada est\u00e1 a la vuelta de la esquina en Tyn Church. Aqu\u00ed se inmortalizan estrellas de la m\u00fasica y el cine, deportistas y personalidades famosas de la historia checa e internacional. Bruce Willi te recibe justo en la entrada.<\/p>\n<h3 id=\"t-1670612636523\">11. Galer\u00eda Central<\/h3>\n<p><span><img decoding=\"async\" alt=\"Galer\u00eda Central de Praga\" data-id=\"1685\" width=\"702\" data-init-width=\"1000\" height=\"468\" data-init-height=\"667\" title=\"Galer\u00eda Central de Praga\" loading=\"lazy\" src=\"https:\/\/praguetouristinformation.com\/es\/wp-content\/uploads\/2020\/11\/Central-Gallery.jpg\" data-width=\"702\" data-height=\"468\" data-pin-media=\"https:\/\/praguetouristinformation.com\/es\/wp-content\/uploads\/2021\/01\/prag_atlstaedter_ring_pinterest.jpg\" data-pin-description=\"Altst\u00e4dter Ring: Sehensw\u00fcrdigkeiten, Shopping &amp; Geschichte\" data-pin-url=\"https:\/\/praguetouristinformation.com\/es\/cosas-que-hacer\/ciudad-vieja\/anillo-de-la-ciudad-vieja?tve=true&amp;tcbf=3c0ae20cee\" data-pinpro-key=\"jrj8foqxg\"><\/span><\/p>\n<p>Muy cerca de la iglesia de Tyn se encuentra la casa Zum Wei\u00dfen Einhorn, que est\u00e1 conectada con la vecina escuela de Tyn por una arcada g\u00f3tica.<\/p>\n<p>La Galer\u00eda Central muestra aqu\u00ed tres exposiciones diferentes en tres plantas: obras del artista espa\u00f1ol Salvador Dal\u00ed, the exposici\u00f3n \u00abAndy Warhol &#8211; Estoy bien\u00bb y obras del pintor y dise\u00f1ador Art Nouveau checo Alfons Mucha<\/p>\n<h3 id=\"t-1670612636524\">12. Casa de la campana de piedra<\/h3>\n<p><span><img decoding=\"async\" alt=\"Casa de campana de piedra\" data-id=\"1687\" width=\"702\" data-init-width=\"1000\" height=\"468\" data-init-height=\"667\" title=\"Casa de campana de piedra\" loading=\"lazy\" src=\"https:\/\/praguetouristinformation.com\/es\/wp-content\/uploads\/2020\/11\/Haus-zur-Steinernen-Glocke.jpg\" data-width=\"702\" data-height=\"468\" data-pin-media=\"https:\/\/praguetouristinformation.com\/es\/wp-content\/uploads\/2021\/01\/prag_atlstaedter_ring_pinterest.jpg\" data-pin-description=\"Altst\u00e4dter Ring: Sehensw\u00fcrdigkeiten, Shopping &amp; Geschichte\" data-pin-url=\"https:\/\/praguetouristinformation.com\/es\/cosas-que-hacer\/ciudad-vieja\/anillo-de-la-ciudad-vieja?tve=true&amp;tcbf=3c0ae20cee\" data-pinpro-key=\"nm9hbl1cc\"><\/span><\/p>\n<p>A la derecha del barroco tard\u00edo Goltz-Kinsky Palais se encuentra Stone Bell House. Originalmente construida en estilo g\u00f3tico, la casa estuvo escondida detr\u00e1s de una fachada barroca durante a\u00f1os, hasta que finalmente se elimin\u00f3 y el edificio volvi\u00f3 a tener su forma g\u00f3tica original en un largo trabajo de renovaci\u00f3n. Se dice que Carlos IV se aloj\u00f3 aqu\u00ed durante la renovaci\u00f3n del Castillo de Praga.<\/p>\n<p>Hoy en d\u00eda, la Galer\u00eda de Praga utiliza el edificio para exposiciones peri\u00f3dicas a corto plazo de arte moderno y contempor\u00e1neo checo e internacional.<\/p>\n<p>En el s\u00f3tano de la casa hay un lapidario y una peque\u00f1a exposici\u00f3n sobre la historia de la casa y su reconstrucci\u00f3n.<\/p>\n<h2 id=\"t-1670612636525\">\u00bfC\u00f3mo llego a la Plaza de la Ciudad Vieja?<\/h2>\n<p><span><img decoding=\"async\" alt=\"C\u00f3mo llegar a la Plaza de la Ciudad Vieja\" data-id=\"1688\" width=\"702\" data-init-width=\"1000\" height=\"468\" data-init-height=\"667\" title=\"C\u00f3mo llegar a la Plaza de la Ciudad Vieja\" loading=\"lazy\" src=\"https:\/\/praguetouristinformation.com\/es\/wp-content\/uploads\/2020\/11\/Wie-komme-ich-zum-Altstaedter-Ring.jpg\" data-width=\"702\" data-height=\"468\" data-pin-media=\"https:\/\/praguetouristinformation.com\/es\/wp-content\/uploads\/2021\/01\/prag_atlstaedter_ring_pinterest.jpg\" data-pin-description=\"Altst\u00e4dter Ring: Sehensw\u00fcrdigkeiten, Shopping &amp; Geschichte\" data-pin-url=\"https:\/\/praguetouristinformation.com\/es\/cosas-que-hacer\/ciudad-vieja\/anillo-de-la-ciudad-vieja?tve=true&amp;tcbf=3c0ae20cee\" data-pinpro-key=\"eptkwpbrw\"><\/span><\/p>\n<p>Se puede llegar al Ayuntamiento Viejo en metro A, green line, estaci\u00f3n Starom\u011bstsk\u00e1, que significa \u201cciudad vieja\u201d en alem\u00e1n.<\/p>\n<p>La plaza tiene una ubicaci\u00f3n central entre muchas otras atracciones de Praga, como la pasarela entre <a data-id=\"664\" data-type=\"page\" href=\"https:\/\/praguetouristinformation.com\/es\/cosas-que-hacer\/puente-de-carlos\" style=\"outline: none;\">el Puente de Carlos<\/a> , la Plaza de Wenceslao y el Barrio Jud\u00edo.<\/p>\n<h2 id=\"t-1670612636526\">Historia de la Plaza de la Ciudad Vieja<\/h2>\n<p><span><img decoding=\"async\" alt=\"Historia de la Plaza de la Ciudad Vieja\" data-id=\"1689\" width=\"702\" data-init-width=\"1000\" height=\"468\" data-init-height=\"667\" title=\"Historia de la Plaza de la Ciudad Vieja\" loading=\"lazy\" src=\"https:\/\/praguetouristinformation.com\/es\/wp-content\/uploads\/2020\/11\/Geschichte-des-Altstaedter-Ring.jpg\" data-width=\"702\" data-height=\"468\" data-pin-media=\"https:\/\/praguetouristinformation.com\/es\/wp-content\/uploads\/2021\/01\/prag_atlstaedter_ring_pinterest.jpg\" data-pin-description=\"Altst\u00e4dter Ring: Sehensw\u00fcrdigkeiten, Shopping &amp; Geschichte\" data-pin-url=\"https:\/\/praguetouristinformation.com\/es\/cosas-que-hacer\/ciudad-vieja\/anillo-de-la-ciudad-vieja?tve=true&amp;tcbf=3c0ae20cee\" data-pinpro-key=\"7u3vk4tmx\"><\/span><\/p>\n<p>La plaza m\u00e1s grande e importante de la Praga hist\u00f3rica se cre\u00f3 ya en el siglo X. Sirvi\u00f3 como mercado donde los comerciantes vend\u00edan pescado, carne, especias, verduras, frutas, productos l\u00e1cteos y art\u00edculos de madera, entre otras cosas.<\/p>\n<p>En torno a la plaza se construyeron numerosas casas en los siglos XII y XIII, de las que a\u00fan hoy se conservan algunos de sus cimientos romanicos y primitivos g\u00f3ticos.<\/p>\n<p>El famoso Ayuntamiento de Praga fue construido en el siglo XIV, al igual que la Iglesia Tyni. La plaza se convirti\u00f3 en el centro pol\u00edtico de la Ciudad Vieja de Praga, varias celebraciones y reuniones p\u00fablicas tuvieron lugar aqu\u00ed, las procesiones reales <a data-id=\"738\" data-type=\"page\" href=\"https:\/\/praguetouristinformation.com\/es\/cosas-que-hacer\/castillo\" style=\"outline: none;\">al Castillo de Praga<\/a> pasaron por la plaza.<\/p>\n<p>Sin embargo, a lo largo de los siglos, la plaza ha sido testigo de levantamientos, disturbios y ejecuciones, incluidos 27 rebeldes bohemios que fueron ejecutados aqu\u00ed en 1621.&nbsp;<\/p>\n<p>En 1962 la Plaza de la Ciudad Vieja fue declarada monumento cultural nacional.<\/p>\n<p>Hoy en d\u00eda, la Plaza de la Ciudad Vieja es una zona peatonal y, con sus numerosos restaurantes y <a data-id=\"258\" data-type=\"page\" href=\"https:\/\/praguetouristinformation.com\/es\/restaurantes\/cafes\" style=\"outline: none;\">caf\u00e9s<\/a> , es la principal atracci\u00f3n para los turistas. Aqu\u00ed tambi\u00e9n se instalan los mercados de Navidad y Semana Santa.<\/p>\n<h2 id=\"t-1670612636527\">Contacto<\/h2>\n<ul>\n<li><strong>Direcci\u00f3n:<\/strong> Staromestsk\u00e9 namesti, 110 00 Praga<\/li>\n<\/ul>\n<ul>\n<li><strong>Transporte p\u00fablico:<\/strong> Metro l\u00ednea A, l\u00ednea verde, parada Starom\u011bstsk\u00e1<\/li>\n<\/ul>\n","protected":false},"excerpt":{"rendered":"<p>La Plaza de la Ciudad Vieja es la plaza m\u00e1s c\u00e9ntrica de toda Praga, raz\u00f3n por la cual la mayor\u00eda de los recorridos por la ciudad comienzan aqu\u00ed. La plaza de 9.000 metros cuadrados incluye algunos de los lugares de inter\u00e9s m\u00e1s famosos de Praga . Entre ellos se encuentran el Ayuntamiento de Praga, el [&hellip;]<\/p>\n","protected":false},"author":6,"featured_media":1668,"parent":742,"menu_order":0,"comment_status":"open","ping_status":"closed","template":"","meta":{"footnotes":""},"categories":[],"tags":[19],"class_list":["post-621","page","type-page","status-publish","has-post-thumbnail","hentry","tag-sehenswuerdigkeiten","post-wrapper","thrv_wrapper"],"_links":{"self":[{"href":"https:\/\/praguetouristinformation.com\/es\/wp-json\/wp\/v2\/pages\/621","targetHints":{"allow":["GET"]}}],"collection":[{"href":"https:\/\/praguetouristinformation.com\/es\/wp-json\/wp\/v2\/pages"}],"about":[{"href":"https:\/\/praguetouristinformation.com\/es\/wp-json\/wp\/v2\/types\/page"}],"author":[{"embeddable":true,"href":"https:\/\/praguetouristinformation.com\/es\/wp-json\/wp\/v2\/users\/6"}],"replies":[{"embeddable":true,"href":"https:\/\/praguetouristinformation.com\/es\/wp-json\/wp\/v2\/comments?post=621"}],"version-history":[{"count":13,"href":"https:\/\/praguetouristinformation.com\/es\/wp-json\/wp\/v2\/pages\/621\/revisions"}],"predecessor-version":[{"id":4840,"href":"https:\/\/praguetouristinformation.com\/es\/wp-json\/wp\/v2\/pages\/621\/revisions\/4840"}],"up":[{"embeddable":true,"href":"https:\/\/praguetouristinformation.com\/es\/wp-json\/wp\/v2\/pages\/742"}],"wp:featuredmedia":[{"embeddable":true,"href":"https:\/\/praguetouristinformation.com\/es\/wp-json\/wp\/v2\/media\/1668"}],"wp:attachment":[{"href":"https:\/\/praguetouristinformation.com\/es\/wp-json\/wp\/v2\/media?parent=621"}],"wp:term":[{"taxonomy":"category","embeddable":true,"href":"https:\/\/praguetouristinformation.com\/es\/wp-json\/wp\/v2\/categories?post=621"},{"taxonomy":"post_tag","embeddable":true,"href":"https:\/\/praguetouristinformation.com\/es\/wp-json\/wp\/v2\/tags?post=621"}],"curies":[{"name":"wp","href":"https:\/\/api.w.org\/{rel}","templated":true}]}}