{"id":617,"date":"2020-09-28T16:34:04","date_gmt":"2020-09-28T16:34:04","guid":{"rendered":"https:\/\/praguetouristinformation.com\/es\/?page_id=617"},"modified":"2023-05-03T12:16:14","modified_gmt":"2023-05-03T12:16:14","slug":"sinagoga-vieja-nueva","status":"publish","type":"page","link":"https:\/\/praguetouristinformation.com\/es\/cosas-que-hacer\/barrio-judio\/sinagoga-vieja-nueva","title":{"rendered":"Gu\u00eda de la Sinagoga Vieja Nueva: Informaci\u00f3n, admisi\u00f3n e historia"},"content":{"rendered":"<h3 id=\"t-1670592514170\">La Sinagoga Vieja Nueva se llama Sinagoga Staronov\u00e1 en checo.<\/h3>\n<p>Est\u00e1 ubicado en el distrito de Josefov, el antiguo <a data-id=\"612\" data-type=\"page\" href=\"https:\/\/praguetouristinformation.com\/es\/cosas-que-hacer\/barrio-judio\" style=\"outline: none;\">barrio jud\u00edo de Praga<\/a> , en las inmediaciones del centro en la Plaza de la <a data-id=\"621\" data-type=\"page\" href=\"https:\/\/praguetouristinformation.com\/es\/cosas-que-hacer\/ciudad-vieja\/anillo-de-la-ciudad-vieja\" style=\"outline: none;\">Ciudad Vieja<\/a> . Fue construida alrededor de 1270 y es la sinagoga m\u00e1s antigua de Europa.<\/p>\n<p>Todav\u00eda hoy se usa para servicios religiosos, pero est\u00e1 abierto al p\u00fablico y se puede visitar por dentro.<\/p>\n<p>Esto le proporcionar\u00e1 informaci\u00f3n \u00fatil para su visita a la Sinagoga Vieja Nueva. Esto incluye la historia, la admisi\u00f3n y mucho m\u00e1s.<\/p>\n<h2 id=\"t-1670592514171\">\u00bfQu\u00e9 puedo hacer en la Sinagoga Vieja Nueva?<\/h2>\n<p><span><img decoding=\"async\" alt=\"\u00bfQu\u00e9 puedo hacer en la Sinagoga Vieja Nueva?\" data-id=\"1586\" width=\"702\" data-init-width=\"1000\" height=\"468\" data-init-height=\"667\" title=\"\u00bfQu\u00e9 puedo hacer en la Sinagoga Vieja Nueva?\" loading=\"lazy\" src=\"https:\/\/praguetouristinformation.com\/es\/wp-content\/uploads\/2020\/11\/Was-kann-ich-in-der-Alt-Neu-Synagoge-machen.jpg\" data-width=\"702\" data-height=\"468\" data-pin-media=\"https:\/\/praguetouristinformation.com\/es\/wp-content\/uploads\/2021\/01\/prag_alt_neu_synagoge_pinterest.jpg\" data-pin-description=\"Gu\u00eda de la Sinagoga Vieja Nueva: informaci\u00f3n, admisi\u00f3n e historia\" data-pin-url=\"https:\/\/praguetouristinformation.com\/es\/cosas-que-hacer\/barrio-judio\/sinagoga-vieja-nueva?tve=true&amp;tcbf=3c0ae20cee\" data-pinpro-key=\"1vlapfnrx\"><\/span><\/p>\n<h3 id=\"t-1670592514172\">1. Visita a la Sinagoga Vieja Nueva:<\/h3>\n<p>Dado que la sinagoga vieja-nueva todav\u00eda se usa activamente para el culto hoy en d\u00eda, no hay exhibiciones en la sinagoga, pero la sinagoga se puede visitar desde el exterior y el interior, incluso como parte de una visita guiada.<\/p>\n<h3 id=\"t-1670592514173\">2. Visita a la Juder\u00eda<\/h3>\n<p>Combine una visita a la Sinagoga Vieja Nueva con una visita al Barrio Jud\u00edo de Praga, donde se encuentra la Sinagoga Vieja Nueva.<\/p>\n<ul>\n<li>En nuestra <a href=\"https:\/\/praguetouristinformation.com\/es\/cosas-que-hacer\/barrio-judio\" style=\"outline: none;\">gu\u00eda completa del Barrio Jud\u00edo de Praga<\/a> hemos recopilado toda la informaci\u00f3n importante sobre el barrio, sus lugares de inter\u00e9s y su historia.<\/li>\n<\/ul>\n<h3 id=\"t-1670592514174\">3. Compras en Parizska<\/h3>\n<p>Dado que la Sinagoga Vieja Nueva se encuentra directamente en la calle Parizska, es una buena idea dar un paseo por la <a data-id=\"202\" data-type=\"page\" href=\"https:\/\/praguetouristinformation.com\/es\/compras\/calles-comerciales\" style=\"outline: none;\">calle comercial m\u00e1s cara y lujosa de Praga<\/a> .<\/p>\n<p>Muchas marcas de lujo se pueden encontrar en las tiendas y boutiques de las casas Art Nouveau y Neobarroco, como Cartier, Dior, Gucci, Burberry, Hermes, Rolex, Prada, Boss, Armani y Louis Vuitton, entre otras. Los numerosos restaurantes y caf\u00e9s a lo largo del magn\u00edfico bulevar tambi\u00e9n se encuentran en el rango de precios m\u00e1s alto.<\/p>\n<ul>\n<li><strong>M\u00e1s:<\/strong> La gu\u00eda definitiva <a href=\"https:\/\/praguetouristinformation.com\/es\/compras\" style=\"outline: none;\">de compras en Praga: \u00bfd\u00f3nde y qu\u00e9 comprar?<\/a><\/li>\n<\/ul>\n<h2 id=\"t-1670592514175\">Entradas, entradas y visitas guiadas<\/h2>\n<p><span><img decoding=\"async\" alt=\"Entradas, entradas y visitas guiadas\" data-id=\"1587\" width=\"702\" data-init-width=\"1000\" height=\"468\" data-init-height=\"667\" title=\"Entradas, entradas y visitas guiadas\" loading=\"lazy\" src=\"https:\/\/praguetouristinformation.com\/es\/wp-content\/uploads\/2020\/11\/Eintritt-Tickets-und-Fuehrungen-2.jpg\" data-width=\"702\" data-height=\"468\" data-pin-media=\"https:\/\/praguetouristinformation.com\/es\/wp-content\/uploads\/2021\/01\/prag_alt_neu_synagoge_pinterest.jpg\" data-pin-description=\"Gu\u00eda de la Sinagoga Vieja Nueva: informaci\u00f3n, admisi\u00f3n e historia\" data-pin-url=\"https:\/\/praguetouristinformation.com\/es\/cosas-que-hacer\/barrio-judio\/sinagoga-vieja-nueva?tve=true&amp;tcbf=3c0ae20cee\" data-pinpro-key=\"flrwsehmr\"><\/span><\/p>\n<ul>\n<li><strong>Entradas:<\/strong> Las entradas se pueden comprar directamente en la entrada de la Sinagoga Vieja Nueva o de antemano como parte de un tour reservado.<\/li>\n<\/ul>\n<ul>\n<li><strong>Visitas guiadas:<\/strong> la sinagoga todav\u00eda se usa activamente para el culto. Es la \u00fanica sinagoga del Barrio Jud\u00edo que no forma parte del Museo Jud\u00edo de Praga. Aunque se requiere un boleto de entrada por separado, hay visitas guiadas que incluyen la Sinagoga Vieja Nueva.<\/li>\n<\/ul>\n<ul>\n<li><strong>Entrada:<\/strong> No se requiere control de seguridad ni registro previo para ingresar a la sinagoga como en otras ciudades europeas.<\/li>\n<\/ul>\n<h2 id=\"t-1670592514176\">\u00bfC\u00f3mo llego a la Sinagoga Vieja Nueva?<\/h2>\n<p><span><img decoding=\"async\" alt=\"\u00bfC\u00f3mo llego a la Sinagoga Vieja Nueva?\" data-id=\"1588\" width=\"702\" data-init-width=\"1000\" height=\"468\" data-init-height=\"667\" title=\"\u00bfC\u00f3mo llego a la Sinagoga Vieja Nueva?\" loading=\"lazy\" src=\"https:\/\/praguetouristinformation.com\/es\/wp-content\/uploads\/2020\/11\/Wie-komme-ich-zur-Alt-Neu-Synagoge.jpg\" data-width=\"702\" data-height=\"468\" data-pin-media=\"https:\/\/praguetouristinformation.com\/es\/wp-content\/uploads\/2021\/01\/prag_alt_neu_synagoge_pinterest.jpg\" data-pin-description=\"Gu\u00eda de la Sinagoga Vieja Nueva: informaci\u00f3n, admisi\u00f3n e historia\" data-pin-url=\"https:\/\/praguetouristinformation.com\/es\/cosas-que-hacer\/barrio-judio\/sinagoga-vieja-nueva?tve=true&amp;tcbf=3c0ae20cee\" data-pinpro-key=\"ofhwchprn\"><\/span><\/p>\n<p>La Sinagoga Vieja Nueva est\u00e1 ubicada en el Barrio Jud\u00edo, aproximadamente en el medio de la calle Parizska, calle Pariser.<\/p>\n<p>Se puede llegar en <a data-id=\"775\" data-type=\"page\" href=\"https:\/\/praguetouristinformation.com\/es\/plan\/transporte-publico\" style=\"outline: none;\">transporte p\u00fablico,<\/a> ya sea en metro, l\u00ednea A, L\u00ednea Verde, parada Starom\u011bstsk\u00e1 o desde la Plaza de la Ciudad Vieja a pie en unos 10 minutos.<\/p>\n<h2 id=\"t-1670592514177\">Historia de la Sinagoga Vieja Nueva<\/h2>\n<p><span><img decoding=\"async\" alt=\"Historia\" data-id=\"1590\" width=\"702\" data-init-width=\"1000\" height=\"468\" data-init-height=\"667\" title=\"Historia\" loading=\"lazy\" src=\"https:\/\/praguetouristinformation.com\/es\/wp-content\/uploads\/2020\/11\/Geschichte-1.jpg\" data-width=\"702\" data-height=\"468\" data-pin-media=\"https:\/\/praguetouristinformation.com\/es\/wp-content\/uploads\/2021\/01\/prag_alt_neu_synagoge_pinterest.jpg\" data-pin-description=\"Gu\u00eda de la Sinagoga Vieja Nueva: informaci\u00f3n, admisi\u00f3n e historia\" data-pin-url=\"https:\/\/praguetouristinformation.com\/es\/cosas-que-hacer\/barrio-judio\/sinagoga-vieja-nueva?tve=true&amp;tcbf=3c0ae20cee\" data-pinpro-key=\"1ez72me5t\"><\/span><\/p>\n<p>La sinagoga fue construida alrededor de 1270 en estilo g\u00f3tico temprano. El edificio apenas ha cambiado con el tiempo. El edificio rectangular, macizo y de estilo g\u00f3tico temprano, hecho de piedra, tiene un techo alto a dos aguas con grandes gabletes del g\u00f3tico tard\u00edo.<\/p>\n<p>En tres de sus lados hay a\u00f1adidos posteriores que sirvieron de antesala y galer\u00eda de mujeres. El interior antiguo tambi\u00e9n es en gran parte original, la celos\u00eda g\u00f3tica forjada y la l\u00e1mpara de ara\u00f1a son notables.<\/p>\n<p>Debido a su s\u00f3lida construcci\u00f3n y al hecho de que la sinagoga nunca estuvo conectada con otro edificio, sino que siempre estuvo aislada, pudo soportar todas las discontinuidades de los siglos, incluidos varios grandes incendios en la juder\u00eda.<\/p>\n<p>Hay varios mitos en torno a su nombre, uno de los cuales es que cuando se construy\u00f3 se encontraron los restos de una sinagoga a\u00fan m\u00e1s antigua, sobre los cimientos de los cuales se construy\u00f3 la nueva sinagoga.<\/p>\n<p>Dado que los nazis planearon convertir la sinagoga en un \u00abMuseo de la Raza Extinta\u00bb, no fue destruida durante la ocupaci\u00f3n de Praga.<\/p>\n<p>La leyenda dice que los restos de arcilla de un golem que el rabino L\u00f6w cre\u00f3 a partir de polvo y tierra hace 400 a\u00f1os se dice que est\u00e1n en su \u00e1tico. Como sirviente mudo, protegi\u00f3 a los jud\u00edos, pero cuando se volvi\u00f3 demasiado poderoso con el tiempo, el rabino L\u00f6w lo convirti\u00f3 en polvo y barro en el \u00e1tico de la Sinagoga Vieja Nueva. A partir de ese momento, ya nadie pod\u00eda entrar en el \u00e1tico.<\/p>\n<p>Hoy en d\u00eda, la Sinagoga Vieja Nueva es el centro de los jud\u00edos de Praga y una de las tres sinagogas de Praga donde todav\u00eda se llevan a cabo los servicios.<\/p>\n<h2 id=\"t-1670592514178\">Contacto<\/h2>\n<ul>\n<li><strong>Direcci\u00f3n:<\/strong> Sinagoga Staronov\u00e1, \u010cerven\u00e1, 110 00 Praga 1<\/li>\n<\/ul>\n<ul>\n<li><strong>Transporte p\u00fablico:<\/strong> Metro l\u00ednea A, L\u00ednea verde, parada Starom\u011bstsk\u00e1<\/li>\n<\/ul>\n<ul>\n<li><strong>Horario de apertura:<\/strong> para conocer el horario de apertura exacto, visite el siguiente sitio web:&nbsp; <a href=\"http:\/\/www.synagogue.cz\" style=\"outline: none;\" target=\"_blank\" rel=\"noopener\">Synagogue.cz<\/a><a href=\"http:\/\/www.synagogue.cz\" style=\"outline: none;\" target=\"_blank\" rel=\"noopener\"><\/a><\/li>\n<\/ul>\n","protected":false},"excerpt":{"rendered":"<p>La Sinagoga Vieja Nueva se llama Sinagoga Staronov\u00e1 en checo. Est\u00e1 ubicado en el distrito de Josefov, el antiguo barrio jud\u00edo de Praga , en las inmediaciones del centro en la Plaza de la Ciudad Vieja . Fue construida alrededor de 1270 y es la sinagoga m\u00e1s antigua de Europa. Todav\u00eda hoy se usa para [&hellip;]<\/p>\n","protected":false},"author":6,"featured_media":1584,"parent":612,"menu_order":0,"comment_status":"open","ping_status":"closed","template":"","meta":{"footnotes":""},"categories":[],"tags":[19],"class_list":["post-617","page","type-page","status-publish","has-post-thumbnail","hentry","tag-sehenswuerdigkeiten","post-wrapper","thrv_wrapper"],"_links":{"self":[{"href":"https:\/\/praguetouristinformation.com\/es\/wp-json\/wp\/v2\/pages\/617","targetHints":{"allow":["GET"]}}],"collection":[{"href":"https:\/\/praguetouristinformation.com\/es\/wp-json\/wp\/v2\/pages"}],"about":[{"href":"https:\/\/praguetouristinformation.com\/es\/wp-json\/wp\/v2\/types\/page"}],"author":[{"embeddable":true,"href":"https:\/\/praguetouristinformation.com\/es\/wp-json\/wp\/v2\/users\/6"}],"replies":[{"embeddable":true,"href":"https:\/\/praguetouristinformation.com\/es\/wp-json\/wp\/v2\/comments?post=617"}],"version-history":[{"count":12,"href":"https:\/\/praguetouristinformation.com\/es\/wp-json\/wp\/v2\/pages\/617\/revisions"}],"predecessor-version":[{"id":4847,"href":"https:\/\/praguetouristinformation.com\/es\/wp-json\/wp\/v2\/pages\/617\/revisions\/4847"}],"up":[{"embeddable":true,"href":"https:\/\/praguetouristinformation.com\/es\/wp-json\/wp\/v2\/pages\/612"}],"wp:featuredmedia":[{"embeddable":true,"href":"https:\/\/praguetouristinformation.com\/es\/wp-json\/wp\/v2\/media\/1584"}],"wp:attachment":[{"href":"https:\/\/praguetouristinformation.com\/es\/wp-json\/wp\/v2\/media?parent=617"}],"wp:term":[{"taxonomy":"category","embeddable":true,"href":"https:\/\/praguetouristinformation.com\/es\/wp-json\/wp\/v2\/categories?post=617"},{"taxonomy":"post_tag","embeddable":true,"href":"https:\/\/praguetouristinformation.com\/es\/wp-json\/wp\/v2\/tags?post=617"}],"curies":[{"name":"wp","href":"https:\/\/api.w.org\/{rel}","templated":true}]}}