{"id":601,"date":"2020-09-24T16:35:36","date_gmt":"2020-09-24T16:35:36","guid":{"rendered":"https:\/\/praguetouristinformation.com\/es\/?page_id=601"},"modified":"2023-05-03T07:03:20","modified_gmt":"2023-05-03T07:03:20","slug":"convento-de-agnes","status":"publish","type":"page","link":"https:\/\/praguetouristinformation.com\/es\/cosas-que-hacer\/ciudad-vieja\/convento-de-agnes","title":{"rendered":"Gu\u00eda del Convento de Agnes: Exposici\u00f3n, Entrada e Historia"},"content":{"rendered":"<h3 id=\"t-1670607021277\">El Convento Agnes es un monasterio del siglo XIII en el casco antiguo de Praga. Es una de las obras m\u00e1s importantes de la arquitectura g\u00f3tica temprana en Praga.<\/h3>\n<p>El monasterio de Agnes era un monasterio doble, que albergaba el convento de las Clarisas, as\u00ed como el monasterio de hombres de los Minoritas con la iglesia Franciscus.<\/p>\n<p>La Galer\u00eda Nacional de Praga ha estado utilizando el edificio para sus exposiciones desde 1963.<\/p>\n<p>Aqu\u00ed se recopila toda la informaci\u00f3n importante sobre el monasterio de Agnes, incluida la entrada, su historia y la direcci\u00f3n.<\/p>\n<h2 id=\"t-1670607021278\">\u00bfQu\u00e9 puedo hacer en el monasterio de Agnes?<\/h2>\n<p><span><img decoding=\"async\" alt=\"\u00bfQu\u00e9 puedo hacer en el monasterio de Agnes?\" data-id=\"1661\" width=\"702\" data-init-width=\"1000\" height=\"468\" data-init-height=\"667\" title=\"\u00bfQu\u00e9 puedo hacer en el monasterio de Agnes?\" loading=\"lazy\" src=\"https:\/\/praguetouristinformation.com\/es\/wp-content\/uploads\/2020\/11\/Was-kann-ich-im-Agneskloster-machen.jpg\" data-width=\"702\" data-height=\"468\" data-pin-media=\"https:\/\/praguetouristinformation.com\/es\/wp-content\/uploads\/2021\/01\/prag_agneskloster_pinterest.jpg\" data-pin-description=\"Gu\u00eda del Convento de Agnes: Exposici\u00f3n, Entrada e Historia\" data-pin-url=\"https:\/\/praguetouristinformation.com\/es\/cosas-que-hacer\/ciudad-vieja\/convento-de-agnes?tve=true&amp;tcbf=3c0ae20cee\" data-pinpro-key=\"xrfqtoxl0\"><\/span><\/p>\n<p>Durante el recorrido por el monasterio se pueden ver todos los recintos importantes que est\u00e1n abiertos al p\u00fablico desde 1986, como el Oratorio de Santa In\u00e9s, el Santuario del Salvador y la Iglesia de San Francisco, donde descansan los restos del rey Wenceslao I. se mantienen<\/p>\n<p>La exposici\u00f3n del lapidario en la planta baja recuerda la historia de la construcci\u00f3n del monasterio y presenta valiosos artefactos encontrados durante la investigaci\u00f3n arqueol\u00f3gica.<\/p>\n<p>A continuaci\u00f3n se recomienda la visita a los jardines del monasterio, que han sido recreados a partir del original y donde se pueden admirar una veintena de obras escult\u00f3ricas de artistas contempor\u00e1neos.<\/p>\n<p>Desde el a\u00f1o 2000, la Galer\u00eda Nacional de Praga alberga una exposici\u00f3n permanente sobre arte sacro medieval en Bohemia y Europa Central entre 1200 y 1550 en el piso superior del monasterio.<\/p>\n<p>Los conciertos de musica clasica a menudo se llevan a cabo en el salon de musica de la Iglesia de San Francisco.<\/p>\n<h2 id=\"t-1670607021279\">\u00bfC\u00f3mo llego al Convento de Agnes?<\/h2>\n<p><span><img decoding=\"async\" alt=\"\u00bfC\u00f3mo llego al Convento de Agnes?\" data-id=\"1662\" width=\"702\" data-init-width=\"1000\" height=\"468\" data-init-height=\"667\" title=\"\u00bfC\u00f3mo llego al Convento de Agnes?\" loading=\"lazy\" src=\"https:\/\/praguetouristinformation.com\/es\/wp-content\/uploads\/2020\/11\/Wie-komme-ich-zum-Agneskloster.jpg\" data-width=\"702\" data-height=\"468\" data-pin-media=\"https:\/\/praguetouristinformation.com\/es\/wp-content\/uploads\/2021\/01\/prag_agneskloster_pinterest.jpg\" data-pin-description=\"Gu\u00eda del Convento de Agnes: Exposici\u00f3n, Entrada e Historia\" data-pin-url=\"https:\/\/praguetouristinformation.com\/es\/cosas-que-hacer\/ciudad-vieja\/convento-de-agnes?tve=true&amp;tcbf=3c0ae20cee\" data-pinpro-key=\"igfn2kvth\"><\/span><\/p>\n<p>El Convento de Agnes se encuentra en la Ciudad Vieja <a href=\"https:\/\/praguetouristinformation.com\/es\/cosas-que-hacer\/ciudad-vieja\" style=\"outline: none;\">de Praga<\/a> , cerca del <a data-id=\"612\" data-type=\"page\" href=\"https:\/\/praguetouristinformation.com\/es\/cosas-que-hacer\/barrio-judio\" style=\"outline: none;\">Barrio Jud\u00edo<\/a> y de la Plaza de la Ciudad Vieja.<\/p>\n<p>Es f\u00e1cilmente accesible por la l\u00ednea B del metro, l\u00ednea amarilla, parada N\u00e1m\u0115st\u00ed Republiky.<\/p>\n<p>Desde all\u00ed se trata de una caminata de 10 minutos.<\/p>\n<h2 id=\"t-1670607021280\">Entrada al Convento de Agnes<\/h2>\n<p>El monasterio de Agnes est\u00e1 abierto todo el a\u00f1o.<\/p>\n<p>Consulte el siguiente <a data-id=\"https:\/\/www.google.com\/maps\/place\/Agneskloster\/@50.091954,14.4213316,17z\/data=!3m1!4b1!4m5!3m4!1s0x417314856680fcfb:0xb6a724856cc7a13b!8m2!3d50.091954!4d14.4235203\" data-type=\"URL\" href=\"https:\/\/www.google.com\/maps\/place\/Agneskloster\/@50.091954,14.4213316,17z\/data=!3m1!4b1!4m5!3m4!1s0x417314856680fcfb:0xb6a724856cc7a13b!8m2!3d50.091954!4d14.4235203\" target=\"_blank\" style=\"outline: none;\" rel=\"noopener\">sitio web<\/a> para conocer los precios de admisi\u00f3n .<\/p>\n<h2 id=\"t-1670607021281\">Historia del Convento de Agnes<\/h2>\n<p><span><img decoding=\"async\" alt=\"Historia del Convento de Agnes en Praga\" data-id=\"1664\" width=\"702\" data-init-width=\"1000\" height=\"468\" data-init-height=\"667\" title=\"Historia del Convento de Agnes en Praga\" loading=\"lazy\" src=\"https:\/\/praguetouristinformation.com\/es\/wp-content\/uploads\/2020\/11\/Geschichte-3.jpg\" data-width=\"702\" data-height=\"468\" data-pin-media=\"https:\/\/praguetouristinformation.com\/es\/wp-content\/uploads\/2021\/01\/prag_agneskloster_pinterest.jpg\" data-pin-description=\"Gu\u00eda del Convento de Agnes: Exposici\u00f3n, Entrada e Historia\" data-pin-url=\"https:\/\/praguetouristinformation.com\/es\/cosas-que-hacer\/ciudad-vieja\/convento-de-agnes?tve=true&amp;tcbf=3c0ae20cee\" data-pinpro-key=\"spkwka8rg\"><\/span><\/p>\n<p>El monasterio fue fundado en 1233 por las Clarisas y la construcci\u00f3n comenz\u00f3 al a\u00f1o siguiente. Fue construido por el rey Wenzel I a petici\u00f3n de su hermana Agnes. Presidi\u00f3 el monasterio como abadesa de Bohemia y lleva su nombre.<\/p>\n<p>Agnes of Bohemia pas\u00f3 la mayor parte de su juventud en monasterios y, aunque se comprometi\u00f3 por primera vez a la edad de 3 a\u00f1os, nunca se mat\u00f3. Sab\u00eda leer y escribir, lo que era inusual para una mujer en ese momento, y se dedic\u00f3 a varios objetos auxiliares, por lo que el monasterio tambi\u00e9n cont\u00f3 con un hospital.<\/p>\n<p>A lo largo de los siglos, el monasterio ha sido abolido, restaurado, vendido y saqueado varias veces.<\/p>\n<p>Fue renovado en el siglo XX y ahora es uno de los edificios g\u00f3ticos m\u00e1s importantes de Praga.<\/p>\n<h2 id=\"t-1670607021282\">Contacto<\/h2>\n<ul>\n<li><strong>Direcci\u00f3n :<\/strong> Ane\u017esk\u00e1 12, Star\u00e9 M\u011bsto, 110 00 Praga 1<\/li>\n<li><strong>Transporte p\u00fablico:<\/strong> estaci\u00f3n de metro N\u00e1m\u0115st\u00ed Republiky, linea amarilla B, desde donde hay 10 minutos a pie<\/li>\n<li><strong>Horario de apertura:<\/strong> Consulte el <a data-id=\"https:\/\/www.google.com\/maps\/place\/Agneskloster\/@50.091954,14.4213316,17z\/data=!3m1!4b1!4m5!3m4!1s0x417314856680fcfb:0xb6a724856cc7a13b!8m2!3d50.091954!4d14.4235203\" data-type=\"URL\" href=\"https:\/\/www.google.com\/maps\/place\/Agneskloster\/@50.091954,14.4213316,17z\/data=!3m1!4b1!4m5!3m4!1s0x417314856680fcfb:0xb6a724856cc7a13b!8m2!3d50.091954!4d14.4235203\" target=\"_blank\" style=\"outline: none;\" rel=\"noopener\">siguiente sitio web<\/a> para conocer los horarios de apertura exactos.<\/li>\n<\/ul>\n","protected":false},"excerpt":{"rendered":"<p>El Convento Agnes es un monasterio del siglo XIII en el casco antiguo de Praga. Es una de las obras m\u00e1s importantes de la arquitectura g\u00f3tica temprana en Praga. El monasterio de Agnes era un monasterio doble, que albergaba el convento de las Clarisas, as\u00ed como el monasterio de hombres de los Minoritas con la [&hellip;]<\/p>\n","protected":false},"author":6,"featured_media":1659,"parent":742,"menu_order":0,"comment_status":"open","ping_status":"closed","template":"","meta":{"footnotes":""},"categories":[],"tags":[22,19],"class_list":["post-601","page","type-page","status-publish","has-post-thumbnail","hentry","tag-museum","tag-sehenswuerdigkeiten","post-wrapper","thrv_wrapper"],"_links":{"self":[{"href":"https:\/\/praguetouristinformation.com\/es\/wp-json\/wp\/v2\/pages\/601","targetHints":{"allow":["GET"]}}],"collection":[{"href":"https:\/\/praguetouristinformation.com\/es\/wp-json\/wp\/v2\/pages"}],"about":[{"href":"https:\/\/praguetouristinformation.com\/es\/wp-json\/wp\/v2\/types\/page"}],"author":[{"embeddable":true,"href":"https:\/\/praguetouristinformation.com\/es\/wp-json\/wp\/v2\/users\/6"}],"replies":[{"embeddable":true,"href":"https:\/\/praguetouristinformation.com\/es\/wp-json\/wp\/v2\/comments?post=601"}],"version-history":[{"count":11,"href":"https:\/\/praguetouristinformation.com\/es\/wp-json\/wp\/v2\/pages\/601\/revisions"}],"predecessor-version":[{"id":4741,"href":"https:\/\/praguetouristinformation.com\/es\/wp-json\/wp\/v2\/pages\/601\/revisions\/4741"}],"up":[{"embeddable":true,"href":"https:\/\/praguetouristinformation.com\/es\/wp-json\/wp\/v2\/pages\/742"}],"wp:featuredmedia":[{"embeddable":true,"href":"https:\/\/praguetouristinformation.com\/es\/wp-json\/wp\/v2\/media\/1659"}],"wp:attachment":[{"href":"https:\/\/praguetouristinformation.com\/es\/wp-json\/wp\/v2\/media?parent=601"}],"wp:term":[{"taxonomy":"category","embeddable":true,"href":"https:\/\/praguetouristinformation.com\/es\/wp-json\/wp\/v2\/categories?post=601"},{"taxonomy":"post_tag","embeddable":true,"href":"https:\/\/praguetouristinformation.com\/es\/wp-json\/wp\/v2\/tags?post=601"}],"curies":[{"name":"wp","href":"https:\/\/api.w.org\/{rel}","templated":true}]}}