{"id":597,"date":"2020-09-24T16:24:54","date_gmt":"2020-09-24T16:24:54","guid":{"rendered":"https:\/\/praguetouristinformation.com\/es\/?page_id=597"},"modified":"2023-05-03T06:57:39","modified_gmt":"2023-05-03T06:57:39","slug":"casa-de-baile","status":"publish","type":"page","link":"https:\/\/praguetouristinformation.com\/es\/cosas-que-hacer\/ciudad-vieja\/casa-de-baile","title":{"rendered":"Casa Danzante: Gu\u00eda con informaci\u00f3n sobre atracciones, admisi\u00f3n e historia"},"content":{"rendered":"<h3 id=\"t-1670418829426\">La Casa Danzante es el nombre de un edificio de oficinas en Praga que fue construido en 1996.<\/h3>\n<p>Est\u00e1 directamente relacionado con el Vltava e inmediatamente despu\u00e9s la atenci\u00f3n con su extraordinaria arquitectura.<\/p>\n<p>Hoy en d\u00eda, varias empresas, en su mayor\u00eda internacionales, tienen sus edificios de oficinas aqu\u00ed, hay un restaurante, un bar, una <a data-id=\"713\" data-type=\"page\" href=\"https:\/\/praguetouristinformation.com\/es\/cosas-que-hacer\/puntos-de-vista\" style=\"outline: none;\">terraza<\/a> con vistas y un hotel en la Casa Danzante.<\/p>\n<h2 id=\"t-1670418829427\">\u00bfQu\u00e9 puedo hacer en la Casa Danzante?<\/h2>\n<p><span><img decoding=\"async\" alt=\"\" data-id=\"3799\" width=\"663\" data-init-width=\"1000\" height=\"444\" data-init-height=\"669\" title=\"Bailando,Casa,De,Praga,,Rep\u00fablica Checa,,No,Personas\" loading=\"lazy\" src=\"https:\/\/praguetouristinformation.com\/es\/wp-content\/uploads\/2022\/12\/dancing-house.jpg\" data-width=\"663\" data-height=\"444\" data-pin-media=\"https:\/\/praguetouristinformation.com\/es\/wp-content\/uploads\/2021\/02\/35.jpg\" data-pin-description=\"Tanzendes Haus: Attraktionen, Eintritt &amp; Geschichte - 2022\" data-pin-url=\"https:\/\/praguetouristinformation.com\/es\/sehenswuerdigkeiten\/altstadt\/tanzendes-haus?tve=true&amp;tcbf=105288dff3\" data-pinpro-key=\"c6pm7a632\"><\/span><\/p>\n<h3 id=\"t-1670418829428\">1. Galer\u00eda de la Casa Danzante<\/h3>\n<p>La Galer\u00eda de la Casa Danzante see encuentra en la planta baja de la Casa Danzante. La galer\u00eda muestra arte contempor\u00e1neo en exposiciones que cambian peri\u00f3dicamente. Ella quiere encontrar talento joven y promotor el talento joven.<\/p>\n<h3 id=\"t-1670418829429\">2. Cenar en el restaurante<\/h3>\n<p>El d\u00eda de septiembre de la Casa Danzante hay un restaurante exclusivo con Ginger &amp; Fred. La decoraci\u00f3n es art\u00edstica moderna con una vista cautivadora de Praga. Se sirve cocina internacional de primer nivel con influencia francesa.<\/p>\n<h3 id=\"t-1670418829430\">3. barra de cristal<\/h3>\n<p>Si lo desea, tambi\u00e9n puede disfrutar de la vista desde la barra de vidrio en la parte superior del edificio o desde la peque\u00f1a terraza mirador all\u00ed.<\/p>\n<h3 id=\"t-1670418829431\">4. Durante la noche<\/h3>\n<p>En 2016 contamos con un moderno y exclusivo hotel en Casa Danzante. Si lo desea, puede permanecer en una de las 21 habitaciones directamente a la <a data-id=\"247\" data-type=\"page\" href=\"https:\/\/praguetouristinformation.com\/es\/cosas-que-hacer\" style=\"outline: none;\">vista.<\/a><\/p>\n<h3>5. Fen\u00f3meno de Instagram<\/h3>\n<p>Casi ning\u00fan turista visita la Casa Danzante sin publicar al menos una foto de ella en Instagram y esa es exactamente una de las razones por las que la Casa Danzante es tan conocida.<\/p>\n<h2 id=\"t-1670418829433\">Entrada a la Casa Danzante<\/h2>\n<p><span><img decoding=\"async\" alt=\"\" data-id=\"3797\" width=\"663\" data-init-width=\"1000\" height=\"442\" data-init-height=\"667\" title=\"Checa,Rep\u00fablica,-,Metr\u00f3polis,Praga,-,Moderna,Arquitectura,-,Bailando\" loading=\"lazy\" src=\"https:\/\/praguetouristinformation.com\/es\/wp-content\/uploads\/2022\/12\/dancing-house-2.jpg\" data-width=\"663\" data-height=\"442\" data-pin-media=\"https:\/\/praguetouristinformation.com\/es\/wp-content\/uploads\/2021\/02\/35.jpg\" data-pin-description=\"Tanzendes Haus: Attraktionen, Eintritt &amp; Geschichte - 2022\" data-pin-url=\"https:\/\/praguetouristinformation.com\/es\/sehenswuerdigkeiten\/altstadt\/tanzendes-haus?tve=true&amp;tcbf=105288dff3\" data-pinpro-key=\"6i4nvefu5\"><\/span><\/p>\n<p>La Casa Danzante es una visita obligada en cualquier momento, la terraza mirador y el restaurante est\u00e1n abiertos todo el a\u00f1o.<\/p>\n<h2>\u00bfC\u00f3mo llego a la Casa Danzante?<\/h2>\n<p>La Casa Danzante est\u00e1 ubicada en el r\u00edo Vltava y es accesible en la l\u00ednea B del metro, l\u00ednea Amarilla, parada Karlovo Namesti.<\/p>\n<p>La parada de tranv\u00eda Jir\u00e1skovo n\u00e1mest\u00ed est\u00e1 justo enfrente y cuenta con las l\u00edneas 14 y 17.<\/p>\n<p>Est\u00e1 a 20 minutos a pie de la Plaza de la <a data-id=\"621\" data-type=\"page\" href=\"https:\/\/praguetouristinformation.com\/es\/cosas-que-hacer\/ciudad-vieja\/anillo-de-la-ciudad-vieja\" style=\"outline: none;\">Ciudad Vieja.<\/a><\/p>\n<h2 id=\"t-1670418829435\">Historia de la Casa Danzante<\/h2>\n<p><span><img decoding=\"async\" alt=\"\" data-id=\"3798\" width=\"663\" data-init-width=\"1000\" height=\"443\" data-init-height=\"668\" title=\"Bailando,Casa,O,Fred,Y,Ginger,Edificio,En,Praga\" loading=\"lazy\" src=\"https:\/\/praguetouristinformation.com\/es\/wp-content\/uploads\/2022\/12\/dancing-house-3.jpg\" data-width=\"663\" data-height=\"443\" data-pin-media=\"https:\/\/praguetouristinformation.com\/es\/wp-content\/uploads\/2021\/02\/35.jpg\" data-pin-description=\"Tanzendes Haus: Attraktionen, Eintritt &amp; Geschichte - 2022\" data-pin-url=\"https:\/\/praguetouristinformation.com\/es\/sehenswuerdigkeiten\/altstadt\/tanzendes-haus?tve=true&amp;tcbf=105288dff3\" data-pinpro-key=\"d01erwddw\"><\/span><\/p>\n<p>Un edificio residencial sol\u00eda estar aqu\u00ed, pero fue destruido accidentalmente por bombarderos estadounidenses hacia el final de la Segunda Guerra Mundial. Despu\u00e9s de eso, la propiedad estuvo en barbecho durante casi 50 a\u00f1os, hab\u00eda planes para construir un centro cultural aqu\u00ed, pero no se pudo arreglar el financiamiento.<\/p>\n<p>En 1992, la compa\u00f1\u00eda de seguros holandesa Nationale Nederlanden compr\u00f3 la propiedad. El arquitecto checo Vlado Miluni\u0107 dise\u00f1\u00f3 los planos del edificio en colaboraci\u00f3n con su colega canadiense Frank Gehry.<\/p>\n<p>El edificio consta de dos partes, una est\u00e1tica y otra din\u00e1mica, y pretende simbolizar el di\u00e1logo entre el concepto por un lado y la sociedad en medio de la agitaci\u00f3n social por el otro.<\/p>\n<p>La parte din\u00e1mica de vidrio recuerda a un bailar\u00edn acurrucado junto a un caballero, la parte est\u00e1tica est\u00e1 hecha de hormig\u00f3n. Pragers tambi\u00e9n lo llama cari\u00f1osamente Ginger and Fred, en honor a Fred Astaire y su pareja de baile Ginger Rogers.<\/p>\n<p>Inicialmente, el edificio produjo mucho debate, con cr\u00edticos que dec\u00edan que no encajaba en la imagen del casco antiguo de Praga y defensores que elogiaban el estilo audaz.<\/p>\n<h2 id=\"t-1670418829436\">Contacto<\/h2>\n<ul>\n<li><strong>Direcci\u00f3n:<\/strong> Ra\u0161\u00ednovo n\u00e1b\u0159e\u017e\u00ed 80, Jir\u00e1skovo n\u00e1m\u011bst\u00ed 6, 120 00 Praga<\/li>\n<li><strong>Transporte p\u00fablico<\/strong> : estaci\u00f3n de metro Karlovo N\u00e1mest\u00ed, l\u00ednea amarilla B<\/li>\n<li><strong>Horario de apertura:<\/strong> Los horarios de apertura del restaurante se pueden encontrar en el siguiente sitio web: <a href=\"https:\/\/www.gfrest.cz\/en\/\" style=\"outline: none;\" data-lt-tmp-id=\"lt-407245\" spellcheck=\"false\" target=\"_blank\" rel=\"noopener\">Restaurante en la Casa Danzante<\/a><a href=\"https:\/\/www.gfrest.cz\/en\/\" style=\"outline: none;\" data-lt-tmp-id=\"lt-407245\" spellcheck=\"false\" target=\"_blank\" rel=\"noopener\"><\/a><\/li>\n<\/ul>\n","protected":false},"excerpt":{"rendered":"<p>La Casa Danzante es el nombre de un edificio de oficinas en Praga que fue construido en 1996. Est\u00e1 directamente relacionado con el Vltava e inmediatamente despu\u00e9s la atenci\u00f3n con su extraordinaria arquitectura. Hoy en d\u00eda, varias empresas, en su mayor\u00eda internacionales, tienen sus edificios de oficinas aqu\u00ed, hay un restaurante, un bar, una terraza [&hellip;]<\/p>\n","protected":false},"author":6,"featured_media":1710,"parent":742,"menu_order":0,"comment_status":"closed","ping_status":"closed","template":"","meta":{"footnotes":""},"categories":[],"tags":[22,19],"class_list":["post-597","page","type-page","status-publish","has-post-thumbnail","hentry","tag-museum","tag-sehenswuerdigkeiten","post-wrapper","thrv_wrapper"],"_links":{"self":[{"href":"https:\/\/praguetouristinformation.com\/es\/wp-json\/wp\/v2\/pages\/597","targetHints":{"allow":["GET"]}}],"collection":[{"href":"https:\/\/praguetouristinformation.com\/es\/wp-json\/wp\/v2\/pages"}],"about":[{"href":"https:\/\/praguetouristinformation.com\/es\/wp-json\/wp\/v2\/types\/page"}],"author":[{"embeddable":true,"href":"https:\/\/praguetouristinformation.com\/es\/wp-json\/wp\/v2\/users\/6"}],"replies":[{"embeddable":true,"href":"https:\/\/praguetouristinformation.com\/es\/wp-json\/wp\/v2\/comments?post=597"}],"version-history":[{"count":9,"href":"https:\/\/praguetouristinformation.com\/es\/wp-json\/wp\/v2\/pages\/597\/revisions"}],"predecessor-version":[{"id":4736,"href":"https:\/\/praguetouristinformation.com\/es\/wp-json\/wp\/v2\/pages\/597\/revisions\/4736"}],"up":[{"embeddable":true,"href":"https:\/\/praguetouristinformation.com\/es\/wp-json\/wp\/v2\/pages\/742"}],"wp:featuredmedia":[{"embeddable":true,"href":"https:\/\/praguetouristinformation.com\/es\/wp-json\/wp\/v2\/media\/1710"}],"wp:attachment":[{"href":"https:\/\/praguetouristinformation.com\/es\/wp-json\/wp\/v2\/media?parent=597"}],"wp:term":[{"taxonomy":"category","embeddable":true,"href":"https:\/\/praguetouristinformation.com\/es\/wp-json\/wp\/v2\/categories?post=597"},{"taxonomy":"post_tag","embeddable":true,"href":"https:\/\/praguetouristinformation.com\/es\/wp-json\/wp\/v2\/tags?post=597"}],"curies":[{"name":"wp","href":"https:\/\/api.w.org\/{rel}","templated":true}]}}