{"id":594,"date":"2020-09-24T16:17:40","date_gmt":"2020-09-24T16:17:40","guid":{"rendered":"https:\/\/praguetouristinformation.com\/es\/?page_id=594"},"modified":"2023-05-03T12:15:13","modified_gmt":"2023-05-03T12:15:13","slug":"torre-de-la-polvora","status":"publish","type":"page","link":"https:\/\/praguetouristinformation.com\/es\/cosas-que-hacer\/ciudad-vieja\/torre-de-la-polvora","title":{"rendered":"Gu\u00eda de la Torre de la P\u00f3lvora: Entrada, vista e historia"},"content":{"rendered":"<h3 id=\"t-1670399614185\">La Torre de la P\u00f3lvora formaba parte de las murallas de la ciudad de Praga.<\/h3>\n<p>Hoy en d\u00eda es uno de los miradores m\u00e1s populares del <a data-id=\"742\" data-type=\"page\" href=\"https:\/\/praguetouristinformation.com\/es\/cosas-que-hacer\/ciudad-vieja\" style=\"outline: none;\">casco antiguo<\/a> .<\/p>\n<p>Aqu\u00ed se recopila toda la informaci\u00f3n importante sobre la Torre de la P\u00f3lvora, incluida la entrada, su historia y la direcci\u00f3n.<\/p>\n<p>\u00a1Empecemos!<\/p>\n<h2 id=\"t-1670399614186\">\u00bfQu\u00e9 puedo hacer en la Torre de la P\u00f3lvora?<\/h2>\n<p><span><img decoding=\"async\" alt=\"\" data-id=\"3685\" width=\"688\" data-init-width=\"1000\" height=\"461\" data-init-height=\"670\" title=\"La,Polvo,Puerta,Y,La,Casa,Municipal,En,Praga,Checo\" loading=\"lazy\" src=\"https:\/\/praguetouristinformation.com\/es\/wp-content\/uploads\/2022\/12\/powder-tower.jpg\" data-width=\"688\" data-height=\"461\" data-pin-media=\"https:\/\/praguetouristinformation.com\/es\/wp-content\/uploads\/2021\/02\/37.jpg\" data-pin-description=\"Pulverturm - Prague Tourist Information\" data-pin-url=\"https:\/\/praguetouristinformation.com\/es\/sehenswuerdigkeiten\/altstadt\/pulverturm?tve=true&amp;tcbf=2e81e0b3fe\" data-pinpro-key=\"uhrfb6n43\"><\/span><\/p>\n<ul>\n<li><strong>Plataforma de observaci\u00f3n:<\/strong> la torre de p\u00f3lvora tiene unos 65 metros de altura. A una altura de 44 metros hay una plataforma de <a data-id=\"713\" data-type=\"page\" href=\"https:\/\/praguetouristinformation.com\/es\/cosas-que-hacer\/puntos-de-vista\" style=\"outline: none;\" data-lt-tmp-id=\"lt-682611\" spellcheck=\"false\">observaci\u00f3n<\/a> que ofrece una vista impresionante <strong>del casco antiguo de Praga . <\/strong>No hay ascensor, 186 escalones, algunos de los cuales son muy empinados, de la escalera de caracol que data de 1592 conducen a la plataforma de observaci\u00f3n.<a data-id=\"713\" data-type=\"page\" href=\"https:\/\/praguetouristinformation.com\/es\/50-sehenswuerdigkeiten-in-prag\/aussichtspunkte\" style=\"outline: none;\" data-lt-tmp-id=\"lt-682611\" spellcheck=\"false\"><\/a><strong><\/strong><\/li>\n<li><strong>Exposici\u00f3n permanente:<\/strong> En la planta baja de la Torre de la P\u00f3lvora hay una peque\u00f1a exposici\u00f3n permanente <strong>sobre la torre y su historia. <\/strong>Las exhibiciones incluyen <strong>esculturas<\/strong> de los reyes del Imperio Checo y otras obras de <strong>arte<\/strong> .<\/li>\n<li><strong>Fachada:<\/strong> En la fachada de la torre se pueden admirar numerosas <strong>estatuas de reyes<\/strong> rodeadas por los escudos de armas de los pa\u00edses que gobernaron; en las esquinas hay <strong>alegor\u00edas<\/strong> de las virtudes soberanas. <strong>Hay \u00e1ngeles<\/strong> alados sobre las estatuas y un le\u00f3n con el <strong>escudo de armas de la Ciudad Vieja de Praga se<\/strong> encuentra en las cuatro columnas de las esquinas .&nbsp;<\/li>\n<li><strong>Consejo:<\/strong> por la noche, cuando est\u00e1 iluminada, la Torre de la P\u00f3lvora se destaca especialmente entre las <a data-id=\"247\" data-type=\"page\" href=\"https:\/\/praguetouristinformation.com\/es\/cosas-que-hacer\/puntos-de-vista\" style=\"outline: none;\">vistas de Praga<\/a> .<\/li>\n<\/ul>\n<h2 id=\"t-1670418080391\" data-alt-text=\"Eintritt, Tickets &amp; F\u00fchrungen \">Entradas, entradas y visitas guiadas a la Torre de la P\u00f3lvora<\/h2>\n<p><span><img decoding=\"async\" alt=\"\" data-id=\"3686\" width=\"688\" data-init-width=\"1000\" height=\"459\" data-init-height=\"667\" title=\"Praga,,Rep\u00fablica Checa.,Puesta de sol,En,Vieja,Ciudad,A trav\u00e9s,Medieval,Arco\" loading=\"lazy\" src=\"https:\/\/praguetouristinformation.com\/es\/wp-content\/uploads\/2022\/12\/powder-tower-1.jpg\" data-width=\"688\" data-height=\"459\" data-pin-media=\"https:\/\/praguetouristinformation.com\/es\/wp-content\/uploads\/2021\/02\/37.jpg\" data-pin-description=\"Pulverturm - Prague Tourist Information\" data-pin-url=\"https:\/\/praguetouristinformation.com\/es\/sehenswuerdigkeiten\/altstadt\/pulverturm?tve=true&amp;tcbf=2e81e0b3fe\" data-pinpro-key=\"kbe7yzjnh\"><\/span><\/p>\n<ul>\n<li><strong>Admisi\u00f3n:<\/strong> &nbsp;La Torre de la P\u00f3lvora est\u00e1 abierta todo el a\u00f1o.&nbsp;<\/li>\n<li><strong>Entradas:<\/strong> &nbsp;Las entradas se pueden comprar en el sitio. Los precios de entrada est\u00e1n&nbsp; <a href=\"https:\/\/www.google.com\/maps\/place\/Pulverturm\/@50.087273,14.4277887,14z\/data=!4m5!3m4!1s0x470b94eb050ff205:0x9349b85fec4613a6!8m2!3d50.087273!4d14.4277887\" target=\"_blank\" style=\"outline: none;\" rel=\"noopener\">aqu\u00ed<\/a> .<\/li>\n<\/ul>\n<h2 id=\"t-1670399614187\">\u00bfC\u00f3mo llego a la Torre de la P\u00f3lvora?<\/h2>\n<p>La Torre de la P\u00f3lvora se encuentra a 5 minutos a pie de la Plaza de la <a data-id=\"621\" data-type=\"page\" href=\"https:\/\/praguetouristinformation.com\/es\/cosas-que-hacer\/ciudad-vieja\/anillo-de-la-ciudad-vieja\" style=\"outline: none;\">Ciudad Vieja<\/a> y es f\u00e1cilmente accesible con la l\u00ednea B del metro, l\u00ednea amarilla, parada N\u00e1m\u0115st\u00ed Republiky.<\/p>\n<h2 id=\"t-1670399614189\" data-alt-text=\"Geschichte\">Historia de la Torre de la P\u00f3lvora<\/h2>\n<p><span><img decoding=\"async\" alt=\"\" data-id=\"3684\" width=\"688\" data-init-width=\"1000\" height=\"459\" data-init-height=\"667\" title=\"Antiguo,Torre,Edificio.,Polvo,Torre,En,Praga,,Rep\u00fablica Checa.,Torre\" loading=\"lazy\" src=\"https:\/\/praguetouristinformation.com\/es\/wp-content\/uploads\/2022\/12\/history-of-the-powder-tower.jpg\" data-width=\"688\" data-height=\"459\" data-pin-media=\"https:\/\/praguetouristinformation.com\/es\/wp-content\/uploads\/2021\/02\/37.jpg\" data-pin-description=\"Pulverturm - Prague Tourist Information\" data-pin-url=\"https:\/\/praguetouristinformation.com\/es\/sehenswuerdigkeiten\/altstadt\/pulverturm?tve=true&amp;tcbf=2e81e0b3fe\" data-pinpro-key=\"osyngo5xz\"><\/span><\/p>\n<p>La Torre de la P\u00f3lvora de Praga est\u00e1 construida en estilo g\u00f3tico. Est\u00e1 ubicado en el mismo centro de Praga, justo en la Plaza de la Rep\u00fablica al lado de la Casa Municipal Obecn\u00ed Dum. La construcci\u00f3n comenz\u00f3 en 1475, pero se cancel\u00f3 9 a\u00f1os despu\u00e9s de que comenzara porque el rey en ese momento hab\u00eda trasladado su residencia oficial de la Ciudad Vieja al Castillo de Praga. Las obras de construcci\u00f3n no se terminaron hasta 400 a\u00f1os despu\u00e9s, en 1886.<\/p>\n<p>Los reyes checos sol\u00edan entrar en el casco antiguo a trav\u00e9s de la Torre de la P\u00f3lvora durante sus procesiones de coronaci\u00f3n. Incluso hoy en d\u00eda, la Torre de la P\u00f3lvora es una puerta monumental al casco antiguo, se encuentra al comienzo de la Coronaci\u00f3n o Camino Real que conduce al <a data-id=\"738\" data-type=\"page\" href=\"https:\/\/praguetouristinformation.com\/es\/cosas-que-hacer\/castillo\" style=\"outline: none;\">Castillo de Praga<\/a> .<\/p>\n<p>Debe su nombre a que sol\u00eda ser un almac\u00e9n de p\u00f3lvora. <a data-id=\"664\" data-type=\"page\" href=\"https:\/\/praguetouristinformation.com\/es\/cosas-que-hacer\/puente-de-carlos\" style=\"outline: none;\">Junto con la Torre del Puente de la Ciudad Vieja en el Puente de Carlos<\/a> , la torre es una de las dos estructuras restantes de las 13 puertas y torres de fortificaci\u00f3n que alguna vez rodearon la Ciudad Vieja de Praga.<\/p>\n<h2 id=\"t-1670399614190\">Contacto<\/h2>\n<ul>\n<li><strong>Direcci\u00f3n:<\/strong> n\u00e1m. Republiky 5, 110 00 Star\u00e9 M\u011bsto, Praga<\/li>\n<li><strong>Transporte p\u00fablico:<\/strong> Metro \u2013 estaci\u00f3n N\u00e1m\u0115st\u00ed Republiky, l\u00ednea amarilla B<\/li>\n<li><strong>\u00d6ffnungszeiten:<\/strong> Die aktuellen \u00d6ffnungszeiten<a href=\"https:\/\/www.google.com\/maps\/place\/Pulverturm\/@50.087273,14.4277887,14z\/data=!4m5!3m4!1s0x470b94eb050ff205:0x9349b85fec4613a6!8m2!3d50.087273!4d14.4277887\" target=\"_blank\" style=\"outline: none;\" rel=\"noopener\"> stehen hier<\/a>.<\/li>\n<\/ul>\n","protected":false},"excerpt":{"rendered":"<p>La Torre de la P\u00f3lvora formaba parte de las murallas de la ciudad de Praga. Hoy en d\u00eda es uno de los miradores m\u00e1s populares del casco antiguo . Aqu\u00ed se recopila toda la informaci\u00f3n importante sobre la Torre de la P\u00f3lvora, incluida la entrada, su historia y la direcci\u00f3n. \u00a1Empecemos! \u00bfQu\u00e9 puedo hacer en [&hellip;]<\/p>\n","protected":false},"author":6,"featured_media":2505,"parent":742,"menu_order":0,"comment_status":"open","ping_status":"closed","template":"","meta":{"footnotes":""},"categories":[],"tags":[19],"class_list":["post-594","page","type-page","status-publish","has-post-thumbnail","hentry","tag-sehenswuerdigkeiten","post-wrapper","thrv_wrapper"],"_links":{"self":[{"href":"https:\/\/praguetouristinformation.com\/es\/wp-json\/wp\/v2\/pages\/594","targetHints":{"allow":["GET"]}}],"collection":[{"href":"https:\/\/praguetouristinformation.com\/es\/wp-json\/wp\/v2\/pages"}],"about":[{"href":"https:\/\/praguetouristinformation.com\/es\/wp-json\/wp\/v2\/types\/page"}],"author":[{"embeddable":true,"href":"https:\/\/praguetouristinformation.com\/es\/wp-json\/wp\/v2\/users\/6"}],"replies":[{"embeddable":true,"href":"https:\/\/praguetouristinformation.com\/es\/wp-json\/wp\/v2\/comments?post=594"}],"version-history":[{"count":6,"href":"https:\/\/praguetouristinformation.com\/es\/wp-json\/wp\/v2\/pages\/594\/revisions"}],"predecessor-version":[{"id":4843,"href":"https:\/\/praguetouristinformation.com\/es\/wp-json\/wp\/v2\/pages\/594\/revisions\/4843"}],"up":[{"embeddable":true,"href":"https:\/\/praguetouristinformation.com\/es\/wp-json\/wp\/v2\/pages\/742"}],"wp:featuredmedia":[{"embeddable":true,"href":"https:\/\/praguetouristinformation.com\/es\/wp-json\/wp\/v2\/media\/2505"}],"wp:attachment":[{"href":"https:\/\/praguetouristinformation.com\/es\/wp-json\/wp\/v2\/media?parent=594"}],"wp:term":[{"taxonomy":"category","embeddable":true,"href":"https:\/\/praguetouristinformation.com\/es\/wp-json\/wp\/v2\/categories?post=594"},{"taxonomy":"post_tag","embeddable":true,"href":"https:\/\/praguetouristinformation.com\/es\/wp-json\/wp\/v2\/tags?post=594"}],"curies":[{"name":"wp","href":"https:\/\/api.w.org\/{rel}","templated":true}]}}