{"id":5327,"date":"2025-08-29T07:51:11","date_gmt":"2025-08-29T07:51:11","guid":{"rendered":"https:\/\/praguetouristinformation.com\/es\/?page_id=5327"},"modified":"2025-08-29T07:51:32","modified_gmt":"2025-08-29T07:51:32","slug":"megapass-prague-city-pass-deluxe","status":"publish","type":"page","link":"https:\/\/praguetouristinformation.com\/es\/megapass-prague-city-pass-deluxe","title":{"rendered":"MegaPass Prague City Pass Deluxe"},"content":{"rendered":"<p><span><img decoding=\"async\" alt=\"Megapass PRAGUE City Pass\" data-id=\"5315\" width=\"1200\" height=\"678\" title=\"Megapass PRAGUE City Pass\" src=\"https:\/\/praguetouristinformation.com\/es\/wp-content\/uploads\/2025\/08\/PRAGUE-Megapass-1024x579.webp\" data-src=\"https:\/\/praguetouristinformation.com\/es\/wp-content\/uploads\/2025\/08\/PRAGUE-Megapass-300x170.webp\" loading=\"lazy\" data-sizes=\"{&quot;thumbnail&quot;:{&quot;height&quot;:150,&quot;width&quot;:150,&quot;url&quot;:&quot;https:\/\/praguetouristinformation.com\/es\/wp-content\/uploads\/2025\/08\/PRAGUE-Megapass-150x150.webp&quot;,&quot;orientation&quot;:&quot;landscape&quot;},&quot;medium&quot;:{&quot;height&quot;:170,&quot;width&quot;:300,&quot;url&quot;:&quot;https:\/\/praguetouristinformation.com\/es\/wp-content\/uploads\/2025\/08\/PRAGUE-Megapass-300x170.webp&quot;,&quot;orientation&quot;:&quot;landscape&quot;},&quot;large&quot;:{&quot;height&quot;:579,&quot;width&quot;:1024,&quot;url&quot;:&quot;https:\/\/praguetouristinformation.com\/es\/wp-content\/uploads\/2025\/08\/PRAGUE-Megapass-1024x579.webp&quot;,&quot;orientation&quot;:&quot;landscape&quot;},&quot;full&quot;:{&quot;url&quot;:&quot;https:\/\/praguetouristinformation.com\/es\/wp-content\/uploads\/2025\/08\/PRAGUE-Megapass.webp&quot;,&quot;height&quot;:678,&quot;width&quot;:1200,&quot;orientation&quot;:&quot;landscape&quot;}}\"><\/span><span><img decoding=\"async\" alt=\"\" data-id=\"5309\" width=\"1200\" height=\"678\" title=\"MegaPass Prague City Pass 6\" src=\"https:\/\/praguetouristinformation.com\/es\/wp-content\/uploads\/2025\/08\/MegaPass-Prague-City-Pass-6-1024x579.webp\" data-src=\"https:\/\/praguetouristinformation.com\/es\/wp-content\/uploads\/2025\/08\/MegaPass-Prague-City-Pass-6-300x170.webp\" loading=\"lazy\" data-sizes=\"{&quot;thumbnail&quot;:{&quot;height&quot;:150,&quot;width&quot;:150,&quot;url&quot;:&quot;https:\/\/praguetouristinformation.com\/es\/wp-content\/uploads\/2025\/08\/MegaPass-Prague-City-Pass-6-150x150.webp&quot;,&quot;orientation&quot;:&quot;landscape&quot;},&quot;medium&quot;:{&quot;height&quot;:170,&quot;width&quot;:300,&quot;url&quot;:&quot;https:\/\/praguetouristinformation.com\/es\/wp-content\/uploads\/2025\/08\/MegaPass-Prague-City-Pass-6-300x170.webp&quot;,&quot;orientation&quot;:&quot;landscape&quot;},&quot;large&quot;:{&quot;height&quot;:579,&quot;width&quot;:1024,&quot;url&quot;:&quot;https:\/\/praguetouristinformation.com\/es\/wp-content\/uploads\/2025\/08\/MegaPass-Prague-City-Pass-6-1024x579.webp&quot;,&quot;orientation&quot;:&quot;landscape&quot;},&quot;full&quot;:{&quot;url&quot;:&quot;https:\/\/praguetouristinformation.com\/es\/wp-content\/uploads\/2025\/08\/MegaPass-Prague-City-Pass-6.webp&quot;,&quot;height&quot;:678,&quot;width&quot;:1200,&quot;orientation&quot;:&quot;landscape&quot;}}\"><\/span><span><img decoding=\"async\" alt=\"\" data-id=\"5313\" width=\"1200\" height=\"678\" title=\"MegaPass Prague City Pass 2\" src=\"https:\/\/praguetouristinformation.com\/es\/wp-content\/uploads\/2025\/08\/MegaPass-Prague-City-Pass-2--1024x579.webp\" data-src=\"https:\/\/praguetouristinformation.com\/es\/wp-content\/uploads\/2025\/08\/MegaPass-Prague-City-Pass-2--300x170.webp\" loading=\"lazy\" data-sizes=\"{&quot;thumbnail&quot;:{&quot;height&quot;:150,&quot;width&quot;:150,&quot;url&quot;:&quot;https:\/\/praguetouristinformation.com\/es\/wp-content\/uploads\/2025\/08\/MegaPass-Prague-City-Pass-2--150x150.webp&quot;,&quot;orientation&quot;:&quot;landscape&quot;},&quot;medium&quot;:{&quot;height&quot;:170,&quot;width&quot;:300,&quot;url&quot;:&quot;https:\/\/praguetouristinformation.com\/es\/wp-content\/uploads\/2025\/08\/MegaPass-Prague-City-Pass-2--300x170.webp&quot;,&quot;orientation&quot;:&quot;landscape&quot;},&quot;large&quot;:{&quot;height&quot;:579,&quot;width&quot;:1024,&quot;url&quot;:&quot;https:\/\/praguetouristinformation.com\/es\/wp-content\/uploads\/2025\/08\/MegaPass-Prague-City-Pass-2--1024x579.webp&quot;,&quot;orientation&quot;:&quot;landscape&quot;},&quot;full&quot;:{&quot;url&quot;:&quot;https:\/\/praguetouristinformation.com\/es\/wp-content\/uploads\/2025\/08\/MegaPass-Prague-City-Pass-2-.webp&quot;,&quot;height&quot;:678,&quot;width&quot;:1200,&quot;orientation&quot;:&quot;landscape&quot;}}\"><\/span><span><img decoding=\"async\" alt=\"\" data-id=\"5312\" width=\"1200\" height=\"678\" title=\"MegaPass Prague City Pass Classic 3\" src=\"https:\/\/praguetouristinformation.com\/es\/wp-content\/uploads\/2025\/08\/MegaPass-Prague-City-Pass-Classic-3-1024x579.webp\" data-src=\"https:\/\/praguetouristinformation.com\/es\/wp-content\/uploads\/2025\/08\/MegaPass-Prague-City-Pass-Classic-3-300x170.webp\" loading=\"lazy\" data-sizes=\"{&quot;thumbnail&quot;:{&quot;height&quot;:150,&quot;width&quot;:150,&quot;url&quot;:&quot;https:\/\/praguetouristinformation.com\/es\/wp-content\/uploads\/2025\/08\/MegaPass-Prague-City-Pass-Classic-3-150x150.webp&quot;,&quot;orientation&quot;:&quot;landscape&quot;},&quot;medium&quot;:{&quot;height&quot;:170,&quot;width&quot;:300,&quot;url&quot;:&quot;https:\/\/praguetouristinformation.com\/es\/wp-content\/uploads\/2025\/08\/MegaPass-Prague-City-Pass-Classic-3-300x170.webp&quot;,&quot;orientation&quot;:&quot;landscape&quot;},&quot;large&quot;:{&quot;height&quot;:579,&quot;width&quot;:1024,&quot;url&quot;:&quot;https:\/\/praguetouristinformation.com\/es\/wp-content\/uploads\/2025\/08\/MegaPass-Prague-City-Pass-Classic-3-1024x579.webp&quot;,&quot;orientation&quot;:&quot;landscape&quot;},&quot;full&quot;:{&quot;url&quot;:&quot;https:\/\/praguetouristinformation.com\/es\/wp-content\/uploads\/2025\/08\/MegaPass-Prague-City-Pass-Classic-3.webp&quot;,&quot;height&quot;:678,&quot;width&quot;:1200,&quot;orientation&quot;:&quot;landscape&quot;}}\"><\/span><span><img decoding=\"async\" alt=\"\" data-id=\"5311\" width=\"1200\" height=\"678\" title=\"MegaPass Prague City Pass Classic 4\" src=\"https:\/\/praguetouristinformation.com\/es\/wp-content\/uploads\/2025\/08\/MegaPass-Prague-City-Pass-Classic-4-1024x579.webp\" data-src=\"https:\/\/praguetouristinformation.com\/es\/wp-content\/uploads\/2025\/08\/MegaPass-Prague-City-Pass-Classic-4-300x170.webp\" loading=\"lazy\" data-sizes=\"{&quot;thumbnail&quot;:{&quot;height&quot;:150,&quot;width&quot;:150,&quot;url&quot;:&quot;https:\/\/praguetouristinformation.com\/es\/wp-content\/uploads\/2025\/08\/MegaPass-Prague-City-Pass-Classic-4-150x150.webp&quot;,&quot;orientation&quot;:&quot;landscape&quot;},&quot;medium&quot;:{&quot;height&quot;:170,&quot;width&quot;:300,&quot;url&quot;:&quot;https:\/\/praguetouristinformation.com\/es\/wp-content\/uploads\/2025\/08\/MegaPass-Prague-City-Pass-Classic-4-300x170.webp&quot;,&quot;orientation&quot;:&quot;landscape&quot;},&quot;large&quot;:{&quot;height&quot;:579,&quot;width&quot;:1024,&quot;url&quot;:&quot;https:\/\/praguetouristinformation.com\/es\/wp-content\/uploads\/2025\/08\/MegaPass-Prague-City-Pass-Classic-4-1024x579.webp&quot;,&quot;orientation&quot;:&quot;landscape&quot;},&quot;full&quot;:{&quot;url&quot;:&quot;https:\/\/praguetouristinformation.com\/es\/wp-content\/uploads\/2025\/08\/MegaPass-Prague-City-Pass-Classic-4.webp&quot;,&quot;height&quot;:678,&quot;width&quot;:1200,&quot;orientation&quot;:&quot;landscape&quot;}}\"><\/span><span><img decoding=\"async\" alt=\"\" data-id=\"5310\" width=\"1200\" height=\"678\" title=\"MegaPass Prague City Pass Classic 5\" src=\"https:\/\/praguetouristinformation.com\/es\/wp-content\/uploads\/2025\/08\/MegaPass-Prague-City-Pass-Classic-5-1024x579.webp\" data-src=\"https:\/\/praguetouristinformation.com\/es\/wp-content\/uploads\/2025\/08\/MegaPass-Prague-City-Pass-Classic-5-300x170.webp\" loading=\"lazy\" data-sizes=\"{&quot;thumbnail&quot;:{&quot;height&quot;:150,&quot;width&quot;:150,&quot;url&quot;:&quot;https:\/\/praguetouristinformation.com\/es\/wp-content\/uploads\/2025\/08\/MegaPass-Prague-City-Pass-Classic-5-150x150.webp&quot;,&quot;orientation&quot;:&quot;landscape&quot;},&quot;medium&quot;:{&quot;height&quot;:170,&quot;width&quot;:300,&quot;url&quot;:&quot;https:\/\/praguetouristinformation.com\/es\/wp-content\/uploads\/2025\/08\/MegaPass-Prague-City-Pass-Classic-5-300x170.webp&quot;,&quot;orientation&quot;:&quot;landscape&quot;},&quot;large&quot;:{&quot;height&quot;:579,&quot;width&quot;:1024,&quot;url&quot;:&quot;https:\/\/praguetouristinformation.com\/es\/wp-content\/uploads\/2025\/08\/MegaPass-Prague-City-Pass-Classic-5-1024x579.webp&quot;,&quot;orientation&quot;:&quot;landscape&quot;},&quot;full&quot;:{&quot;url&quot;:&quot;https:\/\/praguetouristinformation.com\/es\/wp-content\/uploads\/2025\/08\/MegaPass-Prague-City-Pass-Classic-5.webp&quot;,&quot;height&quot;:678,&quot;width&quot;:1200,&quot;orientation&quot;:&quot;landscape&quot;}}\"><\/span><span><img decoding=\"async\" alt=\"\" data-id=\"5308\" width=\"1200\" height=\"678\" title=\"MegaPass Prague City Pass 7\" src=\"https:\/\/praguetouristinformation.com\/es\/wp-content\/uploads\/2025\/08\/MegaPass-Prague-City-Pass-7-1024x579.webp\" data-src=\"https:\/\/praguetouristinformation.com\/es\/wp-content\/uploads\/2025\/08\/MegaPass-Prague-City-Pass-7-300x170.webp\" loading=\"lazy\" data-sizes=\"{&quot;thumbnail&quot;:{&quot;height&quot;:150,&quot;width&quot;:150,&quot;url&quot;:&quot;https:\/\/praguetouristinformation.com\/es\/wp-content\/uploads\/2025\/08\/MegaPass-Prague-City-Pass-7-150x150.webp&quot;,&quot;orientation&quot;:&quot;landscape&quot;},&quot;medium&quot;:{&quot;height&quot;:170,&quot;width&quot;:300,&quot;url&quot;:&quot;https:\/\/praguetouristinformation.com\/es\/wp-content\/uploads\/2025\/08\/MegaPass-Prague-City-Pass-7-300x170.webp&quot;,&quot;orientation&quot;:&quot;landscape&quot;},&quot;large&quot;:{&quot;height&quot;:579,&quot;width&quot;:1024,&quot;url&quot;:&quot;https:\/\/praguetouristinformation.com\/es\/wp-content\/uploads\/2025\/08\/MegaPass-Prague-City-Pass-7-1024x579.webp&quot;,&quot;orientation&quot;:&quot;landscape&quot;},&quot;full&quot;:{&quot;url&quot;:&quot;https:\/\/praguetouristinformation.com\/es\/wp-content\/uploads\/2025\/08\/MegaPass-Prague-City-Pass-7.webp&quot;,&quot;height&quot;:678,&quot;width&quot;:1200,&quot;orientation&quot;:&quot;landscape&quot;}}\"><\/span><span><img decoding=\"async\" alt=\"\" data-id=\"5307\" width=\"1200\" height=\"678\" title=\"MegaPass Prague City Pass 8\" src=\"https:\/\/praguetouristinformation.com\/es\/wp-content\/uploads\/2025\/08\/MegaPass-Prague-City-Pass-8-1024x579.webp\" data-src=\"https:\/\/praguetouristinformation.com\/es\/wp-content\/uploads\/2025\/08\/MegaPass-Prague-City-Pass-8-300x170.webp\" loading=\"lazy\" data-sizes=\"{&quot;thumbnail&quot;:{&quot;height&quot;:150,&quot;width&quot;:150,&quot;url&quot;:&quot;https:\/\/praguetouristinformation.com\/es\/wp-content\/uploads\/2025\/08\/MegaPass-Prague-City-Pass-8-150x150.webp&quot;,&quot;orientation&quot;:&quot;landscape&quot;},&quot;medium&quot;:{&quot;height&quot;:170,&quot;width&quot;:300,&quot;url&quot;:&quot;https:\/\/praguetouristinformation.com\/es\/wp-content\/uploads\/2025\/08\/MegaPass-Prague-City-Pass-8-300x170.webp&quot;,&quot;orientation&quot;:&quot;landscape&quot;},&quot;large&quot;:{&quot;height&quot;:579,&quot;width&quot;:1024,&quot;url&quot;:&quot;https:\/\/praguetouristinformation.com\/es\/wp-content\/uploads\/2025\/08\/MegaPass-Prague-City-Pass-8-1024x579.webp&quot;,&quot;orientation&quot;:&quot;landscape&quot;},&quot;full&quot;:{&quot;url&quot;:&quot;https:\/\/praguetouristinformation.com\/es\/wp-content\/uploads\/2025\/08\/MegaPass-Prague-City-Pass-8.webp&quot;,&quot;height&quot;:678,&quot;width&quot;:1200,&quot;orientation&quot;:&quot;landscape&quot;}}\"><\/span><span><img decoding=\"async\" alt=\"\" data-id=\"5314\" width=\"1200\" height=\"678\" title=\"MegaPass Prague City Pass\" src=\"https:\/\/praguetouristinformation.com\/es\/wp-content\/uploads\/2025\/08\/MegaPass-Prague-City-Pass--1024x579.webp\" data-src=\"https:\/\/praguetouristinformation.com\/es\/wp-content\/uploads\/2025\/08\/MegaPass-Prague-City-Pass--300x170.webp\" loading=\"lazy\" data-sizes=\"{&quot;thumbnail&quot;:{&quot;height&quot;:150,&quot;width&quot;:150,&quot;url&quot;:&quot;https:\/\/praguetouristinformation.com\/es\/wp-content\/uploads\/2025\/08\/MegaPass-Prague-City-Pass--150x150.webp&quot;,&quot;orientation&quot;:&quot;landscape&quot;},&quot;medium&quot;:{&quot;height&quot;:170,&quot;width&quot;:300,&quot;url&quot;:&quot;https:\/\/praguetouristinformation.com\/es\/wp-content\/uploads\/2025\/08\/MegaPass-Prague-City-Pass--300x170.webp&quot;,&quot;orientation&quot;:&quot;landscape&quot;},&quot;large&quot;:{&quot;height&quot;:579,&quot;width&quot;:1024,&quot;url&quot;:&quot;https:\/\/praguetouristinformation.com\/es\/wp-content\/uploads\/2025\/08\/MegaPass-Prague-City-Pass--1024x579.webp&quot;,&quot;orientation&quot;:&quot;landscape&quot;},&quot;full&quot;:{&quot;url&quot;:&quot;https:\/\/praguetouristinformation.com\/es\/wp-content\/uploads\/2025\/08\/MegaPass-Prague-City-Pass-.webp&quot;,&quot;height&quot;:678,&quot;width&quot;:1200,&quot;orientation&quot;:&quot;landscape&quot;}}\"><\/span><\/p>\n<h1 data-qa-marker=\"product-name\">MegaPass Prague City Pass Deluxe<\/h1>\n<h2><a href=\"https:\/\/megapass.com\/tours-tickets\/prague-city-pass-deluxe-i3696?discountCode=ma-places\" target=\"_blank\" rel=\"nofollow noopener\" style=\"outline: none;\">Hacer una reserva<\/a><\/h2>\n<h1><a href=\"https:\/\/megapass.com\/tours-tickets\/prague-city-pass-deluxe-i3696?discountCode=ma-places\" target=\"_blank\" rel=\"nofollow noopener\" style=\"outline: none;\"><span style=\"font-weight: normal;\">Desde <\/span>126<strong>,35 \u20ac<\/strong><\/a><\/h1>\n<p data-pm-slice=\"1 1 []\">Disfruta al m\u00e1ximo de Praga y ahorra un 5% con nuestro descuento exclusivo en el<strong> MegaPass Prague City Pass Deluxe,<\/strong> que in<strong>cluye la Prague Card de 72 horas<\/strong> con acceso a m\u00e1s de 60 atracciones y <strong>transporte p\u00fablico ilimitado.<\/strong><\/p>\n<ul>\n<li style=\"\"><span>Seleccionado cuidadosamente<\/span><\/li>\n<li style=\"\"><!--! Font Awesome Free 6.7.1 by @fontawesome - https:\/\/fontawesome.com License - https:\/\/fontawesome.com\/license\/free (Icons: CC BY 4.0, Fonts: SIL OFL 1.1, Code: MIT License) Copyright 2024 Fonticons, Inc. --><span>Audiogu\u00eda (ingl\u00e9s, alem\u00e1n, italiano, espa\u00f1ol, franc\u00e9s)<\/span><\/li>\n<li style=\"\"><span>Validez: 3 d\u00edas<\/span><\/li>\n<li style=\"\"><span>Entrega instant\u00e1nea de boletos<\/span><\/li>\n<\/ul>\n<h2>Qu\u00e9 incluye<\/h2>\n<ul>\n<li style=\"\">                    <span>Prague Card \u2013 acceso ilimitado durante 72 horas a m\u00e1s de 60 atracciones<\/span><\/li>\n<li style=\"\">                    <span>Transporte p\u00fablico ilimitado por 72 horas<\/span><\/li>\n<li style=\"\">                    <span>Castillo de Praga: Catedral de San Vito y Antiguo Palacio Real<\/span><\/li>\n<li style=\"\">                    <span>Ayuntamiento de la Ciudad Vieja con Reloj Astron\u00f3mico<\/span><\/li>\n<li style=\"\">                    <span>Clementinum: Torre Astron\u00f3mica y Biblioteca Barroca<\/span><\/li>\n<li style=\"\">                    <span>Crucero fluvial \u201cPrague Venice\u201d<\/span><\/li>\n<li style=\"\">                    <span>Barrio Jud\u00edo \u2013 acceso a la ruta<\/span><\/li>\n<li style=\"\">                    <span>Zool\u00f3gico de Praga<\/span><\/li>\n<li style=\"\">                    <span>Tranv\u00eda hist\u00f3rico L\u00ednea 42 \u2013 billete de 24 horas<\/span><\/li>\n<li style=\"\">                    <span>Torre de Pet\u0159\u00edn y Laberinto de Espejos<\/span><\/li>\n<li style=\"\">                    <span>Torre del Puente de la Ciudad Vieja<\/span><\/li>\n<li style=\"\">                    <span>Torres del Puente de Mal\u00e1 Strana<\/span><\/li>\n<li style=\"\">                    <span>Puerta de la P\u00f3lvora<\/span><\/li>\n<li style=\"\">                    <span>Manifesto Market Andel \u2013 bebida de bienvenida en SOOT Bar<\/span><\/li>\n<li><span>Dos audiogu\u00edas digitales (Castillo de Praga + Lo mejor de Praga)<\/span><\/li>\n<li><span>3 GB de datos eSIM para acceso inmediato a internet<\/span><\/li>\n<\/ul>\n<h2>Qu\u00e9 no est\u00e1 incluido<\/h2>\n<ul>\n<li style=\"\"><span>Acceso a exposiciones adicionales de pago no especificadas en las inclusiones<\/span><\/li>\n<li style=\"\"><span>Comida (excepto bebida de bienvenida en SOOT Bar)<\/span><\/li>\n<li style=\"\"><span>Traslados desde el hotel o transporte fuera de la red p\u00fablica<\/span><\/li>\n<\/ul>\n<h2>Informaci\u00f3n importante<\/h2>\n<ul>\n<li><span>Tras la reserva, recibir\u00e1s un correo electr\u00f3nico con tu pase.<\/span><\/li>\n<li><span>Muestra tu c\u00f3digo QR en cada atracci\u00f3n y explora a tu propio ritmo.<\/span><\/li>\n<li><span>Pase v\u00e1lido durante 72 horas a partir del primer uso.<\/span><\/li>\n<li><span>Transporte p\u00fablico ilimitado incluido durante el per\u00edodo de validez.<\/span><\/li>\n<\/ul>\n<h2>Descripci\u00f3n:<\/h2>\n<p data-end=\"2156\" data-start=\"1790\">El <strong data-end=\"1829\" data-start=\"1793\">MegaPass Prague City Pass Deluxe<\/strong> es la tarjeta tur\u00edstica definitiva \u2014 ahora con un <strong>5% de descuento exclusivo<\/strong> al reservar con nuestro enlace. I<strong>ncluye la Prague Card de 72 horas,<\/strong> con acceso a m\u00e1s de 60 atracciones,<strong> transporte p\u00fablico ilimitado <\/strong>y experiencias ic\u00f3nicas como el Reloj Astron\u00f3mico, el Castillo de Praga y un crucero panor\u00e1mico por el r\u00edo Moldava.<\/p>\n<p data-end=\"2420\" data-start=\"2158\">Viaja en tranv\u00edas hist\u00f3ricos, visita torres emblem\u00e1ticas, explora los museos de la ciudad y disfruta de una bebida de bienvenida en Manifesto Market. Con audiogu\u00edas multiling\u00fces y una eSIM de 3 GB, ver\u00e1s m\u00e1s, gastar\u00e1s menos y viajar\u00e1s de forma m\u00e1s inteligente<\/p>\n<h2>Reflejos:<\/h2>\n<ul>\n<li>Accede a m\u00e1s de<strong> 60 atracciones con la Prague Card de 72 horas<\/strong><\/li>\n<\/ul>\n<ul>\n<li data-end=\"2588\" data-start=\"2510\">Disfruta de<strong> transporte p\u00fablico ilimitado<\/strong>: tranv\u00edas, autobuses, metro y m\u00e1s<\/li>\n<li data-end=\"2662\" data-start=\"2589\">Visita el Reloj Astron\u00f3mico, <strong>el Castillo de Praga <\/strong>y torres hist\u00f3ricas<\/li>\n<li data-end=\"2708\" data-start=\"2663\">Rel\u00e1jate en un<strong> crucero por el r\u00edo Moldava<\/strong><\/li>\n<li data-end=\"2780\" data-start=\"2709\">Explora el <strong>Barrio Jud\u00edo,<\/strong> la Torre de Pet\u0159\u00edn y el Zool\u00f3gico de Praga<\/li>\n<li data-end=\"2821\" data-start=\"2781\">S\u00fabete al<strong> tranv\u00eda hist\u00f3rico L\u00ednea 42<\/strong><\/li>\n<li data-end=\"2867\" data-start=\"2822\">Mantente conectado con<strong> 3 GB de datos eSIM<\/strong><\/li>\n<li data-end=\"2951\" data-start=\"2868\"><strong>Ahorra un 5% al instante <\/strong>con nuestro enlace exclusivo \u2014 sin necesidad de c\u00f3digo<\/li>\n<\/ul>\n<h3 data-end=\"2518\" data-start=\"2491\">Pol\u00edtica de cancelaci\u00f3n<\/h3>\n<p data-end=\"3160\" data-start=\"2981\">Disfruta de cancelaci\u00f3n gratuita dentro de los 30 d\u00edas posteriores a la compra si no has activado tu pase. Una vez activado, el pase es v\u00e1lido por 72 horas y no es reembolsable.<\/p>\n<h2>Punto de encuentro e instrucciones<\/h2>\n<p data-end=\"3405\" data-start=\"3201\">Tras la reserva, recibir\u00e1s tu pase y c\u00f3digo QR por correo electr\u00f3nico. Activa tu pase en la primera atracci\u00f3n o acceso al transporte p\u00fablico. Muestra tu c\u00f3digo QR en cada sitio participante para entrar.<\/p>\n<h2>Rese\u00f1as y calificaciones<\/h2>\n<p dir=\"ltr\"><a href=\"https:\/\/megapass.com\/tours-tickets\/prague-city-pass-deluxe-i3696?discountCode=ma-places\" target=\"_blank\" rel=\"nofollow noopener\" style=\"outline: none;\" spellcheck=\"false\">S\u00e9 el primero en dejar una rese\u00f1a.<\/a><\/p>\n<h2>Algunas actividades que te podr\u00edan gustar<\/h2>\n<p><span># <\/span><strong><span>2<\/span><\/strong><span># <\/span><strong><span>2<\/span><\/strong><span><img decoding=\"async\" alt=\"\" data-id=\"5315\" width=\"159\" data-init-width=\"1200\" height=\"83\" data-init-height=\"678\" title=\"PRAGUE-Megapass\" loading=\"lazy\" src=\"https:\/\/praguetouristinformation.com\/es\/wp-content\/uploads\/2025\/08\/PRAGUE-Megapass.webp\" data-width=\"159\" data-height=\"83\" style=\"aspect-ratio: auto 1200 \/ 678;\"><\/span><\/p>\n<table>\n<tbody>\n<tr>\n<td><a href=\"https:\/\/megapass.com\/tours-tickets\/prague-city-pass-classic-i3694?discountCode=ma-places\" target=\"_blank\" rel=\"nofollow noopener\" style=\"outline: none;\" data-lt-tmp-id=\"lt-774681\" spellcheck=\"false\">MegaPass Prague City Pass Classic<\/a><\/td>\n<\/tr>\n<\/tbody>\n<\/table>\n<p data-pm-slice=\"1 1 []\">Descubre los lugares esenciales de Praga con el econ\u00f3mico Classic, que incluye la entrada a las principales atracciones, un crucero por el r\u00edo y una eSIM de 3 GB.<\/p>\n<h3 style=\"\">Precio total<\/h3>\n<h3 style=\"\">No se le cobrar\u00e1 todav\u00eda<\/h3>\n<p><span># <\/span><strong><span>2<\/span><\/strong><span><img decoding=\"async\" alt=\"\" data-id=\"5315\" width=\"159\" data-init-width=\"1200\" height=\"90\" data-init-height=\"678\" title=\"PRAGUE-Megapass\" loading=\"lazy\" src=\"https:\/\/praguetouristinformation.com\/es\/wp-content\/uploads\/2025\/08\/PRAGUE-Megapass.webp\" data-width=\"159\" data-height=\"90\" style=\"aspect-ratio: auto 1200 \/ 678;\"><\/span><\/p>\n<table>\n<tbody>\n<tr>\n<td><a href=\"https:\/\/megapass.com\/tours-tickets\/prague-city-pass-premium-i3695?discountCode=ma-places\" target=\"_blank\" rel=\"nofollow noopener\" style=\"outline: none;\" spellcheck=\"false\">MegaPass Prague City Pass Premium<\/a><\/td>\n<\/tr>\n<\/tbody>\n<\/table>\n<p data-pm-slice=\"1 1 []\">Explora los lugares imprescindibles de Praga con el Premium, que incluye entradas a las atracciones m\u00e1s destacadas, un crucero por el r\u00edo y un autob\u00fas tur\u00edstico hop-on hop-off de 3 d\u00edas.<\/p>\n<h3 style=\"\">Precio total<\/h3>\n<h3 style=\"\">No se le cobrar\u00e1 todav\u00eda<\/h3>\n<\/p>\n<h2><a href=\"https:\/\/megapass.com\/tours-tickets\/prague-city-pass-deluxe-i3696?discountCode=ma-places\" target=\"_blank\" rel=\"nofollow noopener\" style=\"outline: none;\" spellcheck=\"false\">Hacer una reserva<\/a><\/h2>\n<h1><a href=\"https:\/\/megapass.com\/tours-tickets\/prague-city-pass-deluxe-i3696?discountCode=ma-places\" target=\"_blank\" rel=\"nofollow noopener\" style=\"outline: none;\" spellcheck=\"false\"><span style=\"font-weight: normal;\">Desde <\/span>126<strong>,35 \u20ac<\/strong><\/a><\/h1>\n<p style=\"\">No se le cobrar\u00e1 todav\u00eda<\/p>\n","protected":false},"excerpt":{"rendered":"<p>MegaPass Prague City Pass Deluxe Hacer una reserva Desde 126,35 \u20ac Disfruta al m\u00e1ximo de Praga y ahorra un 5% con nuestro descuento exclusivo en el MegaPass Prague City Pass Deluxe, que incluye la Prague Card de 72 horas con acceso a m\u00e1s de 60 atracciones y transporte p\u00fablico ilimitado. Seleccionado cuidadosamente Audiogu\u00eda (ingl\u00e9s, alem\u00e1n, [&hellip;]<\/p>\n","protected":false},"author":6,"featured_media":5315,"parent":0,"menu_order":0,"comment_status":"closed","ping_status":"closed","template":"","meta":{"footnotes":""},"categories":[],"tags":[55],"class_list":["post-5327","page","type-page","status-publish","has-post-thumbnail","hentry","tag-sales-page","post-wrapper","thrv_wrapper"],"_links":{"self":[{"href":"https:\/\/praguetouristinformation.com\/es\/wp-json\/wp\/v2\/pages\/5327","targetHints":{"allow":["GET"]}}],"collection":[{"href":"https:\/\/praguetouristinformation.com\/es\/wp-json\/wp\/v2\/pages"}],"about":[{"href":"https:\/\/praguetouristinformation.com\/es\/wp-json\/wp\/v2\/types\/page"}],"author":[{"embeddable":true,"href":"https:\/\/praguetouristinformation.com\/es\/wp-json\/wp\/v2\/users\/6"}],"replies":[{"embeddable":true,"href":"https:\/\/praguetouristinformation.com\/es\/wp-json\/wp\/v2\/comments?post=5327"}],"version-history":[{"count":6,"href":"https:\/\/praguetouristinformation.com\/es\/wp-json\/wp\/v2\/pages\/5327\/revisions"}],"predecessor-version":[{"id":5333,"href":"https:\/\/praguetouristinformation.com\/es\/wp-json\/wp\/v2\/pages\/5327\/revisions\/5333"}],"wp:featuredmedia":[{"embeddable":true,"href":"https:\/\/praguetouristinformation.com\/es\/wp-json\/wp\/v2\/media\/5315"}],"wp:attachment":[{"href":"https:\/\/praguetouristinformation.com\/es\/wp-json\/wp\/v2\/media?parent=5327"}],"wp:term":[{"taxonomy":"category","embeddable":true,"href":"https:\/\/praguetouristinformation.com\/es\/wp-json\/wp\/v2\/categories?post=5327"},{"taxonomy":"post_tag","embeddable":true,"href":"https:\/\/praguetouristinformation.com\/es\/wp-json\/wp\/v2\/tags?post=5327"}],"curies":[{"name":"wp","href":"https:\/\/api.w.org\/{rel}","templated":true}]}}