{"id":5321,"date":"2025-08-29T07:39:15","date_gmt":"2025-08-29T07:39:15","guid":{"rendered":"https:\/\/praguetouristinformation.com\/es\/?page_id=5321"},"modified":"2025-08-29T07:39:44","modified_gmt":"2025-08-29T07:39:44","slug":"megapass-prague-city-pass-premium","status":"publish","type":"page","link":"https:\/\/praguetouristinformation.com\/es\/megapass-prague-city-pass-premium","title":{"rendered":"MegaPass Prague City Pass Premium"},"content":{"rendered":"<p><span><img decoding=\"async\" alt=\"Megapass PRAGUE City Pass\" data-id=\"5315\" width=\"1200\" height=\"678\" title=\"Megapass PRAGUE City Pass\" src=\"https:\/\/praguetouristinformation.com\/es\/wp-content\/uploads\/2025\/08\/PRAGUE-Megapass-1024x579.webp\" data-src=\"https:\/\/praguetouristinformation.com\/es\/wp-content\/uploads\/2025\/08\/PRAGUE-Megapass-300x170.webp\" loading=\"lazy\" data-sizes=\"{&quot;thumbnail&quot;:{&quot;height&quot;:150,&quot;width&quot;:150,&quot;url&quot;:&quot;https:\/\/praguetouristinformation.com\/es\/wp-content\/uploads\/2025\/08\/PRAGUE-Megapass-150x150.webp&quot;,&quot;orientation&quot;:&quot;landscape&quot;},&quot;medium&quot;:{&quot;height&quot;:170,&quot;width&quot;:300,&quot;url&quot;:&quot;https:\/\/praguetouristinformation.com\/es\/wp-content\/uploads\/2025\/08\/PRAGUE-Megapass-300x170.webp&quot;,&quot;orientation&quot;:&quot;landscape&quot;},&quot;large&quot;:{&quot;height&quot;:579,&quot;width&quot;:1024,&quot;url&quot;:&quot;https:\/\/praguetouristinformation.com\/es\/wp-content\/uploads\/2025\/08\/PRAGUE-Megapass-1024x579.webp&quot;,&quot;orientation&quot;:&quot;landscape&quot;},&quot;full&quot;:{&quot;url&quot;:&quot;https:\/\/praguetouristinformation.com\/es\/wp-content\/uploads\/2025\/08\/PRAGUE-Megapass.webp&quot;,&quot;height&quot;:678,&quot;width&quot;:1200,&quot;orientation&quot;:&quot;landscape&quot;}}\"><\/span><span><img decoding=\"async\" alt=\"\" data-id=\"5309\" width=\"1200\" height=\"678\" title=\"MegaPass Prague City Pass 6\" src=\"https:\/\/praguetouristinformation.com\/es\/wp-content\/uploads\/2025\/08\/MegaPass-Prague-City-Pass-6-1024x579.webp\" data-src=\"https:\/\/praguetouristinformation.com\/es\/wp-content\/uploads\/2025\/08\/MegaPass-Prague-City-Pass-6-300x170.webp\" loading=\"lazy\" data-sizes=\"{&quot;thumbnail&quot;:{&quot;height&quot;:150,&quot;width&quot;:150,&quot;url&quot;:&quot;https:\/\/praguetouristinformation.com\/es\/wp-content\/uploads\/2025\/08\/MegaPass-Prague-City-Pass-6-150x150.webp&quot;,&quot;orientation&quot;:&quot;landscape&quot;},&quot;medium&quot;:{&quot;height&quot;:170,&quot;width&quot;:300,&quot;url&quot;:&quot;https:\/\/praguetouristinformation.com\/es\/wp-content\/uploads\/2025\/08\/MegaPass-Prague-City-Pass-6-300x170.webp&quot;,&quot;orientation&quot;:&quot;landscape&quot;},&quot;large&quot;:{&quot;height&quot;:579,&quot;width&quot;:1024,&quot;url&quot;:&quot;https:\/\/praguetouristinformation.com\/es\/wp-content\/uploads\/2025\/08\/MegaPass-Prague-City-Pass-6-1024x579.webp&quot;,&quot;orientation&quot;:&quot;landscape&quot;},&quot;full&quot;:{&quot;url&quot;:&quot;https:\/\/praguetouristinformation.com\/es\/wp-content\/uploads\/2025\/08\/MegaPass-Prague-City-Pass-6.webp&quot;,&quot;height&quot;:678,&quot;width&quot;:1200,&quot;orientation&quot;:&quot;landscape&quot;}}\"><\/span><span><img decoding=\"async\" alt=\"\" data-id=\"5313\" width=\"1200\" height=\"678\" title=\"MegaPass Prague City Pass 2\" src=\"https:\/\/praguetouristinformation.com\/es\/wp-content\/uploads\/2025\/08\/MegaPass-Prague-City-Pass-2--1024x579.webp\" data-src=\"https:\/\/praguetouristinformation.com\/es\/wp-content\/uploads\/2025\/08\/MegaPass-Prague-City-Pass-2--300x170.webp\" loading=\"lazy\" data-sizes=\"{&quot;thumbnail&quot;:{&quot;height&quot;:150,&quot;width&quot;:150,&quot;url&quot;:&quot;https:\/\/praguetouristinformation.com\/es\/wp-content\/uploads\/2025\/08\/MegaPass-Prague-City-Pass-2--150x150.webp&quot;,&quot;orientation&quot;:&quot;landscape&quot;},&quot;medium&quot;:{&quot;height&quot;:170,&quot;width&quot;:300,&quot;url&quot;:&quot;https:\/\/praguetouristinformation.com\/es\/wp-content\/uploads\/2025\/08\/MegaPass-Prague-City-Pass-2--300x170.webp&quot;,&quot;orientation&quot;:&quot;landscape&quot;},&quot;large&quot;:{&quot;height&quot;:579,&quot;width&quot;:1024,&quot;url&quot;:&quot;https:\/\/praguetouristinformation.com\/es\/wp-content\/uploads\/2025\/08\/MegaPass-Prague-City-Pass-2--1024x579.webp&quot;,&quot;orientation&quot;:&quot;landscape&quot;},&quot;full&quot;:{&quot;url&quot;:&quot;https:\/\/praguetouristinformation.com\/es\/wp-content\/uploads\/2025\/08\/MegaPass-Prague-City-Pass-2-.webp&quot;,&quot;height&quot;:678,&quot;width&quot;:1200,&quot;orientation&quot;:&quot;landscape&quot;}}\"><\/span><span><img decoding=\"async\" alt=\"\" data-id=\"5312\" width=\"1200\" height=\"678\" title=\"MegaPass Prague City Pass Classic 3\" src=\"https:\/\/praguetouristinformation.com\/es\/wp-content\/uploads\/2025\/08\/MegaPass-Prague-City-Pass-Classic-3-1024x579.webp\" data-src=\"https:\/\/praguetouristinformation.com\/es\/wp-content\/uploads\/2025\/08\/MegaPass-Prague-City-Pass-Classic-3-300x170.webp\" loading=\"lazy\" data-sizes=\"{&quot;thumbnail&quot;:{&quot;height&quot;:150,&quot;width&quot;:150,&quot;url&quot;:&quot;https:\/\/praguetouristinformation.com\/es\/wp-content\/uploads\/2025\/08\/MegaPass-Prague-City-Pass-Classic-3-150x150.webp&quot;,&quot;orientation&quot;:&quot;landscape&quot;},&quot;medium&quot;:{&quot;height&quot;:170,&quot;width&quot;:300,&quot;url&quot;:&quot;https:\/\/praguetouristinformation.com\/es\/wp-content\/uploads\/2025\/08\/MegaPass-Prague-City-Pass-Classic-3-300x170.webp&quot;,&quot;orientation&quot;:&quot;landscape&quot;},&quot;large&quot;:{&quot;height&quot;:579,&quot;width&quot;:1024,&quot;url&quot;:&quot;https:\/\/praguetouristinformation.com\/es\/wp-content\/uploads\/2025\/08\/MegaPass-Prague-City-Pass-Classic-3-1024x579.webp&quot;,&quot;orientation&quot;:&quot;landscape&quot;},&quot;full&quot;:{&quot;url&quot;:&quot;https:\/\/praguetouristinformation.com\/es\/wp-content\/uploads\/2025\/08\/MegaPass-Prague-City-Pass-Classic-3.webp&quot;,&quot;height&quot;:678,&quot;width&quot;:1200,&quot;orientation&quot;:&quot;landscape&quot;}}\"><\/span><span><img decoding=\"async\" alt=\"\" data-id=\"5311\" width=\"1200\" height=\"678\" title=\"MegaPass Prague City Pass Classic 4\" src=\"https:\/\/praguetouristinformation.com\/es\/wp-content\/uploads\/2025\/08\/MegaPass-Prague-City-Pass-Classic-4-1024x579.webp\" data-src=\"https:\/\/praguetouristinformation.com\/es\/wp-content\/uploads\/2025\/08\/MegaPass-Prague-City-Pass-Classic-4-300x170.webp\" loading=\"lazy\" data-sizes=\"{&quot;thumbnail&quot;:{&quot;height&quot;:150,&quot;width&quot;:150,&quot;url&quot;:&quot;https:\/\/praguetouristinformation.com\/es\/wp-content\/uploads\/2025\/08\/MegaPass-Prague-City-Pass-Classic-4-150x150.webp&quot;,&quot;orientation&quot;:&quot;landscape&quot;},&quot;medium&quot;:{&quot;height&quot;:170,&quot;width&quot;:300,&quot;url&quot;:&quot;https:\/\/praguetouristinformation.com\/es\/wp-content\/uploads\/2025\/08\/MegaPass-Prague-City-Pass-Classic-4-300x170.webp&quot;,&quot;orientation&quot;:&quot;landscape&quot;},&quot;large&quot;:{&quot;height&quot;:579,&quot;width&quot;:1024,&quot;url&quot;:&quot;https:\/\/praguetouristinformation.com\/es\/wp-content\/uploads\/2025\/08\/MegaPass-Prague-City-Pass-Classic-4-1024x579.webp&quot;,&quot;orientation&quot;:&quot;landscape&quot;},&quot;full&quot;:{&quot;url&quot;:&quot;https:\/\/praguetouristinformation.com\/es\/wp-content\/uploads\/2025\/08\/MegaPass-Prague-City-Pass-Classic-4.webp&quot;,&quot;height&quot;:678,&quot;width&quot;:1200,&quot;orientation&quot;:&quot;landscape&quot;}}\"><\/span><span><img decoding=\"async\" alt=\"\" data-id=\"5310\" width=\"1200\" height=\"678\" title=\"MegaPass Prague City Pass Classic 5\" src=\"https:\/\/praguetouristinformation.com\/es\/wp-content\/uploads\/2025\/08\/MegaPass-Prague-City-Pass-Classic-5-1024x579.webp\" data-src=\"https:\/\/praguetouristinformation.com\/es\/wp-content\/uploads\/2025\/08\/MegaPass-Prague-City-Pass-Classic-5-300x170.webp\" loading=\"lazy\" data-sizes=\"{&quot;thumbnail&quot;:{&quot;height&quot;:150,&quot;width&quot;:150,&quot;url&quot;:&quot;https:\/\/praguetouristinformation.com\/es\/wp-content\/uploads\/2025\/08\/MegaPass-Prague-City-Pass-Classic-5-150x150.webp&quot;,&quot;orientation&quot;:&quot;landscape&quot;},&quot;medium&quot;:{&quot;height&quot;:170,&quot;width&quot;:300,&quot;url&quot;:&quot;https:\/\/praguetouristinformation.com\/es\/wp-content\/uploads\/2025\/08\/MegaPass-Prague-City-Pass-Classic-5-300x170.webp&quot;,&quot;orientation&quot;:&quot;landscape&quot;},&quot;large&quot;:{&quot;height&quot;:579,&quot;width&quot;:1024,&quot;url&quot;:&quot;https:\/\/praguetouristinformation.com\/es\/wp-content\/uploads\/2025\/08\/MegaPass-Prague-City-Pass-Classic-5-1024x579.webp&quot;,&quot;orientation&quot;:&quot;landscape&quot;},&quot;full&quot;:{&quot;url&quot;:&quot;https:\/\/praguetouristinformation.com\/es\/wp-content\/uploads\/2025\/08\/MegaPass-Prague-City-Pass-Classic-5.webp&quot;,&quot;height&quot;:678,&quot;width&quot;:1200,&quot;orientation&quot;:&quot;landscape&quot;}}\"><\/span><span><img decoding=\"async\" alt=\"\" data-id=\"5308\" width=\"1200\" height=\"678\" title=\"MegaPass Prague City Pass 7\" src=\"https:\/\/praguetouristinformation.com\/es\/wp-content\/uploads\/2025\/08\/MegaPass-Prague-City-Pass-7-1024x579.webp\" data-src=\"https:\/\/praguetouristinformation.com\/es\/wp-content\/uploads\/2025\/08\/MegaPass-Prague-City-Pass-7-300x170.webp\" loading=\"lazy\" data-sizes=\"{&quot;thumbnail&quot;:{&quot;height&quot;:150,&quot;width&quot;:150,&quot;url&quot;:&quot;https:\/\/praguetouristinformation.com\/es\/wp-content\/uploads\/2025\/08\/MegaPass-Prague-City-Pass-7-150x150.webp&quot;,&quot;orientation&quot;:&quot;landscape&quot;},&quot;medium&quot;:{&quot;height&quot;:170,&quot;width&quot;:300,&quot;url&quot;:&quot;https:\/\/praguetouristinformation.com\/es\/wp-content\/uploads\/2025\/08\/MegaPass-Prague-City-Pass-7-300x170.webp&quot;,&quot;orientation&quot;:&quot;landscape&quot;},&quot;large&quot;:{&quot;height&quot;:579,&quot;width&quot;:1024,&quot;url&quot;:&quot;https:\/\/praguetouristinformation.com\/es\/wp-content\/uploads\/2025\/08\/MegaPass-Prague-City-Pass-7-1024x579.webp&quot;,&quot;orientation&quot;:&quot;landscape&quot;},&quot;full&quot;:{&quot;url&quot;:&quot;https:\/\/praguetouristinformation.com\/es\/wp-content\/uploads\/2025\/08\/MegaPass-Prague-City-Pass-7.webp&quot;,&quot;height&quot;:678,&quot;width&quot;:1200,&quot;orientation&quot;:&quot;landscape&quot;}}\"><\/span><span><img decoding=\"async\" alt=\"\" data-id=\"5307\" width=\"1200\" height=\"678\" title=\"MegaPass Prague City Pass 8\" src=\"https:\/\/praguetouristinformation.com\/es\/wp-content\/uploads\/2025\/08\/MegaPass-Prague-City-Pass-8-1024x579.webp\" data-src=\"https:\/\/praguetouristinformation.com\/es\/wp-content\/uploads\/2025\/08\/MegaPass-Prague-City-Pass-8-300x170.webp\" loading=\"lazy\" data-sizes=\"{&quot;thumbnail&quot;:{&quot;height&quot;:150,&quot;width&quot;:150,&quot;url&quot;:&quot;https:\/\/praguetouristinformation.com\/es\/wp-content\/uploads\/2025\/08\/MegaPass-Prague-City-Pass-8-150x150.webp&quot;,&quot;orientation&quot;:&quot;landscape&quot;},&quot;medium&quot;:{&quot;height&quot;:170,&quot;width&quot;:300,&quot;url&quot;:&quot;https:\/\/praguetouristinformation.com\/es\/wp-content\/uploads\/2025\/08\/MegaPass-Prague-City-Pass-8-300x170.webp&quot;,&quot;orientation&quot;:&quot;landscape&quot;},&quot;large&quot;:{&quot;height&quot;:579,&quot;width&quot;:1024,&quot;url&quot;:&quot;https:\/\/praguetouristinformation.com\/es\/wp-content\/uploads\/2025\/08\/MegaPass-Prague-City-Pass-8-1024x579.webp&quot;,&quot;orientation&quot;:&quot;landscape&quot;},&quot;full&quot;:{&quot;url&quot;:&quot;https:\/\/praguetouristinformation.com\/es\/wp-content\/uploads\/2025\/08\/MegaPass-Prague-City-Pass-8.webp&quot;,&quot;height&quot;:678,&quot;width&quot;:1200,&quot;orientation&quot;:&quot;landscape&quot;}}\"><\/span><span><img decoding=\"async\" alt=\"\" data-id=\"5314\" width=\"1200\" height=\"678\" title=\"MegaPass Prague City Pass\" src=\"https:\/\/praguetouristinformation.com\/es\/wp-content\/uploads\/2025\/08\/MegaPass-Prague-City-Pass--1024x579.webp\" data-src=\"https:\/\/praguetouristinformation.com\/es\/wp-content\/uploads\/2025\/08\/MegaPass-Prague-City-Pass--300x170.webp\" loading=\"lazy\" data-sizes=\"{&quot;thumbnail&quot;:{&quot;height&quot;:150,&quot;width&quot;:150,&quot;url&quot;:&quot;https:\/\/praguetouristinformation.com\/es\/wp-content\/uploads\/2025\/08\/MegaPass-Prague-City-Pass--150x150.webp&quot;,&quot;orientation&quot;:&quot;landscape&quot;},&quot;medium&quot;:{&quot;height&quot;:170,&quot;width&quot;:300,&quot;url&quot;:&quot;https:\/\/praguetouristinformation.com\/es\/wp-content\/uploads\/2025\/08\/MegaPass-Prague-City-Pass--300x170.webp&quot;,&quot;orientation&quot;:&quot;landscape&quot;},&quot;large&quot;:{&quot;height&quot;:579,&quot;width&quot;:1024,&quot;url&quot;:&quot;https:\/\/praguetouristinformation.com\/es\/wp-content\/uploads\/2025\/08\/MegaPass-Prague-City-Pass--1024x579.webp&quot;,&quot;orientation&quot;:&quot;landscape&quot;},&quot;full&quot;:{&quot;url&quot;:&quot;https:\/\/praguetouristinformation.com\/es\/wp-content\/uploads\/2025\/08\/MegaPass-Prague-City-Pass-.webp&quot;,&quot;height&quot;:678,&quot;width&quot;:1200,&quot;orientation&quot;:&quot;landscape&quot;}}\"><\/span><\/p>\n<h1 data-qa-marker=\"product-name\">MegaPass Prague City Pass Premium<\/h1>\n<h2><a href=\"https:\/\/megapass.com\/tours-tickets\/prague-city-pass-premium-i3695?discountCode=ma-places\" target=\"_blank\" rel=\"nofollow noopener\" style=\"outline: none;\">Hacer una reserva<\/a><\/h2>\n<h1><a href=\"https:\/\/megapass.com\/tours-tickets\/prague-city-pass-premium-i3695?discountCode=ma-places\" target=\"_blank\" rel=\"nofollow noopener\" style=\"outline: none;\"><span style=\"font-weight: normal;\">Desde <\/span>78<strong>,85 \u20ac<\/strong><\/a><\/h1>\n<p data-pm-slice=\"1 1 []\">Descubre lo <strong>mejor de Praga y ahorra un 5%<\/strong> con nuestro descuento exclusivo en el<strong> MegaPass Prague City Pass Premium:<\/strong> Castillo de Praga, autob\u00fas tur\u00edstico hop-on hop-off, crucero por el r\u00edo, visitas guiadas, audiogu\u00edas y acceso a internet m\u00f3vil.<\/p>\n<ul>\n<li style=\"\"><span>Seleccionado cuidadosamente<\/span><\/li>\n<li style=\"\"><!--! Font Awesome Free 6.7.1 by @fontawesome - https:\/\/fontawesome.com License - https:\/\/fontawesome.com\/license\/free (Icons: CC BY 4.0, Fonts: SIL OFL 1.1, Code: MIT License) Copyright 2024 Fonticons, Inc. --><span>Audiogu\u00eda (ingl\u00e9s, alem\u00e1n, italiano, espa\u00f1ol, franc\u00e9s)<\/span><\/li>\n<li style=\"\"><span>Validez: 3 d\u00edas<\/span><\/li>\n<li style=\"\"><span>Entrega instant\u00e1nea de boletos<\/span><\/li>\n<\/ul>\n<h2>Qu\u00e9 incluye<\/h2>\n<ul>\n<li style=\"\">                    <span>Entrada al Castillo de Praga con gu\u00eda introductoria (en ingl\u00e9s)<\/span><\/li>\n<li style=\"\">                    <span>Tour en autob\u00fas tur\u00edstico hop-on hop-off de 24 horas<\/span><\/li>\n<li style=\"\">                    <span>Visita guiada a pie de 1,5 horas por la Ciudad Vieja y el Barrio Jud\u00edo (en ingl\u00e9s)<\/span><\/li>\n<li style=\"\">                    <span>Crucero panor\u00e1mico por el r\u00edo Moldava<\/span><\/li>\n<li><span>Dos audiogu\u00edas digitales (Castillo de Praga + Lo mejor de Praga)<\/span><\/li>\n<li><span>3 GB de datos eSIM para acceso inmediato a internet<\/span><\/li>\n<\/ul>\n<h2>Qu\u00e9 no est\u00e1 incluido<\/h2>\n<ul>\n<li style=\"\"><span>Acceso a exposiciones adicionales de pago no especificadas en las inclusiones<\/span><\/li>\n<\/ul>\n<h2>Informaci\u00f3n importante<\/h2>\n<ul>\n<li><span>Tras la reserva, recibir\u00e1s un correo electr\u00f3nico con un enlace para elegir tus fechas de visita. Una vez confirmadas, tus entradas se enviar\u00e1n por correo electr\u00f3nico.<\/span><\/li>\n<li><span>Muestra tus entradas en cada atracci\u00f3n y explora a tu ritmo<\/span><\/li>\n<li><span>Para hacer el Castillo y el recorrido a pie el mismo d\u00eda, selecciona entrada al Castillo a las 10:30 o 11:30 para llegar al punto de encuentro a las 13:45<\/span><\/li>\n<li><span>Audiogu\u00eda y eSIM se entregan digitalmente despu\u00e9s de la reserva<\/span><\/li>\n<li style=\"\"><span>V\u00e1lido por 3 d\u00edas consecutivos despu\u00e9s del primer uso<\/span><\/li>\n<\/ul>\n<h2>Descripci\u00f3n:<\/h2>\n<p data-pm-slice=\"1 1 []\">El <strong>MegaPass Prague City Pass Premium<\/strong> abre las puertas a lo mejor de la capital checa \u2014 ahora <strong>con un 5% de descuento exclusivo <\/strong>incluido en tu enlace de compra.<\/p>\n<p>Visita el legendario <strong>Castillo de Praga<\/strong>, rel\u00e1jate en un crucero esc\u00e9nico <strong>por el r\u00edo Moldava<\/strong> y recorre la ciudad con un pase de<strong>&nbsp;autob\u00fas tur\u00edstico hop-on hop-off v\u00e1lido por 24 horas.<\/strong><\/p>\n<p><strong>\u200b<\/strong>Descubre m\u00e1s a pie con un recorrido guiado por la<strong> Ciudad Vieja y el Barrio Jud\u00edo,<\/strong> y disfruta de <strong>audiogu\u00edas multiling\u00fces <\/strong>adem\u00e1s de una <strong>eSIM con 3 GB de datos<\/strong>. Viaja de manera m\u00e1s inteligente, ahorra dinero y explora Praga a tu propio ritmo.<\/p>\n<h2>Reflejos:<\/h2>\n<ul>\n<li><strong>Visita el mundialmente famoso Castillo de Praga<\/strong><\/li>\n<li data-end=\"2311\" data-start=\"2230\">Recorre la ciudad con un pase de <strong>autob\u00fas tur\u00edstico<\/strong> <strong>hop-on hop-off de 24 horas<\/strong><\/li>\n<li data-end=\"2381\" data-start=\"2312\">Disfruta de un <strong>crucero por el r\u00edo Moldava<\/strong> con vistas inolvidables<\/li>\n<li data-end=\"2459\" data-start=\"2382\">Descubre la <strong>Ciudad Vieja y el Barrio Jud\u00edo <\/strong>en una visita guiada en ingl\u00e9s<\/li>\n<li data-end=\"2505\" data-start=\"2460\">Mantente conectado con <strong>3 GB de datos eSIM<\/strong><\/li>\n<li data-end=\"2589\" data-start=\"2506\"><strong>Ahorra un 5% al instante<\/strong> con nuestro enlace exclusivo \u2014 sin necesidad de c\u00f3digo<\/li>\n<\/ul>\n<h3 data-end=\"2518\" data-start=\"2491\">Pol\u00edtica de cancelaci\u00f3n<\/h3>\n<p data-end=\"2833\" data-start=\"2619\">Cancelaci\u00f3n gratuita dentro de los 30 d\u00edas posteriores a la compra si a\u00fan no has seleccionado ninguna atracci\u00f3n. Una vez confirmadas las fechas de visita y emitidos los boletos digitales, no es posible reembolso.<\/p>\n<h2>Punto de encuentro e instrucciones<\/h2>\n<p data-end=\"3088\" data-start=\"2874\">Despu\u00e9s de reservar, recibir\u00e1s un correo electr\u00f3nico con un enlace para seleccionar tus fechas de visita. Una vez confirmadas, tus boletos y materiales digitales (eSIM y gu\u00edas) se enviar\u00e1n por correo electr\u00f3nico.<\/p>\n<p data-end=\"3216\" data-start=\"3090\">Para las visitas guiadas, sigue las instrucciones espec\u00edficas del punto de encuentro incluidas en tu correo de confirmaci\u00f3n.<\/p>\n<h2>Rese\u00f1as y calificaciones<\/h2>\n<p dir=\"ltr\"><a href=\"https:\/\/megapass.com\/tours-tickets\/prague-city-pass-premium-i3695?discountCode=ma-places\" target=\"_blank\" rel=\"nofollow noopener\" style=\"outline: none;\" spellcheck=\"false\">S\u00e9 el primero en dejar una rese\u00f1a.<\/a><\/p>\n<h2>Algunas actividades que te podr\u00edan gustar<\/h2>\n<p><span># <\/span><strong><span>2<\/span><\/strong><span># <\/span><strong><span>2<\/span><\/strong><span><img decoding=\"async\" alt=\"\" data-id=\"5315\" width=\"159\" data-init-width=\"1200\" height=\"83\" data-init-height=\"678\" title=\"PRAGUE-Megapass\" loading=\"lazy\" src=\"https:\/\/praguetouristinformation.com\/es\/wp-content\/uploads\/2025\/08\/PRAGUE-Megapass.webp\" data-width=\"159\" data-height=\"83\" style=\"aspect-ratio: auto 1200 \/ 678;\"><\/span><\/p>\n<table>\n<tbody>\n<tr>\n<td><a href=\"https:\/\/megapass.com\/tours-tickets\/prague-city-pass-classic-i3694?discountCode=ma-places\" target=\"_blank\" rel=\"nofollow noopener\" style=\"outline: none;\" data-lt-tmp-id=\"lt-774681\" spellcheck=\"false\">MegaPass Prague City Pass Classic<\/a><\/td>\n<\/tr>\n<\/tbody>\n<\/table>\n<p data-pm-slice=\"1 1 []\">\u200bDescubre los lugares esenciales de Praga con el econ\u00f3mico Classic, que incluye la entrada a las principales atracciones, un crucero por el r\u00edo y una eSIM de 3 GB.<\/p>\n<h3 style=\"\">Precio total<\/h3>\n<h3 style=\"\">No se le cobrar\u00e1 todav\u00eda<\/h3>\n<p><span># <\/span><strong><span>2<\/span><\/strong><span><img decoding=\"async\" alt=\"\" data-id=\"5315\" width=\"159\" data-init-width=\"1200\" height=\"90\" data-init-height=\"678\" title=\"PRAGUE-Megapass\" loading=\"lazy\" src=\"https:\/\/praguetouristinformation.com\/es\/wp-content\/uploads\/2025\/08\/PRAGUE-Megapass.webp\" data-width=\"159\" data-height=\"90\" style=\"aspect-ratio: auto 1200 \/ 678;\"><\/span><\/p>\n<table>\n<tbody>\n<tr>\n<td><a href=\"https:\/\/megapass.com\/tours-tickets\/prague-city-pass-deluxe-i3696?discountCode=ma-places\" target=\"_blank\" rel=\"nofollow noopener\" style=\"outline: none;\" data-lt-tmp-id=\"lt-559072\" spellcheck=\"false\">MegaPass Prague City Pass Deluxe<\/a><\/td>\n<\/tr>\n<\/tbody>\n<\/table>\n<p data-pm-slice=\"1 1 []\">Vive la experiencia definitiva de Praga con el Deluxe, tu llave para 72 horas de transporte p\u00fablico ilimitado y entrada gratuita a m\u00e1s de 60 atracciones de la ciudad, incluido el Castillo de Praga y el Reloj Astron\u00f3mico.<\/p>\n<h3 style=\"\">Precio total<\/h3>\n<h3 style=\"\">No se le cobrar\u00e1 todav\u00eda<\/h3>\n<\/p>\n<h2><a href=\"https:\/\/megapass.com\/tours-tickets\/prague-city-pass-premium-i3695?discountCode=ma-places\" target=\"_blank\" rel=\"nofollow noopener\" style=\"outline: none;\" spellcheck=\"false\">Hacer una reserva<\/a><\/h2>\n<h1><a href=\"https:\/\/megapass.com\/tours-tickets\/prague-city-pass-premium-i3695?discountCode=ma-places\" target=\"_blank\" rel=\"nofollow noopener\" style=\"outline: none;\" spellcheck=\"false\"><span style=\"font-weight: normal;\">Desde <\/span><strong>78,85 \u20ac<\/strong><\/a><\/h1>\n<p style=\"\">No se le cobrar\u00e1 todav\u00eda<\/p>\n","protected":false},"excerpt":{"rendered":"<p>MegaPass Prague City Pass Premium Hacer una reserva Desde 78,85 \u20ac Descubre lo mejor de Praga y ahorra un 5% con nuestro descuento exclusivo en el MegaPass Prague City Pass Premium: Castillo de Praga, autob\u00fas tur\u00edstico hop-on hop-off, crucero por el r\u00edo, visitas guiadas, audiogu\u00edas y acceso a internet m\u00f3vil. Seleccionado cuidadosamente Audiogu\u00eda (ingl\u00e9s, alem\u00e1n, [&hellip;]<\/p>\n","protected":false},"author":6,"featured_media":5315,"parent":0,"menu_order":0,"comment_status":"closed","ping_status":"closed","template":"","meta":{"footnotes":""},"categories":[],"tags":[55],"class_list":["post-5321","page","type-page","status-publish","has-post-thumbnail","hentry","tag-sales-page","post-wrapper","thrv_wrapper"],"_links":{"self":[{"href":"https:\/\/praguetouristinformation.com\/es\/wp-json\/wp\/v2\/pages\/5321","targetHints":{"allow":["GET"]}}],"collection":[{"href":"https:\/\/praguetouristinformation.com\/es\/wp-json\/wp\/v2\/pages"}],"about":[{"href":"https:\/\/praguetouristinformation.com\/es\/wp-json\/wp\/v2\/types\/page"}],"author":[{"embeddable":true,"href":"https:\/\/praguetouristinformation.com\/es\/wp-json\/wp\/v2\/users\/6"}],"replies":[{"embeddable":true,"href":"https:\/\/praguetouristinformation.com\/es\/wp-json\/wp\/v2\/comments?post=5321"}],"version-history":[{"count":5,"href":"https:\/\/praguetouristinformation.com\/es\/wp-json\/wp\/v2\/pages\/5321\/revisions"}],"predecessor-version":[{"id":5326,"href":"https:\/\/praguetouristinformation.com\/es\/wp-json\/wp\/v2\/pages\/5321\/revisions\/5326"}],"wp:featuredmedia":[{"embeddable":true,"href":"https:\/\/praguetouristinformation.com\/es\/wp-json\/wp\/v2\/media\/5315"}],"wp:attachment":[{"href":"https:\/\/praguetouristinformation.com\/es\/wp-json\/wp\/v2\/media?parent=5321"}],"wp:term":[{"taxonomy":"category","embeddable":true,"href":"https:\/\/praguetouristinformation.com\/es\/wp-json\/wp\/v2\/categories?post=5321"},{"taxonomy":"post_tag","embeddable":true,"href":"https:\/\/praguetouristinformation.com\/es\/wp-json\/wp\/v2\/tags?post=5321"}],"curies":[{"name":"wp","href":"https:\/\/api.w.org\/{rel}","templated":true}]}}