{"id":5278,"date":"2025-08-12T14:58:12","date_gmt":"2025-08-12T14:58:12","guid":{"rendered":"https:\/\/praguetouristinformation.com\/es\/?page_id=5278"},"modified":"2025-11-18T14:13:35","modified_gmt":"2025-11-18T14:13:35","slug":"prague-visitor-pass","status":"publish","type":"page","link":"https:\/\/praguetouristinformation.com\/es\/prague-visitor-pass","title":{"rendered":"Prague Visitor Pass: entrada a m\u00e1s de 70 atracciones + transporte p\u00fablico"},"content":{"rendered":"<p><span><img decoding=\"async\" alt=\"\" data-id=\"7041\" width=\"1600\" height=\"1600\" title=\"Pase de visitante de Praga\" src=\"https:\/\/praguetouristinformation.com\/en\/wp-content\/uploads\/2025\/01\/Prague-Visitor-Pass-1024x1024.avif\" data-src=\"https:\/\/praguetouristinformation.com\/en\/wp-content\/uploads\/2025\/01\/Prague-Visitor-Pass-300x300.avif\" loading=\"lazy\" data-sizes=\"{&quot;thumbnail&quot;:{&quot;url&quot;:&quot;https:\/\/praguetouristinformation.com\/en\/wp-content\/uploads\/2025\/01\/Prague-Visitor-Pass-150x150.avif&quot;,&quot;height&quot;:150,&quot;width&quot;:150,&quot;orientation&quot;:&quot;landscape&quot;},&quot;medium&quot;:{&quot;url&quot;:&quot;https:\/\/praguetouristinformation.com\/en\/wp-content\/uploads\/2025\/01\/Prague-Visitor-Pass-300x300.avif&quot;,&quot;height&quot;:300,&quot;width&quot;:300,&quot;orientation&quot;:&quot;landscape&quot;},&quot;large&quot;:{&quot;url&quot;:&quot;https:\/\/praguetouristinformation.com\/en\/wp-content\/uploads\/2025\/01\/Prague-Visitor-Pass-1024x1024.avif&quot;,&quot;height&quot;:1024,&quot;width&quot;:1024,&quot;orientation&quot;:&quot;landscape&quot;},&quot;full&quot;:{&quot;url&quot;:&quot;https:\/\/praguetouristinformation.com\/en\/wp-content\/uploads\/2025\/01\/Prague-Visitor-Pass.avif&quot;,&quot;height&quot;:1600,&quot;width&quot;:1600,&quot;orientation&quot;:&quot;landscape&quot;},&quot;1536x1536&quot;:{&quot;url&quot;:&quot;https:\/\/praguetouristinformation.com\/en\/wp-content\/uploads\/2025\/01\/Prague-Visitor-Pass-1536x1536.avif&quot;,&quot;height&quot;:1536,&quot;width&quot;:1536,&quot;orientation&quot;:&quot;landscape&quot;}}\"><\/span><span><img decoding=\"async\" alt=\"\" data-id=\"7040\" width=\"1600\" height=\"1600\" title=\"Pase de visitante de Praga 2\" src=\"https:\/\/praguetouristinformation.com\/en\/wp-content\/uploads\/2025\/01\/Prague-Visitor-Pass2-1024x1024.avif\" data-src=\"https:\/\/praguetouristinformation.com\/en\/wp-content\/uploads\/2025\/01\/Prague-Visitor-Pass2-300x300.avif\" loading=\"lazy\" data-sizes=\"{&quot;thumbnail&quot;:{&quot;url&quot;:&quot;https:\/\/praguetouristinformation.com\/en\/wp-content\/uploads\/2025\/01\/Prague-Visitor-Pass2-150x150.avif&quot;,&quot;height&quot;:150,&quot;width&quot;:150,&quot;orientation&quot;:&quot;landscape&quot;},&quot;medium&quot;:{&quot;url&quot;:&quot;https:\/\/praguetouristinformation.com\/en\/wp-content\/uploads\/2025\/01\/Prague-Visitor-Pass2-300x300.avif&quot;,&quot;height&quot;:300,&quot;width&quot;:300,&quot;orientation&quot;:&quot;landscape&quot;},&quot;large&quot;:{&quot;url&quot;:&quot;https:\/\/praguetouristinformation.com\/en\/wp-content\/uploads\/2025\/01\/Prague-Visitor-Pass2-1024x1024.avif&quot;,&quot;height&quot;:1024,&quot;width&quot;:1024,&quot;orientation&quot;:&quot;landscape&quot;},&quot;full&quot;:{&quot;url&quot;:&quot;https:\/\/praguetouristinformation.com\/en\/wp-content\/uploads\/2025\/01\/Prague-Visitor-Pass2.avif&quot;,&quot;height&quot;:1600,&quot;width&quot;:1600,&quot;orientation&quot;:&quot;landscape&quot;},&quot;1536x1536&quot;:{&quot;url&quot;:&quot;https:\/\/praguetouristinformation.com\/en\/wp-content\/uploads\/2025\/01\/Prague-Visitor-Pass2-1536x1536.avif&quot;,&quot;height&quot;:1536,&quot;width&quot;:1536,&quot;orientation&quot;:&quot;landscape&quot;}}\"><\/span><span><img decoding=\"async\" alt=\"\" data-id=\"7039\" width=\"1600\" height=\"1600\" title=\"Pase de visitante de Praga 3\" src=\"https:\/\/praguetouristinformation.com\/en\/wp-content\/uploads\/2025\/01\/Prague-Visitor-Pass3-1024x1024.avif\" data-src=\"https:\/\/praguetouristinformation.com\/en\/wp-content\/uploads\/2025\/01\/Prague-Visitor-Pass3-300x300.avif\" loading=\"lazy\" data-sizes=\"{&quot;thumbnail&quot;:{&quot;url&quot;:&quot;https:\/\/praguetouristinformation.com\/en\/wp-content\/uploads\/2025\/01\/Prague-Visitor-Pass3-150x150.avif&quot;,&quot;height&quot;:150,&quot;width&quot;:150,&quot;orientation&quot;:&quot;landscape&quot;},&quot;medium&quot;:{&quot;url&quot;:&quot;https:\/\/praguetouristinformation.com\/en\/wp-content\/uploads\/2025\/01\/Prague-Visitor-Pass3-300x300.avif&quot;,&quot;height&quot;:300,&quot;width&quot;:300,&quot;orientation&quot;:&quot;landscape&quot;},&quot;large&quot;:{&quot;url&quot;:&quot;https:\/\/praguetouristinformation.com\/en\/wp-content\/uploads\/2025\/01\/Prague-Visitor-Pass3-1024x1024.avif&quot;,&quot;height&quot;:1024,&quot;width&quot;:1024,&quot;orientation&quot;:&quot;landscape&quot;},&quot;full&quot;:{&quot;url&quot;:&quot;https:\/\/praguetouristinformation.com\/en\/wp-content\/uploads\/2025\/01\/Prague-Visitor-Pass3.avif&quot;,&quot;height&quot;:1600,&quot;width&quot;:1600,&quot;orientation&quot;:&quot;landscape&quot;},&quot;1536x1536&quot;:{&quot;url&quot;:&quot;https:\/\/praguetouristinformation.com\/en\/wp-content\/uploads\/2025\/01\/Prague-Visitor-Pass3-1536x1536.avif&quot;,&quot;height&quot;:1536,&quot;width&quot;:1536,&quot;orientation&quot;:&quot;landscape&quot;}}\"><\/span><span><img decoding=\"async\" alt=\"\" data-id=\"7038\" width=\"1600\" height=\"1600\" title=\"Pase de visitante de Praga 4\" src=\"https:\/\/praguetouristinformation.com\/en\/wp-content\/uploads\/2025\/01\/Prague-Visitor-Pass4-1024x1024.avif\" data-src=\"https:\/\/praguetouristinformation.com\/en\/wp-content\/uploads\/2025\/01\/Prague-Visitor-Pass4-300x300.avif\" loading=\"lazy\" data-sizes=\"{&quot;thumbnail&quot;:{&quot;url&quot;:&quot;https:\/\/praguetouristinformation.com\/en\/wp-content\/uploads\/2025\/01\/Prague-Visitor-Pass4-150x150.avif&quot;,&quot;height&quot;:150,&quot;width&quot;:150,&quot;orientation&quot;:&quot;landscape&quot;},&quot;medium&quot;:{&quot;url&quot;:&quot;https:\/\/praguetouristinformation.com\/en\/wp-content\/uploads\/2025\/01\/Prague-Visitor-Pass4-300x300.avif&quot;,&quot;height&quot;:300,&quot;width&quot;:300,&quot;orientation&quot;:&quot;landscape&quot;},&quot;large&quot;:{&quot;url&quot;:&quot;https:\/\/praguetouristinformation.com\/en\/wp-content\/uploads\/2025\/01\/Prague-Visitor-Pass4-1024x1024.avif&quot;,&quot;height&quot;:1024,&quot;width&quot;:1024,&quot;orientation&quot;:&quot;landscape&quot;},&quot;full&quot;:{&quot;url&quot;:&quot;https:\/\/praguetouristinformation.com\/en\/wp-content\/uploads\/2025\/01\/Prague-Visitor-Pass4.avif&quot;,&quot;height&quot;:1600,&quot;width&quot;:1600,&quot;orientation&quot;:&quot;landscape&quot;},&quot;1536x1536&quot;:{&quot;url&quot;:&quot;https:\/\/praguetouristinformation.com\/en\/wp-content\/uploads\/2025\/01\/Prague-Visitor-Pass4-1536x1536.avif&quot;,&quot;height&quot;:1536,&quot;width&quot;:1536,&quot;orientation&quot;:&quot;landscape&quot;}}\"><\/span><span><img decoding=\"async\" alt=\"\" data-id=\"7037\" width=\"1600\" height=\"1600\" title=\"Pase de visitante de Praga 5\" src=\"https:\/\/praguetouristinformation.com\/en\/wp-content\/uploads\/2025\/01\/Prague-Visitor-Pass5-1024x1024.avif\" data-src=\"https:\/\/praguetouristinformation.com\/en\/wp-content\/uploads\/2025\/01\/Prague-Visitor-Pass5-300x300.avif\" loading=\"lazy\" data-sizes=\"{&quot;thumbnail&quot;:{&quot;url&quot;:&quot;https:\/\/praguetouristinformation.com\/en\/wp-content\/uploads\/2025\/01\/Prague-Visitor-Pass5-150x150.avif&quot;,&quot;height&quot;:150,&quot;width&quot;:150,&quot;orientation&quot;:&quot;landscape&quot;},&quot;medium&quot;:{&quot;url&quot;:&quot;https:\/\/praguetouristinformation.com\/en\/wp-content\/uploads\/2025\/01\/Prague-Visitor-Pass5-300x300.avif&quot;,&quot;height&quot;:300,&quot;width&quot;:300,&quot;orientation&quot;:&quot;landscape&quot;},&quot;large&quot;:{&quot;url&quot;:&quot;https:\/\/praguetouristinformation.com\/en\/wp-content\/uploads\/2025\/01\/Prague-Visitor-Pass5-1024x1024.avif&quot;,&quot;height&quot;:1024,&quot;width&quot;:1024,&quot;orientation&quot;:&quot;landscape&quot;},&quot;full&quot;:{&quot;url&quot;:&quot;https:\/\/praguetouristinformation.com\/en\/wp-content\/uploads\/2025\/01\/Prague-Visitor-Pass5.avif&quot;,&quot;height&quot;:1600,&quot;width&quot;:1600,&quot;orientation&quot;:&quot;landscape&quot;},&quot;1536x1536&quot;:{&quot;url&quot;:&quot;https:\/\/praguetouristinformation.com\/en\/wp-content\/uploads\/2025\/01\/Prague-Visitor-Pass5-1536x1536.avif&quot;,&quot;height&quot;:1536,&quot;width&quot;:1536,&quot;orientation&quot;:&quot;landscape&quot;}}\"><\/span><span><img decoding=\"async\" alt=\"\" data-id=\"7036\" width=\"1600\" height=\"1600\" title=\"Pase de visitante de Praga 6\" src=\"https:\/\/praguetouristinformation.com\/en\/wp-content\/uploads\/2025\/01\/Prague-Visitor-Pass6-1024x1024.avif\" data-src=\"https:\/\/praguetouristinformation.com\/en\/wp-content\/uploads\/2025\/01\/Prague-Visitor-Pass6-300x300.avif\" loading=\"lazy\" data-sizes=\"{&quot;thumbnail&quot;:{&quot;url&quot;:&quot;https:\/\/praguetouristinformation.com\/en\/wp-content\/uploads\/2025\/01\/Prague-Visitor-Pass6-150x150.avif&quot;,&quot;height&quot;:150,&quot;width&quot;:150,&quot;orientation&quot;:&quot;landscape&quot;},&quot;medium&quot;:{&quot;url&quot;:&quot;https:\/\/praguetouristinformation.com\/en\/wp-content\/uploads\/2025\/01\/Prague-Visitor-Pass6-300x300.avif&quot;,&quot;height&quot;:300,&quot;width&quot;:300,&quot;orientation&quot;:&quot;landscape&quot;},&quot;large&quot;:{&quot;url&quot;:&quot;https:\/\/praguetouristinformation.com\/en\/wp-content\/uploads\/2025\/01\/Prague-Visitor-Pass6-1024x1024.avif&quot;,&quot;height&quot;:1024,&quot;width&quot;:1024,&quot;orientation&quot;:&quot;landscape&quot;},&quot;full&quot;:{&quot;url&quot;:&quot;https:\/\/praguetouristinformation.com\/en\/wp-content\/uploads\/2025\/01\/Prague-Visitor-Pass6.avif&quot;,&quot;height&quot;:1600,&quot;width&quot;:1600,&quot;orientation&quot;:&quot;landscape&quot;},&quot;1536x1536&quot;:{&quot;url&quot;:&quot;https:\/\/praguetouristinformation.com\/en\/wp-content\/uploads\/2025\/01\/Prague-Visitor-Pass6-1536x1536.avif&quot;,&quot;height&quot;:1536,&quot;width&quot;:1536,&quot;orientation&quot;:&quot;landscape&quot;}}\"><\/span><\/p>\n<h1 data-qa-marker=\"product-name\">Prague Visitor Pass: acceso a m\u00e1s de 70 atracciones y transporte p\u00fablico<\/h1>\n<h2><a href=\"https:\/\/www.tiqets.com\/prague-attractions-c64162\/tickets-for-prague-visitor-pass-admission-to-70-attractions-public-transport-p1065491\/?partner=praguetouristinformation&amp;tq_campaign=PragueVisitorpassESSP\" target=\"_blank\" rel=\"nofollow noopener\" style=\"outline: none;\">Hacer una reserva<\/a><\/h2>\n<h1><a href=\"https:\/\/www.tiqets.com\/prague-attractions-c64162\/tickets-for-prague-visitor-pass-admission-to-70-attractions-public-transport-p1065491\/?partner=praguetouristinformation&amp;tq_campaign=PragueVisitorpassESSP\" target=\"_blank\" rel=\"nofollow noopener\" style=\"outline: none;\"><span style=\"font-weight: normal;\">Desde <\/span><strong>104,00 \u20ac<\/strong><\/a><\/h1>\n<p dir=\"ltr\">Descubra lo mejor de Praga con el Prague Visitor Pass, su <strong>llave de acceso total a m\u00e1s de 70 atracciones, transporte p\u00fablico y experiencias inolvidables<\/strong> como cruceros por el r\u00edo, paseos en tranv\u00eda hist\u00f3rico y vistas panor\u00e1micas de la torre.<\/p>\n<ul>\n<li style=\"\"><span>Seleccionado cuidadosamente<\/span><\/li>\n<li style=\"\"><!--! Font Awesome Free 6.7.1 by @fontawesome - https:\/\/fontawesome.com License - https:\/\/fontawesome.com\/license\/free (Icons: CC BY 4.0, Fonts: SIL OFL 1.1, Code: MIT License) Copyright 2024 Fonticons, Inc. --><span>Billete m\u00f3vil &nbsp;<\/span><\/li>\n<li style=\"\"><span>Entrega instant\u00e1nea de boletos<\/span><\/li>\n<\/ul>\n<h2>Qu\u00e9 incluye<\/h2>\n<ul>\n<li style=\"\">                    <span>Acceso a m\u00e1s de 70 atracciones principales de Praga con el Prague Visitor Pass<\/span><\/li>\n<li style=\"\">                    <span>Viaje de ida y vuelta en el Airport Express<\/span><\/li>\n<li style=\"\">                    <span>Transporte p\u00fablico ilimitado<\/span><\/li>\n<li><span>Gu\u00eda electr\u00f3nica&nbsp;<\/span><\/li>\n<li><span>Mapa de la ciudad<\/span><\/li>\n<li><span>Crucero por el r\u00edo Moldava<\/span><\/li>\n<li><span>Ver m\u00e1s <a href=\"https:\/\/www.tiqets.com\/prague-attractions-c64162\/tickets-for-prague-visitor-pass-admission-to-70-attractions-public-transport-p1065491\/?partner=praguetouristinformation&amp;tq_campaign=PragueVisitorpassESSP\" target=\"_blank\" rel=\"nofollow noopener\" style=\"outline: none;\">aqu\u00ed<\/a><\/span><\/li>\n<\/ul>\n<h2>Qu\u00e9 no est\u00e1 incluido<\/h2>\n<ul>\n<li style=\"\"><span>Acceso sin colas<\/span><\/li>\n<li><span>Entrada al Museo Nacional de Praga<\/span><\/li>\n<\/ul>\n<h2>Informaci\u00f3n importante<\/h2>\n<ul>\n<li style=\"\"><span>Validez del pase: Elija entre opciones de 48 h, 72 h o 120 h<\/span><\/li>\n<li><span>Disponible en dos formatos: tarjeta f\u00edsica o e-Pass digital. Una vez activado, el e-Pass no se puede canjear por un pase f\u00edsico (ni viceversa).<\/span><\/li>\n<li><span>Presenta tu Pase activado en cada recinto para acceder y recoger tus entradas.<\/span><\/li>\n<li><span>Cada sitio se puede visitar una vez con el Pase<\/span><\/li>\n<li><span>Active su e-Pass utilizando la aplicaci\u00f3n gratuita Prague Visitor Pass o presente su cup\u00f3n en uno de nuestros puntos de recogida para recibir un pase f\u00edsico.<\/span><\/li>\n<li><span>Se requiere reserva previa para algunas experiencias (por ejemplo, visitas guiadas gratuitas, Clementinum)<\/span><\/li>\n<li><span>Muchos museos est\u00e1n cerrados los lunes.<\/span><\/li>\n<li><span>Todos los edificios del Barrio Jud\u00edo est\u00e1n cerrados los s\u00e1bados.<\/span><\/li>\n<\/ul>\n<h2>Descripci\u00f3n:<\/h2>\n<p dir=\"ltr\">Sum\u00e9rgete en el coraz\u00f3n de Praga con este <strong>pase todo en uno.<\/strong>&nbsp;Desde el emblem\u00e1tico Reloj Astron\u00f3mico y el Castillo de Praga hasta tranquilos cruceros fluviales y espectaculares vistas de las torres, Prague Visitor Pass te permite&nbsp;<strong>acceder a m\u00e1s de 70 atracciones y museos de primer nivel,<\/strong> ofreciendo <strong>un acceso sin complicaciones a la rica historia, cultura y encanto de la ciudad.<\/strong><\/p>\n<h2>Reflejos:<\/h2>\n<ul>\n<li ltr\"\"=\"\"><strong>Acceso a m\u00e1s de 70 atracciones:<\/strong> visite el Castillo de Praga, el Barrio Jud\u00edo, el Mirador de Pet\u0159\u00edn y m\u00e1s.<\/li>\n<li ltr\"\"=\"\"><strong>Vistas panor\u00e1micas:<\/strong> Entrada a torres ic\u00f3nicas como la Torre de la P\u00f3lvora y la Torre del Reloj Astron\u00f3mico.<\/li>\n<li ltr\"\"=\"\"><strong>Viajes ilimitados:<\/strong> disfrute de la comodidad del transporte p\u00fablico, incluido el emblem\u00e1tico tranv\u00eda antiguo n\u00famero 42.<\/li>\n<li ltr\"\"=\"\"><strong>Joyas culturales:<\/strong> Explore museos, sitios hist\u00f3ricos y la Biblioteca Barroca Clementinum.<\/li>\n<li><strong>Experiencias \u00fanicas:<\/strong> haga un crucero por el r\u00edo Moldava o suba al funicular de Pet\u0159\u00edn.<\/li>\n<\/ul>\n<h2>Validez&nbsp;<\/h2>\n<p data-pm-slice=\"1 1 []\">Un Prague Visitor Pass inactivo sigue siendo v\u00e1lido hasta un a\u00f1o a partir de la fecha de compra.<\/p>\n<h2>Punto de encuentro e instrucciones<\/h2>\n<ul>\n<li dir=\"ltr\">Recoja su pase en Starom\u011bstsk\u00e9 n\u00e1m\u011bst\u00ed 1, 110 00, Praga, o utilice la aplicaci\u00f3n Prague Visitor Pass para la activaci\u00f3n digital.<\/li>\n<li dir=\"ltr\">Presenta tu Pase activado en cada recinto para acceder y recoger tus entradas.<\/li>\n<\/ul>\n<p><a href=\"https:\/\/www.google.com\/maps\/search\/?api=1&amp;query=Starom%C4%9Bstsk%C3%A9%20n%C3%A1m%C4%9Bst%C3%AD%201%20110%2000%20Prague\" style=\"outline: none;\" data-lt-tmp-id=\"lt-493778\" spellcheck=\"false\" target=\"_blank\" rel=\"nofollow noopener\">Abrir en Maps<\/a><\/p>\n<h2>Rese\u00f1as y calificaciones<\/h2>\n<p><strong>4.3\/ 5&nbsp; <\/strong><strong>(162 opiniones)<\/strong><\/p>\n<p dir=\"ltr\">Este <em>viaje hace que visitar Praga sea incre\u00edblemente f\u00e1cil y ahorra dinero. Evitas las colas, no tienes que calcular cu\u00e1nto gastar cada vez y recibes informaci\u00f3n \u00fatil. Pude ver much\u00edsimo en los tres d\u00edas que estuve all\u00ed.<\/em> Mary, enero de 2024 <a href=\"https:\/\/www.tiqets.com\/prague-attractions-c64162\/tickets-for-prague-visitor-pass-admission-to-70-attractions-public-transport-p1065491\/?partner=praguetouristinformation&amp;tq_campaign=PragueVisitorpassESSP\" target=\"_blank\" rel=\"nofollow noopener\" style=\"outline: none;\" data-lt-tmp-id=\"lt-289961\" spellcheck=\"false\">&gt;&gt; Ver m\u00e1s rese\u00f1as<\/a><\/p>\n<h2>Algunas actividades que te podr\u00edan gustar<\/h2>\n<p><span># <\/span><strong><span>2<\/span><\/strong><span># <\/span><strong><span>2<\/span><\/strong><span><img decoding=\"async\" alt=\"Billete de tranv\u00eda hist\u00f3rico Hop-on Hop-Off para la l\u00ednea 42\" data-id=\"7049\" width=\"159\" data-init-width=\"1185\" height=\"83\" data-init-height=\"616\" title=\"Billete de tranv\u00eda hist\u00f3rico Hop-on Hop-Off para la l\u00ednea 42\" loading=\"lazy\" src=\"https:\/\/praguetouristinformation.com\/es\/wp-content\/uploads\/2025\/08\/Hop-on-Hop-Off-Historical-Tram-Ticket-for-Line-42.jpg\" data-width=\"159\" data-height=\"83\" style=\"aspect-ratio: auto 1185 \/ 616;\"><\/span><\/p>\n<table>\n<tbody>\n<tr>\n<td><a href=\"https:\/\/www.getyourguide.com\/prague-l10\/prague-hop-on-hop-off-historical-tram-ticket-for-line-42-t405376\/?partner_id=NO9XIDE&amp;utm_medium=online_publisher&amp;cmp=PragueVisitorPassSP2\" target=\"_blank\" rel=\"nofollow noopener\" style=\"outline: none;\" data-lt-tmp-id=\"lt-796126\" spellcheck=\"false\">Praga: Billete para el tranv\u00eda hist\u00f3rico Hop-on Hop-Off de la l\u00ednea 42<\/a><\/td>\n<\/tr>\n<\/tbody>\n<\/table>\n<p data-pm-slice=\"1 1 []\">Explora Praga a tu propio ritmo con la l\u00ednea 42 del tranv\u00eda hist\u00f3rico Hop-on Hop-off: \u00a1recorre lugares emblem\u00e1ticos con estilo vintage!<\/p>\n<h3 style=\"\">Precio total<\/h3>\n<h3 style=\"\">No se le cobrar\u00e1 todav\u00eda<\/h3>\n<p><span># <\/span><strong><span>2<\/span><\/strong><span><img decoding=\"async\" alt=\"Praga: Cena medieval con espect\u00e1culo en vivo y bebidas ilimitadas\" data-id=\"6730\" width=\"159\" data-init-width=\"631\" height=\"160\" data-init-height=\"633\" title=\"Praga: Cena medieval con espect\u00e1culo en vivo y bebidas ilimitadas\" loading=\"lazy\" src=\"https:\/\/praguetouristinformation.com\/es\/wp-content\/uploads\/2025\/08\/Ekran-Resmi-2024-12-16-16.39.09.png\" data-width=\"159\" data-height=\"160\" style=\"aspect-ratio: auto 631 \/ 633;\"><\/span><\/p>\n<table>\n<tbody>\n<tr>\n<td><a href=\"https:\/\/www.getyourguide.com\/prague-l10\/prague-medieval-dinner-with-unlimited-drinks-t63958\/?partner_id=NO9XIDE&amp;utm_medium=online_publisher&amp;cmp=PragueVisitorPassSP3\" target=\"_blank\" rel=\"nofollow noopener\" style=\"outline: none;\" data-lt-tmp-id=\"lt-163467\" spellcheck=\"false\">Praga: Cena medieval con bebidas ilimitadas<\/a><\/td>\n<\/tr>\n<\/tbody>\n<\/table>\n<p data-pm-slice=\"1 1 []\">\u00a1Disfruta de un fest\u00edn como la realeza en una cena de tem\u00e1tica medieval en Praga con bebidas ilimitadas y entretenimiento en vivo!<\/p>\n<h3 style=\"\">Precio total<\/h3>\n<h3 style=\"\">No se le cobrar\u00e1 todav\u00eda<\/h3>\n<\/p>\n<h2><a href=\"https:\/\/www.tiqets.com\/prague-attractions-c64162\/tickets-for-prague-visitor-pass-admission-to-70-attractions-public-transport-p1065491\/?partner=praguetouristinformation&amp;tq_campaign=PragueVisitorpassESSP\" target=\"_blank\" rel=\"nofollow noopener\" style=\"outline: none;\" spellcheck=\"false\">Hacer una reserva<\/a><\/h2>\n<h1><a href=\"https:\/\/www.tiqets.com\/prague-attractions-c64162\/tickets-for-prague-visitor-pass-admission-to-70-attractions-public-transport-p1065491\/?partner=praguetouristinformation&amp;tq_campaign=PragueVisitorpassESSP\" target=\"_blank\" rel=\"nofollow noopener\" style=\"outline: none;\" spellcheck=\"false\"><span style=\"font-weight: normal;\">Desde <\/span><strong>104,00 \u20ac<\/strong><\/a><\/h1>\n<p style=\"\">No se le cobrar\u00e1 todav\u00eda<\/p>\n","protected":false},"excerpt":{"rendered":"<p>Prague Visitor Pass: acceso a m\u00e1s de 70 atracciones y transporte p\u00fablico Hacer una reserva Desde 104,00 \u20ac Descubra lo mejor de Praga con el Prague Visitor Pass, su llave de acceso total a m\u00e1s de 70 atracciones, transporte p\u00fablico y experiencias inolvidables como cruceros por el r\u00edo, paseos en tranv\u00eda hist\u00f3rico y vistas panor\u00e1micas [&hellip;]<\/p>\n","protected":false},"author":15,"featured_media":5297,"parent":0,"menu_order":0,"comment_status":"closed","ping_status":"closed","template":"","meta":{"footnotes":""},"categories":[],"tags":[55],"class_list":["post-5278","page","type-page","status-publish","has-post-thumbnail","hentry","tag-sales-page","post-wrapper","thrv_wrapper"],"_links":{"self":[{"href":"https:\/\/praguetouristinformation.com\/es\/wp-json\/wp\/v2\/pages\/5278","targetHints":{"allow":["GET"]}}],"collection":[{"href":"https:\/\/praguetouristinformation.com\/es\/wp-json\/wp\/v2\/pages"}],"about":[{"href":"https:\/\/praguetouristinformation.com\/es\/wp-json\/wp\/v2\/types\/page"}],"author":[{"embeddable":true,"href":"https:\/\/praguetouristinformation.com\/es\/wp-json\/wp\/v2\/users\/15"}],"replies":[{"embeddable":true,"href":"https:\/\/praguetouristinformation.com\/es\/wp-json\/wp\/v2\/comments?post=5278"}],"version-history":[{"count":11,"href":"https:\/\/praguetouristinformation.com\/es\/wp-json\/wp\/v2\/pages\/5278\/revisions"}],"predecessor-version":[{"id":5338,"href":"https:\/\/praguetouristinformation.com\/es\/wp-json\/wp\/v2\/pages\/5278\/revisions\/5338"}],"wp:featuredmedia":[{"embeddable":true,"href":"https:\/\/praguetouristinformation.com\/es\/wp-json\/wp\/v2\/media\/5297"}],"wp:attachment":[{"href":"https:\/\/praguetouristinformation.com\/es\/wp-json\/wp\/v2\/media?parent=5278"}],"wp:term":[{"taxonomy":"category","embeddable":true,"href":"https:\/\/praguetouristinformation.com\/es\/wp-json\/wp\/v2\/categories?post=5278"},{"taxonomy":"post_tag","embeddable":true,"href":"https:\/\/praguetouristinformation.com\/es\/wp-json\/wp\/v2\/tags?post=5278"}],"curies":[{"name":"wp","href":"https:\/\/api.w.org\/{rel}","templated":true}]}}