{"id":4610,"date":"2023-03-02T07:31:42","date_gmt":"2023-03-02T07:31:42","guid":{"rendered":"https:\/\/praguetouristinformation.com\/es\/?page_id=4610"},"modified":"2025-11-18T12:58:23","modified_gmt":"2025-11-18T12:58:23","slug":"mejor-city-pass-para-praga","status":"publish","type":"page","link":"https:\/\/praguetouristinformation.com\/es\/mejor-city-pass-para-praga","title":{"rendered":"Mejor City Pass para Praga | Compara precios y actividades incluidas"},"content":{"rendered":"<h3>Esta es nuestra gu\u00eda completa de las mejores opciones de pases urbanos para Praga.<\/h3>\n<p>Si est\u00e1 planeando un viaje a esta encantadora ciudad y quiere aprovechar al m\u00e1ximo su tiempo, un pase de la ciudad que le d\u00e9 acceso a las mejores atracciones y actividades mientras le ahorra tiempo y dinero es una buena inversi\u00f3n.&nbsp;<\/p>\n<p>Con tanto para elegir, puede ser dif\u00edcil decidir qu\u00e9 pase es el adecuado para usted. Es por eso que investigamos y compilamos toda la informaci\u00f3n que necesita para tomar una decisi\u00f3n informada. Desde las <strong>actividades y atracciones incluidas hasta los precios y ahorros,<\/strong> encontrar\u00e1s todo lo que necesitas saber para elegir el mejor city pass para tu viaje a Praga.<\/p>\n<p style=\"\">\u00a1Comencemos con una pr\u00e1ctica tabla de comparaci\u00f3n!<\/p>\n<h2 id=\"t-1677585199812\" style=\"\">Opciones del Pase de la ciudad de Praga: una tabla comparativa<\/h2>\n<p style=\"\">Para ayudarlo a comparar las diferentes opciones de pases de la ciudad para Praga, hemos creado una tabla de comparaci\u00f3n que muestra las caracter\u00edsticas y los precios de cada pase:<\/p>\n<table data-rows=\"8\" data-cols=\"3\" style=\"\">\n<thead>\n<tr>\n<th style=\"\" data-direction=\"down\">\n<p style=\"\">\n<\/th>\n<th style=\"\" data-direction=\"\">\n<p style=\"\">PASE DE VISITANTE DE PRAGA<\/p>\n<\/th>\n<th style=\"\" data-direction=\"\">\n<p style=\"\">PRAGA COOLPASS<\/p>\n<\/th>\n<\/tr>\n<\/thead>\n<tbody>\n<tr>\n<td data-th=\"\" style=\"\">\n<p style=\"\">PASES DE LA CIUDAD<\/p>\n<\/td>\n<td data-th=\"ISTANBUL WELCOME CARD PREMIUM                    \" style=\"\"><span><img decoding=\"async\" alt=\"Pase de visitante de Praga\" data-id=\"4424\" width=\"222\" data-init-width=\"1410\" height=\"909\" data-init-height=\"909\" title=\"Pase de visitante de Praga\" src=\"https:\/\/praguetouristinformation.com\/es\/wp-content\/uploads\/2023\/03\/Prague-Visitor-Pass.png\" data-width=\"222\" style=\"aspect-ratio: auto 1410 \/ 909;\" loading=\"lazy\"><\/span><\/td>\n<td data-th=\"ISTANBUL WELCOME CARD DELUXE                    \" style=\"\"><span><img decoding=\"async\" alt=\"CoolPass de Praga\" data-id=\"4425\" width=\"222\" data-init-width=\"960\" height=\"607\" data-init-height=\"607\" title=\"CoolPass de Praga\" src=\"https:\/\/praguetouristinformation.com\/es\/wp-content\/uploads\/2023\/03\/Prague-CoolPass.jpeg\" data-width=\"222\" style=\"aspect-ratio: auto 960 \/ 607;\" loading=\"lazy\"><\/span><\/td>\n<\/tr>\n<tr>\n<td data-th=\"\" style=\"\">\n<p style=\"\">A CATEGOR\u00cdA ATRACCIONES<\/p>\n<\/td>\n<td data-th=\"ISTANBUL WELCOME CARD PREMIUM                    \" style=\"\"><\/td>\n<td data-th=\"ISTANBUL WELCOME CARD DELUXE                    \" style=\"\"><\/td>\n<\/tr>\n<tr>\n<td data-th=\"\" style=\"\" rowspan=\"1\" colspan=\"1\">\n<p style=\"\">ATRACCIONES CATEGOR\u00cdA B<\/p>\n<\/td>\n<td data-th=\"ISTANBUL WELCOME CARD PREMIUM                    \" style=\"\" rowspan=\"1\" colspan=\"1\"><\/td>\n<td data-th=\"ISTANBUL WELCOME CARD DELUXE                    \" style=\"\" rowspan=\"1\" colspan=\"1\"><\/td>\n<\/tr>\n<tr>\n<td data-th=\"\" style=\"\">\n<p style=\"\">PER\u00cdODO DE VALIDEZ<\/p>\n<\/td>\n<td data-th=\"ISTANBUL WELCOME CARD PREMIUM                    \" style=\"\">\n<p style=\"\">48, 72 o 120 horas<\/p>\n<\/td>\n<td data-th=\"ISTANBUL WELCOME CARD DELUXE                    \" style=\"\">\n<p style=\"\">1-6 d\u00edas<\/p>\n<\/td>\n<\/tr>\n<tr>\n<td data-th=\"\" style=\"\">\n<p style=\"\">M\u00c9TODO DE ENTREGA<\/p>\n<\/td>\n<td data-th=\"ISTANBUL WELCOME CARD PREMIUM                    \" style=\"\">\n<p style=\"\">Puntos de Venta \/ Online<\/p>\n<\/td>\n<td data-th=\"ISTANBUL WELCOME CARD DELUXE                    \" style=\"\">\n<p style=\"\">Puntos de Venta \/ Online<\/p>\n<\/td>\n<\/tr>\n<tr>\n<td data-th=\"\" style=\"\" rowspan=\"1\" colspan=\"1\">\n<p style=\"\">TRANSPORTE P\u00daBLICO<\/p>\n<\/td>\n<td data-th=\"ISTANBUL WELCOME CARD PREMIUM                    \" style=\"\" rowspan=\"1\" colspan=\"1\"><\/td>\n<td data-th=\"ISTANBUL WELCOME CARD DELUXE                    \" style=\"\" rowspan=\"1\" colspan=\"1\"><\/td>\n<\/tr>\n<tr>\n<td data-th=\"\" style=\"\" rowspan=\"1\" colspan=\"1\">\n<p style=\"\">PRECIO PARA ADULTOS<\/p>\n<\/td>\n<td data-th=\"ISTANBUL WELCOME CARD PREMIUM                    \" style=\"\" rowspan=\"1\" colspan=\"1\">\n<p style=\"\">Desde 104 \u20ac<\/p>\n<\/td>\n<td data-th=\"ISTANBUL WELCOME CARD DELUXE                    \" style=\"\" rowspan=\"1\" colspan=\"1\">\n<p style=\"\">Desde 54,00 \u20ac<\/p>\n<\/td>\n<\/tr>\n<\/tbody>\n<\/table>\n<h2 id=\"t-1677585199813\" style=\"\">Detalles de las opciones del pase de la ciudad de Praga<\/h2>\n<h3 style=\"\"><strong>1. Pase de visitante de Praga desde 104\u20ac<\/strong><\/h3>\n<p><span><img decoding=\"async\" alt=\"Pase de visitante de Praga\" data-id=\"4424\" width=\"702\" data-init-width=\"1410\" height=\"909\" data-init-height=\"909\" title=\"Pase de visitante de Praga\" loading=\"lazy\" src=\"https:\/\/praguetouristinformation.com\/es\/wp-content\/uploads\/2023\/03\/Prague-Visitor-Pass.png\" data-width=\"702\" style=\"aspect-ratio: auto 1410 \/ 909;\"><\/span><\/p>\n<p>El Pase de Visitante de Praga es la <strong>tarjeta oficial de la ciudad de Praga<\/strong> . Se trata de un pase tur\u00edstico con todo incluido que ofrece dos opciones a elegir: <strong>una tarjeta f\u00edsica o una versi\u00f3n electr\u00f3nica llamada e-Pass,<\/strong> que se puede almacenar c\u00f3modamente en su tel\u00e9fono inteligente.&nbsp;<\/p>\n<p style=\"\">El Pase para visitantes de Praga est\u00e1 disponible en <strong>tres variantes (48, 72 y 120 horas)<\/strong> y <strong><span style=\"--tcb-applied-color: var$(--tcb-skin-color-0)  !important; color: var(--tcb-skin-color-0);\">cuesta <\/span><\/strong><span style=\"--tcb-applied-color: var$(--tcb-skin-color-0)  !important; color: var(--tcb-skin-color-0);\"><strong>entre 75 y 150 euros<\/strong><\/span> para adultos.<span style=\"--tcb-applied-color: var$(--tcb-skin-color-0)  !important; color: var(--tcb-skin-color-0);\"> <\/span><\/p>\n<h4 style=\"\">\u00bfQu\u00e9 te ofrece el Pase de Visitante de Praga?<\/h4>\n<ul>\n<li>Entrada gratuita o con descuento a <strong>m\u00e1s de 60 lugares de inter\u00e9s, museos, lugares de inter\u00e9s y experiencias en <\/strong><strong>Praga<\/strong><\/li>\n<li><strong>Uso gratuito del Transporte P\u00fablico<\/strong> (metro, tranv\u00eda, autobuses urbanos, funicular y ferries) durante su per\u00edodo de validez<\/li>\n<li><strong>Traslado de ida y vuelta al aeropuerto<\/strong> con Airport Express<\/li>\n<li><strong>Crucero en barco por el r\u00edo<\/strong><\/li>\n<li><strong>Visitas guiadas&nbsp;<\/strong><\/li>\n<li><strong>Descuentos <\/strong><strong>especiales<\/strong> en toda la ciudad&nbsp;<\/li>\n<li><strong>Aplicaci\u00f3n f\u00e1cil de usar<\/strong> con gu\u00eda digital e informaci\u00f3n y actualizaciones importantes<\/li>\n<\/ul>\n<h4 style=\"\"><strong>Ventajas&nbsp;<\/strong><\/h4>\n<ul>\n<li><strong>Obtenga <\/strong><strong>entrada gratuita <\/strong><strong>a las principales atracciones<\/strong> de Praga, incl. Castillo de Praga, Museo Jud\u00edo y varias sinagogas, Loreto, Museo Kampa, Torre Pet\u0159\u00edn, Torre de la P\u00f3lvora, Zool\u00f3gico de Praga y Ayuntamiento de la Ciudad Vieja<\/li>\n<li><strong>Disfrute de <\/strong><strong>viajes gratuitos e ilimitados<\/strong> en la red de transporte p\u00fablico de Praga (excepto trenes, autobuses suburbanos y de cercan\u00edas y trenes fuera del centro de la ciudad)<\/li>\n<li><strong>Ahorre hasta un 50 %<\/strong> con descuentos en atracciones y experiencias en Praga<\/li>\n<li>Vea Praga desde un \u00e1ngulo completamente diferente con el <strong>crucero por el r\u00edo Vltava incluido<\/strong><\/li>\n<li><strong>Aproveche las visitas guiadas<\/strong> y elija entre un casco antiguo y un barrio jud\u00edo o un recorrido a pie misterioso medieval subterr\u00e1neo<\/li>\n<li><strong>Disfrute de una llegada y salida sin problemas<\/strong> con un viaje de ida y vuelta al aeropuerto incluido<\/li>\n<li>Disponible en 3 opciones de validez:&nbsp; <strong>48, 72 o 120 horas consecutivas &nbsp;<\/strong><\/li>\n<\/ul>\n<h4 style=\"\"><strong>\u00bfD\u00f3nde puedo comprar el pase de visitante de Praga?<\/strong><\/h4>\n<p style=\"\">El Pase de Visitante de Praga se puede comprar <strong>en puntos de venta en Praga,<\/strong> como el aeropuerto y la Oficina de Informaci\u00f3n Tur\u00edstica de Praga, o se puede pedir <strong>en l\u00ednea <\/strong><strong>a trav\u00e9s de este enlace: <\/strong><a href=\"https:\/\/www.tiqets.com\/prague-attractions-c64162\/tickets-for-prague-visitor-pass-admission-to-70-attractions-public-transport-p1065491\/?partner=praguetouristinformation&amp;tq_campaign=ESCityPassA\" style=\"outline: none;\" data-lt-tmp-id=\"lt-446727\" spellcheck=\"false\" target=\"_blank\" rel=\"nofollow noopener\">Pase de Visitante de Praga<\/a><\/p>\n<h3 style=\"\">2. CoolPass de Praga desde 64\u20ac<\/h3>\n<p><span><img decoding=\"async\" alt=\"CoolPass de Praga\" data-id=\"4425\" width=\"702\" data-init-width=\"960\" height=\"607\" data-init-height=\"607\" title=\"CoolPass de Praga\" loading=\"lazy\" src=\"https:\/\/praguetouristinformation.com\/es\/wp-content\/uploads\/2023\/03\/Prague-CoolPass.jpeg\" data-width=\"702\" style=\"aspect-ratio: auto 960 \/ 607;\"><\/span><\/p>\n<p style=\"\">Otro pase urbano excelente que vale la pena considerar al visitar la capital checa es el CoolPass de Praga. Este pase de visitante para m\u00faltiples atracciones es la versi\u00f3n digital de la \u00abPrague Card\u00bb y ofrece entrada gratuita a m\u00e1s de 70 lugares de inter\u00e9s, as\u00ed como otras ventajas.<\/p>\n<p>El CoolPass de Praga viene en <strong>6 duraciones diferentes<\/strong> (1, 2, 3, 4, 5 o 6 d\u00edas) y tiene <strong><span style=\"--tcb-applied-color: var$(--tcb-skin-color-0)  !important; color: var(--tcb-skin-color-0);\">un precio de entre 64 \u20ac y 112 \u20ac<\/span><\/strong><span style=\"color: var(--tcb-skin-color-3); --tcb-applied-color: var$(--tcb-skin-color-0)  !important;\"> para adultos.<\/span><\/p>\n<h4 style=\"\"><strong>\u00bfQu\u00e9 te ofrece el CoolPass de Praga?<\/strong><\/h4>\n<ul>\n<li><strong>Entrada gratuita <\/strong><strong>a m\u00e1s de 70<\/strong> atracciones tur\u00edsticas, museos, tours y actividades<\/li>\n<li><strong>Recorrido tur\u00edstico en autob\u00fas<\/strong> con comentarios de audio en 26 idiomas<\/li>\n<li><strong>Una selecci\u00f3n de cruceros gratuitos<\/strong> por el r\u00edo Vltava<\/li>\n<li><strong>Atractivos descuentos y ofertas<\/strong> en tours dentro y fuera de Praga, atracciones, cenas, conciertos y espect\u00e1culos, compras y m\u00e1s<\/li>\n<li><strong>Aplicaci\u00f3n m\u00f3vil<\/strong> con informaci\u00f3n actualizada para visitantes y consejos \u00fatiles&nbsp;<\/li>\n<\/ul>\n<h4 style=\"\"><strong>Ventajas&nbsp;<\/strong><\/h4>\n<ul>\n<li><strong>Disfrute de la entrada gratuita a lugares de visita obligada<\/strong> , como el Castillo de Praga, la Torre Pet\u0159\u00edn, el Museo Jud\u00edo y varias sinagogas, el Museo de Arte de la Ilusi\u00f3n, el Museo Nacional, Vy\u0161ehrad y m\u00e1s<\/li>\n<li>Sum\u00e9rgete en la rica historia de la ciudad <strong>con atractivas visitas guiadas<\/strong> que revelan gemas ocultas e historias fascinantes.<\/li>\n<li><strong>Admire Praga desde tierra y mar,<\/strong> con autobuses y cruceros fluviales incluidos<\/li>\n<li><strong>Ahorre hasta un 50 %<\/strong> gracias a ofertas exclusivas en m\u00e1s de 60 socios<\/li>\n<li>Disponible en 6 opciones de validez: <strong>1, 2, 3, 4, 5 o 6 d\u00edas consecutivos<\/strong><\/li>\n<\/ul>\n<h4 style=\"\"><strong>\u00bfD\u00f3nde puedo comprar el CoolPass de Praga?<\/strong><\/h4>\n<p style=\"\">El Praga CoolPass se puede comprar como tarjeta f\u00edsica de Praga <strong>en varios puntos de venta\/recogida<\/strong> en Praga o como <strong>pase digital en l\u00ednea a trav\u00e9s de este enlace: <\/strong><a href=\"https:\/\/www.getyourguide.es\/prague-l10\/prague-card-for-2-3-or-4-days-t66055\/?partner_id=0F6NPGN&amp;utm_medium=suppliers&amp;placement=button-cta&amp;cmp=PragueTouristInformation\" style=\"outline: none;\" data-lt-tmp-id=\"lt-427053\" spellcheck=\"false\" target=\"_blank\" rel=\"nofollow noopener\">Praga CoolPass<\/a><a href=\"https:\/\/www.getyourguide.es\/prague-l10\/prague-card-for-2-3-or-4-days-t66055\/?partner_id=0F6NPGN&amp;utm_medium=suppliers&amp;placement=button-cta&amp;cmp=PragueTouristInformation\" style=\"outline: none;\" data-lt-tmp-id=\"lt-427053\" spellcheck=\"false\" target=\"_blank\" rel=\"nofollow noopener\"><\/a><\/p>\n<p><span><img decoding=\"async\" alt=\"Qu\u00e9 City Pass para Praga es mejor para ti\" data-id=\"4428\" width=\"702\" data-init-width=\"1000\" height=\"667\" data-init-height=\"667\" title=\"Qu\u00e9 City Pass para Praga es mejor para ti\" loading=\"lazy\" src=\"https:\/\/praguetouristinformation.com\/es\/wp-content\/uploads\/2023\/03\/Which-City-Pass-for-Prague-Is-Best-for-You.jpg\" data-width=\"702\" style=\"aspect-ratio: auto 1000 \/ 667;\"><\/span><\/p>\n<h2 id=\"t-1677585199814\" style=\"\">Conclusi\u00f3n: \u00bfQu\u00e9 City Pass para Praga es mejor para ti?&nbsp;<\/h2>\n<p style=\"\">Al elegir el mejor pase de ciudad para Praga, obviamente <strong>depende de sus necesidades y preferencias individuales, su presupuesto<\/strong> y <strong>la cantidad de d\u00edas<\/strong> que planea pasar en Praga. Ver aqu\u00ed varios criterios:<\/p>\n<ul>\n<li><span><strong>Si desea ver tantas atracciones como sea posible<\/strong> , entonces el <span style=\"text-decoration: underline;\">Prague Cool Pass<\/span> ofrece una peque\u00f1a ventaja, ya que brinda acceso gratuito a m\u00e1s de 70 atracciones principales de Praga, mientras que el Prague Visitor Pass incluye acceso gratuito o con descuento a m\u00e1s de 60 experiencias.<\/span><\/li>\n<li><span><strong>Si tiene poco tiempo o solo quiere ver los aspectos m\u00e1s destacados de la ciudad,<\/strong> entonces el <span style=\"text-decoration: underline;\">Pase para visitantes de Praga<\/span> y el <span style=\"text-decoration: underline;\">Pase genial para Praga<\/span> son excelentes opciones. Ambos pases tur\u00edsticos incluyen la entrada gratuita a lugares de visita obligada, como el Castillo de Praga, el Museo Jud\u00edo, el Cementerio Jud\u00edo y varias sinagogas, Loreto, la Torre Pet\u0159\u00edn e incluso un crucero por el r\u00edo Vltava.<\/span><\/li>\n<li><span><strong>Si no quiere preocuparse durante sus vacaciones en Praga,<\/strong> el <span style=\"text-decoration: underline;\">Pase de Visitante de Praga<\/span> puede ser la mejor opci\u00f3n para usted. Con el Pase de Visitante de Praga, puede disfrutar de visitas tur\u00edsticas y transporte sin problemas sin preocuparse por el transporte p\u00fablico o comprar boletos individuales por adelantado. Este pase tur\u00edstico con todo incluido ofrece entrada gratuita o con descuento a m\u00e1s de 60 atracciones y experiencias principales en Praga, as\u00ed como el uso gratuito del transporte p\u00fablico durante su per\u00edodo de validez, un traslado de ida y vuelta al aeropuerto, un crucero en barco por el r\u00edo, visitas guiadas y descuentos especiales. por toda la ciudad.&nbsp;<\/span><\/li>\n<li><span><strong>Si desea utilizar el transporte p\u00fablico,&nbsp;<\/strong> entonces el <span style=\"text-decoration: underline;\">Pase de Visitante de Praga<\/span> es el pase de la ciudad ideal para usted. Esta tarjeta de la ciudad ofrece el uso gratuito e ilimitado de la red de transporte p\u00fablico de Praga, as\u00ed como ventajas adicionales.<\/span><\/li>\n<li><span><strong>Si desea ahorrar mucho dinero mientras hace turismo en Praga,&nbsp;<\/strong> el <span style=\"text-decoration: underline;\">Pase de visitante de Praga<\/span> y el <span style=\"text-decoration: underline;\">CoolPass de Praga<\/span> son excelentes opciones a considerar. El Pase de visitante de Praga ofrece entrada gratuita o con descuento a m\u00e1s de 60 lugares de inter\u00e9s y experiencias en Praga, as\u00ed como el uso gratuito del transporte p\u00fablico y el traslado de ida y vuelta al aeropuerto. Por otro lado, el CoolPass de Praga incluye entrada gratuita a m\u00e1s de 70 atracciones, museos, recorridos y actividades, as\u00ed como ofertas atractivas en muchos socios. Ambos pases ofrecen diferentes duraciones y precios, con el Pase de Visitante de Praga desde 75 \u20ac por un pase de 48 horas y el CoolPass de Praga desde 54 \u20ac por un pase de 1 d\u00eda para adultos.<\/span><\/li>\n<\/ul>\n<h2 id=\"t-1677585199815\" style=\"text-align: center;\">Preguntas frecuentes &#8211; <strong>City Pass para Praga<\/strong><\/h2>\n<p>Ahora que cuenta con un conocimiento profundo para tomar una decisi\u00f3n informada, puede elegir el mejor pase para la ciudad de Praga que se ajuste a sus necesidades.<\/p>\n<p>Para obtener m\u00e1s informaci\u00f3n sobre la planificaci\u00f3n de su viaje a Praga, aseg\u00farese de consultar nuestros otros art\u00edculos \u00fatiles sobre las <a href=\"https:\/\/praguetouristinformation.com\/es\/cosas-que-hacer\/10-mejores\" style=\"outline: none;\" data-lt-tmp-id=\"lt-426888\" spellcheck=\"false\">principales atracciones<\/a> , los mejores <a href=\"https:\/\/praguetouristinformation.com\/es\/restaurantes\" style=\"outline: none;\">restaurantes<\/a> y <a href=\"https:\/\/praguetouristinformation.com\/es\/hoteles\" style=\"outline: none;\">los hoteles recomendados<\/a> . Tambi\u00e9n echa un vistazo a nuestra gu\u00eda completa sobre <a href=\"https:\/\/praguetouristinformation.com\/es\/plan\/transporte-publico\" style=\"outline: none;\">el transporte p\u00fablico en Praga. <\/a>&nbsp;\u00a1Viajes felices!<a href=\"https:\/\/praguetouristinformation.com\/en\/sightseeing\/top-10-attractions\" style=\"outline: none;\" data-lt-tmp-id=\"lt-426888\" spellcheck=\"false\"><\/a><a href=\"https:\/\/praguetouristinformation.com\/en\/restaurant\/bohemian-kitchen\" style=\"outline: none;\"><\/a><a href=\"https:\/\/praguetouristinformation.com\/en\/hotel\" style=\"outline: none;\"><\/a><a href=\"https:\/\/praguetouristinformation.com\/en\/planning\/public-transport\" style=\"outline: none;\"><\/a><\/p>\n<p><a href=\"javascript:void(0)\"><span><span>Carga m\u00e1s<\/span><\/span><\/a><\/p>\n","protected":false},"excerpt":{"rendered":"<p>Esta es nuestra gu\u00eda completa de las mejores opciones de pases urbanos para Praga. Si est\u00e1 planeando un viaje a esta encantadora ciudad y quiere aprovechar al m\u00e1ximo su tiempo, un pase de la ciudad que le d\u00e9 acceso a las mejores atracciones y actividades mientras le ahorra tiempo y dinero es una buena inversi\u00f3n.&nbsp; [&hellip;]<\/p>\n","protected":false},"author":6,"featured_media":4611,"parent":0,"menu_order":0,"comment_status":"closed","ping_status":"closed","template":"","meta":{"footnotes":""},"categories":[],"tags":[],"class_list":["post-4610","page","type-page","status-publish","has-post-thumbnail","hentry","post-wrapper","thrv_wrapper"],"_links":{"self":[{"href":"https:\/\/praguetouristinformation.com\/es\/wp-json\/wp\/v2\/pages\/4610","targetHints":{"allow":["GET"]}}],"collection":[{"href":"https:\/\/praguetouristinformation.com\/es\/wp-json\/wp\/v2\/pages"}],"about":[{"href":"https:\/\/praguetouristinformation.com\/es\/wp-json\/wp\/v2\/types\/page"}],"author":[{"embeddable":true,"href":"https:\/\/praguetouristinformation.com\/es\/wp-json\/wp\/v2\/users\/6"}],"replies":[{"embeddable":true,"href":"https:\/\/praguetouristinformation.com\/es\/wp-json\/wp\/v2\/comments?post=4610"}],"version-history":[{"count":12,"href":"https:\/\/praguetouristinformation.com\/es\/wp-json\/wp\/v2\/pages\/4610\/revisions"}],"predecessor-version":[{"id":5336,"href":"https:\/\/praguetouristinformation.com\/es\/wp-json\/wp\/v2\/pages\/4610\/revisions\/5336"}],"wp:featuredmedia":[{"embeddable":true,"href":"https:\/\/praguetouristinformation.com\/es\/wp-json\/wp\/v2\/media\/4611"}],"wp:attachment":[{"href":"https:\/\/praguetouristinformation.com\/es\/wp-json\/wp\/v2\/media?parent=4610"}],"wp:term":[{"taxonomy":"category","embeddable":true,"href":"https:\/\/praguetouristinformation.com\/es\/wp-json\/wp\/v2\/categories?post=4610"},{"taxonomy":"post_tag","embeddable":true,"href":"https:\/\/praguetouristinformation.com\/es\/wp-json\/wp\/v2\/tags?post=4610"}],"curies":[{"name":"wp","href":"https:\/\/api.w.org\/{rel}","templated":true}]}}