{"id":417,"date":"2020-09-08T10:34:09","date_gmt":"2020-09-08T10:34:09","guid":{"rendered":"https:\/\/praguetouristinformation.com\/es\/?page_id=417"},"modified":"2023-05-03T12:07:11","modified_gmt":"2023-05-03T12:07:11","slug":"incentivos","status":"publish","type":"page","link":"https:\/\/praguetouristinformation.com\/es\/viaje-en-grupo\/incentivos","title":{"rendered":"Incentivos en Praga con programa de apoyo"},"content":{"rendered":"<h1>Incentivos en Praga: Consejos, apoyo e inspiraci\u00f3n<\/h1>\n<p>Te apoyamos en la b\u00fasqueda de los incentivos perfectos, el programa de apoyo y los eventos de equipo.<\/p>\n<h2 id=\"t-1670570120243\">\u00bfQu\u00e9 incentivos son posibles en Praga?<\/h2>\n<p>Nuestros especialistas en incentivos trabajar\u00e1n con usted para planificar experiencias inolvidables en Praga. Cualquier cosa es posible entre un recorrido gastron\u00f3mico, paintball y un rally de autos antiguos por Praga y sus alrededores. Adem\u00e1s de los cl\u00e1sicos muy queridos, tambi\u00e9n nos complace desarrollar conceptos de incentivos individuales adaptados a su filosof\u00eda y deseos corporativos.&nbsp;<\/p>\n<p>Nosotros en PragueTouristInformation.com acompa\u00f1amos toda la selecci\u00f3n, planificaci\u00f3n e implementaci\u00f3n de incentivos. Esto tambi\u00e9n incluye todo el programa de apoyo si lo desea.&nbsp;<\/p>\n<h3 id=\"t-1670570120244\">Solicitudes individuales:<\/h3>\n<p>La realizaci\u00f3n de reuniones, conferencias y eventos de empresa es posible con nosotros desde un \u00fanico proveedor.&nbsp;<\/p>\n<p>Como su socio en Praga, tambi\u00e9n estamos a su lado para ideas individuales, incluso aquellas que de otro modo ser\u00edan dif\u00edciles de combinar entre la ubicaci\u00f3n y la experiencia de incentivo.&nbsp;<\/p>\n<ul>\n<li><span><strong>soporte las 24 horas<\/strong><\/span><\/li>\n<li><span><strong>Consulta inicial gratuita<\/strong><\/span><\/li>\n<li><span><strong>423+ experiencias<\/strong><\/span><\/li>\n<\/ul>\n<h2 style=\"\" id=\"t-1670570120245\">\u00bfQu\u00e9 necesito saber antes de reservar?<\/h2>\n<h2 style=\"text-align: center;\" id=\"t-1670570120246\">10 Incentivos populares en Praga como ejemplo<\/h2>\n<p style=\"text-align: center;\">D\u00e9jate inspirar por tus incentivos. Todo es posible, desde un rally de coches cl\u00e1sicos hasta un pub crawl y una cena de gala. Tambi\u00e9n nos complace ayudarlo con la implementaci\u00f3n de ideas inusuales.&nbsp;<\/p>\n<h3 id=\"t-1670570120247\">1. Cena de Gala<\/h3>\n<p style=\"\">\u00a1Una cena de gala es un evento que no olvidar\u00e1 pronto! La ropa de noche festiva, la comida exquisita y un ambiente festivo aportan brillo y glamour a la vida cotidiana. Se pueden organizar lugares sensacionales como el Castillo de Praga.<\/p>\n<h3 style=\"\" id=\"t-1670570120248\">2. Ruta de bares<\/h3>\n<p>Un divertido recorrido por los pubs del casco antiguo de Praga le permite ver los mejores pubs, bares y cervecer\u00edas de Praga mientras experimenta la cultura cervecera de Bohemia. <a href=\"https:\/\/praguetouristinformation.com\/es\/restaurantes\/cerveza-checa\" style=\"outline: none;\">Pruebe la cerveza checa<\/a> de fama mundial y pase una agradable velada que une a\u00fan m\u00e1s al equipo. Un ambiente relajado y buen humor est\u00e1n preprogramados. Estaremos encantados de adaptar el recorrido a sus deseos.<\/p>\n<h3 style=\"\" id=\"t-1670570120249\">3. Crucero privado por el r\u00edo Vltava<\/h3>\n<p style=\"\">Recompense a sus empleados con un crucero privado. Navegue por el r\u00edo Vltava y disfrute de impresionantes vistas panor\u00e1micas de Praga y sus <a href=\"https:\/\/praguetouristinformation.com\/es\/cosas-que-hacer\/atracciones\" style=\"outline: none;\">atracciones<\/a> . Bajo petici\u00f3n con animaci\u00f3n musical y buffet.<\/p>\n<h3 style=\"\" id=\"t-1670570120250\">4. Concierto<\/h3>\n<p>Sum\u00e9rjase en el ambiente \u00fanico de la Praga musical asistiendo a un concierto de m\u00fasica cl\u00e1sica. La Ciudad Dorada est\u00e1 estrechamente asociada con la m\u00fasica cl\u00e1sica y el grandioso compositor Mozart, que tuvo dos estrenos mundiales aqu\u00ed. Magn\u00edficos teatros como el <a href=\"https:\/\/praguetouristinformation.com\/es\/cosas-que-hacer\/teatro\/rudolfinum\" style=\"outline: none;\">Rudolfinum<\/a> , el State Theatre y el <a href=\"https:\/\/praguetouristinformation.com\/es\/cosas-que-hacer\/teatro\/estatal\" style=\"outline: none;\">Estates Theatre<\/a> est\u00e1n disponibles.<\/p>\n<h3 style=\"\" id=\"t-1670570120251\">5. City tour con un nost\u00e1lgico tranv\u00eda<\/h3>\n<p style=\"\">Sube a bordo de un tranv\u00eda hist\u00f3rico que te llevar\u00e1 en un viaje por Praga. Un director disfrazado y un acordeonista aseguran un buen ambiente y entretenimiento. Complete el viaje privado con un breve recorrido por el sensacional Castillo de Praga.<\/p>\n<h3 style=\"\" id=\"t-1670570120252\">6. Carrera de botes drag\u00f3n<\/h3>\n<p>El lema de este incentivo es \u00abTodos estamos en el mismo barco\u00bb. Guiados por su timonel, reman juntos al ritmo del tambor. Despu\u00e9s del entrenamiento y la competencia, todos pueden esperar una ceremonia de entrega de premios.<\/p>\n<h3 style=\"\" id=\"t-1670570120253\">7. Tour gastron\u00f3mico<\/h3>\n<p style=\"\">Disfrute de experiencias culinarias inolvidables. Descubra Praga de una manera diferente y pruebe platos y postres tradicionales <a href=\"https:\/\/praguetouristinformation.com\/es\/restaurantes\/cocina-checa\" style=\"outline: none;\">checos . <\/a>Un gu\u00eda local se asegurar\u00e1 de que visite solo los mejores y m\u00e1s modernos restaurantes, tabernas y cafeter\u00edas de Praga.<\/p>\n<h3 style=\"\" id=\"t-1670570120254\">8. Rally de A\u00f1adas<\/h3>\n<p style=\"\">Suba a bordo de un Skoda o Trabi vintage y salga a explorar Praga. Divididos en equipos, conduces tu veh\u00edculo de culto a varias estaciones de la ciudad, donde te esperan tareas entretenidas. Despu\u00e9s de que cada equipo haya documentado su progreso, se lleva a cabo una ceremonia de entrega de premios al final del rally.<\/p>\n<h3 style=\"\" id=\"t-1670570120255\">9. Visita nocturna al castillo<\/h3>\n<p>Un recorrido por el complejo de palacios m\u00e1s grande del mundo es una experiencia inolvidable en s\u00ed misma. Pero quienes lo visiten de noche seguramente no podr\u00e1n escapar a la fascinaci\u00f3n del <a href=\"https:\/\/praguetouristinformation.com\/es\/cosas-que-hacer\/castillo\" style=\"outline: none;\">Castillo de Praga . <\/a>El conjunto monumental de museos, iglesias, palacios y parques se destaca por luces impresionantes que lo hacen casi m\u00e1gico.&nbsp;<\/p>\n<h3 style=\"\" id=\"t-1670570120256\">10. Tour en Segway o en bicicleta<\/h3>\n<p>Los recorridos por la ciudad son siempre incentivos populares. Un recorrido en Segway o en bicicleta brinda a\u00fan m\u00e1s diversi\u00f3n. Puede recorrer las sinuosas calles de Praga, pasar por atracciones famosas y conocer la ciudad desde una perspectiva diferente.<\/p>\n<h3 id=\"t-1670570120257\">\u00bfNada a\u00fan?<\/h3>\n<p>Estamos encantados de ayudarle con la implementaci\u00f3n de ideas individuales. Tenemos m\u00e1s de 187 actividades posibles para cada ocasi\u00f3n.<\/p>\n<h2 style=\"text-align: center;\" id=\"t-1670570120258\"><strong>El camino desde la consulta hasta la implementaci\u00f3n<\/strong><\/h2>\n<p>1. Consulta<\/p>\n<p>Usted nos dice sus deseos y necesidades. Esto se puede hacer por tel\u00e9fono o con nuestro formulario de contacto. Estaremos encantados de devolverle la llamada. Junto con usted organizamos un viaje de incentivo perfecto en Praga. Recibir\u00e1 una oferta no vinculante en un plazo de 24 a 48 horas.&nbsp;<\/p>\n<p>2. Planificaci\u00f3n<\/p>\n<p>Junto con usted organizamos el viaje de incentivo perfecto en Praga. Una vez que hayamos comprobado sus deseos y preferencias, recibir\u00e1 una oferta no vinculante en un plazo de 24 a 48 horas. &nbsp;<\/p>\n<p>3. Ejecuci\u00f3n<\/p>\n<p>Tambi\u00e9n estaremos encantados de apoyarle durante el evento. Tiene las mismas personas de contacto durante toda la planificaci\u00f3n, implementaci\u00f3n y celebraci\u00f3n del incentivo. Nuestro soporte est\u00e1 disponible las 24 horas del d\u00eda.&nbsp;<\/p>\n<h2 id=\"t-1670570120259\">Consulta inicial gratuita<\/h2>\n<p>Nuestros especialistas en incentivos planean contigo experiencias inolvidables en Praga. Cualquier cosa es posible entre un recorrido gastron\u00f3mico, paintball y un rally de autos antiguos por Praga y sus alrededores. Tambi\u00e9n implementamos deseos individuales adem\u00e1s de los cl\u00e1sicos.&nbsp;<\/p>\n<p>Nosotros en PragueTouristInformation.com acompa\u00f1amos toda la selecci\u00f3n, planificaci\u00f3n e implementaci\u00f3n de incentivos. Esto tambi\u00e9n incluye el programa de soporte completo a pedido.&nbsp;<\/p>\n<h3 id=\"t-1670570120260\">Servicio completo<\/h3>\n<ul>\n<li style=\"\"><span style=\"\"><strong>De una sola fuente:<\/strong> podemos encargarnos de todo el programa de apoyo si lo desea. Con nosotros no hay diferentes personas de contacto. &nbsp;<\/span><\/li>\n<li><span><strong>Mejor precio garantizado:<\/strong> Con 22 a\u00f1os de experiencia, tenemos condiciones especiales para muchos lugares, experiencias y <a href=\"https:\/\/praguetouristinformation.com\/es\/hotel\" style=\"outline: none;\">hoteles<\/a> en Praga. &nbsp;<\/span><\/li>\n<li><span><strong>Soporte las 24 horas:<\/strong> Nos pueden contactar en todo momento cuando se llevan a cabo incentivos, incluso por la noche. &nbsp;<\/span><\/li>\n<\/ul>\n<h2 style=\"text-align: center;\" id=\"t-1670570120261\" data-hide=\"true\">Consulta inicial gratuita<\/h2>\n<p style=\"text-align: center;\">Nos encantar\u00eda hablar sobre sus expectativas. El contacto es por tel\u00e9fono al&nbsp;<span data-attr-id=\"4\" data-extra_key=\"1\" data-option-inline=\"1\" data-shortcode=\"thrive_global_fields\" data-shortcode-name=\"[Company] Alternative phone number\"><\/span>, correo electr\u00f3nico a <span data-attr-id=\"5\" data-extra_key=\"1\" data-option-inline=\"1\" data-shortcode=\"thrive_global_fields\" data-shortcode-name=\"[Company] Email address\">support@praguetouristinformation.com<\/span> o formulario de contacto posible.&nbsp;<\/p>\n","protected":false},"excerpt":{"rendered":"<p>Incentivos en Praga: Consejos, apoyo e inspiraci\u00f3n Te apoyamos en la b\u00fasqueda de los incentivos perfectos, el programa de apoyo y los eventos de equipo. \u00bfQu\u00e9 incentivos son posibles en Praga? Nuestros especialistas en incentivos trabajar\u00e1n con usted para planificar experiencias inolvidables en Praga. Cualquier cosa es posible entre un recorrido gastron\u00f3mico, paintball y un [&hellip;]<\/p>\n","protected":false},"author":6,"featured_media":2097,"parent":405,"menu_order":0,"comment_status":"closed","ping_status":"closed","template":"","meta":{"footnotes":""},"categories":[],"tags":[28],"class_list":["post-417","page","type-page","status-publish","has-post-thumbnail","hentry","tag-m-i-c-e","post-wrapper","thrv_wrapper"],"_links":{"self":[{"href":"https:\/\/praguetouristinformation.com\/es\/wp-json\/wp\/v2\/pages\/417","targetHints":{"allow":["GET"]}}],"collection":[{"href":"https:\/\/praguetouristinformation.com\/es\/wp-json\/wp\/v2\/pages"}],"about":[{"href":"https:\/\/praguetouristinformation.com\/es\/wp-json\/wp\/v2\/types\/page"}],"author":[{"embeddable":true,"href":"https:\/\/praguetouristinformation.com\/es\/wp-json\/wp\/v2\/users\/6"}],"replies":[{"embeddable":true,"href":"https:\/\/praguetouristinformation.com\/es\/wp-json\/wp\/v2\/comments?post=417"}],"version-history":[{"count":10,"href":"https:\/\/praguetouristinformation.com\/es\/wp-json\/wp\/v2\/pages\/417\/revisions"}],"predecessor-version":[{"id":4826,"href":"https:\/\/praguetouristinformation.com\/es\/wp-json\/wp\/v2\/pages\/417\/revisions\/4826"}],"up":[{"embeddable":true,"href":"https:\/\/praguetouristinformation.com\/es\/wp-json\/wp\/v2\/pages\/405"}],"wp:featuredmedia":[{"embeddable":true,"href":"https:\/\/praguetouristinformation.com\/es\/wp-json\/wp\/v2\/media\/2097"}],"wp:attachment":[{"href":"https:\/\/praguetouristinformation.com\/es\/wp-json\/wp\/v2\/media?parent=417"}],"wp:term":[{"taxonomy":"category","embeddable":true,"href":"https:\/\/praguetouristinformation.com\/es\/wp-json\/wp\/v2\/categories?post=417"},{"taxonomy":"post_tag","embeddable":true,"href":"https:\/\/praguetouristinformation.com\/es\/wp-json\/wp\/v2\/tags?post=417"}],"curies":[{"name":"wp","href":"https:\/\/api.w.org\/{rel}","templated":true}]}}