{"id":383,"date":"2020-09-04T08:36:48","date_gmt":"2020-09-04T08:36:48","guid":{"rendered":"https:\/\/praguetouristinformation.com\/es\/?page_id=383"},"modified":"2023-05-03T12:07:51","modified_gmt":"2023-05-03T12:07:51","slug":"interpretes","status":"publish","type":"page","link":"https:\/\/praguetouristinformation.com\/es\/viaje-en-grupo\/interpretes","title":{"rendered":"Int\u00e9rpretes, azafatas y gu\u00edas de la ciudad en Praga"},"content":{"rendered":"<h1>Int\u00e9rpretes, azafatas y gu\u00edas de ciudad en Praga.<\/h1>\n<p>Colocaci\u00f3n de int\u00e9rpretes jurados autorizados, azafatas y gu\u00edas de ciudad en todos los idiomas en Praga.&nbsp;<\/p>\n<h2 id=\"t-1594219921958\">Int\u00e9rpretes con experiencia<\/h2>\n<p>Se requieren int\u00e9rpretes calificados con conocimientos especializados, especialmente para eventos en los sectores tecnol\u00f3gico, farmac\u00e9utico y de TI.<\/p>\n<p>Para garantizar que su evento sea todo un \u00e9xito, ofrecemos apoyo ling\u00fc\u00edstico para \u00e1reas tem\u00e1ticas especiales con nuestros int\u00e9rpretes jurados con licencia en Praga. Tambi\u00e9n son posibles las traducciones simult\u00e1neas de eventos en vivo.<\/p>\n<p>Para peque\u00f1as actividades de servicio y traducci\u00f3n, tambi\u00e9n puede contratar azafatas que podemos utilizar, por ejemplo, en el stand de exposici\u00f3n, el mostrador de recepci\u00f3n o durante eventos. Por favor, h\u00e1ganos saber sus idiomas preferidos.&nbsp;<\/p>\n<p>Tambi\u00e9n ofrecemos gu\u00edas multiling\u00fces de la ciudad que lo entretendr\u00e1n a usted y a sus invitados con informaci\u00f3n interesante y an\u00e9cdotas sobre los lugares de inter\u00e9s de Praga. Las gu\u00edas de la ciudad tambi\u00e9n se pueden reservar con atractivas tarifas diarias. De esta forma, puedes organizar tus eventos de forma flexible y adem\u00e1s est\u00e1s protegido frente a posibles pr\u00f3rrogas o aplazamientos de eventos.<\/p>\n<h3 id=\"t-1594219921959\">Expertos en todos los idiomas<\/h3>\n<p>\u00bfNecesita un int\u00e9rprete para \u00e1reas especializadas como ingenier\u00eda, farmacia o \u00e1reas legales?&nbsp;<\/p>\n<p style=\"\">\n<p>Trabajamos en Praga con int\u00e9rpretes autorizados locales para campos especiales. Esto tambi\u00e9n incluye la traducci\u00f3n simult\u00e1nea de conferencias, eventos y eventos en vivo.&nbsp;<\/p>\n<ul>\n<li><span><strong>soporte las 24 horas<\/strong><\/span><\/li>\n<li><span><strong>Servicio completo de una sola fuente<\/strong><\/span><\/li>\n<li><span><strong>Consulta inicial gratuita<\/strong><\/span><\/li>\n<\/ul>\n<h2 style=\"text-align: center;\" id=\"t-1594219921960\">\u00bfQu\u00e9 int\u00e9rpretes puede proporcionar?<\/h2>\n<p style=\"text-align: center;\">Se pueden contratar int\u00e9rpretes desde 50 \u20ac netos por hora m\u00e1s IVA. El precio depende de la calificaci\u00f3n, la especialidad y el idioma.<\/p>\n<h3 id=\"t-1594219921961\" style=\"\">1. Int\u00e9rpretes autorizados<\/h3>\n<p>Nuestros socios en Praga incluyen int\u00e9rpretes jurados.&nbsp;<\/p>\n<h3 id=\"t-1594219921962\" style=\"\">2. \u00c1reas de especializaci\u00f3n<\/h3>\n<p>El conocimiento experto suele ser esencial para la traducci\u00f3n de \u00e1reas especializadas, por ejemplo, en tecnolog\u00eda, pol\u00edtica y ciencia. Nuestra base de datos contiene los int\u00e9rpretes adecuados en Praga.&nbsp;<\/p>\n<h3 id=\"t-1594219921963\" style=\"\">3. Traducci\u00f3n simult\u00e1nea<\/h3>\n<p>Tambi\u00e9n proporcionamos int\u00e9rpretes para la traducci\u00f3n de discursos, eventos corporativos y otros eventos en vivo.&nbsp;<\/p>\n<h3 id=\"t-1594219921965\">245 + int\u00e9rpretes<\/h3>\n<p>P\u00f3ngase en contacto con int\u00e9rpretes autorizados y jurados en Praga con experiencia.&nbsp;<\/p>\n<h2 style=\"text-align: center;\" id=\"t-1594219921966\">\u00bfQu\u00e9 azafatas puedes proporcionar?<\/h2>\n<p style=\"text-align: center;\">La colocaci\u00f3n de azafatas es posible desde 25 \u20ac la hora m\u00e1s IVA en Praga y alrededores.<\/p>\n<p style=\"text-align: center;\">\n<h3 id=\"t-1594219921967\" style=\"\">1. Para ferias en Praga<\/h3>\n<p>Nuestras azafatas pueden ayudar como personal de servicio en la recepci\u00f3n y asumir peque\u00f1as funciones de interpretaci\u00f3n.&nbsp;<\/p>\n<h3 id=\"t-1594219921968\" style=\"\">2. Eventos&nbsp;<\/h3>\n<h3 id=\"t-1670510337984\">en Praga<\/h3>\n<p>Las tareas cl\u00e1sicas de nuestras azafatas incluyen la recepci\u00f3n, saludo y asiento de los clientes. Esto tambi\u00e9n incluye el registro de invitados.&nbsp;<\/p>\n<h3 id=\"t-1594219921969\">las mejores agencias<\/h3>\n<p>Nuestros socios incluyen las mejores agencias en Praga. Realiza aqu\u00ed tu solicitud de azafatas para eventos, ferias y eventos en Praga.&nbsp;<\/p>\n<h2 style=\"text-align: center;\" id=\"t-1594219921970\">Gu\u00edas de ciudades multiling\u00fces<\/h2>\n<p style=\"text-align: center;\">Se pueden contratar gu\u00edas multiling\u00fces de la ciudad desde 40 \u20ac la hora m\u00e1s IVA. El precio depende de los idiomas y del tema.<\/p>\n<h3 id=\"t-1594219921971\" style=\"\">1. Tours privados en Praga<\/h3>\n<p>\u00bfQuiere deleitar a sus invitados con los aspectos m\u00e1s destacados de Praga o lugares escondidos fuera de los caminos trillados? Nuestras gu\u00edas de la ciudad aseguran una experiencia inolvidable en Praga.<\/p>\n<h3 id=\"t-1594219921972\" style=\"\">2. Viajes en grupo&nbsp;<\/h3>\n<h3 id=\"t-1670510337985\">en Praga<\/h3>\n<p>Despu\u00e9s de un d\u00eda en la feria, sus colegas pueden disfrutar de un emocionante recorrido grupal por Praga en un d\u00eda libre. Asimismo, los hu\u00e9spedes que haya invitado a Praga pueden participar en visitas guiadas con gu\u00edas autorizados de la ciudad. Como agencia de servicio completo, tambi\u00e9n podemos organizar autobuses, restaurantes y ubicaciones a pedido.&nbsp;<\/p>\n<h3 id=\"t-1594219921973\">Gu\u00eda de la ciudad superior<\/h3>\n<p>Somos el socio adecuado para organizar entradas, visitas guiadas y visitas guiadas en Praga para clientes privados y de negocios.&nbsp;<\/p>\n<p>Estaremos encantados de seleccionar una gu\u00eda de la ciudad que sea adecuada para sus prop\u00f3sitos y que tenga las \u00e1reas de especializaci\u00f3n y los conocimientos ling\u00fc\u00edsticos pertinentes.&nbsp;<\/p>\n<h2 id=\"t-1594219921974\">\u00bfQu\u00e9 necesito saber antes de reservar?<\/h2>\n<h2 id=\"t-1670510337986\">Un idioma, una persona. Dos idiomas, dos personas.&nbsp;<\/h2>\n<p>El ingl\u00e9s es ahora el idioma comercial internacional indiscutible.<\/p>\n<p>Sin embargo, las traducciones precisas son indispensables, especialmente para la traducci\u00f3n de \u00e1reas especializadas, por ejemplo, un congreso m\u00e9dico, asuntos legales y eventos pol\u00edticos.<\/p>\n<p>Especialmente en situaciones importantes, deber\u00eda poder comunicarse en su mejor idioma.<\/p>\n<p>La tarea de expresarse en el idioma correcto la asume un int\u00e9rprete competente, que tambi\u00e9n est\u00e1 feliz de prestar juramento con las \u00e1reas de especializaci\u00f3n apropiadas.&nbsp;<\/p>\n<p>PragueTouristInformation.com es una ventanilla \u00fanica para organizar conferencias, eventos corporativos y reuniones con un int\u00e9rprete. Si lo desea, existe una sola persona de contacto para los int\u00e9rpretes, azafatas y todo el programa de apoyo, que se encarga de todos los pasos posteriores y est\u00e1 disponible para usted las 24 horas.<\/p>\n<p>Una consulta inicial gratuita para comprobar los requisitos es el primer paso.&nbsp;<\/p>\n<h3 id=\"t-1670510337987\">Procesamiento desde una sola fuente<\/h3>\n<ul>\n<li style=\"\"><span style=\"\"><strong>Soporte 24 horas:<\/strong> Durante la planificaci\u00f3n, preparaci\u00f3n e implementaci\u00f3n de eventos en Praga.&nbsp;<\/span><\/li>\n<li><span><strong>De una sola fuente:<\/strong> procesamiento completo con una persona de contacto, desde el hotel de la conferencia hasta los int\u00e9rpretes y el programa de apoyo.&nbsp;<\/span><\/li>\n<li><span><strong>Consulta inicial gratuita:<\/strong> Primer contacto con asesoramiento sobre las ofertas, evaluaci\u00f3n de necesidades y posibilidades en Praga. &nbsp;<\/span><\/li>\n<\/ul>\n<h2 style=\"text-align: center;\" id=\"t-1670510337988\">Consulta inicial gratuita<\/h2>\n<p style=\"text-align: center;\">Nos encantar\u00eda hablar sobre sus expectativas. El contacto es por tel\u00e9fono al&nbsp;<span data-attr-id=\"4\" data-extra_key=\"1\" data-option-inline=\"1\" data-shortcode=\"thrive_global_fields\" data-shortcode-name=\"[Company] Alternative phone number\"><\/span>, env\u00ede un correo electr\u00f3nico a <span data-attr-id=\"5\" data-extra_key=\"1\" data-option-inline=\"1\" data-shortcode=\"thrive_global_fields\" data-shortcode-name=\"[Company] Email address\" style=\"\">support@praguetouristinformation.com<\/span> o utilice el formulario de contacto.&nbsp;<\/p>\n","protected":false},"excerpt":{"rendered":"<p>Int\u00e9rpretes, azafatas y gu\u00edas de ciudad en Praga. Colocaci\u00f3n de int\u00e9rpretes jurados autorizados, azafatas y gu\u00edas de ciudad en todos los idiomas en Praga.&nbsp; Int\u00e9rpretes con experiencia Se requieren int\u00e9rpretes calificados con conocimientos especializados, especialmente para eventos en los sectores tecnol\u00f3gico, farmac\u00e9utico y de TI. Para garantizar que su evento sea todo un \u00e9xito, ofrecemos [&hellip;]<\/p>\n","protected":false},"author":6,"featured_media":2043,"parent":405,"menu_order":0,"comment_status":"closed","ping_status":"closed","template":"","meta":{"footnotes":""},"categories":[],"tags":[28],"class_list":["post-383","page","type-page","status-publish","has-post-thumbnail","hentry","tag-m-i-c-e","post-wrapper","thrv_wrapper"],"_links":{"self":[{"href":"https:\/\/praguetouristinformation.com\/es\/wp-json\/wp\/v2\/pages\/383","targetHints":{"allow":["GET"]}}],"collection":[{"href":"https:\/\/praguetouristinformation.com\/es\/wp-json\/wp\/v2\/pages"}],"about":[{"href":"https:\/\/praguetouristinformation.com\/es\/wp-json\/wp\/v2\/types\/page"}],"author":[{"embeddable":true,"href":"https:\/\/praguetouristinformation.com\/es\/wp-json\/wp\/v2\/users\/6"}],"replies":[{"embeddable":true,"href":"https:\/\/praguetouristinformation.com\/es\/wp-json\/wp\/v2\/comments?post=383"}],"version-history":[{"count":4,"href":"https:\/\/praguetouristinformation.com\/es\/wp-json\/wp\/v2\/pages\/383\/revisions"}],"predecessor-version":[{"id":4827,"href":"https:\/\/praguetouristinformation.com\/es\/wp-json\/wp\/v2\/pages\/383\/revisions\/4827"}],"up":[{"embeddable":true,"href":"https:\/\/praguetouristinformation.com\/es\/wp-json\/wp\/v2\/pages\/405"}],"wp:featuredmedia":[{"embeddable":true,"href":"https:\/\/praguetouristinformation.com\/es\/wp-json\/wp\/v2\/media\/2043"}],"wp:attachment":[{"href":"https:\/\/praguetouristinformation.com\/es\/wp-json\/wp\/v2\/media?parent=383"}],"wp:term":[{"taxonomy":"category","embeddable":true,"href":"https:\/\/praguetouristinformation.com\/es\/wp-json\/wp\/v2\/categories?post=383"},{"taxonomy":"post_tag","embeddable":true,"href":"https:\/\/praguetouristinformation.com\/es\/wp-json\/wp\/v2\/tags?post=383"}],"curies":[{"name":"wp","href":"https:\/\/api.w.org\/{rel}","templated":true}]}}