{"id":360,"date":"2020-09-04T07:14:55","date_gmt":"2020-09-04T07:14:55","guid":{"rendered":"https:\/\/praguetouristinformation.com\/es\/?page_id=360"},"modified":"2023-05-03T12:09:11","modified_gmt":"2023-05-03T12:09:11","slug":"salas-de-reuniones","status":"publish","type":"page","link":"https:\/\/praguetouristinformation.com\/es\/viaje-en-grupo\/salas-de-reuniones","title":{"rendered":"Sala de reuniones, sala de conferencias o sala de reuniones en Praga"},"content":{"rendered":"<h1 style=\"\">Sala de reuniones de servicio completo, sala de conferencias o sala de reuniones en Praga<\/h1>\n<p>Buscamos, reservamos y llevamos a cabo reuniones con todo el programa de apoyo en Praga<\/p>\n<h2 id=\"t-1670570537820\">\u00bfCu\u00e1l es la ubicaci\u00f3n correcta en Praga?<\/h2>\n<p>Somos el socio adecuado cuando se trata de organizar salas para grupos peque\u00f1os y eventos para m\u00e1s de 1000 participantes.&nbsp;<\/p>\n<p>Las salas son adecuadas para presentaciones, citas con clientes y cursos de formaci\u00f3n. Tambi\u00e9n se pueden utilizar para presentaciones de productos y eventos similares. Eso depende \u00fanicamente de sus necesidades individuales. &nbsp;<\/p>\n<p>A petici\u00f3n, podemos encargarnos de la reserva de servicio completo de salas de conferencias con todo el programa de apoyo.&nbsp;<\/p>\n<p>Es posible sentarse seg\u00fan las especificaciones. La tecnolog\u00eda est\u00e1ndar incluye rotafolios y conexiones para presentaciones. Las salas de conferencias en hoteles de 5 estrellas en particular cuentan con t\u00e9cnicos en el lugar para brindar apoyo con micr\u00f3fonos, tecnolog\u00eda de presentaci\u00f3n y el desarrollo del evento.<\/p>\n<p>En tiempos de distanciamiento social, tambi\u00e9n podemos conectar reuniones de equipo en l\u00ednea en diferentes ciudades. Si su empresa tiene varias oficinas, por ejemplo en Praga, Par\u00eds y San Francisco, esto no es un problema para nosotros Sus equipos simplemente se re\u00fanen en el sitio y est\u00e1n conectados en l\u00ednea.&nbsp;<\/p>\n<h3 id=\"t-1670570537821\">comida y catering<\/h3>\n<p>Como opci\u00f3n, se puede reservar una asignaci\u00f3n para comidas, por ejemplo, con desayuno y caf\u00e9 por la ma\u00f1ana, un buffet libre a la hora del almuerzo y un descanso para tomar caf\u00e9 por la tarde.<\/p>\n<p>El descorche no es un problema. \u00bfPrefieres traer tu propio vino, whisky o champ\u00e1n? Podemos encargarnos de eso.&nbsp;<\/p>\n<ul>\n<li style=\"\"><span><strong>soporte las 24 horas<\/strong><\/span><\/li>\n<li style=\"\"><span><strong>R\u00e9gimen todo incluido<\/strong><\/span><\/li>\n<li><span><strong>Liquidaci\u00f3n completa<\/strong><strong><\/strong><\/span><\/li>\n<\/ul>\n<h2 style=\"\" id=\"t-1670570537822\">Preguntas frecuentes antes de reservar<\/h2>\n<h2 style=\"text-align: center;\" id=\"t-1670570537823\">Encontramos la habitaci\u00f3n adecuada para cada ocasi\u00f3n.<\/h2>\n<p style=\"text-align: center;\">Hay una amplia gama de salas de conferencias, conferencias y reuniones para elegir para su evento en Praga.<\/p>\n<h3 style=\"\" id=\"t-1670570537824\">Primera sala de reuniones en Praga<\/h3>\n<p style=\"\">Las salas de conferencias est\u00e1n equipadas con los asientos deseados. Por regla general, las salas contienen toda la tecnolog\u00eda necesaria para conferencias o similares.<\/p>\n<p style=\"\">Si lo solicita, tambi\u00e9n podemos organizar el programa de apoyo, el catering en el lugar y los eventos del equipo despu\u00e9s o durante el evento.&nbsp;<\/p>\n<h3 style=\"\" id=\"t-1670570537825\">Segunda sala de conferencias en Praga<\/h3>\n<p style=\"\">Encontraremos la sala de conferencias adecuada para usted, independientemente de si se trata de una presentaci\u00f3n de productos, invitando a empleados de diferentes pa\u00edses o un congreso.&nbsp;<\/p>\n<p style=\"\">Como agencia de servicio completo, tambi\u00e9n nos complace ayudarlo a cuidar a los participantes, con <a href=\"https:\/\/praguetouristinformation.com\/es\/viaje-en-grupo\/traslado-ejecutivo\" style=\"outline: none;\">transferencias ejecutivas<\/a> , aprendices legales, <a href=\"https:\/\/praguetouristinformation.com\/es\/viaje-en-grupo\/catering\" style=\"outline: none;\">catering<\/a> y todo el programa de apoyo.<\/p>\n<h3 style=\"\" id=\"t-1670570537826\">3. Sala de reuniones en Praga<\/h3>\n<p style=\"\">Para su reuni\u00f3n en Praga, disponemos de instalaciones adecuadas en las inmediaciones de todos los lugares importantes.<\/p>\n<p>\u00bfLe gustar\u00eda organizar una reuni\u00f3n despu\u00e9s de una feria? \u00bfReservar un lugar para reuniones internas? \u00bfReunirse con sus representantes de ventas?<\/p>\n<p>\u00bfO est\u00e1 planeando un <a href=\"https:\/\/praguetouristinformation.com\/es\/viaje-en-grupo\/incentivos\" style=\"outline: none;\">incentivo<\/a> , un <a href=\"https:\/\/praguetouristinformation.com\/es\/viaje-en-grupo\/teambuilding\" style=\"outline: none;\">evento de formaci\u00f3n de equipos<\/a> o simplemente una reuni\u00f3n?<\/p>\n<p>Estaremos encantados de encontrar la sala de reuniones adecuada para usted.&nbsp;<\/p>\n<h2 id=\"t-1670570537827\">Consulta inicial gratuita y programa de apoyo<\/h2>\n<p>Nosotros en PragueTouristInformation.com estaremos encantados de encargarnos de todo el programa de apoyo a petici\u00f3n.<\/p>\n<p>Ya sea transporte, <a href=\"https:\/\/praguetouristinformation.com\/es\/hotel\" style=\"outline: none;\">hoteles<\/a> , catering, apoyo a ponentes, transfer ejecutivo, incentivos, <a href=\"https:\/\/praguetouristinformation.com\/es\/viaje-en-grupo\/interpretes\" style=\"outline: none;\">int\u00e9rpretes<\/a> para \u00e1reas especializadas o gu\u00edas tur\u00edsticos, con nuestro servicio completo cumplimos todos los deseos y necesidades.<\/p>\n<p>Tambi\u00e9n nos complace organizar eventos de equipo en salas cerradas despu\u00e9s de la conferencia para relajarse.<\/p>\n<p>Por supuesto, tambi\u00e9n es posible reservar salas de conferencias individuales, salas de conferencias y salas de reuniones.<\/p>\n<p>Le deseamos una conferencia exitosa y agradable en Praga.&nbsp;<\/p>\n<h3 id=\"t-1670570537828\">Sala de reuniones de servicio completo en Praga<\/h3>\n<ul>\n<li style=\"\"><span style=\"\"><strong>Una persona de contacto:<\/strong> con nosotros puede planificar todo el programa de soporte desde una sola fuente.&nbsp;<\/span><\/li>\n<li><span><strong>Condiciones especiales:<\/strong> Con 22 a\u00f1os de experiencia, disfrutamos de condiciones especiales, conocimientos t\u00e9cnicos y numerosos contactos en Praga.&nbsp;<\/span><\/li>\n<li><span><strong>Soporte 24 horas:<\/strong> desde la consulta hasta la implementaci\u00f3n, tiene las mismas personas de contacto que lo atienden. Nuestro soporte est\u00e1 disponible las 24 horas.&nbsp;<\/span><\/li>\n<\/ul>\n<h2 style=\"text-align: center;\" id=\"t-1670570537829\" data-hide=\"true\">Consulta inicial gratuita<\/h2>\n<p style=\"text-align: center;\">Nos encantar\u00eda hablar sobre sus expectativas. El contacto es por tel\u00e9fono al&nbsp;<span data-attr-id=\"4\" data-extra_key=\"1\" data-option-inline=\"1\" data-shortcode=\"thrive_global_fields\" data-shortcode-name=\"[Company] Alternative phone number\"><\/span>, correo electr\u00f3nico a <span data-attr-id=\"5\" data-extra_key=\"1\" data-option-inline=\"1\" data-shortcode=\"thrive_global_fields\" data-shortcode-name=\"[Company] Email address\">support@praguetouristinformation.com<\/span> o formulario de contacto posible.&nbsp;<\/p>\n","protected":false},"excerpt":{"rendered":"<p>Sala de reuniones de servicio completo, sala de conferencias o sala de reuniones en Praga Buscamos, reservamos y llevamos a cabo reuniones con todo el programa de apoyo en Praga \u00bfCu\u00e1l es la ubicaci\u00f3n correcta en Praga? Somos el socio adecuado cuando se trata de organizar salas para grupos peque\u00f1os y eventos para m\u00e1s de [&hellip;]<\/p>\n","protected":false},"author":6,"featured_media":2205,"parent":405,"menu_order":0,"comment_status":"closed","ping_status":"closed","template":"","meta":{"footnotes":""},"categories":[],"tags":[28],"class_list":["post-360","page","type-page","status-publish","has-post-thumbnail","hentry","tag-m-i-c-e","post-wrapper","thrv_wrapper"],"_links":{"self":[{"href":"https:\/\/praguetouristinformation.com\/es\/wp-json\/wp\/v2\/pages\/360","targetHints":{"allow":["GET"]}}],"collection":[{"href":"https:\/\/praguetouristinformation.com\/es\/wp-json\/wp\/v2\/pages"}],"about":[{"href":"https:\/\/praguetouristinformation.com\/es\/wp-json\/wp\/v2\/types\/page"}],"author":[{"embeddable":true,"href":"https:\/\/praguetouristinformation.com\/es\/wp-json\/wp\/v2\/users\/6"}],"replies":[{"embeddable":true,"href":"https:\/\/praguetouristinformation.com\/es\/wp-json\/wp\/v2\/comments?post=360"}],"version-history":[{"count":7,"href":"https:\/\/praguetouristinformation.com\/es\/wp-json\/wp\/v2\/pages\/360\/revisions"}],"predecessor-version":[{"id":4829,"href":"https:\/\/praguetouristinformation.com\/es\/wp-json\/wp\/v2\/pages\/360\/revisions\/4829"}],"up":[{"embeddable":true,"href":"https:\/\/praguetouristinformation.com\/es\/wp-json\/wp\/v2\/pages\/405"}],"wp:featuredmedia":[{"embeddable":true,"href":"https:\/\/praguetouristinformation.com\/es\/wp-json\/wp\/v2\/media\/2205"}],"wp:attachment":[{"href":"https:\/\/praguetouristinformation.com\/es\/wp-json\/wp\/v2\/media?parent=360"}],"wp:term":[{"taxonomy":"category","embeddable":true,"href":"https:\/\/praguetouristinformation.com\/es\/wp-json\/wp\/v2\/categories?post=360"},{"taxonomy":"post_tag","embeddable":true,"href":"https:\/\/praguetouristinformation.com\/es\/wp-json\/wp\/v2\/tags?post=360"}],"curies":[{"name":"wp","href":"https:\/\/api.w.org\/{rel}","templated":true}]}}