{"id":3348,"date":"2022-10-07T08:52:20","date_gmt":"2022-10-07T08:52:20","guid":{"rendered":"https:\/\/praguetouristinformation.com\/es\/?page_id=3348"},"modified":"2023-05-03T11:47:39","modified_gmt":"2023-05-03T11:47:39","slug":"audioguia-praga","status":"publish","type":"page","link":"https:\/\/praguetouristinformation.com\/es\/audioguia-praga","title":{"rendered":"3 Mejores audiogu\u00edas para descubrir Praga"},"content":{"rendered":"<h2 id=\"t-1665132787202\" data-hide=\"true\">\u00bfEst\u00e1s listo para descubrir Praga con tu tel\u00e9fono inteligente, siguiendo un recorrido de audio informativo y emocionante a trav\u00e9s de tus auriculares, como un podcast?<\/h2>\n<p>Hemos recopilado una <strong>lista de las mejores audiogu\u00edas<\/strong> que puedes descargar <strong>para explorar la ciudad de Praga a tu ritmo<\/strong> .<\/p>\n<p>Los recorridos de audio autoguiados son perfectos para aquellos que prefieren explorar la ciudad <strong>de forma individual y flexible . <\/strong>De hecho, hay muchas audiogu\u00edas sobre diferentes temas que puedes utilizar para conocer ciudades de todo el mundo.<\/p>\n<p>Descubre todo sobre las mejores audiogu\u00edas de Praga y c\u00f3mo descargarlas aqu\u00ed.<\/p>\n<h2 id=\"t-1665132787203\"><strong>\u00bfC\u00f3mo funciona YourMobileGuide?<\/strong><\/h2>\n<p>Con la ayuda de las funciones de geolocalizaci\u00f3n y GPS, se le <strong>guiar\u00e1 c\u00f3modamente a las estaciones de su recorrido<\/strong> , ya sea a pie, en bicicleta, en autob\u00fas, en tren o en coche. A medida que se acerque a la siguiente parada de su recorrido, el comentario de audio <strong>se reproducir\u00e1 autom\u00e1ticamente. <\/strong><strong>En el medio, puede comprar boletos con descuento<\/strong> y boletos sin colas de nuestros socios .<\/p>\n<p>Con el modo \u00abEscuchar en casa\u00bb de la app de la audiogu\u00eda, ya puedes reproducir el recorrido en casa como un podcast. De esta manera, aprender\u00e1 todo lo que necesita saber de antemano y podr\u00e1 <strong>planificar mejor<\/strong> su estad\u00eda en Praga .<\/p>\n<p>Ahora que sabemos c\u00f3mo funciona, echemos un vistazo a las mejores audiogu\u00edas de Praga:<\/p>\n<h2 id=\"t-1665132787204\"><strong>1. Tour de descubrimiento del Castillo de Praga<\/strong><\/h2>\n<p><span><img decoding=\"async\" alt=\"\" data-id=\"4160\" width=\"695\" data-init-width=\"1000\" height=\"464\" data-init-height=\"667\" title=\"Audiogu\u00eda del Castillo de Praga YourMobileGuide\" loading=\"lazy\" src=\"https:\/\/praguetouristinformation.com\/es\/wp-content\/uploads\/2022\/12\/Prague-Castle-Audio-Guides.jpg\" data-width=\"695\" data-height=\"464\" data-pinpro-key=\"abznvhh1n\"><\/span><\/p>\n<p>Experimente la historia de cerca mientras explora el majestuoso Castillo de Praga y los sitios circundantes m\u00e1s populares de Lesser Town. An\u00e9cdotas y hechos fascinantes lo acompa\u00f1ar\u00e1n en su incursi\u00f3n a trav\u00e9s del complejo de castillos cerrados m\u00e1s grande del mundo y, al mismo tiempo, el monumento m\u00e1s famoso de Praga.<\/p>\n<h2 id=\"t-1665132787205\"><strong>2. Lo m\u00e1s destacado del casco antiguo de Praga<\/strong><\/h2>\n<p><span><img decoding=\"async\" alt=\"\" data-id=\"4162\" width=\"695\" data-init-width=\"1000\" height=\"464\" data-init-height=\"667\" title=\"Audiogu\u00eda del casco antiguo de Praga YourMobileGuide\" loading=\"lazy\" src=\"https:\/\/praguetouristinformation.com\/es\/wp-content\/uploads\/2022\/12\/Prague-Old-town-Audio-Guide.jpg\" data-width=\"695\" data-height=\"464\" data-pinpro-key=\"fo8k6f6yb\"><\/span><\/p>\n<p>Deje que esta audiogu\u00eda lo lleve a los lugares de inter\u00e9s m\u00e1s importantes de los dos distritos de Praga, la Ciudad Vieja y el Barrio Jud\u00edo. Escuche emocionantes leyendas en el camino y descubra una u otra delicia culinaria.<\/p>\n<h2 id=\"t-1665132787206\"><strong>3. Gu\u00eda de viaje gratuita de Praga<\/strong><\/h2>\n<p><span><img decoding=\"async\" alt=\"\" data-id=\"4161\" width=\"695\" data-init-width=\"1000\" height=\"463\" data-init-height=\"666\" title=\"Gu\u00eda de la ciudad de Praga, gu\u00eda YourMobileGuide\" loading=\"lazy\" src=\"https:\/\/praguetouristinformation.com\/es\/wp-content\/uploads\/2022\/12\/Prague-City-Guide.jpg\" data-width=\"695\" data-height=\"463\" data-pinpro-key=\"6n9zkdem0\"><\/span><\/p>\n<p>Como bono especial, la aplicaci\u00f3n YourMobileGuide ofrece una gu\u00eda de viaje gratuita para Praga. Incluye las siguientes categor\u00edas: Principales lugares de inter\u00e9s, Actividades en clima lluvioso, Lugares rom\u00e1nticos, Restaurantes y bares, Inusual y \u00c9xitos para ni\u00f1os. Simplemente filtre seg\u00fan sus preferencias y obtenga informaci\u00f3n breve sobre las atracciones de Praga.<\/p>\n<p>Ahora ya conoces las mejores audiogu\u00edas para descargar en tu viaje a Praga. \u00a1Adem\u00e1s, aseg\u00farese de consultar los recorridos, las gu\u00edas de ciudades gratuitas y los mapas para pasar un buen rato en la capital checa!<\/p>\n","protected":false},"excerpt":{"rendered":"<p>\u00bfEst\u00e1s listo para descubrir Praga con tu tel\u00e9fono inteligente, siguiendo un recorrido de audio informativo y emocionante a trav\u00e9s de tus auriculares, como un podcast? Hemos recopilado una lista de las mejores audiogu\u00edas que puedes descargar para explorar la ciudad de Praga a tu ritmo . Los recorridos de audio autoguiados son perfectos para aquellos [&hellip;]<\/p>\n","protected":false},"author":6,"featured_media":4158,"parent":0,"menu_order":0,"comment_status":"closed","ping_status":"closed","template":"","meta":{"footnotes":""},"categories":[],"tags":[],"class_list":["post-3348","page","type-page","status-publish","has-post-thumbnail","hentry","post-wrapper","thrv_wrapper"],"_links":{"self":[{"href":"https:\/\/praguetouristinformation.com\/es\/wp-json\/wp\/v2\/pages\/3348","targetHints":{"allow":["GET"]}}],"collection":[{"href":"https:\/\/praguetouristinformation.com\/es\/wp-json\/wp\/v2\/pages"}],"about":[{"href":"https:\/\/praguetouristinformation.com\/es\/wp-json\/wp\/v2\/types\/page"}],"author":[{"embeddable":true,"href":"https:\/\/praguetouristinformation.com\/es\/wp-json\/wp\/v2\/users\/6"}],"replies":[{"embeddable":true,"href":"https:\/\/praguetouristinformation.com\/es\/wp-json\/wp\/v2\/comments?post=3348"}],"version-history":[{"count":7,"href":"https:\/\/praguetouristinformation.com\/es\/wp-json\/wp\/v2\/pages\/3348\/revisions"}],"predecessor-version":[{"id":4809,"href":"https:\/\/praguetouristinformation.com\/es\/wp-json\/wp\/v2\/pages\/3348\/revisions\/4809"}],"wp:featuredmedia":[{"embeddable":true,"href":"https:\/\/praguetouristinformation.com\/es\/wp-json\/wp\/v2\/media\/4158"}],"wp:attachment":[{"href":"https:\/\/praguetouristinformation.com\/es\/wp-json\/wp\/v2\/media?parent=3348"}],"wp:term":[{"taxonomy":"category","embeddable":true,"href":"https:\/\/praguetouristinformation.com\/es\/wp-json\/wp\/v2\/categories?post=3348"},{"taxonomy":"post_tag","embeddable":true,"href":"https:\/\/praguetouristinformation.com\/es\/wp-json\/wp\/v2\/tags?post=3348"}],"curies":[{"name":"wp","href":"https:\/\/api.w.org\/{rel}","templated":true}]}}