{"id":326,"date":"2020-09-03T13:39:25","date_gmt":"2020-09-03T13:39:25","guid":{"rendered":"https:\/\/praguetouristinformation.com\/es\/?page_id=326"},"modified":"2023-05-03T10:03:26","modified_gmt":"2023-05-03T10:03:26","slug":"recuerdos","status":"publish","type":"page","link":"https:\/\/praguetouristinformation.com\/es\/compras\/recuerdos","title":{"rendered":"18 Mejores recuerdos de Praga"},"content":{"rendered":"<h3>\u00bfQu\u00e9 ser\u00eda de unas vacaciones sin un recuerdo? \u00bfSin un recuerdo para tus seres queridos?<\/h3>\n<p>En Praga, la elecci\u00f3n es enorme, la abundancia inagotable. Ya sean souvenirs cl\u00e1sicos o tradicionales, aqu\u00ed puedes encontrar de todo.<\/p>\n<p><a data-id=\"247\" data-type=\"page\" href=\"https:\/\/praguetouristinformation.com\/es\/cosas-que-hacer\" style=\"outline: none;\">Como en cualquier ciudad, los monumentos y lugares<\/a> de inter\u00e9s de Praga est\u00e1n disponibles en todas sus formas como recuerdos. Ya sea como taza, plato, vaso, postal, p\u00f3ster, camiseta, bolso, im\u00e1n, navaja, llavero, puedes encontrar de todo.<\/p>\n<p>Pero tambi\u00e9n hay souvenirs que cuentan algo de Praga y son t\u00edpicos de la ciudad y del pa\u00eds.<\/p>\n<p>Hemos reunido algunas ideas de souvenirs para usted, algunas de las cuales tienen una historia interesante.<\/p>\n<h2 id=\"t-1670246161789\">1. granate bohemio<\/h2>\n<p><span><img decoding=\"async\" alt=\"\" data-id=\"4152\" width=\"885\" data-init-width=\"1000\" height=\"590\" data-init-height=\"667\" title=\"Recuerdo de granate bohemio de Praga, Rep\u00fablica Checa\" loading=\"lazy\" src=\"https:\/\/praguetouristinformation.com\/es\/wp-content\/uploads\/2022\/12\/Bohemian-Garnet-Souvenir-from-Prague-Czech-Republic.jpg\" data-width=\"885\" data-height=\"590\" data-pinpro-key=\"slxabh0gl\"><\/span><\/p>\n<p>El granate es una piedra semipreciosa que se ha utilizado en joyer\u00eda desde la antig\u00fcedad. El color del granate var\u00eda de tonos de verde a amarillo y naranja a rojo oscuro que parece casi negro, pero los granates rojos son los m\u00e1s conocidos.<\/p>\n<p>El granate es considerado la gema nacional checa. El llamado granate de Bohemia se distingue por su color rojo intenso, se encuentra \u00fanicamente en la regi\u00f3n de Bohemia y se exporta a todo el mundo.<\/p>\n<p>Se dice que ayuda con el dolor y fomenta pensamientos alegres y alegres.<\/p>\n<p>Preste atenci\u00f3n al certificado para que no obtenga una falsificaci\u00f3n.<\/p>\n<h2 id=\"t-1670246161790\">2. Porcelana Checa<\/h2>\n<p><span><img decoding=\"async\" alt=\"\" data-id=\"4147\" width=\"885\" data-init-width=\"1000\" height=\"590\" data-init-height=\"667\" title=\"Porcelana Checa de Praga Rep\u00fablica Checa\" loading=\"lazy\" src=\"https:\/\/praguetouristinformation.com\/es\/wp-content\/uploads\/2022\/12\/Czech-Porcelain-from-Prague-Czech-Republic.jpg\" data-width=\"885\" data-height=\"590\" data-pinpro-key=\"g0q84eleu\"><\/span><\/p>\n<p>La producci\u00f3n de porcelana comenz\u00f3 en la Rep\u00fablica Checa a finales del siglo XVIII. La primera porcelana checa se fabric\u00f3 cerca de Karlovy Vary, donde se extra\u00edan los recursos minerales necesarios para la producci\u00f3n de porcelana.<\/p>\n<p>Los motivos con el llamado patr\u00f3n de cebolla o flores, que est\u00e1n pintados principalmente en el tono azul tradicional, son particularmente conocidos. El motivo de los gansos checos dispuestos en parejas y decorados con lazos azules es muy popular.<\/p>\n<p>La porcelana rosa suele estar decorada con pan de oro y arreglos florales.<\/p>\n<p>La porcelana checa genuina no es barata y debe comprarse en una tienda de confianza, ya que tambi\u00e9n se venden muchas falsificaciones baratas.<\/p>\n<h2 id=\"t-1670246161791\">3. Cristal de Bohemia<\/h2>\n<p><span><img decoding=\"async\" alt=\"\" data-id=\"4143\" width=\"885\" data-init-width=\"1000\" height=\"590\" data-init-height=\"667\" title=\"Cristal de Bohemia de Praga, Rep\u00fablica Checa\" loading=\"lazy\" src=\"https:\/\/praguetouristinformation.com\/es\/wp-content\/uploads\/2022\/12\/Bohemian-Glass-from-Prague-Czech-Republic.jpg\" data-width=\"885\" data-height=\"590\" data-pinpro-key=\"0wmr44yax\"><\/span><\/p>\n<p>El vidrio de Bohemia se corta y graba a mano en muchas peque\u00f1as f\u00e1bricas de todo el pa\u00eds. Las ricas decoraciones hacen que el cristal de Bohemia sea \u00fanico. Adem\u00e1s de vasos y jarrones, tambi\u00e9n se fabrican candelabros y joyas con este material.<\/p>\n<p>El nombre cristal se usa en la Rep\u00fablica Checa para el vidrio fino de alta calidad que contiene una cierta cantidad de plomo. Esto hace que el cristal sea m\u00e1s f\u00e1cil de grabar y altamente reflectante.<\/p>\n<p>Moser Glas es uno de los productores m\u00e1s famosos de cristal de Bohemia. A diferencia de otros fabricantes, el vidrio Moser no contiene plomo. La tienda principal de Moser, elegantemente amueblada, se encuentra en el pasaje \u010cern\u00e1 R\u016f\u017ee en <a data-id=\"202\" data-type=\"page\" href=\"https:\/\/praguetouristinformation.com\/es\/compras\/centro-comercial\" style=\"outline: none;\">la calle Na P\u0159\u00edkop\u011b<\/a> y su interior recuerda m\u00e1s a un museo que a una tienda. Aqu\u00ed encontrar\u00e1 una gran selecci\u00f3n de vasos y objetos decorativos soplados a mano.<\/p>\n<p>Hay cinco f\u00e1bricas checas de vidrio y cristal cerca de Praga que se pueden visitar.<\/p>\n<p>Las tiendas de souvenirs de Praga ofrecen cristal de Bohemia de otros fabricantes.<\/p>\n<h2 id=\"t-1670246161792\">4. El peque\u00f1o topo<\/h2>\n<p><span><img decoding=\"async\" alt=\"\" data-id=\"4155\" width=\"885\" data-init-width=\"1000\" height=\"590\" data-init-height=\"667\" title=\"The Little Mole Souvenir de Praga Rep\u00fablica Checa\" loading=\"lazy\" src=\"https:\/\/praguetouristinformation.com\/es\/wp-content\/uploads\/2022\/12\/The-Little-Mole-Souvenir-from-Prague-Czech-Republic.jpg\" data-width=\"885\" data-height=\"590\" data-pinpro-key=\"1fytdn9w0\"><\/span><\/p>\n<p>Todo el mundo en Praga conoce al lindo chico negro con el babero gris y la nariz roja. Es amable y resuelve problemas desagradables con ingenio.&nbsp;El peque\u00f1o topo fue inventado en 1957 por el ilustrador de Praga Zden\u011bk Miler. Desde entonces se le ha visto en la televisi\u00f3n checa durante m\u00e1s de 50 a\u00f1os, durante m\u00e1s de 30 a\u00f1os como parte del \u00abShow mit der Maus im Deutsch\u00bb (El show alem\u00e1n del rat\u00f3n), y el personaje se ha dado a conocer en m\u00e1s de 80 pa\u00edses de todo el mundo. el mundo.<\/p>\n<p>Viene en todas las formas, como camiseta, peluche, bol\u00edgrafo, taza, delantal de cocina y mucho m\u00e1s.<\/p>\n<p>El peque\u00f1o topo, que se llama \u00abKrtek\u00bb en checo, es un bien cultural checo.<\/p>\n<h2 id=\"t-1670246161793\">5. T\u00edteres<\/h2>\n<p><span><img decoding=\"async\" alt=\"\" data-id=\"4154\" width=\"885\" data-init-width=\"1000\" height=\"591\" data-init-height=\"668\" title=\"T\u00edteres checos de Praga, Rep\u00fablica Checa\" loading=\"lazy\" src=\"https:\/\/praguetouristinformation.com\/es\/wp-content\/uploads\/2022\/12\/Czech-Puppets-From-Prague-Czech-Republic.jpg\" data-width=\"885\" data-height=\"591\" data-pinpro-key=\"j79wcyi22\"><\/span><\/p>\n<p>El Teatro de Marionetas de Praga gan\u00f3 fama mundial con las obras \u201cSpejbl y Hurvinek\u201d, representadas en 31 pa\u00edses y 21 idiomas. Con sus di\u00e1logos entre el padre Spejbl, muy seguro de s\u00ed mismo, y el hijo Hurv\u00ednek, que sacude el autoconvencimiento del padre con preguntas oportunas, las obras son una mezcla de humor grotesco y s\u00e1tira cotidiana.<\/p>\n<p>Las marionetas artesanales de madera o cart\u00f3n est\u00e1n destinadas m\u00e1s a adultos exigentes que a ni\u00f1os. Vienen en todos los tama\u00f1os y en una amplia gama de temas, desde brujas y demonios hasta dibujos animados, personajes literarios y figuras pol\u00edticas.<\/p>\n<p>En Praga dicen que no es el comprador quien elige la mu\u00f1eca, sino la mu\u00f1eca quien elige al comprador\u2026.<\/p>\n<h2 id=\"t-1670246161794\">6. Juguetes de madera &#8211; mu\u00f1ecas matryoshka<\/h2>\n<p><span><img decoding=\"async\" alt=\"\" data-id=\"4149\" width=\"885\" data-init-width=\"1000\" height=\"591\" data-init-height=\"668\" title=\"Mu\u00f1ecas Matryoshka de Praga Rep\u00fablica Checa\" loading=\"lazy\" src=\"https:\/\/praguetouristinformation.com\/es\/wp-content\/uploads\/2022\/12\/Matryoshka-Dolls-from-Prague-Czech-Republic.jpg\" data-width=\"885\" data-height=\"591\" data-pinpro-key=\"ubi2cg887\"><\/span><\/p>\n<p>La Rep\u00fablica Checa es famosa por sus juguetes y se considera el mayor exportador de juguetes de Europa. La tienda de juguetes m\u00e1s grande de Europa Central abri\u00f3 sus puertas en 2016 con Hamley&#8217;s en la calle Na P\u0159\u00edkop\u011b.<\/p>\n<p>Son especialmente conocidos los juguetes de madera de Praga, que se venden en numerosas tiendas de souvenirs y mercados semanales, como el Havel&#8217;s Market en el centro de Praga. La mu\u00f1eca matryoshka de anidaci\u00f3n es probablemente la m\u00e1s conocida, aunque en realidad es un juguete ruso.<\/p>\n<h2 id=\"t-1670246161795\">7. Afiche de Alfonso Mucha<\/h2>\n<p>Alfons Mucha (1860-1939) fue un cartelista, artista gr\u00e1fico, ilustrador, pintor y fot\u00f3grafo aficionado checo. En 1896, Alfons Mucha dise\u00f1\u00f3 un cartel para Sarah Bernhardt, una de las actrices m\u00e1s conocidas en Par\u00eds en ese momento, como la Dama de las camelias, que es ampliamente considerado como uno de los primeros aspectos destacados del arte del cartel Art Nouveau. Es considerado uno de los representantes destacados del Art Nouveau.<\/p>\n<p>En su \u00faltima fase cre\u00f3 una epopeya monumental sobre la historia de los pueblos eslavos, la Epopeya eslava, un ciclo que consta de 20 enormes pinturas de 1911 a 1928, que don\u00f3 a la ciudad de Praga despu\u00e9s de su finalizaci\u00f3n.<\/p>\n<p>Alfred Mucha es mejor conocido por sus carteles de mujeres hermosas, cuyas reproducciones se venden en toda Praga. En la tienda del museo del <a data-id=\"657\" data-type=\"page\" href=\"https:\/\/praguetouristinformation.com\/es\/cosas-que-hacer\/museos\/mucha\" style=\"outline: none;\">Museo Mucha<\/a> encontrar\u00e1s la mayor selecci\u00f3n.<\/p>\n<h2 id=\"t-1670246161796\">8. Libros<\/h2>\n<p><span><img decoding=\"async\" alt=\"\" data-id=\"4156\" width=\"885\" data-init-width=\"1000\" height=\"633\" data-init-height=\"715\" title=\"Libros de Praga, Rep\u00fablica Checa\" loading=\"lazy\" src=\"https:\/\/praguetouristinformation.com\/es\/wp-content\/uploads\/2022\/12\/Books-from-Prague-Czech-Republic.jpg\" data-width=\"885\" data-height=\"633\" data-pinpro-key=\"cx16yeunw\"><\/span><\/p>\n<p>La prosa checa se conoce mucho m\u00e1s all\u00e1 de las fronteras, incluidas las obras de Franz Kafka, Milan Kundera y Jaroslav Hasek, cuya novela m\u00e1s conocida es El buen soldado \u0160vejk.<\/p>\n<p>Muchas obras de la literatura checa conocida se pueden comprar en Praga en alem\u00e1n o ingl\u00e9s.<\/p>\n<p>Un bonito recuerdo para todos los invitados amantes de la literatura.<\/p>\n<h2 id=\"t-1670246161797\">9. M\u00fasica cl\u00e1sica<\/h2>\n<p><span><img decoding=\"async\" alt=\"\" data-id=\"4146\" width=\"885\" data-init-width=\"1000\" height=\"590\" data-init-height=\"667\" title=\"M\u00fasica Cl\u00e1sica De Praga Rep\u00fablica Checa\" loading=\"lazy\" src=\"https:\/\/praguetouristinformation.com\/es\/wp-content\/uploads\/2022\/12\/Classical-Music-From-Prague-Czech-Republic.jpg\" data-width=\"885\" data-height=\"590\" data-pinpro-key=\"0z1f4jxla\"><\/span><\/p>\n<p>Chequia ha producido algunos compositores famosos. El desarrollo de Bed\u0159ich Smetana hasta convertirse en un talento de clase mundial a mediados del siglo XVIII dio origen a un estilo nacional, el Antonin Dvo\u0159\u00e1k, estudi\u00f3 y un concurso de composici\u00f3n en 1875 por Johannes Brahms, y m\u00e1s tarde en el siglo XX Leo\u0161 Jan\u00e1\u010dek y Bohuslav Martin\u016f , quien comenz\u00f3 como compositor a la edad de 13 a\u00f1os.<\/p>\n<p>Los CD&#8217;s con las composiciones correspondientes son un buen recuerdo para todos los invitados amantes de la musica.<\/p>\n<h2 style=\"\">Recorridos a pie populares de Praga<\/h2>\n<p><!-- GetYourGuide Analytics -->[tcb-script async=\u00bb\u00bb defer=\u00bb\u00bb src=\u00bbhttps:\/\/widget.getyourguide.com\/dist\/pa.umd.production.min.js\u00bb data-gyg-partner-id=\u00bb0F6NPGN\u00bb][\/tcb-script]<\/p>\n<h2 id=\"t-1670246161798\">10. Cosm\u00e9ticos de cerveza<\/h2>\n<p><span><img decoding=\"async\" alt=\"\" data-id=\"4148\" width=\"885\" data-init-width=\"1000\" height=\"589\" data-init-height=\"666\" title=\"Cosm\u00e9ticos de cerveza de Praga Rep\u00fablica Checa\" loading=\"lazy\" src=\"https:\/\/praguetouristinformation.com\/es\/wp-content\/uploads\/2022\/12\/Beer-Cosmetics-from-Prague-Czech-Republic.jpg\" data-width=\"885\" data-height=\"589\" data-pinpro-key=\"19u2v4y6p\"><\/span><\/p>\n<p>Los cosmetics cerveceros aprovechan los efectos hidratantes, antis\u00e9pticos y antiinflamatorios de la levadura de cerveza y los extractos de l\u00fapulo sobre la piel humana. Las vitaminas contenidas en la cerveza, especialmente la vitamina B, respaldan este efecto positivo.<\/p>\n<p>Los champ\u00fas de cerveza y balsamos para el cabello, cremas de cerveza, sales de ba\u00f1o de cerveza y mucho m\u00e1s son ofrecidos principalmente por la marca l\u00edder de cosm\u00e9ticos checa Manufaktura. Aunque los productos contienen cerveza, no huelen a cerveza, sino que tienen un aroma \u00e1spero y ligeramente afrutado. Las tiendas de Manufaktura se pueden contrar en <a data-id=\"200\" data-type=\"page\" href=\"https:\/\/praguetouristinformation.com\/es\/compras\/centro-comercial\" style=\"outline: none;\">los centros comerciales<\/a> de Praga.<\/p>\n<h2 id=\"t-1670246161799\">11. Recuerdo de Kafka<\/h2>\n<p>Quienes vienen a Praga tambi\u00e9n visitan el Museo Kafka, que se encuentra directamente sobre el r\u00edo Vltava, muy cerca del Puente de Carlos. <a data-id=\"746\" data-type=\"page\" href=\"https:\/\/praguetouristinformation.com\/es\/cosas-que-hacer\/museos\/kafka\" style=\"outline: none;\">Franz Kafka<\/a> naci\u00f3 en Praga y pas\u00f3 la mayor parte de su vida aqu\u00ed. Su famosa obra \u201cLa Metamorfosis\u201d tambi\u00e9n fue creada en Praga.<\/p>\n<p>En el museo dedicado a \u00e9l puedes admirar fotos originales, cartas, diarios y mucho m\u00e1s, en la tienda de recuerdos del museo puedes encontrar copias de ellos, as\u00ed como varios recuerdos inspirados en Kafka.<\/p>\n<h2 id=\"t-1670246161800\">12. Ni\u00f1o Jes\u00fas de Praga<\/h2>\n<p><span><img decoding=\"async\" alt=\"\" data-id=\"4153\" width=\"885\" data-init-width=\"1000\" height=\"590\" data-init-height=\"667\" title=\"Praga Ni\u00f1o Jes\u00fas de Praga, Rep\u00fablica Checa\" loading=\"lazy\" src=\"https:\/\/praguetouristinformation.com\/es\/wp-content\/uploads\/2022\/12\/Prague-Jesulein-from-Prague-Czech-Republic.jpg\" data-width=\"885\" data-height=\"590\" data-pinpro-key=\"3ixq5y0ui\"><\/span><\/p>\n<p>El Ni\u00f1o Jes\u00fas de Praga es una de las im\u00e1genes milagrosas de Jes\u00fas m\u00e1s famosas a nivel mundial. La estatua de madera de 47 cent\u00edmetros de altura, que est\u00e1 cubierta con una capa de cera de colores, es obra de un artista desconocido y se encuentra en el Monasterio Carmelita de Praga. El ni\u00f1o Jes\u00fas se muestra a la edad de unos 3 a\u00f1os, bendiciendo con la mano derecha y sosteniendo el orbe con una cruz en la mano izquierda, s\u00edmbolo de la dominaci\u00f3n mundial.<\/p>\n<p>Las tiendas de souvenirs venden r\u00e9plicas de esta estatua en diferentes tama\u00f1os y dise\u00f1os.<\/p>\n<h2 id=\"t-1670246161801\">13. Obleas de Karlovy Vary<\/h2>\n<p><span><img decoding=\"async\" alt=\"\" data-id=\"4144\" width=\"885\" data-init-width=\"1000\" height=\"590\" data-init-height=\"667\" title=\"Obleas de Karlovy Vary, Praga Rep\u00fablica Checa\" loading=\"lazy\" src=\"https:\/\/praguetouristinformation.com\/es\/wp-content\/uploads\/2022\/12\/Karlovy-Vary-Wafers-Prague-Czech-Republic.jpg\" data-width=\"885\" data-height=\"590\" data-pinpro-key=\"lsetwlvzg\"><\/span><\/p>\n<p>La historia de las obleas checas tradicionales se remonta a 1856 cuando Karel Reitenberger comenz\u00f3 a producirlas a gran escala. Las finas obleas se cubren a mano con una capa igualmente fina de canela, az\u00facar, avellanas y vainilla. Tambi\u00e9n est\u00e1n disponibles con sabor a chocolate o vainilla y varios otros sabores.<\/p>\n<p>Las obleas Karlsberger son una especialidad tradicional checa y se venden frescas en puestos de souvenirs o envasadas en supermercados.<\/p>\n<h2 id=\"t-1670246161802\">14. Waffles cortos<\/h2>\n<p>Los gofres cortos son un tipo especial de gofres gigantes, los m\u00e1s famosos se producen en la ciudad balneario checa de Karlovy Vary, conocida por sus recursos termales.<\/p>\n<p>Los gofres cortos tienen al menos el tama\u00f1o de un plato y se venden en una variedad de sabores.<\/p>\n<h2 id=\"t-1670246161803\">15. cerveza<\/h2>\n<p><span><img decoding=\"async\" alt=\"Beer Bike, Praga, Rep\u00fablica Checa\" data-id=\"1337\" width=\"885\" data-init-width=\"1000\" height=\"590\" data-init-height=\"667\" title=\"Beer Bike, Praga, Rep\u00fablica Checa\" loading=\"lazy\" src=\"https:\/\/praguetouristinformation.com\/es\/wp-content\/uploads\/2020\/11\/Beer-Bike.jpg\" data-width=\"885\" data-height=\"590\" data-pinpro-key=\"rjbdonu8m\"><\/span><\/p>\n<p><a data-id=\"723\" data-type=\"page\" href=\"https:\/\/praguetouristinformation.com\/es\/restaurantes\/cerveza-checa\" style=\"outline: none;\">La cerveza<\/a> &#8211; Pivo &#8211; es considerada la bebida nacional en la Rep\u00fablica Checa. Con 159 litros por a\u00f1o, el consumo de cerveza per c\u00e1pita es el m\u00e1s alto del mundo. Gracias a marcas de renombre internacional como Budweiser y Pilsner Urquell, la cerveza checa es mundialmente conocida.<\/p>\n<p>Los grados que lees en la cerveza se refieren al mosto original: la cerveza de 10\u00b0 tiene alrededor de un 4% de alcohol, la cerveza de 12\u00b0 tiene alrededor de un 5% de alcohol.<\/p>\n<p>Una de las cervezas de Praga m\u00e1s famosas es Staropramen.<\/p>\n<h2 id=\"t-1670246161804\">16. Becherovka<\/h2>\n<p><span><img decoding=\"async\" alt=\"\" data-id=\"4150\" width=\"885\" data-init-width=\"1000\" height=\"590\" data-init-height=\"667\" title=\"Becherovka, Praga Rep\u00fablica Checa\" loading=\"lazy\" src=\"https:\/\/praguetouristinformation.com\/es\/wp-content\/uploads\/2022\/12\/Becherovka-Prague-Czech-Republic.jpg\" data-width=\"885\" data-height=\"590\" data-pinpro-key=\"u7f1f6qqo\"><\/span><\/p>\n<p>Becherovka es el famoso licor de hierbas de Karlovy Vary con alrededor de 38% de alcohol. El aguardiente amargo de hierbas verde-amarillo ha existido en esta forma durante m\u00e1s de 200 a\u00f1os. Lleva el nombre de su inventor Josef Vitus Becher, la receta es ultrasecreta, se puede degustar un poco de jengibre. La bebida a menudo se bebe sola y fria.<\/p>\n<h2 id=\"t-1670246161805\">17. Ausente<\/h2>\n<p><span><img decoding=\"async\" alt=\"\" data-id=\"4151\" width=\"885\" data-init-width=\"1000\" height=\"590\" data-init-height=\"667\" title=\"Absenta, Praga Rep\u00fablica Checa\" loading=\"lazy\" src=\"https:\/\/praguetouristinformation.com\/es\/wp-content\/uploads\/2022\/12\/Absinthe-Prague-Czech-Republic.jpg\" data-width=\"885\" data-height=\"590\" data-pinpro-key=\"vfp3e41bf\"><\/span><\/p>\n<p>La absenta, tambi\u00e9n conocida como ajenjo, tambi\u00e9n se llama \u00abEl hada verde\u00bb debido a su color verde brillante. La absenta est\u00e1 hecha de ajenjo, an\u00eds, hinojo y otras hierbas diferentes, adem\u00e1s de alcohol. La graduaci\u00f3n alcoh\u00f3lica suele ser muy alta, entre 45% y 89% de alcohol.<\/p>\n<p>Dado que su aroma completo solo se desarrolla en relaci\u00f3n con el agua, la absenta no se bebe pura, sino diluida con agua. Se dice que la absenta tiene un efecto euf\u00f3rico, embriagador y estimulante, que puede provocar alucinaciones si se consume en exceso.<\/p>\n<p>La ausencia es un bien cultural en la Rep\u00fablica Checa.<\/p>\n<h2 id=\"t-1670246161806\">18. Vinos checos<\/h2>\n<p><span><img decoding=\"async\" alt=\"\" data-id=\"4145\" width=\"885\" data-init-width=\"1000\" height=\"589\" data-init-height=\"665\" title=\"Vinos checos, Praga Rep\u00fablica Checa\" loading=\"lazy\" src=\"https:\/\/praguetouristinformation.com\/es\/wp-content\/uploads\/2022\/12\/Czech-Wines-Prague-Czech-Republic.jpg\" data-width=\"885\" data-height=\"589\" data-pinpro-key=\"6hd8ju1up\"><\/span><\/p>\n<p>La viticultura en la Rep\u00fablica Checa tiene una tradici\u00f3n milenaria. Se cultivan vinos dulces a secos, Moravia del Sur es la regi\u00f3n vin\u00edcola m\u00e1s importante del pa\u00eds. Entre otros hay vinos tintos como Svatovavrineck\u00e9 &#8211; St. Laurent y Frankovka &#8211; Blaufr\u00e4nkisch o vinos blancos como Ryzlink vla\u0161sk\u00fd &#8211; Welschriesling y Veltl\u00ednsk\u00e9 zelen\u00e9 &#8211; Gr\u00fcner Veltliner.<\/p>\n<p><strong>No olvide informarse sobre las normas de importaci\u00f3n y aduanas de su pa\u00eds antes de comprar alcohol.<\/strong><\/p>\n","protected":false},"excerpt":{"rendered":"<p>\u00bfQu\u00e9 ser\u00eda de unas vacaciones sin un recuerdo? \u00bfSin un recuerdo para tus seres queridos? En Praga, la elecci\u00f3n es enorme, la abundancia inagotable. Ya sean souvenirs cl\u00e1sicos o tradicionales, aqu\u00ed puedes encontrar de todo. Como en cualquier ciudad, los monumentos y lugares de inter\u00e9s de Praga est\u00e1n disponibles en todas sus formas como recuerdos. [&hellip;]<\/p>\n","protected":false},"author":6,"featured_media":2470,"parent":765,"menu_order":0,"comment_status":"open","ping_status":"closed","template":"","meta":{"footnotes":""},"categories":[],"tags":[30,34],"class_list":["post-326","page","type-page","status-publish","has-post-thumbnail","hentry","tag-lifestyle","tag-shopping","post-wrapper","thrv_wrapper"],"_links":{"self":[{"href":"https:\/\/praguetouristinformation.com\/es\/wp-json\/wp\/v2\/pages\/326","targetHints":{"allow":["GET"]}}],"collection":[{"href":"https:\/\/praguetouristinformation.com\/es\/wp-json\/wp\/v2\/pages"}],"about":[{"href":"https:\/\/praguetouristinformation.com\/es\/wp-json\/wp\/v2\/types\/page"}],"author":[{"embeddable":true,"href":"https:\/\/praguetouristinformation.com\/es\/wp-json\/wp\/v2\/users\/6"}],"replies":[{"embeddable":true,"href":"https:\/\/praguetouristinformation.com\/es\/wp-json\/wp\/v2\/comments?post=326"}],"version-history":[{"count":8,"href":"https:\/\/praguetouristinformation.com\/es\/wp-json\/wp\/v2\/pages\/326\/revisions"}],"predecessor-version":[{"id":4789,"href":"https:\/\/praguetouristinformation.com\/es\/wp-json\/wp\/v2\/pages\/326\/revisions\/4789"}],"up":[{"embeddable":true,"href":"https:\/\/praguetouristinformation.com\/es\/wp-json\/wp\/v2\/pages\/765"}],"wp:featuredmedia":[{"embeddable":true,"href":"https:\/\/praguetouristinformation.com\/es\/wp-json\/wp\/v2\/media\/2470"}],"wp:attachment":[{"href":"https:\/\/praguetouristinformation.com\/es\/wp-json\/wp\/v2\/media?parent=326"}],"wp:term":[{"taxonomy":"category","embeddable":true,"href":"https:\/\/praguetouristinformation.com\/es\/wp-json\/wp\/v2\/categories?post=326"},{"taxonomy":"post_tag","embeddable":true,"href":"https:\/\/praguetouristinformation.com\/es\/wp-json\/wp\/v2\/tags?post=326"}],"curies":[{"name":"wp","href":"https:\/\/api.w.org\/{rel}","templated":true}]}}