{"id":315,"date":"2020-09-03T13:17:39","date_gmt":"2020-09-03T13:17:39","guid":{"rendered":"https:\/\/praguetouristinformation.com\/es\/?page_id=315"},"modified":"2023-05-03T12:08:30","modified_gmt":"2023-05-03T12:08:30","slug":"teambuilding","status":"publish","type":"page","link":"https:\/\/praguetouristinformation.com\/es\/viaje-en-grupo\/teambuilding","title":{"rendered":"Los mejores eventos de team building en Praga"},"content":{"rendered":"<h1>El evento de team building adecuado en Praga<\/h1>\n<p>Ofrecemos lo adecuado para todos los gustos: todo es posible entre un barco de fiesta, un jard\u00edn de escalada y cursos de cocina.&nbsp;<\/p>\n<h2 id=\"t-1670570932900\">\u00bfQu\u00e9 evento de team building es adecuado para m\u00ed?<\/h2>\n<p>Con un tipo especial de evento de equipo, puede recompensar a sus empleados, motivarlos a largo plazo, mejorar el ambiente de trabajo e integrar a nuevos colegas en la empresa.&nbsp;<\/p>\n<p>La comunicaci\u00f3n personal no solo es importante en tiempos de r\u00e1pido movimiento, sino tambi\u00e9n para los empleados que est\u00e1n en la oficina en casa o sufren el estr\u00e9s diario.&nbsp;<\/p>\n<p>Junto con nuestros expertos, examinaremos sus deseos sin compromiso y le enviaremos una oferta adaptada a sus necesidades en un plazo de 24 a 48 horas. La organizaci\u00f3n de eventos adecuados es posible para grupos de todos los tama\u00f1os, incluidas las conferencias.&nbsp;<\/p>\n<h3 id=\"t-1670570932901\">agencia de servicio completo<\/h3>\n<p>Todo el programa de apoyo est\u00e1 disponible desde una sola fuente con PragueTouristInformation.com. Como agencia de servicio completo, podemos encargarnos de todo&nbsp; , desde el autob\u00fas desde el aeropuerto hasta el hotel y el <a href=\"https:\/\/praguetouristinformation.com\/es\/viaje-en-grupo\/catering\" style=\"outline: none;\">catering de la conferencia.<\/a><\/p>\n<ul>\n<li style=\"\"><span><strong>soporte las 24 horas<\/strong><\/span><\/li>\n<li style=\"\"><span><strong>Asesoramiento individual<\/strong><\/span><\/li>\n<li style=\"\"><span><strong>Programa de apoyo completo<\/strong><\/span><\/li>\n<\/ul>\n<h2 style=\"\" id=\"t-1670570932902\">\u00bfQu\u00e9 necesito saber antes de reservar?<\/h2>\n<h2 style=\"text-align: center;\" id=\"t-1670570932903\">\u00bfCl\u00e1sico o individual?<\/h2>\n<p style=\"text-align: center;\">Tambi\u00e9n estamos encantados de responder a solicitudes especiales. Aqu\u00ed est\u00e1n los 10 m\u00e1s vendidos en Praga:<\/p>\n<h3 style=\"\" id=\"t-1670570932904\">1er rally de la ciudad&nbsp;<\/h3>\n<p>Cl\u00e1sico o con GPS. Sigue las pistas, resuelve tareas dif\u00edciles y al mismo tiempo descubre la Ciudad Dorada de Praga. Busque al jefe secuestrado, puntos especiales de inter\u00e9s o el lugar del evento para cenar.&nbsp;<\/p>\n<h3 style=\"\" id=\"t-1670570932905\">2. Cata de cerveza<\/h3>\n<p>Sum\u00e9rgete en la legendaria <a href=\"https:\/\/praguetouristinformation.com\/es\/restaurantes\/cerveza-checa\" style=\"outline: none;\">cultura cervecera de la Rep\u00fablica Checa<\/a> . Conozca las mejores cervecer\u00edas y pubs de Praga mientras sus papilas gustativas experimentan la variedad de la cerveza checa.<\/p>\n<h3 style=\"\" id=\"t-1670570932906\">3.Juegos de escape<\/h3>\n<p>Este evento de equipo no solo promueve el esp\u00edritu de equipo y las habilidades combinadas de los empleados, gracias a los acertijos complicados y la competencia contrarreloj, tambi\u00e9n es un tipo especial de experiencia&#8230;<\/p>\n<h3 style=\"\" id=\"t-1670570932907\">4. Eventos de cocina<\/h3>\n<p>La cocina tradicional <a href=\"https:\/\/praguetouristinformation.com\/es\/restaurantes\/cocina-bohemia\" style=\"outline: none;\">checa<\/a> tiene mucho que ofrecer. Conozca la cocina bohemia en un delicioso evento de cocina en Praga. No s\u00f3lo despierta el hambre, sino tambi\u00e9n la cooperaci\u00f3n. El evento tambi\u00e9n es posible en sus propias salas de conferencias.<\/p>\n<h3 style=\"\" id=\"t-1670570932908\">5. Construcci\u00f3n de balsas<\/h3>\n<p>\u00a1Aqu\u00ed se requiere cohesi\u00f3n y comunicaci\u00f3n! Juntos siguen las instrucciones de su entrenador. Corona la experiencia con una regata en el Vltava, que incluye una ceremonia de entrega de premios&#8230;<\/p>\n<h3 style=\"\" id=\"t-1670570932909\">6. Minigolf<\/h3>\n<p>Mini-golf proporciona relajaci\u00f3n en la <a href=\"https:\/\/praguetouristinformation.com\/es\/viaje-en-grupo\/salas-de-reuniones\" style=\"outline: none;\">sala de conferencias . <\/a>Un juego es divertido y te aclara la cabeza para los pr\u00f3ximos temas de la conferencia.&nbsp;<\/p>\n<h3 style=\"\" id=\"t-1670570932910\">7. Karting<\/h3>\n<p>\u00a1Este evento por equipos ofrece pura adrenalina! Cualquiera que siempre haya querido sentirse piloto de F\u00f3rmula 1 ahora tiene la oportunidad de hacerlo. Gracias a los pasillos interiores, tampoco tienes que preocuparte por el mal tiempo.<\/p>\n<h3 style=\"\" id=\"t-1670570932911\">8. F\u00fatbol de burbujas<\/h3>\n<p>\u00a1El deporte de moda escandinavo con un alto factor de diversi\u00f3n! Envuelto en una bolsa de aire de cuerpo completo, el partido de f\u00fatbol puede comenzar. Tambi\u00e9n son posibles alternativas como \u00abLast Man Standing\u00bb, \u00abHuman Bowling\u00bb o \u00abSumo Battle\u00bb. El lema de este evento es: divi\u00e9rtete hasta que te canses&#8230;<\/p>\n<h3 style=\"\" id=\"t-1670570932912\">9. Misterio de asesinato<\/h3>\n<p>Evento de equipo con una diferencia. \u00bfQu\u00e9 tal una aventura de juego de crimen de acci\u00f3n en vivo donde cada compa\u00f1ero de trabajo asume un papel misterioso diferente? Numerosos escenarios emocionantes son concebibles. Lo cierto es que el hecho homicida ser\u00e1 recordado por su equipo durante mucho tiempo&#8230;<\/p>\n<h3 style=\"\" id=\"t-1670570932913\">10. Los cl\u00e1sicos<\/h3>\n<p>\u00bfkaraoke? parque de escalada? \u00bfPintar? \u00bfJuegos de la monta\u00f1a? bola de pintura? Por supuesto, podemos organizar todo eso. Tambi\u00e9n hay muchos otros posibles eventos de creaci\u00f3n de equipos individuales.&nbsp;<\/p>\n<h2 id=\"t-1670570932914\">El prop\u00f3sito de la formaci\u00f3n de equipos.<\/h2>\n<p>Especialmente en tiempos de vida acelerada, oficina en casa y trabajo diario ajetreado, a menudo no hay suficiente tiempo para conocer a los colegas y desarrollar un esp\u00edritu de equipo.&nbsp;<\/p>\n<p>Las relaciones necesitan ser nutridas.<\/p>\n<p>Los eventos de team building crean momentos inolvidables de creatividad y diversi\u00f3n conjunta. El esp\u00edritu de equipo asegura una buena comunicaci\u00f3n. Con el evento adecuado, los empleados reticentes tambi\u00e9n pueden integrarse en el grupo.<\/p>\n<p>\u00bfQuiz\u00e1s esto crear\u00e1 una nueva base para la discusi\u00f3n en la empresa? Un evento tambi\u00e9n afloja largas conferencias.&nbsp;<\/p>\n<p>Nos complace ayudarlo a elegir los eventos de creaci\u00f3n de equipos adecuados.&nbsp;<\/p>\n<h3 id=\"t-1670570932915\">De una sola fuente:<\/h3>\n<ul>\n<li style=\"\"><span style=\"\"><strong>Programa de apoyo completo:<\/strong> todo es posible , desde el transporte, comenzando con el autob\u00fas desde el aeropuerto, hasta <a href=\"https:\/\/praguetouristinformation.com\/es\/hotel\" style=\"outline: none;\">hoteles<\/a> , lugares para eventos y catering.&nbsp;<\/span><\/li>\n<li><span><strong>Soporte 24 horas:<\/strong> \u00bfEl evento dura hasta la madrugada? No hay problema. Durante su evento de formaci\u00f3n de equipos en Praga, estamos disponibles las 24 horas del d\u00eda, los 7 d\u00edas de la semana para todas las consultas posibles.&nbsp;<\/span><\/li>\n<li><span><strong>Asesoramiento individual:<\/strong> despu\u00e9s de la solicitud, le enviaremos una oferta adecuada dentro de las 24 a 48 horas posteriores al examen de sus deseos.&nbsp;<\/span><\/li>\n<\/ul>\n<h2 style=\"text-align: center;\" id=\"t-1670570932916\">Consulta inicial gratuita<\/h2>\n<p style=\"text-align: center;\">Nos encantar\u00eda hablar sobre sus expectativas. El contacto es por tel\u00e9fono al&nbsp;<span data-attr-id=\"4\" data-extra_key=\"1\" data-option-inline=\"1\" data-shortcode=\"thrive_global_fields\" data-shortcode-name=\"[Company] Alternative phone number\"><\/span>, correo electr\u00f3nico a <span data-attr-id=\"5\" data-extra_key=\"1\" data-option-inline=\"1\" data-shortcode=\"thrive_global_fields\" data-shortcode-name=\"[Company] Email address\">support@praguetouristinformation.com<\/span> o formulario de contacto posible.&nbsp;<\/p>\n","protected":false},"excerpt":{"rendered":"<p>El evento de team building adecuado en Praga Ofrecemos lo adecuado para todos los gustos: todo es posible entre un barco de fiesta, un jard\u00edn de escalada y cursos de cocina.&nbsp; \u00bfQu\u00e9 evento de team building es adecuado para m\u00ed? Con un tipo especial de evento de equipo, puede recompensar a sus empleados, motivarlos a [&hellip;]<\/p>\n","protected":false},"author":6,"featured_media":2227,"parent":405,"menu_order":0,"comment_status":"closed","ping_status":"closed","template":"","meta":{"footnotes":""},"categories":[],"tags":[28],"class_list":["post-315","page","type-page","status-publish","has-post-thumbnail","hentry","tag-m-i-c-e","post-wrapper","thrv_wrapper"],"_links":{"self":[{"href":"https:\/\/praguetouristinformation.com\/es\/wp-json\/wp\/v2\/pages\/315","targetHints":{"allow":["GET"]}}],"collection":[{"href":"https:\/\/praguetouristinformation.com\/es\/wp-json\/wp\/v2\/pages"}],"about":[{"href":"https:\/\/praguetouristinformation.com\/es\/wp-json\/wp\/v2\/types\/page"}],"author":[{"embeddable":true,"href":"https:\/\/praguetouristinformation.com\/es\/wp-json\/wp\/v2\/users\/6"}],"replies":[{"embeddable":true,"href":"https:\/\/praguetouristinformation.com\/es\/wp-json\/wp\/v2\/comments?post=315"}],"version-history":[{"count":6,"href":"https:\/\/praguetouristinformation.com\/es\/wp-json\/wp\/v2\/pages\/315\/revisions"}],"predecessor-version":[{"id":4828,"href":"https:\/\/praguetouristinformation.com\/es\/wp-json\/wp\/v2\/pages\/315\/revisions\/4828"}],"up":[{"embeddable":true,"href":"https:\/\/praguetouristinformation.com\/es\/wp-json\/wp\/v2\/pages\/405"}],"wp:featuredmedia":[{"embeddable":true,"href":"https:\/\/praguetouristinformation.com\/es\/wp-json\/wp\/v2\/media\/2227"}],"wp:attachment":[{"href":"https:\/\/praguetouristinformation.com\/es\/wp-json\/wp\/v2\/media?parent=315"}],"wp:term":[{"taxonomy":"category","embeddable":true,"href":"https:\/\/praguetouristinformation.com\/es\/wp-json\/wp\/v2\/categories?post=315"},{"taxonomy":"post_tag","embeddable":true,"href":"https:\/\/praguetouristinformation.com\/es\/wp-json\/wp\/v2\/tags?post=315"}],"curies":[{"name":"wp","href":"https:\/\/api.w.org\/{rel}","templated":true}]}}