{"id":2944,"date":"2021-01-12T16:35:41","date_gmt":"2021-01-12T16:35:41","guid":{"rendered":"https:\/\/praguetouristinformation.com\/es\/?page_id=2944"},"modified":"2024-10-21T12:45:56","modified_gmt":"2024-10-21T12:45:56","slug":"socios","status":"publish","type":"page","link":"https:\/\/praguetouristinformation.com\/es\/socios","title":{"rendered":"Socio de informaci\u00f3n tur\u00edstica de Praga"},"content":{"rendered":"<p><a href=\"https:\/\/www.dynamicwebsolutions.at\/\" target=\"_blank\" rel=\"noopener\"><span><img decoding=\"async\" alt=\"\" data-id=\"5834\" width=\"460\" data-init-width=\"1440\" height=\"77\" data-init-height=\"240\" title=\"Logotipo de Dynamic Web Solutions GmbH\" src=\"https:\/\/praguetouristinformation.com\/es\/wp-content\/uploads\/2021\/01\/Dynamic-Web-Solutions-GmbH-Logo.png\" data-width=\"460\" data-height=\"77\" style=\"aspect-ratio: auto 1440 \/ 240;\" loading=\"lazy\"><\/span><\/p>\n<h4>Dynamic Web Solutions GmbH<\/h4>\n<p>Socio de tecnolog\u00eda, SEO y dise\u00f1o web de PragueTouristInformation.com.&nbsp;<\/p>\n<p><\/a><a href=\"https:\/\/www.konpasu.de\/\" target=\"_blank\" rel=\"noopener\"><span><img decoding=\"async\" alt=\"\" data-id=\"5814\" width=\"368\" data-init-width=\"1440\" height=\"61\" data-init-height=\"240\" title=\"Logotipo de Konpasu.de\" src=\"https:\/\/praguetouristinformation.com\/es\/wp-content\/uploads\/2021\/01\/Konpasu-Logo15.png\" data-width=\"368\" data-height=\"61\" style=\"aspect-ratio: auto 1440 \/ 240;\" loading=\"lazy\"><\/span><\/p>\n<h4>Konpasu.de<\/h4>\n<p>Social Media, Influencer y Blogger socio de PragueTouristInformation.com.&nbsp;<\/p>\n<p><\/a><a href=\"https:\/\/www.travelgroup24.com\/\" target=\"_blank\" rel=\"noopener\"><span><img decoding=\"async\" alt=\"\" data-id=\"3422\" width=\"368\" data-init-width=\"1440\" height=\"61\" data-init-height=\"240\" title=\"Logotipo del grupo de viajes(1)\" src=\"https:\/\/praguetouristinformation.com\/es\/wp-content\/uploads\/2021\/01\/Travel-Group-Logo1.png\" data-width=\"368\" data-height=\"61\" style=\"aspect-ratio: auto 1440 \/ 240;\" loading=\"lazy\"><\/span><\/p>\n<h4>grupo de viaje<\/h4>\n<p>Gesti\u00f3n de destinos y operador mayorista para grupos de ocio y ferias.&nbsp;<\/p>\n<p><\/a><a href=\"https:\/\/most-amazing-places.com\" target=\"_blank\" rel=\"noopener\"><span><img decoding=\"async\" alt=\"\" data-id=\"4987\" width=\"126\" data-init-width=\"512\" height=\"126\" data-init-height=\"512\" title=\"MAP-LOGO-002 (3)\" src=\"https:\/\/praguetouristinformation.com\/es\/wp-content\/uploads\/2024\/05\/MAP-LOGO-002-3.png\" data-width=\"126\" data-height=\"126\" style=\"aspect-ratio: auto 512 \/ 512;\" loading=\"lazy\"><\/span><\/p>\n<h4>most-amazing-places.com<\/h4>\n<p>Most Amazing Places es una marca creada por apasionados profesionales de los viajes. Encuentra billetes de la mejor calidad al mejor precio, en todos los operadores online.<\/p>\n<p><\/a><\/p>\n<h2 style=\"text-align: center;\">Contacto de socios para empresas, agencias y organizaciones de viajes<\/h2>\n<h2 style=\"\">\u00bfC\u00f3mo podemos ayudar?<\/h2>\n<h3 style=\"\">1. Servicio de informaci\u00f3n<\/h3>\n<p style=\"\">Preguntas sobre la planificaci\u00f3n de viajes a Praga.&nbsp;<\/p>\n<h3 style=\"\">2. Servicio de reserva<\/h3>\n<p style=\"\">Reserva de hoteles, salas de reuniones, entradas, tours y gu\u00edas.<\/p>\n<h3 style=\"\">3. B2B y MICE<\/h3>\n<p style=\"\">Cooperaci\u00f3n con PragueTouristInformation.com y consultas sobre conferencias, eventos y ferias comerciales en Praga.&nbsp;<\/p>\n<h2 style=\"\">Parte de la Organizaci\u00f3n Mundial de Turismo<\/h2>\n<p><a href=\"https:\/\/paristouristinformation.fr\/\" target=\"_blank\" rel=\"noopener\"><span><img decoding=\"async\" alt=\"\" data-id=\"3414\" width=\"308\" data-init-width=\"1834\" height=\"109\" data-init-height=\"651\" title=\"Logotipo de informaci\u00f3n tur\u00edstica de Par\u00eds\" src=\"https:\/\/praguetouristinformation.com\/es\/wp-content\/uploads\/2021\/01\/Paris-Tourist-Information-Logo.png\" data-width=\"308\" data-height=\"109\" style=\"aspect-ratio: auto 1834 \/ 651;\" loading=\"lazy\"><\/span><\/p>\n<h4>ParisTouristInformation.fr<\/h4>\n<p>Sitio web de informaci\u00f3n tur\u00edstica de la capital francesa, Par\u00eds.&nbsp;<\/p>\n<p><\/a><a href=\"https:\/\/viennatouristinformation.com\/\" target=\"_blank\" rel=\"noopener\"><span><img decoding=\"async\" alt=\"\" data-id=\"2965\" width=\"368\" data-init-width=\"2126\" height=\"113\" data-init-height=\"651\" title=\"Logotipo de ViennaTouristInformation.com\" src=\"https:\/\/praguetouristinformation.com\/es\/wp-content\/uploads\/2021\/01\/ViennaTouristInformation.com-Logo.png\" data-width=\"368\" data-height=\"113\" style=\"aspect-ratio: auto 2126 \/ 651;\" loading=\"lazy\"><\/span><\/p>\n<h4>VienaTouristInformation.com<\/h4>\n<p>Sitio web de informaci\u00f3n tur\u00edstica de la capital de Austria, Viena.&nbsp;<\/p>\n<p><\/a><a href=\"https:\/\/antalyatouristinformation.com\" target=\"_blank\" rel=\"noopener\"><span><img decoding=\"async\" alt=\"\" data-id=\"4990\" width=\"248\" data-init-width=\"600\" height=\"74\" data-init-height=\"180\" title=\"AntalyaTouristInformation.com-Logo-2048x616\" src=\"https:\/\/praguetouristinformation.com\/es\/wp-content\/uploads\/2024\/05\/AntalyaTouristInformation.com-Logo-2048x616-1.png\" data-width=\"248\" data-height=\"74\" style=\"aspect-ratio: auto 600 \/ 180;\" loading=\"lazy\"><\/span><\/p>\n<h4>antalyatouristinformation.com<\/h4>\n<p>Web de informaci\u00f3n tur\u00edstica de la ciudad turca de Antalya<\/p>\n<p><\/a><a href=\"https:\/\/cappadociatouristinformation.gen.tr\" target=\"_blank\" rel=\"noopener\"><span><img decoding=\"async\" alt=\"\" data-id=\"4991\" width=\"296\" data-init-width=\"600\" height=\"65\" data-init-height=\"132\" title=\"CAPPADOCIA-TOURIST-INFO-LOGO copy\" src=\"https:\/\/praguetouristinformation.com\/es\/wp-content\/uploads\/2024\/05\/CAPPADOCIA-TOURIST-INFO-LOGO-copy.png\" data-width=\"296\" data-height=\"65\" style=\"aspect-ratio: auto 600 \/ 132;\" loading=\"lazy\"><\/span><\/p>\n<h4>cappadociatouristinformation.gen.tr<\/h4>\n<p>Sitio web de informaci\u00f3n tur\u00edstica de la regi\u00f3n turca de Capadocia.<\/p>\n<p><\/a><a href=\"https:\/\/italy-tourist-information.com\" target=\"_blank\" rel=\"noopener\"><span><img decoding=\"async\" alt=\"\" data-id=\"5022\" width=\"247\" data-init-width=\"440\" height=\"88\" data-init-height=\"156\" title=\"ITALY-TOURIST-INFO-LOGO\" src=\"https:\/\/praguetouristinformation.com\/es\/wp-content\/uploads\/2024\/10\/ITALY-TOURIST-INFO-LOGO.png\" data-width=\"247\" data-height=\"88\" style=\"aspect-ratio: auto 440 \/ 156;\" loading=\"lazy\"><\/span><\/p>\n<h4>Italy-Tourist-Information.com<\/h4>\n<p>Sitio web de informaci\u00f3n tur\u00edstica para todas las ciudades m\u00e1s populares de Italia<\/p>\n<p><\/a><a href=\"https:\/\/iceland-tourist-information.com\" target=\"_blank\" rel=\"noopener\"><span><img decoding=\"async\" alt=\"\" data-id=\"5021\" width=\"295\" data-init-width=\"568\" height=\"81\" data-init-height=\"156\" title=\"Iceland-Tourist-Information-Logo-2\" src=\"https:\/\/praguetouristinformation.com\/es\/wp-content\/uploads\/2024\/10\/Iceland-Tourist-Information-Logo-2.png\" data-width=\"295\" data-height=\"81\" style=\"aspect-ratio: auto 568 \/ 156;\" loading=\"lazy\"><\/span><\/p>\n<h4>Iceland-Tourist-Information.com<\/h4>\n<p>Sitio web de informaci\u00f3n tur\u00edstica para las ciudades y atracciones m\u00e1s populares de Islandia<\/p>\n<p><\/a><a href=\"https:\/\/new-york-tourist-information.com\" target=\"_blank\" rel=\"noopener\"><span><img decoding=\"async\" alt=\"\" data-id=\"5024\" width=\"247\" data-init-width=\"611\" height=\"63\" data-init-height=\"156\" title=\"NY-TOURIST-INFORMATION\" src=\"https:\/\/praguetouristinformation.com\/es\/wp-content\/uploads\/2024\/10\/NY-TOURIST-INFORMATION.png\" data-width=\"247\" data-height=\"63\" style=\"aspect-ratio: auto 611 \/ 156;\" loading=\"lazy\"><\/span><\/p>\n<h4>New-York-Tourist-Information.com<\/h4>\n<p>Sitio web de informaci\u00f3n tur\u00edstica para la Big Apple.<\/p>\n<p><\/a><a href=\"https:\/\/dubai-tourist-information.ae\" target=\"_blank\" rel=\"noopener\"><span><img decoding=\"async\" alt=\"\" data-id=\"5020\" width=\"295\" data-init-width=\"488\" height=\"94\" data-init-height=\"156\" title=\"DUBAI-TOURIST-INFORMATION\" src=\"https:\/\/praguetouristinformation.com\/es\/wp-content\/uploads\/2024\/10\/DUBAI-TOURIST-INFORMATION.png\" data-width=\"295\" data-height=\"94\" style=\"aspect-ratio: auto 488 \/ 156;\" loading=\"lazy\"><\/span><\/p>\n<h4>Dubai-Tourist-Information.ae<\/h4>\n<p>Sitio web de informaci\u00f3n tur\u00edstica para la ciudad de Dubai en los Emiratos \u00c1rabes Unidos<\/p>\n<p><\/a><a href=\"https:\/\/amsterdam-tourist-information.com\" target=\"_blank\" rel=\"noopener\"><span><img decoding=\"async\" alt=\"\" data-id=\"5025\" width=\"247\" data-init-width=\"674\" height=\"57\" data-init-height=\"156\" title=\"thumbnail_AMSTERDAM TOURIST INFO\" src=\"https:\/\/praguetouristinformation.com\/es\/wp-content\/uploads\/2024\/10\/thumbnail_AMSTERDAM-TOURIST-INFO.png\" data-width=\"247\" data-height=\"57\" style=\"aspect-ratio: auto 674 \/ 156;\" loading=\"lazy\"><\/span><\/p>\n<h4>Amsterdam-Tourist-Information.com<\/h4>\n<p>Sitio web de informaci\u00f3n tur\u00edstica para la ciudad de \u00c1msterdam en los Pa\u00edses Bajos<\/p>\n<p><\/a><a href=\"https:\/\/london-touristinformation.com\" target=\"_blank\" rel=\"noopener\"><span><img decoding=\"async\" alt=\"\" data-id=\"5023\" width=\"295\" data-init-width=\"534\" height=\"86\" data-init-height=\"156\" title=\"london TI\" src=\"https:\/\/praguetouristinformation.com\/es\/wp-content\/uploads\/2024\/10\/london-TI.png\" data-width=\"295\" data-height=\"86\" style=\"aspect-ratio: auto 534 \/ 156;\" loading=\"lazy\"><\/span><\/p>\n<h4>London-TourIstinformation.com<\/h4>\n<p>Sitio web de informaci\u00f3n tur\u00edstica para la ciudad de Londres en el Reino Unido<\/p>\n<p><\/a><a href=\"https:\/\/lisbontouristinformation.com\" target=\"_blank\" rel=\"noopener\"><span><img decoding=\"async\" alt=\"\" data-id=\"4992\" width=\"248\" data-init-width=\"600\" height=\"79\" data-init-height=\"192\" title=\"lisbon tourist information logo\" src=\"https:\/\/praguetouristinformation.com\/es\/wp-content\/uploads\/2024\/05\/lisbon-tourist-information-logo.png\" data-width=\"248\" data-height=\"79\" style=\"aspect-ratio: auto 600 \/ 192;\" loading=\"lazy\"><\/span><\/p>\n<h4>lisbontouristinformation.com<\/h4>\n<p>Web de informaci\u00f3n tur\u00edstica de la ciudad portuguesa de Lisboa<\/p>\n<p><\/a><a href=\"https:\/\/www.leblogdistanbul.com\" target=\"_blank\" rel=\"noopener\"><span><img decoding=\"async\" alt=\"\" data-id=\"4989\" width=\"296\" data-init-width=\"1517\" height=\"74\" data-init-height=\"381\" title=\"le blog dIstanbul\" src=\"https:\/\/praguetouristinformation.com\/es\/wp-content\/uploads\/2024\/05\/le-blog-dIstanbul.png\" data-width=\"296\" data-height=\"74\" style=\"aspect-ratio: auto 1517 \/ 381;\" loading=\"lazy\"><\/span><\/p>\n<h4>leblogdistanbul.com<\/h4>\n<p>\u00a1Ofrece toda la informaci\u00f3n para que tu estancia en Estambul sea inolvidable!<\/p>\n<p><\/a><a href=\"https:\/\/izmirtoantalya.com\" target=\"_blank\" rel=\"noopener\"><span><img decoding=\"async\" alt=\"\" data-id=\"4988\" width=\"370\" data-init-width=\"2560\" height=\"102\" data-init-height=\"705\" title=\"Izmir to Antalya logo\" src=\"https:\/\/praguetouristinformation.com\/es\/wp-content\/uploads\/2024\/05\/Izmir-to-Antalya-logo.jpeg\" data-width=\"370\" data-height=\"102\" style=\"aspect-ratio: auto 2560 \/ 705;\" loading=\"lazy\"><\/span><\/p>\n<h4>izmirtoantalya.com<\/h4>\n<p>El \u00fanico sitio web que te ayudar\u00e1 a viajar por la Riviera turca.<\/p>\n<p><\/a><a href=\"https:\/\/www.allaroundmalta.de\/\" target=\"_blank\" rel=\"noopener\"><span><img decoding=\"async\" alt=\"\" data-id=\"5837\" width=\"460\" data-init-width=\"1440\" height=\"77\" data-init-height=\"240\" title=\"Todo el logotipo de Malta(3)\" src=\"https:\/\/praguetouristinformation.com\/es\/wp-content\/uploads\/2021\/01\/All-Around-Malta-Logo3.png\" data-width=\"460\" data-height=\"77\" style=\"aspect-ratio: auto 1440 \/ 240;\" loading=\"lazy\"><\/span><\/p>\n<h4>AllAroundMalta.com<\/h4>\n<p>Entradas, tours e informaci\u00f3n sobre las Islas Maltesas.&nbsp;<\/p>\n<p><\/a><span><img decoding=\"async\" alt=\"\" data-id=\"3417\" width=\"298\" data-init-width=\"895\" height=\"80\" data-init-height=\"240\" title=\"Logotipo de la Organizaci\u00f3n Mundial de Turismo\" src=\"https:\/\/praguetouristinformation.com\/es\/wp-content\/uploads\/2021\/01\/Global-Tourist-Organization-Logo.jpg\" data-width=\"298\" data-height=\"80\" style=\"aspect-ratio: auto 895 \/ 240;\" loading=\"lazy\"><\/span><\/p>\n","protected":false},"excerpt":{"rendered":"<p>Dynamic Web Solutions GmbH Socio de tecnolog\u00eda, SEO y dise\u00f1o web de PragueTouristInformation.com.&nbsp; Konpasu.de Social Media, Influencer y Blogger socio de PragueTouristInformation.com.&nbsp; grupo de viaje Gesti\u00f3n de destinos y operador mayorista para grupos de ocio y ferias.&nbsp; most-amazing-places.com Most Amazing Places es una marca creada por apasionados profesionales de los viajes. Encuentra billetes de la [&hellip;]<\/p>\n","protected":false},"author":6,"featured_media":2824,"parent":0,"menu_order":0,"comment_status":"closed","ping_status":"closed","template":"","meta":{"footnotes":""},"categories":[],"tags":[],"class_list":["post-2944","page","type-page","status-publish","has-post-thumbnail","hentry","post-wrapper","thrv_wrapper"],"_links":{"self":[{"href":"https:\/\/praguetouristinformation.com\/es\/wp-json\/wp\/v2\/pages\/2944","targetHints":{"allow":["GET"]}}],"collection":[{"href":"https:\/\/praguetouristinformation.com\/es\/wp-json\/wp\/v2\/pages"}],"about":[{"href":"https:\/\/praguetouristinformation.com\/es\/wp-json\/wp\/v2\/types\/page"}],"author":[{"embeddable":true,"href":"https:\/\/praguetouristinformation.com\/es\/wp-json\/wp\/v2\/users\/6"}],"replies":[{"embeddable":true,"href":"https:\/\/praguetouristinformation.com\/es\/wp-json\/wp\/v2\/comments?post=2944"}],"version-history":[{"count":5,"href":"https:\/\/praguetouristinformation.com\/es\/wp-json\/wp\/v2\/pages\/2944\/revisions"}],"predecessor-version":[{"id":5026,"href":"https:\/\/praguetouristinformation.com\/es\/wp-json\/wp\/v2\/pages\/2944\/revisions\/5026"}],"wp:featuredmedia":[{"embeddable":true,"href":"https:\/\/praguetouristinformation.com\/es\/wp-json\/wp\/v2\/media\/2824"}],"wp:attachment":[{"href":"https:\/\/praguetouristinformation.com\/es\/wp-json\/wp\/v2\/media?parent=2944"}],"wp:term":[{"taxonomy":"category","embeddable":true,"href":"https:\/\/praguetouristinformation.com\/es\/wp-json\/wp\/v2\/categories?post=2944"},{"taxonomy":"post_tag","embeddable":true,"href":"https:\/\/praguetouristinformation.com\/es\/wp-json\/wp\/v2\/tags?post=2944"}],"curies":[{"name":"wp","href":"https:\/\/api.w.org\/{rel}","templated":true}]}}