{"id":288,"date":"2020-09-03T12:08:42","date_gmt":"2020-09-03T12:08:42","guid":{"rendered":"https:\/\/praguetouristinformation.com\/es\/?page_id=288"},"modified":"2023-05-03T12:10:00","modified_gmt":"2023-05-03T12:10:00","slug":"traslado-ejecutivo","status":"publish","type":"page","link":"https:\/\/praguetouristinformation.com\/es\/viaje-en-grupo\/traslado-ejecutivo","title":{"rendered":"Traslado ejecutivo en Praga: Limusina, autob\u00fas y seguridad"},"content":{"rendered":"<h1>Traslado Ejecutivo en Praga: Desde el Aeropuerto de Praga [PRG] y aeropuertos privados<\/h1>\n<p>Servicio confiable de limusina de tarifa fija las 24 horas en Praga.&nbsp;<\/p>\n<h2 id=\"t-1670569545988\" data-alt-text=\"Mit uns sind Sie in guten H\u00e4nden\">Traslado ejecutivo en Praga: con nosotros est\u00e1 en buenas manos<\/h2>\n<p>Cuando se trata del trato a los empleados, las empresas pueden diferenciarse positivamente.<\/p>\n<p>Estaremos encantados de organizar un traslado para usted desde el <a href=\"https:\/\/praguetouristinformation.com\/es\/plan\/llegar\/aeropuerto-vaclav-havel\" style=\"outline: none;\">aeropuerto V\u00e1clav Havel<\/a> de Praga [PRG], un aeropuerto privado, la estaci\u00f3n de tren, larga distancia, servicio de negocios o un lugar seleccionado individualmente.<\/p>\n<p>Garantizar un proceso fluido es la m\u00e1xima prioridad de nuestro servicio de limusina en Praga las 24 horas.&nbsp;<\/p>\n<p>PragueTouristInformation.com se ve a s\u00ed mismo como un socio competente para todos los asuntos relacionados con los viajes de negocios. Nos encargamos de todo, desde el traslado ejecutivo hasta el programa de apoyo con el <a href=\"https:\/\/praguetouristinformation.com\/es\/hotel\" style=\"outline: none;\">hotel de conferencias<\/a> .<\/p>\n<h3 id=\"t-1670569545989\">Servicio personalizado, limusinas exclusivas&nbsp;<\/h3>\n<p>Nuestros conductores profesionales le dar\u00e1n la bienvenida frente a la salida del aeropuerto con un traje y un cartel con su nombre.&nbsp;<\/p>\n<p style=\"\">\n<p>El conductor llevar\u00e1 su equipaje a nuestras limusinas equipadas con WiFi.&nbsp;<\/p>\n<ul>\n<li><span style=\"\"><strong><span style=\"\">Tarifas fijas<\/span><\/strong><strong><span style=\"\"><\/span><\/strong><strong><span style=\"\"><\/span><\/strong><\/span><\/li>\n<li style=\"\"><span style=\"\"><strong><span style=\"\">atenci\u00f3n al cliente las 24 horas<\/span><\/strong><\/span><\/li>\n<li style=\"\"><span style=\"\"><strong><span style=\"\"><\/span><\/strong><strong><span style=\"\">Transferencia confiable<\/span><\/strong><\/span><\/li>\n<\/ul>\n<h2 id=\"t-1670569545990\">\u00bfQu\u00e9 necesito saber antes de reservar?<\/h2>\n<h2 style=\"text-align: center;\" id=\"t-1670569545991\">nuestros bestsellers<\/h2>\n<p><a href=\"#\"><span><span>Instance 1<\/span><\/span><\/a><\/p>\n<h5 style=\"\">furgoneta de negocios<\/h5>\n<p>&nbsp;<span><img decoding=\"async\" alt=\"SERIE 5 BMW\" data-id=\"2630\" width=\"284\" data-init-width=\"300\" height=\"189\" data-init-height=\"200\" title=\"SERIE 5 BMW\" src=\"https:\/\/praguetouristinformation.com\/es\/wp-content\/uploads\/2020\/09\/5ER-BMW-1-300x200-1.jpg\" data-width=\"284\" data-height=\"189\" style=\"\" loading=\"lazy\" data-pin-media=\"https:\/\/praguetouristinformation.com\/es\/wp-content\/uploads\/2021\/02\/60.jpg\" data-pin-description=\"Executive Transfer in Prag: Limousine, Bus &amp; Security - Prague Tourist Information\" data-pin-url=\"https:\/\/praguetouristinformation.com\/es\/gruppenreise\/executive-transfer?tve=true&amp;tcbf=a654d9bcc3\"><\/span><\/p>\n<p><em>grupos empresariales<\/em><\/p>\n<p>fuera&nbsp;<\/p>\n<p>&nbsp;<\/p>\n<p>79,00\u20ac<\/p>\n<ul>\n<li><span>24 horas al dia<\/span><\/li>\n<li><span>m\u00e1ximo 8 pasajeros<\/span><\/li>\n<li><span>m\u00e1ximo 10 maletas<\/span><\/li>\n<li><span>ventanas tintadas<\/span><\/li>\n<li><span>Distancia entre ejes extralarga<\/span><\/li>\n<\/ul>\n<h5 style=\"\">Mercedes Clase E<\/h5>\n<p><span><img decoding=\"async\" alt=\"CLASE E MERCEDES\" data-id=\"2624\" width=\"284\" data-init-width=\"300\" height=\"189\" data-init-height=\"200\" title=\"CLASE E MERCEDES\" src=\"https:\/\/praguetouristinformation.com\/es\/wp-content\/uploads\/2020\/09\/E-KLASSE-MERCEDES-300x200-1.jpg\" data-width=\"284\" data-height=\"189\" style=\"\" loading=\"lazy\" data-pin-media=\"https:\/\/praguetouristinformation.com\/es\/wp-content\/uploads\/2021\/02\/60.jpg\" data-pin-description=\"Executive Transfer in Prag: Limousine, Bus &amp; Security - Prague Tourist Information\" data-pin-url=\"https:\/\/praguetouristinformation.com\/es\/gruppenreise\/executive-transfer?tve=true&amp;tcbf=a654d9bcc3\"><\/span><\/p>\n<p><em>clase de negocios<\/em><\/p>\n<p>fuera&nbsp;<\/p>\n<p>&nbsp;<\/p>\n<p>79,00\u20ac<\/p>\n<ul>\n<li><span>24 horas al dia<\/span><\/li>\n<li><span>m\u00e1ximo 4 pasajeros<\/span><\/li>\n<li><span>m\u00e1ximo 3 maletas<\/span><\/li>\n<li><span>ventanas tintadas<\/span><\/li>\n<li><span>4-matic, distancia entre ejes larga<\/span><\/li>\n<li><span>aire acondicionado<\/span><\/li>\n<\/ul>\n<h5 style=\"\">BMW serie 7<\/h5>\n<p><span><img decoding=\"async\" alt=\"SERIE 7 BMW\" data-id=\"2627\" width=\"284\" data-init-width=\"300\" height=\"189\" data-init-height=\"200\" title=\"SERIE 7 BMW\" src=\"https:\/\/praguetouristinformation.com\/es\/wp-content\/uploads\/2020\/09\/7ER-BMW-300x200-1.jpg\" data-width=\"284\" data-height=\"189\" style=\"\" loading=\"lazy\" data-pin-media=\"https:\/\/praguetouristinformation.com\/es\/wp-content\/uploads\/2021\/02\/60.jpg\" data-pin-description=\"Executive Transfer in Prag: Limousine, Bus &amp; Security - Prague Tourist Information\" data-pin-url=\"https:\/\/praguetouristinformation.com\/es\/gruppenreise\/executive-transfer?tve=true&amp;tcbf=a654d9bcc3\"><\/span><\/p>\n<p><em>primera clase<\/em><\/p>\n<p>fuera<\/p>\n<p>99,00 \u20ac<\/p>\n<ul>\n<li><span>24 horas al dia<\/span><\/li>\n<li><span>m\u00e1ximo 4 pasajeros<\/span><\/li>\n<li><span>m\u00e1ximo 3 maletas<\/span><\/li>\n<li><span>ventanas tintadas<\/span><\/li>\n<li><span>Conductor ejecutivo profesional<\/span><\/li>\n<\/ul>\n<h2 style=\"text-align: center;\" id=\"t-1670569545992\">\u00bfQu\u00e9 tipos de transferencia est\u00e1n disponibles?<\/h2>\n<p style=\"text-align: center;\">Desde limusinas hasta veh\u00edculos blindados y autobuses para grupos, tenemos el veh\u00edculo adecuado para sus prop\u00f3sitos. Adem\u00e1s, muchos de nuestros conductores tambi\u00e9n trabajan como guardaespaldas.<\/p>\n<h3 style=\"\" id=\"t-1670569545993\">1. Servicio de limusina<\/h3>\n<p>Ofrecemos limusinas exclusivas, desde el Mercedes Clase E hasta el BMW serie 5 y veh\u00edculos ecol\u00f3gicos con motor el\u00e9ctrico.<\/p>\n<p>Ninguno de los veh\u00edculos tiene m\u00e1s de tres a\u00f1os. Los veh\u00edculos tienen un equipamiento completo y se mantienen en un color oscuro. Pueden ser llamativos o reservados. Nos enfocamos completamente en sus deseos.<\/p>\n<h3 style=\"\" id=\"t-1670569545994\">2. Veh\u00edculos blindados<\/h3>\n<p>Nuestros conductores tambi\u00e9n incluyen a aquellos que trabajan para los miembros del Parlamento checo en Praga.&nbsp;<\/p>\n<p>Nos complace organizar veh\u00edculos con los est\u00e1ndares de seguridad adecuados y protecci\u00f3n personal adicional.&nbsp;<\/p>\n<h3 style=\"\" id=\"t-1670569545995\">3. Autobuses exclusivos o furgoneta ejecutiva para grupos<\/h3>\n<p>Para las delegaciones podemos organizar un traslado de grupo con autobuses o minibuses exclusivos. Con el mismo esp\u00edritu, los colegas tambi\u00e9n pueden explorar Praga con nuestro exclusivo traslado en autob\u00fas.&nbsp;<\/p>\n<p>Al seleccionar el autob\u00fas, nos enfocamos completamente en sus necesidades, por ejemplo, autobuses con vidrios polarizados y asientos de cuero.<\/p>\n<h2 id=\"t-1670569545996\" data-alt-text=\"Reibungsloser Ablauf mit VIP-Erfahrung\">Traslado ejecutivo en Praga: proceso sin complicaciones con experiencia VIP<\/h2>\n<p>Llegar a tiempo es de suma importancia para los VIP.<\/p>\n<p>Este factor es determinante para el buen desarrollo de conferencias, eventos y congresos. Nuestros ch\u00f3feres experimentados en Praga tambi\u00e9n dan la m\u00e1xima prioridad a la puntualidad.<\/p>\n<p>Como agencia de servicio completo, nos encargamos de todo el proceso en Praga. Con nosotros puede coordinar sus conferencias, eventos y viajes de negocios con una sola persona de contacto en el lugar. Incluso si su vuelo se retrasa, esto no es un problema para nuestro equipo competente. Posponemos el <a href=\"https:\/\/praguetouristinformation.com\/es\/viaje-en-grupo\/catering\" style=\"outline: none;\">catering<\/a> , nos ocupamos del sal\u00f3n o los <a href=\"https:\/\/praguetouristinformation.com\/es\/viaje-en-grupo\/incentivos\" style=\"outline: none;\">incentivos<\/a> planificados .&nbsp;<\/p>\n<p>Por supuesto, tambi\u00e9n son posibles las reservas individuales de traslados y servicios de limusina en Praga.&nbsp;<\/p>\n<p>Los veh\u00edculos se facturan a una tarifa fija por hora o d\u00eda. Autobuses exclusivos est\u00e1n disponibles en la ciudad para el traslado de <a href=\"https:\/\/praguetouristinformation.com\/es\/viaje-en-grupo\" target=\"_blank\" style=\"outline: none;\" rel=\"noopener\">grupos .<\/a><\/p>\n<p>Una consulta inicial gratuita con un examen de los requisitos es el primer paso para consultas especiales.&nbsp;<\/p>\n<h3 id=\"t-1670569545997\">Servicio completo de una sola fuente:<\/h3>\n<ul>\n<li style=\"\"><span style=\"\"><strong>Soporte 24 horas:<\/strong> Una persona de contacto durante la planificaci\u00f3n, preparaci\u00f3n e implementaci\u00f3n de eventos. Por supuesto, tambi\u00e9n tenemos una l\u00ednea directa 24\/7 para nuestra Transferencia Ejecutiva, por ejemplo, en caso de que un vuelo se retrase.&nbsp;<\/span><\/li>\n<li><span><strong>De una sola fuente:<\/strong> con nosotros solo tiene una persona de contacto en Praga que se encarga de todos los pasos posteriores. \u00bfSe pospone la conferencia? \u00bfEl vuelo llega m\u00e1s tarde? \u00bfLa transferencia es necesaria antes? No hay problema. Nos encargamos del procesamiento en el sitio.&nbsp;<\/span><\/li>\n<li><span><strong>Consulta inicial gratuita: \u00bf<\/strong> Est\u00e1 buscando un traslado especial en Praga o le gustar\u00eda una oferta completa para el manejo de eventos? El primer paso es una consulta inicial gratuita para revisar sus requisitos.<\/span><\/li>\n<\/ul>\n<h2 style=\"text-align: center;\" id=\"t-1670569545998\">Llamanos<\/h2>\n<p style=\"text-align: center;\">Nos encantar\u00eda hablar sobre sus expectativas. El contacto es por tel\u00e9fono al&nbsp;<span data-attr-id=\"4\" data-extra_key=\"1\" data-option-inline=\"1\" data-shortcode=\"thrive_global_fields\" data-shortcode-name=\"[Company] Alternative phone number\"><\/span>, env\u00ede un correo electr\u00f3nico a <span data-attr-id=\"5\" data-extra_key=\"1\" data-option-inline=\"1\" data-shortcode=\"thrive_global_fields\" data-shortcode-name=\"[Company] Email address\">support@praguetouristinformation.com<\/span> o utilice el formulario de contacto.&nbsp;<\/p>\n","protected":false},"excerpt":{"rendered":"<p>Traslado Ejecutivo en Praga: Desde el Aeropuerto de Praga [PRG] y aeropuertos privados Servicio confiable de limusina de tarifa fija las 24 horas en Praga.&nbsp; Traslado ejecutivo en Praga: con nosotros est\u00e1 en buenas manos Cuando se trata del trato a los empleados, las empresas pueden diferenciarse positivamente. Estaremos encantados de organizar un traslado para [&hellip;]<\/p>\n","protected":false},"author":6,"featured_media":2075,"parent":405,"menu_order":0,"comment_status":"closed","ping_status":"closed","template":"","meta":{"footnotes":""},"categories":[],"tags":[28],"class_list":["post-288","page","type-page","status-publish","has-post-thumbnail","hentry","tag-m-i-c-e","post-wrapper","thrv_wrapper"],"_links":{"self":[{"href":"https:\/\/praguetouristinformation.com\/es\/wp-json\/wp\/v2\/pages\/288","targetHints":{"allow":["GET"]}}],"collection":[{"href":"https:\/\/praguetouristinformation.com\/es\/wp-json\/wp\/v2\/pages"}],"about":[{"href":"https:\/\/praguetouristinformation.com\/es\/wp-json\/wp\/v2\/types\/page"}],"author":[{"embeddable":true,"href":"https:\/\/praguetouristinformation.com\/es\/wp-json\/wp\/v2\/users\/6"}],"replies":[{"embeddable":true,"href":"https:\/\/praguetouristinformation.com\/es\/wp-json\/wp\/v2\/comments?post=288"}],"version-history":[{"count":7,"href":"https:\/\/praguetouristinformation.com\/es\/wp-json\/wp\/v2\/pages\/288\/revisions"}],"predecessor-version":[{"id":4830,"href":"https:\/\/praguetouristinformation.com\/es\/wp-json\/wp\/v2\/pages\/288\/revisions\/4830"}],"up":[{"embeddable":true,"href":"https:\/\/praguetouristinformation.com\/es\/wp-json\/wp\/v2\/pages\/405"}],"wp:featuredmedia":[{"embeddable":true,"href":"https:\/\/praguetouristinformation.com\/es\/wp-json\/wp\/v2\/media\/2075"}],"wp:attachment":[{"href":"https:\/\/praguetouristinformation.com\/es\/wp-json\/wp\/v2\/media?parent=288"}],"wp:term":[{"taxonomy":"category","embeddable":true,"href":"https:\/\/praguetouristinformation.com\/es\/wp-json\/wp\/v2\/categories?post=288"},{"taxonomy":"post_tag","embeddable":true,"href":"https:\/\/praguetouristinformation.com\/es\/wp-json\/wp\/v2\/tags?post=288"}],"curies":[{"name":"wp","href":"https:\/\/api.w.org\/{rel}","templated":true}]}}