{"id":2650,"date":"2020-12-04T13:20:42","date_gmt":"2020-12-04T13:20:42","guid":{"rendered":"https:\/\/praguetouristinformation.com\/es\/?page_id=2650"},"modified":"2023-05-03T09:59:35","modified_gmt":"2023-05-03T09:59:35","slug":"servicio-de-informacion","status":"publish","type":"page","link":"https:\/\/praguetouristinformation.com\/es\/contacto\/servicio-de-informacion","title":{"rendered":"Info-Service Praga: Apoyo a los viajeros"},"content":{"rendered":"<h1 style=\"text-align: left; font-size: 18px !important;\"><span style=\"font-weight: normal;\">\u00bfPlaneando un viaje a Praga?<\/span><\/h1>\n<h1 style=\"text-align: left;\">Servicio de informaci\u00f3n para viajes<\/h1>\n<p style=\"text-align: left;\">\u00bfEst\u00e1 buscando informaci\u00f3n general que no est\u00e1 disponible en nuestro sitio? Estamos encantados de proporcionar respuestas cuando sea posible.&nbsp;<\/p>\n<p><span style=\"\"><a href=\"https:\/\/praguetouristinformation.com\/es\/wp-content\/uploads\/2020\/12\/Influencers-2-2.jpg\"><img decoding=\"async\" alt=\"Info Service Praga Apoyo a los viajeros\" data-id=\"2841\" title=\"Info Service Praga Apoyo a los viajeros\" src=\"https:\/\/praguetouristinformation.com\/es\/wp-content\/uploads\/2020\/12\/Info-Service-Prag-Support-fuer-Reisende.jpg\" style=\"\" ml-d=\"0\" data-width=\"480\" data-height=\"252\" data-init-width=\"1200\" data-init-height=\"630\" mt-d=\"0\" width=\"480\" height=\"252\" data-link-wrap=\"true\" loading=\"lazy\"><\/a><\/span><\/p>\n<p style=\"text-align: center;\">P\u00f3ngase en contacto con <em>support@praguetouristinformation.com<\/em> o formulario.<\/p>\n<h2 style=\"\">\u00bfC\u00f3mo podemos ayudar?<\/h2>\n<h3 style=\"\">1. Planificaci\u00f3n de viajes<\/h3>\n<p style=\"\">Estamos encantados de ayudar con las preguntas sobre la planificaci\u00f3n de viajes. Por favor, simplemente escriba la solicitud con el formulario de contacto.&nbsp;<\/p>\n<h3 style=\"\">2. Contacto B2B<\/h3>\n<p style=\"\">Informes de los medios de comunicaci\u00f3n, contacto para operadores tur\u00edsticos, agencias de viajes.&nbsp;<\/p>\n<h3 style=\"\">3. Programa marco<\/h3>\n<p style=\"\">Planificaci\u00f3n de viajes en grupo desde una \u00fanica fuente con el completo programa de apoyo o servicios individuales.&nbsp;<\/p>\n<h2 style=\"text-align: center;\">Contacto para otras consultas<\/h2>\n<p style=\"text-align: center;\">Las consultas de cooperaci\u00f3n de los medios de comunicaci\u00f3n, operadores tur\u00edsticos, aerol\u00edneas, medios de comunicaci\u00f3n, televisi\u00f3n, peri\u00f3dicos y empresas se pueden realizar a trav\u00e9s de nuestro formulario de contacto.&nbsp;<\/p>\n","protected":false},"excerpt":{"rendered":"<p>\u00bfPlaneando un viaje a Praga? Servicio de informaci\u00f3n para viajes \u00bfEst\u00e1 buscando informaci\u00f3n general que no est\u00e1 disponible en nuestro sitio? Estamos encantados de proporcionar respuestas cuando sea posible.&nbsp; P\u00f3ngase en contacto con support@praguetouristinformation.com o formulario. \u00bfC\u00f3mo podemos ayudar? 1. Planificaci\u00f3n de viajes Estamos encantados de ayudar con las preguntas sobre la planificaci\u00f3n de viajes. [&hellip;]<\/p>\n","protected":false},"author":6,"featured_media":2841,"parent":2605,"menu_order":0,"comment_status":"closed","ping_status":"closed","template":"","meta":{"footnotes":""},"categories":[],"tags":[29],"class_list":["post-2650","page","type-page","status-publish","has-post-thumbnail","hentry","tag-kontakt","post-wrapper","thrv_wrapper"],"_links":{"self":[{"href":"https:\/\/praguetouristinformation.com\/es\/wp-json\/wp\/v2\/pages\/2650","targetHints":{"allow":["GET"]}}],"collection":[{"href":"https:\/\/praguetouristinformation.com\/es\/wp-json\/wp\/v2\/pages"}],"about":[{"href":"https:\/\/praguetouristinformation.com\/es\/wp-json\/wp\/v2\/types\/page"}],"author":[{"embeddable":true,"href":"https:\/\/praguetouristinformation.com\/es\/wp-json\/wp\/v2\/users\/6"}],"replies":[{"embeddable":true,"href":"https:\/\/praguetouristinformation.com\/es\/wp-json\/wp\/v2\/comments?post=2650"}],"version-history":[{"count":6,"href":"https:\/\/praguetouristinformation.com\/es\/wp-json\/wp\/v2\/pages\/2650\/revisions"}],"predecessor-version":[{"id":4785,"href":"https:\/\/praguetouristinformation.com\/es\/wp-json\/wp\/v2\/pages\/2650\/revisions\/4785"}],"up":[{"embeddable":true,"href":"https:\/\/praguetouristinformation.com\/es\/wp-json\/wp\/v2\/pages\/2605"}],"wp:featuredmedia":[{"embeddable":true,"href":"https:\/\/praguetouristinformation.com\/es\/wp-json\/wp\/v2\/media\/2841"}],"wp:attachment":[{"href":"https:\/\/praguetouristinformation.com\/es\/wp-json\/wp\/v2\/media?parent=2650"}],"wp:term":[{"taxonomy":"category","embeddable":true,"href":"https:\/\/praguetouristinformation.com\/es\/wp-json\/wp\/v2\/categories?post=2650"},{"taxonomy":"post_tag","embeddable":true,"href":"https:\/\/praguetouristinformation.com\/es\/wp-json\/wp\/v2\/tags?post=2650"}],"curies":[{"name":"wp","href":"https:\/\/api.w.org\/{rel}","templated":true}]}}