{"id":264,"date":"2020-09-03T10:10:46","date_gmt":"2020-09-03T10:10:46","guid":{"rendered":"https:\/\/praguetouristinformation.com\/es\/?page_id=264"},"modified":"2023-05-03T12:06:28","modified_gmt":"2023-05-03T12:06:28","slug":"catering","status":"publish","type":"page","link":"https:\/\/praguetouristinformation.com\/es\/viaje-en-grupo\/catering","title":{"rendered":"Catering para ferias, eventos y grandes celebraciones privadas en Praga"},"content":{"rendered":"<h1 style=\"\">Catering para ferias, eventos y grandes celebraciones privadas en Praga<\/h1>\n<p>Planificamos el catering adecuado en Praga. Despu\u00e9s de su solicitud, verificaremos sus deseos y le enviaremos una oferta no vinculante.&nbsp;<\/p>\n<h2>\u00bfQue es posible?<\/h2>\n<p>Hay muchas opciones para su evento en Praga. Como parte de su catering, podemos organizar desde un buffet caliente, un men\u00fa o servicio en la mesa hasta bocadillos.<\/p>\n<p>Tambi\u00e9n podemos organizar la cuberter\u00eda, el ambiente (por ejemplo, con sillas) y el personal de servicio.&nbsp;<\/p>\n<p>Puedes llevar tus propias bebidas contigo o dejar que te las organicemos. Tambi\u00e9n tenemos un mezclador de c\u00f3cteles, podemos seleccionar un DJ, configurar un sal\u00f3n de whisky, programar un concierto cl\u00e1sico o m\u00fasica en vivo para usted.&nbsp;<\/p>\n<p>La reserva es posible para ferias comerciales, las instalaciones de su propia empresa o un lugar reservado para eventos en Praga.&nbsp;<\/p>\n<p>Para un catering de calidad, trabajamos con los mejores restaurantes, pasteler\u00edas y chocolater\u00edas de Praga. Tambi\u00e9n nos complace organizar mezcladores de c\u00f3cteles o un sal\u00f3n de whisky e implementar solicitudes inusuales.<\/p>\n<p>\u00bfTe gustar\u00eda que tu buffet fuera vegano, vegetariano, halal, kosher o bajo en carbohidratos? Esto no es un problema para nuestro competente equipo, encontraremos el catering a la medida de sus necesidades.<\/p>\n<p><strong>Info:<\/strong> Si lo desea, reenviaremos todo lo que quede del catering a una organizaci\u00f3n ben\u00e9fica local.&nbsp;<\/p>\n<h3>agencia de servicio completo<\/h3>\n<p>Como agencia de servicio completo, PragueTouristInformation.com tambi\u00e9n se complace en encargarse de todo el programa de apoyo.<\/p>\n<p>A petici\u00f3n organizamos el catering, el autob\u00fas al lugar, <a href=\"https:\/\/praguetouristinformation.com\/es\/hoteles\" style=\"outline: none;\">hoteles<\/a> , incentivos, <a href=\"https:\/\/praguetouristinformation.com\/es\/viaje-en-grupo\/interpretes\" style=\"outline: none;\">int\u00e9rpretes<\/a> , gu\u00edas tur\u00edsticos y restaurantes.&nbsp;<\/p>\n<p>Para una conclusi\u00f3n espectacular de su evento, estaremos encantados de organizar emocionantes espect\u00e1culos para relajarse. Para ello estamos en contacto con tragafuegos, domadores, adivinos, magos, DJs&#8230;<\/p>\n<ul>\n<li style=\"\"><span><strong>soporte las 24 horas<\/strong><\/span><\/li>\n<li style=\"\"><span><strong><strong>Kosher, halal a vegano<\/strong><\/strong><\/span><\/li>\n<li style=\"\"><span><strong>Programa de apoyo completo<\/strong><\/span><\/li>\n<\/ul>\n<h2 style=\"\">Preguntas frecuentes antes de reservar:<\/h2>\n<h2 style=\"text-align: center;\">Tenemos el catering adecuado<\/h2>\n<p style=\"text-align: center;\">Nuestras ofertas de catering para cada ocasi\u00f3n se pueden encontrar aqu\u00ed. Tambi\u00e9n nos complace transmitir deseos individuales para su evento en Praga.&nbsp;<\/p>\n<h3>1. Catering para eventos corporativos en Praga<\/h3>\n<p>Nos complace encargarnos del catering de su evento de empresa y convertirlo en una experiencia duradera <em>&nbsp;<\/em>para sus empleados, invitados y visitantes del evento.&nbsp;<\/p>\n<p>Puede optar por llevar a cabo su catering en las instalaciones de su propia empresa, en la feria comercial o en otro lugar del evento en Praga. A petici\u00f3n, podemos encargarnos de todo el proceso, desde el catering hasta el <a href=\"https:\/\/praguetouristinformation.com\/es\/viaje-en-grupo\/traslado-ejecutivo\" style=\"outline: none;\">traslado<\/a> y el programa de apoyo.&nbsp;<\/p>\n<h3>2. Catering para ferias en Praga<\/h3>\n<p>Si desea atender a sus propios empleados o visitantes del stand, somos el contacto adecuado. Con nuestro catering para ferias inspirar\u00e1 tanto a su personal como a los visitantes de su stand.&nbsp;<\/p>\n<p>Como regla general, las ferias comerciales a menudo toman mucho tiempo. Nos encargamos del catering adecuado para sus empleados. Los peque\u00f1os refrigerios son una excelente manera de relajarse en el stand.<\/p>\n<p>Los eventos feriales son un testaferro. En PragueTouristInformation.com ofrecemos el catering adecuado para una exitosa aparici\u00f3n en la feria.&nbsp;<\/p>\n<h3>3. Grandes eventos privados en Praga<\/h3>\n<p>\u00bfEst\u00e1 planeando una boda, un 50 cumplea\u00f1os, un aniversario u otra gran celebraci\u00f3n privada?&nbsp;<\/p>\n<p>Independientemente de la ocasi\u00f3n, PragueTouristInformation.com es su socio competente para grandes eventos privados en Praga.&nbsp;<\/p>\n<p>Tambi\u00e9n nos complace ayudar con toda la organizaci\u00f3n, desde el catering hasta la transferencia y el programa de apoyo.&nbsp;<\/p>\n<h2>Planificamos el catering adecuado:<\/h2>\n<p>Junto con nuestros especialistas, ponemos en pr\u00e1ctica sus ideas al m\u00e1s alto nivel y planificamos el catering a la medida de sus necesidades. Durante una consulta inicial gratuita, examinaremos juntos sus deseos y le enviaremos una oferta adecuada en un plazo de 24 a 48 horas.&nbsp;<\/p>\n<p>Le invitamos a hacer uso de nuestra gama completa de servicios para su evento en Praga, esto incluye todo el programa de apoyo.<\/p>\n<p>Esto tambi\u00e9n es posible para grandes eventos con m\u00e1s de 1000 participantes.&nbsp;<\/p>\n<p>Les deseamos una linda celebraci\u00f3n.&nbsp;<\/p>\n<h3>Catering integral:<\/h3>\n<ul>\n<li style=\"\"><span style=\"\"><strong><strong>Soporte 24 horas:<\/strong><\/strong><span style=\"font-weight: normal;\"> Las mismas personas de contacto desde la planificaci\u00f3n hasta la implementaci\u00f3n con soporte 24 horas, incluso de noche.&nbsp;<\/span><\/span><\/li>\n<li><span style=\"\"><strong>Desde kosher, halal hasta vegano:&nbsp;<\/strong> tenemos socios de catering para todos los deseos.&nbsp;<\/span><\/li>\n<li><span style=\"\"><strong>Programa de apoyo completo:<\/strong> Todo es posible&nbsp; entre la sala de conferencias, el autob\u00fas y <a href=\"https:\/\/praguetouristinformation.com\/es\/viaje-en-grupo\/incentivos\" style=\"outline: none;\">los incentivos .<\/a><\/span><\/li>\n<\/ul>\n<h2 style=\"text-align: center;\">Consulta inicial gratuita<\/h2>\n<p style=\"text-align: center;\">Nos encantar\u00eda hablar sobre sus expectativas. El contacto es por tel\u00e9fono al&nbsp;<span data-attr-id=\"4\" data-extra_key=\"1\" data-option-inline=\"1\" data-shortcode=\"thrive_global_fields\" data-shortcode-name=\"[Company] Alternative phone number\"><\/span>, correo electr\u00f3nico a <span data-attr-id=\"5\" data-extra_key=\"1\" data-option-inline=\"1\" data-shortcode=\"thrive_global_fields\" data-shortcode-name=\"[Company] Email address\">support@praguetouristinformation.com<\/span> o formulario de contacto posible.&nbsp;<\/p>\n","protected":false},"excerpt":{"rendered":"<p>Catering para ferias, eventos y grandes celebraciones privadas en Praga Planificamos el catering adecuado en Praga. Despu\u00e9s de su solicitud, verificaremos sus deseos y le enviaremos una oferta no vinculante.&nbsp; \u00bfQue es posible? Hay muchas opciones para su evento en Praga. Como parte de su catering, podemos organizar desde un buffet caliente, un men\u00fa o [&hellip;]<\/p>\n","protected":false},"author":6,"featured_media":2024,"parent":405,"menu_order":0,"comment_status":"closed","ping_status":"closed","template":"","meta":{"footnotes":""},"categories":[],"tags":[28],"class_list":["post-264","page","type-page","status-publish","has-post-thumbnail","hentry","tag-m-i-c-e","post-wrapper","thrv_wrapper"],"_links":{"self":[{"href":"https:\/\/praguetouristinformation.com\/es\/wp-json\/wp\/v2\/pages\/264","targetHints":{"allow":["GET"]}}],"collection":[{"href":"https:\/\/praguetouristinformation.com\/es\/wp-json\/wp\/v2\/pages"}],"about":[{"href":"https:\/\/praguetouristinformation.com\/es\/wp-json\/wp\/v2\/types\/page"}],"author":[{"embeddable":true,"href":"https:\/\/praguetouristinformation.com\/es\/wp-json\/wp\/v2\/users\/6"}],"replies":[{"embeddable":true,"href":"https:\/\/praguetouristinformation.com\/es\/wp-json\/wp\/v2\/comments?post=264"}],"version-history":[{"count":4,"href":"https:\/\/praguetouristinformation.com\/es\/wp-json\/wp\/v2\/pages\/264\/revisions"}],"predecessor-version":[{"id":4825,"href":"https:\/\/praguetouristinformation.com\/es\/wp-json\/wp\/v2\/pages\/264\/revisions\/4825"}],"up":[{"embeddable":true,"href":"https:\/\/praguetouristinformation.com\/es\/wp-json\/wp\/v2\/pages\/405"}],"wp:featuredmedia":[{"embeddable":true,"href":"https:\/\/praguetouristinformation.com\/es\/wp-json\/wp\/v2\/media\/2024"}],"wp:attachment":[{"href":"https:\/\/praguetouristinformation.com\/es\/wp-json\/wp\/v2\/media?parent=264"}],"wp:term":[{"taxonomy":"category","embeddable":true,"href":"https:\/\/praguetouristinformation.com\/es\/wp-json\/wp\/v2\/categories?post=264"},{"taxonomy":"post_tag","embeddable":true,"href":"https:\/\/praguetouristinformation.com\/es\/wp-json\/wp\/v2\/tags?post=264"}],"curies":[{"name":"wp","href":"https:\/\/api.w.org\/{rel}","templated":true}]}}