{"id":2630,"date":"2020-12-04T13:06:50","date_gmt":"2020-12-04T13:06:50","guid":{"rendered":"https:\/\/praguetouristinformation.com\/es\/?page_id=2630"},"modified":"2023-05-03T09:50:37","modified_gmt":"2023-05-03T09:50:37","slug":"influencers","status":"publish","type":"page","link":"https:\/\/praguetouristinformation.com\/es\/contacto\/influencers","title":{"rendered":"Colaboraci\u00f3n entre blogs, redes sociales e influencers en Praga"},"content":{"rendered":"<h1 style=\"text-align: left; font-size: 18px !important;\"><span style=\"font-weight: normal;\">\u00bfPlaneando un viaje a Praga?<\/span><\/h1>\n<h1 style=\"text-align: left;\">Contacto para blog, redes sociales e influencers<\/h1>\n<p style=\"text-align: left;\">Si es posible, ayudamos a encontrar socios locales para la cooperaci\u00f3n.<\/p>\n<p><span style=\"\"><a href=\"https:\/\/praguetouristinformation.com\/es\/wp-content\/uploads\/2020\/12\/Influencers.jpg\"><img decoding=\"async\" alt=\"Blog, Redes Sociales e Influencers, Praga\" data-id=\"2833\" title=\"Blog, Redes Sociales e Influencers, Praga\" src=\"https:\/\/praguetouristinformation.com\/es\/wp-content\/uploads\/2020\/12\/Kontakt-fuer-Blog-Social-Media-und-Influencer.jpg\" style=\"\" ml-d=\"0\" data-width=\"480\" data-height=\"252\" data-init-width=\"1200\" data-init-height=\"630\" mt-d=\"0\" width=\"480\" height=\"252\" data-link-wrap=\"true\" loading=\"lazy\"><\/a><\/span><\/p>\n<p style=\"text-align: center;\">P\u00f3ngase en contacto con <em>support@praguetouristinformation.com<\/em> o formulario.<\/p>\n<h2 style=\"\">\u00bfC\u00f3mo podemos ayudar?<\/h2>\n<p style=\"\">Env\u00edenos un kit de medios significativo en alem\u00e1n o ingl\u00e9s con su solicitud.&nbsp;<\/p>\n<h3 style=\"\">1. Visitas locales<\/h3>\n<p style=\"\">Estaremos encantados de establecer contacto con los organizadores locales de tours, visitas guiadas y eventos. &nbsp;<\/p>\n<h3 style=\"\">2. Hoteles en Praga<\/h3>\n<p style=\"\">Si es posible y con un kit de medios apropiado, podemos organizar hoteles en casos individuales.&nbsp;<\/p>\n<h3 style=\"\">3. Preguntas de planificaci\u00f3n<\/h3>\n<p style=\"\">Por supuesto, es posible concertar contactos para investigaciones, preguntas sobre Praga y otros temas. &nbsp;<\/p>\n<h2 style=\"text-align: center;\">Contacto para otras consultas<\/h2>\n<p style=\"text-align: center;\">Las consultas de cooperaci\u00f3n de los medios de comunicaci\u00f3n, operadores tur\u00edsticos, aerol\u00edneas, medios de comunicaci\u00f3n, televisi\u00f3n, peri\u00f3dicos y empresas se pueden realizar a trav\u00e9s de nuestro formulario de contacto.&nbsp;<\/p>\n","protected":false},"excerpt":{"rendered":"<p>\u00bfPlaneando un viaje a Praga? Contacto para blog, redes sociales e influencers Si es posible, ayudamos a encontrar socios locales para la cooperaci\u00f3n. P\u00f3ngase en contacto con support@praguetouristinformation.com o formulario. \u00bfC\u00f3mo podemos ayudar? Env\u00edenos un kit de medios significativo en alem\u00e1n o ingl\u00e9s con su solicitud.&nbsp; 1. Visitas locales Estaremos encantados de establecer contacto con [&hellip;]<\/p>\n","protected":false},"author":6,"featured_media":2833,"parent":2605,"menu_order":0,"comment_status":"closed","ping_status":"closed","template":"","meta":{"footnotes":""},"categories":[],"tags":[29],"class_list":["post-2630","page","type-page","status-publish","has-post-thumbnail","hentry","tag-kontakt","post-wrapper","thrv_wrapper"],"_links":{"self":[{"href":"https:\/\/praguetouristinformation.com\/es\/wp-json\/wp\/v2\/pages\/2630","targetHints":{"allow":["GET"]}}],"collection":[{"href":"https:\/\/praguetouristinformation.com\/es\/wp-json\/wp\/v2\/pages"}],"about":[{"href":"https:\/\/praguetouristinformation.com\/es\/wp-json\/wp\/v2\/types\/page"}],"author":[{"embeddable":true,"href":"https:\/\/praguetouristinformation.com\/es\/wp-json\/wp\/v2\/users\/6"}],"replies":[{"embeddable":true,"href":"https:\/\/praguetouristinformation.com\/es\/wp-json\/wp\/v2\/comments?post=2630"}],"version-history":[{"count":6,"href":"https:\/\/praguetouristinformation.com\/es\/wp-json\/wp\/v2\/pages\/2630\/revisions"}],"predecessor-version":[{"id":4783,"href":"https:\/\/praguetouristinformation.com\/es\/wp-json\/wp\/v2\/pages\/2630\/revisions\/4783"}],"up":[{"embeddable":true,"href":"https:\/\/praguetouristinformation.com\/es\/wp-json\/wp\/v2\/pages\/2605"}],"wp:featuredmedia":[{"embeddable":true,"href":"https:\/\/praguetouristinformation.com\/es\/wp-json\/wp\/v2\/media\/2833"}],"wp:attachment":[{"href":"https:\/\/praguetouristinformation.com\/es\/wp-json\/wp\/v2\/media?parent=2630"}],"wp:term":[{"taxonomy":"category","embeddable":true,"href":"https:\/\/praguetouristinformation.com\/es\/wp-json\/wp\/v2\/categories?post=2630"},{"taxonomy":"post_tag","embeddable":true,"href":"https:\/\/praguetouristinformation.com\/es\/wp-json\/wp\/v2\/tags?post=2630"}],"curies":[{"name":"wp","href":"https:\/\/api.w.org\/{rel}","templated":true}]}}