{"id":2622,"date":"2020-12-04T12:42:23","date_gmt":"2020-12-04T12:42:23","guid":{"rendered":"https:\/\/praguetouristinformation.com\/es\/?page_id=2622"},"modified":"2023-05-03T10:00:53","modified_gmt":"2023-05-03T10:00:53","slug":"prensa","status":"publish","type":"page","link":"https:\/\/praguetouristinformation.com\/es\/contacto\/prensa","title":{"rendered":"Medios, TV y prensa"},"content":{"rendered":"<h1 style=\"text-align: left; font-size: 18px !important;\"><span style=\"font-weight: normal;\">\u00bfPlaneando un viaje a Praga?<\/span><\/h1>\n<h1 style=\"text-align: left;\">Contacto para prensa, medios y TV<\/h1>\n<p style=\"text-align: left;\">Ayuda con investigaciones planificadas, informes y oportunidades de colaboraci\u00f3n.&nbsp;<\/p>\n<p><span style=\"\"><a href=\"https:\/\/viennatouristinformation.com\/wp-content\/uploads\/2020\/10\/Influencers-2-1.jpg\" target=\"_blank\" rel=\"noopener\"><img decoding=\"async\" alt=\"Prensa, Medios y TV, Praga\" data-id=\"2830\" title=\"Prensa, Medios y TV, Praga\" src=\"https:\/\/praguetouristinformation.com\/es\/wp-content\/uploads\/2020\/12\/Kontakt-fuer-Presse-Medien-und-TV.jpg\" style=\"\" ml-d=\"0\" data-width=\"480\" data-height=\"252\" data-init-width=\"1200\" data-init-height=\"630\" mt-d=\"0\" width=\"480\" height=\"252\" data-link-wrap=\"true\" loading=\"lazy\"><\/a><\/span><\/p>\n<p style=\"text-align: center;\">P\u00f3ngase en contacto con <em>support@praguetouristinformation.com<\/em> o formulario.<\/p>\n<h2 style=\"\">\u00bfC\u00f3mo podemos ayudar?<\/h2>\n<h3 style=\"\">1. Asistencia<\/h3>\n<p style=\"\">Por ejemplo, acompa\u00f1amiento en el lugar, control de rutas planificadas seg\u00fan condiciones locales y horarios (tr\u00e1fico).&nbsp;<\/p>\n<h3 style=\"\">2. Contactos locales<\/h3>\n<p style=\"\">Ayuda en la organizaci\u00f3n de contactos locales, traducci\u00f3n y \u00e1reas similares en Praga.&nbsp;<\/p>\n<h3 style=\"\">3. Preguntas&nbsp;<\/h3>\n<p style=\"\">Respondiendo preguntas sobre Praga, desde la historia hasta el turismo en la ciudad.&nbsp;<\/p>\n<h2 style=\"text-align: center;\">Contacto para otras consultas<\/h2>\n<p style=\"text-align: center;\">Las consultas de cooperaci\u00f3n de los medios de comunicaci\u00f3n, operadores tur\u00edsticos, aerol\u00edneas, medios de comunicaci\u00f3n, televisi\u00f3n, peri\u00f3dicos y empresas se pueden realizar a trav\u00e9s de nuestro formulario de contacto.&nbsp;<\/p>\n","protected":false},"excerpt":{"rendered":"<p>\u00bfPlaneando un viaje a Praga? Contacto para prensa, medios y TV Ayuda con investigaciones planificadas, informes y oportunidades de colaboraci\u00f3n.&nbsp; P\u00f3ngase en contacto con support@praguetouristinformation.com o formulario. \u00bfC\u00f3mo podemos ayudar? 1. Asistencia Por ejemplo, acompa\u00f1amiento en el lugar, control de rutas planificadas seg\u00fan condiciones locales y horarios (tr\u00e1fico).&nbsp; 2. Contactos locales Ayuda en la organizaci\u00f3n [&hellip;]<\/p>\n","protected":false},"author":6,"featured_media":2830,"parent":2605,"menu_order":0,"comment_status":"closed","ping_status":"closed","template":"","meta":{"footnotes":""},"categories":[],"tags":[29],"class_list":["post-2622","page","type-page","status-publish","has-post-thumbnail","hentry","tag-kontakt","post-wrapper","thrv_wrapper"],"_links":{"self":[{"href":"https:\/\/praguetouristinformation.com\/es\/wp-json\/wp\/v2\/pages\/2622","targetHints":{"allow":["GET"]}}],"collection":[{"href":"https:\/\/praguetouristinformation.com\/es\/wp-json\/wp\/v2\/pages"}],"about":[{"href":"https:\/\/praguetouristinformation.com\/es\/wp-json\/wp\/v2\/types\/page"}],"author":[{"embeddable":true,"href":"https:\/\/praguetouristinformation.com\/es\/wp-json\/wp\/v2\/users\/6"}],"replies":[{"embeddable":true,"href":"https:\/\/praguetouristinformation.com\/es\/wp-json\/wp\/v2\/comments?post=2622"}],"version-history":[{"count":6,"href":"https:\/\/praguetouristinformation.com\/es\/wp-json\/wp\/v2\/pages\/2622\/revisions"}],"predecessor-version":[{"id":4786,"href":"https:\/\/praguetouristinformation.com\/es\/wp-json\/wp\/v2\/pages\/2622\/revisions\/4786"}],"up":[{"embeddable":true,"href":"https:\/\/praguetouristinformation.com\/es\/wp-json\/wp\/v2\/pages\/2605"}],"wp:featuredmedia":[{"embeddable":true,"href":"https:\/\/praguetouristinformation.com\/es\/wp-json\/wp\/v2\/media\/2830"}],"wp:attachment":[{"href":"https:\/\/praguetouristinformation.com\/es\/wp-json\/wp\/v2\/media?parent=2622"}],"wp:term":[{"taxonomy":"category","embeddable":true,"href":"https:\/\/praguetouristinformation.com\/es\/wp-json\/wp\/v2\/categories?post=2622"},{"taxonomy":"post_tag","embeddable":true,"href":"https:\/\/praguetouristinformation.com\/es\/wp-json\/wp\/v2\/tags?post=2622"}],"curies":[{"name":"wp","href":"https:\/\/api.w.org\/{rel}","templated":true}]}}