{"id":2605,"date":"2020-12-04T12:26:46","date_gmt":"2020-12-04T12:26:46","guid":{"rendered":"https:\/\/praguetouristinformation.com\/es\/?page_id=2605"},"modified":"2024-12-19T11:26:04","modified_gmt":"2024-12-19T11:26:04","slug":"contacto","status":"publish","type":"page","link":"https:\/\/praguetouristinformation.com\/es\/contacto","title":{"rendered":"Contacto"},"content":{"rendered":"<h1 style=\"text-align: left; font-size: 18px !important;\"><span style=\"font-weight: normal;\">\u00bfPlaneando un viaje a Praga?<\/span><\/h1>\n<h1 style=\"text-align: left;\">Contacto de Informaci\u00f3n Tur\u00edstica de Praga<\/h1>\n<p>Nuestro equipo dedicado est\u00e1 aqu\u00ed para hacer que su viaje a Praga sea inolvidable. Ya sea que necesite <strong>informaci\u00f3n<\/strong>, realizar <strong>reservas<\/strong> o recibir apoyo para <strong>viajes en grupo y eventos M.I.C.E., <\/strong>estamos aqu\u00ed para ayudarle.<\/p>\n<p><span style=\"\"><a href=\"https:\/\/viennatouristinformation.com\/wp-content\/uploads\/2020\/10\/Influencers-1.jpg\" target=\"_blank\" rel=\"noopener\"><img decoding=\"async\" alt=\"Contacto de Informaci\u00f3n Tur\u00edstica de Praga\" data-id=\"2824\" title=\"Contacto de Informaci\u00f3n Tur\u00edstica de Praga\" src=\"https:\/\/praguetouristinformation.com\/es\/wp-content\/uploads\/2020\/12\/Kontakt-von-Prague-Tourist-Information.jpg\" style=\"aspect-ratio: auto 1200 \/ 630;\" ml-d=\"0\" data-width=\"480\" data-height=\"252\" data-init-width=\"1200\" data-init-height=\"630\" mt-d=\"0\" width=\"480\" height=\"252\" data-link-wrap=\"true\" loading=\"lazy\"><\/a><\/span><\/p>\n<p style=\"text-align: center;\">P\u00f3ngase en contacto con <em>support@praguetouristinformation.com<\/em> o formulario.<\/p>\n<h2 style=\"\">\u00bfC\u00f3mo podemos ayudar?<\/h2>\n<h3 style=\"\">1. Servicio de informaci\u00f3n<\/h3>\n<p style=\"\">Obtenga respuestas a todas sus preguntas, ya sea antes de su viaje o durante su estancia en Praga. Estamos felices de ayudarle con cualquier consulta.<\/p>\n<h3 style=\"\">2. Servicio de reserva<\/h3>\n<p style=\"\">D\u00e9jenos encargarnos de los detalles:Reserva de hoteles, entradas, tours, hoteles para conferencias y&nbsp;<a href=\"https:\/\/praguetouristinformation.com\/es\/viaje-en-grupo\" style=\"outline: none;\"><span style=\"font-size: 16px;\">viajes en grupo<\/span><\/a> . Reservas de restaurante.&nbsp;<\/p>\n<h3 style=\"\">3. Viajes en Grupo y MICE<\/h3>\n<p><strong>Su socio para viajes en grupo a medida y eventos:<\/strong><\/p>\n<ul>\n<li><strong><span style=\"font-size: 17px !important;\">Viajes en grupo<\/span><\/strong><span style=\"font-size: 17px !important;\">: Ya sea que est\u00e9 organizando un peque\u00f1o tour o un evento de gran escala, nos encargamos de todos los detalles.<\/span><\/li>\n<li><span style=\"font-size: 17px !important;\"><strong>Servicios M.I.C.E.<\/strong>: Apoyo completo para reuniones, incentivos, conferencias y eventos. Trabajamos con proveedores locales y operadores tur\u00edsticos internacionales para asegurar que su evento en Praga sea un \u00e9xito.<\/span><\/li>\n<\/ul>\n","protected":false},"excerpt":{"rendered":"<p>\u00bfPlaneando un viaje a Praga? Contacto de Informaci\u00f3n Tur\u00edstica de Praga Nuestro equipo dedicado est\u00e1 aqu\u00ed para hacer que su viaje a Praga sea inolvidable. Ya sea que necesite informaci\u00f3n, realizar reservas o recibir apoyo para viajes en grupo y eventos M.I.C.E., estamos aqu\u00ed para ayudarle. P\u00f3ngase en contacto con support@praguetouristinformation.com o formulario. \u00bfC\u00f3mo podemos [&hellip;]<\/p>\n","protected":false},"author":6,"featured_media":2824,"parent":0,"menu_order":0,"comment_status":"closed","ping_status":"closed","template":"","meta":{"footnotes":""},"categories":[],"tags":[29],"class_list":["post-2605","page","type-page","status-publish","has-post-thumbnail","hentry","tag-kontakt","post-wrapper","thrv_wrapper"],"_links":{"self":[{"href":"https:\/\/praguetouristinformation.com\/es\/wp-json\/wp\/v2\/pages\/2605","targetHints":{"allow":["GET"]}}],"collection":[{"href":"https:\/\/praguetouristinformation.com\/es\/wp-json\/wp\/v2\/pages"}],"about":[{"href":"https:\/\/praguetouristinformation.com\/es\/wp-json\/wp\/v2\/types\/page"}],"author":[{"embeddable":true,"href":"https:\/\/praguetouristinformation.com\/es\/wp-json\/wp\/v2\/users\/6"}],"replies":[{"embeddable":true,"href":"https:\/\/praguetouristinformation.com\/es\/wp-json\/wp\/v2\/comments?post=2605"}],"version-history":[{"count":7,"href":"https:\/\/praguetouristinformation.com\/es\/wp-json\/wp\/v2\/pages\/2605\/revisions"}],"predecessor-version":[{"id":5037,"href":"https:\/\/praguetouristinformation.com\/es\/wp-json\/wp\/v2\/pages\/2605\/revisions\/5037"}],"wp:featuredmedia":[{"embeddable":true,"href":"https:\/\/praguetouristinformation.com\/es\/wp-json\/wp\/v2\/media\/2824"}],"wp:attachment":[{"href":"https:\/\/praguetouristinformation.com\/es\/wp-json\/wp\/v2\/media?parent=2605"}],"wp:term":[{"taxonomy":"category","embeddable":true,"href":"https:\/\/praguetouristinformation.com\/es\/wp-json\/wp\/v2\/categories?post=2605"},{"taxonomy":"post_tag","embeddable":true,"href":"https:\/\/praguetouristinformation.com\/es\/wp-json\/wp\/v2\/tags?post=2605"}],"curies":[{"name":"wp","href":"https:\/\/api.w.org\/{rel}","templated":true}]}}