{"id":2600,"date":"2020-12-04T12:15:28","date_gmt":"2020-12-04T12:15:28","guid":{"rendered":"https:\/\/praguetouristinformation.com\/es\/?page_id=2600"},"modified":"2024-05-14T11:38:53","modified_gmt":"2024-05-14T11:38:53","slug":"proteccion-de-datos","status":"publish","type":"page","link":"https:\/\/praguetouristinformation.com\/es\/proteccion-de-datos","title":{"rendered":"Protecci\u00f3n de Datos"},"content":{"rendered":"<p>\u200b<\/p>\n<p>Most Amazing Places se compromete a proteger la privacidad de los visitantes de nuestro sitio web. Esta Pol\u00edtica de Privacidad explica c\u00f3mo recopilamos, utilizamos y compartimos informaci\u00f3n sobre usted cuando visita nuestro sitio web.<\/p>\n<h3 data-kb-block=\"kb-adv-heading3_b95eac-a0\">\u00bfQu\u00e9 informaci\u00f3n recopilamos?<\/h3>\n<p>Recopilamos la siguiente informaci\u00f3n sobre usted cuando visita nuestro sitio web:<\/p>\n<ul>\n<li>Tu direcci\u00f3n IP<\/li>\n<li>Su tipo de navegador y sistema operativo<\/li>\n<li>Las p\u00e1ginas que visita en nuestro sitio web<\/li>\n<li>Los enlaces en los que haces clic en nuestro sitio web<\/li>\n<li>La hora y la fecha de su visita<\/li>\n<li>Su ubicaci\u00f3n (si ha habilitado los servicios de localizaci\u00f3n en su dispositivo)<\/li>\n<\/ul>\n<p>Tambi\u00e9n podemos recopilar informaci\u00f3n sobre usted si crea una cuenta en nuestro sitio web, se suscribe a nuestro bolet\u00edn de noticias o se pone en contacto con nosotros. Esta informaci\u00f3n puede incluir su nombre, direcci\u00f3n de correo electr\u00f3nico, n\u00famero de tel\u00e9fono y otra informaci\u00f3n de contacto.<\/p>\n<h3 data-kb-block=\"kb-adv-heading3_ae35f6-44\">\u00bfC\u00f3mo Usamos Su Informaci\u00f3n?<\/h3>\n<p>Utilizamos la informaci\u00f3n que recopilamos sobre usted para:<\/p>\n<ul>\n<li>Proporcionarle los servicios que solicita, como entregar nuestro bolet\u00edn o responder a sus consultas<\/li>\n<li>Mejorar nuestro sitio web y nuestros servicios<\/li>\n<li>Enviarle comunicaciones de marketing sobre nuestros productos y servicios<\/li>\n<li>Diriya nuestras comunicaciones de marketing a usted en funci\u00f3n de sus intereses<\/li>\n<li>Cumplir con nuestras obligaciones legales<\/li>\n<\/ul>\n<h3 data-kb-block=\"kb-adv-heading3_f4c67c-07\">\u00bfCon Qui\u00e9n Compartimos Tu Informaci\u00f3n?<\/h3>\n<p>Podemos compartir su informaci\u00f3n con los siguientes terceros:<\/p>\n<ul>\n<li>Nuestros proveedores de servicios, que nos ayudan a operar nuestro sitio web y a prestar nuestros servicios<\/li>\n<li>Nuestros socios de marketing, que nos ayudan a entregarle comunicaciones de marketing<\/li>\n<li>Otros terceros, con su consentimiento<\/li>\n<\/ul>\n<h3 data-kb-block=\"kb-adv-heading3_c6d4c9-3b\">\u00bfC\u00f3mo Protegemos Su Informaci\u00f3n?<\/h3>\n<p>Tomamos medidas para proteger su informaci\u00f3n, incluyendo:<\/p>\n<ul>\n<li>Uso de servidores seguros para almacenar su informaci\u00f3n<\/li>\n<li>Uso del cifrado para proteger su informaci\u00f3n cuando se transmite a trav\u00e9s de Internet<\/li>\n<li>Requerir a nuestros proveedores de servicios que protejan su informaci\u00f3n<\/li>\n<\/ul>\n<h3 data-kb-block=\"kb-adv-heading3_0bdcf3-b0\">Sus derechos<\/h3>\n<p>Usted tiene los siguientes derechos con respecto a su informaci\u00f3n:<\/p>\n<ul>\n<li>El derecho a acceder a su informaci\u00f3n<\/li>\n<li>El derecho a corregir su informaci\u00f3n<\/li>\n<li>El derecho a eliminar su informaci\u00f3n<\/li>\n<li>El derecho a oponerse al procesamiento de su informaci\u00f3n<\/li>\n<li>El derecho a restringir el procesamiento de su informaci\u00f3n<\/li>\n<li>El derecho a portar su informaci\u00f3n<\/li>\n<\/ul>\n<p>Puede ejercer estos derechos poni\u00e9ndose en contacto con nosotros<\/p>\n<h3 data-kb-block=\"kb-adv-heading3_597a36-c6\">Cambios en esta pol\u00edtica de privacidad<\/h3>\n<p>Podemos actualizar esta Pol\u00edtica de Privacidad de vez en cuando. La versi\u00f3n m\u00e1s reciente siempre se publicar\u00e1 en nuestro sitio web.<\/p>\n<h2 data-kb-block=\"kb-adv-heading3_8cc941-13\"><strong>Pol\u00edtica de cookies<\/strong><\/h2>\n<p>Most Amazing Places utiliza cookies en su sitio web para mejorar su experiencia y proporcionarle publicidad relevante. Esta Pol\u00edtica de Cookies explica qu\u00e9 son las cookies, c\u00f3mo las usamos y sus opciones con respecto a las cookies.<\/p>\n<h3 data-kb-block=\"kb-adv-heading3_906a7c-35\">\u00bfQu\u00e9 Son Las Galletas?<\/h3>\n<p>Las cookies son peque\u00f1os archivos de texto que se colocan en su ordenador o dispositivo m\u00f3vil cuando visita un sitio web. Se utilizan para recopilar informaci\u00f3n sobre su actividad de navegaci\u00f3n y para recordar sus preferencias.<\/p>\n<h3 data-kb-block=\"kb-adv-heading3_9f9964-72\">\u00bfC\u00f3mo Usamos Las Cookies?<\/h3>\n<p>Utilizamos cookies para una variedad de prop\u00f3sitos, que incluyen:<\/p>\n<ul>\n<li>Para recordar sus preferencias, como el idioma y el tama\u00f1o de la fuente<\/li>\n<li>Para realizar un seguimiento de su actividad de navegaci\u00f3n para que podamos mejorar nuestro sitio web y nuestros servicios<\/li>\n<li>Para entregarte publicidad relevante<\/li>\n<li>Para prevenir el fraude y el abuso<\/li>\n<\/ul>\n<h3 data-kb-block=\"kb-adv-heading3_7abe6c-d1\">\u00bfQu\u00e9 tipos de cookies utilizamos?<\/h3>\n<p>Utilizamos los siguientes tipos de cookies:<\/p>\n<ul>\n<li>Cookies esenciales: Estas cookies son esenciales para el funcionamiento de nuestro sitio web y no se pueden desactivar. Incluyen cookies que le permiten iniciar sesi\u00f3n en nuestro sitio web y utilizar sus funciones.<\/li>\n<li>Cookies de rendimiento: Estas cookies recopilan informaci\u00f3n sobre c\u00f3mo utiliza nuestro sitio web, como las p\u00e1ginas que visita y los enlaces en los que hace clic. Esta informaci\u00f3n se utiliza para mejorar nuestro sitio web y nuestros servicios.<\/li>\n<li>Cookies de funcionalidad: Estas cookies nos permiten recordar sus preferencias, como su idioma y tama\u00f1o de fuente. Esto significa que no tiene que volver a introducirlos cada vez que vuelva a nuestro sitio web.<\/li>\n<li>Cookies de segmentaci\u00f3n: Estas cookies se utilizan para ofrecerle publicidad relevante. Recopilan informaci\u00f3n sobre su actividad de navegaci\u00f3n en diferentes sitios web.<\/li>\n<\/ul>\n<h3 data-kb-block=\"kb-adv-heading3_a6d329-47\">\u00bfC\u00f3mo puedo controlar las cookies?<\/h3>\n<p>Puedes controlar las cookies a trav\u00e9s de la configuraci\u00f3n de tu navegador. Puede optar por desactivar todas las cookies o permitir solo ciertos tipos de cookies. Sin embargo, la desactivabilidad de las cookies puede afectar a su capacidad para utilizar algunas funciones de nuestro sitio web.<\/p>\n<p>Para obtener m\u00e1s informaci\u00f3n sobre c\u00f3mo controlar las cookies, consulte las instrucciones de su navegador.<\/p>\n<h3 data-kb-block=\"kb-adv-heading3_095818-eb\">Cambios en esta pol\u00edtica de cookies<\/h3>\n<p>Podemos actualizar esta Pol\u00edtica de Cookies de vez en cuando. La versi\u00f3n m\u00e1s reciente siempre se publicar\u00e1 en nuestro sitio web.<\/p>\n<h2 data-kb-block=\"kb-adv-heading3_e11425-12\"><strong>Contacta con nosotros<\/strong><\/h2>\n<p>Si tiene alguna pregunta sobre nuestras pol\u00edticas de privacidad o cookies, p\u00f3ngase en contacto con nosotros.<\/p>\n<p>&#8230;<\/p>\n","protected":false},"excerpt":{"rendered":"<p>\u200b Most Amazing Places se compromete a proteger la privacidad de los visitantes de nuestro sitio web. Esta Pol\u00edtica de Privacidad explica c\u00f3mo recopilamos, utilizamos y compartimos informaci\u00f3n sobre usted cuando visita nuestro sitio web. \u00bfQu\u00e9 informaci\u00f3n recopilamos? Recopilamos la siguiente informaci\u00f3n sobre usted cuando visita nuestro sitio web: Tu direcci\u00f3n IP Su tipo de [&hellip;]<\/p>\n","protected":false},"author":6,"featured_media":2463,"parent":0,"menu_order":0,"comment_status":"closed","ping_status":"closed","template":"","meta":{"footnotes":""},"categories":[],"tags":[],"class_list":["post-2600","page","type-page","status-publish","has-post-thumbnail","hentry","post-wrapper","thrv_wrapper"],"_links":{"self":[{"href":"https:\/\/praguetouristinformation.com\/es\/wp-json\/wp\/v2\/pages\/2600","targetHints":{"allow":["GET"]}}],"collection":[{"href":"https:\/\/praguetouristinformation.com\/es\/wp-json\/wp\/v2\/pages"}],"about":[{"href":"https:\/\/praguetouristinformation.com\/es\/wp-json\/wp\/v2\/types\/page"}],"author":[{"embeddable":true,"href":"https:\/\/praguetouristinformation.com\/es\/wp-json\/wp\/v2\/users\/6"}],"replies":[{"embeddable":true,"href":"https:\/\/praguetouristinformation.com\/es\/wp-json\/wp\/v2\/comments?post=2600"}],"version-history":[{"count":5,"href":"https:\/\/praguetouristinformation.com\/es\/wp-json\/wp\/v2\/pages\/2600\/revisions"}],"predecessor-version":[{"id":4985,"href":"https:\/\/praguetouristinformation.com\/es\/wp-json\/wp\/v2\/pages\/2600\/revisions\/4985"}],"wp:featuredmedia":[{"embeddable":true,"href":"https:\/\/praguetouristinformation.com\/es\/wp-json\/wp\/v2\/media\/2463"}],"wp:attachment":[{"href":"https:\/\/praguetouristinformation.com\/es\/wp-json\/wp\/v2\/media?parent=2600"}],"wp:term":[{"taxonomy":"category","embeddable":true,"href":"https:\/\/praguetouristinformation.com\/es\/wp-json\/wp\/v2\/categories?post=2600"},{"taxonomy":"post_tag","embeddable":true,"href":"https:\/\/praguetouristinformation.com\/es\/wp-json\/wp\/v2\/tags?post=2600"}],"curies":[{"name":"wp","href":"https:\/\/api.w.org\/{rel}","templated":true}]}}