{"id":253,"date":"2020-08-31T17:14:14","date_gmt":"2020-08-31T17:14:14","guid":{"rendered":"https:\/\/praguetouristinformation.com\/es\/?page_id=253"},"modified":"2025-08-07T09:25:07","modified_gmt":"2025-08-07T09:25:07","slug":"cocina-bohemia","status":"publish","type":"page","link":"https:\/\/praguetouristinformation.com\/es\/restaurantes\/cocina-bohemia","title":{"rendered":"13 Mejores restaurantes en Praga con cocina bohemia"},"content":{"rendered":"<h3>Por supuesto, cualquiera que est\u00e9 en Praga tambi\u00e9n quiere probar la <a data-id=\"102\" data-type=\"page\" href=\"https:\/\/praguetouristinformation.com\/es\/restaurantes\/cocina-bohemia\" style=\"outline: none;\">cocina praguense .<\/a><\/h3>\n<p>Muchos checos prefieren la comida cosmopolita de los establecimientos extranjeros, por lo que encontrar restaurantes aut\u00e9nticos es cada vez m\u00e1s dif\u00edcil.<\/p>\n<p>Pero hay buenos restaurantes checos que sirven excelente cocina bohemia de la que incluso la abuela estar\u00eda orgullosa.<\/p>\n<p>Hemos preparado una peque\u00f1a selecci\u00f3n para ti:<\/p>\n<h2 style=\"\">Prague Visitor Pass<\/h2>\n<p data-pm-slice=\"1 1 []\">El Prague Visitor Pass te da acceso a las principales atracciones, museos y al transporte p\u00fablico de la ciudad, ideal para explorar Praga con flexibilidad y eficiencia.<\/p>\n<p style=\"\">\u00a1Utiliza nuestro c\u00f3digo de descuento exclusivo <strong>pragueti5<\/strong> y obt\u00e9n un<strong> 5\u202f% de descuento!<\/strong><\/p>\n<p>__CONFIG_colors_palette__{\u00abactive_palette\u00bb:0,\u00bbconfig\u00bb:{\u00abcolors\u00bb:{\u00ab110d6\u00bb:{\u00abname\u00bb:\u00bbMain Accent\u00bb,\u00bbparent\u00bb:-1}},\u00bbgradients\u00bb:[]},\u00bbpalettes\u00bb:[{\u00abname\u00bb:\u00bbDefault Palette\u00bb,\u00bbvalue\u00bb:{\u00abcolors\u00bb:{\u00ab110d6\u00bb:{\u00abval\u00bb:\u00bbvar(e8c68)\u00bb}},\u00bbgradients\u00bb:[]},\u00bboriginal\u00bb:{\u00abcolors\u00bb:{\u00ab110d6\u00bb:{\u00abval\u00bb:\u00bbrgb(19, 114, 211)\u00bb,\u00bbhsl\u00bb:{\u00abh\u00bb:210,\u00bbs\u00bb:0.83,\u00bbl\u00bb:0.45}}},\u00bbgradients\u00bb:[]}}]}__CONFIG_colors_palette__ <a href=\"https:\/\/praguevisitorpass.eu\/?lang=es-es\" style=\"font-size: var(--tve-font-size, 14px) !important;\" rel=\"noopener\" target=\"_blank\"><span style=\"\">    <\/span> <span style=\"\"><span>M\u00e1s informaci\u00f3n<\/span><\/span> <\/a>  <\/p>\n<h2 id=\"t-1670238843530\" style=\"\">1.La Degustaci\u00f3n Boh\u00eame Bourgeoise<\/h2>\n<p>Est\u00e1s viendo un contenido de marcador de posici\u00f3n de <strong>Instagram<\/strong>. Para acceder al contenido real, haz clic en el siguiente bot\u00f3n. Ten en cuenta que al hacerlo compartir\u00e1s datos con terceros proveedores.<\/p>\n<p> <a href=\"#\" data-borlabs-cookie-show-provider-information=\"\" role=\"button\">M\u00e1s informaci\u00f3n<\/a>   <a href=\"#\" data-borlabs-cookie-unblock=\"\" role=\"button\">Desbloquear contenido<\/a> <a href=\"#\" data-borlabs-cookie-accept-service=\"\" role=\"button\" style=\"display: inherit\">Aceptar el servicio requerido y desbloquear los contenidos<\/a>    [tcb-script async=\u00bb\u00bb src=\u00bb\/\/www.instagram.com\/embed.js\u00bb][\/tcb-script]<\/p>\n<p>El restaurante tiene una estrella en la Gu\u00eda Michelin 2020; as\u00ed que definitivamente vale la pena una parada. La Degustation Boh\u00eame Bourgeoise se encuentra al final de un callej\u00f3n estrecho en un edificio anodino antiguo, pero el interior es elegante. El ambiente moderno y elegante se destaca por la iluminaci\u00f3n sutil de los candelabros y la decoraci\u00f3n de madera oscura y ofrece el escenario perfecto para una cena elegante.<\/p>\n<p>La cocina es checa de primer nivel y sirve men\u00fas de 4 o 7 platos con \u00e9nfasis en los productos locales. Las especialidades t\u00edpicas de Bohemia se modifican y redefinen h\u00e1bilmente al m\u00e1s alto nivel. El sommelier aconseja sobre la selecci\u00f3n de vinos checos e internacionales. Si lo desea, puede elegir el men\u00fa internacional en lugar del men\u00fa bohemio o combinar los platos individuales.<\/p>\n<ul>\n<li><strong>Direcci\u00f3n: Ha\u0161talsk\u00e1 18, 110 00 Star\u00e9 M\u011bsto, Praga<\/strong><\/li>\n<\/ul>\n<h2 id=\"t-1670238843531\" style=\"\">2. Restaurante de la cervecer\u00eda del monasterio de Strahov<\/h2>\n<p>Est\u00e1s viendo un contenido de marcador de posici\u00f3n de <strong>Instagram<\/strong>. Para acceder al contenido real, haz clic en el siguiente bot\u00f3n. Ten en cuenta que al hacerlo compartir\u00e1s datos con terceros proveedores.<\/p>\n<p> <a href=\"#\" data-borlabs-cookie-show-provider-information=\"\" role=\"button\">M\u00e1s informaci\u00f3n<\/a>   <a href=\"#\" data-borlabs-cookie-unblock=\"\" role=\"button\">Desbloquear contenido<\/a> <a href=\"#\" data-borlabs-cookie-accept-service=\"\" role=\"button\" style=\"display: inherit\">Aceptar el servicio requerido y desbloquear los contenidos<\/a>    [tcb-script async=\u00bb\u00bb src=\u00bb\/\/www.instagram.com\/embed.js\u00bb][\/tcb-script]<\/p>\n<p>No muy lejos del Castillo de Praga, directamente en el \u00e1rea del <a data-id=\"828\" data-type=\"page\" href=\"https:\/\/praguetouristinformation.com\/es\/cosas-que-hacer\/lado-pequeno\/monasterio-de-strahov\" style=\"outline: none;\">Monasterio de Strahov<\/a> , se encuentra el restaurante Cervecer\u00eda del Monasterio de Strahov. Con una capacidad total de 350 asientos, el restaurante est\u00e1 dividido en tres salas diferentes.<\/p>\n<p>La planta baja con muebles de madera maciza y la barra de cerveza tiene el aspecto de una cervecer\u00eda, el restaurante St. Norbert sirve cocina checa original y la taberna al aire libre le invita a visitarla cuando hace buen tiempo.<\/p>\n<p>Adem\u00e1s de la cocina bohemia, hay disponible una amplia gama de especialidades cerveceras de la casa, que incluyen Herbstweizen y cervezas embotelladas de producci\u00f3n propia, pero tambi\u00e9n cl\u00e1sicos checos como la Budweiser original. La cervecer\u00eda, que data de 1400, se puede visitar con cita previa.<\/p>\n<ul>\n<li><strong>Direcci\u00f3n: Cervecer\u00eda del Monasterio de Strahov, Strahovsk\u00e9 n\u00e1dvo\u0159\u00ed 301\/10, 18 00 Praga<\/strong><\/li>\n<\/ul>\n<h2 id=\"t-1670238843532\">3. U Parlamentu<\/h2>\n<p>Est\u00e1s viendo un contenido de marcador de posici\u00f3n de <strong>Instagram<\/strong>. Para acceder al contenido real, haz clic en el siguiente bot\u00f3n. Ten en cuenta que al hacerlo compartir\u00e1s datos con terceros proveedores.<\/p>\n<p> <a href=\"#\" data-borlabs-cookie-show-provider-information=\"\" role=\"button\">M\u00e1s informaci\u00f3n<\/a>   <a href=\"#\" data-borlabs-cookie-unblock=\"\" role=\"button\">Desbloquear contenido<\/a> <a href=\"#\" data-borlabs-cookie-accept-service=\"\" role=\"button\" style=\"display: inherit\">Aceptar el servicio requerido y desbloquear los contenidos<\/a>    [tcb-script async=\u00bb\u00bb src=\u00bb\/\/www.instagram.com\/embed.js\u00bb][\/tcb-script]<\/p>\n<p>La U Parlamento se encuentra en pleno casco <a data-id=\"742\" data-type=\"page\" href=\"https:\/\/praguetouristinformation.com\/es\/cosas-que-hacer\/ciudad-vieja\" style=\"outline: none;\">antiguo<\/a> ya pocos minutos a pie del <a data-id=\"628\" data-type=\"page\" href=\"https:\/\/praguetouristinformation.com\/es\/cosas-que-hacer\/ciudad-vieja\/ayuntamiento-viejo\" style=\"outline: none;\">ayuntamiento . <\/a>Las paredes con paneles de madera transmiten un estilo acogedor que recuerda un poco a un pub. El ambiente es informal, relajado. La cocina es checa con los pies en la tierra, las porciones son generosas. El restaurante tambi\u00e9n es muy popular entre los lugare\u00f1os. Vale la pena mencionar la cerveza reci\u00e9n tirada, por supuesto originalmente checa.<\/p>\n<ul>\n<li><strong>Direcci\u00f3n<\/strong> : Valentinsk\u00e1 52, 110 00 Star\u00e9 M\u011bsto, Praga<\/li>\n<\/ul>\n<h2 id=\"t-1670238843533\" style=\"\">4. Lok\u00e1l Dlouh\u00e1\u00e1\u00e1<\/h2>\n<p>Est\u00e1s viendo un contenido de marcador de posici\u00f3n de <strong>Instagram<\/strong>. Para acceder al contenido real, haz clic en el siguiente bot\u00f3n. Ten en cuenta que al hacerlo compartir\u00e1s datos con terceros proveedores.<\/p>\n<p> <a href=\"#\" data-borlabs-cookie-show-provider-information=\"\" role=\"button\">M\u00e1s informaci\u00f3n<\/a>   <a href=\"#\" data-borlabs-cookie-unblock=\"\" role=\"button\">Desbloquear contenido<\/a> <a href=\"#\" data-borlabs-cookie-accept-service=\"\" role=\"button\" style=\"display: inherit\">Aceptar el servicio requerido y desbloquear los contenidos<\/a>    [tcb-script async=\u00bb\u00bb src=\u00bb\/\/www.instagram.com\/embed.js\u00bb][\/tcb-script]<\/p>\n<p>El bar Dlouh\u00e1\u00e1\u00e1 se encuentra en la calle del mismo nombre en pleno centro de Praga. Dlouh\u00e1 significa \u00abcallej\u00f3n largo\u00bb en alem\u00e1n y eso es exactamente lo que es el restaurante, es uno de los m\u00e1s largos de Praga. Los muebles estilo a\u00f1os 70 no son exactamente acogedores, suelos de baldosas, largos bancos de madera, una barra de acero inoxidable, luces de ne\u00f3n y un pasillo muy, muy largo. Sin embargo, el Dlouh\u00e1\u00e1\u00e1 goza de gran popularidad, tanto entre los lugare\u00f1os como entre los turistas.<\/p>\n<p>La cocina es bohemia, los platos cl\u00e1sicos checos se preparan con ingredientes de proveedores locales. Si desea probar la comida t\u00edpica de un pub checo de alta calidad, este es el lugar para usted.<\/p>\n<p tve-droppable\"\"=\"\">Se concede gran importancia al correcto almacenamiento de la cerveza, que se extrae directamente del barril de 4 formas diferentes:<\/p>\n<ul>\n<li tve-droppable\"\"=\"\">hladinka &#8211; el m\u00e9todo cl\u00e1sico, una Pils como la conoces<\/li>\n<li tve-droppable\"\"=\"\">\u010dochtan &#8211; una cerveza casi sin espuma<\/li>\n<li tve-droppable\"\"=\"\">\u0161nyt \u2013 una cerveza peque\u00f1a en un vaso grande con mucha espuma o<\/li>\n<li tve-droppable\"\"=\"\">ml\u00edko &#8211; casi solo espuma y poca cerveza en el vaso, la apariencia recuerda a un vaso de leche<\/li>\n<\/ul>\n","protected":false},"excerpt":{"rendered":"<p>Por supuesto, cualquiera que est\u00e9 en Praga tambi\u00e9n quiere probar la cocina praguense . Muchos checos prefieren la comida cosmopolita de los establecimientos extranjeros, por lo que encontrar restaurantes aut\u00e9nticos es cada vez m\u00e1s dif\u00edcil. Pero hay buenos restaurantes checos que sirven excelente cocina bohemia de la que incluso la abuela estar\u00eda orgullosa. Hemos preparado [&hellip;]<\/p>\n","protected":false},"author":6,"featured_media":2146,"parent":761,"menu_order":0,"comment_status":"closed","ping_status":"closed","template":"","meta":{"footnotes":""},"categories":[],"tags":[31,30],"class_list":["post-253","page","type-page","status-publish","has-post-thumbnail","hentry","tag-essen","tag-lifestyle","post-wrapper","thrv_wrapper"],"_links":{"self":[{"href":"https:\/\/praguetouristinformation.com\/es\/wp-json\/wp\/v2\/pages\/253","targetHints":{"allow":["GET"]}}],"collection":[{"href":"https:\/\/praguetouristinformation.com\/es\/wp-json\/wp\/v2\/pages"}],"about":[{"href":"https:\/\/praguetouristinformation.com\/es\/wp-json\/wp\/v2\/types\/page"}],"author":[{"embeddable":true,"href":"https:\/\/praguetouristinformation.com\/es\/wp-json\/wp\/v2\/users\/6"}],"replies":[{"embeddable":true,"href":"https:\/\/praguetouristinformation.com\/es\/wp-json\/wp\/v2\/comments?post=253"}],"version-history":[{"count":10,"href":"https:\/\/praguetouristinformation.com\/es\/wp-json\/wp\/v2\/pages\/253\/revisions"}],"predecessor-version":[{"id":5220,"href":"https:\/\/praguetouristinformation.com\/es\/wp-json\/wp\/v2\/pages\/253\/revisions\/5220"}],"up":[{"embeddable":true,"href":"https:\/\/praguetouristinformation.com\/es\/wp-json\/wp\/v2\/pages\/761"}],"wp:featuredmedia":[{"embeddable":true,"href":"https:\/\/praguetouristinformation.com\/es\/wp-json\/wp\/v2\/media\/2146"}],"wp:attachment":[{"href":"https:\/\/praguetouristinformation.com\/es\/wp-json\/wp\/v2\/media?parent=253"}],"wp:term":[{"taxonomy":"category","embeddable":true,"href":"https:\/\/praguetouristinformation.com\/es\/wp-json\/wp\/v2\/categories?post=253"},{"taxonomy":"post_tag","embeddable":true,"href":"https:\/\/praguetouristinformation.com\/es\/wp-json\/wp\/v2\/tags?post=253"}],"curies":[{"name":"wp","href":"https:\/\/api.w.org\/{rel}","templated":true}]}}