{"id":202,"date":"2020-08-25T19:57:27","date_gmt":"2020-08-25T19:57:27","guid":{"rendered":"https:\/\/praguetouristinformation.com\/es\/?page_id=202"},"modified":"2025-08-07T09:26:31","modified_gmt":"2025-08-07T09:26:31","slug":"calles-comerciales","status":"publish","type":"page","link":"https:\/\/praguetouristinformation.com\/es\/compras\/calles-comerciales","title":{"rendered":"6 Buenas calles comerciales en Praga [con mapa]"},"content":{"rendered":"<h3 id=\"t-1670610122389\">Puedes ir de compras a todas partes en Praga y hay algo para todos los gustos.<\/h3>\n<p>La mayor densidad de direcciones de compras de moda se puede encontrar en la llamada \u00abCruz Dorada\u00bb, no lejos de <a data-id=\"662\" data-type=\"page\" href=\"https:\/\/praguetouristinformation.com\/es\/cosas-que-hacer\/ciudad-vieja\/plaza-de-wenceslao\" style=\"outline: none;\">la Plaza de Wenceslao,<\/a> y aquellos que buscan lujo van a Pariser Strasse.<\/p>\n<p>Para darle una idea aproximada de las calles comerciales de Praga, hemos preparado una selecci\u00f3n para usted aqu\u00ed.<\/p>\n<h2 style=\"\">Prague Visitor Pass<\/h2>\n<p data-pm-slice=\"1 1 []\">El Prague Visitor Pass te da acceso a las principales atracciones, museos y al transporte p\u00fablico de la ciudad, ideal para explorar Praga con flexibilidad y eficiencia.<\/p>\n<p style=\"\">\u00a1Utiliza nuestro c\u00f3digo de descuento exclusivo <strong>pragueti5<\/strong> y obt\u00e9n un<strong> 5\u202f% de descuento!<\/strong><\/p>\n<p>__CONFIG_colors_palette__{\u00abactive_palette\u00bb:0,\u00bbconfig\u00bb:{\u00abcolors\u00bb:{\u00ab110d6\u00bb:{\u00abname\u00bb:\u00bbMain Accent\u00bb,\u00bbparent\u00bb:-1}},\u00bbgradients\u00bb:[]},\u00bbpalettes\u00bb:[{\u00abname\u00bb:\u00bbDefault Palette\u00bb,\u00bbvalue\u00bb:{\u00abcolors\u00bb:{\u00ab110d6\u00bb:{\u00abval\u00bb:\u00bbvar(e8c68)\u00bb}},\u00bbgradients\u00bb:[]},\u00bboriginal\u00bb:{\u00abcolors\u00bb:{\u00ab110d6\u00bb:{\u00abval\u00bb:\u00bbrgb(19, 114, 211)\u00bb,\u00bbhsl\u00bb:{\u00abh\u00bb:210,\u00bbs\u00bb:0.83,\u00bbl\u00bb:0.45}}},\u00bbgradients\u00bb:[]}}]}__CONFIG_colors_palette__ <a href=\"https:\/\/praguevisitorpass.eu\/?lang=es-es\" style=\"font-size: var(--tve-font-size, 14px) !important;\" rel=\"noopener\" target=\"_blank\"><span style=\"\">    <\/span> <span style=\"\"><span>M\u00e1s informaci\u00f3n<\/span><\/span> <\/a>  <\/p>\n<h2 id=\"t-1670610122390\">1. La Cruz Dorada<\/h2>\n<p><span><img decoding=\"async\" alt=\"La Cruz de Oro en Praga\" data-id=\"2489\" width=\"702\" data-init-width=\"1000\" height=\"530\" data-init-height=\"755\" title=\"La Cruz de Oro en Praga\" loading=\"lazy\" src=\"https:\/\/praguetouristinformation.com\/es\/wp-content\/uploads\/2020\/12\/Das-Goldene-Kreuz.jpg\" data-width=\"702\" data-height=\"530\" data-pinpro-key=\"c8vgo6c72\" style=\"aspect-ratio: auto 1000 \/ 755;\"><\/span><\/p>\n<p>En su extremo inferior, la Plaza de Wenceslao forma la llamada \u00abCruz de Oro\u00bb con las calles que aqu\u00ed confluyen.<\/p>\n<p>Na P\u0159\u00edkop\u011b &#8211; Am Graben &#8211; se considera una calle comercial tradicional, en la que tambi\u00e9n hay muchos bancos, en Narodni Trida &#8211; la Avenida Nacional &#8211; encontrar\u00e1 numerosos almacenes grandes e instituciones culturales, Wenceslas Square es el centro comercial por excelencia de la ciudad.<\/p>\n<h2 id=\"t-1670610122391\">2. La zanja &#8211; Na Prikope<\/h2>\n<p><span><img decoding=\"async\" alt=\"Na Prikope en Praga\" data-id=\"2490\" width=\"702\" data-init-width=\"1000\" height=\"468\" data-init-height=\"667\" title=\"Na Prikope en Praga\" loading=\"lazy\" src=\"https:\/\/praguetouristinformation.com\/es\/wp-content\/uploads\/2020\/12\/Na-Prikope.jpg\" data-width=\"702\" data-height=\"468\" data-pinpro-key=\"7x5ajmkdj\" style=\"aspect-ratio: auto 1000 \/ 667;\"><\/span><\/p>\n<p>Una de las comerciales m\u00e1s famosas de Praga es probablemente Na P\u0159\u00edkop\u011b, que significa \u00abLa Zanja\u00bb en alem\u00e1n. El Graben conecta la Plaza de Wenceslao con la Plaza de la Rep\u00fablica y, por lo tanto, forma la frontera entre la ciudad vieja y la nueva. En parte, Na P\u0159\u00edkop\u011b est\u00e1 dise\u00f1ada como zona peatonal. Se puede llegar al Graben a trav\u00e9s de la Plaza de Wenceslao, metro l\u00ednea A verde o l\u00ednea amarilla B, parada M\u016fstek, oa trav\u00e9s de la Plaza de la Rep\u00fablica, N\u00e1m\u011bst\u00ed Republiky, l\u00ednea amarilla B.<\/p>\n<p>El paisaje urbano se caracteriza por edificios representativos, incluida la sede del Banco Nacional Checo, palacios, <a data-id=\"200\" data-type=\"page\" href=\"https:\/\/praguetouristinformation.com\/es\/compras\/centro-comercial\" style=\"outline: none;\">centros comerciales<\/a> y tiendas m\u00e1s o menos lujosas. Entre otras puedes encontrar a Bershka, Boss, Mango, Deichmann, Benetton, Adidas y muchas m\u00e1s.<\/p>\n<p>Se pueden encontrar tres centros comerciales a lo largo del Graben, algunos de los cuales est\u00e1n ubicados en antiguos palacios: Slovansk\u00fd d\u016fm &#8211; La Casa Alemana &#8211; y \u010cern\u00e1 r\u016f\u017ee &#8211; La Rosa Negra &#8211; ofrecen compras de alto nivel, el Myslbek, un poco m\u00e1s peque\u00f1o, tiene un precio medio. nivel. Numerosos caf\u00e9s y restaurantes invitan al descanso, entre ellos TGI Friday&#8217;s, McDonald&#8217;s y Subway, tambi\u00e9n cabe mencionar Caf\u00e9 Continental.<\/p>\n<p>Originalmente hab\u00eda un foso donde hoy se encuentra la calle comercial, que en 1760 se rellen\u00f3 y se convirti\u00f3 en calle. La calle sol\u00eda tener otros nombres, pero tiene su nombre actual desde 1871.<\/p>\n<p>En las inmediaciones de Na P\u0159\u00edkop\u011b se encuentra el Museo Nacional, la Plaza de Wenceslao y la Plaza de la Rep\u00fablica.<\/p>\n<h2 id=\"t-1670610122392\">3. Avenida Nacional &#8211; N\u00e1rodn\u00ed T\u0159\u00edda<\/h2>\n<p><span><img decoding=\"async\" alt=\"Narodni Trida Praga\" data-id=\"2491\" width=\"702\" data-init-width=\"1000\" height=\"429\" data-init-height=\"611\" title=\"Narodni Trida Praga\" loading=\"lazy\" src=\"https:\/\/praguetouristinformation.com\/es\/wp-content\/uploads\/2020\/12\/Narodni-Trida-Prague.jpg\" data-width=\"702\" data-height=\"429\" data-pinpro-key=\"vxupa5rr9\" style=\"aspect-ratio: auto 1000 \/ 611;\"><\/span><\/p>\n<p>N\u00e1rodn\u00ed T\u0159\u00edda recorre la frontera entre la ciudad vieja y la nueva hasta las orillas del Vltava. Es uno de los bulevares m\u00e1s importantes de Praga. Se puede llegar al N\u00e1rodn\u00ed T\u0159\u00edda en metro, l\u00ednea amarilla B, parada N\u00e1rodn\u00ed T\u0159\u00edda.<\/p>\n<p>Numerosos palacios se alternan con grandes almacenes, peque\u00f1as tiendas y boutiques, as\u00ed como con instituciones culturales. Los grandes almacenes My Narodni de 4 pisos tienen una terraza en el \u00faltimo piso que ofrece una <a data-id=\"713\" data-type=\"page\" href=\"https:\/\/praguetouristinformation.com\/es\/cosas-que-hacer\/puntos-de-vista\" style=\"outline: none;\">hermosa vista de Praga<\/a> . La cadena de supermercados brit\u00e1nica Tesco se puede contrar en un edificio de la d\u00e9cada de 1970 entonces conocido como M\u00e1j, que demuestra como una de las pocas tiendas departamentales en Checoslovaquia durante el comunismo. En 2006 el edificio fue declarado \u201cMonumento Cultural de la Rep\u00fablica Checa\u201d.<\/p>\n<p>Adem\u00e1s de numerosos clubes de jazz y galer\u00edas, el Teatro Nacional tambi\u00e9n se encuentra en N\u00e1rodn\u00ed T\u0159\u00edda. Los restaurantes y caf\u00e9s invitan al descanso, entre ellos algunos de los <a data-id=\"258\" data-type=\"page\" href=\"https:\/\/praguetouristinformation.com\/es\/restaurantes\/cafes\" style=\"outline: none;\">caf\u00e9s m\u00e1s famosos de Praga<\/a> como el Caf\u00e9 Slavia o el Caf\u00e9 Luxor.<\/p>\n<p>Los muros circulares del casco antiguo sol\u00edan estar en el sitio de National Allee. La calle sol\u00eda llamarse New Allee, desde 1918 tiene su nombre actual, National Allee &#8211; N\u00e1rodn\u00ed T\u0159\u00edda. Una placa conmemorativa marca el lugar donde la polic\u00eda disolvi\u00f3 una manifestaci\u00f3n estudiantil en noviembre de 1989. El evento se considera el comienzo de la Revoluci\u00f3n de Terciopelo.<\/p>\n<p>La Plaza de Wenceslao se encuentra en las inmediaciones del N\u00e1rodn\u00ed T\u0159\u00edda, y est\u00e1 a solo unos minutos a pie de la <a data-id=\"594\" data-type=\"page\" href=\"https:\/\/praguetouristinformation.com\/es\/cosas-que-hacer\/ciudad-vieja\/torre-de-la-polvora\" style=\"outline: none;\">Torre de la P\u00f3lvora .<\/a><\/p>\n<h2 id=\"t-1670610122393\">4. Plaza de Wenceslao &#8211; V\u00e1clavsk\u00e9 n\u00e1m\u011bst\u00ed<\/h2>\n<p><span><img decoding=\"async\" alt=\"Plaza de Wenceslao en Praga\" data-id=\"2492\" width=\"702\" data-init-width=\"1000\" height=\"468\" data-init-height=\"667\" title=\"Plaza de Wenceslao en Praga\" loading=\"lazy\" src=\"https:\/\/praguetouristinformation.com\/es\/wp-content\/uploads\/2020\/12\/Der-Wenzelsplatz.jpg\" data-width=\"702\" data-height=\"468\" data-pinpro-key=\"14uphbjkh\" style=\"aspect-ratio: auto 1000 \/ 667;\"><\/span><\/p>\n<p>Alrededor de la Plaza de Wenceslao y las calles adyacentes hay una gran selecci\u00f3n de tiendas y boutiques en diferentes rangos de precios. Se puede llegar a la plaza de Wenceslao en metro, linea verde A o linea amarilla B, parada M\u016fstek oa trav\u00e9s de la parada Muzeum, linea amarilla A o linea roja C.<\/p>\n<p>Adem\u00e1s de algunos grandes almacenes, hay muchas tiendas minoristas que ofrecen moda y art\u00edculos de todo tipo. Aqu\u00ed tambi\u00e9n se encuentra la sede de la zapater\u00eda Bat&#8217;a, con representaci\u00f3n mundial, as\u00ed como 2 sucursales de C&amp;A. Numerosas tiendas de discos y librer\u00edas, as\u00ed como librer\u00edas de anticuario, que a menudo tambi\u00e9n tienen grandes existencias de libros alemanes, lo invite a visitar.<\/p>\n<p>Las sucursales de fabricaci\u00f3n ofrecen jabones hechos a mano, juguetes de madera, cer\u00e1mica y el famoso vidrio checo. Numerosos caf\u00e9s, restaurantes y bares lo invitan a relajarse despu\u00e9s de ir de compras.<\/p>\n<p>En realidad, la Plaza de Wenceslao no es una plaza, sino un bulevar de 60 metros de ancho y 750 metros de largo. Desde la fundaci\u00f3n de la nueva ciudad en 1348, ha sido su punto focal. Dado que aqu\u00ed sol\u00eda tener lugar un mercado de caballos, la plaza originalmente se llamaba \u00abRossmarkt\u00bb, y solo obtuvo su nombre actual en 1848. La plaza a menudo serv\u00eda como tel\u00f3n de fondo para manifestaciones y manifestaciones pol\u00edticas.<\/p>\n<p>La principal atracci\u00f3n de la Plaza de Wenceslao es la estatua ecuestre de San Wenceslao, as\u00ed como el <a data-id=\"654\" data-type=\"page\" href=\"https:\/\/praguetouristinformation.com\/es\/cosas-que-hacer\/museos\/nacional\" style=\"outline: none;\">Museo Nacional<\/a> . La plaza de la Ciudad Vieja y la plaza de la Rep\u00fablica est\u00e1n a solo 600 metros.<\/p>\n<h2 id=\"t-1670610122394\">5. Calle Par\u00eds &#8211; Pa\u0159\u00edzska \u00falica<\/h2>\n<p><span><img decoding=\"async\" alt=\"Pariser Strasse en Praga\" data-id=\"2493\" width=\"702\" data-init-width=\"1000\" height=\"468\" data-init-height=\"667\" title=\"Pariser Strasse en Praga\" loading=\"lazy\" src=\"https:\/\/praguetouristinformation.com\/es\/wp-content\/uploads\/2020\/12\/Die-Pariser-Strasse.jpg\" data-width=\"702\" data-height=\"468\" data-pinpro-key=\"jx2h8n3vg\" style=\"aspect-ratio: auto 1000 \/ 667;\"><\/span><\/p>\n<p>Pariser Strasse es la calle comercial m\u00e1s cara y lujosa de Praga. El bulevar de 24 metros de ancho y 660 metros de largo, que est\u00e1 arbolado a ambos lados, atraviesa directamente el <a data-id=\"612\" data-type=\"page\" href=\"https:\/\/praguetouristinformation.com\/es\/cosas-que-hacer\/barrio-judio\" style=\"outline: none;\">barrio jud\u00edo de Praga<\/a> en direcci\u00f3n al Vltava, formando as\u00ed una transici\u00f3n entre la ciudad vieja y la nueva. Se puede llegar a Pariser Stra\u00dfe en metro, linea verde A, parada Starom\u011bstsk\u00e1. La parada Pa\u0159\u00edzka de la l\u00ednea de autob\u00fas 194 est\u00e1 aproximadamente en el medio de la calle.<\/p>\n<p>Las tiendas y boutiques de las casas modernistas y neobarrocas ofrecen una mezcla de marcas internacionales y marcas de lujo. Hay numerosas joyer\u00edas y boutiques de dise\u00f1adores. Muchos dise\u00f1adores grandes y conocidos han abierto sucursales aqu\u00ed con sus productos de marca, por lo que encontrar\u00e1n Cartier, Dior, Gucci y Burberry, as\u00ed como Hermes, Rolex, Prada, Boss, Armani y Louis Vuitton y muchos m\u00e1s.<\/p>\n<p>Numbers of restaurants and cafes lo invitan a quedarse, por lo que la variada oferta representa una combinaci\u00f3n perfecta del estilo de Praga y el ambiente cosmopolita, el nivel de precios tambi\u00e9n est\u00e1 en el rango superior aqu\u00ed.<\/p>\n<p>En las calles laterales de Pa\u0159\u00edzka \u00falica hay peque\u00f1as boutiques dirigidas por dise\u00f1adores checos como Klara Nademlynska, una de las dise\u00f1adoras de moda m\u00e1s famosas y exitosas de Praga. Tambi\u00e9n vale la pena mencionar la boutique Tatiana, que vende ropa de mujer, y la boutique Timoure et Group, donde puedes encontrar trajes, abrigos y chaquetas hechos a medida.<\/p>\n<p>Incluso por la noche, cuando las tiendas est\u00e1n cerradas, merece la pena visitar Pariser Strasse por su estilo.<\/p>\n<p>Pariser Strasse debe su nombre a varias calles de aspecto similar en Par\u00eds.<\/p>\n<p>Una visita al barrio jud\u00edo y un recorrido por las sinagogas se pueden combinar perfectamente con un paseo por Pariser Strasse.<\/p>\n<h2 id=\"t-1670610122395\">6. Calle Havelska &#8211; Havelsk\u00e9 tr\u017ei\u0161t\u011b<\/h2>\n<p><span><img decoding=\"async\" alt=\"Calle Havelska en Praga\" data-id=\"2494\" width=\"702\" data-init-width=\"1000\" height=\"468\" data-init-height=\"667\" title=\"Calle Havelska en Praga\" loading=\"lazy\" src=\"https:\/\/praguetouristinformation.com\/es\/wp-content\/uploads\/2020\/12\/Die-Havelska-Strasse.jpg\" data-width=\"702\" data-height=\"468\" data-pinpro-key=\"gzfaxoc42\" style=\"aspect-ratio: auto 1000 \/ 667;\"><\/span><\/p>\n<p>La calle Havelska es una calle lateral de la calle Melantrichova y se puede llegar en metro, line amarilla B, parada M\u016fstek, desde all\u00ed hay unos minutos a pie. Tambi\u00e9n puede llegar f\u00e1cilmente a pie desde Na P\u0159\u00edkop\u011b, desde el foso.<\/p>\n<p>Aqu\u00ed no encontrar\u00e1 marcas de lujo ni dise\u00f1adores de renombre internacional. <a data-id=\"1109\" data-type=\"page\" href=\"https:\/\/praguetouristinformation.com\/es\/compras\/mercados\" style=\"outline: none;\">El \u00fanico mercado sobreviviente de la antigua Praga<\/a> est\u00e1 en la calle Havelska . Data de 1232. El Mercado Havel &#8211; Havelsk\u00e9 tr\u017ei\u0161t\u011b &#8211; it el mercado permanente en el centro de la ciudad. Los peque\u00f1os puestos de madera instalados permanentemente est\u00e1n abiertos todo el a\u00f1o. Los puestos ofrecen artesan\u00edas, juguetes y mu\u00f1ecos de madera, flores, marroquiner\u00eda, ceramica, frutas y verduras. Est\u00e1s buscando un recuerdo t\u00edpico checo, ha venido al lugar correcto.<\/p>\n<p>En los alrededores, tambi\u00e9n, muchas tiendas y boutiques m\u00e1s peque\u00f1as, as\u00ed como numerosas <a data-id=\"326\" data-type=\"page\" href=\"https:\/\/praguetouristinformation.com\/es\/compras\/recuerdos\" style=\"outline: none;\">tiendas de souvenirs<\/a> lo invitan a pasear, y numerosos restaurantes y caf\u00e9s lo invitan a relajarse.<\/p>\n<p>Ubicado justo en el centro de Praga, puede llegar r\u00e1pidamente a las calles comerciales de la zona y a la plaza de Wenceslao desde Havelsk\u00e9 tr\u017ei\u0161t\u011b.<\/p>\n<ul>\n<li>Puede encontrar m\u00e1s consejos de compras en nuestra <a data-id=\"765\" data-type=\"page\" href=\"https:\/\/praguetouristinformation.com\/es\/compras\" style=\"outline: none;\">Gu\u00eda de compras de Praga<\/a> .<\/li>\n<\/ul>\n<p style=\"text-align: center;\"><a href=\"https:\/\/www.google.com\/maps\/d\/u\/1\/viewer?hl=en&amp;mid=1PONAcIXQkZp7IKi8YPJESNh8trgfki_r&amp;ll=50.08610444691974%2C14.422191899999968&amp;z=16\" target=\"_blank\" rel=\"noopener\">(enlace al mapa)<\/a><\/p>\n","protected":false},"excerpt":{"rendered":"<p>Puedes ir de compras a todas partes en Praga y hay algo para todos los gustos. La mayor densidad de direcciones de compras de moda se puede encontrar en la llamada \u00abCruz Dorada\u00bb, no lejos de la Plaza de Wenceslao, y aquellos que buscan lujo van a Pariser Strasse. Para darle una idea aproximada de [&hellip;]<\/p>\n","protected":false},"author":6,"featured_media":2488,"parent":765,"menu_order":0,"comment_status":"open","ping_status":"closed","template":"","meta":{"footnotes":""},"categories":[],"tags":[30,34],"class_list":["post-202","page","type-page","status-publish","has-post-thumbnail","hentry","tag-lifestyle","tag-shopping","post-wrapper","thrv_wrapper"],"_links":{"self":[{"href":"https:\/\/praguetouristinformation.com\/es\/wp-json\/wp\/v2\/pages\/202","targetHints":{"allow":["GET"]}}],"collection":[{"href":"https:\/\/praguetouristinformation.com\/es\/wp-json\/wp\/v2\/pages"}],"about":[{"href":"https:\/\/praguetouristinformation.com\/es\/wp-json\/wp\/v2\/types\/page"}],"author":[{"embeddable":true,"href":"https:\/\/praguetouristinformation.com\/es\/wp-json\/wp\/v2\/users\/6"}],"replies":[{"embeddable":true,"href":"https:\/\/praguetouristinformation.com\/es\/wp-json\/wp\/v2\/comments?post=202"}],"version-history":[{"count":12,"href":"https:\/\/praguetouristinformation.com\/es\/wp-json\/wp\/v2\/pages\/202\/revisions"}],"predecessor-version":[{"id":5225,"href":"https:\/\/praguetouristinformation.com\/es\/wp-json\/wp\/v2\/pages\/202\/revisions\/5225"}],"up":[{"embeddable":true,"href":"https:\/\/praguetouristinformation.com\/es\/wp-json\/wp\/v2\/pages\/765"}],"wp:featuredmedia":[{"embeddable":true,"href":"https:\/\/praguetouristinformation.com\/es\/wp-json\/wp\/v2\/media\/2488"}],"wp:attachment":[{"href":"https:\/\/praguetouristinformation.com\/es\/wp-json\/wp\/v2\/media?parent=202"}],"wp:term":[{"taxonomy":"category","embeddable":true,"href":"https:\/\/praguetouristinformation.com\/es\/wp-json\/wp\/v2\/categories?post=202"},{"taxonomy":"post_tag","embeddable":true,"href":"https:\/\/praguetouristinformation.com\/es\/wp-json\/wp\/v2\/tags?post=202"}],"curies":[{"name":"wp","href":"https:\/\/api.w.org\/{rel}","templated":true}]}}