{"id":1109,"date":"2020-10-26T09:54:29","date_gmt":"2020-10-26T09:54:29","guid":{"rendered":"https:\/\/praguetouristinformation.com\/es\/?page_id=1109"},"modified":"2025-08-07T09:25:03","modified_gmt":"2025-08-07T09:25:03","slug":"mercados","status":"publish","type":"page","link":"https:\/\/praguetouristinformation.com\/es\/compras\/mercados","title":{"rendered":"5 Mejores mercados de Praga: Informaci\u00f3n, consejos y visitas"},"content":{"rendered":"<h3 id=\"t-1670400875104\">Los mercados de Praga tienen mucho que ofrecer: productos frescos, delicias locales, recuerdos t\u00edpicos, artesan\u00edas tradicionales.<\/h3>\n<p>Adem\u00e1s, tambi\u00e9n proporcionan una visi\u00f3n de la cultura checa.<\/p>\n<p>Consulte nuestra lista de los 5 mejores mercados de Praga para descubrir cu\u00e1les no debe perderse. Finalmente, respondemos preguntas comunes sobre los mercados y compartimos algunos de los recorridos a pie m\u00e1s populares en Praga.<\/p>\n<h2 style=\"\">Prague Visitor Pass<\/h2>\n<p data-pm-slice=\"1 1 []\">El Prague Visitor Pass te da acceso a las principales atracciones, museos y al transporte p\u00fablico de la ciudad, ideal para explorar Praga con flexibilidad y eficiencia.<\/p>\n<p style=\"\">\u00a1Utiliza nuestro c\u00f3digo de descuento exclusivo <strong>pragueti5<\/strong> y obt\u00e9n un<strong> 5\u202f% de descuento!<\/strong><\/p>\n<p>__CONFIG_colors_palette__{\u00abactive_palette\u00bb:0,\u00bbconfig\u00bb:{\u00abcolors\u00bb:{\u00ab110d6\u00bb:{\u00abname\u00bb:\u00bbMain Accent\u00bb,\u00bbparent\u00bb:-1}},\u00bbgradients\u00bb:[]},\u00bbpalettes\u00bb:[{\u00abname\u00bb:\u00bbDefault Palette\u00bb,\u00bbvalue\u00bb:{\u00abcolors\u00bb:{\u00ab110d6\u00bb:{\u00abval\u00bb:\u00bbvar(e8c68)\u00bb}},\u00bbgradients\u00bb:[]},\u00bboriginal\u00bb:{\u00abcolors\u00bb:{\u00ab110d6\u00bb:{\u00abval\u00bb:\u00bbrgb(19, 114, 211)\u00bb,\u00bbhsl\u00bb:{\u00abh\u00bb:210,\u00bbs\u00bb:0.83,\u00bbl\u00bb:0.45}}},\u00bbgradients\u00bb:[]}}]}__CONFIG_colors_palette__ <a href=\"https:\/\/praguevisitorpass.eu\/?lang=es-es\" style=\"font-size: var(--tve-font-size, 14px) !important;\" rel=\"noopener\" target=\"_blank\"><span style=\"\">    <\/span> <span style=\"\"><span>M\u00e1s informaci\u00f3n<\/span><\/span> <\/a>  <\/p>\n<h2 id=\"t-1670400875105\">1. Havel (Havelmarkt)<\/h2>\n<p><span><img decoding=\"async\" alt=\"\" data-id=\"3593\" width=\"688\" data-init-width=\"1000\" height=\"459\" data-init-height=\"667\" title=\"Signo de Havels Market Street en Praga\" loading=\"lazy\" src=\"https:\/\/praguetouristinformation.com\/es\/wp-content\/uploads\/2022\/12\/Havelske-trziste-in-Prague.jpg\" data-width=\"688\" data-height=\"459\" data-pinpro-key=\"u8brc2oew\" style=\"aspect-ratio: auto 1000 \/ 667;\"><\/span><\/p>\n<p>El Mercado Havel, que data de 1232, es el mercado tur\u00edstico m\u00e1s popular de Praga. Es el \u00fanico mercado que queda en el casco antiguo. Los visitantes encontrar\u00e1n el mercado tradicional entre la Plaza de <a href=\"https:\/\/praguetouristinformation.com\/es\/cosas-que-hacer\/ciudad-vieja\/plaza-de-wenceslao\" style=\"outline: none;\">Wenceslao<\/a> y la Plaza de <a href=\"https:\/\/praguetouristinformation.com\/es\/cosas-que-hacer\/ciudad-vieja\/anillo-de-la-ciudad-vieja\" style=\"outline: none;\">la Ciudad Vieja<\/a> .<\/p>\n<p>Adem\u00e1s de frutas y verduras frescas, tambi\u00e9n hay innumerables recuerdos tradicionales, artesan\u00edas, textiles y especialidades checas. Las obleas de Karlovy Vary en diferentes variaciones y los recuerdos t\u00edpicos checos son populares entre los turistas. El Havelmarkt est\u00e1 abierto todos los d\u00edas.<\/p>\n<ul>\n<li><strong><a href=\"https:\/\/www.google.com\/maps\/place\/Havelsk%C3%A9+tr%C5%BEi%C5%A1t%C4%9B\/@50.0851687,14.4203971,18z\/data=!4m13!1m7!3m6!1s0x470b94eea13ccf83:0x2ab0c7a110b8f5aa!2zSGF2ZWxza8OhLCAxMTAgMDAgU3RhcsOpIE3Em3N0bywgVHNjaGVjaGllbg!3b1!8m2!3d50.085167!4d14.4214914!3m4!1s0x470b94ee9047d2a7:0x611c95a9156c477c!8m2!3d50.0847597!4d14.4209558\" target=\"_blank\" style=\"outline: none;\" rel=\"noopener\">Direcci\u00f3n:<\/a> <\/strong> Havelsk\u00e1 13, 110 00 Star\u00e9 M\u011bsto, Rep\u00fablica Checa<\/li>\n<\/ul>\n<h2 id=\"t-1670400875106\" data-alt-text=\"2. Markthalle \">2. Mercado (Pra\u017esk\u00e1 tr\u017enice)<\/h2>\n<p><span><img decoding=\"async\" alt=\"\" data-id=\"3705\" width=\"688\" data-init-width=\"1000\" height=\"459\" data-init-height=\"667\" title=\"Gran selecci\u00f3n de dulces coloridos y dulces de chocolate a la venta\" loading=\"lazy\" src=\"https:\/\/praguetouristinformation.com\/es\/wp-content\/uploads\/2022\/12\/prague-market-.jpg\" data-width=\"688\" data-height=\"459\" data-pinpro-key=\"b8k3bx4k5\" style=\"aspect-ratio: auto 1000 \/ 667;\"><\/span><\/p>\n<p>Los numerosos puestos del Mercado de Praga atraen con una amplia gama de productos como frutas, salchichas, queso, flores, productos horneados, ropa, art\u00edculos para el hogar y recuerdos. El animado mercado del distrito de Hole\u0161ovice impresiona con el mercado de verduras m\u00e1s grande (en el pabell\u00f3n n.\u00ba 22) y un ambiente de mercado \u00fanico.<\/p>\n<p>El Mercado de Praga est\u00e1 abierto todos los d\u00edas de 8 a. m. a 8 p. m. y est\u00e1 ubicado en un antiguo matadero de 1890. El mercado es popular entre los lugare\u00f1os y los turistas por igual.<\/p>\n<ul>\n<li><a href=\"https:\/\/www.google.com\/maps\/place\/The+Prague+Market\/@50.1007448,14.4465187,14z\/data=!4m12!1m6!3m5!1s0x0:0x9fd94120a3633220!2sThe+Prague+Market!8m2!3d50.0994427!4d14.4464004!3m4!1s0x0:0x9fd94120a3633220!8m2!3d50.0994427!4d14.4464004\" target=\"_blank\" style=\"outline: none;\" rel=\"noopener\"><b>Direcci\u00f3n:<\/b><\/a> Bubensk\u00e9 n\u00e1b\u0159. 306, 170 00 Praga 7-Hole\u0161ovice, Rep\u00fablica Checa<\/li>\n<\/ul>\n<h2 id=\"t-1670400875107\" data-alt-text=\"3. Bauernmarkt N\u00e1plavka \">3. Mercado de agricultores de N\u00e1plavka (Farm\u00e1\u0159sk\u00e9 trhy na N\u00e1plavce)<\/h2>\n<p><span><img decoding=\"async\" alt=\"\" data-id=\"3704\" width=\"688\" data-init-width=\"1000\" height=\"430\" data-init-height=\"625\" title=\"Cesta de bayas frescas y jugosas en el mercado de agricultores.\" loading=\"lazy\" src=\"https:\/\/praguetouristinformation.com\/es\/wp-content\/uploads\/2022\/12\/prague-farmers-market.jpg\" data-width=\"688\" data-height=\"430\" data-pinpro-key=\"es1op1d8e\" style=\"aspect-ratio: auto 1000 \/ 625;\"><\/span><\/p>\n<p>El mercado en el paseo mar\u00edtimo de N\u00e1plavka es uno de los mercados de agricultores locales m\u00e1s populares. A solo 20 minutos del casco antiguo de <a href=\"https:\/\/praguetouristinformation.com\/es\/cosas-que-hacer\/ciudad-vieja\" style=\"outline: none;\">Praga<\/a> , el Farmer&#8217;s Market ofrece artesan\u00edas de alta calidad, frutas y verduras org\u00e1nicas regionales, as\u00ed como pan, vino y productos horneados elaborados tradicionalmente con vistas al r\u00edo Vltava.<\/p>\n<p>Los peque\u00f1os snack bars satisfacen el hambre de los peque\u00f1os. El mercado de N\u00e1plavka vende sus productos todos los s\u00e1bados desde las 8 a.m.<\/p>\n<ul>\n<li><a href=\"https:\/\/www.google.com\/maps\/place\/Bauernmarkt\/@50.0706543,14.4140152,18.5z\/data=!4m5!3m4!1s0x0:0xbe27b6c2d22d02c2!8m2!3d50.070581!4d14.414094\" target=\"_blank\" style=\"outline: none;\" rel=\"noopener\"><b>Direcci\u00f3n<\/b><\/a><b> :&nbsp;<\/b> n\u00e1plavka Ra\u0161\u00ednova n\u00e1b\u0159e\u017e\u00ed, Praha 2, 120 00 Praha 2, Rep\u00fablica Checa<\/li>\n<\/ul>\n<h2 id=\"t-1670400875108\" data-alt-text=\"4. Flohmarkt U Elektry \">4. Mercadillo U Elektry (BLE\u0160\u00cd TRHY Praha)<\/h2>\n<p><span><img decoding=\"async\" alt=\"\" data-id=\"3706\" width=\"688\" data-init-width=\"1000\" height=\"459\" data-init-height=\"667\" title=\"Cosas usadas vintage en un mercadillo callejero en Praga\" loading=\"lazy\" src=\"https:\/\/praguetouristinformation.com\/es\/wp-content\/uploads\/2022\/12\/prague-flea-market.jpg\" data-width=\"688\" data-height=\"459\" data-pinpro-key=\"u1hpu5wj3\" style=\"aspect-ratio: auto 1000 \/ 667;\"><\/span><\/p>\n<p>Tambi\u00e9n vale la pena ver el mercado de pulgas U Elektry, anteriormente Kolbenova, el mercado de pulgas m\u00e1s grande de Praga. Cada fin de semana, el mercado de pulgas en la calle U Elektry en Praga-Vyso\u010dany atrae a los cazadores de gangas y fan\u00e1ticos de las <a href=\"https:\/\/praguetouristinformation.com\/es\/compras\" style=\"outline: none;\">compras<\/a> en Praga. En un \u00e1rea de m\u00e1s de 50.000 metros cuadrados, los visitantes pueden descubrir todo tipo de curiosidades, pero tambi\u00e9n comestibles baratos y verdaderos tesoros.<\/p>\n<p>El mercado de pulgas tiene lugar los s\u00e1bados y domingos de 6 am a 2 pm y cobra una tarifa de entrada. Un autob\u00fas lanzadera gratuito circula entre la estaci\u00f3n de metro \u00abHloub\u011bt\u00edn\u00bb y el mercadillo.<\/p>\n<ul>\n<li><a href=\"https:\/\/www.google.com\/maps\/place\/Flea+market\/@50.1020679,14.5179677,17.75z\/data=!4m12!1m6!3m5!1s0x470becda9067cd9f:0x2e3010ce9e656f21!2sFlea+market!8m2!3d50.102068!4d14.5193126!3m4!1s0x470becda9067cd9f:0x2e3010ce9e656f21!8m2!3d50.102068!4d14.5193126\" target=\"_blank\" style=\"outline: none;\" rel=\"noopener\"><b>Direcci\u00f3n<\/b><\/a><b> :&nbsp;<\/b> U Elektry 7, 190 00 Praha 9, Rep\u00fablica Checa<\/li>\n<\/ul>\n<h2 id=\"t-1670400875109\" data-alt-text=\"5. Bauernmarkt Kub\u00e1\u0148 \">5. Mercado de agricultores de Kub\u00e1\u0148 (Farm\u00e1\u0159sk\u00e9 tr\u017ei\u0161t\u011b Kub\u00e1\u0148)<\/h2>\n<p><span><img decoding=\"async\" alt=\"\" data-id=\"3707\" width=\"688\" data-init-width=\"1000\" height=\"459\" data-init-height=\"667\" title=\"Zanahorias, r\u00e1banos y espinacas en el mostrador.\" loading=\"lazy\" src=\"https:\/\/praguetouristinformation.com\/es\/wp-content\/uploads\/2022\/12\/kuban-farmers-market-prague.jpg\" data-width=\"688\" data-height=\"459\" data-pinpro-key=\"krqsfokos\" style=\"aspect-ratio: auto 1000 \/ 667;\"><\/span><\/p>\n<p>Este mercado de agricultores se encuentra en las afueras de la plaza Kub\u00e1nsk\u00e9 n\u00e1m\u011bst\u00ed en el nuevo distrito de moda de Praga, Vr\u0161ovice. En el tranquilo mercado, los visitantes encontrar\u00e1n principalmente productos frescos y de alta calidad, como frutas, verduras, carne ahumada, queso, vino y pasteles.<\/p>\n<p>Menci\u00f3n aparte merecen los puestos de comida con una selecci\u00f3n de delicias locales. Aunque el mercado de agricultores es frecuentado principalmente por lugare\u00f1os, se recomienda principalmente por su ambiente aut\u00e9ntico y sus especialidades checas. El mercado abre sus puertas todos los martes, jueves y s\u00e1bados.<\/p>\n<ul>\n<li><a href=\"https:\/\/www.google.com\/maps\/place\/Kub%C3%A1nsk%C3%A9+n%C3%A1m%C4%9Bst%C3%AD\/@50.071241,14.4776484,18.25z\/data=!4m8!1m2!2m1!1zS3Viw6Fuc2vDqSBuw6FtxJtzdMOtLCBQcmFnIDEwLVZyxaFvdmljZSwgVHNjaGVjaGllbg!3m4!1s0x470b9372e14cdd91:0x6775a8b7bfaef66f!8m2!3d50.0713784!4d14.47843951\" target=\"_blank\" rel=\"noopener\"><b>Direcci\u00f3n<\/b><\/a><b> :&nbsp;<\/b> Kub\u00e1nsk\u00e9 n\u00e1m., 100 00 Praha 10-Vr\u0161ovice, Rep\u00fablica Checa<\/li>\n<\/ul>\n<h2 style=\"\" id=\"t-1670400875110\" data-alt-text=\"FAQ \">Mercados en Praga FAQ (Preguntas frecuentes)<\/h2>\n<h2 style=\"\" id=\"t-1670400875111\">Recorridos a pie populares de Praga<\/h2>\n<p><!-- GetYourGuide Analytics -->[tcb-script async=\u00bb\u00bb defer=\u00bb\u00bb src=\u00bbhttps:\/\/widget.getyourguide.com\/dist\/pa.umd.production.min.js\u00bb data-gyg-partner-id=\u00bb0F6NPGN\u00bb][\/tcb-script]<\/p>\n","protected":false},"excerpt":{"rendered":"<p>Los mercados de Praga tienen mucho que ofrecer: productos frescos, delicias locales, recuerdos t\u00edpicos, artesan\u00edas tradicionales. Adem\u00e1s, tambi\u00e9n proporcionan una visi\u00f3n de la cultura checa. Consulte nuestra lista de los 5 mejores mercados de Praga para descubrir cu\u00e1les no debe perderse. Finalmente, respondemos preguntas comunes sobre los mercados y compartimos algunos de los recorridos a [&hellip;]<\/p>\n","protected":false},"author":6,"featured_media":2851,"parent":765,"menu_order":0,"comment_status":"open","ping_status":"closed","template":"","meta":{"footnotes":""},"categories":[],"tags":[31,30,34],"class_list":["post-1109","page","type-page","status-publish","has-post-thumbnail","hentry","tag-essen","tag-lifestyle","tag-shopping","post-wrapper","thrv_wrapper"],"_links":{"self":[{"href":"https:\/\/praguetouristinformation.com\/es\/wp-json\/wp\/v2\/pages\/1109","targetHints":{"allow":["GET"]}}],"collection":[{"href":"https:\/\/praguetouristinformation.com\/es\/wp-json\/wp\/v2\/pages"}],"about":[{"href":"https:\/\/praguetouristinformation.com\/es\/wp-json\/wp\/v2\/types\/page"}],"author":[{"embeddable":true,"href":"https:\/\/praguetouristinformation.com\/es\/wp-json\/wp\/v2\/users\/6"}],"replies":[{"embeddable":true,"href":"https:\/\/praguetouristinformation.com\/es\/wp-json\/wp\/v2\/comments?post=1109"}],"version-history":[{"count":8,"href":"https:\/\/praguetouristinformation.com\/es\/wp-json\/wp\/v2\/pages\/1109\/revisions"}],"predecessor-version":[{"id":5219,"href":"https:\/\/praguetouristinformation.com\/es\/wp-json\/wp\/v2\/pages\/1109\/revisions\/5219"}],"up":[{"embeddable":true,"href":"https:\/\/praguetouristinformation.com\/es\/wp-json\/wp\/v2\/pages\/765"}],"wp:featuredmedia":[{"embeddable":true,"href":"https:\/\/praguetouristinformation.com\/es\/wp-json\/wp\/v2\/media\/2851"}],"wp:attachment":[{"href":"https:\/\/praguetouristinformation.com\/es\/wp-json\/wp\/v2\/media?parent=1109"}],"wp:term":[{"taxonomy":"category","embeddable":true,"href":"https:\/\/praguetouristinformation.com\/es\/wp-json\/wp\/v2\/categories?post=1109"},{"taxonomy":"post_tag","embeddable":true,"href":"https:\/\/praguetouristinformation.com\/es\/wp-json\/wp\/v2\/tags?post=1109"}],"curies":[{"name":"wp","href":"https:\/\/api.w.org\/{rel}","templated":true}]}}