{"id":1100,"date":"2020-10-26T09:36:54","date_gmt":"2020-10-26T09:36:54","guid":{"rendered":"https:\/\/praguetouristinformation.com\/es\/?page_id=1100"},"modified":"2023-05-03T12:11:30","modified_gmt":"2023-05-03T12:11:30","slug":"distritos","status":"publish","type":"page","link":"https:\/\/praguetouristinformation.com\/es\/plan\/distritos","title":{"rendered":"10 Distritos de Praga: Gu\u00eda de alojamiento durante el viaje"},"content":{"rendered":"<h3 id=\"t-1670571338587\">Praga est\u00e1 dividida en 10 distritos.<\/h3>\n<p>El distrito 1 es el centro de la ciudad y, por lo tanto, el distrito m\u00e1s importante de Praga.<\/p>\n<p>Los mejores distritos para vivir en un viaje por la ciudad son los distritos 1 y 2.<\/p>\n<p>Aqu\u00ed describimos los diez distritos de Praga en detalle:<\/p>\n<h2 id=\"t-1670571338588\">Distrito 1 (Praha 1)<\/h2>\n<p><span><img decoding=\"async\" alt=\"Distrito 1 (Praha 1)\" data-id=\"2335\" width=\"702\" data-init-width=\"1000\" height=\"468\" data-init-height=\"667\" title=\"Distrito 1 (Praha 1)\" loading=\"lazy\" src=\"https:\/\/praguetouristinformation.com\/es\/wp-content\/uploads\/2020\/12\/Bezirk-1-Praha-1.jpg\" data-width=\"702\" data-height=\"468\" data-pin-media=\"https:\/\/praguetouristinformation.com\/es\/wp-content\/uploads\/2021\/02\/59.jpg\" data-pin-description=\"10 distritos de Praga: gu\u00eda de alojamiento durante el viaje in 2022\" data-pin-url=\"https:\/\/praguetouristinformation.com\/es\/plan\/distritos?tve=true&amp;tcbf=3c0ae20cee\" data-pinpro-key=\"yezs0j9ty\"><\/span><\/p>\n<p>Este distrito es el centro de la ciudad de Praga y EL lugar favorito para vivir, especialmente para quienes viajan por primera vez. Incluye la <a data-id=\"742\" data-type=\"page\" href=\"https:\/\/praguetouristinformation.com\/es\/cosas-que-hacer\/ciudad-vieja\" style=\"outline: none;\">Ciudad Vieja<\/a> , el Barrio Jud\u00edo y las \u00e1reas adyacentes de la Ciudad Peque\u00f1a, el Distrito del Castillo de Hradcany y la Ciudad Nueva.<\/p>\n<p>Como coraz\u00f3n hist\u00f3rico y cultural de la ciudad, el Distrito 1 alberga <a data-id=\"247\" data-type=\"page\" href=\"https:\/\/praguetouristinformation.com\/es\/cosas-que-hacer\" style=\"outline: none;\">las principales atracciones de Praga<\/a> . Tambi\u00e9n hay una gran selecci\u00f3n de opciones de <a data-id=\"763\" data-type=\"page\" href=\"https:\/\/praguetouristinformation.com\/es\/hoteles\" style=\"outline: none;\">hoteles<\/a> , compras y vida nocturna, as\u00ed como la famosa vida nocturna de Praga. Sin embargo, no esperes mucho silencio.<\/p>\n<h2 id=\"t-1670571338589\">Distrito 2 (Praga 2)<\/h2>\n<p><span><img decoding=\"async\" alt=\"Distrito 2 (Praga 2)\" data-id=\"2336\" width=\"702\" data-init-width=\"1000\" height=\"468\" data-init-height=\"667\" title=\"Distrito 2 (Praga 2)\" loading=\"lazy\" src=\"https:\/\/praguetouristinformation.com\/es\/wp-content\/uploads\/2020\/12\/Bezirk-2-Praha-2.jpg\" data-width=\"702\" data-height=\"468\" data-pin-media=\"https:\/\/praguetouristinformation.com\/es\/wp-content\/uploads\/2021\/02\/59.jpg\" data-pin-description=\"10 distritos de Praga: gu\u00eda de alojamiento durante el viaje in 2022\" data-pin-url=\"https:\/\/praguetouristinformation.com\/es\/plan\/distritos?tve=true&amp;tcbf=3c0ae20cee\" data-pinpro-key=\"aaa9evp8e\"><\/span><\/p>\n<p>Praha 2 se caracteriza por una buena ubicaci\u00f3n, una variada oferta culinaria y una serie de iglesias y <a data-id=\"137\" data-type=\"page\" href=\"https:\/\/praguetouristinformation.com\/es\/cosas-que-hacer\/museos\" style=\"outline: none;\">museos de Praga<\/a> . Es el hogar del distrito de Vy\u0161ehrad cerca del centro con el castillo del mismo nombre y el popular suburbio de Vinohrady, que cuenta con excelentes restaurantes y espacios verdes.<\/p>\n<p>Adem\u00e1s, parte de la Ciudad Nueva pertenece al Distrito 2. Como Praga 2 es muy monta\u00f1osa, hay muchos lugares para disfrutar de <a data-id=\"713\" data-type=\"page\" href=\"https:\/\/praguetouristinformation.com\/es\/cosas-que-hacer\/puntos-de-vista\" style=\"outline: none;\">hermosas vistas .<\/a><\/p>\n<h2 id=\"t-1670571338590\">Distrito 3 (Praga 3)<\/h2>\n<p><span><img decoding=\"async\" alt=\"Distrito 3 (Praga 3)\" data-id=\"2337\" width=\"702\" data-init-width=\"1000\" height=\"468\" data-init-height=\"667\" title=\"Distrito 3 (Praga 3)\" loading=\"lazy\" src=\"https:\/\/praguetouristinformation.com\/es\/wp-content\/uploads\/2020\/12\/Bezirk-3-Praha-3.jpg\" data-width=\"702\" data-height=\"468\" data-pin-media=\"https:\/\/praguetouristinformation.com\/es\/wp-content\/uploads\/2021\/02\/59.jpg\" data-pin-description=\"10 distritos de Praga: gu\u00eda de alojamiento durante el viaje in 2022\" data-pin-url=\"https:\/\/praguetouristinformation.com\/es\/plan\/distritos?tve=true&amp;tcbf=3c0ae20cee\" data-pinpro-key=\"5trzcqi36\"><\/span><\/p>\n<p>El Distrito 3 es una combinaci\u00f3n interesante. El distrito de \u017di\u017ekov ocupa una gran parte, un t\u00edpico distrito de clase trabajadora con la Torre de Televisi\u00f3n de Praga como principal atracci\u00f3n.<\/p>\n<p>El \u017di\u017ekov \u00abinferior\u00bb debe evitarse como turista. Parte del exclusivo Vinohrady, que est\u00e1 cerca del centro y consiste principalmente en \u00e1reas residenciales, tambi\u00e9n pertenece al distrito. Ambas partes de la ciudad son menos tur\u00edsticas, pero en t\u00e9rminos de comida y alojamiento son comparativamente m\u00e1s baratas que el distrito 1.<\/p>\n<h2 id=\"t-1670571338591\">Distrito 4 (Praga 4)<\/h2>\n<p><span><img decoding=\"async\" alt=\"Distrito 4 (Praga 4)\" data-id=\"2338\" width=\"702\" data-init-width=\"1000\" height=\"468\" data-init-height=\"667\" title=\"Distrito 4 (Praga 4)\" loading=\"lazy\" src=\"https:\/\/praguetouristinformation.com\/es\/wp-content\/uploads\/2020\/12\/Bezirk-4-Praha-4.jpg\" data-width=\"702\" data-height=\"468\" data-pin-media=\"https:\/\/praguetouristinformation.com\/es\/wp-content\/uploads\/2021\/02\/59.jpg\" data-pin-description=\"10 distritos de Praga: gu\u00eda de alojamiento durante el viaje in 2022\" data-pin-url=\"https:\/\/praguetouristinformation.com\/es\/plan\/distritos?tve=true&amp;tcbf=3c0ae20cee\" data-pinpro-key=\"tagqvng8c\"><\/span><\/p>\n<p>Praha 4 se encuentra en el sur de la ciudad, en la margen derecha del r\u00edo Vltava. El distrito se compone principalmente de zonas residenciales, lo que lo hace menos interesante para los turistas.<\/p>\n<p>Un atractivo podr\u00eda ser el distrito de Podol\u00ed, con sus tradicionales restaurantes y pubs checos, as\u00ed como su hermosa ubicaci\u00f3n junto al r\u00edo.<\/p>\n<h2 id=\"t-1670571338592\">Distrito 5 (Praga 5)<\/h2>\n<p><span><img decoding=\"async\" alt=\"Distrito 5 (Praga 5)\" data-id=\"2339\" width=\"702\" data-init-width=\"1000\" height=\"468\" data-init-height=\"667\" title=\"Distrito 5 (Praga 5)\" loading=\"lazy\" src=\"https:\/\/praguetouristinformation.com\/es\/wp-content\/uploads\/2020\/12\/Bezirk-5-Praha-5.jpg\" data-width=\"702\" data-height=\"468\" data-pin-media=\"https:\/\/praguetouristinformation.com\/es\/wp-content\/uploads\/2021\/02\/59.jpg\" data-pin-description=\"10 distritos de Praga: gu\u00eda de alojamiento durante el viaje in 2022\" data-pin-url=\"https:\/\/praguetouristinformation.com\/es\/plan\/distritos?tve=true&amp;tcbf=3c0ae20cee\" data-pinpro-key=\"dkzc2tgd9\"><\/span><\/p>\n<p>Este distrito atrae con hermosos parques y numerosas opciones de <a data-id=\"765\" data-type=\"page\" href=\"https:\/\/praguetouristinformation.com\/es\/compras\" style=\"outline: none;\">compras<\/a> y vida nocturna. El distrito industrial de Sm\u00edchov, que limita con la Ciudad Peque\u00f1a por el sur, es particularmente popular.<\/p>\n<p>Ofrece una buena selecci\u00f3n de restaurantes, discotecas y bares de moda, as\u00ed como un gran centro comercial. Sm\u00edchov es una buena alternativa si no quieres vivir en el centro.<\/p>\n<h2 id=\"t-1670571338593\">Distrito 6 (Praga 6)<\/h2>\n<p><span><img decoding=\"async\" alt=\"Distrito 6 (Praga 6)\" data-id=\"2340\" width=\"702\" data-init-width=\"1000\" height=\"468\" data-init-height=\"667\" title=\"Distrito 6 (Praga 6)\" loading=\"lazy\" src=\"https:\/\/praguetouristinformation.com\/es\/wp-content\/uploads\/2020\/12\/Bezirk-6-Praha-6.jpg\" data-width=\"702\" data-height=\"468\" data-pin-media=\"https:\/\/praguetouristinformation.com\/es\/wp-content\/uploads\/2021\/02\/59.jpg\" data-pin-description=\"10 distritos de Praga: gu\u00eda de alojamiento durante el viaje in 2022\" data-pin-url=\"https:\/\/praguetouristinformation.com\/es\/plan\/distritos?tve=true&amp;tcbf=3c0ae20cee\" data-pinpro-key=\"9tyzeh6mp\"><\/span><\/p>\n<p>Praha 6 en el oeste de Praga es considerado el distrito m\u00e1s exclusivo de la ciudad. Numerosos pol\u00edticos checos, empresarios extranjeros y diplom\u00e1ticos se han establecido en el elegante distrito.<\/p>\n<p>Praha 6 se caracteriza por elegantes villas, id\u00edlicos parques como \u0160\u00e1reck\u00e9 \u00fadol\u00ed y Hv\u011bzda y la proximidad al <a data-id=\"86\" data-type=\"page\" href=\"https:\/\/praguetouristinformation.com\/es\/plan\/llegar\/aeropuerto-vaclav-havel\" style=\"outline: none;\">aeropuerto<\/a> .<\/p>\n<h2 id=\"t-1670571338594\">Distrito 7 (Praha 7)<\/h2>\n<p><span><img decoding=\"async\" alt=\"Distrito 7 (Praha 7)\" data-id=\"2341\" width=\"702\" data-init-width=\"1000\" height=\"468\" data-init-height=\"667\" title=\"Distrito 7 (Praha 7)\" loading=\"lazy\" src=\"https:\/\/praguetouristinformation.com\/es\/wp-content\/uploads\/2020\/12\/Bezirk-7-Praha-7.jpg\" data-width=\"702\" data-height=\"468\" data-pin-media=\"https:\/\/praguetouristinformation.com\/es\/wp-content\/uploads\/2021\/02\/59.jpg\" data-pin-description=\"10 distritos de Praga: gu\u00eda de alojamiento durante el viaje in 2022\" data-pin-url=\"https:\/\/praguetouristinformation.com\/es\/plan\/distritos?tve=true&amp;tcbf=3c0ae20cee\" data-pinpro-key=\"g9hwwmm64\"><\/span><\/p>\n<p>Las principales atracciones de Praha 7 son el Zool\u00f3gico de Praga y el <a data-id=\"785\" data-type=\"page\" href=\"https:\/\/praguetouristinformation.com\/es\/cosas-que-hacer\/museos\/tecnico\" style=\"outline: none;\">Museo T\u00e9cnico Nacional<\/a> . El distrito, que impresiona con mucha naturaleza y encantadores pubs y restaurantes, es particularmente popular entre los estudiantes.<\/p>\n<p>Con sus dos <a data-id=\"727\" data-type=\"page\" href=\"https:\/\/praguetouristinformation.com\/es\/cosas-que-hacer\/parques\" style=\"outline: none;\">parques de la ciudad<\/a> , Letna y Stromovka, es un \u00e1rea de recreaci\u00f3n popular. El distrito de Hole\u0161ovice merece una menci\u00f3n especial, apodado el pr\u00f3ximo distrito de moda de Praga y que atrae a m\u00e1s y m\u00e1s visitantes con sus boutiques, galer\u00edas de arte y caf\u00e9s.<\/p>\n<h2 id=\"t-1670571338595\">Distrito 8 (Praga 8)<\/h2>\n<p><span><img decoding=\"async\" alt=\"Distrito 8 (Praga 8)\" data-id=\"2342\" width=\"702\" data-init-width=\"1000\" height=\"468\" data-init-height=\"667\" title=\"Distrito 8 (Praga 8)\" loading=\"lazy\" src=\"https:\/\/praguetouristinformation.com\/es\/wp-content\/uploads\/2020\/12\/Bezirk-8-Praha-8.jpg\" data-width=\"702\" data-height=\"468\" data-pin-media=\"https:\/\/praguetouristinformation.com\/es\/wp-content\/uploads\/2021\/02\/59.jpg\" data-pin-description=\"10 distritos de Praga: gu\u00eda de alojamiento durante el viaje in 2022\" data-pin-url=\"https:\/\/praguetouristinformation.com\/es\/plan\/distritos?tve=true&amp;tcbf=3c0ae20cee\" data-pinpro-key=\"01wtu4rwa\"><\/span><\/p>\n<p>Este distrito del norte de Praga est\u00e1 cambiando. Considerado durante mucho tiempo uno de los distritos m\u00e1s pobres de Praga, Praha 8 ahora est\u00e1 en alza. Esto se aplica sobre todo al distrito de Karlin, donde se est\u00e1n construyendo muchos edificios de oficinas nuevos.<\/p>\n<p>La parte norte del distrito est\u00e1 muy lejos de Praga y no tiene buenas <a data-id=\"775\" data-type=\"page\" href=\"https:\/\/praguetouristinformation.com\/es\/plan\/transporte-publico\" style=\"outline: none;\">conexiones de transporte<\/a> con el centro de la ciudad. &nbsp;<\/p>\n<h2 id=\"t-1670571338596\">Distrito 9 (Praha 9)<\/h2>\n<p><span><img decoding=\"async\" alt=\"Distrito 9 (Praha 9)\" data-id=\"2343\" width=\"702\" data-init-width=\"1000\" height=\"468\" data-init-height=\"667\" title=\"Distrito 9 (Praha 9)\" loading=\"lazy\" src=\"https:\/\/praguetouristinformation.com\/es\/wp-content\/uploads\/2020\/12\/Bezirk-9-Praha-9.jpg\" data-width=\"702\" data-height=\"468\" data-pin-media=\"https:\/\/praguetouristinformation.com\/es\/wp-content\/uploads\/2021\/02\/59.jpg\" data-pin-description=\"10 distritos de Praga: gu\u00eda de alojamiento durante el viaje in 2022\" data-pin-url=\"https:\/\/praguetouristinformation.com\/es\/plan\/distritos?tve=true&amp;tcbf=3c0ae20cee\" data-pinpro-key=\"4mw87xr8h\"><\/span><\/p>\n<p>Praha 9 se encuentra en el noreste de Praga y se considera muy remota. Se compone principalmente de \u00e1reas residenciales, as\u00ed como \u00e1reas comerciales e industriales.<\/p>\n<p>El distrito de Cerny Most gan\u00f3 importancia con la apertura de un gran centro comercial y la ampliaci\u00f3n de la l\u00ednea B del metro. El distrito es generalmente menos accesible y bastante poco atractivo para los turistas.<\/p>\n<h2 id=\"t-1670571338597\">Distrito 10 (Praha 10)<\/h2>\n<p><span><img decoding=\"async\" alt=\"Distrito 10 (Praha 10)\" data-id=\"2344\" width=\"702\" data-init-width=\"1000\" height=\"468\" data-init-height=\"667\" title=\"Distrito 10 (Praha 10)\" loading=\"lazy\" src=\"https:\/\/praguetouristinformation.com\/es\/wp-content\/uploads\/2020\/12\/Bezirk-10-Praha-10.jpg\" data-width=\"702\" data-height=\"468\" data-pin-media=\"https:\/\/praguetouristinformation.com\/es\/wp-content\/uploads\/2021\/02\/59.jpg\" data-pin-description=\"10 distritos de Praga: gu\u00eda de alojamiento durante el viaje in 2022\" data-pin-url=\"https:\/\/praguetouristinformation.com\/es\/plan\/distritos?tve=true&amp;tcbf=3c0ae20cee\" data-pinpro-key=\"7swftigde\"><\/span><\/p>\n<p>El distrito 10 incluye el distrito de Vr\u0161ovice, que es similar al distrito vecino de Vinohrady. Praha 10 se caracteriza por zonas residenciales, as\u00ed como aut\u00e9nticas tiendas, restaurantes y pubs checos.<\/p>\n<p>Las \u00e1reas de Praga 10 m\u00e1s cercanas al centro son m\u00e1s accesibles y atractivas que las partes del distrito que est\u00e1n m\u00e1s alejadas.<\/p>\n<p style=\"text-align: center;\"><a href=\"https:\/\/www.google.com\/maps\/d\/u\/1\/viewer?hl=en&amp;mid=1vFh2WkuaMcZCB_Ge2myH83Cawnp_tlil&amp;ll=50.08049776303079%2C14.440174500000005&amp;z=13\" target=\"_blank\" rel=\"noopener\">(enlace al mapa)<\/a><\/p>\n","protected":false},"excerpt":{"rendered":"<p>Praga est\u00e1 dividida en 10 distritos. El distrito 1 es el centro de la ciudad y, por lo tanto, el distrito m\u00e1s importante de Praga. Los mejores distritos para vivir en un viaje por la ciudad son los distritos 1 y 2. Aqu\u00ed describimos los diez distritos de Praga en detalle: Distrito 1 (Praha 1) [&hellip;]<\/p>\n","protected":false},"author":6,"featured_media":2333,"parent":767,"menu_order":0,"comment_status":"open","ping_status":"closed","template":"","meta":{"footnotes":""},"categories":[],"tags":[27,32],"class_list":["post-1100","page","type-page","status-publish","has-post-thumbnail","hentry","tag-hotel","tag-planung","post-wrapper","thrv_wrapper"],"_links":{"self":[{"href":"https:\/\/praguetouristinformation.com\/es\/wp-json\/wp\/v2\/pages\/1100","targetHints":{"allow":["GET"]}}],"collection":[{"href":"https:\/\/praguetouristinformation.com\/es\/wp-json\/wp\/v2\/pages"}],"about":[{"href":"https:\/\/praguetouristinformation.com\/es\/wp-json\/wp\/v2\/types\/page"}],"author":[{"embeddable":true,"href":"https:\/\/praguetouristinformation.com\/es\/wp-json\/wp\/v2\/users\/6"}],"replies":[{"embeddable":true,"href":"https:\/\/praguetouristinformation.com\/es\/wp-json\/wp\/v2\/comments?post=1100"}],"version-history":[{"count":9,"href":"https:\/\/praguetouristinformation.com\/es\/wp-json\/wp\/v2\/pages\/1100\/revisions"}],"predecessor-version":[{"id":4833,"href":"https:\/\/praguetouristinformation.com\/es\/wp-json\/wp\/v2\/pages\/1100\/revisions\/4833"}],"up":[{"embeddable":true,"href":"https:\/\/praguetouristinformation.com\/es\/wp-json\/wp\/v2\/pages\/767"}],"wp:featuredmedia":[{"embeddable":true,"href":"https:\/\/praguetouristinformation.com\/es\/wp-json\/wp\/v2\/media\/2333"}],"wp:attachment":[{"href":"https:\/\/praguetouristinformation.com\/es\/wp-json\/wp\/v2\/media?parent=1100"}],"wp:term":[{"taxonomy":"category","embeddable":true,"href":"https:\/\/praguetouristinformation.com\/es\/wp-json\/wp\/v2\/categories?post=1100"},{"taxonomy":"post_tag","embeddable":true,"href":"https:\/\/praguetouristinformation.com\/es\/wp-json\/wp\/v2\/tags?post=1100"}],"curies":[{"name":"wp","href":"https:\/\/api.w.org\/{rel}","templated":true}]}}